{"id":1316,"date":"2025-12-04T13:37:19","date_gmt":"2025-12-04T13:37:19","guid":{"rendered":"https:\/\/szjialu.com\/?post_type=product&#038;p=1316"},"modified":"2025-12-04T13:37:21","modified_gmt":"2025-12-04T13:37:21","slug":"30-w-pd-ladegerat-tr7930cus","status":"publish","type":"product","link":"https:\/\/szjialu.com\/de\/product\/30w-pd-charger-tr7930cus\/","title":{"rendered":"30W PD-Ladeger\u00e4t TR7930CUS"},"content":{"rendered":"<h2 data-start=\"920\" data-end=\"941\">Produkt\u00fcbersicht<\/h2>\n<p data-start=\"943\" data-end=\"1615\">Der <strong data-start=\"947\" data-end=\"983\">30-W-PD-Ladeger\u00e4t (Modell TR7930CUS)<\/strong> Dieses vielseitige, effiziente und kompakte USB-C-Ladeger\u00e4t erf\u00fcllt die Ladeanforderungen einer breiten Palette moderner Ger\u00e4te \u2013 von Laptops und Notebooks bis hin zu Tablets und Smartphones. Es unterst\u00fctzt den globalen Eingangsspannungsbereich (100\u2013240 V) und verschiedene Ausgangsprofile, darunter PD und PPS, und liefert bis zu 30 W stabile Leistung in einem leichten, handlichen Geh\u00e4use (ca. 51 g). Dank umfassender Schutzfunktionen und internationaler Zertifizierungen ist es die ideale Wahl f\u00fcr Endverbraucher und OEM\/ODM-Kunden, die zuverl\u00e4ssige Ladeger\u00e4te f\u00fcr globale M\u00e4rkte suchen.<\/p>\n<h2 data-start=\"1622\" data-end=\"1641\">Spezifikationen<\/h2>\n<ul data-start=\"1643\" data-end=\"2494\">\n<li data-start=\"1643\" data-end=\"1674\">\n<p data-start=\"1645\" data-end=\"1674\"><strong data-start=\"1645\" data-end=\"1662\">Modellnummer:<\/strong> TR7930CUS<\/p>\n<\/li>\n<li data-start=\"1675\" data-end=\"1716\">\n<p data-start=\"1677\" data-end=\"1716\"><strong data-start=\"1677\" data-end=\"1697\">Herkunftsort:<\/strong> China (Festland)<\/p>\n<\/li>\n<li data-start=\"1717\" data-end=\"1761\">\n<p data-start=\"1719\" data-end=\"1761\"><strong data-start=\"1719\" data-end=\"1729\">Eingang:<\/strong> 100\u2013240 V Wechselstrom, 50\/60 Hz, 0,8 A<\/p>\n<\/li>\n<li data-start=\"1762\" data-end=\"1912\">\n<p data-start=\"1764\" data-end=\"1788\"><strong data-start=\"1764\" data-end=\"1786\">Ausgang (PD \/ PPS):<\/strong><\/p>\n<ul data-start=\"1791\" data-end=\"1912\">\n<li data-start=\"1791\" data-end=\"1804\">\n<p data-start=\"1793\" data-end=\"1804\">5 V \/ 3 A<\/p>\n<\/li>\n<li data-start=\"1807\" data-end=\"1820\">\n<p data-start=\"1809\" data-end=\"1820\">9 V \/ 3 A<\/p>\n<\/li>\n<li data-start=\"1823\" data-end=\"1839\">\n<p data-start=\"1825\" data-end=\"1839\">12 V \/ 2,5 A<\/p>\n<\/li>\n<li data-start=\"1842\" data-end=\"1856\">\n<p data-start=\"1844\" data-end=\"1856\">15 V \/ 2 A<\/p>\n<\/li>\n<li data-start=\"1859\" data-end=\"1882\">\n<p data-start=\"1861\" data-end=\"1882\">20 V \/ 1,5 A (30 W)<\/p>\n<\/li>\n<li data-start=\"1885\" data-end=\"1912\">\n<p data-start=\"1887\" data-end=\"1912\">PPS: 3,3\u201311,0 V \/ 2,7 A<\/p>\n<\/li>\n<\/ul>\n<\/li>\n<li data-start=\"1913\" data-end=\"1990\">\n<p data-start=\"1915\" data-end=\"1990\"><strong data-start=\"1915\" data-end=\"1941\">Steckdosen-\/Steckeroptionen:<\/strong> USA, EU, Gro\u00dfbritannien, Japan, Korea (je nach Region)<\/p>\n<\/li>\n<li data-start=\"1991\" data-end=\"2029\">\n<p data-start=\"1993\" data-end=\"2029\"><strong data-start=\"1993\" data-end=\"2014\">Verf\u00fcgbare Farben:<\/strong> Schwarz, Wei\u00df<\/p>\n<\/li>\n<li data-start=\"2030\" data-end=\"2077\">\n<p data-start=\"2032\" data-end=\"2077\"><strong data-start=\"2032\" data-end=\"2045\">Material:<\/strong> PC (Polycarbonat oder \u00e4hnliches)<\/p>\n<\/li>\n<li data-start=\"2078\" data-end=\"2106\">\n<p data-start=\"2080\" data-end=\"2106\"><strong data-start=\"2080\" data-end=\"2091\">Gewicht:<\/strong> Ca. 51 g<\/p>\n<\/li>\n<li data-start=\"2107\" data-end=\"2138\">\n<p data-start=\"2109\" data-end=\"2138\"><strong data-start=\"2109\" data-end=\"2121\">Verpackung:<\/strong> Einzelhandelsverpackung<\/p>\n<\/li>\n<li data-start=\"2139\" data-end=\"2285\">\n<p data-start=\"2141\" data-end=\"2285\"><strong data-start=\"2141\" data-end=\"2165\">Schutzfunktionen:<\/strong> Kurzschlussschutz, \u00dcberspannungsschutz, \u00dcberstromschutz, \u00dcberlastschutz, R\u00fcckflussschutz<\/p>\n<\/li>\n<li data-start=\"2286\" data-end=\"2314\">\n<p data-start=\"2288\" data-end=\"2314\"><strong data-start=\"2288\" data-end=\"2309\">Effizienzniveau:<\/strong> VI<\/p>\n<\/li>\n<li data-start=\"2315\" data-end=\"2379\">\n<p data-start=\"2317\" data-end=\"2379\"><strong data-start=\"2317\" data-end=\"2336\">Zertifizierungen:<\/strong> ETL, CE, FCC, UKCA, PSE, KC, RoHS, REACH<\/p>\n<\/li>\n<li data-start=\"2380\" data-end=\"2425\">\n<p data-start=\"2382\" data-end=\"2425\"><strong data-start=\"2382\" data-end=\"2408\">Betriebstemperatur:<\/strong> \u201320 \u00b0C ~ 55 \u00b0C<\/p>\n<\/li>\n<li data-start=\"2426\" data-end=\"2469\">\n<p data-start=\"2428\" data-end=\"2469\"><strong data-start=\"2428\" data-end=\"2452\">Lagertemperatur:<\/strong> \u201340 \u00b0C ~ 70 \u00b0C<\/p>\n<\/li>\n<li data-start=\"2470\" data-end=\"2494\">\n<p data-start=\"2472\" data-end=\"2494\"><strong data-start=\"2472\" data-end=\"2485\">Garantie:<\/strong> 1 Jahr<\/p>\n<\/li>\n<\/ul>\n<h2 data-start=\"2501\" data-end=\"2520\">Verkaufsargumente<\/h2>\n<ul data-start=\"2522\" data-end=\"3655\">\n<li data-start=\"2522\" data-end=\"2674\">\n<p data-start=\"2524\" data-end=\"2674\"><strong data-start=\"2524\" data-end=\"2547\">Breite Kompatibilit\u00e4t:<\/strong> Funktioniert mit Laptops, Notebooks, Tablets, Smartphones und anderen USB-C \/ PD-f\u00e4higen Ger\u00e4ten \u2013 ein Ladeger\u00e4t f\u00fcr mehrere Ger\u00e4te.<\/p>\n<\/li>\n<li data-start=\"2675\" data-end=\"2837\">\n<p data-start=\"2677\" data-end=\"2837\"><strong data-start=\"2677\" data-end=\"2703\">Weltweit einsetzbares Laden:<\/strong> Der Eingang unterst\u00fctzt 100\u2013240 V Wechselstrom; Stecker-\/Buchsenoptionen f\u00fcr die USA, die EU, Gro\u00dfbritannien, Japan und Korea machen es f\u00fcr weltweite Reisen und Eins\u00e4tze geeignet.<\/p>\n<\/li>\n<li data-start=\"2838\" data-end=\"3018\">\n<p data-start=\"2840\" data-end=\"3018\"><strong data-start=\"2840\" data-end=\"2874\">Flexible Ausgabe und PPS-Unterst\u00fctzung:<\/strong> Mehrere PD-Ausgangsprofile plus PPS (Programmierbares Netzteil) gew\u00e4hrleisten, dass die Ger\u00e4te die optimale Spannung\/den optimalen Strom f\u00fcr ein schnelles und effizientes Laden erhalten.<\/p>\n<\/li>\n<li data-start=\"3019\" data-end=\"3145\">\n<p data-start=\"3021\" data-end=\"3145\"><strong data-start=\"3021\" data-end=\"3047\">Kompakt und leicht:<\/strong> Mit einem Gewicht von nur 51 g ist das Ladeger\u00e4t leicht zu transportieren \u2013 ideal f\u00fcr Reisen, mobiles Arbeiten oder minimalistische Setups.<\/p>\n<\/li>\n<li data-start=\"3146\" data-end=\"3457\">\n<p data-start=\"3148\" data-end=\"3457\"><strong data-start=\"3148\" data-end=\"3196\">Umfassender Schutz und Sicherheitszertifizierung:<\/strong> Ausgestattet mit Schutzmechanismen gegen Kurzschl\u00fcsse, \u00dcberlastungen, Spannungs-\/Stromspitzen und R\u00fcckfluss; zertifiziert nach globalen Sicherheits- und Regulierungsstandards (ETL, CE, FCC, UKCA, PSE, KC, RoHS, REACH), was den Anwendern Sicherheit und den Wiederverk\u00e4ufern die Einhaltung der Vorschriften gew\u00e4hrleistet.<\/p>\n<\/li>\n<li data-start=\"3458\" data-end=\"3655\">\n<p data-start=\"3460\" data-end=\"3655\"><strong data-start=\"3460\" data-end=\"3488\">OEM\/ODM-freundliches Design:<\/strong> Dank seines universellen Designs, der vielf\u00e4ltigen Steckeroptionen und der Konformit\u00e4tszertifizierungen eignet sich dieses Ladeger\u00e4t hervorragend f\u00fcr Private Labeling, individuelles Branding und die Lieferung in gro\u00dfen Mengen.<\/p>\n<\/li>\n<\/ul>\n<h2 data-start=\"3662\" data-end=\"3679\"><img fetchpriority=\"high\" decoding=\"async\" class=\"alignnone  wp-image-1317\" src=\"https:\/\/szjialu.com\/wp-content\/uploads\/2025\/12\/\u4e3b\u56fe-0-1-300x300.jpg\" alt=\"30-W-PD-Ladeger\u00e4t\" width=\"826\" height=\"826\" srcset=\"https:\/\/szjialu.com\/wp-content\/uploads\/2025\/12\/\u4e3b\u56fe-0-1-300x300.jpg 300w, https:\/\/szjialu.com\/wp-content\/uploads\/2025\/12\/\u4e3b\u56fe-0-1-150x150.jpg 150w, https:\/\/szjialu.com\/wp-content\/uploads\/2025\/12\/\u4e3b\u56fe-0-1-768x768.jpg 768w, https:\/\/szjialu.com\/wp-content\/uploads\/2025\/12\/\u4e3b\u56fe-0-1-600x600.jpg 600w, https:\/\/szjialu.com\/wp-content\/uploads\/2025\/12\/\u4e3b\u56fe-0-1-100x100.jpg 100w, https:\/\/szjialu.com\/wp-content\/uploads\/2025\/12\/\u4e3b\u56fe-0-1-64x64.jpg 64w, https:\/\/szjialu.com\/wp-content\/uploads\/2025\/12\/\u4e3b\u56fe-0-1.jpg 800w\" sizes=\"(max-width: 826px) 100vw, 826px\" \/><\/h2>\n<h2 data-start=\"3662\" data-end=\"3679\">Anwendungen<\/h2>\n<ul data-start=\"3681\" data-end=\"4220\">\n<li data-start=\"3681\" data-end=\"3750\">\n<p data-start=\"3683\" data-end=\"3750\">Laden von Laptops und Notebooks mit USB-C PD-Unterst\u00fctzung (bis zu 30 W)<\/p>\n<\/li>\n<li data-start=\"3751\" data-end=\"3781\">\n<p data-start=\"3753\" data-end=\"3781\">Aufladen von Tablets und iPads<\/p>\n<\/li>\n<li data-start=\"3782\" data-end=\"3835\">\n<p data-start=\"3784\" data-end=\"3835\">Schnellladef\u00e4hige Smartphones und andere USB-C-Ger\u00e4te<\/p>\n<\/li>\n<li data-start=\"3836\" data-end=\"3953\">\n<p data-start=\"3838\" data-end=\"3953\">Reiseladeger\u00e4t: Dank universeller Eingangsspannung und verschiedener Steckeroptionen eignet es sich hervorragend f\u00fcr Gesch\u00e4ftsreisen, Urlaube und die Arbeit im Homeoffice.<\/p>\n<\/li>\n<li data-start=\"3954\" data-end=\"4100\">\n<p data-start=\"3956\" data-end=\"4100\">OEM-\/ODM-Lieferung: Geeignet f\u00fcr Marken und Wiederverk\u00e4ufer, die zuverl\u00e4ssige Netzteile suchen, um sie mit Ger\u00e4ten zu b\u00fcndeln oder unter ihrer eigenen Marke zu vertreiben.<\/p>\n<\/li>\n<li data-start=\"4101\" data-end=\"4220\">\n<p data-start=\"4103\" data-end=\"4220\">F\u00fcr den t\u00e4glichen Gebrauch zu Hause, im B\u00fcro, in Coworking-Spaces, Caf\u00e9s \u2013 f\u00fcr Anwender, die ein kompaktes, zuverl\u00e4ssiges Ladeger\u00e4t f\u00fcr mehrere Ger\u00e4te ben\u00f6tigen.<\/p>\n<\/li>\n<\/ul>\n<h2 data-start=\"4227\" data-end=\"4287\">Warum Sie sich f\u00fcr dieses Ladeger\u00e4t entscheiden sollten \u2013 Vorteile des Herstellers<\/h2>\n<p data-start=\"4289\" data-end=\"4624\">Dieses 30-W-PD-Ladeger\u00e4t wird hergestellt von <strong data-start=\"4324\" data-end=\"4371\">Shenzhen Jialu Technology Co., Ltd. (Jialu)<\/strong>, ein in Shenzhen ans\u00e4ssiger Hersteller, der eine breite Palette von Stromversorgungsprodukten entwirft, herstellt und exportiert \u2013 darunter Netzadapter, USB\/PD-Ladeger\u00e4te, GaN-Ladeger\u00e4te, Powerbanks und kundenspezifische Stromversorgungsl\u00f6sungen.<\/p>\n<p data-start=\"4626\" data-end=\"5055\"><strong data-start=\"4626\" data-end=\"4706\">Ein wesentlicher Vorteil von Jialu sind die strengen Qualit\u00e4ts- und Compliance-Standards.<\/strong> Das Unternehmen verf\u00fcgt \u00fcber internationale Zertifizierungen, darunter <strong data-start=\"4764\" data-end=\"4776\">ISO 9001<\/strong> (Qualit\u00e4tsmanagement), <strong data-start=\"4799\" data-end=\"4812\">ISO 14001<\/strong> (Umweltmanagement) und <strong data-start=\"4844\" data-end=\"4852\">BSCI<\/strong> (Business Social Compliance), womit das Unternehmen sein Engagement f\u00fcr einheitliche Fertigungspraktiken, Umweltverantwortung und sozialvertr\u00e4gliche Gesch\u00e4ftst\u00e4tigkeit unter Beweis stellt.<\/p>\n<p data-start=\"5057\" data-end=\"5295\">Dieser disziplinierte Ansatz erm\u00f6glicht es Jialu, zuverl\u00e4ssige, sichere und qualitativ hochwertige Produkte zu liefern, die f\u00fcr globale M\u00e4rkte geeignet sind \u2013 und gibt Partnern (OEM\/ODM-Kunden, Wiederverk\u00e4ufern) Vertrauen in die Produktsicherheit und die Integrit\u00e4t der Lieferkette.<\/p>\n<h2 data-start=\"5302\" data-end=\"5339\">H\u00e4ufig gestellte Fragen (FAQ)<\/h2>\n<p data-start=\"5341\" data-end=\"5593\"><strong data-start=\"5341\" data-end=\"5391\">Frage 1: Mit welchen Ger\u00e4ten kann ich dieses Ladeger\u00e4t verwenden?<\/strong><br data-start=\"5391\" data-end=\"5394\" \/>A: Dieses 30-W-PD-Ladeger\u00e4t ist vielseitig einsetzbar \u2013 es kann Laptops und Notebooks (mit USB-C- und PD-Unterst\u00fctzung bis zu 30 W), Tablets, Smartphones und alle anderen Ger\u00e4te aufladen, die mit USB-C PD \/ PPS-Profilen kompatibel sind.<\/p>\n<p data-start=\"5595\" data-end=\"5856\"><strong data-start=\"5595\" data-end=\"5637\">Frage 2: Funktioniert es auch im Ausland?<\/strong><br data-start=\"5637\" data-end=\"5640\" \/>A: Ja. Das Ladeger\u00e4t unterst\u00fctzt einen breiten Eingangsspannungsbereich (100\u2013240 V, 50\/60 Hz) und kann je nach Region mit verschiedenen Stecker-\/Buchsenstandards (US, EU, UK, Japan, Korea) geliefert werden, wodurch es sich ideal f\u00fcr Reisen weltweit eignet.<\/p>\n<p data-start=\"5858\" data-end=\"6216\"><strong data-start=\"5858\" data-end=\"5899\">Frage 3: Ist das Ladeger\u00e4t sicher und zuverl\u00e4ssig?<\/strong><br data-start=\"5899\" data-end=\"5902\" \/>A: Absolut. Es verf\u00fcgt \u00fcber integrierte Schutzfunktionen (Kurzschluss-, \u00dcberspannungs-, \u00dcberstrom-, \u00dcberlast- und R\u00fcckflussschutz), ist aus robustem PC-Material gefertigt und besitzt zahlreiche internationale Zertifizierungen (ETL, CE, FCC, UKCA, PSE, KC, RoHS, REACH), wodurch die Einhaltung von Sicherheits- und Umweltstandards gew\u00e4hrleistet ist.<\/p>\n<p data-start=\"6218\" data-end=\"6504\"><strong data-start=\"6218\" data-end=\"6261\">Frage 4: Was ist PPS und warum ist es wichtig?<\/strong><br data-start=\"6261\" data-end=\"6264\" \/>A: PPS (Programmable Power Supply) erm\u00f6glicht es dem Ladeger\u00e4t, Spannung und Stromst\u00e4rke dynamisch an die Bed\u00fcrfnisse des Ger\u00e4ts anzupassen \u2013 was ein effizienteres, sichereres und potenziell schnelleres Laden bedeutet, insbesondere bei Ger\u00e4ten, die PPS unterst\u00fctzen.<\/p>\n<p data-start=\"6506\" data-end=\"6849\"><strong data-start=\"6506\" data-end=\"6584\">F5: Kann ich bei einer Gro\u00dfbestellung eine individuelle Markengestaltung oder eine Eigenmarkenverpackung erhalten?<\/strong><br data-start=\"6584\" data-end=\"6587\" \/>A: Ja. Der Hersteller (Jialu) bietet OEM\/ODM-Dienstleistungen an \u2013 er verf\u00fcgt \u00fcber Erfahrung mit kundenspezifischen Stromversorgungsprojekten und erm\u00f6glicht es Kunden, Ladeger\u00e4te mit individuellen Spezifikationen, Branding, Verpackung und Steckerkonfigurationen zu bestellen.<\/p>\n<p data-start=\"6851\" data-end=\"7014\"><strong data-start=\"6851\" data-end=\"6880\">Frage 6: Wie sieht die Garantie aus?<\/strong><br data-start=\"6880\" data-end=\"6883\" \/>A: F\u00fcr das Ladeger\u00e4t gilt eine einj\u00e4hrige Herstellergarantie, die Material- und Verarbeitungsfehler bei normalem Gebrauch abdeckt.<\/p>\n<p data-start=\"7016\" data-end=\"7221\"><strong data-start=\"7016\" data-end=\"7066\">Frage 7: Welche Betriebsbedingungen werden empfohlen?<\/strong><br data-start=\"7066\" data-end=\"7069\" \/>A: Das Ladeger\u00e4t ist f\u00fcr den Betrieb bei Umgebungstemperaturen zwischen \u201320 \u00b0C und 55 \u00b0C ausgelegt; f\u00fcr die Lagerung wird ein Temperaturbereich von \u201340 \u00b0C bis 70 \u00b0C empfohlen.<\/p>","protected":false},"excerpt":{"rendered":"<p data-start=\"1645\" data-end=\"1674\"><strong data-start=\"1645\" data-end=\"1662\">Modellnummer:<\/strong> TR7930CUS<\/p>\n<p data-start=\"1677\" data-end=\"1716\"><strong data-start=\"1677\" data-end=\"1697\">Herkunftsort:<\/strong> China (Festland)<\/p>\n<p data-start=\"1719\" data-end=\"1761\"><strong data-start=\"1719\" data-end=\"1729\">Eingang:<\/strong> 100\u2013240 V Wechselstrom, 50\/60 Hz, 0,8 A<\/p>\n<p data-start=\"1764\" data-end=\"1788\"><strong data-start=\"1764\" data-end=\"1786\">Ausgang (PD \/ PPS): <\/strong>5 V \/ 3 A 9 V \/ 3 A 12 V \/ 2,5 A 15 V \/ 2 A 20 V \/ 1,5 A (30 W)<\/p>\n<p data-start=\"1887\" data-end=\"1912\">PPS: 3,3\u201311,0 V \/ 2,7 A<\/p>\n<p data-start=\"1915\" data-end=\"1990\"><strong data-start=\"1915\" data-end=\"1941\">Steckdosen-\/Steckeroptionen:<\/strong> USA, EU, Gro\u00dfbritannien, Japan, Korea (je nach Region)<\/p>\n<p data-start=\"1993\" data-end=\"2029\"><strong data-start=\"1993\" data-end=\"2014\">Verf\u00fcgbare Farben:<\/strong> Schwarz, Wei\u00df<\/p>\n<p data-start=\"2032\" data-end=\"2077\"><strong data-start=\"2032\" data-end=\"2045\">Material:<\/strong> PC (Polycarbonat oder \u00e4hnliches)<\/p>\n<p data-start=\"2080\" data-end=\"2106\"><strong data-start=\"2080\" data-end=\"2091\">Gewicht:<\/strong> Ca. 51 g<\/p>\n<p data-start=\"2109\" data-end=\"2138\"><strong data-start=\"2109\" data-end=\"2121\">Verpackung:<\/strong> Einzelhandelsverpackung<\/p>\n<p data-start=\"2141\" data-end=\"2285\"><strong data-start=\"2141\" data-end=\"2165\">Schutzfunktionen:<\/strong> Kurzschlussschutz, \u00dcberspannungsschutz, \u00dcberstromschutz, \u00dcberlastschutz, R\u00fcckflussschutz<\/p>\n<p data-start=\"2288\" data-end=\"2314\"><strong data-start=\"2288\" data-end=\"2309\">Effizienzniveau:<\/strong> VI<\/p>\n<p data-start=\"2317\" data-end=\"2379\"><strong data-start=\"2317\" data-end=\"2336\">Zertifizierungen:<\/strong> ETL, CE, FCC, UKCA, PSE, KC, RoHS, REACH<\/p>","protected":false},"featured_media":1317,"comment_status":"closed","ping_status":"closed","template":"","meta":{"_acf_changed":false,"site-sidebar-layout":"default","site-content-layout":"","ast-site-content-layout":"default","site-content-style":"default","site-sidebar-style":"default","ast-global-header-display":"","ast-banner-title-visibility":"","ast-main-header-display":"","ast-hfb-above-header-display":"","ast-hfb-below-header-display":"","ast-hfb-mobile-header-display":"","site-post-title":"","ast-breadcrumbs-content":"","ast-featured-img":"","footer-sml-layout":"","ast-disable-related-posts":"","theme-transparent-header-meta":"default","adv-header-id-meta":"","stick-header-meta":"","header-above-stick-meta":"","header-main-stick-meta":"","header-below-stick-meta":"","astra-migrate-meta-layouts":"set","ast-page-background-enabled":"default","ast-page-background-meta":{"desktop":{"background-color":"var(--ast-global-color-5)","background-image":"","background-repeat":"repeat","background-position":"center center","background-size":"auto","background-attachment":"scroll","background-type":"","background-media":"","overlay-type":"","overlay-color":"","overlay-opacity":"","overlay-gradient":""},"tablet":{"background-color":"","background-image":"","background-repeat":"repeat","background-position":"center center","background-size":"auto","background-attachment":"scroll","background-type":"","background-media":"","overlay-type":"","overlay-color":"","overlay-opacity":"","overlay-gradient":""},"mobile":{"background-color":"","background-image":"","background-repeat":"repeat","background-position":"center center","background-size":"auto","background-attachment":"scroll","background-type":"","background-media":"","overlay-type":"","overlay-color":"","overlay-opacity":"","overlay-gradient":""}},"ast-content-background-meta":{"desktop":{"background-color":"var(--ast-global-color-4)","background-image":"","background-repeat":"repeat","background-position":"center center","background-size":"auto","background-attachment":"scroll","background-type":"","background-media":"","overlay-type":"","overlay-color":"","overlay-opacity":"","overlay-gradient":""},"tablet":{"background-color":"var(--ast-global-color-4)","background-image":"","background-repeat":"repeat","background-position":"center center","background-size":"auto","background-attachment":"scroll","background-type":"","background-media":"","overlay-type":"","overlay-color":"","overlay-opacity":"","overlay-gradient":""},"mobile":{"background-color":"var(--ast-global-color-4)","background-image":"","background-repeat":"repeat","background-position":"center center","background-size":"auto","background-attachment":"scroll","background-type":"","background-media":"","overlay-type":"","overlay-color":"","overlay-opacity":"","overlay-gradient":""}}},"product_brand":[],"product_cat":[30,46],"product_tag":[122,155,154,148,150],"class_list":{"0":"post-1316","1":"product","2":"type-product","3":"status-publish","4":"has-post-thumbnail","6":"product_cat-gan-charger","7":"product_cat-30w","8":"product_tag-30w-pd-charger","9":"product_tag-compact-pd-charger","10":"product_tag-power-delivery-charger","11":"product_tag-universal-travel-charger","12":"product_tag-usb-c-charger","13":"desktop-align-left","14":"tablet-align-left","15":"mobile-align-left","17":"first","18":"instock","19":"shipping-taxable","20":"product-type-simple"},"acf":[],"_links":{"self":[{"href":"https:\/\/szjialu.com\/de\/wp-json\/wp\/v2\/product\/1316","targetHints":{"allow":["GET"]}}],"collection":[{"href":"https:\/\/szjialu.com\/de\/wp-json\/wp\/v2\/product"}],"about":[{"href":"https:\/\/szjialu.com\/de\/wp-json\/wp\/v2\/types\/product"}],"replies":[{"embeddable":true,"href":"https:\/\/szjialu.com\/de\/wp-json\/wp\/v2\/comments?post=1316"}],"wp:featuredmedia":[{"embeddable":true,"href":"https:\/\/szjialu.com\/de\/wp-json\/wp\/v2\/media\/1317"}],"wp:attachment":[{"href":"https:\/\/szjialu.com\/de\/wp-json\/wp\/v2\/media?parent=1316"}],"wp:term":[{"taxonomy":"product_brand","embeddable":true,"href":"https:\/\/szjialu.com\/de\/wp-json\/wp\/v2\/product_brand?post=1316"},{"taxonomy":"product_cat","embeddable":true,"href":"https:\/\/szjialu.com\/de\/wp-json\/wp\/v2\/product_cat?post=1316"},{"taxonomy":"product_tag","embeddable":true,"href":"https:\/\/szjialu.com\/de\/wp-json\/wp\/v2\/product_tag?post=1316"}],"curies":[{"name":"wp","href":"https:\/\/api.w.org\/{rel}","templated":true}]}}