{"id":1313,"date":"2025-12-04T13:17:58","date_gmt":"2025-12-04T13:17:58","guid":{"rendered":"https:\/\/szjialu.com\/?post_type=product&#038;p=1313"},"modified":"2025-12-04T13:18:00","modified_gmt":"2025-12-04T13:18:00","slug":"30w-pd-ladegerat-tr7930ckr","status":"publish","type":"product","link":"https:\/\/szjialu.com\/de\/product\/30w-pd-charger-tr7930ckr\/","title":{"rendered":"30W PD-Ladeger\u00e4t TR7930CKR"},"content":{"rendered":"<h2 data-start=\"811\" data-end=\"830\">Produkt\u00fcbersicht<\/h2>\n<p data-start=\"832\" data-end=\"1356\">Der <strong data-start=\"836\" data-end=\"872\">30W PD-Ladeger\u00e4t (Modell TR7930CKR)<\/strong> Dieser vielseitige und hocheffiziente USB-C-Netzadapter bietet zuverl\u00e4ssiges Laden f\u00fcr eine Vielzahl von Ger\u00e4ten: Laptops, Notebooks, Tablets und Smartphones. Dank Unterst\u00fctzung f\u00fcr weltweite Netzspannungen (100\u2013240 V AC) und seiner kompakten, leichten Bauweise (ca. 51 g) eignet er sich ideal f\u00fcr den t\u00e4glichen Gebrauch und auf Reisen. Er liefert bis zu 30 W Leistung \u00fcber PD- (Power Delivery) und PPS-Profile und erf\u00fcllt internationale Sicherheitsstandards (ETL, CE, FCC, UKCA, PSE, KC, RoHS, REACH).<\/p>\n<h2 data-start=\"1363\" data-end=\"1380\">Spezifikationen<\/h2>\n<div class=\"TyagGW_tableContainer\">\n<div class=\"group TyagGW_tableWrapper flex w-fit flex-col-reverse\" tabindex=\"-1\">\n<table class=\"w-fit min-w-(--thread-content-width)\" data-start=\"1382\" data-end=\"2223\">\n<thead data-start=\"1382\" data-end=\"1408\">\n<tr data-start=\"1382\" data-end=\"1408\">\n<th data-start=\"1382\" data-end=\"1398\" data-col-size=\"sm\">Spezifikation<\/th>\n<th data-start=\"1398\" data-end=\"1408\" data-col-size=\"lg\">Detail<\/th>\n<\/tr>\n<\/thead>\n<tbody data-start=\"1435\" data-end=\"2223\">\n<tr data-start=\"1435\" data-end=\"1467\">\n<td data-start=\"1435\" data-end=\"1454\" data-col-size=\"sm\"><strong data-start=\"1437\" data-end=\"1453\">Modellnummer<\/strong><\/td>\n<td data-col-size=\"lg\" data-start=\"1454\" data-end=\"1467\">TR7930CKR<\/td>\n<\/tr>\n<tr data-start=\"1468\" data-end=\"1510\">\n<td data-start=\"1468\" data-end=\"1490\" data-col-size=\"sm\"><strong data-start=\"1470\" data-end=\"1489\">Herkunftsort<\/strong><\/td>\n<td data-col-size=\"lg\" data-start=\"1490\" data-end=\"1510\">China (Festland)<\/td>\n<\/tr>\n<tr data-start=\"1511\" data-end=\"1553\">\n<td data-start=\"1511\" data-end=\"1523\" data-col-size=\"sm\"><strong data-start=\"1513\" data-end=\"1522\">Eingang<\/strong><\/td>\n<td data-col-size=\"lg\" data-start=\"1523\" data-end=\"1553\">100\u2013240 V, 50\/60 Hz, 0,8 A<\/td>\n<\/tr>\n<tr data-start=\"1554\" data-end=\"1653\">\n<td data-start=\"1554\" data-end=\"1567\" data-col-size=\"sm\"><strong data-start=\"1556\" data-end=\"1566\">Ausgabe<\/strong><\/td>\n<td data-col-size=\"lg\" data-start=\"1567\" data-end=\"1653\">5 V\/3 A, 9 V\/3 A, 12 V\/2,5 A, 15 V\/2 A, 20 V\/1,5 A \u2013 bis zu 30 W<br \/>\nPPS: 3,3\u201311,0 V \/ 2,7 A<\/td>\n<\/tr>\n<tr data-start=\"1654\" data-end=\"1742\">\n<td data-start=\"1654\" data-end=\"1682\" data-col-size=\"sm\"><strong data-start=\"1656\" data-end=\"1681\">Steckdosen-\/Steckeroptionen<\/strong><\/td>\n<td data-col-size=\"lg\" data-start=\"1682\" data-end=\"1742\">Standard USA \/ EU \/ GB \/ Japan \/ Korea (je nach Region)<\/td>\n<\/tr>\n<tr data-start=\"1743\" data-end=\"1782\">\n<td data-start=\"1743\" data-end=\"1766\" data-col-size=\"sm\"><strong data-start=\"1745\" data-end=\"1765\">Verf\u00fcgbare Farben<\/strong><\/td>\n<td data-col-size=\"lg\" data-start=\"1766\" data-end=\"1782\">Schwarz, Wei\u00df<\/td>\n<\/tr>\n<tr data-start=\"1783\" data-end=\"1839\">\n<td data-start=\"1783\" data-end=\"1798\" data-col-size=\"sm\"><strong data-start=\"1785\" data-end=\"1797\">Material<\/strong><\/td>\n<td data-col-size=\"lg\" data-start=\"1798\" data-end=\"1839\">PC (Polycarbonat oder \u00e4hnlicher Kunststoff)<\/td>\n<\/tr>\n<tr data-start=\"1840\" data-end=\"1863\">\n<td data-start=\"1840\" data-end=\"1853\" data-col-size=\"sm\"><strong data-start=\"1842\" data-end=\"1852\">Gewicht<\/strong><\/td>\n<td data-col-size=\"lg\" data-start=\"1853\" data-end=\"1863\">\u2248 51 g<\/td>\n<\/tr>\n<tr data-start=\"1864\" data-end=\"2011\">\n<td data-start=\"1864\" data-end=\"1890\" data-col-size=\"sm\"><strong data-start=\"1866\" data-end=\"1889\">Schutzfunktionen<\/strong><\/td>\n<td data-col-size=\"lg\" data-start=\"1890\" data-end=\"2011\">Kurzschlussschutz, \u00dcberspannungsschutz, \u00dcberstromschutz, \u00dcberlastschutz, R\u00fcckflussschutz<\/td>\n<\/tr>\n<tr data-start=\"2012\" data-end=\"2041\">\n<td data-start=\"2012\" data-end=\"2035\" data-col-size=\"sm\"><strong data-start=\"2014\" data-end=\"2034\">Effizienzniveau<\/strong><\/td>\n<td data-col-size=\"lg\" data-start=\"2035\" data-end=\"2041\">VI<\/td>\n<\/tr>\n<tr data-start=\"2042\" data-end=\"2107\">\n<td data-start=\"2042\" data-end=\"2063\" data-col-size=\"sm\"><strong data-start=\"2044\" data-end=\"2062\">Zertifizierungen<\/strong><\/td>\n<td data-start=\"2063\" data-end=\"2107\" data-col-size=\"lg\">ETL, CE, FCC, UKCA, PSE, KC, RoHS, REACH<\/td>\n<\/tr>\n<tr data-start=\"2108\" data-end=\"2153\">\n<td data-start=\"2108\" data-end=\"2136\" data-col-size=\"sm\"><strong data-start=\"2110\" data-end=\"2135\">Betriebstemperatur<\/strong><\/td>\n<td data-col-size=\"lg\" data-start=\"2136\" data-end=\"2153\">\u201320 \u2103 bis 55 \u2103<\/td>\n<\/tr>\n<tr data-start=\"2154\" data-end=\"2197\">\n<td data-start=\"2154\" data-end=\"2180\" data-col-size=\"sm\"><strong data-start=\"2156\" data-end=\"2179\">Lagertemperatur<\/strong><\/td>\n<td data-col-size=\"lg\" data-start=\"2180\" data-end=\"2197\">\u201340 \u2103 bis 70 \u2103<\/td>\n<\/tr>\n<tr data-start=\"2198\" data-end=\"2223\">\n<td data-start=\"2198\" data-end=\"2213\" data-col-size=\"sm\"><strong data-start=\"2200\" data-end=\"2212\">Garantie<\/strong><\/td>\n<td data-col-size=\"lg\" data-start=\"2213\" data-end=\"2223\">1 Jahr<\/td>\n<\/tr>\n<\/tbody>\n<\/table>\n<\/div>\n<\/div>\n<h2 data-start=\"2230\" data-end=\"2260\">Verkaufsargumente und Vorteile<\/h2>\n<ul data-start=\"2262\" data-end=\"3408\">\n<li data-start=\"2262\" data-end=\"2439\">\n<p data-start=\"2264\" data-end=\"2439\"><strong data-start=\"2264\" data-end=\"2305\">Universelle Kompatibilit\u00e4t und breite Anwendung:<\/strong> Funktioniert mit Laptops, Notebooks, Tablets, Mobiltelefonen und anderen USB-C \/ PD-f\u00e4higen Ger\u00e4ten \u2013 ein einziges Ladeger\u00e4t f\u00fcr mehrere Ger\u00e4te.<\/p>\n<\/li>\n<li data-start=\"2440\" data-end=\"2634\">\n<p data-start=\"2442\" data-end=\"2634\"><strong data-start=\"2442\" data-end=\"2480\">Globale Flexibilit\u00e4t bei Spannung und Stecker:<\/strong> Eingangsspannungsbereich 100\u2013240 V, weltweit kompatibel; erh\u00e4ltlich mit Steckeroptionen f\u00fcr die USA, die EU, Gro\u00dfbritannien, Japan oder Korea, was es besonders praktisch f\u00fcr internationale Reisende macht.<\/p>\n<\/li>\n<li data-start=\"2635\" data-end=\"2857\">\n<p data-start=\"2637\" data-end=\"2857\"><strong data-start=\"2637\" data-end=\"2680\">Mehrere Ausgabeprofile und PPS-Unterst\u00fctzung:<\/strong> Unterst\u00fctzt sowohl traditionelle PD-Profile (5V, 9V, 12V, 15V, 20V) als auch PPS (Programmable Power Supply) f\u00fcr Ger\u00e4te, die eine variable Spannung ben\u00f6tigen \u2013 f\u00fcr ein sichereres und optimiertes Laden.<\/p>\n<\/li>\n<li data-start=\"2858\" data-end=\"2992\">\n<p data-start=\"2860\" data-end=\"2992\"><strong data-start=\"2860\" data-end=\"2883\">Kompakt und tragbar:<\/strong> Mit nur ca. 51 g Gewicht und einer kleinen Bauform eignet sich dieses Ladeger\u00e4t ideal zum Mitnehmen in einer Tasche oder einem Rucksack.<\/p>\n<\/li>\n<li data-start=\"2993\" data-end=\"3270\">\n<p data-start=\"2995\" data-end=\"3270\"><strong data-start=\"2995\" data-end=\"3019\">Sicherheit und Konformit\u00e4t:<\/strong> Ausgestattet mit einem kompletten Schutzpaket (Kurzschluss, \u00dcberspannung, \u00dcberstrom, \u00dcberlast, R\u00fcckfluss) \u2013 sowie globalen Zertifizierungen (ETL, CE, FCC, UKCA, PSE, KC, RoHS, REACH) \u2013 bietet es Herstellern\/Wiederverk\u00e4ufern und Endverbrauchern gleicherma\u00dfen Sicherheit.<\/p>\n<\/li>\n<li data-start=\"3271\" data-end=\"3408\">\n<p data-start=\"3273\" data-end=\"3408\"><strong data-start=\"3273\" data-end=\"3291\">Robuste Bauweise:<\/strong> Hergestellt aus PC-Material und gefertigt unter einem robusten Qualit\u00e4tsmanagementsystem, was eine zuverl\u00e4ssige Leistung \u00fcber die Zeit gew\u00e4hrleistet.<\/p>\n<\/li>\n<\/ul>\n<figure id=\"attachment_1314\" aria-describedby=\"caption-attachment-1314\" style=\"width: 694px\" class=\"wp-caption alignnone\"><img fetchpriority=\"high\" decoding=\"async\" class=\"wp-image-1314\" src=\"https:\/\/szjialu.com\/wp-content\/uploads\/2025\/12\/\u4e3b\u56fe-1-6-300x300.jpg\" alt=\"30-W-PD-Ladeger\u00e4t\" width=\"694\" height=\"694\" srcset=\"https:\/\/szjialu.com\/wp-content\/uploads\/2025\/12\/\u4e3b\u56fe-1-6-300x300.jpg 300w, https:\/\/szjialu.com\/wp-content\/uploads\/2025\/12\/\u4e3b\u56fe-1-6-150x150.jpg 150w, https:\/\/szjialu.com\/wp-content\/uploads\/2025\/12\/\u4e3b\u56fe-1-6-768x768.jpg 768w, https:\/\/szjialu.com\/wp-content\/uploads\/2025\/12\/\u4e3b\u56fe-1-6-600x600.jpg 600w, https:\/\/szjialu.com\/wp-content\/uploads\/2025\/12\/\u4e3b\u56fe-1-6-100x100.jpg 100w, https:\/\/szjialu.com\/wp-content\/uploads\/2025\/12\/\u4e3b\u56fe-1-6-64x64.jpg 64w, https:\/\/szjialu.com\/wp-content\/uploads\/2025\/12\/\u4e3b\u56fe-1-6.jpg 800w\" sizes=\"(max-width: 694px) 100vw, 694px\" \/><figcaption id=\"caption-attachment-1314\" class=\"wp-caption-text\">30-W-PD-Ladeger\u00e4t<\/figcaption><\/figure>\n<h2 data-start=\"3415\" data-end=\"3438\">Typische Anwendungen<\/h2>\n<ul data-start=\"3440\" data-end=\"3921\">\n<li data-start=\"3440\" data-end=\"3512\">\n<p data-start=\"3442\" data-end=\"3512\">Laden von Laptops und Notebooks, die einen USB-C PD-Eingang von bis zu 30 W akzeptieren.<\/p>\n<\/li>\n<li data-start=\"3513\" data-end=\"3552\">\n<p data-start=\"3515\" data-end=\"3552\">Tablets oder iPads unterwegs aufladen<\/p>\n<\/li>\n<li data-start=\"3553\" data-end=\"3625\">\n<p data-start=\"3555\" data-end=\"3625\">Aufladen von Smartphones oder anderen USB-C-Ger\u00e4ten mit Schnellladefunktion<\/p>\n<\/li>\n<li data-start=\"3626\" data-end=\"3744\">\n<p data-start=\"3628\" data-end=\"3744\">Reiseladeger\u00e4t \u2013 kompakt, Universalspannung und verschiedene Steckeroptionen machen es ideal f\u00fcr Gesch\u00e4fts- oder Urlaubsreisen<\/p>\n<\/li>\n<li data-start=\"3745\" data-end=\"3845\">\n<p data-start=\"3747\" data-end=\"3845\">OEM\/ODM-Verpackungen f\u00fcr Marken, die Ladeger\u00e4te, Zubeh\u00f6rsets oder Reise-Sets unter Eigenmarken verkaufen.<\/p>\n<\/li>\n<li data-start=\"3846\" data-end=\"3921\">\n<p data-start=\"3848\" data-end=\"3921\">Ersatzladeger\u00e4t f\u00fcr den t\u00e4glichen Gebrauch zu Hause, im B\u00fcro oder in Coworking-Spaces<\/p>\n<\/li>\n<\/ul>\n<h2 data-start=\"3928\" data-end=\"3999\">Warum Sie sich f\u00fcr uns entscheiden sollten \u2013 Ein Vorteil der Shenzhen Jialu Technology Co., Ltd.<\/h2>\n<p data-start=\"4001\" data-end=\"4296\">Wie auf der Firmenwebsite beschrieben, ist Shenzhen Jialu Technology ein mittelst\u00e4ndisches Unternehmen mit Sitz in Shenzhen, das sich auf die Entwicklung, Herstellung und den Export von Netzadaptern, PD\/USB-Ladeger\u00e4ten, Powerbanks und verwandten Stromversorgungsprodukten spezialisiert hat.<\/p>\n<p data-start=\"4298\" data-end=\"4612\">Einer ihrer Hauptvorteile ist <strong data-start=\"4329\" data-end=\"4398\">robuste Qualit\u00e4t und Compliance, unterst\u00fctzt durch formale Managementsysteme<\/strong> \u2014 Jialu besitzt international anerkannte Zertifizierungen, darunter ISO 9001 (Qualit\u00e4tsmanagement), ISO 14001 (Umweltmanagement) und BSCI (Business Social Compliance).<\/p>\n<p data-start=\"4614\" data-end=\"4882\">Dieses Engagement gew\u00e4hrleistet einheitliche Fertigungspraktiken, die Einhaltung sozialer und \u00f6kologischer Standards sowie eine zuverl\u00e4ssige Produktqualit\u00e4t \u2013 was die Anzahl der Fehler deutlich reduziert und dazu beitr\u00e4gt, hohe Sicherheits- und Leistungsstandards f\u00fcr Produkte wie das TR7930CKR 30W PD-Ladeger\u00e4t aufrechtzuerhalten.<\/p>\n<h2 data-start=\"4889\" data-end=\"4924\">H\u00e4ufig gestellte Fragen (FAQ)<\/h2>\n<p data-start=\"4926\" data-end=\"5128\"><strong data-start=\"4926\" data-end=\"4976\">F: Welche Ger\u00e4te kann dieses 30-W-PD-Ladeger\u00e4t mit Strom versorgen?<\/strong><br data-start=\"4976\" data-end=\"4979\" \/>A: Es kann Laptops, Notebooks, Tablets, Smartphones und andere USB-C- oder PD-f\u00e4hige Ger\u00e4te aufladen \u2013 sofern das Ger\u00e4t eine Eingangsleistung von bis zu 30 W unterst\u00fctzt.<\/p>\n<p data-start=\"5130\" data-end=\"5299\"><strong data-start=\"5130\" data-end=\"5180\">F: Funktioniert es auch international, wenn ich reise?<\/strong><br data-start=\"5180\" data-end=\"5183\" \/>A: Ja \u2013 mit einer Eingangsspannung von 100\u2013240 V und Steckeroptionen f\u00fcr die USA, die EU, Gro\u00dfbritannien, Japan oder Korea unterst\u00fctzt es weltweites Reisen.<\/p>\n<p data-start=\"5301\" data-end=\"5562\"><strong data-start=\"5301\" data-end=\"5335\">F: Ist das Ladeger\u00e4t sicher in der Anwendung?<\/strong><br data-start=\"5335\" data-end=\"5338\" \/>A: Ja \u2013 das Ladeger\u00e4t verf\u00fcgt \u00fcber mehrere Sicherheitsvorkehrungen (Kurzschluss, \u00dcberspannung, \u00dcberstrom, \u00dcberlastung, R\u00fcckfluss) und besitzt globale Sicherheits- und Konformit\u00e4tszertifizierungen (ETL, CE, FCC, UKCA, PSE, KC, RoHS, REACH).<\/p>\n<p data-start=\"5564\" data-end=\"5806\"><strong data-start=\"5564\" data-end=\"5629\">F: Was ist, wenn ich ein individuelles Branding oder eine Eigenmarkenverpackung w\u00fcnsche?<\/strong><br data-start=\"5629\" data-end=\"5632\" \/>A: Der Hersteller bietet OEM\/ODM-Services an. Da das Werk nach zertifizierten Qualit\u00e4ts- und Umweltstandards arbeitet, eignet es sich f\u00fcr Private-Label- oder Sonderanfertigungen.<\/p>\n<p data-start=\"5808\" data-end=\"5885\"><strong data-start=\"5808\" data-end=\"5836\">F: Wie sieht die Garantie aus?<\/strong><br data-start=\"5836\" data-end=\"5839\" \/>A: F\u00fcr das Ladeger\u00e4t gilt eine einj\u00e4hrige Garantie.<\/p>\n<p data-start=\"5887\" data-end=\"6060\"><strong data-start=\"5887\" data-end=\"5944\" data-imt_insert_failed=\"1\">F: Unter welchen Betriebsbedingungen muss das Ladeger\u00e4t funktionieren?<\/strong><br data-start=\"5944\" data-end=\"5947\" \/>A: Es funktioniert sicher bei Umgebungstemperaturen zwischen \u201320 \u2103 und 55 \u2103 und kann zwischen \u201340 \u2103 und 70 \u2103 gelagert werden.<\/p>","protected":false},"excerpt":{"rendered":"<p><strong data-start=\"1437\" data-end=\"1453\">Modellnummer: <\/strong>TR7930CKR<\/p>\n<p><strong data-start=\"1470\" data-end=\"1489\">Herkunftsort: <\/strong>China (Festland)<\/p>\n<p><strong data-start=\"1513\" data-end=\"1522\">Eingang: <\/strong>100\u2013240 V, 50\/60 Hz, 0,8 A<\/p>\n<p><strong data-start=\"1556\" data-end=\"1566\">Ausgabe: <\/strong>5 V\/3 A, 9 V\/3 A, 12 V\/2,5 A, 15 V\/2 A, 20 V\/1,5 A \u2013 bis zu 30 W<br \/>\nPPS: 3,3\u201311,0 V \/ 2,7 A<\/p>\n<p><strong data-start=\"1656\" data-end=\"1681\">Steckdosen-\/Steckeroptionen: <\/strong>Standard USA \/ EU \/ GB \/ Japan \/ Korea (je nach Region)<\/p>\n<p><strong data-start=\"1745\" data-end=\"1765\">Verf\u00fcgbare Farben: <\/strong>Schwarz, Wei\u00df<\/p>\n<p><strong data-start=\"1785\" data-end=\"1797\">Material: <\/strong>PC (Polycarbonat oder \u00e4hnlicher Kunststoff)<\/p>\n<p><strong data-start=\"1842\" data-end=\"1852\">Gewicht: <\/strong>\u2248 51 g<\/p>\n<p><strong data-start=\"1866\" data-end=\"1889\">Schutzfunktionen: <\/strong>Kurzschlussschutz, \u00dcberspannungsschutz, \u00dcberstromschutz, \u00dcberlastschutz, R\u00fcckflussschutz<\/p>\n<p><strong data-start=\"2014\" data-end=\"2034\">Effizienzniveau: <\/strong>VI<\/p>\n<p><strong data-start=\"2044\" data-end=\"2062\">Zertifizierungen: <\/strong>ETL, CE, FCC, UKCA, PSE, KC, RoHS, REACH<\/p>","protected":false},"featured_media":1314,"comment_status":"closed","ping_status":"closed","template":"","meta":{"_acf_changed":false,"site-sidebar-layout":"default","site-content-layout":"","ast-site-content-layout":"default","site-content-style":"default","site-sidebar-style":"default","ast-global-header-display":"","ast-banner-title-visibility":"","ast-main-header-display":"","ast-hfb-above-header-display":"","ast-hfb-below-header-display":"","ast-hfb-mobile-header-display":"","site-post-title":"","ast-breadcrumbs-content":"","ast-featured-img":"","footer-sml-layout":"","ast-disable-related-posts":"","theme-transparent-header-meta":"default","adv-header-id-meta":"","stick-header-meta":"","header-above-stick-meta":"","header-main-stick-meta":"","header-below-stick-meta":"","astra-migrate-meta-layouts":"set","ast-page-background-enabled":"default","ast-page-background-meta":{"desktop":{"background-color":"var(--ast-global-color-5)","background-image":"","background-repeat":"repeat","background-position":"center center","background-size":"auto","background-attachment":"scroll","background-type":"","background-media":"","overlay-type":"","overlay-color":"","overlay-opacity":"","overlay-gradient":""},"tablet":{"background-color":"","background-image":"","background-repeat":"repeat","background-position":"center center","background-size":"auto","background-attachment":"scroll","background-type":"","background-media":"","overlay-type":"","overlay-color":"","overlay-opacity":"","overlay-gradient":""},"mobile":{"background-color":"","background-image":"","background-repeat":"repeat","background-position":"center center","background-size":"auto","background-attachment":"scroll","background-type":"","background-media":"","overlay-type":"","overlay-color":"","overlay-opacity":"","overlay-gradient":""}},"ast-content-background-meta":{"desktop":{"background-color":"var(--ast-global-color-4)","background-image":"","background-repeat":"repeat","background-position":"center center","background-size":"auto","background-attachment":"scroll","background-type":"","background-media":"","overlay-type":"","overlay-color":"","overlay-opacity":"","overlay-gradient":""},"tablet":{"background-color":"var(--ast-global-color-4)","background-image":"","background-repeat":"repeat","background-position":"center center","background-size":"auto","background-attachment":"scroll","background-type":"","background-media":"","overlay-type":"","overlay-color":"","overlay-opacity":"","overlay-gradient":""},"mobile":{"background-color":"var(--ast-global-color-4)","background-image":"","background-repeat":"repeat","background-position":"center center","background-size":"auto","background-attachment":"scroll","background-type":"","background-media":"","overlay-type":"","overlay-color":"","overlay-opacity":"","overlay-gradient":""}}},"product_brand":[],"product_cat":[30,46],"product_tag":[122],"class_list":{"0":"post-1313","1":"product","2":"type-product","3":"status-publish","4":"has-post-thumbnail","6":"product_cat-gan-charger","7":"product_cat-30w","8":"product_tag-30w-pd-charger","9":"desktop-align-left","10":"tablet-align-left","11":"mobile-align-left","13":"first","14":"instock","15":"shipping-taxable","16":"product-type-simple"},"acf":[],"_links":{"self":[{"href":"https:\/\/szjialu.com\/de\/wp-json\/wp\/v2\/product\/1313","targetHints":{"allow":["GET"]}}],"collection":[{"href":"https:\/\/szjialu.com\/de\/wp-json\/wp\/v2\/product"}],"about":[{"href":"https:\/\/szjialu.com\/de\/wp-json\/wp\/v2\/types\/product"}],"replies":[{"embeddable":true,"href":"https:\/\/szjialu.com\/de\/wp-json\/wp\/v2\/comments?post=1313"}],"wp:featuredmedia":[{"embeddable":true,"href":"https:\/\/szjialu.com\/de\/wp-json\/wp\/v2\/media\/1314"}],"wp:attachment":[{"href":"https:\/\/szjialu.com\/de\/wp-json\/wp\/v2\/media?parent=1313"}],"wp:term":[{"taxonomy":"product_brand","embeddable":true,"href":"https:\/\/szjialu.com\/de\/wp-json\/wp\/v2\/product_brand?post=1313"},{"taxonomy":"product_cat","embeddable":true,"href":"https:\/\/szjialu.com\/de\/wp-json\/wp\/v2\/product_cat?post=1313"},{"taxonomy":"product_tag","embeddable":true,"href":"https:\/\/szjialu.com\/de\/wp-json\/wp\/v2\/product_tag?post=1313"}],"curies":[{"name":"wp","href":"https:\/\/api.w.org\/{rel}","templated":true}]}}