{"id":1308,"date":"2025-12-03T14:30:28","date_gmt":"2025-12-03T14:30:28","guid":{"rendered":"https:\/\/szjialu.com\/?post_type=product&#038;p=1308"},"modified":"2025-12-03T14:30:30","modified_gmt":"2025-12-03T14:30:30","slug":"30-w-pd-schnellladegerat-tr7930acuk","status":"publish","type":"product","link":"https:\/\/szjialu.com\/de\/product\/30w-pd-fast-charger-tr7930acuk\/","title":{"rendered":"30W PD Schnellladeger\u00e4t TR7930ACUK"},"content":{"rendered":"<h2 data-start=\"997\" data-end=\"1021\"><strong data-start=\"1001\" data-end=\"1021\">Produkt\u00fcbersicht<\/strong><\/h2>\n<p data-start=\"1023\" data-end=\"1361\">Der <strong data-start=\"1027\" data-end=\"1056\">TR7930ACUK 30W PD Schnellladeger\u00e4t<\/strong> ist ein hocheffizientes Schnellladeger\u00e4t f\u00fcr mehrere Ger\u00e4te, das f\u00fcr moderne Mobilger\u00e4te wie Smartphones, Tablets und USB-C-Notebooks entwickelt wurde. Mit zwei Ausg\u00e4ngen \u2013 <strong data-start=\"1226\" data-end=\"1244\">USB-C PD (30W)<\/strong> Und <strong data-start=\"1249\" data-end=\"1271\">USB-A QC (18W Max)<\/strong> \u2014 Dieses Ladeger\u00e4t liefert schnelle, stabile und adaptive Leistung f\u00fcr eine breite Palette von Elektronikger\u00e4ten.<\/p>\n<p data-start=\"1363\" data-end=\"1564\">Entwickelt f\u00fcr internationale Spannungsunterst\u00fctzung (<strong data-start=\"1410\" data-end=\"1422\">100\u2013240 V<\/strong>Dank der verschiedenen Steckerstandards (US\/EU\/UK\/JP\/KR) eignet sich der TR7930ACUK ideal f\u00fcr Weltreisende und B2B-Kunden, die einen weltweiten Vertrieb ben\u00f6tigen.<\/p>\n<p data-start=\"1566\" data-end=\"1839\">Hergestellt aus flammhemmendem PC-Material und mit einem Gewicht von nur <strong data-start=\"1622\" data-end=\"1629\">50 g<\/strong>, Dieses tragbare Ladeger\u00e4t eignet sich perfekt f\u00fcr den t\u00e4glichen Gebrauch zu Hause, im B\u00fcro oder unterwegs. Dank Sicherheitsfunktionen, Energieeffizienzklasse VI und globalen Zertifizierungen erf\u00fcllt es die strengen Anforderungen der wichtigsten M\u00e4rkte.<\/p>\n<h2 data-start=\"1846\" data-end=\"1876\"><strong data-start=\"1850\" data-end=\"1876\">Produktspezifikationen<\/strong><\/h2>\n<div class=\"TyagGW_tableContainer\">\n<div class=\"group TyagGW_tableWrapper flex w-fit flex-col-reverse\" tabindex=\"-1\">\n<table class=\"w-fit min-w-(--thread-content-width)\" data-start=\"1878\" data-end=\"2819\">\n<thead data-start=\"1878\" data-end=\"1913\">\n<tr data-start=\"1878\" data-end=\"1913\">\n<th data-start=\"1878\" data-end=\"1898\" data-col-size=\"sm\"><strong data-start=\"1880\" data-end=\"1897\">Spezifikation<\/strong><\/th>\n<th data-start=\"1898\" data-end=\"1913\" data-col-size=\"md\"><strong data-start=\"1900\" data-end=\"1911\">Details<\/strong><\/th>\n<\/tr>\n<\/thead>\n<tbody data-start=\"1950\" data-end=\"2819\">\n<tr data-start=\"1950\" data-end=\"1987\">\n<td data-start=\"1950\" data-end=\"1969\" data-col-size=\"sm\"><strong data-start=\"1952\" data-end=\"1968\">Produktname<\/strong><\/td>\n<td data-start=\"1969\" data-end=\"1987\" data-col-size=\"md\">30-W-PD-Ladeger\u00e4t<\/td>\n<\/tr>\n<tr data-start=\"1988\" data-end=\"2021\">\n<td data-start=\"1988\" data-end=\"2007\" data-col-size=\"sm\"><strong data-start=\"1990\" data-end=\"2006\">Modellnummer<\/strong><\/td>\n<td data-start=\"2007\" data-end=\"2021\" data-col-size=\"md\">TR7930ACUK<\/td>\n<\/tr>\n<tr data-start=\"2022\" data-end=\"2064\">\n<td data-start=\"2022\" data-end=\"2044\" data-col-size=\"sm\"><strong data-start=\"2024\" data-end=\"2043\">Herkunftsort<\/strong><\/td>\n<td data-start=\"2044\" data-end=\"2064\" data-col-size=\"md\">China (Festland)<\/td>\n<\/tr>\n<tr data-start=\"2065\" data-end=\"2143\">\n<td data-start=\"2065\" data-end=\"2084\" data-col-size=\"sm\"><strong data-start=\"2067\" data-end=\"2083\">Anwendungen<\/strong><\/td>\n<td data-start=\"2084\" data-end=\"2143\" data-col-size=\"md\">Laptop, Notebook, Tablet, Mobiltelefon, Digitale Ger\u00e4te<\/td>\n<\/tr>\n<tr data-start=\"2144\" data-end=\"2183\">\n<td data-start=\"2144\" data-end=\"2156\" data-col-size=\"sm\"><strong data-start=\"2146\" data-end=\"2155\">Eingang<\/strong><\/td>\n<td data-start=\"2156\" data-end=\"2183\" data-col-size=\"md\">100\u2013240 V, 50\/60 Hz, 0,8 A<\/td>\n<\/tr>\n<tr data-start=\"2184\" data-end=\"2257\">\n<td data-start=\"2184\" data-end=\"2203\" data-col-size=\"sm\"><strong data-start=\"2186\" data-end=\"2202\">USB-C-Ausgang<\/strong><\/td>\n<td data-start=\"2203\" data-end=\"2257\" data-col-size=\"md\">5 V\/3 A, 9 V\/3 A, 12 V\/2,5 A, 15 V\/2 A, 20 V\/1,5 A (30 W max.)<\/td>\n<\/tr>\n<tr data-start=\"2258\" data-end=\"2313\">\n<td data-start=\"2258\" data-end=\"2277\" data-col-size=\"sm\"><strong data-start=\"2260\" data-end=\"2276\">USB-A-Ausgang<\/strong><\/td>\n<td data-start=\"2277\" data-end=\"2313\" data-col-size=\"md\">5V\/3A, 9V\/2A, 12V\/1,5A (18W max.)<\/td>\n<\/tr>\n<tr data-start=\"2314\" data-end=\"2357\">\n<td data-start=\"2314\" data-end=\"2341\" data-col-size=\"sm\"><strong data-start=\"2316\" data-end=\"2340\">USB-A- und USB-C-Ausgang<\/strong><\/td>\n<td data-start=\"2341\" data-end=\"2357\" data-col-size=\"md\">5V\/3A gemeinsam genutzt<\/td>\n<\/tr>\n<tr data-start=\"2358\" data-end=\"2408\">\n<td data-start=\"2358\" data-end=\"2380\" data-col-size=\"sm\"><strong data-start=\"2360\" data-end=\"2379\">Steckdosenstandard<\/strong><\/td>\n<td data-start=\"2380\" data-end=\"2408\" data-col-size=\"md\">USA, EU, Gro\u00dfbritannien, Japan, Korea<\/td>\n<\/tr>\n<tr data-start=\"2409\" data-end=\"2438\">\n<td data-start=\"2409\" data-end=\"2422\" data-col-size=\"sm\"><strong data-start=\"2411\" data-end=\"2421\">Farben<\/strong><\/td>\n<td data-start=\"2422\" data-end=\"2438\" data-col-size=\"md\">Schwarz, Wei\u00df<\/td>\n<\/tr>\n<tr data-start=\"2439\" data-end=\"2460\">\n<td data-start=\"2439\" data-end=\"2454\" data-col-size=\"sm\"><strong data-start=\"2441\" data-end=\"2453\">Material<\/strong><\/td>\n<td data-start=\"2454\" data-end=\"2460\" data-col-size=\"md\">PC<\/td>\n<\/tr>\n<tr data-start=\"2461\" data-end=\"2481\">\n<td data-start=\"2461\" data-end=\"2474\" data-col-size=\"sm\"><strong data-start=\"2463\" data-end=\"2473\">Gewicht<\/strong><\/td>\n<td data-start=\"2474\" data-end=\"2481\" data-col-size=\"md\">50 g<\/td>\n<\/tr>\n<tr data-start=\"2482\" data-end=\"2516\">\n<td data-start=\"2482\" data-end=\"2498\" data-col-size=\"sm\"><strong data-start=\"2484\" data-end=\"2497\">Verpackung<\/strong><\/td>\n<td data-start=\"2498\" data-end=\"2516\" data-col-size=\"md\">Einzelhandelsverpackung<\/td>\n<\/tr>\n<tr data-start=\"2517\" data-end=\"2546\">\n<td data-start=\"2517\" data-end=\"2534\" data-col-size=\"sm\"><strong data-start=\"2519\" data-end=\"2533\">Effizienz<\/strong><\/td>\n<td data-start=\"2534\" data-end=\"2546\" data-col-size=\"md\">Stufe VI<\/td>\n<\/tr>\n<tr data-start=\"2547\" data-end=\"2612\">\n<td data-start=\"2547\" data-end=\"2568\" data-col-size=\"sm\"><strong data-start=\"2549\" data-end=\"2567\">Zertifizierungen<\/strong><\/td>\n<td data-start=\"2568\" data-end=\"2612\" data-col-size=\"md\">ETL, CE, FCC, UKCA, PSE, KC, RoHS, REACH<\/td>\n<\/tr>\n<tr data-start=\"2613\" data-end=\"2638\">\n<td data-start=\"2613\" data-end=\"2628\" data-col-size=\"sm\"><strong data-start=\"2615\" data-end=\"2627\">Garantie<\/strong><\/td>\n<td data-start=\"2628\" data-end=\"2638\" data-col-size=\"md\">1 Jahr<\/td>\n<\/tr>\n<tr data-start=\"2639\" data-end=\"2682\">\n<td data-start=\"2639\" data-end=\"2667\" data-col-size=\"sm\"><strong data-start=\"2641\" data-end=\"2666\">Betriebstemperatur<\/strong><\/td>\n<td data-start=\"2667\" data-end=\"2682\" data-col-size=\"md\">\u201320\u2103 bis 55\u2103<\/td>\n<\/tr>\n<tr data-start=\"2683\" data-end=\"2724\">\n<td data-start=\"2683\" data-end=\"2709\" data-col-size=\"sm\"><strong data-start=\"2685\" data-end=\"2708\">Lagertemperatur<\/strong><\/td>\n<td data-start=\"2709\" data-end=\"2724\" data-col-size=\"md\">\u201340\u2103 bis 70\u2103<\/td>\n<\/tr>\n<tr data-start=\"2725\" data-end=\"2819\">\n<td data-start=\"2725\" data-end=\"2742\" data-col-size=\"sm\"><strong data-start=\"2727\" data-end=\"2741\">Schutz<\/strong><\/td>\n<td data-start=\"2742\" data-end=\"2819\" data-col-size=\"md\">Kurzschluss-, \u00dcberspannungs-, \u00dcberstrom-, \u00dcberlast- und R\u00fcckflussschutz<\/td>\n<\/tr>\n<\/tbody>\n<\/table>\n<\/div>\n<\/div>\n<figure id=\"attachment_1309\" aria-describedby=\"caption-attachment-1309\" style=\"width: 675px\" class=\"wp-caption alignnone\"><img fetchpriority=\"high\" decoding=\"async\" class=\"wp-image-1309\" src=\"https:\/\/szjialu.com\/wp-content\/uploads\/2025\/12\/\u4e3b\u56fe1-4-300x300.jpg\" alt=\"30-W-PD-Schnellladeger\u00e4t\" width=\"675\" height=\"675\" srcset=\"https:\/\/szjialu.com\/wp-content\/uploads\/2025\/12\/\u4e3b\u56fe1-4-300x300.jpg 300w, https:\/\/szjialu.com\/wp-content\/uploads\/2025\/12\/\u4e3b\u56fe1-4-150x150.jpg 150w, https:\/\/szjialu.com\/wp-content\/uploads\/2025\/12\/\u4e3b\u56fe1-4-768x768.jpg 768w, https:\/\/szjialu.com\/wp-content\/uploads\/2025\/12\/\u4e3b\u56fe1-4-600x600.jpg 600w, https:\/\/szjialu.com\/wp-content\/uploads\/2025\/12\/\u4e3b\u56fe1-4-100x100.jpg 100w, https:\/\/szjialu.com\/wp-content\/uploads\/2025\/12\/\u4e3b\u56fe1-4-64x64.jpg 64w, https:\/\/szjialu.com\/wp-content\/uploads\/2025\/12\/\u4e3b\u56fe1-4.jpg 800w\" sizes=\"(max-width: 675px) 100vw, 675px\" \/><figcaption id=\"caption-attachment-1309\" class=\"wp-caption-text\">30-W-PD-Schnellladeger\u00e4t<\/figcaption><\/figure>\n<h2 data-start=\"2826\" data-end=\"2852\"><strong data-start=\"2830\" data-end=\"2852\">Wichtigste Verkaufsargumente<\/strong><\/h2>\n<h3 data-start=\"2854\" data-end=\"2907\"><strong data-start=\"2860\" data-end=\"2905\">1. 30-W-USB-C-Schnellladung<\/strong><\/h3>\n<p data-start=\"2908\" data-end=\"3067\">Der USB-C PD-Anschluss liefert bis zu <strong data-start=\"2941\" data-end=\"2948\">30 W<\/strong>, Dadurch wird ein schnelles Aufladen von Smartphones, Tablets und vielen USB-C-Notebooks (MacBook Air, iPad Pro, Surface Go usw.) erm\u00f6glicht.<\/p>\n<h3 data-start=\"3069\" data-end=\"3116\"><strong data-start=\"3075\" data-end=\"3114\">2. Dual-Port-Design (USB-C + USB-A)<\/strong><\/h3>\n<p data-start=\"3117\" data-end=\"3231\">Laden Sie zwei Ger\u00e4te gleichzeitig mit einem gemeinsamen 5V\/3A-Ausgang \u2013 perfekt f\u00fcr Benutzer, die sowohl moderne als auch \u00e4ltere Ger\u00e4te verwenden.<\/p>\n<h3 data-start=\"3233\" data-end=\"3286\"><strong data-start=\"3239\" data-end=\"3284\">3. Universelle Spannung, globale Steckeroptionen<\/strong><\/h3>\n<p data-start=\"3287\" data-end=\"3408\">Unterst\u00fctzt <strong data-start=\"3296\" data-end=\"3308\">100\u2013240 V<\/strong> und Angebote <strong data-start=\"3320\" data-end=\"3338\">USA\/EU\/GB\/JP\/KR<\/strong> Entsprechend den Steckerstandards ist es ideal f\u00fcr internationale M\u00e4rkte und Reisen.<\/p>\n<h3 data-start=\"3410\" data-end=\"3454\"><strong data-start=\"3416\" data-end=\"3452\">4. Ultraleicht mit nur 50 g<\/strong><\/h3>\n<p data-start=\"3455\" data-end=\"3532\">Kompakt und tragbar, sodass es problemlos in Taschen, Rucks\u00e4cken oder Hosentaschen verstaut werden kann.<\/p>\n<h3 data-start=\"3534\" data-end=\"3582\"><strong data-start=\"3540\" data-end=\"3580\">5. Fortschrittliches Sicherheitsschutzsystem<\/strong><\/h3>\n<p data-start=\"3583\" data-end=\"3619\">Beinhaltet integrierte Schutzfunktionen f\u00fcr:<\/p>\n<ul data-start=\"3620\" data-end=\"3698\">\n<li data-start=\"3620\" data-end=\"3637\">\n<p data-start=\"3622\" data-end=\"3637\">Kurzschluss<\/p>\n<\/li>\n<li data-start=\"3638\" data-end=\"3654\">\n<p data-start=\"3640\" data-end=\"3654\">\u00dcberspannung<\/p>\n<\/li>\n<li data-start=\"3655\" data-end=\"3671\">\n<p data-start=\"3657\" data-end=\"3671\">\u00dcberstrom<\/p>\n<\/li>\n<li data-start=\"3672\" data-end=\"3685\">\n<p data-start=\"3674\" data-end=\"3685\">\u00dcberlastung<\/p>\n<\/li>\n<li data-start=\"3686\" data-end=\"3698\">\n<p data-start=\"3688\" data-end=\"3698\">R\u00fcckfluss<\/p>\n<\/li>\n<\/ul>\n<p data-start=\"3700\" data-end=\"3759\">Gew\u00e4hrleistet sicheres und stabiles Laden empfindlicher Elektronik.<\/p>\n<h3 data-start=\"3761\" data-end=\"3802\"><strong data-start=\"3767\" data-end=\"3800\">6. Energieeffizienzklasse VI<\/strong><\/h3>\n<p data-start=\"3803\" data-end=\"3905\">Sorgt f\u00fcr eine optimierte Leistungsumwandlung und reduzierte Standby-Verluste f\u00fcr einen umweltfreundlichen Betrieb.<\/p>\n<h3 data-start=\"3907\" data-end=\"3960\"><strong data-start=\"3913\" data-end=\"3958\">7. Globale Zertifizierungen f\u00fcr den Markteintritt<\/strong><\/h3>\n<p data-start=\"3961\" data-end=\"4072\">Zertifiziert mit <strong data-start=\"3976\" data-end=\"4020\">ETL, CE, FCC, UKCA, PSE, KC, RoHS, REACH<\/strong>, um die Einhaltung wichtiger globaler Vorschriften zu gew\u00e4hrleisten.<\/p>\n<h3 data-start=\"4074\" data-end=\"4124\"><strong data-start=\"4080\" data-end=\"4122\">8. Strapazierf\u00e4higes, feuerhemmendes PC-Material<\/strong><\/h3>\n<p data-start=\"4125\" data-end=\"4184\">Robuste und hitzebest\u00e4ndige Konstruktion f\u00fcr langfristige Zuverl\u00e4ssigkeit.<\/p>\n<h2 data-start=\"4191\" data-end=\"4211\"><strong data-start=\"4195\" data-end=\"4211\">Anwendungen<\/strong><\/h2>\n<p data-start=\"4213\" data-end=\"4311\">Der TR7930ACUK eignet sich perfekt f\u00fcr den privaten und gesch\u00e4ftlichen Gebrauch und f\u00fcgt sich nahtlos in viele Umgebungen ein:<\/p>\n<h3 data-start=\"4313\" data-end=\"4337\"><strong data-start=\"4320\" data-end=\"4335\">Smartphones<\/strong><\/h3>\n<ul data-start=\"4338\" data-end=\"4456\">\n<li data-start=\"4338\" data-end=\"4375\">\n<p data-start=\"4340\" data-end=\"4375\">iPhone (PD-Schnellladung wird unterst\u00fctzt)<\/p>\n<\/li>\n<li data-start=\"4376\" data-end=\"4401\">\n<p data-start=\"4378\" data-end=\"4401\">Samsung Galaxy &amp; Note<\/p>\n<\/li>\n<li data-start=\"4402\" data-end=\"4418\">\n<p data-start=\"4404\" data-end=\"4418\">Google Pixel<\/p>\n<\/li>\n<li data-start=\"4419\" data-end=\"4456\">\n<p data-start=\"4421\" data-end=\"4456\">Xiaomi, OnePlus, Huawei, OPPO usw.<\/p>\n<\/li>\n<\/ul>\n<h3 data-start=\"4458\" data-end=\"4490\"><strong data-start=\"4465\" data-end=\"4488\">Laptops \/ Notebooks<\/strong><\/h3>\n<ul data-start=\"4491\" data-end=\"4591\">\n<li data-start=\"4491\" data-end=\"4506\">\n<p data-start=\"4493\" data-end=\"4506\">MacBook Air<\/p>\n<\/li>\n<li data-start=\"4507\" data-end=\"4528\">\n<p data-start=\"4509\" data-end=\"4528\">USB-C Chromebooks<\/p>\n<\/li>\n<li data-start=\"4529\" data-end=\"4543\">\n<p data-start=\"4531\" data-end=\"4543\">Surface Go<\/p>\n<\/li>\n<li data-start=\"4544\" data-end=\"4591\">\n<p data-start=\"4546\" data-end=\"4591\">Leichte Ultrabooks mit einem Stromverbrauch von 30 W oder weniger<\/p>\n<\/li>\n<\/ul>\n<h3 data-start=\"4593\" data-end=\"4621\"><strong data-start=\"4600\" data-end=\"4619\">Tablets &amp; iPads<\/strong><\/h3>\n<ul data-start=\"4622\" data-end=\"4672\">\n<li data-start=\"4622\" data-end=\"4640\">\n<p data-start=\"4624\" data-end=\"4640\">iPad Pro \/ Air<\/p>\n<\/li>\n<li data-start=\"4641\" data-end=\"4660\">\n<p data-start=\"4643\" data-end=\"4660\">Android-Tablets<\/p>\n<\/li>\n<li data-start=\"4661\" data-end=\"4672\">\n<p data-start=\"4663\" data-end=\"4672\">E-Reader<\/p>\n<\/li>\n<\/ul>\n<h3 data-start=\"4674\" data-end=\"4702\"><strong data-start=\"4681\" data-end=\"4700\">Digitale Ger\u00e4te<\/strong><\/h3>\n<p data-start=\"4703\" data-end=\"4797\">Bluetooth-Ohrh\u00f6rer, Powerbanks, Kameras, Mini-Projektoren, Gamecontroller, kleine Elektronikger\u00e4te.<\/p>\n<h3 data-start=\"4799\" data-end=\"4838\"><strong data-start=\"4806\" data-end=\"4836\">Reise- und internationale Nutzung<\/strong><\/h3>\n<p data-start=\"4839\" data-end=\"4945\">Durch sein geringes Gewicht und die Kompatibilit\u00e4t mit weltweiten Steckern ist es ideal f\u00fcr Reisen, Hotels und Gesch\u00e4ftsreisen.<\/p>\n<h2 data-start=\"4952\" data-end=\"4971\"><strong data-start=\"4956\" data-end=\"4971\">Produkt-FAQ<\/strong><\/h2>\n<h3 data-start=\"4973\" data-end=\"5041\"><strong data-start=\"4977\" data-end=\"5039\">Frage 1: Unterst\u00fctzt das TR7930ACUK Schnellladen f\u00fcr iPhones?<\/strong><\/h3>\n<p data-start=\"5042\" data-end=\"5136\">Ja. Der USB-C PD-Anschluss unterst\u00fctzt Schnellladen f\u00fcr alle iPhones mit einem USB-C-auf-Lightning-Kabel.<\/p>\n<h3 data-start=\"5138\" data-end=\"5194\"><strong data-start=\"5142\" data-end=\"5192\">Frage 2: Kann ich zwei Ger\u00e4te gleichzeitig aufladen?<\/strong><\/h3>\n<p data-start=\"5195\" data-end=\"5270\">Ja. USB-C und USB-A k\u00f6nnen gleichzeitig mit einem gemeinsamen 5V\/3A-Ausgang verwendet werden.<\/p>\n<h3 data-start=\"5272\" data-end=\"5323\"><strong data-start=\"5276\" data-end=\"5321\">Frage 3: Ist dieses Ladeger\u00e4t f\u00fcr Laptops geeignet?<\/strong><\/h3>\n<p data-start=\"5324\" data-end=\"5409\">Ja \u2013 es unterst\u00fctzt viele 30-Watt-USB-C-Laptops, darunter MacBook Air und andere Ultrabooks.<\/p>\n<h3 data-start=\"5411\" data-end=\"5454\"><strong data-start=\"5415\" data-end=\"5452\">Frage 4: Ist es f\u00fcr den Langzeitgebrauch unbedenklich?<\/strong><\/h3>\n<p data-start=\"5455\" data-end=\"5546\">Absolut. Das Ladeger\u00e4t verf\u00fcgt \u00fcber f\u00fcnf integrierte Schutzfunktionen und ist weltweit zertifiziert.<\/p>\n<h3 data-start=\"5548\" data-end=\"5599\"><strong data-start=\"5552\" data-end=\"5597\">Frage 5: Sind OEM- oder kundenspezifische Verpackungen erh\u00e4ltlich?<\/strong><\/h3>\n<p data-start=\"5600\" data-end=\"5690\">Ja. Wir unterst\u00fctzen Branding, Farbanpassung und Private-Label-L\u00f6sungen f\u00fcr B2B-Bestellungen.<\/p>\n<h3 data-start=\"5692\" data-end=\"5738\"><strong data-start=\"5696\" data-end=\"5736\">Frage 6: Funktioniert es auch in anderen L\u00e4ndern?<\/strong><\/h3>\n<p data-start=\"5739\" data-end=\"5825\">Ja. Dank des breiten Spannungsbereichs und der verschiedenen Steckerstandards ist es weltweit einsetzbar.<\/p>\n<h2 data-start=\"5832\" data-end=\"5882\"><strong data-start=\"5836\" data-end=\"5880\">Unternehmensvorteil<\/strong><\/h2>\n<h3 data-start=\"5883\" data-end=\"5943\"><strong data-start=\"5887\" data-end=\"5943\">Starke Forschungs- und Entwicklungskompetenz &amp; professioneller ODM\/OEM-Service<\/strong><\/h3>\n<p data-start=\"5945\" data-end=\"6173\">Gem\u00e4\u00df den dargestellten St\u00e4rken <strong data-start=\"5981\" data-end=\"5996\">szjialu.com<\/strong>, Das Unternehmen zeichnet sich aus durch seine <strong data-start=\"6029\" data-end=\"6075\">starke Forschungs- und Entwicklungskapazit\u00e4t<\/strong>, Dadurch ist es m\u00f6glich, qualitativ hochwertige Ladeprodukte mit kurzen Lieferzeiten zu entwickeln und herzustellen.<\/p>\n<p data-start=\"6175\" data-end=\"6198\">Zu den wichtigsten Vorteilen geh\u00f6ren:<\/p>\n<ul data-start=\"6200\" data-end=\"6679\">\n<li data-start=\"6200\" data-end=\"6318\">\n<p data-start=\"6202\" data-end=\"6318\"><strong data-start=\"6202\" data-end=\"6234\">Erfahrenes Ingenieurteam<\/strong> Das unterst\u00fctzt kundenspezifische Ladeger\u00e4te, Stromversorgungsl\u00f6sungen und die Entwicklung eigener Formen.<\/p>\n<\/li>\n<li data-start=\"6319\" data-end=\"6424\">\n<p data-start=\"6321\" data-end=\"6424\"><strong data-start=\"6321\" data-end=\"6354\">Professionelle OEM\/ODM-Dienstleistungen<\/strong> f\u00fcr Branding, Verpackung, Steckertypen und Leistungsanpassung.<\/p>\n<\/li>\n<li data-start=\"6425\" data-end=\"6523\">\n<p data-start=\"6427\" data-end=\"6523\"><strong data-start=\"6427\" data-end=\"6461\">Moderne Produktionsanlagen<\/strong> erm\u00f6glicht die Fertigung in gro\u00dfem Ma\u00dfstab bei gleichbleibender Qualit\u00e4t.<\/p>\n<\/li>\n<li data-start=\"6524\" data-end=\"6599\">\n<p data-start=\"6526\" data-end=\"6599\"><strong data-start=\"6526\" data-end=\"6552\">Strenge Qualit\u00e4tskontrolle<\/strong> von den Rohstoffen bis zur Endproduktpr\u00fcfung.<\/p>\n<\/li>\n<li data-start=\"6600\" data-end=\"6679\">\n<p data-start=\"6602\" data-end=\"6679\"><strong data-start=\"6602\" data-end=\"6634\">Zuverl\u00e4ssige globale Lieferkette<\/strong>, um eine stabile Lieferung f\u00fcr B2B-Kunden zu gew\u00e4hrleisten.<\/p>\n<\/li>\n<\/ul>","protected":false},"excerpt":{"rendered":"<p><strong data-start=\"1952\" data-end=\"1968\">Produktname: <\/strong>30-W-PD-Ladeger\u00e4t<\/p>\n<p><strong data-start=\"1990\" data-end=\"2006\">Modellnummer: <\/strong>TR7930ACUK<\/p>\n<p><strong data-start=\"2024\" data-end=\"2043\">Herkunftsort: <\/strong>China (Festland)<\/p>\n<p><strong data-start=\"2067\" data-end=\"2083\">Anwendungsbereiche: <\/strong>Laptop, Notebook, Tablet, Mobiltelefon, Digitale Ger\u00e4te<\/p>\n<p><strong data-start=\"2146\" data-end=\"2155\">Eingang: <\/strong>100\u2013240 V, 50\/60 Hz, 0,8 A<\/p>\n<p><strong data-start=\"2186\" data-end=\"2202\">USB-C-Ausgang: <\/strong>5 V\/3 A, 9 V\/3 A, 12 V\/2,5 A, 15 V\/2 A, 20 V\/1,5 A (30 W max.)<\/p>\n<p><strong data-start=\"2260\" data-end=\"2276\">USB-A-Ausgang: <\/strong>5V\/3A, 9V\/2A, 12V\/1,5A (18W max.)<\/p>\n<p><strong data-start=\"2316\" data-end=\"2340\">USB-A- und USB-C-Ausgang: <\/strong>5V\/3A gemeinsam genutzt<\/p>\n<p><strong data-start=\"2360\" data-end=\"2379\">Steckdosenstandard: <\/strong>USA, EU, Gro\u00dfbritannien, Japan, Korea<\/p>\n<p><strong data-start=\"2411\" data-end=\"2421\">Farben: <\/strong>Schwarz, Wei\u00df<\/p>\n<p><strong data-start=\"2441\" data-end=\"2453\">Material: <\/strong>PC<\/p>\n<p><strong data-start=\"2463\" data-end=\"2473\">Gewicht: <\/strong>50 g<\/p>\n<p><strong data-start=\"2484\" data-end=\"2497\">Verpackung: <\/strong>Einzelhandelsverpackung<\/p>\n<p><strong data-start=\"2519\" data-end=\"2533\">Effizienz: <\/strong>Stufe VI<\/p>\n<p><strong data-start=\"2549\" data-end=\"2567\">Zertifizierungen: <\/strong>ETL, CE, FCC, UKCA, PSE, KC, RoHS, REACH<\/p>","protected":false},"featured_media":1309,"comment_status":"closed","ping_status":"closed","template":"","meta":{"_acf_changed":false,"site-sidebar-layout":"default","site-content-layout":"","ast-site-content-layout":"default","site-content-style":"default","site-sidebar-style":"default","ast-global-header-display":"","ast-banner-title-visibility":"","ast-main-header-display":"","ast-hfb-above-header-display":"","ast-hfb-below-header-display":"","ast-hfb-mobile-header-display":"","site-post-title":"","ast-breadcrumbs-content":"","ast-featured-img":"","footer-sml-layout":"","ast-disable-related-posts":"","theme-transparent-header-meta":"default","adv-header-id-meta":"","stick-header-meta":"","header-above-stick-meta":"","header-main-stick-meta":"","header-below-stick-meta":"","astra-migrate-meta-layouts":"set","ast-page-background-enabled":"default","ast-page-background-meta":{"desktop":{"background-color":"var(--ast-global-color-5)","background-image":"","background-repeat":"repeat","background-position":"center center","background-size":"auto","background-attachment":"scroll","background-type":"","background-media":"","overlay-type":"","overlay-color":"","overlay-opacity":"","overlay-gradient":""},"tablet":{"background-color":"","background-image":"","background-repeat":"repeat","background-position":"center center","background-size":"auto","background-attachment":"scroll","background-type":"","background-media":"","overlay-type":"","overlay-color":"","overlay-opacity":"","overlay-gradient":""},"mobile":{"background-color":"","background-image":"","background-repeat":"repeat","background-position":"center center","background-size":"auto","background-attachment":"scroll","background-type":"","background-media":"","overlay-type":"","overlay-color":"","overlay-opacity":"","overlay-gradient":""}},"ast-content-background-meta":{"desktop":{"background-color":"var(--ast-global-color-4)","background-image":"","background-repeat":"repeat","background-position":"center center","background-size":"auto","background-attachment":"scroll","background-type":"","background-media":"","overlay-type":"","overlay-color":"","overlay-opacity":"","overlay-gradient":""},"tablet":{"background-color":"var(--ast-global-color-4)","background-image":"","background-repeat":"repeat","background-position":"center center","background-size":"auto","background-attachment":"scroll","background-type":"","background-media":"","overlay-type":"","overlay-color":"","overlay-opacity":"","overlay-gradient":""},"mobile":{"background-color":"var(--ast-global-color-4)","background-image":"","background-repeat":"repeat","background-position":"center center","background-size":"auto","background-attachment":"scroll","background-type":"","background-media":"","overlay-type":"","overlay-color":"","overlay-opacity":"","overlay-gradient":""}}},"product_brand":[],"product_cat":[46,30],"product_tag":[136,123,152,153,135],"class_list":{"0":"post-1308","1":"product","2":"type-product","3":"status-publish","4":"has-post-thumbnail","6":"product_cat-30w","7":"product_cat-gan-charger","8":"product_tag-30w-pd-fast-charger","9":"product_tag-30w-usb-c-charger","10":"product_tag-pd-fast-charging-adapter","11":"product_tag-usb-a-fast-charger","12":"product_tag-usb-c-laptop-charger","13":"desktop-align-left","14":"tablet-align-left","15":"mobile-align-left","17":"first","18":"instock","19":"shipping-taxable","20":"product-type-simple"},"acf":[],"_links":{"self":[{"href":"https:\/\/szjialu.com\/de\/wp-json\/wp\/v2\/product\/1308","targetHints":{"allow":["GET"]}}],"collection":[{"href":"https:\/\/szjialu.com\/de\/wp-json\/wp\/v2\/product"}],"about":[{"href":"https:\/\/szjialu.com\/de\/wp-json\/wp\/v2\/types\/product"}],"replies":[{"embeddable":true,"href":"https:\/\/szjialu.com\/de\/wp-json\/wp\/v2\/comments?post=1308"}],"wp:featuredmedia":[{"embeddable":true,"href":"https:\/\/szjialu.com\/de\/wp-json\/wp\/v2\/media\/1309"}],"wp:attachment":[{"href":"https:\/\/szjialu.com\/de\/wp-json\/wp\/v2\/media?parent=1308"}],"wp:term":[{"taxonomy":"product_brand","embeddable":true,"href":"https:\/\/szjialu.com\/de\/wp-json\/wp\/v2\/product_brand?post=1308"},{"taxonomy":"product_cat","embeddable":true,"href":"https:\/\/szjialu.com\/de\/wp-json\/wp\/v2\/product_cat?post=1308"},{"taxonomy":"product_tag","embeddable":true,"href":"https:\/\/szjialu.com\/de\/wp-json\/wp\/v2\/product_tag?post=1308"}],"curies":[{"name":"wp","href":"https:\/\/api.w.org\/{rel}","templated":true}]}}