{"id":1304,"date":"2025-12-03T14:18:08","date_gmt":"2025-12-03T14:18:08","guid":{"rendered":"https:\/\/szjialu.com\/?post_type=product&#038;p=1304"},"modified":"2025-12-03T14:18:10","modified_gmt":"2025-12-03T14:18:10","slug":"30-w-pd-schnellladegerat-tr7930acus2","status":"publish","type":"product","link":"https:\/\/szjialu.com\/de\/product\/30w-pd-fast-charger-tr7930acus2\/","title":{"rendered":"30W PD Schnellladeger\u00e4t TR7930ACUS2"},"content":{"rendered":"<h2><strong data-start=\"977\" data-end=\"997\">Produkt\u00fcbersicht<\/strong><\/h2>\n<p data-start=\"1001\" data-end=\"1331\">Der <strong data-start=\"1005\" data-end=\"1035\">TR7930ACUS2 30W PD Schnellladeger\u00e4t<\/strong> ist eine kompakte, hocheffiziente Schnellladel\u00f6sung f\u00fcr Smartphones, Tablets, Notebooks und USB-Ger\u00e4te. Ausgestattet mit beidem <strong data-start=\"1179\" data-end=\"1209\">USB-C Stromversorgung (30W)<\/strong> Und <strong data-start=\"1214\" data-end=\"1248\">USB-A-Schnellladung (max. 18 W)<\/strong>, Dieses Ladeger\u00e4t unterst\u00fctzt eine schnelle und stabile Stromabgabe f\u00fcr eine breite Palette von Elektronikger\u00e4ten.<\/p>\n<p data-start=\"1333\" data-end=\"1620\">Es wurde f\u00fcr den weltweiten Einsatz entwickelt und zeichnet sich durch folgende Merkmale aus: <strong data-start=\"1372\" data-end=\"1402\">100\u2013240 V Universalspannung<\/strong>, Mehrere Steckerstandards (USA, EU, Gro\u00dfbritannien, Japan, Korea) und fortschrittlicher Sicherheitsschutz. Hergestellt aus hochfestem PC-Material und wiegt nur <strong data-start=\"1543\" data-end=\"1550\">50 g<\/strong>, Es ist optimiert f\u00fcr Reisen, Zuhause, B\u00fcro und Gesch\u00e4ftsanwendungen.<\/p>\n<p data-start=\"1622\" data-end=\"1799\">Mit internationalen Zertifizierungen, darunter <strong data-start=\"1666\" data-end=\"1714\">ETL, CE, FCC, UKCA, PSE, KC, RoHS und REACH<\/strong>, Der TR7930ACUS2 erf\u00fcllt die hohen Anforderungen globaler Vertriebs- und OEM-Partnerschaften.<\/p>\n<h2 data-start=\"1806\" data-end=\"1834\"><strong data-start=\"1808\" data-end=\"1834\">Produktspezifikationen<\/strong><\/h2>\n<div class=\"TyagGW_tableContainer\">\n<div class=\"group TyagGW_tableWrapper flex w-fit flex-col-reverse\" tabindex=\"-1\">\n<table class=\"w-fit min-w-(--thread-content-width)\" data-start=\"1836\" data-end=\"2785\">\n<thead data-start=\"1836\" data-end=\"1871\">\n<tr data-start=\"1836\" data-end=\"1871\">\n<th data-start=\"1836\" data-end=\"1856\" data-col-size=\"sm\"><strong data-start=\"1838\" data-end=\"1855\">Spezifikation<\/strong><\/th>\n<th data-start=\"1856\" data-end=\"1871\" data-col-size=\"md\"><strong data-start=\"1858\" data-end=\"1869\">Details<\/strong><\/th>\n<\/tr>\n<\/thead>\n<tbody data-start=\"1908\" data-end=\"2785\">\n<tr data-start=\"1908\" data-end=\"1945\">\n<td data-start=\"1908\" data-end=\"1927\" data-col-size=\"sm\"><strong data-start=\"1910\" data-end=\"1926\">Produktname<\/strong><\/td>\n<td data-start=\"1927\" data-end=\"1945\" data-col-size=\"md\">30-W-PD-Ladeger\u00e4t<\/td>\n<\/tr>\n<tr data-start=\"1946\" data-end=\"1980\">\n<td data-start=\"1946\" data-end=\"1965\" data-col-size=\"sm\"><strong data-start=\"1948\" data-end=\"1964\">Modellnummer<\/strong><\/td>\n<td data-start=\"1965\" data-end=\"1980\" data-col-size=\"md\">TR7930ACUS2<\/td>\n<\/tr>\n<tr data-start=\"1981\" data-end=\"2014\">\n<td data-start=\"1981\" data-end=\"1994\" data-col-size=\"sm\"><strong data-start=\"1983\" data-end=\"1993\">Herkunft<\/strong><\/td>\n<td data-start=\"1994\" data-end=\"2014\" data-col-size=\"md\">China (Festland)<\/td>\n<\/tr>\n<tr data-start=\"2015\" data-end=\"2054\">\n<td data-start=\"2015\" data-end=\"2027\" data-col-size=\"sm\"><strong data-start=\"2017\" data-end=\"2026\">Eingang<\/strong><\/td>\n<td data-start=\"2027\" data-end=\"2054\" data-col-size=\"md\">100\u2013240 V, 50\/60 Hz, 0,8 A<\/td>\n<\/tr>\n<tr data-start=\"2055\" data-end=\"2130\">\n<td data-start=\"2055\" data-end=\"2076\" data-col-size=\"sm\"><strong data-start=\"2057\" data-end=\"2075\">Ausgang \u2013 USB-C<\/strong><\/td>\n<td data-start=\"2076\" data-end=\"2130\" data-col-size=\"md\">5V\/3A, 9V\/3A, 12V\/2,5A, 15V\/2A, 20V\/1,5A (max. 30W)<\/td>\n<\/tr>\n<tr data-start=\"2131\" data-end=\"2188\">\n<td data-start=\"2131\" data-end=\"2152\" data-col-size=\"sm\"><strong data-start=\"2133\" data-end=\"2151\">Ausgang \u2013 USB-A<\/strong><\/td>\n<td data-start=\"2152\" data-end=\"2188\" data-col-size=\"md\">5V\/3A, 9V\/2A, 12V\/1,5A (18W max.)<\/td>\n<\/tr>\n<tr data-start=\"2189\" data-end=\"2236\">\n<td data-start=\"2189\" data-end=\"2220\" data-col-size=\"sm\"><strong data-start=\"2191\" data-end=\"2219\">USB-A + USB-C (kombiniert)<\/strong><\/td>\n<td data-start=\"2220\" data-end=\"2236\" data-col-size=\"md\">5V\/3A gemeinsam genutzt<\/td>\n<\/tr>\n<tr data-start=\"2237\" data-end=\"2315\">\n<td data-start=\"2237\" data-end=\"2256\" data-col-size=\"sm\"><strong data-start=\"2239\" data-end=\"2255\">Anwendungen<\/strong><\/td>\n<td data-start=\"2256\" data-end=\"2315\" data-col-size=\"md\">Laptop, Notebook, Tablet, Mobiltelefon, Digitale Ger\u00e4te<\/td>\n<\/tr>\n<tr data-start=\"2316\" data-end=\"2365\">\n<td data-start=\"2316\" data-end=\"2337\" data-col-size=\"sm\"><strong data-start=\"2318\" data-end=\"2336\">Steckerstandards<\/strong><\/td>\n<td data-start=\"2337\" data-end=\"2365\" data-col-size=\"md\">USA, EU, Gro\u00dfbritannien, Japan, Korea<\/td>\n<\/tr>\n<tr data-start=\"2366\" data-end=\"2387\">\n<td data-start=\"2366\" data-end=\"2381\" data-col-size=\"sm\"><strong data-start=\"2368\" data-end=\"2380\">Material<\/strong><\/td>\n<td data-start=\"2381\" data-end=\"2387\" data-col-size=\"md\">PC<\/td>\n<\/tr>\n<tr data-start=\"2388\" data-end=\"2417\">\n<td data-start=\"2388\" data-end=\"2401\" data-col-size=\"sm\"><strong data-start=\"2390\" data-end=\"2400\">Farben<\/strong><\/td>\n<td data-start=\"2401\" data-end=\"2417\" data-col-size=\"md\">Schwarz, Wei\u00df<\/td>\n<\/tr>\n<tr data-start=\"2418\" data-end=\"2438\">\n<td data-start=\"2418\" data-end=\"2431\" data-col-size=\"sm\"><strong data-start=\"2420\" data-end=\"2430\">Gewicht<\/strong><\/td>\n<td data-start=\"2431\" data-end=\"2438\" data-col-size=\"md\">50 g<\/td>\n<\/tr>\n<tr data-start=\"2439\" data-end=\"2473\">\n<td data-start=\"2439\" data-end=\"2455\" data-col-size=\"sm\"><strong data-start=\"2441\" data-end=\"2454\">Verpackung<\/strong><\/td>\n<td data-start=\"2455\" data-end=\"2473\" data-col-size=\"md\">Einzelhandelsverpackung<\/td>\n<\/tr>\n<tr data-start=\"2474\" data-end=\"2503\">\n<td data-start=\"2474\" data-end=\"2491\" data-col-size=\"sm\"><strong data-start=\"2476\" data-end=\"2490\">Effizienz<\/strong><\/td>\n<td data-start=\"2491\" data-end=\"2503\" data-col-size=\"md\">Stufe VI<\/td>\n<\/tr>\n<tr data-start=\"2504\" data-end=\"2569\">\n<td data-start=\"2504\" data-end=\"2525\" data-col-size=\"sm\"><strong data-start=\"2506\" data-end=\"2524\">Zertifizierungen<\/strong><\/td>\n<td data-start=\"2525\" data-end=\"2569\" data-col-size=\"md\">ETL, CE, FCC, UKCA, PSE, KC, RoHS, REACH<\/td>\n<\/tr>\n<tr data-start=\"2570\" data-end=\"2595\">\n<td data-start=\"2570\" data-end=\"2585\" data-col-size=\"sm\"><strong data-start=\"2572\" data-end=\"2584\">Garantie<\/strong><\/td>\n<td data-start=\"2585\" data-end=\"2595\" data-col-size=\"md\">1 Jahr<\/td>\n<\/tr>\n<tr data-start=\"2596\" data-end=\"2639\">\n<td data-start=\"2596\" data-end=\"2624\" data-col-size=\"sm\"><strong data-start=\"2598\" data-end=\"2623\">Betriebstemperatur<\/strong><\/td>\n<td data-start=\"2624\" data-end=\"2639\" data-col-size=\"md\">\u201320\u2103 bis 55\u2103<\/td>\n<\/tr>\n<tr data-start=\"2640\" data-end=\"2681\">\n<td data-start=\"2640\" data-end=\"2666\" data-col-size=\"sm\"><strong data-start=\"2642\" data-end=\"2665\">Lagertemperatur<\/strong><\/td>\n<td data-start=\"2666\" data-end=\"2681\" data-col-size=\"md\">\u201340\u2103 bis 70\u2103<\/td>\n<\/tr>\n<tr data-start=\"2682\" data-end=\"2785\">\n<td data-start=\"2682\" data-end=\"2708\" data-col-size=\"sm\"><strong data-start=\"2684\" data-end=\"2707\">Schutzfunktionen<\/strong><\/td>\n<td data-start=\"2708\" data-end=\"2785\" data-col-size=\"md\">Kurzschluss-, \u00dcberspannungs-, \u00dcberstrom-, \u00dcberlast- und R\u00fcckflussschutz<\/td>\n<\/tr>\n<\/tbody>\n<\/table>\n<\/div>\n<\/div>\n<figure id=\"attachment_1305\" aria-describedby=\"caption-attachment-1305\" style=\"width: 710px\" class=\"wp-caption alignnone\"><img fetchpriority=\"high\" decoding=\"async\" class=\"wp-image-1305\" src=\"https:\/\/szjialu.com\/wp-content\/uploads\/2025\/12\/\u4e3b\u56fe1-3-300x300.jpg\" alt=\"30-W-PD-Schnellladeger\u00e4t\" width=\"710\" height=\"710\" srcset=\"https:\/\/szjialu.com\/wp-content\/uploads\/2025\/12\/\u4e3b\u56fe1-3-300x300.jpg 300w, https:\/\/szjialu.com\/wp-content\/uploads\/2025\/12\/\u4e3b\u56fe1-3-150x150.jpg 150w, https:\/\/szjialu.com\/wp-content\/uploads\/2025\/12\/\u4e3b\u56fe1-3-768x768.jpg 768w, https:\/\/szjialu.com\/wp-content\/uploads\/2025\/12\/\u4e3b\u56fe1-3-600x600.jpg 600w, https:\/\/szjialu.com\/wp-content\/uploads\/2025\/12\/\u4e3b\u56fe1-3-100x100.jpg 100w, https:\/\/szjialu.com\/wp-content\/uploads\/2025\/12\/\u4e3b\u56fe1-3-64x64.jpg 64w, https:\/\/szjialu.com\/wp-content\/uploads\/2025\/12\/\u4e3b\u56fe1-3.jpg 800w\" sizes=\"(max-width: 710px) 100vw, 710px\" \/><figcaption id=\"caption-attachment-1305\" class=\"wp-caption-text\">30-W-PD-Schnellladeger\u00e4t<\/figcaption><\/figure>\n<h2 data-start=\"2792\" data-end=\"2816\"><strong data-start=\"2794\" data-end=\"2816\">Wichtigste Verkaufsargumente<\/strong><\/h2>\n<h3 data-start=\"2818\" data-end=\"2857\"><strong data-start=\"2824\" data-end=\"2857\">1. 30-W-USB-C-PD-Schnellladung<\/strong><\/h3>\n<p data-start=\"2858\" data-end=\"3021\">Liefert bis zu <strong data-start=\"2873\" data-end=\"2895\">30 W Leistungsabgabe<\/strong>, Dadurch wird ein schnelles Aufladen von Handys, Tablets und sogar von Laptops mit geringem Stromverbrauch wie MacBook Air, iPad Pro und USB-C Chromebooks erm\u00f6glicht.<\/p>\n<h3 data-start=\"3023\" data-end=\"3068\"><strong data-start=\"3029\" data-end=\"3068\">2. Dual-Port-Ausgang (USB-C + USB-A)<\/strong><\/h3>\n<p data-start=\"3069\" data-end=\"3163\">Unterst\u00fctzt gleichzeitiges Laden mit gemeinsamem 5V\/3A-Ausgang \u2013 ideal f\u00fcr Benutzer mit mehreren Ger\u00e4ten.<\/p>\n<h3 data-start=\"3165\" data-end=\"3198\"><strong data-start=\"3171\" data-end=\"3198\">3. Globale Kompatibilit\u00e4t<\/strong><\/h3>\n<p data-start=\"3199\" data-end=\"3345\">Mit <strong data-start=\"3204\" data-end=\"3222\">100\u2013240 V Eingang<\/strong> Dank der verschiedenen Steckertypen (US\/EU\/UK\/JP\/KR) ist dieses Ladeger\u00e4t perfekt f\u00fcr internationale Reisende und globale B2B-Distributoren geeignet.<\/p>\n<h3 data-start=\"3347\" data-end=\"3389\"><strong data-start=\"3353\" data-end=\"3389\">4. Leicht und reisefreundlich<\/strong><\/h3>\n<p data-start=\"3390\" data-end=\"3461\">Nur <strong data-start=\"3398\" data-end=\"3410\">50 Gramm<\/strong>, Es ist sehr portabel und l\u00e4sst sich problemlos \u00fcberallhin mitnehmen.<\/p>\n<h3 data-start=\"3463\" data-end=\"3508\"><strong data-start=\"3469\" data-end=\"3508\">5. Umfassende Sicherheitsvorkehrungen<\/strong><\/h3>\n<p data-start=\"3509\" data-end=\"3630\">Zu den integrierten Schutzfunktionen geh\u00f6ren:<br data-start=\"3538\" data-end=\"3541\" \/>\u2714 Kurzschluss<br data-start=\"3556\" data-end=\"3559\" \/>\u2714 \u00dcberspannung<br data-start=\"3573\" data-end=\"3576\" \/>\u2714 \u00dcberstrom<br data-start=\"3590\" data-end=\"3593\" \/>\u2714 \u00dcberlastung<br data-start=\"3604\" data-end=\"3607\" \/>\u2714 R\u00fcckflussverhinderung<\/p>\n<p data-start=\"3632\" data-end=\"3691\">Gew\u00e4hrleistet ein stabiles und sicheres Laden empfindlicher Elektronik.<\/p>\n<h3 data-start=\"3693\" data-end=\"3734\"><strong data-start=\"3699\" data-end=\"3734\">6. Zertifiziert f\u00fcr globale M\u00e4rkte<\/strong><\/h3>\n<p data-start=\"3735\" data-end=\"3889\">Erf\u00fcllt die wichtigsten globalen Standards \u2014 <strong data-start=\"3766\" data-end=\"3810\">ETL, CE, FCC, UKCA, PSE, KC, RoHS, REACH<\/strong> \u2014 Sicherstellung der Einhaltung der Vorschriften und der Marktreife in Nordamerika, Europa und Asien.<\/p>\n<h3 data-start=\"3891\" data-end=\"3942\"><strong data-start=\"3897\" data-end=\"3942\">7. Langlebig und hochtemperaturbest\u00e4ndig<\/strong><\/h3>\n<p data-start=\"3943\" data-end=\"4078\">Hergestellt aus flammhemmendem PC-Material und f\u00fcr einen zuverl\u00e4ssigen Betrieb ausgelegt von <strong data-start=\"4019\" data-end=\"4036\">\u201320 \u00b0C bis 55 \u00b0C<\/strong>, Dadurch eignet es sich ideal f\u00fcr unterschiedliche Umgebungen.<\/p>\n<h2 data-start=\"4085\" data-end=\"4103\"><strong data-start=\"4087\" data-end=\"4103\">Anwendungen<\/strong><\/h2>\n<p data-start=\"4105\" data-end=\"4152\">Das TR7930ACUS2 30W PD-Ladeger\u00e4t ist geeignet f\u00fcr:<\/p>\n<h3 data-start=\"4154\" data-end=\"4185\"><strong data-start=\"4160\" data-end=\"4183\">Laptops &amp; Notebooks<\/strong><\/h3>\n<p data-start=\"4186\" data-end=\"4272\">Kompatibel mit USB-C-f\u00e4higen Ger\u00e4ten wie MacBook Air, Surface Go und Chromebook.<\/p>\n<h3 data-start=\"4274\" data-end=\"4301\"><strong data-start=\"4280\" data-end=\"4299\">Tablets &amp; iPads<\/strong><\/h3>\n<p data-start=\"4302\" data-end=\"4367\">Schnellladen f\u00fcr iPad Pro, iPad Air, Android-Tablets und mehr.<\/p>\n<h3 data-start=\"4369\" data-end=\"4392\"><strong data-start=\"4375\" data-end=\"4390\">Smartphones<\/strong><\/h3>\n<p data-start=\"4393\" data-end=\"4422\">Unterst\u00fctzt Schnellladen f\u00fcr:<\/p>\n<ul data-start=\"4423\" data-end=\"4540\">\n<li data-start=\"4423\" data-end=\"4450\">\n<p data-start=\"4425\" data-end=\"4450\">iPhone (PD-Schnellladung)<\/p>\n<\/li>\n<li data-start=\"4451\" data-end=\"4483\">\n<p data-start=\"4453\" data-end=\"4483\">Samsung Galaxy \/ Note-Serie<\/p>\n<\/li>\n<li data-start=\"4484\" data-end=\"4500\">\n<p data-start=\"4486\" data-end=\"4500\">Google Pixel<\/p>\n<\/li>\n<li data-start=\"4501\" data-end=\"4540\">\n<p data-start=\"4503\" data-end=\"4540\">Huawei, Xiaomi, OnePlus und andere<\/p>\n<\/li>\n<\/ul>\n<h3 data-start=\"4542\" data-end=\"4570\"><strong data-start=\"4548\" data-end=\"4568\">Tragbare Ger\u00e4te<\/strong><\/h3>\n<p data-start=\"4571\" data-end=\"4635\">Powerbanks, Bluetooth-Kopfh\u00f6rer, Kameras, E-Reader und mehr.<\/p>\n<h3 data-start=\"4637\" data-end=\"4668\"><strong data-start=\"4643\" data-end=\"4666\">Reise- und B\u00fcronutzung<\/strong><\/h3>\n<p data-start=\"4669\" data-end=\"4738\">Ideal f\u00fcr Hotels, Flugh\u00e4fen, Gesch\u00e4ftsreisen und Gemeinschaftsb\u00fcros.<\/p>\n<h2 data-start=\"4745\" data-end=\"4762\"><strong data-start=\"4747\" data-end=\"4762\">Produkt-FAQ<\/strong><\/h2>\n<h3 data-start=\"4764\" data-end=\"4828\"><strong data-start=\"4768\" data-end=\"4826\">Frage 1: Kann dieses Ladeger\u00e4t ein iPhone oder Samsung-Ger\u00e4t schnell aufladen?<\/strong><\/h3>\n<p data-start=\"4829\" data-end=\"4944\">Ja. Der USB-C PD-Anschluss unterst\u00fctzt Schnellladen f\u00fcr iPhone-Modelle und Samsungs Schnelllade-\/Adaptives Schnellladen.<\/p>\n<h3 data-start=\"4946\" data-end=\"5003\"><strong data-start=\"4950\" data-end=\"5001\">Frage 2: Kann es zwei Ger\u00e4te gleichzeitig aufladen?<\/strong><\/h3>\n<p data-start=\"5004\" data-end=\"5089\">Ja. Bei gleichzeitiger Verwendung von USB-C und USB-A betr\u00e4gt die gesamte gemeinsame Ausgangsleistung <strong data-start=\"5079\" data-end=\"5088\">5V\/3A<\/strong>.<\/p>\n<h3 data-start=\"5091\" data-end=\"5147\"><strong data-start=\"5095\" data-end=\"5145\">Frage 3: Ist der TR7930ACUS2 f\u00fcr den Langzeitgebrauch sicher?<\/strong><\/h3>\n<p data-start=\"5148\" data-end=\"5283\">Absolut. Es umfasst f\u00fcnf wichtige Schutzsysteme und ist zertifiziert von <strong data-start=\"5222\" data-end=\"5247\">ETL, CE, FCC, PSE, KC<\/strong>, um einen sicheren und zuverl\u00e4ssigen Betrieb zu gew\u00e4hrleisten.<\/p>\n<h3 data-start=\"5285\" data-end=\"5323\"><strong data-start=\"5289\" data-end=\"5321\">Frage 4: Werden Laptops unterst\u00fctzt?<\/strong><\/h3>\n<p data-start=\"5324\" data-end=\"5434\">Ja. Viele Laptops und Ultrabooks mit geringem Stromverbrauch (MacBook Air, Surface Go usw.) k\u00f6nnen \u00fcber USB-C PD mit 30 W geladen werden.<\/p>\n<h3 data-start=\"5436\" data-end=\"5492\"><strong data-start=\"5440\" data-end=\"5490\">Frage 5: Unterst\u00fctzt dieses Ladeger\u00e4t internationale Spannungen?<\/strong><\/h3>\n<p data-start=\"5493\" data-end=\"5587\">Ja. Mit <strong data-start=\"5503\" data-end=\"5515\">100\u2013240 V<\/strong> Dank der Unterst\u00fctzung und der vielf\u00e4ltigen Anschlussm\u00f6glichkeiten eignet es sich f\u00fcr Reisen weltweit.<\/p>\n<h3 data-start=\"5589\" data-end=\"5658\"><strong data-start=\"5593\" data-end=\"5656\">F6: Kann ich dieses Ladeger\u00e4t mit individuellem Logo oder individueller Verpackung bestellen?<\/strong><\/h3>\n<p data-start=\"5659\" data-end=\"5756\">Ja. F\u00fcr B2B-Kunden sind OEM\/ODM-kundenspezifische Branding-, Farb-, Verpackungs- und Steckeroptionen verf\u00fcgbar.<\/p>\n<h2 data-start=\"5763\" data-end=\"5807\"><strong data-start=\"5765\" data-end=\"5807\">Unternehmensvorteil<\/strong><\/h2>\n<h3><strong data-start=\"5813\" data-end=\"5888\">Warum Sie sich f\u00fcr uns entscheiden sollten \u2013 Starke Fertigungskapazit\u00e4ten und zuverl\u00e4ssige Lieferkette<\/strong><\/h3>\n<p data-start=\"5890\" data-end=\"6171\">Aufbauend auf den hervorgehobenen St\u00e4rken am <strong data-start=\"5932\" data-end=\"5947\">szjialu.com<\/strong>, Das Unternehmen zeichnet sich aus durch seine <strong data-start=\"5980\" data-end=\"6068\">Professionelles Forschungs- und Entwicklungsteam, strenges Qualit\u00e4tsmanagement und moderne Produktionsanlagen<\/strong>. Mit jahrelanger Erfahrung in der Unterhaltungselektronik- und Stromversorgungsbranche bietet das Unternehmen Folgendes an:<\/p>\n<ul data-start=\"6173\" data-end=\"6580\">\n<li data-start=\"6173\" data-end=\"6244\">\n<p data-start=\"6175\" data-end=\"6244\"><strong data-start=\"6175\" data-end=\"6210\">Stabile Massenproduktionskapazit\u00e4t<\/strong> mit moderner automatisierter Ausr\u00fcstung<\/p>\n<\/li>\n<li data-start=\"6245\" data-end=\"6318\">\n<p data-start=\"6247\" data-end=\"6318\"><strong data-start=\"6247\" data-end=\"6276\">Strenge Qualit\u00e4tskontrolle<\/strong> von Rohstoffen bis zu Fertigprodukten<\/p>\n<\/li>\n<li data-start=\"6319\" data-end=\"6412\">\n<p data-start=\"6321\" data-end=\"6412\"><strong data-start=\"6321\" data-end=\"6354\">Professionelle OEM\/ODM-Dienstleistungen<\/strong> einschlie\u00dflich kundenspezifischer Formen, Eigenmarken und Verpackung<\/p>\n<\/li>\n<li data-start=\"6413\" data-end=\"6501\">\n<p data-start=\"6415\" data-end=\"6501\"><strong data-start=\"6415\" data-end=\"6465\">Einhaltung globaler Zertifizierungsstandards<\/strong> f\u00fcr einen sicheren Zugang zu wichtigen M\u00e4rkten<\/p>\n<\/li>\n<li data-start=\"6502\" data-end=\"6580\">\n<p data-start=\"6504\" data-end=\"6580\"><strong data-start=\"6504\" data-end=\"6532\">Schnelle Lieferf\u00e4higkeit<\/strong> unterst\u00fctzt durch ein effizientes Lieferkettensystem<\/p>\n<\/li>\n<\/ul>","protected":false},"excerpt":{"rendered":"<p><strong data-start=\"1910\" data-end=\"1926\">Produktname: <\/strong>30-W-PD-Ladeger\u00e4t<\/p>\n<p><strong data-start=\"1948\" data-end=\"1964\">Modellnummer: <\/strong>TR7930ACUS2<\/p>\n<p><strong data-start=\"1983\" data-end=\"1993\">Herkunft: <\/strong>China (Festland)<\/p>\n<p><strong data-start=\"2017\" data-end=\"2026\">Eingang: <\/strong>100\u2013240 V, 50\/60 Hz, 0,8 A<\/p>\n<p><strong data-start=\"2057\" data-end=\"2075\">Ausgang \u2013 USB-C: <\/strong>5V\/3A, 9V\/3A, 12V\/2,5A, 15V\/2A, 20V\/1,5A (max. 30W)<\/p>\n<p><strong data-start=\"2133\" data-end=\"2151\">Ausgang \u2013 USB-A: <\/strong>5V\/3A, 9V\/2A, 12V\/1,5A (18W max.)<\/p>\n<p><strong data-start=\"2191\" data-end=\"2219\">USB-A + USB-C (kombiniert): <\/strong>5V\/3A gemeinsam genutzt<\/p>\n<p><strong data-start=\"2239\" data-end=\"2255\">Anwendungsbereiche: <\/strong>Laptop, Notebook, Tablet, Mobiltelefon, Digitale Ger\u00e4te<\/p>\n<p><strong data-start=\"2318\" data-end=\"2336\">Steckerstandards: <\/strong>USA, EU, Gro\u00dfbritannien, Japan, Korea<\/p>\n<p><strong data-start=\"2368\" data-end=\"2380\">Material: <\/strong>PC<\/p>\n<p><strong data-start=\"2390\" data-end=\"2400\">Farben: <\/strong>Schwarz, Wei\u00df<\/p>\n<p><strong data-start=\"2420\" data-end=\"2430\">Gewicht: <\/strong>50 g<\/p>\n<p><strong data-start=\"2441\" data-end=\"2454\">Verpackung: <\/strong>Einzelhandelsverpackung<\/p>\n<p><strong data-start=\"2476\" data-end=\"2490\">Effizienz: <\/strong>Stufe VI<\/p>\n<p><strong data-start=\"2506\" data-end=\"2524\">Zertifizierungen: <\/strong>ETL, CE, FCC, UKCA, PSE, KC, RoHS, REACH<\/p>","protected":false},"featured_media":1305,"comment_status":"closed","ping_status":"closed","template":"","meta":{"_acf_changed":false,"site-sidebar-layout":"default","site-content-layout":"","ast-site-content-layout":"default","site-content-style":"default","site-sidebar-style":"default","ast-global-header-display":"","ast-banner-title-visibility":"","ast-main-header-display":"","ast-hfb-above-header-display":"","ast-hfb-below-header-display":"","ast-hfb-mobile-header-display":"","site-post-title":"","ast-breadcrumbs-content":"","ast-featured-img":"","footer-sml-layout":"","ast-disable-related-posts":"","theme-transparent-header-meta":"default","adv-header-id-meta":"","stick-header-meta":"","header-above-stick-meta":"","header-main-stick-meta":"","header-below-stick-meta":"","astra-migrate-meta-layouts":"set","ast-page-background-enabled":"default","ast-page-background-meta":{"desktop":{"background-color":"var(--ast-global-color-5)","background-image":"","background-repeat":"repeat","background-position":"center center","background-size":"auto","background-attachment":"scroll","background-type":"","background-media":"","overlay-type":"","overlay-color":"","overlay-opacity":"","overlay-gradient":""},"tablet":{"background-color":"","background-image":"","background-repeat":"repeat","background-position":"center center","background-size":"auto","background-attachment":"scroll","background-type":"","background-media":"","overlay-type":"","overlay-color":"","overlay-opacity":"","overlay-gradient":""},"mobile":{"background-color":"","background-image":"","background-repeat":"repeat","background-position":"center center","background-size":"auto","background-attachment":"scroll","background-type":"","background-media":"","overlay-type":"","overlay-color":"","overlay-opacity":"","overlay-gradient":""}},"ast-content-background-meta":{"desktop":{"background-color":"var(--ast-global-color-4)","background-image":"","background-repeat":"repeat","background-position":"center center","background-size":"auto","background-attachment":"scroll","background-type":"","background-media":"","overlay-type":"","overlay-color":"","overlay-opacity":"","overlay-gradient":""},"tablet":{"background-color":"var(--ast-global-color-4)","background-image":"","background-repeat":"repeat","background-position":"center center","background-size":"auto","background-attachment":"scroll","background-type":"","background-media":"","overlay-type":"","overlay-color":"","overlay-opacity":"","overlay-gradient":""},"mobile":{"background-color":"var(--ast-global-color-4)","background-image":"","background-repeat":"repeat","background-position":"center center","background-size":"auto","background-attachment":"scroll","background-type":"","background-media":"","overlay-type":"","overlay-color":"","overlay-opacity":"","overlay-gradient":""}}},"product_brand":[],"product_cat":[30,46],"product_tag":[136,151,149,89],"class_list":{"0":"post-1304","1":"product","2":"type-product","3":"status-publish","4":"has-post-thumbnail","6":"product_cat-gan-charger","7":"product_cat-30w","8":"product_tag-30w-pd-fast-charger","9":"product_tag-30w-wall-charger","10":"product_tag-fast-charging-adapter","11":"product_tag-usb-c-fast-charger","12":"desktop-align-left","13":"tablet-align-left","14":"mobile-align-left","16":"first","17":"instock","18":"shipping-taxable","19":"product-type-simple"},"acf":[],"_links":{"self":[{"href":"https:\/\/szjialu.com\/de\/wp-json\/wp\/v2\/product\/1304","targetHints":{"allow":["GET"]}}],"collection":[{"href":"https:\/\/szjialu.com\/de\/wp-json\/wp\/v2\/product"}],"about":[{"href":"https:\/\/szjialu.com\/de\/wp-json\/wp\/v2\/types\/product"}],"replies":[{"embeddable":true,"href":"https:\/\/szjialu.com\/de\/wp-json\/wp\/v2\/comments?post=1304"}],"wp:featuredmedia":[{"embeddable":true,"href":"https:\/\/szjialu.com\/de\/wp-json\/wp\/v2\/media\/1305"}],"wp:attachment":[{"href":"https:\/\/szjialu.com\/de\/wp-json\/wp\/v2\/media?parent=1304"}],"wp:term":[{"taxonomy":"product_brand","embeddable":true,"href":"https:\/\/szjialu.com\/de\/wp-json\/wp\/v2\/product_brand?post=1304"},{"taxonomy":"product_cat","embeddable":true,"href":"https:\/\/szjialu.com\/de\/wp-json\/wp\/v2\/product_cat?post=1304"},{"taxonomy":"product_tag","embeddable":true,"href":"https:\/\/szjialu.com\/de\/wp-json\/wp\/v2\/product_tag?post=1304"}],"curies":[{"name":"wp","href":"https:\/\/api.w.org\/{rel}","templated":true}]}}