{"id":1292,"date":"2025-12-02T14:56:44","date_gmt":"2025-12-02T14:56:44","guid":{"rendered":"https:\/\/szjialu.com\/?post_type=product&#038;p=1292"},"modified":"2026-02-13T04:41:36","modified_gmt":"2026-02-13T04:41:36","slug":"30w-pd-ladegerat-tr7930ackr","status":"publish","type":"product","link":"https:\/\/szjialu.com\/de\/product\/30w-pd-charger-tr7930ackr\/","title":{"rendered":"30W PD-Ladeger\u00e4t TR7930ACKR"},"content":{"rendered":"<h2 data-start=\"987\" data-end=\"1008\">Produkt\u00fcbersicht<\/h2>\n<p data-start=\"1010\" data-end=\"1430\">Der <strong data-start=\"1014\" data-end=\"1055\"><span class=\"entity-underline hover:entity-accent inline cursor-pointer align-baseline\"><span class=\"whitespace-normal\">30-W-PD-Ladeger\u00e4t<\/span><\/span><\/strong> Es bietet eine ausgewogene Kombination aus Mobilit\u00e4t, Leistung und Sicherheit \u2013 verpackt in einem kompakten Geh\u00e4use, das es zur idealen Ladel\u00f6sung f\u00fcr Laptops, Notebooks, Tablets, Smartphones und andere USB-Ger\u00e4te macht. Mit USB-C- und USB-A-Anschl\u00fcssen, universeller Eingangsspannung und Unterst\u00fctzung f\u00fcr viele Steckertypen ist es f\u00fcr den weltweiten Einsatz geeignet, ob zu Hause, im B\u00fcro oder unterwegs.<\/p>\n<p data-start=\"1432\" data-end=\"1669\">Hergestellt von Shenzhen Jialu Technology \u2013 einem angesehenen Zulieferer in der Netzteilbranche \u2013 spiegelt dieses Ladeger\u00e4t das Engagement des Unternehmens f\u00fcr international konforme Qualit\u00e4t und Zuverl\u00e4ssigkeit wider.<\/p>\n<h2 data-start=\"1676\" data-end=\"1695\">Spezifikationen<\/h2>\n<div class=\"_tableContainer_1rjym_1\">\n<div class=\"group _tableWrapper_1rjym_13 flex w-fit flex-col-reverse\" tabindex=\"-1\">\n<table class=\"w-fit min-w-(--thread-content-width)\" data-start=\"1697\" data-end=\"2566\">\n<thead data-start=\"1697\" data-end=\"1718\">\n<tr data-start=\"1697\" data-end=\"1718\">\n<th data-start=\"1697\" data-end=\"1709\" data-col-size=\"sm\">Parameter<\/th>\n<th data-start=\"1709\" data-end=\"1718\" data-col-size=\"lg\">Wert<\/th>\n<\/tr>\n<\/thead>\n<tbody data-start=\"1740\" data-end=\"2566\">\n<tr data-start=\"1740\" data-end=\"1773\">\n<td data-start=\"1740\" data-end=\"1759\" data-col-size=\"sm\"><strong data-start=\"1742\" data-end=\"1758\">Modellnummer<\/strong><\/td>\n<td data-col-size=\"lg\" data-start=\"1759\" data-end=\"1773\">TR7930ACKR<\/td>\n<\/tr>\n<tr data-start=\"1774\" data-end=\"1819\">\n<td data-start=\"1774\" data-end=\"1786\" data-col-size=\"sm\"><strong data-start=\"1776\" data-end=\"1785\">Eingang<\/strong><\/td>\n<td data-col-size=\"lg\" data-start=\"1786\" data-end=\"1819\">100\u2013240 V Wechselstrom, 50\/60 Hz, 0,8 A<\/td>\n<\/tr>\n<tr data-start=\"1820\" data-end=\"2003\">\n<td data-start=\"1820\" data-end=\"1833\" data-col-size=\"sm\"><strong data-start=\"1822\" data-end=\"1832\">Ausgabe<\/strong><\/td>\n<td data-col-size=\"lg\" data-start=\"1833\" data-end=\"2003\">USB-C: 5 V\/3 A, 9 V\/3 A, 12 V\/2,5 A, 15 V\/2 A, 20 V\/1,5 A (max. 30 W)<br \/>\nUSB-A: 5 V\/3 A, 9 V\/2 A, 12 V\/1,5 A (max. 18 W)<br \/>\nUSB-A + USB-C (gemeinsam genutzt): 5 V 3 A gemeinsam genutzt<\/td>\n<\/tr>\n<tr data-start=\"2004\" data-end=\"2067\">\n<td data-start=\"2004\" data-end=\"2039\" data-col-size=\"sm\"><strong data-start=\"2006\" data-end=\"2038\">Steckdosenstandards \/ Steckertypen<\/strong><\/td>\n<td data-col-size=\"lg\" data-start=\"2039\" data-end=\"2067\">USA, EU, Gro\u00dfbritannien, Japan, Korea<\/td>\n<\/tr>\n<tr data-start=\"2068\" data-end=\"2097\">\n<td data-start=\"2068\" data-end=\"2081\" data-col-size=\"sm\"><strong data-start=\"2070\" data-end=\"2080\">Farben<\/strong><\/td>\n<td data-col-size=\"lg\" data-start=\"2081\" data-end=\"2097\">Schwarz, Wei\u00df<\/td>\n<\/tr>\n<tr data-start=\"2098\" data-end=\"2129\">\n<td data-start=\"2098\" data-end=\"2113\" data-col-size=\"sm\"><strong data-start=\"2100\" data-end=\"2112\">Material<\/strong><\/td>\n<td data-col-size=\"lg\" data-start=\"2113\" data-end=\"2129\">PC (Geh\u00e4use)<\/td>\n<\/tr>\n<tr data-start=\"2130\" data-end=\"2152\">\n<td data-start=\"2130\" data-end=\"2143\" data-col-size=\"sm\"><strong data-start=\"2132\" data-end=\"2142\">Gewicht<\/strong><\/td>\n<td data-col-size=\"lg\" data-start=\"2143\" data-end=\"2152\">ca. 50 g<\/td>\n<\/tr>\n<tr data-start=\"2153\" data-end=\"2185\">\n<td data-start=\"2153\" data-end=\"2167\" data-col-size=\"sm\"><strong data-start=\"2155\" data-end=\"2166\">Verpackung<\/strong><\/td>\n<td data-col-size=\"lg\" data-start=\"2167\" data-end=\"2185\">Einzelhandelsverpackung<\/td>\n<\/tr>\n<tr data-start=\"2186\" data-end=\"2352\">\n<td data-start=\"2186\" data-end=\"2212\" data-col-size=\"sm\"><strong data-start=\"2188\" data-end=\"2211\">Schutzfunktionen<\/strong><\/td>\n<td data-col-size=\"lg\" data-start=\"2212\" data-end=\"2352\">Kurzschlussschutz (SCP), \u00dcberspannungsschutz (OVP), \u00dcberstromschutz (OCP), \u00dcberlastschutz, R\u00fcckflussschutz<\/td>\n<\/tr>\n<tr data-start=\"2353\" data-end=\"2382\">\n<td data-start=\"2353\" data-end=\"2376\" data-col-size=\"sm\"><strong data-start=\"2355\" data-end=\"2375\">Effizienzniveau<\/strong><\/td>\n<td data-col-size=\"lg\" data-start=\"2376\" data-end=\"2382\">VI<\/td>\n<\/tr>\n<tr data-start=\"2383\" data-end=\"2448\">\n<td data-start=\"2383\" data-end=\"2404\" data-col-size=\"sm\"><strong data-start=\"2385\" data-end=\"2403\">Zertifizierungen<\/strong><\/td>\n<td data-col-size=\"lg\" data-start=\"2404\" data-end=\"2448\">ETL, CE, FCC, UKCA, PSE, KC, RoHS, REACH<\/td>\n<\/tr>\n<tr data-start=\"2449\" data-end=\"2495\">\n<td data-start=\"2449\" data-end=\"2477\" data-col-size=\"sm\"><strong data-start=\"2451\" data-end=\"2476\">Betriebstemperatur<\/strong><\/td>\n<td data-col-size=\"lg\" data-start=\"2477\" data-end=\"2495\">\u201320 \u00b0C ~ 55 \u00b0C<\/td>\n<\/tr>\n<tr data-start=\"2496\" data-end=\"2540\">\n<td data-start=\"2496\" data-end=\"2522\" data-col-size=\"sm\"><strong data-start=\"2498\" data-end=\"2521\">Lagertemperatur<\/strong><\/td>\n<td data-col-size=\"lg\" data-start=\"2522\" data-end=\"2540\">\u201340 \u00b0C ~ 70 \u00b0C<\/td>\n<\/tr>\n<tr data-start=\"2541\" data-end=\"2566\">\n<td data-start=\"2541\" data-end=\"2556\" data-col-size=\"sm\"><strong data-start=\"2543\" data-end=\"2555\">Garantie<\/strong><\/td>\n<td data-col-size=\"lg\" data-start=\"2556\" data-end=\"2566\">1 Jahr<\/td>\n<\/tr>\n<\/tbody>\n<\/table>\n<\/div>\n<\/div>\n<figure id=\"attachment_1293\" aria-describedby=\"caption-attachment-1293\" style=\"width: 651px\" class=\"wp-caption alignnone\"><img fetchpriority=\"high\" decoding=\"async\" class=\"wp-image-1293\" src=\"https:\/\/szjialu.com\/wp-content\/uploads\/2025\/12\/\u4e3b\u56fe1-300x300.jpg\" alt=\"30-W-PD-Ladeger\u00e4t\" width=\"651\" height=\"651\" srcset=\"https:\/\/szjialu.com\/wp-content\/uploads\/2025\/12\/\u4e3b\u56fe1-300x300.jpg 300w, https:\/\/szjialu.com\/wp-content\/uploads\/2025\/12\/\u4e3b\u56fe1-150x150.jpg 150w, https:\/\/szjialu.com\/wp-content\/uploads\/2025\/12\/\u4e3b\u56fe1-768x768.jpg 768w, https:\/\/szjialu.com\/wp-content\/uploads\/2025\/12\/\u4e3b\u56fe1-600x600.jpg 600w, https:\/\/szjialu.com\/wp-content\/uploads\/2025\/12\/\u4e3b\u56fe1-100x100.jpg 100w, https:\/\/szjialu.com\/wp-content\/uploads\/2025\/12\/\u4e3b\u56fe1-64x64.jpg 64w, https:\/\/szjialu.com\/wp-content\/uploads\/2025\/12\/\u4e3b\u56fe1.jpg 800w\" sizes=\"(max-width: 651px) 100vw, 651px\" \/><figcaption id=\"caption-attachment-1293\" class=\"wp-caption-text\">30-W-PD-Ladeger\u00e4t<\/figcaption><\/figure>\n<h2 data-start=\"2573\" data-end=\"2596\">Wichtigste Verkaufsargumente<\/h2>\n<ul data-start=\"2598\" data-end=\"4183\">\n<li data-start=\"2598\" data-end=\"2772\">\n<p data-start=\"2600\" data-end=\"2772\"><strong data-start=\"2600\" data-end=\"2636\">Kompakt und leicht f\u00fcr Reisen<\/strong> Mit nur ca. 50 g ist dieses Ladeger\u00e4t \u00e4u\u00dferst portabel und leicht zu transportieren und eignet sich daher perfekt f\u00fcr Reisen, Gesch\u00e4ftsreisen oder den t\u00e4glichen Arbeitsweg.<\/p>\n<\/li>\n<li data-start=\"2773\" data-end=\"2927\">\n<p data-start=\"2775\" data-end=\"2927\"><strong data-start=\"2775\" data-end=\"2816\">Komfortabler Doppelanschluss (USB-C + USB-A)<\/strong> \u2014 Zwei Ger\u00e4te gleichzeitig laden: moderne Ger\u00e4te \u00fcber USB-C PD und \u00e4ltere Handys oder Zubeh\u00f6r \u00fcber USB-A.<\/p>\n<\/li>\n<li data-start=\"2928\" data-end=\"3129\">\n<p data-start=\"2930\" data-end=\"3129\"><strong data-start=\"2930\" data-end=\"2962\">Echte weltweite Kompatibilit\u00e4t<\/strong> \u2014 Unterst\u00fctzt 100\u2013240 V Wechselstrom-Eingangsspannung und deckt damit praktisch alle globalen Netzspannungen ab; mehrere Steckertypen verf\u00fcgbar (USA, EU, Gro\u00dfbritannien, Japan, Korea) \u2014 ein Ladeger\u00e4t funktioniert weltweit.<\/p>\n<\/li>\n<li data-start=\"3130\" data-end=\"3275\">\n<p data-start=\"3132\" data-end=\"3275\"><strong data-start=\"3132\" data-end=\"3163\">PD-Schnellladung mit bis zu 30 W<\/strong> \u2014 USB-C Power Delivery gew\u00e4hrleistet effizientes und stabiles Laden f\u00fcr Laptops, Tablets und Smartphones, die PD unterst\u00fctzen.<\/p>\n<\/li>\n<li data-start=\"3276\" data-end=\"3506\">\n<p data-start=\"3278\" data-end=\"3506\"><strong data-start=\"3278\" data-end=\"3309\">Mehrfache Sicherheitsvorkehrungen<\/strong> \u2014 Eingebaute Schutzmechanismen (Kurzschluss, \u00dcberspannung, \u00dcberstrom, \u00dcberlastung, R\u00fcckstrom) sowie die Einhaltung wichtiger internationaler Sicherheitsstandards sch\u00fctzen sowohl das Ladeger\u00e4t als auch die angeschlossenen Ger\u00e4te.<\/p>\n<\/li>\n<li data-start=\"3507\" data-end=\"3630\">\n<p data-start=\"3509\" data-end=\"3630\"><strong data-start=\"3509\" data-end=\"3534\">Zertifiziert und konform<\/strong> \u2014 CE-, ETL-, FCC-, UKCA-, PSE-, KC-, RoHS- und REACH-Zulassungen \u2014 bereit f\u00fcr den Verkauf in vielen globalen M\u00e4rkten.<\/p>\n<\/li>\n<li data-start=\"3631\" data-end=\"3931\">\n<p data-start=\"3633\" data-end=\"3931\"><strong data-start=\"3633\" data-end=\"3669\">Hintergrundinformationen zum zuverl\u00e4ssigen Hersteller<\/strong> \u2014 Hergestellt von Shenzhen Jialu Technology, die zertifiziertes Qualit\u00e4tsmanagement (ISO9001), Umweltstandards (ISO14001) und soziale Compliance (BSCI) anwendet, um eine gleichbleibende Fertigungsqualit\u00e4t und ethische Praktiken zu gew\u00e4hrleisten.<\/p>\n<\/li>\n<li data-start=\"3932\" data-end=\"4183\">\n<p data-start=\"3934\" data-end=\"4183\"><strong data-start=\"3934\" data-end=\"3970\">OEM\/ODM- und Private-Label-freundlich<\/strong> \u2014 F\u00fcr Unternehmen und Einzelh\u00e4ndler bietet der Hersteller OEM\/ODM-Services und unterst\u00fctzt individuelle Anpassungen, von Steckertypen bis hin zu Verpackungen \u2013 ideal f\u00fcr White-Label- oder Markenl\u00f6sungen.<\/p>\n<\/li>\n<\/ul>\n<h2 data-start=\"4190\" data-end=\"4215\">Typische Anwendungen<\/h2>\n<ul data-start=\"4217\" data-end=\"4689\">\n<li data-start=\"4217\" data-end=\"4295\">\n<p data-start=\"4219\" data-end=\"4295\">Laden von Laptops oder Ultrabooks (die USB-C PD unterst\u00fctzen und \u2264 30 W ben\u00f6tigen).<\/p>\n<\/li>\n<li data-start=\"4296\" data-end=\"4362\">\n<p data-start=\"4298\" data-end=\"4362\">Laden von Tablets, E-Readern und 2-in-1-Convertible-Notebooks.<\/p>\n<\/li>\n<li data-start=\"4363\" data-end=\"4421\">\n<p data-start=\"4365\" data-end=\"4421\">Schnellladen von Smartphones und anderen Mobilger\u00e4ten.<\/p>\n<\/li>\n<li data-start=\"4422\" data-end=\"4510\">\n<p data-start=\"4424\" data-end=\"4510\">Stromversorgung von Zubeh\u00f6r wie Bluetooth-Kopfh\u00f6rern, tragbaren Lautsprechern und kleinen Gadgets.<\/p>\n<\/li>\n<li data-start=\"4511\" data-end=\"4604\">\n<p data-start=\"4513\" data-end=\"4604\">Reisen und internationale Ausfl\u00fcge \u2013 ein Ladeger\u00e4t funktioniert weltweit mit verschiedenen Steckeroptionen.<\/p>\n<\/li>\n<li data-start=\"4605\" data-end=\"4689\">\n<p data-start=\"4607\" data-end=\"4689\">Ob im B\u00fcro, zu Hause oder unterwegs \u2013 bewahren Sie eines f\u00fcr den Schreibtisch, eines f\u00fcr die Tasche und eines f\u00fcr die Reise auf.<\/p>\n<\/li>\n<\/ul>\n<h2 data-start=\"4696\" data-end=\"4742\">\u00dcber den Hersteller \u2013 Warum Jialu w\u00e4hlen?<\/h2>\n<p data-start=\"4744\" data-end=\"5106\">Shenzhen Jialu Technology Co., Ltd. ist ein mittelst\u00e4ndischer Hersteller von Stromversorgungen mit Sitz in Shenzhen, China. Das Unternehmen ist spezialisiert auf die Entwicklung, Herstellung und den Export einer breiten Palette von Stromversorgungsprodukten: Schaltnetzteile, USB\/PD-Ladeger\u00e4te, GaN-Ladeger\u00e4te, Powerbanks und kundenspezifische Stromversorgungsl\u00f6sungen.<\/p>\n<p data-start=\"5108\" data-end=\"5137\">Einige Vorteile von Jialu:<\/p>\n<ul data-start=\"5139\" data-end=\"6151\">\n<li data-start=\"5139\" data-end=\"5429\">\n<p data-start=\"5141\" data-end=\"5429\"><strong data-start=\"5141\" data-end=\"5186\">Zertifizierte Qualit\u00e4t und verantwortungsvolle Gesch\u00e4ftspraktiken<\/strong> \u2014 Jialu ist nach ISO 9001 (Qualit\u00e4tsmanagement), ISO 14001 (Umweltmanagement) und BSCI (Sozialstandards) zertifiziert und gew\u00e4hrleistet so, dass Produkte und Herstellungsprozesse internationalen Standards entsprechen.<\/p>\n<\/li>\n<li data-start=\"5430\" data-end=\"5677\">\n<p data-start=\"5432\" data-end=\"5677\"><strong data-start=\"5432\" data-end=\"5462\">Starke Produktionskapazit\u00e4t<\/strong> \u2014 Das 6.000 m\u00b2 gro\u00dfe Werk in Shenzhen besch\u00e4ftigt rund 300 Mitarbeiter (darunter mehr als 40 leitende technische und Managementkr\u00e4fte), was eine Produktion in gro\u00dfem Umfang bei gleichzeitiger Beibehaltung der Qualit\u00e4t erm\u00f6glicht.<\/p>\n<\/li>\n<li data-start=\"5678\" data-end=\"5913\">\n<p data-start=\"5680\" data-end=\"5913\"><strong data-start=\"5680\" data-end=\"5716\">Globale Reichweite &amp; Exporterfahrung<\/strong> Die Produkte werden in \u00fcber 100 L\u00e4nder weltweit exportiert. Dank umfassender OEM\/ODM-Erfahrung ist Jialu bestens aufgestellt, um globale Marken und Wiederverk\u00e4ufer zu unterst\u00fctzen.<\/p>\n<\/li>\n<li data-start=\"5914\" data-end=\"6151\">\n<p data-start=\"5916\" data-end=\"6151\"><strong data-start=\"5916\" data-end=\"5952\">Flexible Anpassung &amp; Unterst\u00fctzung<\/strong> \u2014 F\u00fcr Kunden, die individuelle Steckertypen, Branding, Verpackungen oder Spezifikationsanpassungen ben\u00f6tigen, bietet Jialu umfassende OEM\/ODM-Dienstleistungen mit reaktionsschnellem 24\u00d77-Support.<\/p>\n<\/li>\n<\/ul>\n<p data-start=\"6153\" data-end=\"6345\">Diese St\u00e4rken machen das 30W PD-Ladeger\u00e4t nicht nur zu einem eigenst\u00e4ndigen Produkt, sondern zu einem Teil eines umfassenderen \u00d6kosystems konformer, skalierbarer und anpassbarer Stromversorgungsl\u00f6sungen eines zuverl\u00e4ssigen Herstellers.<\/p>\n<h2 data-start=\"6352\" data-end=\"6360\">H\u00e4ufig gestellte Fragen<\/h2>\n<p data-start=\"6362\" data-end=\"6604\"><strong data-start=\"6362\" data-end=\"6432\">F: Funktioniert dieses Ladeger\u00e4t weltweit (d. h. in verschiedenen L\u00e4ndern)?<\/strong><br data-start=\"6432\" data-end=\"6435\" \/>A: Ja \u2013 das 30-W-PD-Ladeger\u00e4t akzeptiert 100\u2013240 V Wechselstrom, 50\/60 Hz. Bei Auswahl des richtigen Steckertyps (US\/EU\/UK\/JP\/KR) ist es f\u00fcr die meisten L\u00e4nder weltweit geeignet.<\/p>\n<p data-start=\"6606\" data-end=\"6881\"><strong data-start=\"6606\" data-end=\"6673\">F: Kann ich zwei Ger\u00e4te gleichzeitig aufladen (USB-C und USB-A)?<\/strong><br data-start=\"6673\" data-end=\"6676\" \/>A: Ja, das ist m\u00f6glich. Wenn jedoch beide Anschl\u00fcsse gleichzeitig verwendet werden, ist die gesamte gemeinsame Ausgangsleistung durch die Auslegung des Ladeger\u00e4ts begrenzt (5 V 3 A geteilt f\u00fcr USB-A + USB-C), sodass sich die Ladegeschwindigkeit entsprechend verringern kann.<\/p>\n<p data-start=\"6883\" data-end=\"7233\"><strong data-start=\"6883\" data-end=\"6940\">F: Kann ich es sicher mit meinem Laptop \/ Handy \/ Tablet verwenden?<\/strong><br data-start=\"6940\" data-end=\"6943\" \/>A: Ja \u2013 das Ladeger\u00e4t verf\u00fcgt \u00fcber mehrere Sicherheitsvorkehrungen (Kurzschluss, \u00dcberspannung, \u00dcberstrom, \u00dcberlastung, R\u00fcckfluss) und besitzt international anerkannte Zertifizierungen (ETL, CE, FCC, UKCA, PSE, KC, RoHS, REACH), was bedeutet, dass es so konstruiert ist, dass es strenge Sicherheits- und Konformit\u00e4tsstandards erf\u00fcllt.<\/p>\n<p style=\"text-align: left;\" data-start=\"7235\" data-end=\"7475\"><strong data-start=\"7235\" data-end=\"7281\">F: Welche Ger\u00e4te kann ich realistischerweise mit Strom versorgen?<\/strong><br data-start=\"7281\" data-end=\"7284\" \/>A: Es eignet sich ideal f\u00fcr Ger\u00e4te, die \u00fcber USB-C oder USB-A geladen werden und bis zu 30 W aufnehmen \u2013 z. B. Tablets, kleine Notebooks\/Ultrabooks, Smartphones, E-Reader, tragbare Ger\u00e4te und anderes Zubeh\u00f6r.<\/p>\n<p data-start=\"7477\" data-end=\"7690\"><strong data-start=\"7477\" data-end=\"7540\">F: Unterst\u00fctzt dieses Produkt kundenspezifisches Branding oder OEM-Auftr\u00e4ge?<\/strong><br data-start=\"7540\" data-end=\"7543\" \/>A: Ja. Der Hersteller bietet OEM\/ODM-Services, kundenspezifische Steckertypen, Verpackungen, Branding an und ist f\u00fcr die Abwicklung von Gro\u00dfbestellungen und Private-Label-Auftr\u00e4gen ger\u00fcstet.<\/p>\n<p data-start=\"7692\" data-end=\"7767\"><strong data-start=\"7692\" data-end=\"7726\">F: Wie lange ist die Garantiezeit?<\/strong><br data-start=\"7726\" data-end=\"7729\" \/>A: 1 Jahr ab Kaufdatum.<\/p>","protected":false},"excerpt":{"rendered":"<p><strong data-start=\"1742\" data-end=\"1758\">Modellnummer: <\/strong>TR7930ACKR<\/p>\n<p><strong data-start=\"1776\" data-end=\"1785\">Eingang: <\/strong>100\u2013240 V Wechselstrom, 50\/60 Hz, 0,8 A<\/p>\n<p><strong data-start=\"1822\" data-end=\"1832\">Ausgabe: <\/strong>USB-C: 5 V\/3 A, 9 V\/3 A, 12 V\/2,5 A, 15 V\/2 A, 20 V\/1,5 A (max. 30 W)<br \/>\nUSB-A: 5 V\/3 A, 9 V\/2 A, 12 V\/1,5 A (max. 18 W)<br \/>\nUSB-A + USB-C (gemeinsam genutzt): 5 V 3 A gemeinsam genutzt<\/p>\n<p><strong data-start=\"2006\" data-end=\"2038\">Steckdosenstandard \/ Steckertypen: <\/strong>USA, EU, Gro\u00dfbritannien, Japan, Korea<strong data-start=\"2070\" data-end=\"2080\">Farben<\/strong>Schwarz, Wei\u00df<\/p>\n<p><strong data-start=\"2100\" data-end=\"2112\">Material: <\/strong>PC (Geh\u00e4use)<\/p>\n<p><strong data-start=\"2132\" data-end=\"2142\">Gewicht: <\/strong>ca. 50 g<\/p>\n<p><strong data-start=\"2155\" data-end=\"2166\">Verpackung:<\/strong>Einzelhandelsverpackung<\/p>\n<p><strong data-start=\"2188\" data-end=\"2211\">Schutzfunktionen: <\/strong>Kurzschlussschutz (SCP), \u00dcberspannungsschutz (OVP), \u00dcberstromschutz (OCP), \u00dcberlastschutz, R\u00fcckflussschutz<\/p>\n<p><strong data-start=\"2355\" data-end=\"2375\">Effizienzniveau: <\/strong>VI<\/p>\n<p><strong data-start=\"2385\" data-end=\"2403\">Zertifizierungen: <\/strong>ETL, CE, FCC, UKCA, PSE, KC, RoHS, REACH<\/p>","protected":false},"featured_media":1293,"comment_status":"closed","ping_status":"closed","template":"","meta":{"_acf_changed":false,"site-sidebar-layout":"default","site-content-layout":"","ast-site-content-layout":"default","site-content-style":"default","site-sidebar-style":"default","ast-global-header-display":"","ast-banner-title-visibility":"","ast-main-header-display":"","ast-hfb-above-header-display":"","ast-hfb-below-header-display":"","ast-hfb-mobile-header-display":"","site-post-title":"","ast-breadcrumbs-content":"","ast-featured-img":"","footer-sml-layout":"","ast-disable-related-posts":"","theme-transparent-header-meta":"default","adv-header-id-meta":"","stick-header-meta":"","header-above-stick-meta":"","header-main-stick-meta":"","header-below-stick-meta":"","astra-migrate-meta-layouts":"set","ast-page-background-enabled":"default","ast-page-background-meta":{"desktop":{"background-color":"var(--ast-global-color-5)","background-image":"","background-repeat":"repeat","background-position":"center center","background-size":"auto","background-attachment":"scroll","background-type":"","background-media":"","overlay-type":"","overlay-color":"","overlay-opacity":"","overlay-gradient":""},"tablet":{"background-color":"","background-image":"","background-repeat":"repeat","background-position":"center center","background-size":"auto","background-attachment":"scroll","background-type":"","background-media":"","overlay-type":"","overlay-color":"","overlay-opacity":"","overlay-gradient":""},"mobile":{"background-color":"","background-image":"","background-repeat":"repeat","background-position":"center center","background-size":"auto","background-attachment":"scroll","background-type":"","background-media":"","overlay-type":"","overlay-color":"","overlay-opacity":"","overlay-gradient":""}},"ast-content-background-meta":{"desktop":{"background-color":"var(--ast-global-color-4)","background-image":"","background-repeat":"repeat","background-position":"center center","background-size":"auto","background-attachment":"scroll","background-type":"","background-media":"","overlay-type":"","overlay-color":"","overlay-opacity":"","overlay-gradient":""},"tablet":{"background-color":"var(--ast-global-color-4)","background-image":"","background-repeat":"repeat","background-position":"center center","background-size":"auto","background-attachment":"scroll","background-type":"","background-media":"","overlay-type":"","overlay-color":"","overlay-opacity":"","overlay-gradient":""},"mobile":{"background-color":"var(--ast-global-color-4)","background-image":"","background-repeat":"repeat","background-position":"center center","background-size":"auto","background-attachment":"scroll","background-type":"","background-media":"","overlay-type":"","overlay-color":"","overlay-opacity":"","overlay-gradient":""}}},"product_brand":[],"product_cat":[46,30],"product_tag":[122,124,144,145],"class_list":{"0":"post-1292","1":"product","2":"type-product","3":"status-publish","4":"has-post-thumbnail","6":"product_cat-30w","7":"product_cat-gan-charger","8":"product_tag-30w-pd-charger","9":"product_tag-fast-charger-30w","10":"product_tag-usb-c-charger-30w","11":"product_tag-worldwide-travel-charger","12":"desktop-align-left","13":"tablet-align-left","14":"mobile-align-left","16":"first","17":"instock","18":"shipping-taxable","19":"product-type-simple"},"acf":[],"_links":{"self":[{"href":"https:\/\/szjialu.com\/de\/wp-json\/wp\/v2\/product\/1292","targetHints":{"allow":["GET"]}}],"collection":[{"href":"https:\/\/szjialu.com\/de\/wp-json\/wp\/v2\/product"}],"about":[{"href":"https:\/\/szjialu.com\/de\/wp-json\/wp\/v2\/types\/product"}],"replies":[{"embeddable":true,"href":"https:\/\/szjialu.com\/de\/wp-json\/wp\/v2\/comments?post=1292"}],"wp:featuredmedia":[{"embeddable":true,"href":"https:\/\/szjialu.com\/de\/wp-json\/wp\/v2\/media\/1293"}],"wp:attachment":[{"href":"https:\/\/szjialu.com\/de\/wp-json\/wp\/v2\/media?parent=1292"}],"wp:term":[{"taxonomy":"product_brand","embeddable":true,"href":"https:\/\/szjialu.com\/de\/wp-json\/wp\/v2\/product_brand?post=1292"},{"taxonomy":"product_cat","embeddable":true,"href":"https:\/\/szjialu.com\/de\/wp-json\/wp\/v2\/product_cat?post=1292"},{"taxonomy":"product_tag","embeddable":true,"href":"https:\/\/szjialu.com\/de\/wp-json\/wp\/v2\/product_tag?post=1292"}],"curies":[{"name":"wp","href":"https:\/\/api.w.org\/{rel}","templated":true}]}}