{"id":1278,"date":"2025-12-01T14:10:32","date_gmt":"2025-12-01T14:10:32","guid":{"rendered":"https:\/\/szjialu.com\/?post_type=product&#038;p=1278"},"modified":"2026-04-07T03:46:01","modified_gmt":"2026-04-07T03:46:01","slug":"65-w-pd-schnellladegerat-tr1071cus2","status":"publish","type":"product","link":"https:\/\/szjialu.com\/de\/product\/65w-pd-fast-charger-tr1071cus2\/","title":{"rendered":"65W PD Schnellladeger\u00e4t TR1071CUS2"},"content":{"rendered":"<h2 data-start=\"846\" data-end=\"868\"><strong data-start=\"848\" data-end=\"868\">Produkt\u00fcbersicht<\/strong><\/h2>\n<p data-start=\"870\" data-end=\"1170\">Der <strong data-start=\"874\" data-end=\"903\">TR1071CUS2 <a href=\"https:\/\/szjialu.com\/de\/nachricht\/ultraflache-gan-pd-ladegerate-20-w-65-w\/\">65-W-PD-Schnellladeger\u00e4t<\/a><\/strong> ist ein fortschrittliches, hocheffizientes Schnellladeger\u00e4t, das f\u00fcr moderne elektronische Ger\u00e4te entwickelt wurde. Ausgestattet mit einem leistungsstarken USB-C-Ausgang, der bis zu \u2026 unterst\u00fctzt <strong data-start=\"1044\" data-end=\"1066\">65 W Leistungsabgabe<\/strong> Und <strong data-start=\"1071\" data-end=\"1089\">PPS-Technologie<\/strong>, Es gew\u00e4hrleistet ein schnelles und stabiles Laden von Laptops, Tablets und Mobiltelefonen.<\/p>\n<p data-start=\"1172\" data-end=\"1442\">Dank seines kompakten 108-g-Geh\u00e4uses, des robusten Polycarbonats und des universellen 100\u2013240-V-Eingangs eignet es sich ideal f\u00fcr Zuhause, B\u00fcro und unterwegs. Mit umfassenden Sicherheitsfunktionen und internationalen Zertifizierungen bietet das TR1071CUS2 Leistung, Zuverl\u00e4ssigkeit und weltweite Kompatibilit\u00e4t.<\/p>\n<h2 data-start=\"1449\" data-end=\"1469\"><strong data-start=\"1451\" data-end=\"1469\">Spezifikationen<\/strong><\/h2>\n<div class=\"_tableContainer_1rjym_1\">\n<div class=\"group _tableWrapper_1rjym_13 flex w-fit flex-col-reverse\" tabindex=\"-1\">\n<table class=\"w-fit min-w-(--thread-content-width)\" data-start=\"1471\" data-end=\"2271\">\n<thead data-start=\"1471\" data-end=\"1497\">\n<tr data-start=\"1471\" data-end=\"1497\">\n<th data-start=\"1471\" data-end=\"1482\" data-col-size=\"sm\"><strong data-start=\"1473\" data-end=\"1481\">Artikel<\/strong><\/th>\n<th data-start=\"1482\" data-end=\"1497\" data-col-size=\"md\"><strong data-start=\"1484\" data-end=\"1495\">Details<\/strong><\/th>\n<\/tr>\n<\/thead>\n<tbody data-start=\"1524\" data-end=\"2271\">\n<tr data-start=\"1524\" data-end=\"1561\">\n<td data-start=\"1524\" data-end=\"1543\" data-col-size=\"sm\"><strong data-start=\"1526\" data-end=\"1542\">Produktname<\/strong><\/td>\n<td data-col-size=\"md\" data-start=\"1543\" data-end=\"1561\">65-W-PD-Ladeger\u00e4t<\/td>\n<\/tr>\n<tr data-start=\"1562\" data-end=\"1595\">\n<td data-start=\"1562\" data-end=\"1581\" data-col-size=\"sm\"><strong data-start=\"1564\" data-end=\"1580\">Modellnummer<\/strong><\/td>\n<td data-col-size=\"md\" data-start=\"1581\" data-end=\"1595\">TR1071CUS2<\/td>\n<\/tr>\n<tr data-start=\"1596\" data-end=\"1638\">\n<td data-start=\"1596\" data-end=\"1618\" data-col-size=\"sm\"><strong data-start=\"1598\" data-end=\"1617\">Herkunftsort<\/strong><\/td>\n<td data-col-size=\"md\" data-start=\"1618\" data-end=\"1638\">China (Festland)<\/td>\n<\/tr>\n<tr data-start=\"1639\" data-end=\"1731\">\n<td data-start=\"1639\" data-end=\"1658\" data-col-size=\"sm\"><strong data-start=\"1641\" data-end=\"1657\">Anwendungen<\/strong><\/td>\n<td data-col-size=\"md\" data-start=\"1658\" data-end=\"1731\">Laptop, Notebook, Tablet, Mobiltelefon und andere USB-betriebene Ger\u00e4te<\/td>\n<\/tr>\n<tr data-start=\"1732\" data-end=\"1771\">\n<td data-start=\"1732\" data-end=\"1744\" data-col-size=\"sm\"><strong data-start=\"1734\" data-end=\"1743\">Eingang<\/strong><\/td>\n<td data-col-size=\"md\" data-start=\"1744\" data-end=\"1771\">100\u2013240 V, 50\/60 Hz, 1,5 A<\/td>\n<\/tr>\n<tr data-start=\"1772\" data-end=\"1837\">\n<td data-start=\"1772\" data-end=\"1794\" data-col-size=\"sm\"><strong data-start=\"1774\" data-end=\"1793\">Standardausgang<\/strong><\/td>\n<td data-col-size=\"md\" data-start=\"1794\" data-end=\"1837\">5 V\/3 A, 9 V\/3 A, 12 V\/3 A, 15 V\/3 A, 20 V\/3,25 A<\/td>\n<\/tr>\n<tr data-start=\"1838\" data-end=\"1888\">\n<td data-start=\"1838\" data-end=\"1855\" data-col-size=\"sm\"><strong data-start=\"1840\" data-end=\"1854\">PPS-Ausgang<\/strong><\/td>\n<td data-col-size=\"md\" data-start=\"1855\" data-end=\"1888\">3,3 V\u201311 V 4,05 A, 3,3 V\u201316 V 3,0 A<\/td>\n<\/tr>\n<tr data-start=\"1889\" data-end=\"1922\">\n<td data-start=\"1889\" data-end=\"1911\" data-col-size=\"sm\"><strong data-start=\"1891\" data-end=\"1910\">Steckdosenstandard<\/strong><\/td>\n<td data-col-size=\"md\" data-start=\"1911\" data-end=\"1922\">USA \/ Japan<\/td>\n<\/tr>\n<tr data-start=\"1923\" data-end=\"1952\">\n<td data-start=\"1923\" data-end=\"1936\" data-col-size=\"sm\"><strong data-start=\"1925\" data-end=\"1935\">Farben<\/strong><\/td>\n<td data-col-size=\"md\" data-start=\"1936\" data-end=\"1952\">Schwarz, Wei\u00df<\/td>\n<\/tr>\n<tr data-start=\"1953\" data-end=\"1974\">\n<td data-start=\"1953\" data-end=\"1968\" data-col-size=\"sm\"><strong data-start=\"1955\" data-end=\"1967\">Material<\/strong><\/td>\n<td data-col-size=\"md\" data-start=\"1968\" data-end=\"1974\">PC<\/td>\n<\/tr>\n<tr data-start=\"1975\" data-end=\"1996\">\n<td data-start=\"1975\" data-end=\"1988\" data-col-size=\"sm\"><strong data-start=\"1977\" data-end=\"1987\">Gewicht<\/strong><\/td>\n<td data-col-size=\"md\" data-start=\"1988\" data-end=\"1996\">108 g<\/td>\n<\/tr>\n<tr data-start=\"1997\" data-end=\"2021\">\n<td data-start=\"1997\" data-end=\"2011\" data-col-size=\"sm\"><strong data-start=\"1999\" data-end=\"2010\">Verpackung<\/strong><\/td>\n<td data-col-size=\"md\" data-start=\"2011\" data-end=\"2021\">PE-Beutel<\/td>\n<\/tr>\n<tr data-start=\"2022\" data-end=\"2095\">\n<td data-start=\"2022\" data-end=\"2039\" data-col-size=\"sm\"><strong data-start=\"2024\" data-end=\"2038\">Schutz<\/strong><\/td>\n<td data-col-size=\"md\" data-start=\"2039\" data-end=\"2095\">Kurzschluss, \u00dcberspannung, \u00dcberstrom, \u00dcberlastung<\/td>\n<\/tr>\n<tr data-start=\"2096\" data-end=\"2125\">\n<td data-start=\"2096\" data-end=\"2113\" data-col-size=\"sm\"><strong data-start=\"2098\" data-end=\"2112\">Effizienz<\/strong><\/td>\n<td data-start=\"2113\" data-end=\"2125\" data-col-size=\"md\">Stufe VI<\/td>\n<\/tr>\n<tr data-start=\"2126\" data-end=\"2161\">\n<td data-start=\"2126\" data-end=\"2144\" data-col-size=\"sm\"><strong data-start=\"2128\" data-end=\"2143\">Zertifikat<\/strong><\/td>\n<td data-start=\"2144\" data-end=\"2161\" data-col-size=\"md\">FCC, ETL, PSE<\/td>\n<\/tr>\n<tr data-start=\"2162\" data-end=\"2187\">\n<td data-start=\"2162\" data-end=\"2177\" data-col-size=\"sm\"><strong data-start=\"2164\" data-end=\"2176\">Garantie<\/strong><\/td>\n<td data-start=\"2177\" data-end=\"2187\" data-col-size=\"md\">1 Jahr<\/td>\n<\/tr>\n<tr data-start=\"2188\" data-end=\"2230\">\n<td data-start=\"2188\" data-end=\"2216\" data-col-size=\"sm\"><strong data-start=\"2190\" data-end=\"2215\">Betriebstemperatur<\/strong><\/td>\n<td data-start=\"2216\" data-end=\"2230\" data-col-size=\"md\">\u201320\u2103 ~ 55\u2103<\/td>\n<\/tr>\n<tr data-start=\"2231\" data-end=\"2271\">\n<td data-start=\"2231\" data-end=\"2257\" data-col-size=\"sm\"><strong data-start=\"2233\" data-end=\"2256\">Lagertemperatur<\/strong><\/td>\n<td data-start=\"2257\" data-end=\"2271\" data-col-size=\"md\">\u201340\u2103 ~ 70\u2103<\/td>\n<\/tr>\n<\/tbody>\n<\/table>\n<\/div>\n<\/div>\n<figure id=\"attachment_1289\" aria-describedby=\"caption-attachment-1289\" style=\"width: 584px\" class=\"wp-caption alignnone\"><img fetchpriority=\"high\" decoding=\"async\" class=\"wp-image-1289\" src=\"https:\/\/szjialu.com\/wp-content\/uploads\/2025\/12\/\u4e3b\u56fe-2-5-300x300.jpg\" alt=\"65-W-PD-Ladeger\u00e4t\" width=\"584\" height=\"584\" srcset=\"https:\/\/szjialu.com\/wp-content\/uploads\/2025\/12\/\u4e3b\u56fe-2-5-300x300.jpg 300w, https:\/\/szjialu.com\/wp-content\/uploads\/2025\/12\/\u4e3b\u56fe-2-5-150x150.jpg 150w, https:\/\/szjialu.com\/wp-content\/uploads\/2025\/12\/\u4e3b\u56fe-2-5-768x768.jpg 768w, https:\/\/szjialu.com\/wp-content\/uploads\/2025\/12\/\u4e3b\u56fe-2-5-600x600.jpg 600w, https:\/\/szjialu.com\/wp-content\/uploads\/2025\/12\/\u4e3b\u56fe-2-5-100x100.jpg 100w, https:\/\/szjialu.com\/wp-content\/uploads\/2025\/12\/\u4e3b\u56fe-2-5-64x64.jpg 64w, https:\/\/szjialu.com\/wp-content\/uploads\/2025\/12\/\u4e3b\u56fe-2-5.jpg 800w\" sizes=\"(max-width: 584px) 100vw, 584px\" \/><figcaption id=\"caption-attachment-1289\" class=\"wp-caption-text\">65-W-PD-Ladeger\u00e4t<\/figcaption><\/figure>\n<h2 data-start=\"2278\" data-end=\"2302\"><strong data-start=\"2280\" data-end=\"2302\">Wichtigste Verkaufsargumente<\/strong><\/h2>\n<h3 data-start=\"2304\" data-end=\"2345\"><strong data-start=\"2308\" data-end=\"2343\">1. Leistungsstarker 65-W-USB-C-PD-Ausgang<\/strong><\/h3>\n<p data-start=\"2346\" data-end=\"2456\">Unterst\u00fctzt bis zu <strong data-start=\"2361\" data-end=\"2374\">20 V \/ 3,25 A<\/strong>, und gew\u00e4hrleistet so schnelles Laden f\u00fcr USB-C-Laptops, Tablets und moderne Smartphones.<\/p>\n<h3 data-start=\"2458\" data-end=\"2513\"><strong data-start=\"2462\" data-end=\"2511\">2. PPS-Technologie (Programmierbares Netzteil)<\/strong><\/h3>\n<p data-start=\"2514\" data-end=\"2697\">Die adaptive Leistungsabgabe (3,3 V\u201311 V &amp; 3,3 V\u201316 V) gew\u00e4hrleistet ein effizienteres, k\u00fchleres und sichereres Schnellladen f\u00fcr fortschrittliche Ger\u00e4te wie Samsung Galaxy-Modelle und andere PPS-kompatible Telefone.<\/p>\n<h3 data-start=\"2699\" data-end=\"2738\"><strong data-start=\"2703\" data-end=\"2736\">3. Ideal f\u00fcr die Verwendung mit mehreren Ger\u00e4ten<\/strong><\/h3>\n<p data-start=\"2739\" data-end=\"2862\">Ein einziges Ladeger\u00e4t versorgt Laptops, Tablets, Handys und anderes USB-betriebenes Zubeh\u00f6r mit Strom \u2013 und ersetzt so mehrere Ladeger\u00e4te in Ihrer Tasche.<\/p>\n<h3 data-start=\"2864\" data-end=\"2912\"><strong data-start=\"2868\" data-end=\"2910\">4. Leichtes, reisefreundliches Design<\/strong><\/h3>\n<p data-start=\"2913\" data-end=\"2999\">Bei nur <strong data-start=\"2921\" data-end=\"2929\">108 g<\/strong>, Dank seiner kompakten Bauweise und des US\/JP-Steckers ist es der perfekte Reisebegleiter.<\/p>\n<h3 data-start=\"3001\" data-end=\"3042\"><strong data-start=\"3005\" data-end=\"3040\">5. Hoher Sicherheitsstandard<\/strong><\/h3>\n<p data-start=\"3043\" data-end=\"3054\">Beinhaltet:<\/p>\n<ul data-start=\"3055\" data-end=\"3164\">\n<li data-start=\"3055\" data-end=\"3083\">\n<p data-start=\"3057\" data-end=\"3083\">Kurzschlussschutz<\/p>\n<\/li>\n<li data-start=\"3084\" data-end=\"3111\">\n<p data-start=\"3086\" data-end=\"3111\">\u00dcberspannungsschutz<\/p>\n<\/li>\n<li data-start=\"3112\" data-end=\"3139\">\n<p data-start=\"3114\" data-end=\"3139\">\u00dcberstromschutz<\/p>\n<\/li>\n<li data-start=\"3140\" data-end=\"3164\">\n<p data-start=\"3142\" data-end=\"3164\">\u00dcberlastschutz<\/p>\n<\/li>\n<\/ul>\n<p data-start=\"3166\" data-end=\"3222\">Gew\u00e4hrleistet einen zuverl\u00e4ssigen und sicheren Betrieb in allen Umgebungen.<\/p>\n<h3 data-start=\"3224\" data-end=\"3256\"><strong data-start=\"3228\" data-end=\"3254\">6. Strapazierf\u00e4higes PC-Material<\/strong><\/h3>\n<p data-start=\"3257\" data-end=\"3337\">Das hitzebest\u00e4ndige und flammhemmende PC-Geh\u00e4use erh\u00f6ht die Lebensdauer und Stabilit\u00e4t.<\/p>\n<h3 data-start=\"3339\" data-end=\"3380\"><strong data-start=\"3343\" data-end=\"3378\">7. Zertifiziert f\u00fcr globale M\u00e4rkte<\/strong><\/h3>\n<p data-start=\"3381\" data-end=\"3501\">Entspricht den <strong data-start=\"3395\" data-end=\"3416\">FCC, ETL und PSE<\/strong> Die Einhaltung der Standards macht es geeignet f\u00fcr Nordamerika, Japan und andere regulierte Regionen.<\/p>\n<h2 data-start=\"3508\" data-end=\"3526\"><strong data-start=\"3510\" data-end=\"3526\">Anwendungen<\/strong><\/h2>\n<p data-start=\"3528\" data-end=\"3554\">Dieses Ladeger\u00e4t ist ideal f\u00fcr:<\/p>\n<ul data-start=\"3556\" data-end=\"3820\">\n<li data-start=\"3556\" data-end=\"3588\">\n<p data-start=\"3558\" data-end=\"3588\"><strong data-start=\"3558\" data-end=\"3588\">USB-C-Laptops \/ Ultrabooks<\/strong><\/p>\n<\/li>\n<li data-start=\"3589\" data-end=\"3610\">\n<p data-start=\"3591\" data-end=\"3610\"><strong data-start=\"3591\" data-end=\"3610\">Tablets &amp; iPads<\/strong><\/p>\n<\/li>\n<li data-start=\"3611\" data-end=\"3667\">\n<p data-start=\"3613\" data-end=\"3667\"><strong data-start=\"3613\" data-end=\"3667\">Android- und iPhone-Ger\u00e4te (Schnellladefunktion wird unterst\u00fctzt)<\/strong><\/p>\n<\/li>\n<li data-start=\"3668\" data-end=\"3716\">\n<p data-start=\"3670\" data-end=\"3716\"><strong data-start=\"3670\" data-end=\"3716\">PPS-kompatible Smartphones (Samsung usw.)<\/strong><\/p>\n<\/li>\n<li data-start=\"3717\" data-end=\"3753\">\n<p data-start=\"3719\" data-end=\"3753\"><strong data-start=\"3719\" data-end=\"3753\">Powerbanks &amp; tragbare Ger\u00e4te<\/strong><\/p>\n<\/li>\n<li data-start=\"3754\" data-end=\"3769\">\n<p data-start=\"3756\" data-end=\"3769\"><strong data-start=\"3756\" data-end=\"3769\">E-Reader<\/strong><\/p>\n<\/li>\n<li data-start=\"3770\" data-end=\"3820\">\n<p data-start=\"3772\" data-end=\"3820\"><strong data-start=\"3772\" data-end=\"3820\">Ladel\u00f6sungen f\u00fcr Reisen, B\u00fcro und den t\u00e4glichen Gebrauch<\/strong><\/p>\n<\/li>\n<\/ul>\n<p data-start=\"3822\" data-end=\"3893\">Ideal f\u00fcr Anwender, die ein einziges Hochleistungsladeger\u00e4t f\u00fcr alle ihre Ger\u00e4te ben\u00f6tigen.<\/p>\n<h2 data-start=\"3900\" data-end=\"3956\"><strong data-start=\"3902\" data-end=\"3956\">Herstellervorteil \u2013 Shenzhen Jialu Technology<\/strong><\/h2>\n<p data-start=\"3958\" data-end=\"4011\">Shenzhen Jialu Technology Co., Ltd. ist bekannt f\u00fcr:<\/p>\n<ul data-start=\"4013\" data-end=\"4374\">\n<li data-start=\"4013\" data-end=\"4084\">\n<p data-start=\"4015\" data-end=\"4084\"><strong data-start=\"4015\" data-end=\"4050\">Moderne Produktionsanlagen<\/strong> mit automatisierten Produktionslinien<\/p>\n<\/li>\n<li data-start=\"4085\" data-end=\"4157\">\n<p data-start=\"4087\" data-end=\"4157\"><strong data-start=\"4087\" data-end=\"4106\">Starkes Forschungs- und Entwicklungsteam<\/strong> Wir bieten gleichbleibende Qualit\u00e4t und innovative L\u00f6sungen<\/p>\n<\/li>\n<li data-start=\"4158\" data-end=\"4239\">\n<p data-start=\"4160\" data-end=\"4239\"><strong data-start=\"4160\" data-end=\"4185\">OEM\/ODM-Anpassung<\/strong> f\u00fcr Markenbildung, Verpackung und technische Anforderungen<\/p>\n<\/li>\n<li data-start=\"4240\" data-end=\"4303\">\n<p data-start=\"4242\" data-end=\"4303\"><strong data-start=\"4242\" data-end=\"4274\">Internationale Zertifizierungen<\/strong> Sicherstellung der globalen Compliance<\/p>\n<\/li>\n<li data-start=\"4304\" data-end=\"4374\">\n<p data-start=\"4306\" data-end=\"4374\"><strong data-start=\"4306\" data-end=\"4334\">Zuverl\u00e4ssige Versorgungskapazit\u00e4t<\/strong> geeignet f\u00fcr die gro\u00dffl\u00e4chige Verteilung<\/p>\n<\/li>\n<\/ul>\n<p data-start=\"4376\" data-end=\"4463\">Die Partnerschaft mit Jialu garantiert gleichbleibende Qualit\u00e4t und professionellen technischen Support.<\/p>\n<h2 data-start=\"4470\" data-end=\"4508\"><strong data-start=\"4472\" data-end=\"4508\">H\u00e4ufig gestellte Fragen (FAQ)<\/strong><\/h2>\n<h3 data-start=\"4510\" data-end=\"4570\"><strong data-start=\"4514\" data-end=\"4568\">Frage 1: Unterst\u00fctzt das Ladeger\u00e4t das Schnellladen von Laptops?<\/strong><\/h3>\n<p data-start=\"4571\" data-end=\"4655\">Ja. Der USB-C-Ausgang unterst\u00fctzt bis zu <strong data-start=\"4608\" data-end=\"4618\">65W PD<\/strong>, Kompatibel mit den meisten USB-C-Laptops.<\/p>\n<h3 data-start=\"4657\" data-end=\"4707\"><strong data-start=\"4661\" data-end=\"4705\">Frage 2: Was ist PPS und warum ist es wichtig?<\/strong><\/h3>\n<p data-start=\"4708\" data-end=\"4836\">PPS passt Spannung und Stromst\u00e4rke dynamisch an, um ein schnelleres und sichereres Laden zu erm\u00f6glichen \u2013 insbesondere f\u00fcr Samsung Galaxy und andere unterst\u00fctzte Modelle.<\/p>\n<h3 data-start=\"4838\" data-end=\"4892\"><strong data-start=\"4842\" data-end=\"4890\">Frage 3: Kann das Ladeger\u00e4t international verwendet werden?<\/strong><\/h3>\n<p data-start=\"4893\" data-end=\"4978\">Ja. Es unterst\u00fctzt <strong data-start=\"4910\" data-end=\"4922\">100\u2013240 V<\/strong>. Verwenden Sie einen Steckeradapter, wenn Sie au\u00dferhalb der USA\/Japan reisen.<\/p>\n<h3 data-start=\"4980\" data-end=\"5024\"><strong data-start=\"4984\" data-end=\"5022\">Frage 4: Ist es f\u00fcr den Dauergebrauch unbedenklich?<\/strong><\/h3>\n<p data-start=\"5025\" data-end=\"5105\">Ja. Es bietet mehrfachen Schutz und ist zertifiziert von <strong data-start=\"5083\" data-end=\"5104\">FCC, ETL und PSE<\/strong>.<\/p>\n<h3 data-start=\"5107\" data-end=\"5158\"><strong data-start=\"5111\" data-end=\"5156\">Frage 5: Erhitzt sich das Ladeger\u00e4t w\u00e4hrend des Gebrauchs?<\/strong><\/h3>\n<p data-start=\"5159\" data-end=\"5231\">Minimale Erw\u00e4rmung dank effizientem Energiemanagement und PPS-Technologie.<\/p>\n<h3 data-start=\"5233\" data-end=\"5298\"><strong data-start=\"5237\" data-end=\"5296\">F6: Kann ich eine Eigenmarken- oder Sonderverpackung anfragen?<\/strong><\/h3>\n<p data-start=\"5299\" data-end=\"5339\">Ja. OEM- und ODM-Dienstleistungen sind verf\u00fcgbar.<\/p>","protected":false},"excerpt":{"rendered":"<p><strong data-start=\"1526\" data-end=\"1542\">Produktname: <\/strong>65-W-PD-Ladeger\u00e4t<\/p>\n<p><strong data-start=\"1564\" data-end=\"1580\">Modellnummer: <\/strong>TR1071CUS2<\/p>\n<p><strong data-start=\"1598\" data-end=\"1617\">Herkunftsort: <\/strong>China (Festland)<\/p>\n<p><strong data-start=\"1641\" data-end=\"1657\">Anwendungsbereiche: <\/strong>Laptop, Notebook, Tablet, Mobiltelefon und andere USB-betriebene Ger\u00e4te<\/p>\n<p><strong data-start=\"1734\" data-end=\"1743\">Eingang: <\/strong>100\u2013240 V, 50\/60 Hz, 1,5 A<\/p>\n<p><strong data-start=\"1774\" data-end=\"1793\">Standardausgabe: <\/strong>5 V\/3 A, 9 V\/3 A, 12 V\/3 A, 15 V\/3 A, 20 V\/3,25 A<\/p>\n<p><strong data-start=\"1840\" data-end=\"1854\">PPS-Ausgabe: <\/strong>3,3 V\u201311 V 4,05 A, 3,3 V\u201316 V 3,0 A<\/p>\n<p><strong data-start=\"1891\" data-end=\"1910\">Steckdosenstandard: <\/strong>USA \/ Japan<\/p>\n<p><strong data-start=\"1925\" data-end=\"1935\">Farben: <\/strong>Schwarz, Wei\u00df<\/p>\n<p><strong data-start=\"1955\" data-end=\"1967\">Material: <\/strong>PC<\/p>\n<p><strong data-start=\"1977\" data-end=\"1987\">Gewicht: <\/strong>108 g<\/p>\n<p><strong data-start=\"1999\" data-end=\"2010\">Verpackung: <\/strong>PE-Beutel<\/p>\n<p><strong data-start=\"2024\" data-end=\"2038\">Schutz: <\/strong>Kurzschluss, \u00dcberspannung, \u00dcberstrom, \u00dcberlastung<\/p>\n<p><strong data-start=\"2098\" data-end=\"2112\">Effizienz: <\/strong>Stufe VI<\/p>\n<p><strong data-start=\"2128\" data-end=\"2143\">Zertifikat: <\/strong>FCC, ETL, PSE<\/p>","protected":false},"featured_media":1289,"comment_status":"closed","ping_status":"closed","template":"","meta":{"_acf_changed":false,"site-sidebar-layout":"default","site-content-layout":"","ast-site-content-layout":"default","site-content-style":"default","site-sidebar-style":"default","ast-global-header-display":"","ast-banner-title-visibility":"","ast-main-header-display":"","ast-hfb-above-header-display":"","ast-hfb-below-header-display":"","ast-hfb-mobile-header-display":"","site-post-title":"","ast-breadcrumbs-content":"","ast-featured-img":"","footer-sml-layout":"","ast-disable-related-posts":"","theme-transparent-header-meta":"default","adv-header-id-meta":"","stick-header-meta":"","header-above-stick-meta":"","header-main-stick-meta":"","header-below-stick-meta":"","astra-migrate-meta-layouts":"set","ast-page-background-enabled":"default","ast-page-background-meta":{"desktop":{"background-color":"var(--ast-global-color-5)","background-image":"","background-repeat":"repeat","background-position":"center center","background-size":"auto","background-attachment":"scroll","background-type":"","background-media":"","overlay-type":"","overlay-color":"","overlay-opacity":"","overlay-gradient":""},"tablet":{"background-color":"","background-image":"","background-repeat":"repeat","background-position":"center center","background-size":"auto","background-attachment":"scroll","background-type":"","background-media":"","overlay-type":"","overlay-color":"","overlay-opacity":"","overlay-gradient":""},"mobile":{"background-color":"","background-image":"","background-repeat":"repeat","background-position":"center center","background-size":"auto","background-attachment":"scroll","background-type":"","background-media":"","overlay-type":"","overlay-color":"","overlay-opacity":"","overlay-gradient":""}},"ast-content-background-meta":{"desktop":{"background-color":"var(--ast-global-color-4)","background-image":"","background-repeat":"repeat","background-position":"center center","background-size":"auto","background-attachment":"scroll","background-type":"","background-media":"","overlay-type":"","overlay-color":"","overlay-opacity":"","overlay-gradient":""},"tablet":{"background-color":"var(--ast-global-color-4)","background-image":"","background-repeat":"repeat","background-position":"center center","background-size":"auto","background-attachment":"scroll","background-type":"","background-media":"","overlay-type":"","overlay-color":"","overlay-opacity":"","overlay-gradient":""},"mobile":{"background-color":"var(--ast-global-color-4)","background-image":"","background-repeat":"repeat","background-position":"center center","background-size":"auto","background-attachment":"scroll","background-type":"","background-media":"","overlay-type":"","overlay-color":"","overlay-opacity":"","overlay-gradient":""}}},"product_brand":[],"product_cat":[30,44],"product_tag":[141,143],"class_list":{"0":"post-1278","1":"product","2":"type-product","3":"status-publish","4":"has-post-thumbnail","6":"product_cat-gan-charger","7":"product_cat-65w","8":"product_tag-65w-pd-fast-charger","9":"product_tag-usb-c-pps-charger","10":"desktop-align-left","11":"tablet-align-left","12":"mobile-align-left","14":"first","15":"instock","16":"shipping-taxable","17":"product-type-simple"},"acf":[],"_links":{"self":[{"href":"https:\/\/szjialu.com\/de\/wp-json\/wp\/v2\/product\/1278","targetHints":{"allow":["GET"]}}],"collection":[{"href":"https:\/\/szjialu.com\/de\/wp-json\/wp\/v2\/product"}],"about":[{"href":"https:\/\/szjialu.com\/de\/wp-json\/wp\/v2\/types\/product"}],"replies":[{"embeddable":true,"href":"https:\/\/szjialu.com\/de\/wp-json\/wp\/v2\/comments?post=1278"}],"wp:featuredmedia":[{"embeddable":true,"href":"https:\/\/szjialu.com\/de\/wp-json\/wp\/v2\/media\/1289"}],"wp:attachment":[{"href":"https:\/\/szjialu.com\/de\/wp-json\/wp\/v2\/media?parent=1278"}],"wp:term":[{"taxonomy":"product_brand","embeddable":true,"href":"https:\/\/szjialu.com\/de\/wp-json\/wp\/v2\/product_brand?post=1278"},{"taxonomy":"product_cat","embeddable":true,"href":"https:\/\/szjialu.com\/de\/wp-json\/wp\/v2\/product_cat?post=1278"},{"taxonomy":"product_tag","embeddable":true,"href":"https:\/\/szjialu.com\/de\/wp-json\/wp\/v2\/product_tag?post=1278"}],"curies":[{"name":"wp","href":"https:\/\/api.w.org\/{rel}","templated":true}]}}