{"id":1274,"date":"2025-12-01T13:54:37","date_gmt":"2025-12-01T13:54:37","guid":{"rendered":"https:\/\/szjialu.com\/?post_type=product&#038;p=1274"},"modified":"2025-12-02T14:46:22","modified_gmt":"2025-12-02T14:46:22","slug":"65w-pd-schnellladegerat-tr1071c1aus2","status":"publish","type":"product","link":"https:\/\/szjialu.com\/de\/product\/65w-pd-fast-charger-tr1071c1aus2\/","title":{"rendered":"65W PD Schnellladeger\u00e4t TR1071C1AUS2"},"content":{"rendered":"<h2 data-start=\"817\" data-end=\"839\"><strong data-start=\"819\" data-end=\"839\">Produkt\u00fcbersicht<\/strong><\/h2>\n<p data-start=\"841\" data-end=\"1178\">Der <strong data-start=\"845\" data-end=\"876\">TR1071C1AUS2 <a href=\"https:\/\/szjialu.com\/de\/product\/65w-pd-charger-tr1071c1aus2\/\">65-W-PD-Schnellladeger\u00e4t<\/a><\/strong> Dieses Hochleistungs-Netzteil wurde f\u00fcr schnelles, stabiles und effizientes Laden moderner Elektronikger\u00e4te entwickelt. Mit einer robusten USB-C-PD-Ausgangsleistung von bis zu 65 W und einem zus\u00e4tzlichen USB-A-Schnellladeanschluss unterst\u00fctzt es eine Vielzahl von Ger\u00e4ten \u2013 von Laptops und Notebooks bis hin zu Tablets und Mobiltelefonen.<\/p>\n<p data-start=\"1180\" data-end=\"1441\">Dank seines kompakten PC-Geh\u00e4uses, des geringen Gewichts und der weltweiten Kompatibilit\u00e4t mit 100\u2013240 V ist es ideal f\u00fcr den t\u00e4glichen Gebrauch und auf Reisen. Es entspricht internationalen Qualit\u00e4ts- und Sicherheitsstandards und bietet die perfekte Kombination aus Geschwindigkeit, Zuverl\u00e4ssigkeit und Vielseitigkeit.<\/p>\n<h2 data-start=\"1448\" data-end=\"1468\"><strong data-start=\"1450\" data-end=\"1468\">Spezifikationen<\/strong><\/h2>\n<div class=\"_tableContainer_1rjym_1\">\n<div class=\"group _tableWrapper_1rjym_13 flex w-fit flex-col-reverse\" tabindex=\"-1\">\n<table class=\"w-fit min-w-(--thread-content-width)\" data-start=\"1470\" data-end=\"2358\">\n<thead data-start=\"1470\" data-end=\"1488\">\n<tr data-start=\"1470\" data-end=\"1488\">\n<th data-start=\"1470\" data-end=\"1477\" data-col-size=\"sm\">Artikel<\/th>\n<th data-start=\"1477\" data-end=\"1488\" data-col-size=\"md\">Details<\/th>\n<\/tr>\n<\/thead>\n<tbody data-start=\"1508\" data-end=\"2358\">\n<tr data-start=\"1508\" data-end=\"1545\">\n<td data-start=\"1508\" data-end=\"1527\" data-col-size=\"sm\"><strong data-start=\"1510\" data-end=\"1526\">Produktname<\/strong><\/td>\n<td data-col-size=\"md\" data-start=\"1527\" data-end=\"1545\">65-W-PD-Ladeger\u00e4t<\/td>\n<\/tr>\n<tr data-start=\"1546\" data-end=\"1581\">\n<td data-start=\"1546\" data-end=\"1565\" data-col-size=\"sm\"><strong data-start=\"1548\" data-end=\"1564\">Modellnummer<\/strong><\/td>\n<td data-col-size=\"md\" data-start=\"1565\" data-end=\"1581\">TR1071C1AUS2<\/td>\n<\/tr>\n<tr data-start=\"1582\" data-end=\"1624\">\n<td data-start=\"1582\" data-end=\"1604\" data-col-size=\"sm\"><strong data-start=\"1584\" data-end=\"1603\">Herkunftsort<\/strong><\/td>\n<td data-col-size=\"md\" data-start=\"1604\" data-end=\"1624\">China (Festland)<\/td>\n<\/tr>\n<tr data-start=\"1625\" data-end=\"1699\">\n<td data-start=\"1625\" data-end=\"1644\" data-col-size=\"sm\"><strong data-start=\"1627\" data-end=\"1643\">Anwendungen<\/strong><\/td>\n<td data-col-size=\"md\" data-start=\"1644\" data-end=\"1699\">Laptop, Notebook, Tablet, Mobiltelefon, USB-Ger\u00e4te<\/td>\n<\/tr>\n<tr data-start=\"1700\" data-end=\"1739\">\n<td data-start=\"1700\" data-end=\"1712\" data-col-size=\"sm\"><strong data-start=\"1702\" data-end=\"1711\">Eingang<\/strong><\/td>\n<td data-col-size=\"md\" data-start=\"1712\" data-end=\"1739\">100\u2013240 V, 50\/60 Hz, 1,5 A<\/td>\n<\/tr>\n<tr data-start=\"1740\" data-end=\"1812\">\n<td data-start=\"1740\" data-end=\"1759\" data-col-size=\"sm\"><strong data-start=\"1742\" data-end=\"1758\">USB-C-Ausgang<\/strong><\/td>\n<td data-col-size=\"md\" data-start=\"1759\" data-end=\"1812\">5V\/3A, 9V\/3A, 12V\/3A, 15V\/3A, 20V\/3,25A (Max. 65W)<\/td>\n<\/tr>\n<tr data-start=\"1813\" data-end=\"1868\">\n<td data-start=\"1813\" data-end=\"1832\" data-col-size=\"sm\"><strong data-start=\"1815\" data-end=\"1831\">USB-A-Ausgang<\/strong><\/td>\n<td data-col-size=\"md\" data-start=\"1832\" data-end=\"1868\">5V\/3A, 9V\/2A, 12V\/1,5A (Max. 18W)<\/td>\n<\/tr>\n<tr data-start=\"1869\" data-end=\"1975\">\n<td data-start=\"1869\" data-end=\"1897\" data-col-size=\"sm\"><strong data-start=\"1871\" data-end=\"1896\">Kombinierter Ausgang A + C<\/strong><\/td>\n<td data-col-size=\"md\" data-start=\"1897\" data-end=\"1975\">USB-A: 5 V\/2,4 A<br \/>\nUSB-C: 5V\/3A, 9V\/3A, 12V\/3A, 15V\/3A, 20V\/2,25A (Max. 45W)<\/td>\n<\/tr>\n<tr data-start=\"1976\" data-end=\"2009\">\n<td data-start=\"1976\" data-end=\"1998\" data-col-size=\"sm\"><strong data-start=\"1978\" data-end=\"1997\">Steckdosenstandard<\/strong><\/td>\n<td data-col-size=\"md\" data-start=\"1998\" data-end=\"2009\">JP \/ US<\/td>\n<\/tr>\n<tr data-start=\"2010\" data-end=\"2039\">\n<td data-start=\"2010\" data-end=\"2023\" data-col-size=\"sm\"><strong data-start=\"2012\" data-end=\"2022\">Farben<\/strong><\/td>\n<td data-col-size=\"md\" data-start=\"2023\" data-end=\"2039\">Schwarz, Wei\u00df<\/td>\n<\/tr>\n<tr data-start=\"2040\" data-end=\"2061\">\n<td data-start=\"2040\" data-end=\"2055\" data-col-size=\"sm\"><strong data-start=\"2042\" data-end=\"2054\">Material<\/strong><\/td>\n<td data-col-size=\"md\" data-start=\"2055\" data-end=\"2061\">PC<\/td>\n<\/tr>\n<tr data-start=\"2062\" data-end=\"2083\">\n<td data-start=\"2062\" data-end=\"2075\" data-col-size=\"sm\"><strong data-start=\"2064\" data-end=\"2074\">Gewicht<\/strong><\/td>\n<td data-col-size=\"md\" data-start=\"2075\" data-end=\"2083\">108 g<\/td>\n<\/tr>\n<tr data-start=\"2084\" data-end=\"2108\">\n<td data-start=\"2084\" data-end=\"2098\" data-col-size=\"sm\"><strong data-start=\"2086\" data-end=\"2097\">Verpackung<\/strong><\/td>\n<td data-col-size=\"md\" data-start=\"2098\" data-end=\"2108\">PE-Beutel<\/td>\n<\/tr>\n<tr data-start=\"2109\" data-end=\"2182\">\n<td data-start=\"2109\" data-end=\"2126\" data-col-size=\"sm\"><strong data-start=\"2111\" data-end=\"2125\">Schutz<\/strong><\/td>\n<td data-col-size=\"md\" data-start=\"2126\" data-end=\"2182\">Kurzschluss, \u00dcberspannung, \u00dcberstrom, \u00dcberlast<\/td>\n<\/tr>\n<tr data-start=\"2183\" data-end=\"2212\">\n<td data-start=\"2183\" data-end=\"2206\" data-col-size=\"sm\"><strong data-start=\"2185\" data-end=\"2205\">Effizienzniveau<\/strong><\/td>\n<td data-col-size=\"md\" data-start=\"2206\" data-end=\"2212\">VI<\/td>\n<\/tr>\n<tr data-start=\"2213\" data-end=\"2248\">\n<td data-start=\"2213\" data-end=\"2231\" data-col-size=\"sm\"><strong data-start=\"2215\" data-end=\"2230\">Zertifikat<\/strong><\/td>\n<td data-col-size=\"md\" data-start=\"2231\" data-end=\"2248\">FCC, ETL, PSE<\/td>\n<\/tr>\n<tr data-start=\"2249\" data-end=\"2274\">\n<td data-start=\"2249\" data-end=\"2264\" data-col-size=\"sm\"><strong data-start=\"2251\" data-end=\"2263\">Garantie<\/strong><\/td>\n<td data-col-size=\"md\" data-start=\"2264\" data-end=\"2274\">1 Jahr<\/td>\n<\/tr>\n<tr data-start=\"2275\" data-end=\"2317\">\n<td data-start=\"2275\" data-end=\"2303\" data-col-size=\"sm\"><strong data-start=\"2277\" data-end=\"2302\">Betriebstemperatur<\/strong><\/td>\n<td data-col-size=\"md\" data-start=\"2303\" data-end=\"2317\">\u201320\u2103 ~ 55\u2103<\/td>\n<\/tr>\n<tr data-start=\"2318\" data-end=\"2358\">\n<td data-start=\"2318\" data-end=\"2344\" data-col-size=\"sm\"><strong data-start=\"2320\" data-end=\"2343\">Lagertemperatur<\/strong><\/td>\n<td data-col-size=\"md\" data-start=\"2344\" data-end=\"2358\">\u201340\u2103 ~ 70\u2103<\/td>\n<\/tr>\n<\/tbody>\n<\/table>\n<\/div>\n<\/div>\n<figure id=\"attachment_1286\" aria-describedby=\"caption-attachment-1286\" style=\"width: 777px\" class=\"wp-caption alignnone\"><img fetchpriority=\"high\" decoding=\"async\" class=\"wp-image-1286\" src=\"https:\/\/szjialu.com\/wp-content\/uploads\/2025\/12\/\u4e3b\u56fe-1-4-300x300.jpg\" alt=\"65-W-PD-Ladeger\u00e4t\" width=\"777\" height=\"777\" srcset=\"https:\/\/szjialu.com\/wp-content\/uploads\/2025\/12\/\u4e3b\u56fe-1-4-300x300.jpg 300w, https:\/\/szjialu.com\/wp-content\/uploads\/2025\/12\/\u4e3b\u56fe-1-4-150x150.jpg 150w, https:\/\/szjialu.com\/wp-content\/uploads\/2025\/12\/\u4e3b\u56fe-1-4-768x768.jpg 768w, https:\/\/szjialu.com\/wp-content\/uploads\/2025\/12\/\u4e3b\u56fe-1-4-600x600.jpg 600w, https:\/\/szjialu.com\/wp-content\/uploads\/2025\/12\/\u4e3b\u56fe-1-4-100x100.jpg 100w, https:\/\/szjialu.com\/wp-content\/uploads\/2025\/12\/\u4e3b\u56fe-1-4-64x64.jpg 64w, https:\/\/szjialu.com\/wp-content\/uploads\/2025\/12\/\u4e3b\u56fe-1-4.jpg 800w\" sizes=\"(max-width: 777px) 100vw, 777px\" \/><figcaption id=\"caption-attachment-1286\" class=\"wp-caption-text\">65-W-PD-Ladeger\u00e4t<\/figcaption><\/figure>\n<h2 data-start=\"2365\" data-end=\"2389\"><strong data-start=\"2367\" data-end=\"2389\">Wichtigste Verkaufsargumente<\/strong><\/h2>\n<h3 data-start=\"2391\" data-end=\"2434\"><strong data-start=\"2395\" data-end=\"2432\">1. Volle Leistung: 65 W USB-C PD-Ausgang<\/strong><\/h3>\n<p data-start=\"2435\" data-end=\"2562\">Liefert bis zu 20 V\/3,25 A \u00fcber USB-C, ideal zum Laden von Ultrabooks, Tablets und zum Schnellladen von Smartphones mit maximaler Geschwindigkeit.<\/p>\n<h3 data-start=\"2564\" data-end=\"2611\"><strong data-start=\"2568\" data-end=\"2609\">2. Dual-Port-Ladefunktion (USB-C + USB-A)<\/strong><\/h3>\n<p data-start=\"2612\" data-end=\"2697\">Laden Sie zwei Ger\u00e4te gleichzeitig auf \u2013 perfekt f\u00fcr Benutzer, die mehrere elektronische Ger\u00e4te mit sich f\u00fchren.<\/p>\n<h3 data-start=\"2699\" data-end=\"2735\"><strong data-start=\"2703\" data-end=\"2733\">3. Universeller Spannungseingang<\/strong><\/h3>\n<p data-start=\"2736\" data-end=\"2812\">Unterst\u00fctzt 100\u2013240 V und erm\u00f6glicht so einen sicheren weltweiten Einsatz mit dem JP\/US-Steckerstandard.<\/p>\n<h3 data-start=\"2814\" data-end=\"2848\"><strong data-start=\"2818\" data-end=\"2846\">4. Kompakt und leicht<\/strong><\/h3>\n<p data-start=\"2849\" data-end=\"2940\">Mit einem Gewicht von nur 108 g l\u00e4sst sich dieses Ladeger\u00e4t problemlos in Hosentaschen, Laptoptaschen und Reisesets verstauen.<\/p>\n<h3 data-start=\"2942\" data-end=\"2981\"><strong data-start=\"2946\" data-end=\"2979\">5. Langlebiges und sicheres PC-Material<\/strong><\/h3>\n<p data-start=\"2982\" data-end=\"3068\">Das hochwertige PC-Geh\u00e4use bietet Hitzebest\u00e4ndigkeit und Sto\u00dffestigkeit f\u00fcr den Langzeiteinsatz.<\/p>\n<h3 data-start=\"3070\" data-end=\"3112\"><strong data-start=\"3074\" data-end=\"3110\">6. Mehrschichtiger Sicherheitsschutz<\/strong><\/h3>\n<p data-start=\"3113\" data-end=\"3221\">Eingebaute Schutzmechanismen gegen \u00dcberstrom, \u00dcberspannung, \u00dcberlastung und Kurzschl\u00fcsse sorgen f\u00fcr die Sicherheit Ihrer Ger\u00e4te.<\/p>\n<h3 data-start=\"3223\" data-end=\"3272\"><strong data-start=\"3227\" data-end=\"3270\">7. Internationale Zertifizierung anerkannt<\/strong><\/h3>\n<p data-start=\"3273\" data-end=\"3377\">Zertifiziert durch <strong data-start=\"3286\" data-end=\"3307\">FCC, ETL und PSE<\/strong>, um die Einhaltung globaler Sicherheits- und Leistungsanforderungen zu gew\u00e4hrleisten.<\/p>\n<h2 data-start=\"3384\" data-end=\"3402\"><strong data-start=\"3386\" data-end=\"3402\">Anwendungen<\/strong><\/h2>\n<ul data-start=\"3404\" data-end=\"3669\">\n<li data-start=\"3404\" data-end=\"3451\">\n<p data-start=\"3406\" data-end=\"3451\"><strong data-start=\"3406\" data-end=\"3451\">Laptops &amp; Notebooks (USB-C PD-kompatibel)<\/strong><\/p>\n<\/li>\n<li data-start=\"3452\" data-end=\"3473\">\n<p data-start=\"3454\" data-end=\"3473\"><strong data-start=\"3454\" data-end=\"3473\">Tablets &amp; iPads<\/strong><\/p>\n<\/li>\n<li data-start=\"3474\" data-end=\"3505\">\n<p data-start=\"3476\" data-end=\"3505\"><strong data-start=\"3476\" data-end=\"3505\">Android- und iOS-Smartphones<\/strong><\/p>\n<\/li>\n<li data-start=\"3506\" data-end=\"3551\">\n<p data-start=\"3508\" data-end=\"3551\"><strong data-start=\"3508\" data-end=\"3551\">Tragbare Spielkonsolen (z. B. Switch)<\/strong><\/p>\n<\/li>\n<li data-start=\"3552\" data-end=\"3569\">\n<p data-start=\"3554\" data-end=\"3569\"><strong data-start=\"3554\" data-end=\"3569\">Powerbanks<\/strong><\/p>\n<\/li>\n<li data-start=\"3570\" data-end=\"3610\">\n<p data-start=\"3572\" data-end=\"3610\"><strong data-start=\"3572\" data-end=\"3610\">Kabellose Ohrh\u00f6rer und smarte Wearables<\/strong><\/p>\n<\/li>\n<li data-start=\"3611\" data-end=\"3669\">\n<p data-start=\"3613\" data-end=\"3669\"><strong data-start=\"3613\" data-end=\"3669\">Ladestationen f\u00fcr Reisen, B\u00fcro, gesch\u00e4ftliche Nutzung, Heimladestationen<\/strong><\/p>\n<\/li>\n<\/ul>\n<p data-start=\"3671\" data-end=\"3754\">Dieses einzelne Ladeger\u00e4t kann mehrere Adapter ersetzen und vereinfacht so Ihr Lade-Setup.<\/p>\n<h2 data-start=\"3761\" data-end=\"3827\"><strong data-start=\"3763\" data-end=\"3827\">Herstellervorteil \u2013 Shenzhen Jialu Technology Co., Ltd.<\/strong><\/h2>\n<p data-start=\"3829\" data-end=\"4101\">Shenzhen Jialu Technology ist ein zuverl\u00e4ssiger und erfahrener Hersteller von Stromversorgungsl\u00f6sungen. Mit einer modernen Produktionsanlage, automatisierten Testeinrichtungen und einem hochqualifizierten Forschungs- und Entwicklungsteam gew\u00e4hrleistet das Unternehmen, dass jedes Ladeger\u00e4t einer strengen Qualit\u00e4tskontrolle unterzogen wird.<\/p>\n<p data-start=\"4103\" data-end=\"4351\">Jialu bietet <strong data-start=\"4118\" data-end=\"4143\">OEM\/ODM-Anpassung<\/strong>, Hohe Produktionsstabilit\u00e4t und kurze Lieferzeiten zeichnen das Unternehmen aus. Die Produkte werden weltweit exportiert und entsprechen internationalen Zertifizierungsstandards, sodass Sie sich auf Leistung und Zuverl\u00e4ssigkeit verlassen k\u00f6nnen.<\/p>\n<p data-start=\"4353\" data-end=\"4489\">Damit ist das Ladeger\u00e4t TR1071C1AUS2 eine zuverl\u00e4ssige Wahl f\u00fcr Marken, H\u00e4ndler und Verbraucher, die hochwertige Ladel\u00f6sungen suchen.<\/p>\n<h2 data-start=\"4496\" data-end=\"4534\"><strong data-start=\"4498\" data-end=\"4534\">H\u00e4ufig gestellte Fragen (FAQ)<\/strong><\/h2>\n<h3 data-start=\"4536\" data-end=\"4583\"><strong data-start=\"4540\" data-end=\"4581\">Frage 1: Kann dieses Ladeger\u00e4t meinen Laptop mit Strom versorgen?<\/strong><\/h3>\n<p data-start=\"4584\" data-end=\"4681\">Ja. Wenn Ihr Laptop USB-C PD-Laden unterst\u00fctzt und 65 W oder weniger ben\u00f6tigt, funktioniert dieses Ladeger\u00e4t.<\/p>\n<h3 data-start=\"4683\" data-end=\"4739\"><strong data-start=\"4687\" data-end=\"4737\">Frage 2: Kann ich zwei Ger\u00e4te gleichzeitig aufladen?<\/strong><\/h3>\n<p data-start=\"4740\" data-end=\"4866\">Absolut. Die USB-C- und USB-A-Anschl\u00fcsse k\u00f6nnen gleichzeitig betrieben werden, mit einer kombinierten Ausgangsleistung von bis zu 45 W \u00fcber USB-C und 5 V\/2,4 A \u00fcber USB-A.<\/p>\n<h3 data-start=\"4868\" data-end=\"4917\"><strong data-start=\"4872\" data-end=\"4915\">Frage 3: Ist dieses Ladeger\u00e4t sicher f\u00fcr den t\u00e4glichen Gebrauch?<\/strong><\/h3>\n<p data-start=\"4918\" data-end=\"5001\">Ja. Es verf\u00fcgt \u00fcber mehrere Sicherheitsvorkehrungen und ist von FCC, ETL und PSE zertifiziert.<\/p>\n<h3 data-start=\"5003\" data-end=\"5059\"><strong data-start=\"5007\" data-end=\"5057\">Frage 4: Funktioniert dieses Ladeger\u00e4t auch in anderen L\u00e4ndern?<\/strong><\/h3>\n<p data-start=\"5060\" data-end=\"5162\">Es unterst\u00fctzt weltweite Spannungen (100\u2013240 V). F\u00fcr Steckertypen, die von JP\/US abweichen, verwenden Sie einfach einen Steckeradapter.<\/p>\n<h3 data-start=\"5164\" data-end=\"5206\"><strong data-start=\"5168\" data-end=\"5204\">Frage 5: Wie lange betr\u00e4gt die Garantiezeit?<\/strong><\/h3>\n<p data-start=\"5207\" data-end=\"5252\">Das Produkt wird mit einem <strong data-start=\"5232\" data-end=\"5251\">1 Jahr Garantie<\/strong>.<\/p>\n<h3 data-start=\"5254\" data-end=\"5325\"><strong data-start=\"5258\" data-end=\"5323\">F6: Kann ich eine Eigenmarken-Marke oder eine individuelle Verpackung anfragen?<\/strong><\/h3>\n<p data-start=\"5326\" data-end=\"5391\">Ja. OEM- und ODM-Dienstleistungen sind \u00fcber den Hersteller erh\u00e4ltlich.<\/p>","protected":false},"excerpt":{"rendered":"<p><strong data-start=\"1510\" data-end=\"1526\">Produktname: <\/strong>65-W-PD-Ladeger\u00e4t<\/p>\n<p><strong data-start=\"1548\" data-end=\"1564\">Modellnummer: <\/strong>TR1071C1AUS2<\/p>\n<p><strong data-start=\"1584\" data-end=\"1603\">Herkunftsort: <\/strong>China (Festland)<\/p>\n<p><strong data-start=\"1627\" data-end=\"1643\">Anwendungsbereiche: <\/strong>Laptop, Notebook, Tablet, Mobiltelefon, USB-Ger\u00e4te<\/p>\n<p><strong data-start=\"1702\" data-end=\"1711\">Eingang: <\/strong>100\u2013240 V, 50\/60 Hz, 1,5 A<\/p>\n<p><strong data-start=\"1742\" data-end=\"1758\">USB-C-Ausgang: <\/strong>5V\/3A, 9V\/3A, 12V\/3A, 15V\/3A, 20V\/3,25A (Max. 65W)<\/p>\n<p><strong data-start=\"1815\" data-end=\"1831\">USB-A-Ausgang: <\/strong>5V\/3A, 9V\/2A, 12V\/1,5A (Max. 18W)<\/p>\n<p><strong data-start=\"1871\" data-end=\"1896\">Kombinierter Ausgang A + C: <\/strong>USB-A: 5 V\/2,4 A<br \/>\nUSB-C: 5V\/3A, 9V\/3A, 12V\/3A, 15V\/3A, 20V\/2,25A (Max. 45W)<\/p>\n<p><strong data-start=\"1978\" data-end=\"1997\">Steckdosenstandard: <\/strong>JP \/ US<\/p>\n<p><strong data-start=\"2012\" data-end=\"2022\">Farben: <\/strong>Schwarz, Wei\u00df<\/p>\n<p><strong data-start=\"2042\" data-end=\"2054\">Material: <\/strong>PC<\/p>\n<p><strong data-start=\"2064\" data-end=\"2074\">Gewicht: <\/strong>108 g<\/p>\n<p><strong data-start=\"2086\" data-end=\"2097\">Verpackung: <\/strong>PE-Beutel<\/p>\n<p><strong data-start=\"2111\" data-end=\"2125\">Schutz: <\/strong>Kurzschluss, \u00dcberspannung, \u00dcberstrom, \u00dcberlast<\/p>\n<p><strong data-start=\"2185\" data-end=\"2205\">Effizienzniveau: <\/strong>VI<\/p>\n<p><strong data-start=\"2215\" data-end=\"2230\">Zertifikat: <\/strong>FCC, ETL, PSE<\/p>","protected":false},"featured_media":1286,"comment_status":"closed","ping_status":"closed","template":"","meta":{"_acf_changed":false,"site-sidebar-layout":"default","site-content-layout":"","ast-site-content-layout":"default","site-content-style":"default","site-sidebar-style":"default","ast-global-header-display":"","ast-banner-title-visibility":"","ast-main-header-display":"","ast-hfb-above-header-display":"","ast-hfb-below-header-display":"","ast-hfb-mobile-header-display":"","site-post-title":"","ast-breadcrumbs-content":"","ast-featured-img":"","footer-sml-layout":"","ast-disable-related-posts":"","theme-transparent-header-meta":"default","adv-header-id-meta":"","stick-header-meta":"","header-above-stick-meta":"","header-main-stick-meta":"","header-below-stick-meta":"","astra-migrate-meta-layouts":"set","ast-page-background-enabled":"default","ast-page-background-meta":{"desktop":{"background-color":"var(--ast-global-color-5)","background-image":"","background-repeat":"repeat","background-position":"center center","background-size":"auto","background-attachment":"scroll","background-type":"","background-media":"","overlay-type":"","overlay-color":"","overlay-opacity":"","overlay-gradient":""},"tablet":{"background-color":"","background-image":"","background-repeat":"repeat","background-position":"center center","background-size":"auto","background-attachment":"scroll","background-type":"","background-media":"","overlay-type":"","overlay-color":"","overlay-opacity":"","overlay-gradient":""},"mobile":{"background-color":"","background-image":"","background-repeat":"repeat","background-position":"center center","background-size":"auto","background-attachment":"scroll","background-type":"","background-media":"","overlay-type":"","overlay-color":"","overlay-opacity":"","overlay-gradient":""}},"ast-content-background-meta":{"desktop":{"background-color":"var(--ast-global-color-4)","background-image":"","background-repeat":"repeat","background-position":"center center","background-size":"auto","background-attachment":"scroll","background-type":"","background-media":"","overlay-type":"","overlay-color":"","overlay-opacity":"","overlay-gradient":""},"tablet":{"background-color":"var(--ast-global-color-4)","background-image":"","background-repeat":"repeat","background-position":"center center","background-size":"auto","background-attachment":"scroll","background-type":"","background-media":"","overlay-type":"","overlay-color":"","overlay-opacity":"","overlay-gradient":""},"mobile":{"background-color":"var(--ast-global-color-4)","background-image":"","background-repeat":"repeat","background-position":"center center","background-size":"auto","background-attachment":"scroll","background-type":"","background-media":"","overlay-type":"","overlay-color":"","overlay-opacity":"","overlay-gradient":""}}},"product_brand":[],"product_cat":[30,44],"product_tag":[138,141,140,142,135],"class_list":{"0":"post-1274","1":"product","2":"type-product","3":"status-publish","4":"has-post-thumbnail","6":"product_cat-gan-charger","7":"product_cat-65w","8":"product_tag-65w-pd-charger","9":"product_tag-65w-pd-fast-charger","10":"product_tag-65w-power-adapter","11":"product_tag-usb-a-quick-charger","12":"product_tag-usb-c-laptop-charger","13":"desktop-align-left","14":"tablet-align-left","15":"mobile-align-left","17":"first","18":"instock","19":"shipping-taxable","20":"product-type-simple"},"acf":[],"_links":{"self":[{"href":"https:\/\/szjialu.com\/de\/wp-json\/wp\/v2\/product\/1274","targetHints":{"allow":["GET"]}}],"collection":[{"href":"https:\/\/szjialu.com\/de\/wp-json\/wp\/v2\/product"}],"about":[{"href":"https:\/\/szjialu.com\/de\/wp-json\/wp\/v2\/types\/product"}],"replies":[{"embeddable":true,"href":"https:\/\/szjialu.com\/de\/wp-json\/wp\/v2\/comments?post=1274"}],"wp:featuredmedia":[{"embeddable":true,"href":"https:\/\/szjialu.com\/de\/wp-json\/wp\/v2\/media\/1286"}],"wp:attachment":[{"href":"https:\/\/szjialu.com\/de\/wp-json\/wp\/v2\/media?parent=1274"}],"wp:term":[{"taxonomy":"product_brand","embeddable":true,"href":"https:\/\/szjialu.com\/de\/wp-json\/wp\/v2\/product_brand?post=1274"},{"taxonomy":"product_cat","embeddable":true,"href":"https:\/\/szjialu.com\/de\/wp-json\/wp\/v2\/product_cat?post=1274"},{"taxonomy":"product_tag","embeddable":true,"href":"https:\/\/szjialu.com\/de\/wp-json\/wp\/v2\/product_tag?post=1274"}],"curies":[{"name":"wp","href":"https:\/\/api.w.org\/{rel}","templated":true}]}}