{"id":1266,"date":"2025-11-30T11:18:58","date_gmt":"2025-11-30T11:18:58","guid":{"rendered":"https:\/\/szjialu.com\/?post_type=product&#038;p=1266"},"modified":"2025-11-30T11:19:00","modified_gmt":"2025-11-30T11:19:00","slug":"30w-pd-schnellladegerat-tr1002ceu","status":"publish","type":"product","link":"https:\/\/szjialu.com\/de\/product\/30w-pd-fast-charger-tr1002ceu\/","title":{"rendered":"30W PD Schnellladeger\u00e4t TR1002CEU"},"content":{"rendered":"<h2 data-start=\"888\" data-end=\"910\"><strong data-start=\"890\" data-end=\"910\">Produkt\u00fcbersicht<\/strong><\/h2>\n<p data-start=\"911\" data-end=\"1432\">Der <strong data-start=\"915\" data-end=\"943\">TR1002CEU <a href=\"https:\/\/szjialu.com\/de\/product-category\/gan-ladegerat\/30-w\/\">30-W-PD-Schnellladeger\u00e4t<\/a><\/strong> ist ein leistungsstarkes, reisefreundliches Schnellladeger\u00e4t, das f\u00fcr Anwender entwickelt wurde, die Wert auf Geschwindigkeit, Sicherheit und Vielseitigkeit legen. Ausgestattet mit <strong data-start=\"1072\" data-end=\"1092\">zwei USB-C-Anschl\u00fcsse<\/strong>, Dieser kompakte Adapter unterst\u00fctzt eine breite Palette von Ausgangsspannungen und kann Smartphones, Tablets, Notebooks und andere USB-C-Ger\u00e4te intelligent mit Strom versorgen.<br data-start=\"1241\" data-end=\"1244\" \/>Mit einem leichten Geh\u00e4use von 53 g ist es universell einsetzbar. <strong data-start=\"1283\" data-end=\"1301\">100\u2013240 V Eingang<\/strong>, Dank der Einhaltung wichtiger internationaler Zertifizierungen ist der TR1002CEU das ideale Ladeger\u00e4t f\u00fcr den t\u00e4glichen Gebrauch zu Hause, im B\u00fcro und auf Reisen.<\/p>\n<h2 data-start=\"1439\" data-end=\"1467\"><strong data-start=\"1441\" data-end=\"1467\">Produktspezifikationen<\/strong><\/h2>\n<div class=\"_tableContainer_1rjym_1\">\n<div class=\"group _tableWrapper_1rjym_13 flex w-fit flex-col-reverse\" tabindex=\"-1\">\n<table class=\"w-fit min-w-(--thread-content-width)\" data-start=\"1468\" data-end=\"2362\">\n<thead data-start=\"1468\" data-end=\"1503\">\n<tr data-start=\"1468\" data-end=\"1503\">\n<th data-start=\"1468\" data-end=\"1488\" data-col-size=\"sm\"><strong data-start=\"1470\" data-end=\"1487\">Spezifikation<\/strong><\/th>\n<th data-start=\"1488\" data-end=\"1503\" data-col-size=\"lg\"><strong data-start=\"1490\" data-end=\"1501\">Details<\/strong><\/th>\n<\/tr>\n<\/thead>\n<tbody data-start=\"1539\" data-end=\"2362\">\n<tr data-start=\"1539\" data-end=\"1576\">\n<td data-start=\"1539\" data-end=\"1558\" data-col-size=\"sm\"><strong data-start=\"1541\" data-end=\"1557\">Produktname<\/strong><\/td>\n<td data-col-size=\"lg\" data-start=\"1558\" data-end=\"1576\">30-W-PD-Ladeger\u00e4t<\/td>\n<\/tr>\n<tr data-start=\"1577\" data-end=\"1609\">\n<td data-start=\"1577\" data-end=\"1596\" data-col-size=\"sm\"><strong data-start=\"1579\" data-end=\"1595\">Modellnummer<\/strong><\/td>\n<td data-col-size=\"lg\" data-start=\"1596\" data-end=\"1609\">TR1002CEU<\/td>\n<\/tr>\n<tr data-start=\"1610\" data-end=\"1652\">\n<td data-start=\"1610\" data-end=\"1632\" data-col-size=\"sm\"><strong data-start=\"1612\" data-end=\"1631\">Herkunftsort<\/strong><\/td>\n<td data-col-size=\"lg\" data-start=\"1632\" data-end=\"1652\">China (Festland)<\/td>\n<\/tr>\n<tr data-start=\"1653\" data-end=\"1739\">\n<td data-start=\"1653\" data-end=\"1672\" data-col-size=\"sm\"><strong data-start=\"1655\" data-end=\"1671\">Anwendungen<\/strong><\/td>\n<td data-col-size=\"lg\" data-start=\"1672\" data-end=\"1739\">Laptop, Notebook, Tablet, Mobiltelefon und andere USB-C-Ger\u00e4te<\/td>\n<\/tr>\n<tr data-start=\"1740\" data-end=\"1779\">\n<td data-start=\"1740\" data-end=\"1752\" data-col-size=\"sm\"><strong data-start=\"1742\" data-end=\"1751\">Eingang<\/strong><\/td>\n<td data-col-size=\"lg\" data-start=\"1752\" data-end=\"1779\">100\u2013240 V, 50\/60 Hz, 0,8 A<\/td>\n<\/tr>\n<tr data-start=\"1780\" data-end=\"1958\">\n<td data-start=\"1780\" data-end=\"1793\" data-col-size=\"sm\"><strong data-start=\"1782\" data-end=\"1792\">Ausgabe<\/strong><\/td>\n<td data-col-size=\"lg\" data-start=\"1793\" data-end=\"1958\"><strong data-start=\"1795\" data-end=\"1806\">USB-C1:<\/strong> 5V\/3A, 9V\/2A, 12V\/1,5A, 15V\/2A, 20V\/1,5A (30W)<br \/>\n<strong data-start=\"1859\" data-end=\"1870\">USB-C2:<\/strong> 5V\/3A, 9V\/2A, 12V\/1,5A, 15V\/2A, 20V\/1,5A (30W)<br \/>\n<strong data-start=\"1923\" data-end=\"1943\">USB-C1 + USB-C2:<\/strong> 5V 3A gemeinsam genutzt<\/td>\n<\/tr>\n<tr data-start=\"1959\" data-end=\"1994\">\n<td data-start=\"1959\" data-end=\"1981\" data-col-size=\"sm\"><strong data-start=\"1961\" data-end=\"1980\">Steckdosenstandard<\/strong><\/td>\n<td data-col-size=\"lg\" data-start=\"1981\" data-end=\"1994\">EU, Korea<\/td>\n<\/tr>\n<tr data-start=\"1995\" data-end=\"2031\">\n<td data-start=\"1995\" data-end=\"2015\" data-col-size=\"sm\"><strong data-start=\"1997\" data-end=\"2014\">Farboptionen<\/strong><\/td>\n<td data-col-size=\"lg\" data-start=\"2015\" data-end=\"2031\">Schwarz, Wei\u00df<\/td>\n<\/tr>\n<tr data-start=\"2032\" data-end=\"2071\">\n<td data-start=\"2032\" data-end=\"2047\" data-col-size=\"sm\"><strong data-start=\"2034\" data-end=\"2046\">Material<\/strong><\/td>\n<td data-col-size=\"lg\" data-start=\"2047\" data-end=\"2071\">PC (flammhemmend)<\/td>\n<\/tr>\n<tr data-start=\"2072\" data-end=\"2092\">\n<td data-start=\"2072\" data-end=\"2085\" data-col-size=\"sm\"><strong data-start=\"2074\" data-end=\"2084\">Gewicht<\/strong><\/td>\n<td data-col-size=\"lg\" data-start=\"2085\" data-end=\"2092\">53 g<\/td>\n<\/tr>\n<tr data-start=\"2093\" data-end=\"2125\">\n<td data-start=\"2093\" data-end=\"2107\" data-col-size=\"sm\"><strong data-start=\"2095\" data-end=\"2106\">Verpackung<\/strong><\/td>\n<td data-col-size=\"lg\" data-start=\"2107\" data-end=\"2125\">Einzelhandelsverpackung<\/td>\n<\/tr>\n<tr data-start=\"2126\" data-end=\"2173\">\n<td data-start=\"2126\" data-end=\"2151\" data-col-size=\"sm\"><strong data-start=\"2128\" data-end=\"2150\">Schutzsysteme<\/strong><\/td>\n<td data-col-size=\"lg\" data-start=\"2151\" data-end=\"2173\">SCP, OVP, OCP, OLP<\/td>\n<\/tr>\n<tr data-start=\"2174\" data-end=\"2203\">\n<td data-start=\"2174\" data-end=\"2191\" data-col-size=\"sm\"><strong data-start=\"2176\" data-end=\"2190\">Effizienz<\/strong><\/td>\n<td data-col-size=\"lg\" data-start=\"2191\" data-end=\"2203\">Stufe VI<\/td>\n<\/tr>\n<tr data-start=\"2204\" data-end=\"2246\">\n<td data-start=\"2204\" data-end=\"2223\" data-col-size=\"sm\"><strong data-start=\"2206\" data-end=\"2222\">Zertifikate<\/strong><\/td>\n<td data-col-size=\"lg\" data-start=\"2223\" data-end=\"2246\">CE, GS, RoHS, REACH<\/td>\n<\/tr>\n<tr data-start=\"2247\" data-end=\"2272\">\n<td data-start=\"2247\" data-end=\"2262\" data-col-size=\"sm\"><strong data-start=\"2249\" data-end=\"2261\">Garantie<\/strong><\/td>\n<td data-col-size=\"lg\" data-start=\"2262\" data-end=\"2272\">1 Jahr<\/td>\n<\/tr>\n<tr data-start=\"2273\" data-end=\"2318\">\n<td data-start=\"2273\" data-end=\"2301\" data-col-size=\"sm\"><strong data-start=\"2275\" data-end=\"2300\">Betriebstemperatur<\/strong><\/td>\n<td data-col-size=\"lg\" data-start=\"2301\" data-end=\"2318\">\u201320 \u00b0C bis 55 \u00b0C<\/td>\n<\/tr>\n<tr data-start=\"2319\" data-end=\"2362\">\n<td data-start=\"2319\" data-end=\"2345\" data-col-size=\"sm\"><strong data-start=\"2321\" data-end=\"2344\">Lagertemperatur<\/strong><\/td>\n<td data-col-size=\"lg\" data-start=\"2345\" data-end=\"2362\">\u201340 \u00b0C bis 70 \u00b0C<\/td>\n<\/tr>\n<\/tbody>\n<\/table>\n<\/div>\n<\/div>\n<figure id=\"attachment_1267\" aria-describedby=\"caption-attachment-1267\" style=\"width: 749px\" class=\"wp-caption alignnone\"><img fetchpriority=\"high\" decoding=\"async\" class=\"wp-image-1267\" src=\"https:\/\/szjialu.com\/wp-content\/uploads\/2025\/11\/\u4e3b\u56fe-3-16-300x300.jpg\" alt=\"30-W-PD-Schnellladeger\u00e4t\" width=\"749\" height=\"749\" srcset=\"https:\/\/szjialu.com\/wp-content\/uploads\/2025\/11\/\u4e3b\u56fe-3-16-300x300.jpg 300w, https:\/\/szjialu.com\/wp-content\/uploads\/2025\/11\/\u4e3b\u56fe-3-16-150x150.jpg 150w, https:\/\/szjialu.com\/wp-content\/uploads\/2025\/11\/\u4e3b\u56fe-3-16-768x768.jpg 768w, https:\/\/szjialu.com\/wp-content\/uploads\/2025\/11\/\u4e3b\u56fe-3-16-600x600.jpg 600w, https:\/\/szjialu.com\/wp-content\/uploads\/2025\/11\/\u4e3b\u56fe-3-16-100x100.jpg 100w, https:\/\/szjialu.com\/wp-content\/uploads\/2025\/11\/\u4e3b\u56fe-3-16-64x64.jpg 64w, https:\/\/szjialu.com\/wp-content\/uploads\/2025\/11\/\u4e3b\u56fe-3-16.jpg 800w\" sizes=\"(max-width: 749px) 100vw, 749px\" \/><figcaption id=\"caption-attachment-1267\" class=\"wp-caption-text\">30-W-PD-Schnellladeger\u00e4t<\/figcaption><\/figure>\n<h2 data-start=\"2369\" data-end=\"2393\"><strong data-start=\"2371\" data-end=\"2393\">Wichtigste Verkaufsargumente<\/strong><\/h2>\n<h3 data-start=\"2394\" data-end=\"2427\"><strong data-start=\"2398\" data-end=\"2427\">1. Echtes 30-W-Schnellladen<\/strong><\/h3>\n<p data-start=\"2428\" data-end=\"2559\">Unterst\u00fctzt die neuesten Power-Delivery-Protokolle und erm\u00f6glicht so ein effizientes Laden von Smartphones, Tablets und sogar leichten Notebooks.<\/p>\n<h3 data-start=\"2561\" data-end=\"2612\"><strong data-start=\"2565\" data-end=\"2612\">2. Zwei USB-C-Anschl\u00fcsse f\u00fcr maximale Flexibilit\u00e4t<\/strong><\/h3>\n<p data-start=\"2613\" data-end=\"2716\">Laden Sie zwei Ger\u00e4te gleichzeitig mit intelligenter Energieverteilung. Ideal f\u00fcr Reisende oder Nutzer, die mehrere Aufgaben gleichzeitig erledigen.<\/p>\n<h3 data-start=\"2718\" data-end=\"2747\"><strong data-start=\"2722\" data-end=\"2747\">3. Weitgehende Kompatibilit\u00e4t<\/strong><\/h3>\n<p data-start=\"2748\" data-end=\"2872\">Entwickelt, um Ger\u00e4te f\u00fchrender Marken mit Strom zu versorgen \u2013 Mobiltelefone, iPads, Tablets, tragbare Spielkonsolen, Powerbanks und mehr.<\/p>\n<h3 data-start=\"2874\" data-end=\"2926\"><strong data-start=\"2878\" data-end=\"2926\">4. Sicheres Laden mit mehrschichtigem Schutz<\/strong><\/h3>\n<p data-start=\"2927\" data-end=\"3032\">Eingebaute Sicherheitsvorkehrungen einschlie\u00dflich <strong data-start=\"2957\" data-end=\"2983\">SCP, OVP, OCP und OLP<\/strong> Gew\u00e4hrleistet jederzeit ein stabiles und problemloses Laden.<\/p>\n<h3 data-start=\"3034\" data-end=\"3077\"><strong data-start=\"3038\" data-end=\"3077\">5. Ultraleicht und reisefertig<\/strong><\/h3>\n<p data-start=\"3078\" data-end=\"3210\">Nur <strong data-start=\"3086\" data-end=\"3098\">53 Gramm<\/strong>, Das Ladeger\u00e4t ist leicht zu transportieren und unterst\u00fctzt weltweite Spannungen (100\u2013240 V), wodurch es sich ideal f\u00fcr den internationalen Einsatz eignet.<\/p>\n<h3 data-start=\"3212\" data-end=\"3257\"><strong data-start=\"3216\" data-end=\"3257\">6. Robustes, flammhemmendes PC-Geh\u00e4use<\/strong><\/h3>\n<p data-start=\"3258\" data-end=\"3329\">Langlebiges, hitzebest\u00e4ndiges Material gew\u00e4hrleistet Zuverl\u00e4ssigkeit im t\u00e4glichen Gebrauch.<\/p>\n<h3 data-start=\"3331\" data-end=\"3367\"><strong data-start=\"3335\" data-end=\"3367\">7. International zertifiziert<\/strong><\/h3>\n<p data-start=\"3368\" data-end=\"3464\">Die Einhaltung von CE, GS, RoHS und REACH garantiert Qualit\u00e4t, Sicherheit und Umweltverantwortung.<\/p>\n<h2 data-start=\"3471\" data-end=\"3489\"><strong data-start=\"3473\" data-end=\"3489\">Anwendungen<\/strong><\/h2>\n<p data-start=\"3490\" data-end=\"3535\">Das TR1002CEU 30W PD-Ladeger\u00e4t ist geeignet f\u00fcr:<\/p>\n<ul data-start=\"3536\" data-end=\"3725\">\n<li data-start=\"3536\" data-end=\"3564\">\n<p data-start=\"3538\" data-end=\"3564\">Smartphones (Android, iOS)<\/p>\n<\/li>\n<li data-start=\"3565\" data-end=\"3584\">\n<p data-start=\"3567\" data-end=\"3584\">Tablets und iPads<\/p>\n<\/li>\n<li data-start=\"3585\" data-end=\"3623\">\n<p data-start=\"3587\" data-end=\"3623\">Ultraportable Laptops und Notebooks<\/p>\n<\/li>\n<li data-start=\"3624\" data-end=\"3656\">\n<p data-start=\"3626\" data-end=\"3656\">Kabellose Ohrh\u00f6rer und Wearables<\/p>\n<\/li>\n<li data-start=\"3657\" data-end=\"3691\">\n<p data-start=\"3659\" data-end=\"3691\">Powerbanks und tragbare Ger\u00e4te<\/p>\n<\/li>\n<li data-start=\"3692\" data-end=\"3725\">\n<p data-start=\"3694\" data-end=\"3725\">E-Reader und USB-C-Elektronik<\/p>\n<\/li>\n<\/ul>\n<p data-start=\"3727\" data-end=\"3739\">Perfekt geeignet f\u00fcr:<\/p>\n<ul data-start=\"3740\" data-end=\"3836\">\n<li data-start=\"3740\" data-end=\"3757\">\n<p data-start=\"3742\" data-end=\"3757\">Aufladen zu Hause<\/p>\n<\/li>\n<li data-start=\"3758\" data-end=\"3772\">\n<p data-start=\"3760\" data-end=\"3772\">B\u00fcronutzung<\/p>\n<\/li>\n<li data-start=\"3773\" data-end=\"3792\">\n<p data-start=\"3775\" data-end=\"3792\">Gesch\u00e4ftsreisen<\/p>\n<\/li>\n<li data-start=\"3793\" data-end=\"3812\">\n<p data-start=\"3795\" data-end=\"3812\">t\u00e4gliches Pendeln<\/p>\n<\/li>\n<li data-start=\"3813\" data-end=\"3836\">\n<p data-start=\"3815\" data-end=\"3836\">Internationale Reisen<\/p>\n<\/li>\n<\/ul>\n<h2 data-start=\"3843\" data-end=\"3927\"><strong data-start=\"3845\" data-end=\"3927\">Unternehmensvorteil<\/strong><\/h2>\n<p data-start=\"3928\" data-end=\"4101\">Als professioneller Hersteller von Netzteilen zeichnet sich unser Unternehmen durch seine <strong data-start=\"4005\" data-end=\"4073\">integrierte hauseigene Forschungs- und Entwicklungsabteilung sowie Produktionskapazit\u00e4ten f\u00fcr den gesamten Produktionsprozess<\/strong>. Dies erm\u00f6glicht es uns, Folgendes anzubieten:<\/p>\n<h3 data-start=\"4103\" data-end=\"4137\"><strong data-start=\"4107\" data-end=\"4137\">Vollst\u00e4ndige Anpassungsunterst\u00fctzung<\/strong><\/h3>\n<p data-start=\"4138\" data-end=\"4296\">Von der Leiterplattenentwicklung \u00fcber die Geh\u00e4useformung bis hin zum Private-Label-Branding bieten wir umfassende OEM\/ODM-Flexibilit\u00e4t, um Kunden beim effizienten Aufbau ihrer eigenen Produktlinien zu unterst\u00fctzen.<\/p>\n<h3 data-start=\"4298\" data-end=\"4328\"><strong data-start=\"4302\" data-end=\"4328\">Strenge Qualit\u00e4tskontrolle<\/strong><\/h3>\n<p data-start=\"4329\" data-end=\"4473\">Jedes Ladeger\u00e4t durchl\u00e4uft mehrstufige Tests, um eine stabile Leistung, hohe Ladeeffizienz und die Einhaltung globaler Sicherheitsstandards zu gew\u00e4hrleisten.<\/p>\n<h3 data-start=\"4475\" data-end=\"4518\"><strong data-start=\"4479\" data-end=\"4518\">Schnelle Lieferung &amp; stabile Lieferkette<\/strong><\/h3>\n<p data-start=\"4519\" data-end=\"4656\">Dank optimierter Produktion und langfristiger Materialpartnerschaften gew\u00e4hrleisten wir eine gleichbleibende Produktverf\u00fcgbarkeit und kurze Lieferzeiten.<\/p>\n<h2 data-start=\"4663\" data-end=\"4680\"><strong data-start=\"4665\" data-end=\"4680\">Produkt-FAQ<\/strong><\/h2>\n<h3 data-start=\"4682\" data-end=\"4736\"><strong data-start=\"4686\" data-end=\"4736\">1. Kann dieses Ladeger\u00e4t mein Smartphone schnell aufladen?<\/strong><\/h3>\n<p data-start=\"4737\" data-end=\"4838\">Ja. Der TR1002CEU unterst\u00fctzt PD-Schnellladung mit bis zu 30 W und ist mit den meisten g\u00e4ngigen Smartphone-Marken kompatibel.<\/p>\n<h3 data-start=\"4840\" data-end=\"4895\"><strong data-start=\"4844\" data-end=\"4895\">2. Kann ich beide USB-C-Anschl\u00fcsse gleichzeitig verwenden?<\/strong><\/h3>\n<p data-start=\"4896\" data-end=\"4977\">Ja. Wenn beide Anschl\u00fcsse verwendet werden, liefert das Ladeger\u00e4t eine <strong data-start=\"4950\" data-end=\"4976\">gemeinsamer Ausgang von 5V 3A<\/strong>.<\/p>\n<h3 data-start=\"4979\" data-end=\"5040\"><strong data-start=\"4983\" data-end=\"5040\">3. Ist dieses Ladeger\u00e4t f\u00fcr internationale Reisen geeignet?<\/strong><\/h3>\n<p data-start=\"5041\" data-end=\"5163\">Absolut. <strong data-start=\"5057\" data-end=\"5085\">Universaleingang 100\u2013240 V<\/strong> Dadurch ist es mit Stromnetzen weltweit kompatibel (EU- und Korea-Steckeroptionen).<\/p>\n<h3 data-start=\"5165\" data-end=\"5213\"><strong data-start=\"5169\" data-end=\"5213\">4. Welche Sicherheitsvorkehrungen sind enthalten?<\/strong><\/h3>\n<p data-start=\"5214\" data-end=\"5342\">Das Ladeger\u00e4t verf\u00fcgt \u00fcber <strong data-start=\"5235\" data-end=\"5341\">SCP (Kurzschlussschutz), OVP (\u00dcberspannungsschutz), OCP (\u00dcberstromschutz) und OLP (\u00dcberlastschutz)<\/strong>.<\/p>\n<h3 data-start=\"5344\" data-end=\"5398\"><strong data-start=\"5348\" data-end=\"5398\">5. \u00dcber welche Zertifizierungen verf\u00fcgt dieses Ladeger\u00e4t?<\/strong><\/h3>\n<p data-start=\"5399\" data-end=\"5499\">Es ist zertifiziert mit <strong data-start=\"5420\" data-end=\"5447\">CE, GS, RoHS und REACH<\/strong>, die strenge Sicherheits- und Umweltstandards erf\u00fcllen.<\/p>\n<h3 data-start=\"5501\" data-end=\"5546\"><strong data-start=\"5505\" data-end=\"5546\">6. Welche Ger\u00e4te kann ich damit aufladen?<\/strong><\/h3>\n<p data-start=\"5547\" data-end=\"5633\">Alle USB-C-f\u00e4higen Ger\u00e4te, einschlie\u00dflich Handys, Tablets, Notebooks, Powerbanks und mehr.<\/p>\n<h3 data-start=\"5635\" data-end=\"5674\"><strong data-start=\"5639\" data-end=\"5674\">7. Wie lange betr\u00e4gt die Garantiezeit?<\/strong><\/h3>\n<p data-start=\"5675\" data-end=\"5720\">Das Produkt wird mit einem <strong data-start=\"5700\" data-end=\"5719\">1 Jahr Garantie<\/strong>.<\/p>","protected":false},"excerpt":{"rendered":"<p><strong data-start=\"1541\" data-end=\"1557\">Produktname: <\/strong>30-W-PD-Ladeger\u00e4t<\/p>\n<p><strong data-start=\"1579\" data-end=\"1595\">Modellnummer: <\/strong>TR1002CEU<\/p>\n<p><strong data-start=\"1612\" data-end=\"1631\">Herkunftsort: <\/strong>China (Festland)<\/p>\n<p><strong data-start=\"1655\" data-end=\"1671\">Anwendungsbereiche: <\/strong>Laptop, Notebook, Tablet, Mobiltelefon und andere USB-C-Ger\u00e4te<\/p>\n<p><strong data-start=\"1742\" data-end=\"1751\">Eingang: <\/strong>100\u2013240 V, 50\/60 Hz, 0,8 A<\/p>\n<p><strong data-start=\"1782\" data-end=\"1792\">Ausgabe: <\/strong><strong data-start=\"1795\" data-end=\"1806\">USB-C1:<\/strong> 5V\/3A, 9V\/2A, 12V\/1,5A, 15V\/2A, 20V\/1,5A (30W)<br \/>\n<strong data-start=\"1859\" data-end=\"1870\">USB-C2:<\/strong> 5V\/3A, 9V\/2A, 12V\/1,5A, 15V\/2A, 20V\/1,5A (30W)<br \/>\n<strong data-start=\"1923\" data-end=\"1943\">USB-C1 + USB-C2:<\/strong> 5V 3A gemeinsam genutzt<\/p>\n<p><strong data-start=\"1961\" data-end=\"1980\">Steckdosenstandard: <\/strong>EU, Korea<\/p>\n<p><strong data-start=\"1997\" data-end=\"2014\">Farboptionen: <\/strong>Schwarz, Wei\u00df<\/p>\n<p><strong data-start=\"2034\" data-end=\"2046\">Material: <\/strong>PC (flammhemmend)<\/p>\n<p><strong data-start=\"2074\" data-end=\"2084\">Gewicht: <\/strong>53 g<\/p>\n<p><strong data-start=\"2095\" data-end=\"2106\">Verpackung: <\/strong>Einzelhandelsverpackung<\/p>\n<p><strong data-start=\"2128\" data-end=\"2150\">Schutzsysteme: <\/strong>SCP, OVP, OCP, OLP<\/p>\n<p><strong data-start=\"2176\" data-end=\"2190\">Effizienz: <\/strong>Stufe VI<\/p>\n<p><strong data-start=\"2206\" data-end=\"2222\">Zertifikate: <\/strong>CE, GS, RoHS, REACH<\/p>","protected":false},"featured_media":1267,"comment_status":"closed","ping_status":"closed","template":"","meta":{"_acf_changed":false,"site-sidebar-layout":"default","site-content-layout":"","ast-site-content-layout":"default","site-content-style":"default","site-sidebar-style":"default","ast-global-header-display":"","ast-banner-title-visibility":"","ast-main-header-display":"","ast-hfb-above-header-display":"","ast-hfb-below-header-display":"","ast-hfb-mobile-header-display":"","site-post-title":"","ast-breadcrumbs-content":"","ast-featured-img":"","footer-sml-layout":"","ast-disable-related-posts":"","theme-transparent-header-meta":"default","adv-header-id-meta":"","stick-header-meta":"","header-above-stick-meta":"","header-main-stick-meta":"","header-below-stick-meta":"","astra-migrate-meta-layouts":"set","ast-page-background-enabled":"default","ast-page-background-meta":{"desktop":{"background-color":"var(--ast-global-color-5)","background-image":"","background-repeat":"repeat","background-position":"center center","background-size":"auto","background-attachment":"scroll","background-type":"","background-media":"","overlay-type":"","overlay-color":"","overlay-opacity":"","overlay-gradient":""},"tablet":{"background-color":"","background-image":"","background-repeat":"repeat","background-position":"center center","background-size":"auto","background-attachment":"scroll","background-type":"","background-media":"","overlay-type":"","overlay-color":"","overlay-opacity":"","overlay-gradient":""},"mobile":{"background-color":"","background-image":"","background-repeat":"repeat","background-position":"center center","background-size":"auto","background-attachment":"scroll","background-type":"","background-media":"","overlay-type":"","overlay-color":"","overlay-opacity":"","overlay-gradient":""}},"ast-content-background-meta":{"desktop":{"background-color":"var(--ast-global-color-4)","background-image":"","background-repeat":"repeat","background-position":"center center","background-size":"auto","background-attachment":"scroll","background-type":"","background-media":"","overlay-type":"","overlay-color":"","overlay-opacity":"","overlay-gradient":""},"tablet":{"background-color":"var(--ast-global-color-4)","background-image":"","background-repeat":"repeat","background-position":"center center","background-size":"auto","background-attachment":"scroll","background-type":"","background-media":"","overlay-type":"","overlay-color":"","overlay-opacity":"","overlay-gradient":""},"mobile":{"background-color":"var(--ast-global-color-4)","background-image":"","background-repeat":"repeat","background-position":"center center","background-size":"auto","background-attachment":"scroll","background-type":"","background-media":"","overlay-type":"","overlay-color":"","overlay-opacity":"","overlay-gradient":""}}},"product_brand":[],"product_cat":[46,30],"product_tag":[136,91,137,101,89],"class_list":{"0":"post-1266","1":"product","2":"type-product","3":"status-publish","4":"has-post-thumbnail","6":"product_cat-30w","7":"product_cat-gan-charger","8":"product_tag-30w-pd-fast-charger","9":"product_tag-dual-usb-c-charger","10":"product_tag-portable-fast-charger","11":"product_tag-universal-pd-charger","12":"product_tag-usb-c-fast-charger","13":"desktop-align-left","14":"tablet-align-left","15":"mobile-align-left","17":"first","18":"instock","19":"shipping-taxable","20":"product-type-simple"},"acf":[],"_links":{"self":[{"href":"https:\/\/szjialu.com\/de\/wp-json\/wp\/v2\/product\/1266","targetHints":{"allow":["GET"]}}],"collection":[{"href":"https:\/\/szjialu.com\/de\/wp-json\/wp\/v2\/product"}],"about":[{"href":"https:\/\/szjialu.com\/de\/wp-json\/wp\/v2\/types\/product"}],"replies":[{"embeddable":true,"href":"https:\/\/szjialu.com\/de\/wp-json\/wp\/v2\/comments?post=1266"}],"wp:featuredmedia":[{"embeddable":true,"href":"https:\/\/szjialu.com\/de\/wp-json\/wp\/v2\/media\/1267"}],"wp:attachment":[{"href":"https:\/\/szjialu.com\/de\/wp-json\/wp\/v2\/media?parent=1266"}],"wp:term":[{"taxonomy":"product_brand","embeddable":true,"href":"https:\/\/szjialu.com\/de\/wp-json\/wp\/v2\/product_brand?post=1266"},{"taxonomy":"product_cat","embeddable":true,"href":"https:\/\/szjialu.com\/de\/wp-json\/wp\/v2\/product_cat?post=1266"},{"taxonomy":"product_tag","embeddable":true,"href":"https:\/\/szjialu.com\/de\/wp-json\/wp\/v2\/product_tag?post=1266"}],"curies":[{"name":"wp","href":"https:\/\/api.w.org\/{rel}","templated":true}]}}