{"id":1260,"date":"2025-11-30T10:54:16","date_gmt":"2025-11-30T10:54:16","guid":{"rendered":"https:\/\/szjialu.com\/?post_type=product&#038;p=1260"},"modified":"2025-11-30T10:54:17","modified_gmt":"2025-11-30T10:54:17","slug":"30-w-dual-usb-c-pd-ladegerat-tr1002ckr","status":"publish","type":"product","link":"https:\/\/szjialu.com\/de\/product\/30w-dual-usb-c-pd-charger-tr1002ckr\/","title":{"rendered":"30W Dual USB C PD Ladeger\u00e4t TR1002CKR"},"content":{"rendered":"<h2 data-start=\"979\" data-end=\"1003\"><strong data-start=\"981\" data-end=\"1001\">Produkt\u00fcbersicht<\/strong><\/h2>\n<p data-start=\"1004\" data-end=\"1351\">Der <strong data-start=\"1008\" data-end=\"1036\">30W Dual USB C PD Ladeger\u00e4t TR1002CKR<\/strong> Dieses leistungsstarke Dual-Port-USB-C-Ladeger\u00e4t wurde speziell f\u00fcr den Strombedarf moderner Mobilger\u00e4te entwickelt. Mit zwei USB-C-Anschl\u00fcssen, die jeweils bis zu 30 W Ausgangsleistung liefern, erm\u00f6glicht es das bequeme Laden von zwei Ger\u00e4ten. Werden beide Anschl\u00fcsse gleichzeitig genutzt, verteilt das Ladeger\u00e4t die 5 V\/3 A intelligent auf beide Ausg\u00e4nge.<\/p>\n<p data-start=\"1353\" data-end=\"1754\">Dank seines breiten Eingangsspannungsbereichs von 100\u2013240 V und der Kompatibilit\u00e4t mit EU-\/Korea-Steckern eignet es sich f\u00fcr den regionalen Einsatz. Das Ladeger\u00e4t ist mit einem feuerfesten PC-Geh\u00e4use ausgestattet, wiegt nur 53 g und ist somit kompakt, zuverl\u00e4ssig und ideal f\u00fcr unterwegs. Sicherheitsfunktionen wie Schutz vor Kurzschluss, \u00dcberspannung, \u00dcberstrom und \u00dcberlastung gew\u00e4hrleisten zudem einen sicheren und stabilen Betrieb aller angeschlossenen Ger\u00e4te.<\/p>\n<h2 data-start=\"1761\" data-end=\"1781\"><strong data-start=\"1763\" data-end=\"1781\">Spezifikationen<\/strong><\/h2>\n<div class=\"_tableContainer_1rjym_1\">\n<div class=\"group _tableWrapper_1rjym_13 flex w-fit flex-col-reverse\" tabindex=\"-1\">\n<table class=\"w-fit min-w-(--thread-content-width)\" data-start=\"1783\" data-end=\"2560\">\n<thead data-start=\"1783\" data-end=\"1804\">\n<tr data-start=\"1783\" data-end=\"1804\">\n<th data-start=\"1783\" data-end=\"1793\" data-col-size=\"sm\">Besonderheit<\/th>\n<th data-start=\"1793\" data-end=\"1804\" data-col-size=\"md\">Details<\/th>\n<\/tr>\n<\/thead>\n<tbody data-start=\"1826\" data-end=\"2560\">\n<tr data-start=\"1826\" data-end=\"1859\">\n<td data-start=\"1826\" data-end=\"1841\" data-col-size=\"sm\">Produktname<\/td>\n<td data-col-size=\"md\" data-start=\"1841\" data-end=\"1859\">30-W-PD-Ladeger\u00e4t<\/td>\n<\/tr>\n<tr data-start=\"1860\" data-end=\"1888\">\n<td data-start=\"1860\" data-end=\"1875\" data-col-size=\"sm\">Modellnummer<\/td>\n<td data-col-size=\"md\" data-start=\"1875\" data-end=\"1888\">TR1002CKR<\/td>\n<\/tr>\n<tr data-start=\"1889\" data-end=\"1927\">\n<td data-start=\"1889\" data-end=\"1907\" data-col-size=\"sm\">Herkunftsort<\/td>\n<td data-col-size=\"md\" data-start=\"1907\" data-end=\"1927\">China (Festland)<\/td>\n<\/tr>\n<tr data-start=\"1928\" data-end=\"2004\">\n<td data-start=\"1928\" data-end=\"1943\" data-col-size=\"sm\">Anwendungen<\/td>\n<td data-col-size=\"md\" data-start=\"1943\" data-end=\"2004\">Laptop, Notebook, Tablet, Mobiltelefon und USB-C-Ger\u00e4te<\/td>\n<\/tr>\n<tr data-start=\"2005\" data-end=\"2043\">\n<td data-start=\"2005\" data-end=\"2013\" data-col-size=\"sm\">Eingang<\/td>\n<td data-col-size=\"md\" data-start=\"2013\" data-end=\"2043\">Wechselstrom 100\u2013240 V, 50\/60 Hz, 0,8 A<\/td>\n<\/tr>\n<tr data-start=\"2044\" data-end=\"2116\">\n<td data-start=\"2044\" data-end=\"2062\" data-col-size=\"sm\">Ausgang \u2013 USB-C1<\/td>\n<td data-col-size=\"md\" data-start=\"2062\" data-end=\"2116\">5V\/3A, 9V\/2A, 12V\/1,5A, 15V\/2A, 20V\/1,5A (max. 30W)<\/td>\n<\/tr>\n<tr data-start=\"2117\" data-end=\"2189\">\n<td data-start=\"2117\" data-end=\"2135\" data-col-size=\"sm\">Ausgang \u2013 USB-C2<\/td>\n<td data-col-size=\"md\" data-start=\"2135\" data-end=\"2189\">5V\/3A, 9V\/2A, 12V\/1,5A, 15V\/2A, 20V\/1,5A (max. 30W)<\/td>\n<\/tr>\n<tr data-start=\"2190\" data-end=\"2243\">\n<td data-start=\"2190\" data-end=\"2209\" data-col-size=\"sm\">Dual-Port-Ausgang<\/td>\n<td data-col-size=\"md\" data-start=\"2209\" data-end=\"2243\">5V\/3A gemeinsam genutzt (USB-C1 + USB-C2)<\/td>\n<\/tr>\n<tr data-start=\"2244\" data-end=\"2276\">\n<td data-start=\"2244\" data-end=\"2262\" data-col-size=\"sm\">Steckdosenstandard<\/td>\n<td data-col-size=\"md\" data-start=\"2262\" data-end=\"2276\">EU \/ Korea<\/td>\n<\/tr>\n<tr data-start=\"2277\" data-end=\"2302\">\n<td data-start=\"2277\" data-end=\"2286\" data-col-size=\"sm\">Farben<\/td>\n<td data-col-size=\"md\" data-start=\"2286\" data-end=\"2302\">Schwarz, Wei\u00df<\/td>\n<\/tr>\n<tr data-start=\"2303\" data-end=\"2320\">\n<td data-start=\"2303\" data-end=\"2314\" data-col-size=\"sm\">Material<\/td>\n<td data-col-size=\"md\" data-start=\"2314\" data-end=\"2320\">PC<\/td>\n<\/tr>\n<tr data-start=\"2321\" data-end=\"2338\">\n<td data-start=\"2321\" data-end=\"2330\" data-col-size=\"sm\">Gewicht<\/td>\n<td data-col-size=\"md\" data-start=\"2330\" data-end=\"2338\">53 g<\/td>\n<\/tr>\n<tr data-start=\"2339\" data-end=\"2367\">\n<td data-start=\"2339\" data-end=\"2349\" data-col-size=\"sm\">Verpackung<\/td>\n<td data-col-size=\"md\" data-start=\"2349\" data-end=\"2367\">Einzelhandelsverpackung<\/td>\n<\/tr>\n<tr data-start=\"2368\" data-end=\"2393\">\n<td data-start=\"2368\" data-end=\"2387\" data-col-size=\"sm\">Effizienzniveau<\/td>\n<td data-col-size=\"md\" data-start=\"2387\" data-end=\"2393\">VI<\/td>\n<\/tr>\n<tr data-start=\"2394\" data-end=\"2429\">\n<td data-start=\"2394\" data-end=\"2407\" data-col-size=\"sm\">Schutz<\/td>\n<td data-col-size=\"md\" data-start=\"2407\" data-end=\"2429\">SCP, OVP, OCP, OLP<\/td>\n<\/tr>\n<tr data-start=\"2430\" data-end=\"2458\">\n<td data-start=\"2430\" data-end=\"2447\" data-col-size=\"sm\">Zertifizierungen<\/td>\n<td data-col-size=\"md\" data-start=\"2447\" data-end=\"2458\">KC, KCC<\/td>\n<\/tr>\n<tr data-start=\"2459\" data-end=\"2480\">\n<td data-start=\"2459\" data-end=\"2470\" data-col-size=\"sm\">Garantie<\/td>\n<td data-start=\"2470\" data-end=\"2480\" data-col-size=\"md\">1 Jahr<\/td>\n<\/tr>\n<tr data-start=\"2481\" data-end=\"2521\">\n<td data-start=\"2481\" data-end=\"2505\" data-col-size=\"sm\">Betriebstemperatur<\/td>\n<td data-start=\"2505\" data-end=\"2521\" data-col-size=\"md\">\u201320 \u00b0C ~ 55 \u00b0C<\/td>\n<\/tr>\n<tr data-start=\"2522\" data-end=\"2560\">\n<td data-start=\"2522\" data-end=\"2544\" data-col-size=\"sm\">Lagertemperatur<\/td>\n<td data-start=\"2544\" data-end=\"2560\" data-col-size=\"md\">\u201340 \u00b0C ~ 70 \u00b0C<\/td>\n<\/tr>\n<\/tbody>\n<\/table>\n<\/div>\n<\/div>\n<figure id=\"attachment_1262\" aria-describedby=\"caption-attachment-1262\" style=\"width: 780px\" class=\"wp-caption alignnone\"><img fetchpriority=\"high\" decoding=\"async\" class=\"wp-image-1262\" src=\"https:\/\/szjialu.com\/wp-content\/uploads\/2025\/11\/\u4e3b\u56fe-3-15-300x300.jpg\" alt=\"30-W-Dual-USB-C-PD-Ladeger\u00e4t\" width=\"780\" height=\"780\" srcset=\"https:\/\/szjialu.com\/wp-content\/uploads\/2025\/11\/\u4e3b\u56fe-3-15-300x300.jpg 300w, https:\/\/szjialu.com\/wp-content\/uploads\/2025\/11\/\u4e3b\u56fe-3-15-150x150.jpg 150w, https:\/\/szjialu.com\/wp-content\/uploads\/2025\/11\/\u4e3b\u56fe-3-15-768x768.jpg 768w, https:\/\/szjialu.com\/wp-content\/uploads\/2025\/11\/\u4e3b\u56fe-3-15-600x600.jpg 600w, https:\/\/szjialu.com\/wp-content\/uploads\/2025\/11\/\u4e3b\u56fe-3-15-100x100.jpg 100w, https:\/\/szjialu.com\/wp-content\/uploads\/2025\/11\/\u4e3b\u56fe-3-15-64x64.jpg 64w, https:\/\/szjialu.com\/wp-content\/uploads\/2025\/11\/\u4e3b\u56fe-3-15.jpg 800w\" sizes=\"(max-width: 780px) 100vw, 780px\" \/><figcaption id=\"caption-attachment-1262\" class=\"wp-caption-text\">30-W-Dual-USB-C-PD-Ladeger\u00e4t<\/figcaption><\/figure>\n<h2 data-start=\"2567\" data-end=\"2587\"><strong data-start=\"2569\" data-end=\"2587\">Verkaufsargumente<\/strong><\/h2>\n<h3 data-start=\"2589\" data-end=\"2631\"><strong data-start=\"2593\" data-end=\"2629\">Zwei USB-C-Schnellladeanschl\u00fcsse<\/strong><\/h3>\n<p data-start=\"2632\" data-end=\"2730\">Beide USB-C-Anschl\u00fcsse unterst\u00fctzen jeweils eine volle PD-Ausgangsleistung von 30 W \u2013 ideal f\u00fcr Laptops, Tablets und Smartphones.<\/p>\n<h3 data-start=\"2732\" data-end=\"2763\"><strong data-start=\"2736\" data-end=\"2761\">Intelligente gemeinsame Ausgabe<\/strong><\/h3>\n<p data-start=\"2764\" data-end=\"2877\">Wenn beide Anschl\u00fcsse verwendet werden, liefert das Ladeger\u00e4t einen stabilen, gemeinsamen Ausgang von 5 V\/3 A und gew\u00e4hrleistet so ein sicheres und gleichm\u00e4\u00dfiges Laden.<\/p>\n<h3 data-start=\"2879\" data-end=\"2932\"><strong data-start=\"2883\" data-end=\"2930\">Zertifiziert f\u00fcr Qualit\u00e4t und Sicherheit (KC\/KCC)<\/strong><\/h3>\n<p data-start=\"2933\" data-end=\"3039\">Entspricht den koreanischen Zertifizierungen f\u00fcr elektrische Sicherheit und gew\u00e4hrleistet so die Zuverl\u00e4ssigkeit des Produkts und die Einhaltung der Sicherheitsstandards.<\/p>\n<h3 data-start=\"3041\" data-end=\"3075\"><strong data-start=\"3045\" data-end=\"3073\">Leicht und tragbar<\/strong><\/h3>\n<p data-start=\"3076\" data-end=\"3153\">Mit nur 53 g ist das Ladeger\u00e4t leicht zu transportieren und eignet sich f\u00fcr Reisen, B\u00fcro und den t\u00e4glichen Gebrauch.<\/p>\n<h3 data-start=\"3155\" data-end=\"3185\"><strong data-start=\"3159\" data-end=\"3183\">Robustes PC-Geh\u00e4use<\/strong><\/h3>\n<p data-start=\"3186\" data-end=\"3260\">Feuerbest\u00e4ndig, temperaturbest\u00e4ndig und auf Langlebigkeit ausgelegt.<\/p>\n<h3 data-start=\"3262\" data-end=\"3297\"><strong data-start=\"3266\" data-end=\"3295\">Mehrfachschutzsystem<\/strong><\/h3>\n<p data-start=\"3298\" data-end=\"3411\">Beinhaltet SCP, OVP, OCP und OLP zum Schutz vor Kurzschl\u00fcssen, Spannungsspitzen, \u00dcberstrom und \u00dcberlastung.<\/p>\n<h3 data-start=\"3413\" data-end=\"3450\"><strong data-start=\"3417\" data-end=\"3448\">Breite Ger\u00e4tekompatibilit\u00e4t<\/strong><\/h3>\n<p data-start=\"3451\" data-end=\"3545\">Geeignet f\u00fcr Laptops, Notebooks, Tablets, Mobiltelefone, Powerbanks und andere USB-C-Ger\u00e4te.<\/p>\n<h2 data-start=\"3552\" data-end=\"3570\"><strong data-start=\"3554\" data-end=\"3570\">Anwendungen<\/strong><\/h2>\n<ul data-start=\"3572\" data-end=\"3834\">\n<li data-start=\"3572\" data-end=\"3604\">\n<p data-start=\"3574\" data-end=\"3604\">USB-C PD-Laptops (bis zu 30 W)<\/p>\n<\/li>\n<li data-start=\"3605\" data-end=\"3660\">\n<p data-start=\"3607\" data-end=\"3660\">Android-Handys und iPhones (Modelle mit USB-C-Anschluss)<\/p>\n<\/li>\n<li data-start=\"3661\" data-end=\"3682\">\n<p data-start=\"3663\" data-end=\"3682\">iPads und Tablets<\/p>\n<\/li>\n<li data-start=\"3683\" data-end=\"3719\">\n<p data-start=\"3685\" data-end=\"3719\">Powerbanks und tragbare Ger\u00e4te<\/p>\n<\/li>\n<li data-start=\"3720\" data-end=\"3787\">\n<p data-start=\"3722\" data-end=\"3787\">USB-Zubeh\u00f6r wie Kameras, Lautsprecher und Handger\u00e4te<\/p>\n<\/li>\n<li data-start=\"3788\" data-end=\"3834\">\n<p data-start=\"3790\" data-end=\"3834\">Ideal f\u00fcr Zuhause, B\u00fcro, Schule und Reisen<\/p>\n<\/li>\n<\/ul>\n<h2 data-start=\"3841\" data-end=\"3850\"><strong data-start=\"3843\" data-end=\"3850\">H\u00e4ufig gestellte Fragen<\/strong><\/h2>\n<p data-start=\"3852\" data-end=\"4028\"><strong data-start=\"3852\" data-end=\"3908\">F: K\u00f6nnen beide USB-C-Anschl\u00fcsse gleichzeitig 30 W ausgeben?<\/strong><br data-start=\"3908\" data-end=\"3911\" \/>Nein. Jeder Anschluss kann einzeln bis zu 30 W liefern, aber wenn beide Anschl\u00fcsse zusammen verwendet werden, teilt das Ladeger\u00e4t 5 V\/3 A auf beide Anschl\u00fcsse auf.<\/p>\n<p data-start=\"4030\" data-end=\"4156\"><strong data-start=\"4030\" data-end=\"4076\">F: Ist dieses Ladeger\u00e4t f\u00fcr den Langzeitgebrauch geeignet?<\/strong><br data-start=\"4076\" data-end=\"4079\" \/>Ja \u2013 es beinhaltet SCP-, OVP-, OCP- und OLP-Schutzmechanismen und ist KC\/KCC-zertifiziert.<\/p>\n<p data-start=\"4158\" data-end=\"4261\"><strong data-start=\"4158\" data-end=\"4187\">F: Kann es Laptops aufladen?<\/strong><br data-start=\"4187\" data-end=\"4190\" \/>Ja \u2013 vorausgesetzt, der Laptop unterst\u00fctzt USB-C PD-Laden mit 30 W oder weniger.<\/p>\n<p data-start=\"4263\" data-end=\"4425\"><strong data-start=\"4263\" data-end=\"4305\">F: Ist das Ladeger\u00e4t reisetauglich?<\/strong><br data-start=\"4305\" data-end=\"4308\" \/>Ja \u2013 mit einem Eingangsspannungsbereich von 100\u2013240 V und EU\/Korea-Steckerstandards ist es ideal f\u00fcr den Einsatz im Inland und auf Reisen in kompatiblen Regionen geeignet.<\/p>\n<p data-start=\"4427\" data-end=\"4508\"><strong data-start=\"4427\" data-end=\"4462\">F: Wie lange ist die Garantiezeit?<\/strong><br data-start=\"4462\" data-end=\"4465\" \/>Das Produkt beinhaltet ein <strong data-start=\"4488\" data-end=\"4507\">1 Jahr Garantie<\/strong>.<\/p>\n<h2 data-start=\"4515\" data-end=\"4545\"><strong data-start=\"4517\" data-end=\"4543\">Herstellervorteil<\/strong><\/h2>\n<p data-start=\"4546\" data-end=\"4969\">Dieses Ladeger\u00e4t wird von einem erfahrenen Netzteilhersteller gefertigt, der \u00fcber fortschrittliche Produktionstechnologien und strenge Qualit\u00e4tskontrollverfahren verf\u00fcgt. Das Unternehmen setzt auf standardisierte Fertigungsprozesse, besitzt wichtige Zertifizierungen wie KC\/KCC und gew\u00e4hrleistet eine gleichbleibende Produktzuverl\u00e4ssigkeit. Seine Expertise in der Ladeger\u00e4teentwicklung erm\u00f6glicht stabile OEM\/ODM-Services und eine weltweit wettbewerbsf\u00e4hige Produktleistung.<\/p>","protected":false},"excerpt":{"rendered":"<p>Produktname: 30-W-PD-Ladeger\u00e4t<\/p>\n<p>Modellnummer: TR1002CKR<\/p>\n<p>Herkunftsort: China (Festland)<\/p>\n<p>Anwendungsbereiche: Laptops, Notebooks, Tablets, Mobiltelefone und USB-C-Ger\u00e4te<\/p>\n<p>Eingang: Wechselstrom 100\u2013240 V, 50\/60 Hz, 0,8 A<\/p>\n<p>Ausgang \u2013 USB-C: 15V\/3A, 9V\/2A, 12V\/1,5A, 15V\/2A, 20V\/1,5A (30W Max)<\/p>\n<p>Ausgang \u2013 USB-C: 25V\/3A, 9V\/2A, 12V\/1,5A, 15V\/2A, 20V\/1,5A (30W Max)<\/p>\n<p>Dual-Port-Ausgang: 5V\/3A gemeinsam genutzt (USB-C1 + USB-C2)<\/p>\n<p>Steckdosenstandard: EU \/ Korea<\/p>\n<p>Farben: Schwarz, Wei\u00df<\/p>\n<p>Material: PC<\/p>\n<p>Gewicht: 53 g<\/p>\n<p>Verpackung: Einzelhandelsverpackung<\/p>\n<p>Effizienzstufe: VI<\/p>\n<p>Schutz: SCP, OVP, OCP, OLPCertificationsKC, KCC<\/p>","protected":false},"featured_media":1262,"comment_status":"closed","ping_status":"closed","template":"","meta":{"_acf_changed":false,"site-sidebar-layout":"default","site-content-layout":"","ast-site-content-layout":"default","site-content-style":"default","site-sidebar-style":"default","ast-global-header-display":"","ast-banner-title-visibility":"","ast-main-header-display":"","ast-hfb-above-header-display":"","ast-hfb-below-header-display":"","ast-hfb-mobile-header-display":"","site-post-title":"","ast-breadcrumbs-content":"","ast-featured-img":"","footer-sml-layout":"","ast-disable-related-posts":"","theme-transparent-header-meta":"default","adv-header-id-meta":"","stick-header-meta":"","header-above-stick-meta":"","header-main-stick-meta":"","header-below-stick-meta":"","astra-migrate-meta-layouts":"set","ast-page-background-enabled":"default","ast-page-background-meta":{"desktop":{"background-color":"var(--ast-global-color-5)","background-image":"","background-repeat":"repeat","background-position":"center center","background-size":"auto","background-attachment":"scroll","background-type":"","background-media":"","overlay-type":"","overlay-color":"","overlay-opacity":"","overlay-gradient":""},"tablet":{"background-color":"","background-image":"","background-repeat":"repeat","background-position":"center center","background-size":"auto","background-attachment":"scroll","background-type":"","background-media":"","overlay-type":"","overlay-color":"","overlay-opacity":"","overlay-gradient":""},"mobile":{"background-color":"","background-image":"","background-repeat":"repeat","background-position":"center center","background-size":"auto","background-attachment":"scroll","background-type":"","background-media":"","overlay-type":"","overlay-color":"","overlay-opacity":"","overlay-gradient":""}},"ast-content-background-meta":{"desktop":{"background-color":"var(--ast-global-color-4)","background-image":"","background-repeat":"repeat","background-position":"center center","background-size":"auto","background-attachment":"scroll","background-type":"","background-media":"","overlay-type":"","overlay-color":"","overlay-opacity":"","overlay-gradient":""},"tablet":{"background-color":"var(--ast-global-color-4)","background-image":"","background-repeat":"repeat","background-position":"center center","background-size":"auto","background-attachment":"scroll","background-type":"","background-media":"","overlay-type":"","overlay-color":"","overlay-opacity":"","overlay-gradient":""},"mobile":{"background-color":"var(--ast-global-color-4)","background-image":"","background-repeat":"repeat","background-position":"center center","background-size":"auto","background-attachment":"scroll","background-type":"","background-media":"","overlay-type":"","overlay-color":"","overlay-opacity":"","overlay-gradient":""}}},"product_brand":[],"product_cat":[30,46],"product_tag":[133,122,132,135,134],"class_list":{"0":"post-1260","1":"product","2":"type-product","3":"status-publish","4":"has-post-thumbnail","6":"product_cat-gan-charger","7":"product_cat-30w","8":"product_tag-30w-dual-usb-c-pd-charger","9":"product_tag-30w-pd-charger","10":"product_tag-mobile-phone-fast-charger","11":"product_tag-usb-c-laptop-charger","12":"product_tag-usb-c-pd-30w","13":"desktop-align-left","14":"tablet-align-left","15":"mobile-align-left","17":"first","18":"instock","19":"shipping-taxable","20":"product-type-simple"},"acf":[],"_links":{"self":[{"href":"https:\/\/szjialu.com\/de\/wp-json\/wp\/v2\/product\/1260","targetHints":{"allow":["GET"]}}],"collection":[{"href":"https:\/\/szjialu.com\/de\/wp-json\/wp\/v2\/product"}],"about":[{"href":"https:\/\/szjialu.com\/de\/wp-json\/wp\/v2\/types\/product"}],"replies":[{"embeddable":true,"href":"https:\/\/szjialu.com\/de\/wp-json\/wp\/v2\/comments?post=1260"}],"wp:featuredmedia":[{"embeddable":true,"href":"https:\/\/szjialu.com\/de\/wp-json\/wp\/v2\/media\/1262"}],"wp:attachment":[{"href":"https:\/\/szjialu.com\/de\/wp-json\/wp\/v2\/media?parent=1260"}],"wp:term":[{"taxonomy":"product_brand","embeddable":true,"href":"https:\/\/szjialu.com\/de\/wp-json\/wp\/v2\/product_brand?post=1260"},{"taxonomy":"product_cat","embeddable":true,"href":"https:\/\/szjialu.com\/de\/wp-json\/wp\/v2\/product_cat?post=1260"},{"taxonomy":"product_tag","embeddable":true,"href":"https:\/\/szjialu.com\/de\/wp-json\/wp\/v2\/product_tag?post=1260"}],"curies":[{"name":"wp","href":"https:\/\/api.w.org\/{rel}","templated":true}]}}