{"id":1258,"date":"2025-11-30T10:40:24","date_gmt":"2025-11-30T10:40:24","guid":{"rendered":"https:\/\/szjialu.com\/?post_type=product&#038;p=1258"},"modified":"2025-11-30T10:40:26","modified_gmt":"2025-11-30T10:40:26","slug":"30w-pd-ladegerat-tr100ceu","status":"publish","type":"product","link":"https:\/\/szjialu.com\/de\/product\/30w-pd-charger-tr100ceu\/","title":{"rendered":"30W PD-Ladeger\u00e4t TR100CEU"},"content":{"rendered":"<h2 data-start=\"978\" data-end=\"1002\"><strong data-start=\"980\" data-end=\"1000\">Produkt\u00fcbersicht<\/strong><\/h2>\n<p data-start=\"1003\" data-end=\"1290\">Der <strong data-start=\"1007\" data-end=\"1034\"><a href=\"https:\/\/szjialu.com\/de\/product-category\/gan-ladegerat\/30-w\/\">30-W-PD-Ladeger\u00e4t<\/a> TR100CEU<\/strong> Dieses hocheffiziente USB-C-Netzteil wurde f\u00fcr schnelles Laden von Laptops, Tablets und Smartphones entwickelt. Es bietet eine volle USB-C-PD-Ausgangsleistung von 30 W und unterst\u00fctzt verschiedene Spannungsprofile, um die Ladeleistung f\u00fcr eine Vielzahl von Ger\u00e4ten zu optimieren.<\/p>\n<p data-start=\"1292\" data-end=\"1787\">Mit seinem universellen 100\u2013240-V-Eingang und dem EU\/Korea-Steckerstandard ist das TR100CEU eine zuverl\u00e4ssige Wahl f\u00fcr den internationalen Einsatz. Es besteht aus robustem Polycarbonat und wiegt nur 53 g \u2013 ideal f\u00fcr unterwegs, ohne Kompromisse bei der Verarbeitungsqualit\u00e4t einzugehen. Das Ladeger\u00e4t verf\u00fcgt \u00fcber Schutzfunktionen gegen Kurzschluss (SCP), \u00dcberspannung (OVP), \u00dcberstrom (OCP) und \u00dcberhitzung (OLP) und gew\u00e4hrleistet so sicheres Laden unter allen Bedingungen. Es erf\u00fcllt au\u00dferdem wichtige Zertifizierungen, darunter \u2026 <strong data-start=\"1684\" data-end=\"1711\">CE, GS, RoHS und REACH<\/strong>, wodurch es internationalen Sicherheits- und Umweltstandards entspricht.<\/p>\n<h2 data-start=\"1794\" data-end=\"1814\"><strong data-start=\"1796\" data-end=\"1814\">Spezifikationen<\/strong><\/h2>\n<div class=\"_tableContainer_1rjym_1\">\n<div class=\"group _tableWrapper_1rjym_13 flex w-fit flex-col-reverse\" tabindex=\"-1\">\n<table class=\"w-fit min-w-(--thread-content-width)\" data-start=\"1816\" data-end=\"2399\">\n<thead data-start=\"1816\" data-end=\"1837\">\n<tr data-start=\"1816\" data-end=\"1837\">\n<th data-start=\"1816\" data-end=\"1826\" data-col-size=\"sm\">Besonderheit<\/th>\n<th data-start=\"1826\" data-end=\"1837\" data-col-size=\"md\">Details<\/th>\n<\/tr>\n<\/thead>\n<tbody data-start=\"1859\" data-end=\"2399\">\n<tr data-start=\"1859\" data-end=\"1892\">\n<td data-start=\"1859\" data-end=\"1874\" data-col-size=\"sm\">Produktname<\/td>\n<td data-col-size=\"md\" data-start=\"1874\" data-end=\"1892\">30-W-PD-Ladeger\u00e4t<\/td>\n<\/tr>\n<tr data-start=\"1893\" data-end=\"1920\">\n<td data-start=\"1893\" data-end=\"1908\" data-col-size=\"sm\">Modellnummer<\/td>\n<td data-col-size=\"md\" data-start=\"1908\" data-end=\"1920\">TR100CEU<\/td>\n<\/tr>\n<tr data-start=\"1921\" data-end=\"1959\">\n<td data-start=\"1921\" data-end=\"1939\" data-col-size=\"sm\">Herkunftsort<\/td>\n<td data-col-size=\"md\" data-start=\"1939\" data-end=\"1959\">China (Festland)<\/td>\n<\/tr>\n<tr data-start=\"1960\" data-end=\"1998\">\n<td data-start=\"1960\" data-end=\"1968\" data-col-size=\"sm\">Eingang<\/td>\n<td data-col-size=\"md\" data-start=\"1968\" data-end=\"1998\">Wechselstrom 100\u2013240 V, 50\/60 Hz, 0,8 A<\/td>\n<\/tr>\n<tr data-start=\"1999\" data-end=\"2070\">\n<td data-start=\"1999\" data-end=\"2016\" data-col-size=\"sm\">Ausgang (USB-C)<\/td>\n<td data-col-size=\"md\" data-start=\"2016\" data-end=\"2070\">5V\/3A, 9V\/2A, 12V\/1,5A, 15V\/2A, 20V\/1,5A (max. 30W)<\/td>\n<\/tr>\n<tr data-start=\"2071\" data-end=\"2103\">\n<td data-start=\"2071\" data-end=\"2089\" data-col-size=\"sm\">Steckdosenstandard<\/td>\n<td data-col-size=\"md\" data-start=\"2089\" data-end=\"2103\">EU \/ Korea<\/td>\n<\/tr>\n<tr data-start=\"2104\" data-end=\"2129\">\n<td data-start=\"2104\" data-end=\"2113\" data-col-size=\"sm\">Farben<\/td>\n<td data-col-size=\"md\" data-start=\"2113\" data-end=\"2129\">Schwarz, Wei\u00df<\/td>\n<\/tr>\n<tr data-start=\"2130\" data-end=\"2147\">\n<td data-start=\"2130\" data-end=\"2141\" data-col-size=\"sm\">Material<\/td>\n<td data-col-size=\"md\" data-start=\"2141\" data-end=\"2147\">PC<\/td>\n<\/tr>\n<tr data-start=\"2148\" data-end=\"2165\">\n<td data-start=\"2148\" data-end=\"2157\" data-col-size=\"sm\">Gewicht<\/td>\n<td data-col-size=\"md\" data-start=\"2157\" data-end=\"2165\">53 g<\/td>\n<\/tr>\n<tr data-start=\"2166\" data-end=\"2194\">\n<td data-start=\"2166\" data-end=\"2176\" data-col-size=\"sm\">Verpackung<\/td>\n<td data-col-size=\"md\" data-start=\"2176\" data-end=\"2194\">Einzelhandelsverpackung<\/td>\n<\/tr>\n<tr data-start=\"2195\" data-end=\"2220\">\n<td data-start=\"2195\" data-end=\"2208\" data-col-size=\"sm\">Effizienz<\/td>\n<td data-col-size=\"md\" data-start=\"2208\" data-end=\"2220\">Stufe VI<\/td>\n<\/tr>\n<tr data-start=\"2221\" data-end=\"2256\">\n<td data-start=\"2221\" data-end=\"2234\" data-col-size=\"sm\">Schutz<\/td>\n<td data-col-size=\"md\" data-start=\"2234\" data-end=\"2256\">SCP, OVP, OCP, OLP<\/td>\n<\/tr>\n<tr data-start=\"2257\" data-end=\"2297\">\n<td data-start=\"2257\" data-end=\"2274\" data-col-size=\"sm\">Zertifizierungen<\/td>\n<td data-col-size=\"md\" data-start=\"2274\" data-end=\"2297\">CE, GS, RoHS, REACH<\/td>\n<\/tr>\n<tr data-start=\"2298\" data-end=\"2319\">\n<td data-start=\"2298\" data-end=\"2309\" data-col-size=\"sm\">Garantie<\/td>\n<td data-col-size=\"md\" data-start=\"2309\" data-end=\"2319\">1 Jahr<\/td>\n<\/tr>\n<tr data-start=\"2320\" data-end=\"2360\">\n<td data-start=\"2320\" data-end=\"2344\" data-col-size=\"sm\">Betriebstemperatur<\/td>\n<td data-col-size=\"md\" data-start=\"2344\" data-end=\"2360\">\u201320 \u00b0C ~ 55 \u00b0C<\/td>\n<\/tr>\n<tr data-start=\"2361\" data-end=\"2399\">\n<td data-start=\"2361\" data-end=\"2383\" data-col-size=\"sm\">Lagertemperatur<\/td>\n<td data-col-size=\"md\" data-start=\"2383\" data-end=\"2399\">\u201340 \u00b0C ~ 70 \u00b0C<\/td>\n<\/tr>\n<\/tbody>\n<\/table>\n<\/div>\n<\/div>\n<figure id=\"attachment_1259\" aria-describedby=\"caption-attachment-1259\" style=\"width: 744px\" class=\"wp-caption alignnone\"><img fetchpriority=\"high\" decoding=\"async\" class=\"wp-image-1259\" src=\"https:\/\/szjialu.com\/wp-content\/uploads\/2025\/11\/\u4e3b\u56fe-3-13-300x300.jpg\" alt=\"30-W-PD-Ladeger\u00e4t\" width=\"744\" height=\"744\" srcset=\"https:\/\/szjialu.com\/wp-content\/uploads\/2025\/11\/\u4e3b\u56fe-3-13-300x300.jpg 300w, https:\/\/szjialu.com\/wp-content\/uploads\/2025\/11\/\u4e3b\u56fe-3-13-150x150.jpg 150w, https:\/\/szjialu.com\/wp-content\/uploads\/2025\/11\/\u4e3b\u56fe-3-13-768x768.jpg 768w, https:\/\/szjialu.com\/wp-content\/uploads\/2025\/11\/\u4e3b\u56fe-3-13-600x600.jpg 600w, https:\/\/szjialu.com\/wp-content\/uploads\/2025\/11\/\u4e3b\u56fe-3-13-100x100.jpg 100w, https:\/\/szjialu.com\/wp-content\/uploads\/2025\/11\/\u4e3b\u56fe-3-13-64x64.jpg 64w, https:\/\/szjialu.com\/wp-content\/uploads\/2025\/11\/\u4e3b\u56fe-3-13.jpg 800w\" sizes=\"(max-width: 744px) 100vw, 744px\" \/><figcaption id=\"caption-attachment-1259\" class=\"wp-caption-text\">30-W-PD-Ladeger\u00e4t<\/figcaption><\/figure>\n<h2 data-start=\"2406\" data-end=\"2426\"><strong data-start=\"2408\" data-end=\"2426\">Verkaufsargumente<\/strong><\/h2>\n<h3 data-start=\"2428\" data-end=\"2462\"><strong data-start=\"2432\" data-end=\"2462\">30-W-USB-C-Stromversorgung<\/strong><\/h3>\n<p data-start=\"2463\" data-end=\"2562\">Unterst\u00fctzt uneingeschr\u00e4nkt <a href=\"https:\/\/szjialu.com\/de\/product-category\/gan-ladegerat\/\">PD-Schnellladung<\/a>, das in der Lage ist, Laptops, Tablets und Smartphones effizient mit Strom zu versorgen.<\/p>\n<h3 data-start=\"2564\" data-end=\"2611\"><strong data-start=\"2568\" data-end=\"2611\">Vollst\u00e4ndig zertifiziert (CE, GS, RoHS, REACH)<\/strong><\/h3>\n<p data-start=\"2612\" data-end=\"2737\">Entspricht den europ\u00e4ischen Sicherheits- und Umweltstandards und gew\u00e4hrleistet so Zuverl\u00e4ssigkeit und internationale Vertriebszulassung.<\/p>\n<h3 data-start=\"2739\" data-end=\"2780\"><strong data-start=\"2743\" data-end=\"2780\">Universelle Spannungskompatibilit\u00e4t<\/strong><\/h3>\n<p data-start=\"2781\" data-end=\"2867\">Dank des 100\u2013240-V-Eingangsbereichs ist es ideal f\u00fcr den weltweiten Einsatz geeignet, einschlie\u00dflich Reisen und Gesch\u00e4ftsreisen.<\/p>\n<h3 data-start=\"2869\" data-end=\"2900\"><strong data-start=\"2873\" data-end=\"2900\">Kompakt und leicht<\/strong><\/h3>\n<p data-start=\"2901\" data-end=\"2964\">Nur 53 g \u2013 perfekt zum Laden unterwegs, ohne zus\u00e4tzliches Gewicht.<\/p>\n<h3 data-start=\"2966\" data-end=\"2994\"><strong data-start=\"2970\" data-end=\"2994\">Robustes PC-Geh\u00e4use<\/strong><\/h3>\n<p data-start=\"2995\" data-end=\"3067\">Feuerbest\u00e4ndiges, langlebiges PC-Material erh\u00f6ht Sicherheit und Haltbarkeit.<\/p>\n<h3 data-start=\"3069\" data-end=\"3102\"><strong data-start=\"3073\" data-end=\"3102\">Mehrfachschutz-Design<\/strong><\/h3>\n<p data-start=\"3103\" data-end=\"3185\">Beinhaltet SCP, OVP, OCP und OLP zum Schutz von Ger\u00e4ten vor h\u00e4ufigen elektrischen Risiken.<\/p>\n<h3 data-start=\"3187\" data-end=\"3216\"><strong data-start=\"3191\" data-end=\"3216\">Sauberer und moderner Look<\/strong><\/h3>\n<p data-start=\"3217\" data-end=\"3294\">Erh\u00e4ltlich in Schwarz oder Wei\u00df, passend zu unterschiedlichen Ger\u00e4testilen und Vorlieben.<\/p>\n<h2 data-start=\"3301\" data-end=\"3319\"><strong data-start=\"3303\" data-end=\"3319\">Anwendungen<\/strong><\/h2>\n<ul data-start=\"3321\" data-end=\"3597\">\n<li data-start=\"3321\" data-end=\"3351\">\n<p data-start=\"3323\" data-end=\"3351\">USB-C PD-Laptops (bis zu 30 W)<\/p>\n<\/li>\n<li data-start=\"3352\" data-end=\"3385\">\n<p data-start=\"3354\" data-end=\"3385\">Tablets, iPads und E-Reader<\/p>\n<\/li>\n<li data-start=\"3386\" data-end=\"3440\">\n<p data-start=\"3388\" data-end=\"3440\">Smartphones (Apple, Samsung, Huawei, Xiaomi usw.)<\/p>\n<\/li>\n<li data-start=\"3441\" data-end=\"3456\">\n<p data-start=\"3443\" data-end=\"3456\">Powerbanks<\/p>\n<\/li>\n<li data-start=\"3457\" data-end=\"3524\">\n<p data-start=\"3459\" data-end=\"3524\">Tragbare Ger\u00e4te wie Kameras, Lautsprecher und USB-Zubeh\u00f6r<\/p>\n<\/li>\n<li data-start=\"3525\" data-end=\"3597\">\n<p data-start=\"3527\" data-end=\"3597\">Nutzen Sie es zu Hause, im B\u00fcro, in der Schule, auf Gesch\u00e4ftsreisen oder internationalen Reisen.<\/p>\n<\/li>\n<\/ul>\n<h2 data-start=\"3604\" data-end=\"3613\"><strong data-start=\"3606\" data-end=\"3613\">H\u00e4ufig gestellte Fragen<\/strong><\/h2>\n<p data-start=\"3615\" data-end=\"3725\"><strong data-start=\"3615\" data-end=\"3663\">F: Kann dieses Ladeger\u00e4t auch f\u00fcr Smartphones verwendet werden?<\/strong><br data-start=\"3663\" data-end=\"3666\" \/>Ja \u2013 es unterst\u00fctzt Schnellladen f\u00fcr die meisten USB-C-Smartphones.<\/p>\n<p data-start=\"3727\" data-end=\"3816\"><strong data-start=\"3727\" data-end=\"3759\">F: Funktioniert es auch auf Laptops?<\/strong><br data-start=\"3759\" data-end=\"3762\" \/>Ja, sofern Ihr Laptop USB-C-Laden mit bis zu 30 W unterst\u00fctzt.<\/p>\n<p data-start=\"3818\" data-end=\"3970\"><strong data-start=\"3818\" data-end=\"3863\">F: Ist das Ladeger\u00e4t f\u00fcr den Langzeitgebrauch sicher?<\/strong><br data-start=\"3863\" data-end=\"3866\" \/>Absolut. Es umfasst SCP-, OVP-, OCP- und OLP-Schutz und ist CE-, GS-, RoHS- und REACH-zertifiziert.<\/p>\n<p data-start=\"3972\" data-end=\"4104\"><strong data-start=\"3972\" data-end=\"4001\">F: Ist es reisefreundlich?<\/strong><br data-start=\"4001\" data-end=\"4004\" \/>Ja \u2013 das Ladeger\u00e4t unterst\u00fctzt einen Eingangsspannungsbereich von 100\u2013240 V, und der EU\/Korea-Stecker ist in vielen Regionen weit verbreitet.<\/p>\n<p data-start=\"4106\" data-end=\"4182\"><strong data-start=\"4106\" data-end=\"4134\">F: Wie sieht die Garantie aus?<\/strong><br data-start=\"4134\" data-end=\"4137\" \/>Das Ladeger\u00e4t wird mit einem <strong data-start=\"4162\" data-end=\"4181\">1 Jahr Garantie<\/strong>.<\/p>\n<h2 data-start=\"4189\" data-end=\"4228\"><strong data-start=\"4191\" data-end=\"4226\">Vorteil vom Hersteller<\/strong><\/h2>\n<p data-start=\"4229\" data-end=\"4698\">Dieses Ladeger\u00e4t wird von einem professionellen Hersteller gefertigt, der f\u00fcr seine strengen Qualit\u00e4tskontroll- und Konformit\u00e4tssysteme bekannt ist. Dank modernster Produktionsanlagen, strenger Testverfahren und der Einhaltung internationaler Standards wie CE, GS, RoHS und REACH gew\u00e4hrleistet das Unternehmen eine gleichbleibende Produktqualit\u00e4t und Zuverl\u00e4ssigkeit. Die langj\u00e4hrige Erfahrung in der Entwicklung von Ladeger\u00e4ten und Adaptern sorgt f\u00fcr eine konsistente Leistung aller Stromversorgungsprodukte und macht das Unternehmen zu einem verl\u00e4sslichen OEM\/ODM-Partner.<\/p>","protected":false},"excerpt":{"rendered":"<p>Produktname: 30-W-PD-Ladeger\u00e4t<\/p>\n<p>Modellnummer: TR100CEU<\/p>\n<p>Herkunftsort: China (Festland)<\/p>\n<p>Eingang: Wechselstrom 100\u2013240 V, 50\/60 Hz, 0,8 A<\/p>\n<p>Ausgang (USB-C): 5V\/3A, 9V\/2A, 12V\/1,5A, 15V\/2A, 20V\/1,5A (30W max.)<\/p>\n<p>Steckdosenstandard: EU \/ Korea<\/p>\n<p>Farben: Schwarz, Wei\u00df<\/p>\n<p>Material: PC<\/p>\n<p>Gewicht: 53 g<\/p>\n<p>Verpackung: Einzelhandelsverpackung<\/p>\n<p>Effizienz: Stufe VI<\/p>\n<p>Schutz: SCP, OVP, OCP, OLP<\/p>\n<p>Zertifizierungen: CE, GS, RoHS, REACH<\/p>","protected":false},"featured_media":1259,"comment_status":"closed","ping_status":"closed","template":"","meta":{"_acf_changed":false,"site-sidebar-layout":"default","site-content-layout":"","ast-site-content-layout":"default","site-content-style":"default","site-sidebar-style":"default","ast-global-header-display":"","ast-banner-title-visibility":"","ast-main-header-display":"","ast-hfb-above-header-display":"","ast-hfb-below-header-display":"","ast-hfb-mobile-header-display":"","site-post-title":"","ast-breadcrumbs-content":"","ast-featured-img":"","footer-sml-layout":"","ast-disable-related-posts":"","theme-transparent-header-meta":"default","adv-header-id-meta":"","stick-header-meta":"","header-above-stick-meta":"","header-main-stick-meta":"","header-below-stick-meta":"","astra-migrate-meta-layouts":"set","ast-page-background-enabled":"default","ast-page-background-meta":{"desktop":{"background-color":"var(--ast-global-color-5)","background-image":"","background-repeat":"repeat","background-position":"center center","background-size":"auto","background-attachment":"scroll","background-type":"","background-media":"","overlay-type":"","overlay-color":"","overlay-opacity":"","overlay-gradient":""},"tablet":{"background-color":"","background-image":"","background-repeat":"repeat","background-position":"center center","background-size":"auto","background-attachment":"scroll","background-type":"","background-media":"","overlay-type":"","overlay-color":"","overlay-opacity":"","overlay-gradient":""},"mobile":{"background-color":"","background-image":"","background-repeat":"repeat","background-position":"center center","background-size":"auto","background-attachment":"scroll","background-type":"","background-media":"","overlay-type":"","overlay-color":"","overlay-opacity":"","overlay-gradient":""}},"ast-content-background-meta":{"desktop":{"background-color":"var(--ast-global-color-4)","background-image":"","background-repeat":"repeat","background-position":"center center","background-size":"auto","background-attachment":"scroll","background-type":"","background-media":"","overlay-type":"","overlay-color":"","overlay-opacity":"","overlay-gradient":""},"tablet":{"background-color":"var(--ast-global-color-4)","background-image":"","background-repeat":"repeat","background-position":"center center","background-size":"auto","background-attachment":"scroll","background-type":"","background-media":"","overlay-type":"","overlay-color":"","overlay-opacity":"","overlay-gradient":""},"mobile":{"background-color":"var(--ast-global-color-4)","background-image":"","background-repeat":"repeat","background-position":"center center","background-size":"auto","background-attachment":"scroll","background-type":"","background-media":"","overlay-type":"","overlay-color":"","overlay-opacity":"","overlay-gradient":""}}},"product_brand":[],"product_cat":[46,30],"product_tag":[122,130,126,131,132],"class_list":{"0":"post-1258","1":"product","2":"type-product","3":"status-publish","4":"has-post-thumbnail","6":"product_cat-30w","7":"product_cat-gan-charger","8":"product_tag-30w-pd-charger","9":"product_tag-ce-certified-charger","10":"product_tag-fast-wall-charger","11":"product_tag-laptop-usb-c-charger","12":"product_tag-mobile-phone-fast-charger","13":"desktop-align-left","14":"tablet-align-left","15":"mobile-align-left","17":"first","18":"instock","19":"shipping-taxable","20":"product-type-simple"},"acf":[],"_links":{"self":[{"href":"https:\/\/szjialu.com\/de\/wp-json\/wp\/v2\/product\/1258","targetHints":{"allow":["GET"]}}],"collection":[{"href":"https:\/\/szjialu.com\/de\/wp-json\/wp\/v2\/product"}],"about":[{"href":"https:\/\/szjialu.com\/de\/wp-json\/wp\/v2\/types\/product"}],"replies":[{"embeddable":true,"href":"https:\/\/szjialu.com\/de\/wp-json\/wp\/v2\/comments?post=1258"}],"wp:featuredmedia":[{"embeddable":true,"href":"https:\/\/szjialu.com\/de\/wp-json\/wp\/v2\/media\/1259"}],"wp:attachment":[{"href":"https:\/\/szjialu.com\/de\/wp-json\/wp\/v2\/media?parent=1258"}],"wp:term":[{"taxonomy":"product_brand","embeddable":true,"href":"https:\/\/szjialu.com\/de\/wp-json\/wp\/v2\/product_brand?post=1258"},{"taxonomy":"product_cat","embeddable":true,"href":"https:\/\/szjialu.com\/de\/wp-json\/wp\/v2\/product_cat?post=1258"},{"taxonomy":"product_tag","embeddable":true,"href":"https:\/\/szjialu.com\/de\/wp-json\/wp\/v2\/product_tag?post=1258"}],"curies":[{"name":"wp","href":"https:\/\/api.w.org\/{rel}","templated":true}]}}