{"id":1254,"date":"2025-11-29T14:05:48","date_gmt":"2025-11-29T14:05:48","guid":{"rendered":"https:\/\/szjialu.com\/?post_type=product&#038;p=1254"},"modified":"2025-11-29T14:05:50","modified_gmt":"2025-11-29T14:05:50","slug":"30w-pd-ladegerat-tr100ckr","status":"publish","type":"product","link":"https:\/\/szjialu.com\/de\/product\/30w-pd-charger-tr100ckr\/","title":{"rendered":"30W PD-Ladeger\u00e4t TR100CKR"},"content":{"rendered":"<h2 data-start=\"890\" data-end=\"915\"><strong data-start=\"893\" data-end=\"913\">Produkt\u00fcbersicht<\/strong><\/h2>\n<p data-start=\"916\" data-end=\"1537\">Der <strong data-start=\"920\" data-end=\"947\">30W PD-Ladeger\u00e4t TR100CKR<\/strong> Dieses schlanke und kompakte USB-C-Netzteil wurde f\u00fcr das effiziente Laden von Laptops, Tablets, Smartphones und anderen USB-Ger\u00e4ten entwickelt. Mit einer maximalen Ausgangsleistung von 30 W liefert es ausreichend Strom f\u00fcr viele Notebooks, Tablets und Smartphones. Dank des breiten Eingangsspannungsbereichs von 100\u2013240 V AC und der Kompatibilit\u00e4t mit EU-\/Korea-Steckdosen eignet es sich ideal f\u00fcr Zuhause, B\u00fcro und Reisen. Das robuste PC-Geh\u00e4use und das geringe Gewicht von nur 53 g vereinen Mobilit\u00e4t und Zuverl\u00e4ssigkeit. Integrierte Schutzmechanismen sch\u00fctzen Ihre Ger\u00e4te vor \u00dcberspannung, \u00dcberstrom, Kurzschl\u00fcssen und anderen Gefahren.<\/p>\n<h2 data-start=\"1544\" data-end=\"1565\"><strong data-start=\"1547\" data-end=\"1565\">Spezifikationen<\/strong><\/h2>\n<div class=\"_tableContainer_1rjym_1\">\n<div class=\"group _tableWrapper_1rjym_13 flex w-fit flex-col-reverse\" tabindex=\"-1\">\n<table class=\"w-fit min-w-(--thread-content-width)\" data-start=\"1567\" data-end=\"2275\">\n<thead data-start=\"1567\" data-end=\"1590\">\n<tr data-start=\"1567\" data-end=\"1590\">\n<th data-start=\"1567\" data-end=\"1579\" data-col-size=\"sm\">Parameter<\/th>\n<th data-start=\"1579\" data-end=\"1590\" data-col-size=\"lg\">Details<\/th>\n<\/tr>\n<\/thead>\n<tbody data-start=\"1614\" data-end=\"2275\">\n<tr data-start=\"1614\" data-end=\"1647\">\n<td data-start=\"1614\" data-end=\"1629\" data-col-size=\"sm\">Produktname<\/td>\n<td data-col-size=\"lg\" data-start=\"1629\" data-end=\"1647\">30-W-PD-Ladeger\u00e4t<\/td>\n<\/tr>\n<tr data-start=\"1648\" data-end=\"1675\">\n<td data-start=\"1648\" data-end=\"1663\" data-col-size=\"sm\">Modellnummer<\/td>\n<td data-col-size=\"lg\" data-start=\"1663\" data-end=\"1675\">TR100CKR<\/td>\n<\/tr>\n<tr data-start=\"1676\" data-end=\"1705\">\n<td data-start=\"1676\" data-end=\"1685\" data-col-size=\"sm\">Herkunft<\/td>\n<td data-col-size=\"lg\" data-start=\"1685\" data-end=\"1705\">China (Festland)<\/td>\n<\/tr>\n<tr data-start=\"1706\" data-end=\"1747\">\n<td data-start=\"1706\" data-end=\"1714\" data-col-size=\"sm\">Eingang<\/td>\n<td data-start=\"1714\" data-end=\"1747\" data-col-size=\"lg\">100\u2013240 V Wechselstrom, 50\/60 Hz, 0,8 A<\/td>\n<\/tr>\n<tr data-start=\"1748\" data-end=\"1832\">\n<td data-start=\"1748\" data-end=\"1765\" data-col-size=\"sm\">Ausgang (USB-C)<\/td>\n<td data-col-size=\"lg\" data-start=\"1765\" data-end=\"1832\">5 V\/3 A, 9 V\/2 A, 12 V\/1,5 A, 15 V\/2 A, 20 V\/1,5 A \u2013 bis zu 30 W<\/td>\n<\/tr>\n<tr data-start=\"1833\" data-end=\"1865\">\n<td data-start=\"1833\" data-end=\"1851\" data-col-size=\"sm\">Steckdosenstandard<\/td>\n<td data-start=\"1851\" data-end=\"1865\" data-col-size=\"lg\">EU \/ Korea<\/td>\n<\/tr>\n<tr data-start=\"1866\" data-end=\"1901\">\n<td data-start=\"1866\" data-end=\"1885\" data-col-size=\"sm\">Verf\u00fcgbare Farben<\/td>\n<td data-col-size=\"lg\" data-start=\"1885\" data-end=\"1901\">Schwarz, Wei\u00df<\/td>\n<\/tr>\n<tr data-start=\"1902\" data-end=\"1929\">\n<td data-start=\"1902\" data-end=\"1913\" data-col-size=\"sm\">Material<\/td>\n<td data-col-size=\"lg\" data-start=\"1913\" data-end=\"1929\">PC (Geh\u00e4use)<\/td>\n<\/tr>\n<tr data-start=\"1930\" data-end=\"1947\">\n<td data-start=\"1930\" data-end=\"1939\" data-col-size=\"sm\">Gewicht<\/td>\n<td data-start=\"1939\" data-end=\"1947\" data-col-size=\"lg\">53 g<\/td>\n<\/tr>\n<tr data-start=\"1948\" data-end=\"1976\">\n<td data-start=\"1948\" data-end=\"1958\" data-col-size=\"sm\">Verpackung<\/td>\n<td data-start=\"1958\" data-end=\"1976\" data-col-size=\"lg\">Einzelhandelsverpackung<\/td>\n<\/tr>\n<tr data-start=\"1977\" data-end=\"2002\">\n<td data-start=\"1977\" data-end=\"1996\" data-col-size=\"sm\">Effizienzniveau<\/td>\n<td data-col-size=\"lg\" data-start=\"1996\" data-end=\"2002\">VI<\/td>\n<\/tr>\n<tr data-start=\"2003\" data-end=\"2140\">\n<td data-start=\"2003\" data-end=\"2016\" data-col-size=\"sm\">Schutz<\/td>\n<td data-col-size=\"lg\" data-start=\"2016\" data-end=\"2140\">SCP (Kurzschlussschutz), OVP (\u00dcberspannungsschutz), OCP (\u00dcberstromschutz), OLP (\u00dcberlastschutz)<\/td>\n<\/tr>\n<tr data-start=\"2141\" data-end=\"2167\">\n<td data-start=\"2141\" data-end=\"2156\" data-col-size=\"sm\">Zertifikate<\/td>\n<td data-start=\"2156\" data-end=\"2167\" data-col-size=\"lg\">KC, KCC<\/td>\n<\/tr>\n<tr data-start=\"2168\" data-end=\"2211\">\n<td data-start=\"2168\" data-end=\"2192\" data-col-size=\"sm\">Betriebstemperatur<\/td>\n<td data-col-size=\"lg\" data-start=\"2192\" data-end=\"2211\">\u201320 \u00b0C bis 55 \u00b0C<\/td>\n<\/tr>\n<tr data-start=\"2212\" data-end=\"2253\">\n<td data-start=\"2212\" data-end=\"2234\" data-col-size=\"sm\">Lagertemperatur<\/td>\n<td data-col-size=\"lg\" data-start=\"2234\" data-end=\"2253\">\u201340 \u00b0C bis 70 \u00b0C<\/td>\n<\/tr>\n<tr data-start=\"2254\" data-end=\"2275\">\n<td data-start=\"2254\" data-end=\"2265\" data-col-size=\"sm\">Garantie<\/td>\n<td data-start=\"2265\" data-end=\"2275\" data-col-size=\"lg\">1 Jahr<\/td>\n<\/tr>\n<\/tbody>\n<\/table>\n<\/div>\n<\/div>\n<h2 data-start=\"2282\" data-end=\"2305\"><strong data-start=\"2285\" data-end=\"2303\">Verkaufsargumente<\/strong><\/h2>\n<ul data-start=\"2307\" data-end=\"3151\">\n<li data-start=\"2307\" data-end=\"2484\">\n<p data-start=\"2309\" data-end=\"2484\"><strong data-start=\"2309\" data-end=\"2353\">Universelle Spannung und globale Kompatibilit\u00e4t<\/strong> \u2014 Dank des 100\u2013240 V AC-Eingangs und des EU\/Korea-Steckdosenstandards ist das Ladeger\u00e4t weltweit einsetzbar \u2013 ideal f\u00fcr Reisen und den Einsatz in verschiedenen Regionen.<\/p>\n<\/li>\n<li data-start=\"2485\" data-end=\"2606\">\n<p data-start=\"2487\" data-end=\"2606\"><strong data-start=\"2487\" data-end=\"2519\">Kompaktes und leichtes Design<\/strong> \u2014 Mit nur 53 g ist das Ladeger\u00e4t \u00e4u\u00dferst portabel und l\u00e4sst sich problemlos in einer Tasche oder Hosentasche verstauen.<\/p>\n<\/li>\n<li data-start=\"2607\" data-end=\"2721\">\n<p data-start=\"2609\" data-end=\"2721\"><strong data-start=\"2609\" data-end=\"2638\">Zuverl\u00e4ssiger 30-W-USB-C-Ausgang<\/strong> \u2014 Bietet gen\u00fcgend Leistung, um viele Laptops, Tablets und Handys effizient aufzuladen.<\/p>\n<\/li>\n<li data-start=\"2722\" data-end=\"2909\">\n<p data-start=\"2724\" data-end=\"2909\"><strong data-start=\"2724\" data-end=\"2750\">Robuste und sichere Konstruktion<\/strong> \u2014 Das PC-Geh\u00e4use bietet Langlebigkeit und Sicherheit; eingebaute Schutzmechanismen (Kurzschluss, \u00dcberspannung, \u00dcberstrom, \u00dcberlastung) tragen zum Schutz angeschlossener Ger\u00e4te bei.<\/p>\n<\/li>\n<li data-start=\"2910\" data-end=\"3043\">\n<p data-start=\"2912\" data-end=\"3043\"><strong data-start=\"2912\" data-end=\"2944\">Energieeffiziente Leistung<\/strong> \u2014 Die Effizienzstufe VI gew\u00e4hrleistet eine gute Energieumwandlung und minimale Verluste, wodurch die W\u00e4rmeerzeugung reduziert wird.<\/p>\n<\/li>\n<li data-start=\"3044\" data-end=\"3151\">\n<p data-start=\"3046\" data-end=\"3151\"><strong data-start=\"3046\" data-end=\"3081\">Einfache und \u00fcbersichtliche Designoptionen<\/strong> \u2014 Erh\u00e4ltlich in Schwarz oder Wei\u00df, passend zu unterschiedlichen Ger\u00e4tedesigns.<\/p>\n<\/li>\n<\/ul>\n<figure id=\"attachment_1255\" aria-describedby=\"caption-attachment-1255\" style=\"width: 881px\" class=\"wp-caption alignnone\"><img fetchpriority=\"high\" decoding=\"async\" class=\"wp-image-1255\" src=\"https:\/\/szjialu.com\/wp-content\/uploads\/2025\/11\/\u4e3b\u56fe-2-14-300x300.jpg\" alt=\"30-W-PD-Ladeger\u00e4t\" width=\"881\" height=\"881\" srcset=\"https:\/\/szjialu.com\/wp-content\/uploads\/2025\/11\/\u4e3b\u56fe-2-14-300x300.jpg 300w, https:\/\/szjialu.com\/wp-content\/uploads\/2025\/11\/\u4e3b\u56fe-2-14-150x150.jpg 150w, https:\/\/szjialu.com\/wp-content\/uploads\/2025\/11\/\u4e3b\u56fe-2-14-768x768.jpg 768w, https:\/\/szjialu.com\/wp-content\/uploads\/2025\/11\/\u4e3b\u56fe-2-14-600x600.jpg 600w, https:\/\/szjialu.com\/wp-content\/uploads\/2025\/11\/\u4e3b\u56fe-2-14-100x100.jpg 100w, https:\/\/szjialu.com\/wp-content\/uploads\/2025\/11\/\u4e3b\u56fe-2-14-64x64.jpg 64w, https:\/\/szjialu.com\/wp-content\/uploads\/2025\/11\/\u4e3b\u56fe-2-14.jpg 800w\" sizes=\"(max-width: 881px) 100vw, 881px\" \/><figcaption id=\"caption-attachment-1255\" class=\"wp-caption-text\">30-W-PD-Ladeger\u00e4t<\/figcaption><\/figure>\n<h2 data-start=\"3158\" data-end=\"3179\"><strong data-start=\"3161\" data-end=\"3177\">Anwendungen<\/strong><\/h2>\n<ul data-start=\"3181\" data-end=\"3524\">\n<li data-start=\"3181\" data-end=\"3244\">\n<p data-start=\"3183\" data-end=\"3244\">Laden von USB-C-kompatiblen Laptops und Notebooks (bis zu 30 W)<\/p>\n<\/li>\n<li data-start=\"3245\" data-end=\"3275\">\n<p data-start=\"3247\" data-end=\"3275\">Aufladen von Tablets und iPads<\/p>\n<\/li>\n<li data-start=\"3276\" data-end=\"3329\">\n<p data-start=\"3278\" data-end=\"3329\">Aufladen von Smartphones (die meisten Android-Ger\u00e4te, iPhones usw.).<\/p>\n<\/li>\n<li data-start=\"3330\" data-end=\"3414\">\n<p data-start=\"3332\" data-end=\"3414\">Stromversorgung von USB-betriebenen Zubeh\u00f6rteilen \u2013 Powerbanks, kleinen Lautsprechern, USB-Lampen usw.<\/p>\n<\/li>\n<li data-start=\"3415\" data-end=\"3524\">\n<p data-start=\"3417\" data-end=\"3524\">Ob zu Hause, im B\u00fcro oder auf Reisen (dank weltweiter Spannungskompatibilit\u00e4t und Steckerstandard) \u2013 dieses Ger\u00e4t ist vielseitig einsetzbar.<\/p>\n<\/li>\n<\/ul>\n<h2 data-start=\"3531\" data-end=\"3541\"><strong data-start=\"3534\" data-end=\"3541\">H\u00e4ufig gestellte Fragen<\/strong><\/h2>\n<p data-start=\"3543\" data-end=\"3713\"><strong data-start=\"3543\" data-end=\"3587\">F: Ist dieses Ladeger\u00e4t mit meinem Handy kompatibel?<\/strong><br data-start=\"3587\" data-end=\"3590\" \/>A: Ja \u2013 der 30-Watt-USB-C-Ausgang liefert ausreichend Leistung, um die meisten modernen Smartphones, die USB-C-Laden unterst\u00fctzen, schnell aufzuladen.<\/p>\n<p data-start=\"3715\" data-end=\"3872\"><strong data-start=\"3715\" data-end=\"3758\">F: Kann ich dieses Ladeger\u00e4t f\u00fcr einen Laptop verwenden?<\/strong><br data-start=\"3758\" data-end=\"3761\" \/>A: Ja \u2013 wenn Ihr Laptop das Laden \u00fcber USB-C unterst\u00fctzt und nicht mehr als 30 W ben\u00f6tigt, funktioniert der TR100CKR einwandfrei.<\/p>\n<p data-start=\"3874\" data-end=\"4078\"><strong data-start=\"3874\" data-end=\"3921\">F: Kann das Ladeger\u00e4t bedenkenlos im Dauerbetrieb verwendet werden?<\/strong><br data-start=\"3921\" data-end=\"3924\" \/>A: Ja \u2013 es verf\u00fcgt \u00fcber mehrere Schutzfunktionen (Kurzschluss, \u00dcberspannung, \u00dcberstrom, \u00dcberlast) und erf\u00fcllt die Sicherheitsstandards von KC und KCC.<\/p>\n<p data-start=\"4080\" data-end=\"4285\"><strong data-start=\"4080\" data-end=\"4123\">F: Ist dieses Ladeger\u00e4t reisetauglich?<\/strong><br data-start=\"4123\" data-end=\"4126\" \/>A: Ja \u2013 der Eingangsspannungsbereich von 100\u2013240 V und die EU-\/Korea-Steckdosennorm gew\u00e4hrleisten eine weitgehende Kompatibilit\u00e4t. F\u00fcr L\u00e4nder mit anderen Steckertypen ben\u00f6tigen Sie m\u00f6glicherweise einen Steckeradapter.<\/p>\n<p data-start=\"4287\" data-end=\"4363\"><strong data-start=\"4287\" data-end=\"4321\">F: Welche Garantie gibt es?<\/strong><br data-start=\"4321\" data-end=\"4324\" \/>A: Es wird mit einem <strong data-start=\"4343\" data-end=\"4362\">1 Jahr Garantie<\/strong>.<\/p>\n<p data-start=\"4365\" data-end=\"4559\"><strong data-start=\"4365\" data-end=\"4416\">F: Welche Ger\u00e4te kann ich mit diesem Ladeger\u00e4t aufladen?<\/strong><br data-start=\"4416\" data-end=\"4419\" \/>A: Es kann Laptops, Tablets, Smartphones, Powerbanks und anderes USB-C-f\u00e4higes Zubeh\u00f6r aufladen \u2013 solange die Gesamtleistungsaufnahme unter 30 W bleibt.<\/p>\n<h2 data-start=\"4566\" data-end=\"4616\"><strong data-start=\"4569\" data-end=\"4614\">Herstellervorteil (Warum Jialu w\u00e4hlen?)<\/strong><\/h2>\n<p data-start=\"4617\" data-end=\"5056\">Dieses Ladeger\u00e4t wird von einem renommierten Unternehmen mit langj\u00e4hriger Erfahrung in der Netzteilproduktion hergestellt. Der Hersteller hat Qualit\u00e4tskontrollsysteme und Produktionsstandards etabliert, um eine zuverl\u00e4ssige und gleichbleibende Leistung zu gew\u00e4hrleisten \u2013 und gibt Kunden damit die Gewissheit, dass Ger\u00e4tekompatibilit\u00e4t, Sicherheit und Langlebigkeit gew\u00e4hrleistet sind. Dank ihrer Erfahrung und Fertigungsdisziplin bietet das Unternehmen ein stabiles, kompatibles und effizientes Ladeger\u00e4t, das f\u00fcr den globalen Markt geeignet ist.<\/p>","protected":false},"excerpt":{"rendered":"<p>Produktname: 30-W-PD-Ladeger\u00e4t<\/p>\n<p>Modellnummer: TR100CKR<\/p>\n<p>Herkunft: Shenzhen, China<\/p>\n<p>Eingang: 100\u2013240 V Wechselstrom, 50\/60 Hz, 0,8 A<\/p>\n<p>Ausgang (USB-C): 5 V\/3 A, 9 V\/2 A, 12 V\/1,5 A, 15 V\/2 A, 20 V\/1,5 A \u2013 bis zu 30 W<\/p>\n<p>Steckdosenstandard: EU \/ Korea<\/p>\n<p>Verf\u00fcgbare Farben: Schwarz, Wei\u00df<\/p>\n<p>Material: PC (Geh\u00e4use)<\/p>\n<p>Gewicht: 53 g<\/p>\n<p>Verpackung: Einzelhandelsverpackung<\/p>\n<p>Effizienzstufe: IV<\/p>\n<p>Schutzfunktionen: Kurzschlussschutz (SCP), \u00dcberspannungsschutz (OVP), \u00dcberstromschutz (OCP), \u00dcberlastschutz (OLP)<\/p>\n<p>Zertifikate: KC, KCC<\/p>","protected":false},"featured_media":1255,"comment_status":"closed","ping_status":"closed","template":"","meta":{"_acf_changed":false,"site-sidebar-layout":"default","site-content-layout":"","ast-site-content-layout":"default","site-content-style":"default","site-sidebar-style":"default","ast-global-header-display":"","ast-banner-title-visibility":"","ast-main-header-display":"","ast-hfb-above-header-display":"","ast-hfb-below-header-display":"","ast-hfb-mobile-header-display":"","site-post-title":"","ast-breadcrumbs-content":"","ast-featured-img":"","footer-sml-layout":"","ast-disable-related-posts":"","theme-transparent-header-meta":"default","adv-header-id-meta":"","stick-header-meta":"","header-above-stick-meta":"","header-main-stick-meta":"","header-below-stick-meta":"","astra-migrate-meta-layouts":"set","ast-page-background-enabled":"default","ast-page-background-meta":{"desktop":{"background-color":"var(--ast-global-color-5)","background-image":"","background-repeat":"repeat","background-position":"center center","background-size":"auto","background-attachment":"scroll","background-type":"","background-media":"","overlay-type":"","overlay-color":"","overlay-opacity":"","overlay-gradient":""},"tablet":{"background-color":"","background-image":"","background-repeat":"repeat","background-position":"center center","background-size":"auto","background-attachment":"scroll","background-type":"","background-media":"","overlay-type":"","overlay-color":"","overlay-opacity":"","overlay-gradient":""},"mobile":{"background-color":"","background-image":"","background-repeat":"repeat","background-position":"center center","background-size":"auto","background-attachment":"scroll","background-type":"","background-media":"","overlay-type":"","overlay-color":"","overlay-opacity":"","overlay-gradient":""}},"ast-content-background-meta":{"desktop":{"background-color":"var(--ast-global-color-4)","background-image":"","background-repeat":"repeat","background-position":"center center","background-size":"auto","background-attachment":"scroll","background-type":"","background-media":"","overlay-type":"","overlay-color":"","overlay-opacity":"","overlay-gradient":""},"tablet":{"background-color":"var(--ast-global-color-4)","background-image":"","background-repeat":"repeat","background-position":"center center","background-size":"auto","background-attachment":"scroll","background-type":"","background-media":"","overlay-type":"","overlay-color":"","overlay-opacity":"","overlay-gradient":""},"mobile":{"background-color":"var(--ast-global-color-4)","background-image":"","background-repeat":"repeat","background-position":"center center","background-size":"auto","background-attachment":"scroll","background-type":"","background-media":"","overlay-type":"","overlay-color":"","overlay-opacity":"","overlay-gradient":""}}},"product_brand":[],"product_cat":[46,30],"product_tag":[122,128,126,129,127],"class_list":{"0":"post-1254","1":"product","2":"type-product","3":"status-publish","4":"has-post-thumbnail","6":"product_cat-30w","7":"product_cat-gan-charger","8":"product_tag-30w-pd-charger","9":"product_tag-compact-usb-charger","10":"product_tag-fast-wall-charger","11":"product_tag-laptop-charger","12":"product_tag-usb-c-30w-charger","13":"desktop-align-left","14":"tablet-align-left","15":"mobile-align-left","17":"first","18":"instock","19":"shipping-taxable","20":"product-type-simple"},"acf":[],"_links":{"self":[{"href":"https:\/\/szjialu.com\/de\/wp-json\/wp\/v2\/product\/1254","targetHints":{"allow":["GET"]}}],"collection":[{"href":"https:\/\/szjialu.com\/de\/wp-json\/wp\/v2\/product"}],"about":[{"href":"https:\/\/szjialu.com\/de\/wp-json\/wp\/v2\/types\/product"}],"replies":[{"embeddable":true,"href":"https:\/\/szjialu.com\/de\/wp-json\/wp\/v2\/comments?post=1254"}],"wp:featuredmedia":[{"embeddable":true,"href":"https:\/\/szjialu.com\/de\/wp-json\/wp\/v2\/media\/1255"}],"wp:attachment":[{"href":"https:\/\/szjialu.com\/de\/wp-json\/wp\/v2\/media?parent=1254"}],"wp:term":[{"taxonomy":"product_brand","embeddable":true,"href":"https:\/\/szjialu.com\/de\/wp-json\/wp\/v2\/product_brand?post=1254"},{"taxonomy":"product_cat","embeddable":true,"href":"https:\/\/szjialu.com\/de\/wp-json\/wp\/v2\/product_cat?post=1254"},{"taxonomy":"product_tag","embeddable":true,"href":"https:\/\/szjialu.com\/de\/wp-json\/wp\/v2\/product_tag?post=1254"}],"curies":[{"name":"wp","href":"https:\/\/api.w.org\/{rel}","templated":true}]}}