{"id":1250,"date":"2025-11-29T13:55:39","date_gmt":"2025-11-29T13:55:39","guid":{"rendered":"https:\/\/szjialu.com\/?post_type=product&#038;p=1250"},"modified":"2025-11-29T13:55:56","modified_gmt":"2025-11-29T13:55:56","slug":"30w-pd-ladegerat-tr100aceu","status":"publish","type":"product","link":"https:\/\/szjialu.com\/de\/product\/30w-pd-charger-tr100aceu\/","title":{"rendered":"30W PD-Ladeger\u00e4t TR100ACEU"},"content":{"rendered":"<h2 data-start=\"1067\" data-end=\"1091\"><strong data-start=\"1069\" data-end=\"1089\">Produkt\u00fcbersicht<\/strong><\/h2>\n<p data-start=\"1092\" data-end=\"1405\">Der <strong data-start=\"1096\" data-end=\"1124\"><a href=\"https:\/\/szjialu.com\/de\/product\/30w-pd-ladegerat-tr100ackr\/\">30-W-PD-Ladeger\u00e4t<\/a> TR100ACEU<\/strong> Dieses kompakte, hocheffiziente USB-Schnellladeger\u00e4t ist f\u00fcr universelle Ladeanforderungen konzipiert. Ausgestattet mit einem 30-W-USB-C-Power-Delivery-Anschluss und einem 18-W-USB-A-Schnellladeanschluss unterst\u00fctzt es ein breites Spannungsspektrum und versorgt Laptops, Tablets, Smartphones und andere USB-Ger\u00e4te sicher mit Strom.<\/p>\n<p data-start=\"1407\" data-end=\"1819\">Mit seinem 100\u2013240-V-Eingang und dem EU\/Korea-Steckerstandard eignet sich der TR100ACEU ideal f\u00fcr den Einsatz im In- und Ausland. Das robuste PC-Geh\u00e4use, die mehrfachen Schutzsysteme und die Zertifizierungen nach CE, GS, RoHS und REACH gew\u00e4hrleisten einen sicheren und zuverl\u00e4ssigen Betrieb. Mit nur 53 g ist er leicht und \u00e4u\u00dferst portabel \u2013 ideal f\u00fcr Reisen, B\u00fcro und zum t\u00e4glichen Laden.<\/p>\n<h2 data-start=\"1826\" data-end=\"1846\"><strong data-start=\"1828\" data-end=\"1846\">Spezifikationen<\/strong><\/h2>\n<div class=\"_tableContainer_1rjym_1\">\n<div class=\"group _tableWrapper_1rjym_13 flex w-fit flex-col-reverse\" tabindex=\"-1\">\n<table class=\"w-fit min-w-(--thread-content-width)\" data-start=\"1848\" data-end=\"2515\">\n<thead data-start=\"1848\" data-end=\"1869\">\n<tr data-start=\"1848\" data-end=\"1869\">\n<th data-start=\"1848\" data-end=\"1858\" data-col-size=\"sm\">Besonderheit<\/th>\n<th data-start=\"1858\" data-end=\"1869\" data-col-size=\"md\">Details<\/th>\n<\/tr>\n<\/thead>\n<tbody data-start=\"1891\" data-end=\"2515\">\n<tr data-start=\"1891\" data-end=\"1924\">\n<td data-start=\"1891\" data-end=\"1906\" data-col-size=\"sm\">Produktname<\/td>\n<td data-start=\"1906\" data-end=\"1924\" data-col-size=\"md\">30-W-PD-Ladeger\u00e4t<\/td>\n<\/tr>\n<tr data-start=\"1925\" data-end=\"1953\">\n<td data-start=\"1925\" data-end=\"1940\" data-col-size=\"sm\">Modellnummer<\/td>\n<td data-start=\"1940\" data-end=\"1953\" data-col-size=\"md\">TR100ACEU<\/td>\n<\/tr>\n<tr data-start=\"1954\" data-end=\"1992\">\n<td data-start=\"1954\" data-end=\"1972\" data-col-size=\"sm\">Herkunftsort<\/td>\n<td data-start=\"1972\" data-end=\"1992\" data-col-size=\"md\">China (Festland)<\/td>\n<\/tr>\n<tr data-start=\"1993\" data-end=\"2031\">\n<td data-start=\"1993\" data-end=\"2001\" data-col-size=\"sm\">Eingang<\/td>\n<td data-start=\"2001\" data-end=\"2031\" data-col-size=\"md\">Wechselstrom 100\u2013240 V, 50\/60 Hz, 0,8 A<\/td>\n<\/tr>\n<tr data-start=\"2032\" data-end=\"2101\">\n<td data-start=\"2032\" data-end=\"2047\" data-col-size=\"sm\">USB-C-Ausgang<\/td>\n<td data-start=\"2047\" data-end=\"2101\" data-col-size=\"md\">5 V\/3 A, 9 V\/3 A, 12 V\/2,5 A, 15 V\/2 A, 20 V\/1,5 A (30 W max.)<\/td>\n<\/tr>\n<tr data-start=\"2102\" data-end=\"2153\">\n<td data-start=\"2102\" data-end=\"2117\" data-col-size=\"sm\">USB-A-Ausgang<\/td>\n<td data-start=\"2117\" data-end=\"2153\" data-col-size=\"md\">5V\/3A, 9V\/2A, 12V\/1,5A (18W max.)<\/td>\n<\/tr>\n<tr data-start=\"2154\" data-end=\"2188\">\n<td data-start=\"2154\" data-end=\"2172\" data-col-size=\"sm\">Gesamtleistung<\/td>\n<td data-start=\"2172\" data-end=\"2188\" data-col-size=\"md\">5V\/3A gemeinsam genutzt<\/td>\n<\/tr>\n<tr data-start=\"2189\" data-end=\"2221\">\n<td data-start=\"2189\" data-end=\"2207\" data-col-size=\"sm\">Steckdosenstandard<\/td>\n<td data-start=\"2207\" data-end=\"2221\" data-col-size=\"md\">EU \/ Korea<\/td>\n<\/tr>\n<tr data-start=\"2222\" data-end=\"2239\">\n<td data-start=\"2222\" data-end=\"2233\" data-col-size=\"sm\">Material<\/td>\n<td data-start=\"2233\" data-end=\"2239\" data-col-size=\"md\">PC<\/td>\n<\/tr>\n<tr data-start=\"2240\" data-end=\"2265\">\n<td data-start=\"2240\" data-end=\"2249\" data-col-size=\"sm\">Farben<\/td>\n<td data-start=\"2249\" data-end=\"2265\" data-col-size=\"md\">Schwarz, Wei\u00df<\/td>\n<\/tr>\n<tr data-start=\"2266\" data-end=\"2283\">\n<td data-start=\"2266\" data-end=\"2275\" data-col-size=\"sm\">Gewicht<\/td>\n<td data-col-size=\"md\" data-start=\"2275\" data-end=\"2283\">53 g<\/td>\n<\/tr>\n<tr data-start=\"2284\" data-end=\"2312\">\n<td data-start=\"2284\" data-end=\"2294\" data-col-size=\"sm\">Verpackung<\/td>\n<td data-start=\"2294\" data-end=\"2312\" data-col-size=\"md\">Einzelhandelsverpackung<\/td>\n<\/tr>\n<tr data-start=\"2313\" data-end=\"2338\">\n<td data-start=\"2313\" data-end=\"2326\" data-col-size=\"sm\">Effizienz<\/td>\n<td data-col-size=\"md\" data-start=\"2326\" data-end=\"2338\">Stufe VI<\/td>\n<\/tr>\n<tr data-start=\"2339\" data-end=\"2374\">\n<td data-start=\"2339\" data-end=\"2352\" data-col-size=\"sm\">Schutz<\/td>\n<td data-col-size=\"md\" data-start=\"2352\" data-end=\"2374\">SCP, OVP, OCP, OLP<\/td>\n<\/tr>\n<tr data-start=\"2375\" data-end=\"2413\">\n<td data-start=\"2375\" data-end=\"2390\" data-col-size=\"sm\">Zertifikate<\/td>\n<td data-col-size=\"md\" data-start=\"2390\" data-end=\"2413\">CE, GS, RoHS, REACH<\/td>\n<\/tr>\n<tr data-start=\"2414\" data-end=\"2435\">\n<td data-start=\"2414\" data-end=\"2425\" data-col-size=\"sm\">Garantie<\/td>\n<td data-col-size=\"md\" data-start=\"2425\" data-end=\"2435\">1 Jahr<\/td>\n<\/tr>\n<tr data-start=\"2436\" data-end=\"2476\">\n<td data-start=\"2436\" data-end=\"2460\" data-col-size=\"sm\">Betriebstemperatur<\/td>\n<td data-col-size=\"md\" data-start=\"2460\" data-end=\"2476\">\u201320 \u00b0C ~ 55 \u00b0C<\/td>\n<\/tr>\n<tr data-start=\"2477\" data-end=\"2515\">\n<td data-start=\"2477\" data-end=\"2499\" data-col-size=\"sm\">Lagertemperatur<\/td>\n<td data-col-size=\"md\" data-start=\"2499\" data-end=\"2515\">\u201340 \u00b0C ~ 70 \u00b0C<\/td>\n<\/tr>\n<\/tbody>\n<\/table>\n<\/div>\n<\/div>\n<h2 data-start=\"2522\" data-end=\"2542\"><strong data-start=\"2524\" data-end=\"2542\">Verkaufsargumente<\/strong><\/h2>\n<p data-start=\"2544\" data-end=\"2580\"><strong data-start=\"2548\" data-end=\"2578\">Zwei Schnellladeanschl\u00fcsse<\/strong><\/p>\n<p data-start=\"2581\" data-end=\"2669\">USB-C PD (30W) + USB-A (18W) liefern Hochgeschwindigkeitsleistung f\u00fcr alle modernen und \u00e4lteren Ger\u00e4te.<\/p>\n<p data-start=\"2671\" data-end=\"2711\"><strong data-start=\"2675\" data-end=\"2709\">Globale Spannungskompatibilit\u00e4t<\/strong><\/p>\n<p data-start=\"2712\" data-end=\"2772\">Dank des breiten Eingangsspannungsbereichs von 100\u2013240 V ist es f\u00fcr den internationalen Einsatz geeignet.<\/p>\n<p data-start=\"2774\" data-end=\"2819\"><strong data-start=\"2778\" data-end=\"2817\">Zertifiziert f\u00fcr Sicherheit und Konformit\u00e4t<\/strong><\/p>\n<p data-start=\"2820\" data-end=\"2927\">CE-, GS-, RoHS- und REACH-Zertifizierungen gew\u00e4hrleisten Sicherheit, Umweltvertr\u00e4glichkeit und zuverl\u00e4ssige Langzeitnutzung.<\/p>\n<p data-start=\"2929\" data-end=\"2970\"><strong data-start=\"2933\" data-end=\"2968\">Leicht und reisefreundlich<\/strong><\/p>\n<p data-start=\"2971\" data-end=\"3037\">Wiegt nur 53 g \u2013 passt problemlos in Taschen, Beutel oder Reisekoffer.<\/p>\n<p data-start=\"3039\" data-end=\"3087\"><strong data-start=\"3043\" data-end=\"3085\">Hohe Effizienz \u2013 Geringere Energieverschwendung<\/strong><\/p>\n<p data-start=\"3088\" data-end=\"3176\">Die Effizienzstufe VI minimiert die W\u00e4rmeentwicklung und verbessert die Leistungsumwandlungsleistung.<\/p>\n<p data-start=\"3178\" data-end=\"3208\"><strong data-start=\"3182\" data-end=\"3206\">Robustes PC-Geh\u00e4use<\/strong><\/p>\n<p data-start=\"3209\" data-end=\"3296\">Das feuerbest\u00e4ndige und verschlei\u00dffeste PC-Material gew\u00e4hrleistet Stabilit\u00e4t und eine verl\u00e4ngerte Lebensdauer des Produkts.<\/p>\n<p data-start=\"3298\" data-end=\"3332\"><strong data-start=\"3302\" data-end=\"3330\">Mehrstufiger Schutz<\/strong><\/p>\n<p data-start=\"3333\" data-end=\"3400\">Die integrierten Sicherheitsfunktionen SCP\/OVP\/OCP\/OLP sch\u00fctzen Ihre Ger\u00e4te jederzeit.<\/p>\n<figure id=\"attachment_1251\" aria-describedby=\"caption-attachment-1251\" style=\"width: 768px\" class=\"wp-caption alignnone\"><img fetchpriority=\"high\" decoding=\"async\" class=\"wp-image-1251\" src=\"https:\/\/szjialu.com\/wp-content\/uploads\/2025\/11\/\u4e3b\u56fe-3-11-300x300.jpg\" alt=\"30-W-PD-Ladeger\u00e4t\" width=\"768\" height=\"768\" srcset=\"https:\/\/szjialu.com\/wp-content\/uploads\/2025\/11\/\u4e3b\u56fe-3-11-300x300.jpg 300w, https:\/\/szjialu.com\/wp-content\/uploads\/2025\/11\/\u4e3b\u56fe-3-11-150x150.jpg 150w, https:\/\/szjialu.com\/wp-content\/uploads\/2025\/11\/\u4e3b\u56fe-3-11-768x768.jpg 768w, https:\/\/szjialu.com\/wp-content\/uploads\/2025\/11\/\u4e3b\u56fe-3-11-600x600.jpg 600w, https:\/\/szjialu.com\/wp-content\/uploads\/2025\/11\/\u4e3b\u56fe-3-11-100x100.jpg 100w, https:\/\/szjialu.com\/wp-content\/uploads\/2025\/11\/\u4e3b\u56fe-3-11-64x64.jpg 64w, https:\/\/szjialu.com\/wp-content\/uploads\/2025\/11\/\u4e3b\u56fe-3-11.jpg 800w\" sizes=\"(max-width: 768px) 100vw, 768px\" \/><figcaption id=\"caption-attachment-1251\" class=\"wp-caption-text\">30-W-PD-Ladeger\u00e4t<\/figcaption><\/figure>\n<h2 data-start=\"3407\" data-end=\"3425\"><strong data-start=\"3409\" data-end=\"3425\">Anwendungen<\/strong><\/h2>\n<ul data-start=\"3427\" data-end=\"3699\">\n<li data-start=\"3427\" data-end=\"3470\">\n<p data-start=\"3429\" data-end=\"3470\">Laptops und Notebooks mit Unterst\u00fctzung f\u00fcr USB-C PD<\/p>\n<\/li>\n<li data-start=\"3471\" data-end=\"3492\">\n<p data-start=\"3473\" data-end=\"3492\">Tablets und iPads<\/p>\n<\/li>\n<li data-start=\"3493\" data-end=\"3552\">\n<p data-start=\"3495\" data-end=\"3552\">Smartphones (iPhone \/ Samsung \/ Xiaomi \/ Huawei \/ etc.)<\/p>\n<\/li>\n<li data-start=\"3553\" data-end=\"3593\">\n<p data-start=\"3555\" data-end=\"3593\">Powerbanks und tragbares Zubeh\u00f6r<\/p>\n<\/li>\n<li data-start=\"3594\" data-end=\"3642\">\n<p data-start=\"3596\" data-end=\"3642\">Bluetooth-Lautsprecher, Kameras und USB-Ger\u00e4te<\/p>\n<\/li>\n<li data-start=\"3643\" data-end=\"3699\">\n<p data-start=\"3645\" data-end=\"3699\">Ladebedarf f\u00fcr Zuhause, B\u00fcro oder internationale Reisen<\/p>\n<\/li>\n<\/ul>\n<h2 data-start=\"3706\" data-end=\"3715\"><strong data-start=\"3708\" data-end=\"3715\">H\u00e4ufig gestellte Fragen<\/strong><\/h2>\n<p data-start=\"3717\" data-end=\"3870\"><strong data-start=\"3717\" data-end=\"3776\">Frage 1: Unterst\u00fctzt dieses Ladeger\u00e4t Schnellladen f\u00fcr Handys?<\/strong><br data-start=\"3776\" data-end=\"3779\" \/>Ja. Der USB-C-Anschluss unterst\u00fctzt PD-Schnellladung und der USB-A-Anschluss unterst\u00fctzt 18-W-Schnellladung.<\/p>\n<p data-start=\"3872\" data-end=\"3965\"><strong data-start=\"3872\" data-end=\"3903\">Frage 2: Kann es einen Laptop aufladen?<\/strong><br data-start=\"3903\" data-end=\"3906\" \/>Ja, sofern der Laptop USB-C PD-Laden mit bis zu 30 W unterst\u00fctzt.<\/p>\n<p data-start=\"3967\" data-end=\"4081\"><strong data-start=\"3967\" data-end=\"4014\">Frage 3: K\u00f6nnen beide Anschl\u00fcsse gleichzeitig verwendet werden?<\/strong><br data-start=\"4014\" data-end=\"4017\" \/>Ja. Wenn beide Anschl\u00fcsse verwendet werden, betr\u00e4gt die Gesamtausgangsleistung 5 V\/3 A.<\/p>\n<p data-start=\"4083\" data-end=\"4229\"><strong data-start=\"4083\" data-end=\"4129\">Frage 4: Ist dieses Ladeger\u00e4t f\u00fcr den Langzeitgebrauch geeignet?<\/strong><br data-start=\"4129\" data-end=\"4132\" \/>Ja. Es umfasst SCP-, OVP-, OCP- und OLP-Schutz und verf\u00fcgt \u00fcber CE-, GS-, RoHS- und REACH-Zulassungen.<\/p>\n<p data-start=\"4231\" data-end=\"4367\"><strong data-start=\"4231\" data-end=\"4265\">Frage 5: Ist es f\u00fcr Reisen geeignet?<\/strong><br data-start=\"4265\" data-end=\"4268\" \/>Absolut \u2013 der 100\u2013240-V-Eingang und der EU\/Korea-Stecker machen es ideal f\u00fcr Reisen durch verschiedene Regionen.<\/p>\n<p data-start=\"4369\" data-end=\"4460\"><strong data-start=\"4369\" data-end=\"4405\">Frage 6: Wie lange ist die Garantiezeit?<\/strong><br data-start=\"4405\" data-end=\"4408\" \/>Das Produkt beinhaltet einen Standard <strong data-start=\"4440\" data-end=\"4459\">1 Jahr Garantie<\/strong>.<\/p>\n<h2 data-start=\"4467\" data-end=\"4515\"><strong data-start=\"4469\" data-end=\"4513\">Unternehmensvorteil<\/strong><\/h2>\n<p data-start=\"4516\" data-end=\"4857\">Der TR100ACEU wird hergestellt von <strong data-start=\"4545\" data-end=\"4574\">Shenzhen Jialu Technologie<\/strong>, ein professioneller Hersteller mit \u00fcber 10 Jahren Erfahrung in der Entwicklung und Produktion von Netzteilen. Das Unternehmen betreibt eine moderne Fabrik mit strengen Qualit\u00e4tsmanagementsystemen wie beispielsweise <strong data-start=\"4766\" data-end=\"4790\">ISO 9001 und ISO 14001<\/strong>, und h\u00e4lt sich an verantwortungsvolle Fertigungsstandards wie <strong data-start=\"4848\" data-end=\"4856\">BSCI<\/strong>.<\/p>\n<p data-start=\"4859\" data-end=\"5095\">Jialus starke Forschungs- und Entwicklungsabteilung, die stabile Produktionskapazit\u00e4t und die umfassenden Testverfahren gew\u00e4hrleisten, dass jedes Ladeger\u00e4t internationale Sicherheits- und Umweltstandards erf\u00fcllt. Dies macht das Unternehmen zu einem zuverl\u00e4ssigen OEM\/ODM-Partner f\u00fcr Marken weltweit.<\/p>","protected":false},"excerpt":{"rendered":"<p>Produktname: 30-W-PD-Ladeger\u00e4t<\/p>\n<p>Modellnummer: TR100ACEU<\/p>\n<p>Herkunftsort: China<\/p>\n<p>Eingang: Wechselstrom 100\u2013240 V, 50\/60 Hz, 0,8 A<\/p>\n<p>USB-C-Ausgang: 5 V\/3 A, 9 V\/3 A, 12 V\/2,5 A, 15 V\/2 A, 20 V\/1,5 A (30 W max.)<\/p>\n<p>USB-A-Ausgang: 5 V\/3 A, 9 V\/2 A, 12 V\/1,5 A (18 W max.)<\/p>\n<p>Kombinierter Ausgang: 5 V\/3 A (geteilt)<\/p>\n<p>Steckdosenstandard: EU \/ Korea<\/p>\n<p>Material: PC<\/p>\n<p>Farben: Schwarz, Wei\u00df<\/p>\n<p>Gewicht: 53 g<\/p>\n<p>Verpackung: Einzelhandelsverpackung<\/p>\n<p>Effizienz: Stufe VI<\/p>\n<p>Schutzma\u00dfnahmen: CP, OVP, OCP, OLP<\/p>","protected":false},"featured_media":1251,"comment_status":"closed","ping_status":"closed","template":"","meta":{"_acf_changed":false,"site-sidebar-layout":"default","site-content-layout":"","ast-site-content-layout":"default","site-content-style":"default","site-sidebar-style":"default","ast-global-header-display":"","ast-banner-title-visibility":"","ast-main-header-display":"","ast-hfb-above-header-display":"","ast-hfb-below-header-display":"","ast-hfb-mobile-header-display":"","site-post-title":"","ast-breadcrumbs-content":"","ast-featured-img":"","footer-sml-layout":"","ast-disable-related-posts":"","theme-transparent-header-meta":"default","adv-header-id-meta":"","stick-header-meta":"","header-above-stick-meta":"","header-main-stick-meta":"","header-below-stick-meta":"","astra-migrate-meta-layouts":"set","ast-page-background-enabled":"default","ast-page-background-meta":{"desktop":{"background-color":"var(--ast-global-color-5)","background-image":"","background-repeat":"repeat","background-position":"center center","background-size":"auto","background-attachment":"scroll","background-type":"","background-media":"","overlay-type":"","overlay-color":"","overlay-opacity":"","overlay-gradient":""},"tablet":{"background-color":"","background-image":"","background-repeat":"repeat","background-position":"center center","background-size":"auto","background-attachment":"scroll","background-type":"","background-media":"","overlay-type":"","overlay-color":"","overlay-opacity":"","overlay-gradient":""},"mobile":{"background-color":"","background-image":"","background-repeat":"repeat","background-position":"center center","background-size":"auto","background-attachment":"scroll","background-type":"","background-media":"","overlay-type":"","overlay-color":"","overlay-opacity":"","overlay-gradient":""}},"ast-content-background-meta":{"desktop":{"background-color":"var(--ast-global-color-4)","background-image":"","background-repeat":"repeat","background-position":"center center","background-size":"auto","background-attachment":"scroll","background-type":"","background-media":"","overlay-type":"","overlay-color":"","overlay-opacity":"","overlay-gradient":""},"tablet":{"background-color":"var(--ast-global-color-4)","background-image":"","background-repeat":"repeat","background-position":"center center","background-size":"auto","background-attachment":"scroll","background-type":"","background-media":"","overlay-type":"","overlay-color":"","overlay-opacity":"","overlay-gradient":""},"mobile":{"background-color":"var(--ast-global-color-4)","background-image":"","background-repeat":"repeat","background-position":"center center","background-size":"auto","background-attachment":"scroll","background-type":"","background-media":"","overlay-type":"","overlay-color":"","overlay-opacity":"","overlay-gradient":""}}},"product_brand":[],"product_cat":[46,30],"product_tag":[122,126,125,75,89],"class_list":{"0":"post-1250","1":"product","2":"type-product","3":"status-publish","4":"has-post-thumbnail","6":"product_cat-30w","7":"product_cat-gan-charger","8":"product_tag-30w-pd-charger","9":"product_tag-fast-wall-charger","10":"product_tag-pd-30w-laptop-charger","11":"product_tag-usb-a-charger","12":"product_tag-usb-c-fast-charger","13":"desktop-align-left","14":"tablet-align-left","15":"mobile-align-left","17":"first","18":"instock","19":"shipping-taxable","20":"product-type-simple"},"acf":[],"_links":{"self":[{"href":"https:\/\/szjialu.com\/de\/wp-json\/wp\/v2\/product\/1250","targetHints":{"allow":["GET"]}}],"collection":[{"href":"https:\/\/szjialu.com\/de\/wp-json\/wp\/v2\/product"}],"about":[{"href":"https:\/\/szjialu.com\/de\/wp-json\/wp\/v2\/types\/product"}],"replies":[{"embeddable":true,"href":"https:\/\/szjialu.com\/de\/wp-json\/wp\/v2\/comments?post=1250"}],"wp:featuredmedia":[{"embeddable":true,"href":"https:\/\/szjialu.com\/de\/wp-json\/wp\/v2\/media\/1251"}],"wp:attachment":[{"href":"https:\/\/szjialu.com\/de\/wp-json\/wp\/v2\/media?parent=1250"}],"wp:term":[{"taxonomy":"product_brand","embeddable":true,"href":"https:\/\/szjialu.com\/de\/wp-json\/wp\/v2\/product_brand?post=1250"},{"taxonomy":"product_cat","embeddable":true,"href":"https:\/\/szjialu.com\/de\/wp-json\/wp\/v2\/product_cat?post=1250"},{"taxonomy":"product_tag","embeddable":true,"href":"https:\/\/szjialu.com\/de\/wp-json\/wp\/v2\/product_tag?post=1250"}],"curies":[{"name":"wp","href":"https:\/\/api.w.org\/{rel}","templated":true}]}}