{"id":1247,"date":"2025-11-29T12:58:47","date_gmt":"2025-11-29T12:58:47","guid":{"rendered":"https:\/\/szjialu.com\/?post_type=product&#038;p=1247"},"modified":"2025-11-29T13:01:17","modified_gmt":"2025-11-29T13:01:17","slug":"30w-pd-ladegerat-tr100ackr","status":"publish","type":"product","link":"https:\/\/szjialu.com\/de\/product\/30w-pd-charger-tr100ackr\/","title":{"rendered":"30W PD-Ladeger\u00e4t TR100ACKR"},"content":{"rendered":"<h2 data-start=\"932\" data-end=\"953\">Produkt\u00fcbersicht<\/h2>\n<p data-start=\"955\" data-end=\"1594\">Der <strong data-start=\"959\" data-end=\"987\"><a href=\"https:\/\/szjialu.com\/de\/product-category\/gan-ladegerat\/30-w\/\">30-W-PD-Ladeger\u00e4t<\/a> TR100ACKR<\/strong> Dieses vielseitige und kompakte Netzteil ist f\u00fcr die Ladebed\u00fcrfnisse einer Vielzahl von Ger\u00e4ten geeignet \u2013 von Laptops und Tablets bis hin zu Smartphones und anderen USB-Ger\u00e4ten. Dank seiner zwei Anschl\u00fcsse (USB-C + USB-A) unterst\u00fctzt es sowohl modernes PD-Schnellladen \u00fcber USB-C als auch herk\u00f6mmliches Laden \u00fcber USB-A und liefert eine Gesamtleistung von bis zu 30 W. Mit einem Eingangsspannungsbereich von 100\u2013240 V, breiter Spannungs- und Frequenzkompatibilit\u00e4t sowie Unterst\u00fctzung f\u00fcr EU- und koreanische Steckdosen ist es ideal f\u00fcr den weltweiten Einsatz \u2013 ob zu Hause, im B\u00fcro oder unterwegs. Sein geringes Gewicht (53 g) und das robuste PC-Geh\u00e4use machen es zu einer praktischen und tragbaren Ladel\u00f6sung.<\/p>\n<h2 data-start=\"1601\" data-end=\"1618\">Spezifikationen<\/h2>\n<div class=\"_tableContainer_1rjym_1\">\n<div class=\"group _tableWrapper_1rjym_13 flex w-fit flex-col-reverse\" tabindex=\"-1\">\n<table class=\"w-fit min-w-(--thread-content-width)\" data-start=\"1620\" data-end=\"2496\">\n<thead data-start=\"1620\" data-end=\"1642\">\n<tr data-start=\"1620\" data-end=\"1642\">\n<th data-start=\"1620\" data-end=\"1632\" data-col-size=\"sm\">Parameter<\/th>\n<th data-start=\"1632\" data-end=\"1642\" data-col-size=\"lg\">Detail<\/th>\n<\/tr>\n<\/thead>\n<tbody data-start=\"1665\" data-end=\"2496\">\n<tr data-start=\"1665\" data-end=\"1708\">\n<td data-start=\"1665\" data-end=\"1680\" data-col-size=\"sm\">Produktname<\/td>\n<td data-col-size=\"lg\" data-start=\"1680\" data-end=\"1708\">30W PD-Ladeger\u00e4t TR100ACKR<\/td>\n<\/tr>\n<tr data-start=\"1709\" data-end=\"1747\">\n<td data-start=\"1709\" data-end=\"1727\" data-col-size=\"sm\">Herkunftsort<\/td>\n<td data-col-size=\"lg\" data-start=\"1727\" data-end=\"1747\">Shenzhen, China<\/td>\n<\/tr>\n<tr data-start=\"1748\" data-end=\"1789\">\n<td data-start=\"1748\" data-end=\"1756\" data-col-size=\"sm\">Eingang<\/td>\n<td data-start=\"1756\" data-end=\"1789\" data-col-size=\"lg\">100\u2013240 V Wechselstrom, 50\/60 Hz, 0,8 A<\/td>\n<\/tr>\n<tr data-start=\"1790\" data-end=\"1872\">\n<td data-start=\"1790\" data-end=\"1807\" data-col-size=\"sm\">Ausgang (USB-C)<\/td>\n<td data-col-size=\"lg\" data-start=\"1807\" data-end=\"1872\">5 V\/3 A, 9 V\/3 A, 12 V\/2,5 A, 15 V\/2 A, 20 V\/1,5 A (max. 30 W)<\/td>\n<\/tr>\n<tr data-start=\"1873\" data-end=\"1933\">\n<td data-start=\"1873\" data-end=\"1890\" data-col-size=\"sm\">Ausgang (USB-A)<\/td>\n<td data-col-size=\"lg\" data-start=\"1890\" data-end=\"1933\">5 V\/3 A, 9 V\/2 A, 12 V\/1,5 A (max. 18 W)<\/td>\n<\/tr>\n<tr data-start=\"1934\" data-end=\"1986\">\n<td data-start=\"1934\" data-end=\"1968\" data-col-size=\"sm\">Kombinierter Ausgang (USB-C + USB-A)<\/td>\n<td data-col-size=\"lg\" data-start=\"1968\" data-end=\"1986\">5 V 3 A gemeinsam genutzt<\/td>\n<\/tr>\n<tr data-start=\"1987\" data-end=\"2019\">\n<td data-start=\"1987\" data-end=\"2005\" data-col-size=\"sm\">Steckdosenstandard<\/td>\n<td data-col-size=\"lg\" data-start=\"2005\" data-end=\"2019\">EU \/ Korea<\/td>\n<\/tr>\n<tr data-start=\"2020\" data-end=\"2055\">\n<td data-start=\"2020\" data-end=\"2039\" data-col-size=\"sm\">Verf\u00fcgbare Farben<\/td>\n<td data-col-size=\"lg\" data-start=\"2039\" data-end=\"2055\">Schwarz, Wei\u00df<\/td>\n<\/tr>\n<tr data-start=\"2056\" data-end=\"2083\">\n<td data-start=\"2056\" data-end=\"2067\" data-col-size=\"sm\">Material<\/td>\n<td data-col-size=\"lg\" data-start=\"2067\" data-end=\"2083\">PC (Geh\u00e4use)<\/td>\n<\/tr>\n<tr data-start=\"2084\" data-end=\"2101\">\n<td data-start=\"2084\" data-end=\"2093\" data-col-size=\"sm\">Gewicht<\/td>\n<td data-col-size=\"lg\" data-start=\"2093\" data-end=\"2101\">53 g<\/td>\n<\/tr>\n<tr data-start=\"2102\" data-end=\"2132\">\n<td data-start=\"2102\" data-end=\"2112\" data-col-size=\"sm\">Verpackung<\/td>\n<td data-col-size=\"lg\" data-start=\"2112\" data-end=\"2132\">Einzelhandelsverpackung<\/td>\n<\/tr>\n<tr data-start=\"2133\" data-end=\"2279\">\n<td data-start=\"2133\" data-end=\"2155\" data-col-size=\"sm\">Schutzfunktionen<\/td>\n<td data-col-size=\"lg\" data-start=\"2155\" data-end=\"2279\">SCP (Kurzschlussschutz), OVP (\u00dcberspannungsschutz), OCP (\u00dcberstromschutz), OLP (\u00dcberlastschutz)<\/td>\n<\/tr>\n<tr data-start=\"2280\" data-end=\"2323\">\n<td data-start=\"2280\" data-end=\"2300\" data-col-size=\"sm\">Effizienzbewertung<\/td>\n<td data-start=\"2300\" data-end=\"2323\" data-col-size=\"lg\">Effizienzstufe VI<\/td>\n<\/tr>\n<tr data-start=\"2324\" data-end=\"2388\">\n<td data-start=\"2324\" data-end=\"2341\" data-col-size=\"sm\">Zertifizierungen<\/td>\n<td data-col-size=\"lg\" data-start=\"2341\" data-end=\"2388\">KC, KCC (Konformit\u00e4t f\u00fcr die jeweiligen Regionen)<\/td>\n<\/tr>\n<tr data-start=\"2389\" data-end=\"2432\">\n<td data-start=\"2389\" data-end=\"2413\" data-col-size=\"sm\">Betriebstemperatur<\/td>\n<td data-col-size=\"lg\" data-start=\"2413\" data-end=\"2432\">\u201320 \u00b0C bis 55 \u00b0C<\/td>\n<\/tr>\n<tr data-start=\"2433\" data-end=\"2474\">\n<td data-start=\"2433\" data-end=\"2455\" data-col-size=\"sm\">Lagertemperatur<\/td>\n<td data-col-size=\"lg\" data-start=\"2455\" data-end=\"2474\">\u201340 \u00b0C bis 70 \u00b0C<\/td>\n<\/tr>\n<tr data-start=\"2475\" data-end=\"2496\">\n<td data-start=\"2475\" data-end=\"2486\" data-col-size=\"sm\">Garantie<\/td>\n<td data-start=\"2486\" data-end=\"2496\" data-col-size=\"lg\">1 Jahr<\/td>\n<\/tr>\n<\/tbody>\n<\/table>\n<\/div>\n<\/div>\n<h2 data-start=\"2503\" data-end=\"2548\">Verkaufsargumente (Warum Sie sich f\u00fcr dieses Ladeger\u00e4t entscheiden sollten)<\/h2>\n<ul data-start=\"2550\" data-end=\"3715\">\n<li data-start=\"2550\" data-end=\"2736\">\n<p data-start=\"2552\" data-end=\"2736\"><strong data-start=\"2552\" data-end=\"2592\">Universelle Kompatibilit\u00e4t und weltweite Nutzung<\/strong> \u2014 Dank eines Eingangsspannungsbereichs von 100\u2013240 V und der Unterst\u00fctzung von Steckdosenformaten f\u00fcr die EU und Korea ist dieses Ladeger\u00e4t weltweit einsetzbar \u2013 ideal f\u00fcr Reisen oder den Einsatz in mehreren Regionen.<\/p>\n<\/li>\n<li data-start=\"2737\" data-end=\"2893\">\n<p data-start=\"2739\" data-end=\"2893\"><strong data-start=\"2739\" data-end=\"2764\">Komfort mit zwei Anschl\u00fcssen<\/strong> \u2014 USB-C PD f\u00fcr moderne Ger\u00e4te und USB-A f\u00fcr \u00e4ltere Ger\u00e4te \u2014 Sie k\u00f6nnen einen Laptop und ein Handy (oder Tablet) gleichzeitig aufladen.<\/p>\n<\/li>\n<li data-start=\"2894\" data-end=\"3110\">\n<p data-start=\"2896\" data-end=\"3110\"><strong data-start=\"2896\" data-end=\"2945\">Mehrspannungsausgang f\u00fcr intelligente Stromversorgung<\/strong> \u2014 Unterst\u00fctzt einen Spannungsbereich (5 V bis 20 V) und erm\u00f6glicht so ein sicheres und optimales PD-Laden f\u00fcr Ger\u00e4te von kleinen Mobiltelefonen bis hin zu stromhungrigen Tablets und einigen Notebooks.<\/p>\n<\/li>\n<li data-start=\"3111\" data-end=\"3265\">\n<p data-start=\"3113\" data-end=\"3265\"><strong data-start=\"3113\" data-end=\"3144\">Eingebaute Sicherheitsvorkehrungen<\/strong> \u2014 Beinhaltet Schutz vor Kurzschluss, \u00dcberspannung, \u00dcberstrom und \u00dcberlastung und bietet Ihnen so Sicherheit im t\u00e4glichen Gebrauch.<\/p>\n<\/li>\n<li data-start=\"3266\" data-end=\"3424\">\n<p data-start=\"3268\" data-end=\"3424\"><strong data-start=\"3268\" data-end=\"3293\">Kompakt und leicht<\/strong> \u2014 Mit nur 53 g inklusive PC-Geh\u00e4use ist es reisefreundlich und l\u00e4sst sich leicht in einer Tasche verstauen \u2013 ideal f\u00fcr mobile Berufst\u00e4tige oder Reisende.<\/p>\n<\/li>\n<li data-start=\"3425\" data-end=\"3563\">\n<p data-start=\"3427\" data-end=\"3563\"><strong data-start=\"3427\" data-end=\"3448\">Energieeffizienz<\/strong> \u2014 Dank der Effizienzklasse VI wandelt das Ladeger\u00e4t Strom mit minimalem Energieverlust um, wodurch W\u00e4rme und Energieverluste reduziert werden.<\/p>\n<\/li>\n<li data-start=\"3564\" data-end=\"3715\">\n<p data-start=\"3566\" data-end=\"3715\"><strong data-start=\"3566\" data-end=\"3596\">Breite Ger\u00e4tekompatibilit\u00e4t<\/strong> \u2014 Funktioniert mit Laptops, Notebooks, Tablets, Mobiltelefonen und anderen USB-betriebenen Ger\u00e4ten \u2013 ein Ladeger\u00e4t f\u00fcr alles.<\/p>\n<\/li>\n<\/ul>\n<figure id=\"attachment_1249\" aria-describedby=\"caption-attachment-1249\" style=\"width: 745px\" class=\"wp-caption alignnone\"><img fetchpriority=\"high\" decoding=\"async\" class=\"wp-image-1249\" src=\"https:\/\/szjialu.com\/wp-content\/uploads\/2025\/11\/\u4e3b\u56fe-1-12-300x300.jpg\" alt=\"30-W-PD-Ladeger\u00e4t\" width=\"745\" height=\"745\" srcset=\"https:\/\/szjialu.com\/wp-content\/uploads\/2025\/11\/\u4e3b\u56fe-1-12-300x300.jpg 300w, https:\/\/szjialu.com\/wp-content\/uploads\/2025\/11\/\u4e3b\u56fe-1-12-150x150.jpg 150w, https:\/\/szjialu.com\/wp-content\/uploads\/2025\/11\/\u4e3b\u56fe-1-12-768x768.jpg 768w, https:\/\/szjialu.com\/wp-content\/uploads\/2025\/11\/\u4e3b\u56fe-1-12-600x600.jpg 600w, https:\/\/szjialu.com\/wp-content\/uploads\/2025\/11\/\u4e3b\u56fe-1-12-100x100.jpg 100w, https:\/\/szjialu.com\/wp-content\/uploads\/2025\/11\/\u4e3b\u56fe-1-12-64x64.jpg 64w, https:\/\/szjialu.com\/wp-content\/uploads\/2025\/11\/\u4e3b\u56fe-1-12.jpg 800w\" sizes=\"(max-width: 745px) 100vw, 745px\" \/><figcaption id=\"caption-attachment-1249\" class=\"wp-caption-text\">30-W-PD-Ladeger\u00e4t<\/figcaption><\/figure>\n<h2 data-start=\"3722\" data-end=\"3739\">Anwendungen<\/h2>\n<ul data-start=\"3741\" data-end=\"4163\">\n<li data-start=\"3741\" data-end=\"3809\">\n<p data-start=\"3743\" data-end=\"3809\">Laden von Laptops und Notebooks, die USB-C PD unterst\u00fctzen (bis zu 30 W).<\/p>\n<\/li>\n<li data-start=\"3810\" data-end=\"3841\">\n<p data-start=\"3812\" data-end=\"3841\">Stromversorgung f\u00fcr Tablets und iPads.<\/p>\n<\/li>\n<li data-start=\"3842\" data-end=\"3891\">\n<p data-start=\"3844\" data-end=\"3891\">Aufladen von Smartphones (iPhone, Android usw.).<\/p>\n<\/li>\n<li data-start=\"3892\" data-end=\"4036\">\n<p data-start=\"3894\" data-end=\"4036\">Laden oder Betreiben anderer USB-betriebener Ger\u00e4te wie tragbarer Lautsprecher, Powerbanks, USB-Lampen oder kleiner Haushaltsger\u00e4te (innerhalb der Leistungsreichweite).<\/p>\n<\/li>\n<li data-start=\"4037\" data-end=\"4163\">\n<p data-start=\"4039\" data-end=\"4163\">Ob zu Hause, im B\u00fcro oder auf Reisen \u2013 die weltweite Kompatibilit\u00e4t macht es ideal f\u00fcr Weltenbummler und Fernarbeiter.<\/p>\n<\/li>\n<\/ul>\n<h2 data-start=\"4170\" data-end=\"4178\">H\u00e4ufig gestellte Fragen<\/h2>\n<p data-start=\"4180\" data-end=\"4407\"><strong data-start=\"4180\" data-end=\"4231\">F: Kann ich mit diesem 30-W-Ladeger\u00e4t einen Laptop aufladen?<\/strong><br data-start=\"4231\" data-end=\"4234\" \/>A: Ja \u2013 sofern Ihr Laptop USB-C PD unterst\u00fctzt und 20 V\/1,5 A (30 W) aufnehmen kann. F\u00fcr Laptops mit h\u00f6herem Strombedarf als 30 W ist ein Ladeger\u00e4t mit h\u00f6herer Wattzahl besser geeignet.<\/p>\n<p data-start=\"4409\" data-end=\"4642\"><strong data-start=\"4409\" data-end=\"4449\">F: Kann ich zwei Ger\u00e4te gleichzeitig aufladen?<\/strong><br data-start=\"4449\" data-end=\"4452\" \/>A: Ja \u2013 das Ladeger\u00e4t verf\u00fcgt sowohl \u00fcber USB-C- als auch \u00fcber USB-A-Anschl\u00fcsse. Sie k\u00f6nnen gleichzeitig ein USB-C-Ger\u00e4t (z. B. Laptop oder Tablet) und ein USB-A-Ger\u00e4t (z. B. Smartphone) anschlie\u00dfen \u2013 die Stromzufuhr wird jedoch aufgeteilt.<\/p>\n<p data-start=\"4644\" data-end=\"4876\"><strong data-start=\"4644\" data-end=\"4678\">F: Ist das Ladeger\u00e4t sicher in der Anwendung?<\/strong><br data-start=\"4678\" data-end=\"4681\" \/>A: Ja \u2013 das Ladeger\u00e4t verf\u00fcgt \u00fcber mehrere Schutzmechanismen (Kurzschluss, \u00dcberspannung, \u00dcberstrom, \u00dcberlastung) und erf\u00fcllt die entsprechenden Zertifizierungsstandards (KC, KCC), wodurch ein sicherer Betrieb gew\u00e4hrleistet ist.<\/p>\n<p data-start=\"4878\" data-end=\"5171\"><strong data-start=\"4878\" data-end=\"4919\">F: Funktioniert das auch, wenn ich ins Ausland reise?<\/strong><br data-start=\"4919\" data-end=\"4922\" \/>A: Ja \u2013 der Eingangsspannungsbereich von 100\u2013240 V und die Unterst\u00fctzung von Steckdosenstandards f\u00fcr die EU\/Korea bedeuten, dass das Ger\u00e4t mit vielen internationalen Stromnetzen kompatibel ist. Wenn Sie jedoch in eine Region mit einem anderen Steckerstandard reisen (z. B. USA, Gro\u00dfbritannien), ben\u00f6tigen Sie m\u00f6glicherweise einen Steckeradapter.<\/p>\n<p data-start=\"5173\" data-end=\"5257\"><strong data-start=\"5173\" data-end=\"5208\">F: Wie lange ist die Garantiezeit?<\/strong><br data-start=\"5208\" data-end=\"5211\" \/>A: F\u00fcr das Produkt gilt eine einj\u00e4hrige Garantie.<\/p>\n<p data-start=\"5259\" data-end=\"5408\"><strong data-start=\"5259\" data-end=\"5300\">F: Welche Ger\u00e4te kann ich aufladen?<\/strong><br data-start=\"5300\" data-end=\"5303\" \/>A: Es unterst\u00fctzt Laptops, Tablets, Smartphones und die meisten USB-betriebenen Ger\u00e4te im Leistungsbereich von 30 W.<\/p>\n<h2 data-start=\"5415\" data-end=\"5468\">Ein Vorteil vom Hersteller: Warum Jialu w\u00e4hlen?<\/h2>\n<p data-start=\"5470\" data-end=\"5832\">Als Produkt von Shenzhen Jialu Technology \u2013 einem Hersteller mit \u00fcber zehn Jahren Erfahrung in der Netzteilproduktion \u2013 profitiert dieses Ladeger\u00e4t von hoher Qualit\u00e4t und Einhaltung strenger Normen. Jialu betreibt in Shenzhen ein modernes, 6.000 m\u00b2 gro\u00dfes Werk mit rund 300 Mitarbeitern, darunter mehr als 40 leitende Techniker und Manager.<\/p>\n<p data-start=\"5834\" data-end=\"6230\">Jialu verf\u00fcgt \u00fcber zertifizierte Qualit\u00e4ts- und Umweltmanagementsysteme (ISO 9001, ISO 14001) und h\u00e4lt strenge soziale Standards wie BSCI ein. Diese Zertifizierungen belegen, dass die Fertigungsprozesse standardisiert, umweltbewusst und sozial verantwortlich sind \u2013 und tragen so zu einer gleichbleibenden Produktqualit\u00e4t und -zuverl\u00e4ssigkeit f\u00fcr Kunden weltweit bei.<\/p>\n<p data-start=\"6232\" data-end=\"6463\">Kurz gesagt: Durch die Beschaffung von Produkten von Jialu erhalten Marken und Vertriebsh\u00e4ndler einen vertrauensw\u00fcrdigen Lieferanten mit realen Produktionskapazit\u00e4ten, formaler Qualit\u00e4tskontrolle und der Bereitschaft f\u00fcr OEM\/ODM-Projekte \u2013 was Ihnen sowohl Produktqualit\u00e4t als auch Stabilit\u00e4t in der Lieferkette bietet.<\/p>","protected":false},"excerpt":{"rendered":"<p>Produktname: 30W PD-Ladeger\u00e4t TR100ACKR<\/p>\n<p>Herkunftsort: Shenzhen, China<\/p>\n<p>Eingang: 100\u2013240 V Wechselstrom, 50\/60 Hz, 0,8 A<\/p>\n<p>Ausgang: (USB-C) 5 V\/3 A, 9 V\/3 A, 12 V\/2,5 A, 15 V\/2 A, 20 V\/1,5 A (max. 30 W)<\/p>\n<p>Ausgang: (USB-A) 5 V\/3 A, 9 V\/2 A, 12 V\/1,5 A (max. 18 W) Kombinierter Ausgang (USB-C + USB-A): 5 V\/3 A (gemeinsam genutzt)<\/p>\n<p>Steckdosenstandard: EU \/ Korea<\/p>\n<p>Verf\u00fcgbare Farben: Schwarz, Wei\u00df<\/p>\n<p>Material: PC (Geh\u00e4use)<\/p>\n<p>Gewicht: 53 g<\/p>\n<p>Verpackung: Einzelhandelsverpackung<\/p>","protected":false},"featured_media":1249,"comment_status":"closed","ping_status":"closed","template":"","meta":{"_acf_changed":false,"site-sidebar-layout":"default","site-content-layout":"","ast-site-content-layout":"default","site-content-style":"default","site-sidebar-style":"default","ast-global-header-display":"","ast-banner-title-visibility":"","ast-main-header-display":"","ast-hfb-above-header-display":"","ast-hfb-below-header-display":"","ast-hfb-mobile-header-display":"","site-post-title":"","ast-breadcrumbs-content":"","ast-featured-img":"","footer-sml-layout":"","ast-disable-related-posts":"","theme-transparent-header-meta":"default","adv-header-id-meta":"","stick-header-meta":"","header-above-stick-meta":"","header-main-stick-meta":"","header-below-stick-meta":"","astra-migrate-meta-layouts":"set","ast-page-background-enabled":"default","ast-page-background-meta":{"desktop":{"background-color":"var(--ast-global-color-5)","background-image":"","background-repeat":"repeat","background-position":"center center","background-size":"auto","background-attachment":"scroll","background-type":"","background-media":"","overlay-type":"","overlay-color":"","overlay-opacity":"","overlay-gradient":""},"tablet":{"background-color":"","background-image":"","background-repeat":"repeat","background-position":"center center","background-size":"auto","background-attachment":"scroll","background-type":"","background-media":"","overlay-type":"","overlay-color":"","overlay-opacity":"","overlay-gradient":""},"mobile":{"background-color":"","background-image":"","background-repeat":"repeat","background-position":"center center","background-size":"auto","background-attachment":"scroll","background-type":"","background-media":"","overlay-type":"","overlay-color":"","overlay-opacity":"","overlay-gradient":""}},"ast-content-background-meta":{"desktop":{"background-color":"var(--ast-global-color-4)","background-image":"","background-repeat":"repeat","background-position":"center center","background-size":"auto","background-attachment":"scroll","background-type":"","background-media":"","overlay-type":"","overlay-color":"","overlay-opacity":"","overlay-gradient":""},"tablet":{"background-color":"var(--ast-global-color-4)","background-image":"","background-repeat":"repeat","background-position":"center center","background-size":"auto","background-attachment":"scroll","background-type":"","background-media":"","overlay-type":"","overlay-color":"","overlay-opacity":"","overlay-gradient":""},"mobile":{"background-color":"var(--ast-global-color-4)","background-image":"","background-repeat":"repeat","background-position":"center center","background-size":"auto","background-attachment":"scroll","background-type":"","background-media":"","overlay-type":"","overlay-color":"","overlay-opacity":"","overlay-gradient":""}}},"product_brand":[],"product_cat":[46,30],"product_tag":[122,123,124,75],"class_list":{"0":"post-1247","1":"product","2":"type-product","3":"status-publish","4":"has-post-thumbnail","6":"product_cat-30w","7":"product_cat-gan-charger","8":"product_tag-30w-pd-charger","9":"product_tag-30w-usb-c-charger","10":"product_tag-fast-charger-30w","11":"product_tag-usb-a-charger","12":"desktop-align-left","13":"tablet-align-left","14":"mobile-align-left","16":"first","17":"instock","18":"shipping-taxable","19":"product-type-simple"},"acf":[],"_links":{"self":[{"href":"https:\/\/szjialu.com\/de\/wp-json\/wp\/v2\/product\/1247","targetHints":{"allow":["GET"]}}],"collection":[{"href":"https:\/\/szjialu.com\/de\/wp-json\/wp\/v2\/product"}],"about":[{"href":"https:\/\/szjialu.com\/de\/wp-json\/wp\/v2\/types\/product"}],"replies":[{"embeddable":true,"href":"https:\/\/szjialu.com\/de\/wp-json\/wp\/v2\/comments?post=1247"}],"wp:featuredmedia":[{"embeddable":true,"href":"https:\/\/szjialu.com\/de\/wp-json\/wp\/v2\/media\/1249"}],"wp:attachment":[{"href":"https:\/\/szjialu.com\/de\/wp-json\/wp\/v2\/media?parent=1247"}],"wp:term":[{"taxonomy":"product_brand","embeddable":true,"href":"https:\/\/szjialu.com\/de\/wp-json\/wp\/v2\/product_brand?post=1247"},{"taxonomy":"product_cat","embeddable":true,"href":"https:\/\/szjialu.com\/de\/wp-json\/wp\/v2\/product_cat?post=1247"},{"taxonomy":"product_tag","embeddable":true,"href":"https:\/\/szjialu.com\/de\/wp-json\/wp\/v2\/product_tag?post=1247"}],"curies":[{"name":"wp","href":"https:\/\/api.w.org\/{rel}","templated":true}]}}