{"id":1233,"date":"2025-11-28T14:08:37","date_gmt":"2025-11-28T14:08:37","guid":{"rendered":"https:\/\/szjialu.com\/?post_type=product&#038;p=1233"},"modified":"2025-11-28T14:08:39","modified_gmt":"2025-11-28T14:08:39","slug":"120-w-desktop-netzteil-gq120a-2400500-e1","status":"publish","type":"product","link":"https:\/\/szjialu.com\/de\/product\/120w-desktop-adapter-gq120a-2400500-e1\/","title":{"rendered":"120-W-Desktop-Netzteil GQ120A-2400500-E1"},"content":{"rendered":"<h2 data-start=\"815\" data-end=\"836\">Produkt\u00fcbersicht<\/h2>\n<p data-start=\"838\" data-end=\"1257\">Der <strong data-start=\"842\" data-end=\"892\"><a href=\"https:\/\/szjialu.com\/de\/product-category\/netzteil\/desktop-netzteil\/\">120-W-Desktop-Adapter<\/a> (Modell GQ120A-2400500-E1)<\/strong> Dieses leistungsstarke AC\/DC-Netzteil ist f\u00fcr eine Vielzahl elektronischer Ger\u00e4te konzipiert \u2013 von Notebooks und Monitoren bis hin zu Kameras und Sicherheitssystemen. Es wurde mit Blick auf Zuverl\u00e4ssigkeit und Sicherheit entwickelt und liefert stabile Ausgangsspannungen und -str\u00f6me, unterst\u00fctzt diverse Schutzmechanismen und erf\u00fcllt internationale Zertifizierungsstandards.<\/p>\n<p data-start=\"1259\" data-end=\"1513\">Ob Sie ein Notebook, einen Monitor, eine \u00dcberwachungskamera oder andere elektronische Ger\u00e4te mit Strom versorgen m\u00f6chten \u2013 dieser Adapter bietet eine zuverl\u00e4ssige und effiziente L\u00f6sung. Dank seines kompakten Designs und der robusten Bauweise eignet er sich sowohl f\u00fcr private als auch f\u00fcr industrielle Anwendungen.<\/p>\n<h2 data-start=\"1520\" data-end=\"1537\">Spezifikationen<\/h2>\n<div class=\"_tableContainer_1rjym_1\">\n<div class=\"group _tableWrapper_1rjym_13 flex w-fit flex-col-reverse\" tabindex=\"-1\">\n<table class=\"w-fit min-w-(--thread-content-width)\" data-start=\"1539\" data-end=\"2415\">\n<thead data-start=\"1539\" data-end=\"1570\">\n<tr data-start=\"1539\" data-end=\"1570\">\n<th data-start=\"1539\" data-end=\"1555\" data-col-size=\"sm\"><strong data-start=\"1541\" data-end=\"1554\">Parameter<\/strong><\/th>\n<th data-start=\"1555\" data-end=\"1570\" data-col-size=\"md\"><strong data-start=\"1557\" data-end=\"1568\">Details<\/strong><\/th>\n<\/tr>\n<\/thead>\n<tbody data-start=\"1602\" data-end=\"2415\">\n<tr data-start=\"1602\" data-end=\"1638\">\n<td data-start=\"1602\" data-end=\"1617\" data-col-size=\"sm\">Modellnummer<\/td>\n<td data-start=\"1617\" data-end=\"1638\" data-col-size=\"md\">GQ120A-2400500-E1<\/td>\n<\/tr>\n<tr data-start=\"1639\" data-end=\"1678\">\n<td data-start=\"1639\" data-end=\"1654\" data-col-size=\"sm\">Produktname<\/td>\n<td data-col-size=\"md\" data-start=\"1654\" data-end=\"1678\">120-W-Desktop-Adapter<\/td>\n<\/tr>\n<tr data-start=\"1679\" data-end=\"1725\">\n<td data-start=\"1679\" data-end=\"1687\" data-col-size=\"sm\">Eingang<\/td>\n<td data-start=\"1687\" data-end=\"1725\" data-col-size=\"md\">Wechselstrom 90\u2013264 V, 50\/60 Hz, bis zu 2,0 A<\/td>\n<\/tr>\n<tr data-start=\"1726\" data-end=\"1770\">\n<td data-start=\"1726\" data-end=\"1735\" data-col-size=\"sm\">Ausgabe<\/td>\n<td data-col-size=\"md\" data-start=\"1735\" data-end=\"1770\">Gleichstrom 12 V, 10 A <strong data-start=\"1752\" data-end=\"1758\">oder<\/strong> 24 V, 5 A<\/td>\n<\/tr>\n<tr data-start=\"1771\" data-end=\"1801\">\n<td data-start=\"1771\" data-end=\"1786\" data-col-size=\"sm\">Ausgangsleistung<\/td>\n<td data-col-size=\"md\" data-start=\"1786\" data-end=\"1801\">120 W (max.)<\/td>\n<\/tr>\n<tr data-start=\"1802\" data-end=\"1845\">\n<td data-start=\"1802\" data-end=\"1809\" data-col-size=\"sm\">Typ<\/td>\n<td data-col-size=\"md\" data-start=\"1809\" data-end=\"1845\">AC\/DC-Netzteil (Desktop)<\/td>\n<\/tr>\n<tr data-start=\"1846\" data-end=\"1875\">\n<td data-start=\"1846\" data-end=\"1864\" data-col-size=\"sm\">Steckdosenstandard<\/td>\n<td data-col-size=\"md\" data-start=\"1864\" data-end=\"1875\">Desktop<\/td>\n<\/tr>\n<tr data-start=\"1876\" data-end=\"1949\">\n<td data-start=\"1876\" data-end=\"1896\" data-col-size=\"sm\">Unterst\u00fctzte Ger\u00e4te<\/td>\n<td data-col-size=\"md\" data-start=\"1896\" data-end=\"1949\">Notebooks, Displayger\u00e4te, Kameras, Video\u00fcberwachungssysteme usw.<\/td>\n<\/tr>\n<tr data-start=\"1950\" data-end=\"1991\">\n<td data-start=\"1950\" data-end=\"1961\" data-col-size=\"sm\">Material<\/td>\n<td data-col-size=\"md\" data-start=\"1961\" data-end=\"1991\">PC-Geh\u00e4use (Polycarbonat)<\/td>\n<\/tr>\n<tr data-start=\"1992\" data-end=\"2017\">\n<td data-start=\"1992\" data-end=\"2001\" data-col-size=\"sm\">Farben<\/td>\n<td data-start=\"2001\" data-end=\"2017\" data-col-size=\"md\">Schwarz, Wei\u00df<\/td>\n<\/tr>\n<tr data-start=\"2018\" data-end=\"2037\">\n<td data-start=\"2018\" data-end=\"2027\" data-col-size=\"sm\">Gewicht<\/td>\n<td data-start=\"2027\" data-end=\"2037\" data-col-size=\"md\">~130 g<\/td>\n<\/tr>\n<tr data-start=\"2038\" data-end=\"2066\">\n<td data-start=\"2038\" data-end=\"2048\" data-col-size=\"sm\">Verpackung<\/td>\n<td data-start=\"2048\" data-end=\"2066\" data-col-size=\"md\">PE-Beutelverpackung<\/td>\n<\/tr>\n<tr data-start=\"2067\" data-end=\"2159\">\n<td data-start=\"2067\" data-end=\"2081\" data-col-size=\"sm\">Schutzma\u00dfnahmen<\/td>\n<td data-col-size=\"md\" data-start=\"2081\" data-end=\"2159\">Kurzschluss-, \u00dcberspannungs-, \u00dcberstrom-, \u00dcberlast- und R\u00fcckflussschutz<\/td>\n<\/tr>\n<tr data-start=\"2160\" data-end=\"2185\">\n<td data-start=\"2160\" data-end=\"2179\" data-col-size=\"sm\">Effizienzniveau<\/td>\n<td data-col-size=\"md\" data-start=\"2179\" data-end=\"2185\">VI<\/td>\n<\/tr>\n<tr data-start=\"2186\" data-end=\"2278\">\n<td data-start=\"2186\" data-end=\"2203\" data-col-size=\"sm\">Zertifizierungen<\/td>\n<td data-start=\"2203\" data-end=\"2278\" data-col-size=\"md\">ETL, FCC, CE, GS, UKCA, SAA, PSE, KC (globale Sicherheits- und Konformit\u00e4tszeichen)<\/td>\n<\/tr>\n<tr data-start=\"2279\" data-end=\"2301\">\n<td data-start=\"2279\" data-end=\"2290\" data-col-size=\"sm\">Garantie<\/td>\n<td data-col-size=\"md\" data-start=\"2290\" data-end=\"2301\">2 Jahre<\/td>\n<\/tr>\n<tr data-start=\"2302\" data-end=\"2327\">\n<td data-start=\"2302\" data-end=\"2318\" data-col-size=\"sm\">Falltest<\/td>\n<td data-start=\"2318\" data-end=\"2327\" data-col-size=\"md\">1,5 m<\/td>\n<\/tr>\n<tr data-start=\"2328\" data-end=\"2372\">\n<td data-start=\"2328\" data-end=\"2352\" data-col-size=\"sm\">Betriebstemperatur<\/td>\n<td data-start=\"2352\" data-end=\"2372\" data-col-size=\"md\">\u201320 \u00b0C bis +55 \u00b0C<\/td>\n<\/tr>\n<tr data-start=\"2373\" data-end=\"2415\">\n<td data-start=\"2373\" data-end=\"2395\" data-col-size=\"sm\">Lagertemperatur<\/td>\n<td data-col-size=\"md\" data-start=\"2395\" data-end=\"2415\">\u201340 \u00b0C bis +70 \u00b0C<\/td>\n<\/tr>\n<\/tbody>\n<\/table>\n<\/div>\n<\/div>\n<figure id=\"attachment_1234\" aria-describedby=\"caption-attachment-1234\" style=\"width: 747px\" class=\"wp-caption alignnone\"><img fetchpriority=\"high\" decoding=\"async\" class=\"wp-image-1234\" src=\"https:\/\/szjialu.com\/wp-content\/uploads\/2025\/11\/0A8A4516-300x300.jpg\" alt=\"120-W-Desktop-Adapter\" width=\"747\" height=\"747\" srcset=\"https:\/\/szjialu.com\/wp-content\/uploads\/2025\/11\/0A8A4516-300x300.jpg 300w, https:\/\/szjialu.com\/wp-content\/uploads\/2025\/11\/0A8A4516-150x150.jpg 150w, https:\/\/szjialu.com\/wp-content\/uploads\/2025\/11\/0A8A4516-768x768.jpg 768w, https:\/\/szjialu.com\/wp-content\/uploads\/2025\/11\/0A8A4516-600x600.jpg 600w, https:\/\/szjialu.com\/wp-content\/uploads\/2025\/11\/0A8A4516-100x100.jpg 100w, https:\/\/szjialu.com\/wp-content\/uploads\/2025\/11\/0A8A4516-64x64.jpg 64w, https:\/\/szjialu.com\/wp-content\/uploads\/2025\/11\/0A8A4516.jpg 800w\" sizes=\"(max-width: 747px) 100vw, 747px\" \/><figcaption id=\"caption-attachment-1234\" class=\"wp-caption-text\">120-W-Desktop-Adapter<\/figcaption><\/figure>\n<h2 data-start=\"2422\" data-end=\"2445\">Wichtigste Verkaufsargumente<\/h2>\n<ol data-start=\"2447\" data-end=\"4654\">\n<li data-start=\"2447\" data-end=\"2701\">\n<p data-start=\"2450\" data-end=\"2496\"><strong data-start=\"2450\" data-end=\"2494\">Hohe Ausgangsleistung und Unterst\u00fctzung f\u00fcr zwei Spannungen<\/strong><\/p>\n<ul data-start=\"2500\" data-end=\"2701\">\n<li data-start=\"2500\" data-end=\"2701\">\n<p data-start=\"2502\" data-end=\"2701\">Angebote bis zu <strong data-start=\"2515\" data-end=\"2524\">120 W<\/strong> Leistung, mit w\u00e4hlbaren Ausg\u00e4ngen von <strong data-start=\"2562\" data-end=\"2575\">12 V 10 A<\/strong> oder <strong data-start=\"2579\" data-end=\"2591\">24 V 5 A<\/strong>, Dadurch ist es vielseitig einsetzbar f\u00fcr eine breite Palette von Ger\u00e4ten \u2013 von Laptops und Monitoren bis hin zu Kameras und Sicherheitssystemen.<\/p>\n<\/li>\n<\/ul>\n<\/li>\n<li data-start=\"2703\" data-end=\"2937\">\n<p data-start=\"2706\" data-end=\"2753\"><strong data-start=\"2706\" data-end=\"2751\">Globale Sicherheits- und Compliance-Zertifizierungen<\/strong><\/p>\n<ul data-start=\"2757\" data-end=\"2937\">\n<li data-start=\"2757\" data-end=\"2937\">\n<p data-start=\"2759\" data-end=\"2937\">Vollst\u00e4ndig zertifiziert mit <strong data-start=\"2780\" data-end=\"2820\">ETL, FCC, CE, GS, UKCA, SAA, PSE, KC<\/strong>, um die Einhaltung internationaler Sicherheits- und Regulierungsstandards zu gew\u00e4hrleisten \u2013 unerl\u00e4sslich f\u00fcr den weltweiten Vertrieb und die Anwendung.<\/p>\n<\/li>\n<\/ul>\n<\/li>\n<li data-start=\"2939\" data-end=\"3181\">\n<p data-start=\"2942\" data-end=\"2976\"><strong data-start=\"2942\" data-end=\"2974\">Robuste Schutzmechanismen<\/strong><\/p>\n<ul data-start=\"2980\" data-end=\"3181\">\n<li data-start=\"2980\" data-end=\"3181\">\n<p data-start=\"2982\" data-end=\"3181\">Eingebaute Schutzmechanismen wie <strong data-start=\"3011\" data-end=\"3093\">Kurzschluss-, \u00dcberspannungs-, \u00dcberstrom-, \u00dcberlast- und R\u00fcckflussschutz<\/strong> Sie helfen dabei, sowohl den Adapter als auch die angeschlossenen Ger\u00e4te vor elektrischen Fehlern oder Fehlbedienung zu sch\u00fctzen.<\/p>\n<\/li>\n<\/ul>\n<\/li>\n<li data-start=\"3183\" data-end=\"3382\">\n<p data-start=\"3186\" data-end=\"3216\"><strong data-start=\"3186\" data-end=\"3214\">Breiter Eingangsspannungsbereich<\/strong><\/p>\n<ul data-start=\"3220\" data-end=\"3382\">\n<li data-start=\"3220\" data-end=\"3382\">\n<p data-start=\"3222\" data-end=\"3382\">Eingabe von <strong data-start=\"3231\" data-end=\"3246\">90\u2013264 V Wechselstrom<\/strong> Unterst\u00fctzt weltweite Stromstandards \u2013 ideal f\u00fcr den globalen Versand oder den Einsatz in verschiedenen Regionen ohne Probleme mit der Spannungskompatibilit\u00e4t.<\/p>\n<\/li>\n<\/ul>\n<\/li>\n<li data-start=\"3384\" data-end=\"3627\">\n<p data-start=\"3387\" data-end=\"3429\"><strong data-start=\"3387\" data-end=\"3427\">Kompaktes, robustes und tragbares Design<\/strong><\/p>\n<ul data-start=\"3433\" data-end=\"3627\">\n<li data-start=\"3433\" data-end=\"3627\">\n<p data-start=\"3435\" data-end=\"3627\">Desktop-Formfaktor mit einem <strong data-start=\"3462\" data-end=\"3483\">Leichtgewicht 130 g<\/strong> Das robuste Geh\u00e4use aus Polycarbonat gew\u00e4hrleistet sowohl Mobilit\u00e4t als auch Langlebigkeit. Falltests aus 1,5 m H\u00f6he best\u00e4tigen die Zuverl\u00e4ssigkeit im t\u00e4glichen Gebrauch und beim Transport.<\/p>\n<\/li>\n<\/ul>\n<\/li>\n<li data-start=\"3629\" data-end=\"3832\">\n<p data-start=\"3632\" data-end=\"3677\"><strong data-start=\"3632\" data-end=\"3675\">Effizient und umweltbewusst<\/strong><\/p>\n<ul data-start=\"3681\" data-end=\"3832\">\n<li data-start=\"3681\" data-end=\"3832\">\n<p data-start=\"3683\" data-end=\"3832\">Trifft <strong data-start=\"3689\" data-end=\"3712\">Effizienzstufe VI<\/strong>, bietet eine energieeffiziente Stromumwandlung \u2013 vorteilhaft zur Reduzierung von Energieverschwendung und zur Verbesserung der langfristigen Zuverl\u00e4ssigkeit.<\/p>\n<\/li>\n<\/ul>\n<\/li>\n<li data-start=\"3834\" data-end=\"4069\">\n<p data-start=\"3837\" data-end=\"3877\"><strong data-start=\"3837\" data-end=\"3875\">Breiter Betriebstemperaturbereich<\/strong><\/p>\n<ul data-start=\"3881\" data-end=\"4069\">\n<li data-start=\"3881\" data-end=\"4069\">\n<p data-start=\"3883\" data-end=\"4069\">Funktioniert zwischen <strong data-start=\"3900\" data-end=\"3921\">\u201320 \u00b0C und +55 \u00b0C<\/strong>, und Gesch\u00e4fte zwischen <strong data-start=\"3942\" data-end=\"3963\">\u201340 \u00b0C und +70 \u00b0C<\/strong>, Dadurch eignet es sich f\u00fcr anspruchsvolle Eins\u00e4tze in wechselnden Umgebungen (z. B. Video\u00fcberwachung im Freien, industrielle Nutzung).<\/p>\n<\/li>\n<\/ul>\n<\/li>\n<li data-start=\"4071\" data-end=\"4654\">\n<p data-start=\"4074\" data-end=\"4123\"><strong data-start=\"4074\" data-end=\"4121\">Vertrauensw\u00fcrdiger Hersteller &amp; OEM\/ODM-Kapazit\u00e4ten<\/strong><\/p>\n<ul data-start=\"4127\" data-end=\"4654\">\n<li data-start=\"4127\" data-end=\"4456\">\n<p data-start=\"4129\" data-end=\"4456\">Hergestellt von Shenzhen Jialu Technology Co., Ltd. \u2013 einem in Shenzhen ans\u00e4ssigen Hersteller mit jahrzehntelanger Erfahrung im Bereich Netzteile. Das Unternehmen ist zertifiziert nach <strong data-start=\"4285\" data-end=\"4296\">ISO9001<\/strong>, <strong data-start=\"4298\" data-end=\"4310\">ISO14001<\/strong>, Und <strong data-start=\"4316\" data-end=\"4324\">BSCI<\/strong>, und unterstreichen damit ihr Engagement f\u00fcr Qualit\u00e4t, Umweltmanagement und soziale Verantwortung.<\/p>\n<\/li>\n<li data-start=\"4460\" data-end=\"4654\">\n<p data-start=\"4462\" data-end=\"4654\">Jialu bietet ein umfassendes Angebot <strong data-start=\"4480\" data-end=\"4514\">OEM\/ODM-Anpassungsdienste<\/strong>, Dadurch eignet sich dieser Adapter hervorragend f\u00fcr Eigenmarken und kundenspezifische Stromversorgungsprojekte.<\/p>\n<\/li>\n<\/ul>\n<\/li>\n<\/ol>\n<h2 data-start=\"4661\" data-end=\"4686\">Typische Anwendungen<\/h2>\n<ul data-start=\"4688\" data-end=\"5001\">\n<li data-start=\"4688\" data-end=\"4722\">\n<p data-start=\"4690\" data-end=\"4722\">Notebook-Computer und Laptops<\/p>\n<\/li>\n<li data-start=\"4723\" data-end=\"4755\">\n<p data-start=\"4725\" data-end=\"4755\">Monitore und Bildschirme<\/p>\n<\/li>\n<li data-start=\"4756\" data-end=\"4807\">\n<p data-start=\"4758\" data-end=\"4807\">CCTV-Kameras, DVRs und Sicherheitskamerasysteme<\/p>\n<\/li>\n<li data-start=\"4808\" data-end=\"4858\">\n<p data-start=\"4810\" data-end=\"4858\">B\u00fcroausstattung (Drucker, Router, Switches)<\/p>\n<\/li>\n<li data-start=\"4859\" data-end=\"4886\">\n<p data-start=\"4861\" data-end=\"4886\">Audio-\/Videoausr\u00fcstung<\/p>\n<\/li>\n<li data-start=\"4887\" data-end=\"4934\">\n<p data-start=\"4889\" data-end=\"4934\">Eingebettete Systeme und Industrieelektronik<\/p>\n<\/li>\n<li data-start=\"4935\" data-end=\"5001\">\n<p data-start=\"4937\" data-end=\"5001\">LED-Beleuchtung, kleine Motoren und andere Niederspannungs-Gleichstromger\u00e4te<\/p>\n<\/li>\n<\/ul>\n<h2 data-start=\"5008\" data-end=\"5060\">Warum Sie diesen Adapter w\u00e4hlen sollten \u2013 Der Unternehmensvorteil<\/h2>\n<p data-start=\"5062\" data-end=\"5560\">Mit dem 120-W-Desktop-Netzteil von Jialu profitieren Sie von mehr als nur einem Netzteil \u2013 Sie erhalten Zugang zu einem Hersteller mit nachgewiesener Zuverl\u00e4ssigkeit, Produktionskapazit\u00e4t und globaler Konformit\u00e4t. Shenzhen Jialu Technology betreibt ein <strong data-start=\"5300\" data-end=\"5335\">6.000 m\u00b2 gro\u00dfe Produktionsst\u00e4tte<\/strong>, besch\u00e4ftigt rund <strong data-start=\"5352\" data-end=\"5416\">300 Mitarbeiter (darunter mehr als 40 technische und Managementkr\u00e4fte)<\/strong>, und unterst\u00fctzt <strong data-start=\"5431\" data-end=\"5496\">monatliche Produktionskapazit\u00e4t von Hunderttausenden Einheiten<\/strong> f\u00fcr Bestellungen mit hohem Volumen.<\/p>\n<p data-start=\"5562\" data-end=\"5884\">Dar\u00fcber hinaus Jialus umfassende <strong data-start=\"5594\" data-end=\"5614\">OEM\/ODM-Dienstleistungen<\/strong> Sie (oder Ihre Marke) k\u00f6nnen individuelle Spezifikationen, Branding, Verpackung und Konfigurationen anfordern \u2013 dadurch ist dieser Adapter nicht nur ideal f\u00fcr Endanwender, sondern auch f\u00fcr Unternehmen, die nach Eigenmarken- oder ma\u00dfgeschneiderten Netzteilen suchen.<\/p>\n<p data-start=\"5886\" data-end=\"6266\">Schlie\u00dflich, indem man sich auf einen Lieferanten verl\u00e4sst, der <strong data-start=\"5924\" data-end=\"6001\">ISO 9001 (Qualit\u00e4t), ISO 14001 (Umwelt) und BSCI (soziale Compliance)<\/strong> Durch Zertifizierungen stellen Sie sicher, dass die Produktion internationalen Standards in Bezug auf Qualit\u00e4t, Umweltauswirkungen und ethische Arbeitspraktiken entspricht \u2013 ein bedeutender Vorteil, wenn Sie auf globalen M\u00e4rkten oder bei Kunden mit hohem Compliance-Bewusstsein verkaufen.<\/p>\n<h2 data-start=\"6273\" data-end=\"6281\">H\u00e4ufig gestellte Fragen<\/h2>\n<p data-start=\"6283\" data-end=\"6612\"><strong data-start=\"6283\" data-end=\"6347\">Frage 1: Mit welchen Ger\u00e4ten kann dieses 120-W-Desktop-Netzteil verwendet werden?<\/strong><br data-start=\"6347\" data-end=\"6350\" \/><strong data-start=\"6350\" data-end=\"6356\">A:<\/strong> Es eignet sich f\u00fcr eine breite Palette von Ger\u00e4ten, die eine 12V- oder 24V-Gleichstromversorgung bis zu 120W ben\u00f6tigen \u2013 darunter Notebooks, Monitore, CCTV-Kameras\/DVR-Systeme, Sicherheitskameras, LED-Beleuchtung, Router, Audio-\/Videoger\u00e4te und verschiedene industrielle oder eingebettete Elektronik.<\/p>\n<p data-start=\"6614\" data-end=\"6810\"><strong data-start=\"6614\" data-end=\"6670\">Frage 2: Unterst\u00fctzt dieser Adapter weltweite Netzspannungen?<\/strong><br data-start=\"6670\" data-end=\"6673\" \/><strong data-start=\"6673\" data-end=\"6679\">A:<\/strong> Ja. Der Eingangsspannungsbereich des Adapters betr\u00e4gt 90\u2013264 V Wechselstrom bei 50\/60 Hz, wodurch er mit dem Stromnetz in nahezu allen Regionen der Welt kompatibel ist.<\/p>\n<p data-start=\"6812\" data-end=\"7070\"><strong data-start=\"6812\" data-end=\"6879\">Frage 3: Ist das Produkt sicher und f\u00fcr den internationalen Verkauf zertifiziert?<\/strong><br data-start=\"6879\" data-end=\"6882\" \/><strong data-start=\"6882\" data-end=\"6888\">A:<\/strong> Ja. Es verf\u00fcgt \u00fcber international anerkannte Zertifizierungen: <strong data-start=\"6946\" data-end=\"6986\">ETL, FCC, CE, GS, UKCA, SAA, PSE, KC<\/strong> \u2014 erm\u00f6glicht die Einhaltung wichtiger Sicherheits- und Regulierungsstandards in den meisten M\u00e4rkten.<\/p>\n<p data-start=\"7072\" data-end=\"7349\"><strong data-start=\"7072\" data-end=\"7131\">Frage 4: Welche Schutzmechanismen bietet dieser Adapter?<\/strong><br data-start=\"7131\" data-end=\"7134\" \/><strong data-start=\"7134\" data-end=\"7140\">A:<\/strong> Der Adapter beinhaltet <strong data-start=\"7162\" data-end=\"7288\">Kurzschlussschutz, \u00dcberspannungsschutz, \u00dcberstromschutz, \u00dcberlastschutz und R\u00fcckflussverhinderung<\/strong> um sowohl das Netzteil als auch das angeschlossene Ger\u00e4t zu sch\u00fctzen.<\/p>\n<p data-start=\"7351\" data-end=\"7677\"><strong data-start=\"7351\" data-end=\"7428\">F5: Kann dieser Adapter angepasst oder umbenannt werden, wenn ich Wiederverk\u00e4ufer oder OEM bin?<\/strong><br data-start=\"7428\" data-end=\"7431\" \/><strong data-start=\"7431\" data-end=\"7437\">A:<\/strong> Ja. Der Hersteller (Shenzhen Jialu Technology) bietet vollen Service. <strong data-start=\"7500\" data-end=\"7520\">OEM\/ODM-Dienstleistungen<\/strong>, einschlie\u00dflich kundenspezifischer Etikettierung, Verpackung und Spezifikationsanpassung, um Ihren Marken- oder speziellen Anwendungsfallanforderungen gerecht zu werden.<\/p>\n<p data-start=\"7679\" data-end=\"7770\"><strong data-start=\"7679\" data-end=\"7713\">Frage 6: Welche Garantie wird gew\u00e4hrt?<\/strong><br data-start=\"7713\" data-end=\"7716\" \/><strong data-start=\"7716\" data-end=\"7722\">A:<\/strong> Der Adapter wird mit einem <strong data-start=\"7748\" data-end=\"7767\">2 Jahre Garantie<\/strong>.<\/p>\n<p data-start=\"7772\" data-end=\"7925\"><strong data-start=\"7772\" data-end=\"7834\">Frage 7: Welche Betriebs- und Lagertemperaturbereiche gibt es?<\/strong><br data-start=\"7834\" data-end=\"7837\" \/><strong data-start=\"7837\" data-end=\"7843\">A:<\/strong> Betriebstemperatur: \u201320 \u00b0C bis +55 \u00b0C. Lagertemperatur: \u201340 \u00b0C bis +70 \u00b0C.<\/p>","protected":false},"excerpt":{"rendered":"<p>Modellnummer: GQ120A-2400500-E1<\/p>\n<p>Produktname: 120-W-Desktop-Netzteil<\/p>\n<p>Eingang: Wechselstrom 90\u2013264 V, 50\/60 Hz, bis zu 2,0 A<\/p>\n<p>Ausgang: 12 V Gleichstrom, 10 A <strong data-start=\"1752\" data-end=\"1758\">oder<\/strong> 24 V, 5 A<\/p>\n<p>Ausgangsleistung: 120 W (max.)<\/p>\n<p>Typ: AC\/DC-Netzteil (Desktop)<\/p>\n<p>Sockelstandard: Desktop<\/p>\n<p>Unterst\u00fctzte Ger\u00e4te: Notebooks, Anzeigeger\u00e4te, Kameras, \u00dcberwachungskameras usw.<\/p>\n<p>Material: PC-Geh\u00e4use (Polycarbonat)<\/p>\n<p>Farben: Schwarz, Wei\u00df<\/p>\n<p>Gewicht: ca. 130 g<\/p>\n<p>Verpackung: PE-Beutel<\/p>","protected":false},"featured_media":1234,"comment_status":"closed","ping_status":"closed","template":"","meta":{"_acf_changed":false,"site-sidebar-layout":"default","site-content-layout":"","ast-site-content-layout":"default","site-content-style":"default","site-sidebar-style":"default","ast-global-header-display":"","ast-banner-title-visibility":"","ast-main-header-display":"","ast-hfb-above-header-display":"","ast-hfb-below-header-display":"","ast-hfb-mobile-header-display":"","site-post-title":"","ast-breadcrumbs-content":"","ast-featured-img":"","footer-sml-layout":"","ast-disable-related-posts":"","theme-transparent-header-meta":"default","adv-header-id-meta":"","stick-header-meta":"","header-above-stick-meta":"","header-main-stick-meta":"","header-below-stick-meta":"","astra-migrate-meta-layouts":"set","ast-page-background-enabled":"default","ast-page-background-meta":{"desktop":{"background-color":"var(--ast-global-color-5)","background-image":"","background-repeat":"repeat","background-position":"center center","background-size":"auto","background-attachment":"scroll","background-type":"","background-media":"","overlay-type":"","overlay-color":"","overlay-opacity":"","overlay-gradient":""},"tablet":{"background-color":"","background-image":"","background-repeat":"repeat","background-position":"center center","background-size":"auto","background-attachment":"scroll","background-type":"","background-media":"","overlay-type":"","overlay-color":"","overlay-opacity":"","overlay-gradient":""},"mobile":{"background-color":"","background-image":"","background-repeat":"repeat","background-position":"center center","background-size":"auto","background-attachment":"scroll","background-type":"","background-media":"","overlay-type":"","overlay-color":"","overlay-opacity":"","overlay-gradient":""}},"ast-content-background-meta":{"desktop":{"background-color":"var(--ast-global-color-4)","background-image":"","background-repeat":"repeat","background-position":"center center","background-size":"auto","background-attachment":"scroll","background-type":"","background-media":"","overlay-type":"","overlay-color":"","overlay-opacity":"","overlay-gradient":""},"tablet":{"background-color":"var(--ast-global-color-4)","background-image":"","background-repeat":"repeat","background-position":"center center","background-size":"auto","background-attachment":"scroll","background-type":"","background-media":"","overlay-type":"","overlay-color":"","overlay-opacity":"","overlay-gradient":""},"mobile":{"background-color":"var(--ast-global-color-4)","background-image":"","background-repeat":"repeat","background-position":"center center","background-size":"auto","background-attachment":"scroll","background-type":"","background-media":"","overlay-type":"","overlay-color":"","overlay-opacity":"","overlay-gradient":""}}},"product_brand":[],"product_cat":[54,32],"product_tag":[103,105,104,106],"class_list":{"0":"post-1233","1":"product","2":"type-product","3":"status-publish","4":"has-post-thumbnail","6":"product_cat-desktop-power-supply","7":"product_cat-power-adapter","8":"product_tag-120w-desktop-adapter","9":"product_tag-12v10a-ac-adaptor","10":"product_tag-24v5a-power-adaptor","11":"product_tag-ac-dc-power-adapter","12":"desktop-align-left","13":"tablet-align-left","14":"mobile-align-left","16":"first","17":"instock","18":"shipping-taxable","19":"product-type-simple"},"acf":[],"_links":{"self":[{"href":"https:\/\/szjialu.com\/de\/wp-json\/wp\/v2\/product\/1233","targetHints":{"allow":["GET"]}}],"collection":[{"href":"https:\/\/szjialu.com\/de\/wp-json\/wp\/v2\/product"}],"about":[{"href":"https:\/\/szjialu.com\/de\/wp-json\/wp\/v2\/types\/product"}],"replies":[{"embeddable":true,"href":"https:\/\/szjialu.com\/de\/wp-json\/wp\/v2\/comments?post=1233"}],"wp:featuredmedia":[{"embeddable":true,"href":"https:\/\/szjialu.com\/de\/wp-json\/wp\/v2\/media\/1234"}],"wp:attachment":[{"href":"https:\/\/szjialu.com\/de\/wp-json\/wp\/v2\/media?parent=1233"}],"wp:term":[{"taxonomy":"product_brand","embeddable":true,"href":"https:\/\/szjialu.com\/de\/wp-json\/wp\/v2\/product_brand?post=1233"},{"taxonomy":"product_cat","embeddable":true,"href":"https:\/\/szjialu.com\/de\/wp-json\/wp\/v2\/product_cat?post=1233"},{"taxonomy":"product_tag","embeddable":true,"href":"https:\/\/szjialu.com\/de\/wp-json\/wp\/v2\/product_tag?post=1233"}],"curies":[{"name":"wp","href":"https:\/\/api.w.org\/{rel}","templated":true}]}}