{"id":1229,"date":"2025-11-28T13:53:43","date_gmt":"2025-11-28T13:53:43","guid":{"rendered":"https:\/\/szjialu.com\/?post_type=product&#038;p=1229"},"modified":"2025-11-28T13:53:44","modified_gmt":"2025-11-28T13:53:44","slug":"45-w-pd-ladegerat-tr671cuk","status":"publish","type":"product","link":"https:\/\/szjialu.com\/de\/product\/45w-pd-charger-tr671cuk\/","title":{"rendered":"45W PD-Ladeger\u00e4t TR671CUK"},"content":{"rendered":"<h2 data-start=\"931\" data-end=\"952\">Produkt\u00fcbersicht<\/h2>\n<p data-start=\"954\" data-end=\"1432\">Der <strong data-start=\"958\" data-end=\"994\">45W PD-Ladeger\u00e4t (Modell: TR671CUK)<\/strong> Dieser vielseitige und hocheffiziente USB-C-Netzadapter wurde f\u00fcr moderne Ger\u00e4te wie Laptops, Notebooks, Tablets und Smartphones entwickelt. Dank seiner breiten Spannungskompatibilit\u00e4t (100\u2013240 V) und der Unterst\u00fctzung verschiedener PD\/PPS-Ausgangsprofile erm\u00f6glicht er zuverl\u00e4ssiges und schnelles Laden \u00fcberall. Seine kompakte und leichte Bauweise (ca. 79 g) sowie die robusten Schutzfunktionen machen ihn ideal f\u00fcr den t\u00e4glichen Gebrauch, auf Reisen oder als Standard-Ladeger\u00e4t im Lieferumfang von Ger\u00e4ten.<\/p>\n<p data-start=\"1434\" data-end=\"1829\">Das aus robustem Polycarbonat gefertigte Ladeger\u00e4t erf\u00fcllt zahlreiche internationale Zertifizierungen (ETL, CE, FCC, PSE, UKCA, KC, RoHS, REACH) und gew\u00e4hrleistet so h\u00f6chste Sicherheit und weltweite Konformit\u00e4t. Dank der hohen Fertigungsstandards und strengen Qualit\u00e4tskontrollen von Jialu Technology bietet dieses 45-W-PD-Ladeger\u00e4t Nutzern, die eine zuverl\u00e4ssige und global kompatible Ladel\u00f6sung suchen, absolute Sicherheit.<\/p>\n<h2 data-start=\"1836\" data-end=\"1855\">Spezifikationen<\/h2>\n<div class=\"_tableContainer_1rjym_1\">\n<div class=\"group _tableWrapper_1rjym_13 flex w-fit flex-col-reverse\" tabindex=\"-1\">\n<table class=\"w-fit min-w-(--thread-content-width)\" data-start=\"1857\" data-end=\"2664\">\n<thead data-start=\"1857\" data-end=\"1894\">\n<tr data-start=\"1857\" data-end=\"1894\">\n<th data-start=\"1857\" data-end=\"1873\" data-col-size=\"sm\"><strong data-start=\"1859\" data-end=\"1872\">Parameter<\/strong><\/th>\n<th data-start=\"1873\" data-end=\"1894\" data-col-size=\"lg\"><strong data-start=\"1875\" data-end=\"1892\">Spezifikation<\/strong><\/th>\n<\/tr>\n<\/thead>\n<tbody data-start=\"1931\" data-end=\"2664\">\n<tr data-start=\"1931\" data-end=\"1958\">\n<td data-start=\"1931\" data-end=\"1946\" data-col-size=\"sm\">Modellnummer<\/td>\n<td data-col-size=\"lg\" data-start=\"1946\" data-end=\"1958\">TR671CUK<\/td>\n<\/tr>\n<tr data-start=\"1959\" data-end=\"1997\">\n<td data-start=\"1959\" data-end=\"1977\" data-col-size=\"sm\">Herkunftsort<\/td>\n<td data-start=\"1977\" data-end=\"1997\" data-col-size=\"lg\">China (Festland)<\/td>\n<\/tr>\n<tr data-start=\"1998\" data-end=\"2039\">\n<td data-start=\"1998\" data-end=\"2006\" data-col-size=\"sm\">Eingang<\/td>\n<td data-start=\"2006\" data-end=\"2039\" data-col-size=\"lg\">100\u2013240 V Wechselstrom, 50\/60 Hz, 1,5 A<\/td>\n<\/tr>\n<tr data-start=\"2040\" data-end=\"2152\">\n<td data-start=\"2040\" data-end=\"2049\" data-col-size=\"sm\">Ausgabe<\/td>\n<td data-start=\"2049\" data-end=\"2152\" data-col-size=\"lg\">5V\/3A, 9V\/3A, 12V\/3A, 15V\/3A, 20V\/2,25A<br \/>\nPPS: 3,3\u201311 V bei 4,05 A oder 3,3\u201316 V bei 2,8 A<\/td>\n<\/tr>\n<tr data-start=\"2153\" data-end=\"2221\">\n<td data-start=\"2153\" data-end=\"2173\" data-col-size=\"sm\">Unterst\u00fctzte Ger\u00e4te<\/td>\n<td data-start=\"2173\" data-end=\"2221\" data-col-size=\"lg\">Laptop, Notebook, Tablet, Mobiltelefon usw.<\/td>\n<\/tr>\n<tr data-start=\"2222\" data-end=\"2247\">\n<td data-start=\"2222\" data-end=\"2231\" data-col-size=\"sm\">Farben<\/td>\n<td data-col-size=\"lg\" data-start=\"2231\" data-end=\"2247\">Schwarz, Wei\u00df<\/td>\n<\/tr>\n<tr data-start=\"2248\" data-end=\"2275\">\n<td data-start=\"2248\" data-end=\"2259\" data-col-size=\"sm\">Material<\/td>\n<td data-start=\"2259\" data-end=\"2275\" data-col-size=\"lg\">PC (Geh\u00e4use)<\/td>\n<\/tr>\n<tr data-start=\"2276\" data-end=\"2293\">\n<td data-start=\"2276\" data-end=\"2285\" data-col-size=\"sm\">Gewicht<\/td>\n<td data-start=\"2285\" data-end=\"2293\" data-col-size=\"lg\">79 g<\/td>\n<\/tr>\n<tr data-start=\"2294\" data-end=\"2428\">\n<td data-start=\"2294\" data-end=\"2307\" data-col-size=\"sm\">Schutz<\/td>\n<td data-start=\"2307\" data-end=\"2428\" data-col-size=\"lg\">Kurzschlussschutz, \u00dcberspannungsschutz, \u00dcberstromschutz, \u00dcberlastschutz, R\u00fcckflussschutz<\/td>\n<\/tr>\n<tr data-start=\"2429\" data-end=\"2461\">\n<td data-start=\"2429\" data-end=\"2449\" data-col-size=\"sm\">Effizienzbewertung<\/td>\n<td data-start=\"2449\" data-end=\"2461\" data-col-size=\"lg\">Stufe VI<\/td>\n<\/tr>\n<tr data-start=\"2462\" data-end=\"2523\">\n<td data-start=\"2462\" data-end=\"2479\" data-col-size=\"sm\">Zertifizierungen<\/td>\n<td data-start=\"2479\" data-end=\"2523\" data-col-size=\"lg\">ETL, CE, FCC, PSE, UKCA, KC, RoHS, REACH<\/td>\n<\/tr>\n<tr data-start=\"2524\" data-end=\"2545\">\n<td data-start=\"2524\" data-end=\"2535\" data-col-size=\"sm\">Garantie<\/td>\n<td data-col-size=\"lg\" data-start=\"2535\" data-end=\"2545\">1 Jahr<\/td>\n<\/tr>\n<tr data-start=\"2546\" data-end=\"2589\">\n<td data-start=\"2546\" data-end=\"2570\" data-col-size=\"sm\">Betriebstemperatur<\/td>\n<td data-col-size=\"lg\" data-start=\"2570\" data-end=\"2589\">\u201320 \u00b0C bis 55 \u00b0C<\/td>\n<\/tr>\n<tr data-start=\"2590\" data-end=\"2631\">\n<td data-start=\"2590\" data-end=\"2612\" data-col-size=\"sm\">Lagertemperatur<\/td>\n<td data-col-size=\"lg\" data-start=\"2612\" data-end=\"2631\">\u201340 \u00b0C bis 70 \u00b0C<\/td>\n<\/tr>\n<tr data-start=\"2632\" data-end=\"2664\">\n<td data-start=\"2632\" data-end=\"2644\" data-col-size=\"sm\">Verpackung<\/td>\n<td data-col-size=\"lg\" data-start=\"2644\" data-end=\"2664\">Einzelhandelsverpackung<\/td>\n<\/tr>\n<\/tbody>\n<\/table>\n<\/div>\n<\/div>\n<h2 data-start=\"2671\" data-end=\"2694\">Wichtigste Verkaufsargumente<\/h2>\n<ul data-start=\"2696\" data-end=\"3914\">\n<li data-start=\"2696\" data-end=\"2907\">\n<p data-start=\"2698\" data-end=\"2907\"><strong data-start=\"2698\" data-end=\"2729\">Breite Ger\u00e4tekompatibilit\u00e4t:<\/strong> Mit einem breiten PD\/PPS-Ausgangsbereich (5\u201320 V, verschiedene Stromst\u00e4rken) unterst\u00fctzt das Ladeger\u00e4t eine Vielzahl von Ger\u00e4ten \u2013 von Smartphones und Tablets bis hin zu Notebooks und vielen USB-C-Laptops.<\/p>\n<\/li>\n<li data-start=\"2908\" data-end=\"3032\">\n<p data-start=\"2910\" data-end=\"3032\"><strong data-start=\"2910\" data-end=\"2933\">Global einsetzbare Eingabe:<\/strong> Der 100\u2013240 V AC-Eingang erm\u00f6glicht einen sicheren Betrieb weltweit \u2013 n\u00fctzlich f\u00fcr Reisen oder den internationalen Einsatz.<\/p>\n<\/li>\n<li data-start=\"3033\" data-end=\"3176\">\n<p data-start=\"3035\" data-end=\"3176\"><strong data-start=\"3035\" data-end=\"3058\">Kompakt und tragbar:<\/strong> Mit einem Gewicht von nur ca. 79 g und einem schlanken PC-Geh\u00e4use ist das Ladeger\u00e4t leicht zu transportieren und ideal zum Laden unterwegs.<\/p>\n<\/li>\n<li data-start=\"3177\" data-end=\"3333\">\n<p data-start=\"3179\" data-end=\"3333\"><strong data-start=\"3179\" data-end=\"3203\">Sicherheit steht bei diesem Design an erster Stelle:<\/strong> Mehrere integrierte Schutzmechanismen (Kurzschluss, \u00dcberstrom, \u00dcberspannung, \u00dcberlastung, R\u00fcckfluss) tragen zum Schutz der angeschlossenen Ger\u00e4te bei.<\/p>\n<\/li>\n<li data-start=\"3334\" data-end=\"3543\">\n<p data-start=\"3336\" data-end=\"3543\"><strong data-start=\"3336\" data-end=\"3364\">Zertifiziert und konform:<\/strong> Mit den Kennzeichnungen ETL, CE, FCC, PSE, UKCA, KC, RoHS und REACH erf\u00fcllt das Ladeger\u00e4t internationale Sicherheits- und Umweltstandards \u2013 was die Marktakzeptanz und die Einhaltung der Exportbestimmungen erleichtert.<\/p>\n<\/li>\n<li data-start=\"3544\" data-end=\"3670\">\n<p data-start=\"3546\" data-end=\"3670\"><strong data-start=\"3546\" data-end=\"3567\">Energieeffizient:<\/strong> Effizienzklasse VI \u2013 das bedeutet weniger Energieverlust und geringere W\u00e4rmeentwicklung beim Ladevorgang.<\/p>\n<\/li>\n<li data-start=\"3671\" data-end=\"3914\">\n<p data-start=\"3673\" data-end=\"3914\"><strong data-start=\"3673\" data-end=\"3707\">Qualit\u00e4tssicherung in der Fertigung:<\/strong> Hergestellt von Jialu Technology unter strenger Qualit\u00e4tskontrolle, mit nachvollziehbaren Zertifizierungen, einheitlichen Fertigungspraktiken und einer zuverl\u00e4ssigen Lieferkette \u2013 was Stabilit\u00e4t und Verl\u00e4sslichkeit f\u00fcr die K\u00e4ufer gew\u00e4hrleistet.<\/p>\n<\/li>\n<\/ul>\n<figure id=\"attachment_1232\" aria-describedby=\"caption-attachment-1232\" style=\"width: 538px\" class=\"wp-caption alignnone\"><img fetchpriority=\"high\" decoding=\"async\" class=\"wp-image-1232\" src=\"https:\/\/szjialu.com\/wp-content\/uploads\/2025\/11\/\u8be6\u60c5_01-11-218x300.jpg\" alt=\"45-W-PD-Ladeger\u00e4t\" width=\"538\" height=\"740\" srcset=\"https:\/\/szjialu.com\/wp-content\/uploads\/2025\/11\/\u8be6\u60c5_01-11-218x300.jpg 218w, https:\/\/szjialu.com\/wp-content\/uploads\/2025\/11\/\u8be6\u60c5_01-11-744x1024.jpg 744w, https:\/\/szjialu.com\/wp-content\/uploads\/2025\/11\/\u8be6\u60c5_01-11-768x1057.jpg 768w, https:\/\/szjialu.com\/wp-content\/uploads\/2025\/11\/\u8be6\u60c5_01-11-600x826.jpg 600w, https:\/\/szjialu.com\/wp-content\/uploads\/2025\/11\/\u8be6\u60c5_01-11-64x88.jpg 64w, https:\/\/szjialu.com\/wp-content\/uploads\/2025\/11\/\u8be6\u60c5_01-11.jpg 800w\" sizes=\"(max-width: 538px) 100vw, 538px\" \/><figcaption id=\"caption-attachment-1232\" class=\"wp-caption-text\">45-W-PD-Ladeger\u00e4t<\/figcaption><\/figure>\n<h2 data-start=\"3921\" data-end=\"3938\">Anwendungen<\/h2>\n<ul data-start=\"3940\" data-end=\"4619\">\n<li data-start=\"3940\" data-end=\"4038\">\n<p data-start=\"3942\" data-end=\"4038\">Laden <strong data-start=\"3951\" data-end=\"3976\">Laptops und Notebooks<\/strong> (USB-C PD Notebooks, Ultrabooks), wenn \u2264 45 W ausreichend sind.<\/p>\n<\/li>\n<li data-start=\"4039\" data-end=\"4108\">\n<p data-start=\"4041\" data-end=\"4108\">Laden <strong data-start=\"4050\" data-end=\"4084\">Tablets und Ger\u00e4te der iPad-Klasse<\/strong> die USB-C PD akzeptieren.<\/p>\n<\/li>\n<li data-start=\"4109\" data-end=\"4233\">\n<p data-start=\"4111\" data-end=\"4233\">Laden <strong data-start=\"4120\" data-end=\"4154\">Smartphones und mobile Ger\u00e4te<\/strong> \u2014 einschlie\u00dflich PD\/PPS-Smartphones, die von schnellerem und effizienterem Laden profitieren.<\/p>\n<\/li>\n<li data-start=\"4234\" data-end=\"4369\">\n<p data-start=\"4236\" data-end=\"4369\">Verwenden Sie es als <strong data-start=\"4245\" data-end=\"4263\">Reiseladeger\u00e4t<\/strong> (Globale Eingangsspannung, kompakte Gr\u00f6\u00dfe) \u2014 ideal f\u00fcr Remote-Mitarbeiter, Vielreisende oder Gesch\u00e4ftsreisende.<\/p>\n<\/li>\n<li data-start=\"4370\" data-end=\"4495\">\n<p data-start=\"4372\" data-end=\"4495\">Verwenden Sie es als <strong data-start=\"4381\" data-end=\"4402\">Universalladeger\u00e4t<\/strong> in Betrieben, B\u00fcros, Studentenwohnheimen \u2013 wodurch der Bedarf an mehreren Ladeger\u00e4ten f\u00fcr verschiedene Ger\u00e4te reduziert wird.<\/p>\n<\/li>\n<li data-start=\"4496\" data-end=\"4619\">\n<p data-start=\"4498\" data-end=\"4619\">Geeignet zur Integration in OEM\/ODM-Ger\u00e4tepakete oder Einzelhandelsverpackungen (z. B. Unterhaltungselektronik, Zubeh\u00f6rsets).<\/p>\n<\/li>\n<\/ul>\n<h2 data-start=\"4626\" data-end=\"4634\">H\u00e4ufig gestellte Fragen<\/h2>\n<p data-start=\"4636\" data-end=\"4942\"><strong data-start=\"4636\" data-end=\"4685\">F: Kann dieses 45-W-PD-Ladeger\u00e4t meinen Laptop mit Strom versorgen?<\/strong><br data-start=\"4685\" data-end=\"4688\" \/>A: Das h\u00e4ngt vom Strombedarf Ihres Laptops ab. Wenn Ihr Laptop USB-C Power Delivery (PD) unterst\u00fctzt und 45 W (oder weniger) ben\u00f6tigt \u2013 oder 20 V bei bis zu ca. 2,25 A akzeptiert \u2013 dann ja. Bei Laptops mit h\u00f6herem Stromverbrauch (\u00fcber 45 W) sollten Sie ein Netzteil mit h\u00f6herer Wattzahl in Betracht ziehen.<\/p>\n<p data-start=\"4944\" data-end=\"5212\"><strong data-start=\"4944\" data-end=\"5003\">F: Kann ich es gleichzeitig mit Smartphone und Tablet verwenden?<\/strong><br data-start=\"5003\" data-end=\"5006\" \/>A: Ja \u2013 viele PD-f\u00e4hige Ger\u00e4te (Smartphones, Tablets, kleine Laptops) werden unterst\u00fctzt. Beim gleichzeitigen Laden mehrerer Ger\u00e4te ist die Gesamtleistung jedoch auf 45 W begrenzt, wodurch sich die Ladegeschwindigkeit pro Ger\u00e4t verringern kann.<\/p>\n<p data-start=\"5214\" data-end=\"5521\"><strong data-start=\"5214\" data-end=\"5277\">F: Ist das Ladeger\u00e4t sicher und entspricht es internationalen Standards?<\/strong><br data-start=\"5277\" data-end=\"5280\" \/>A: Ja. Das Ladeger\u00e4t verf\u00fcgt \u00fcber zahlreiche internationale Sicherheits- und Konformit\u00e4tszertifizierungen (ETL, CE, FCC, PSE, UKCA, KC, RoHS, REACH) und beinhaltet eingebaute Schutzmechanismen (Kurzschluss, \u00dcberspannung, \u00dcberstrom, \u00dcberlastung, R\u00fcckfluss).<\/p>\n<p data-start=\"5523\" data-end=\"5806\"><strong data-start=\"5523\" data-end=\"5564\">F: Welche Ger\u00e4te kann ich damit aufladen?<\/strong><br data-start=\"5564\" data-end=\"5567\" \/>A: Sie k\u00f6nnen USB-C PD-kompatible Laptops, Notebooks, Ultrabooks, Tablets, Smartphones und andere USB-C-Ger\u00e4te (z. B. tragbare Konsolen, einige Peripherieger\u00e4te) aufladen, solange deren Stromaufnahme die Ausgangsleistung des Ladeger\u00e4ts nicht \u00fcbersteigt.<\/p>\n<p data-start=\"5808\" data-end=\"6079\"><strong data-start=\"5808\" data-end=\"5854\">F: Welche Garantie und welchen Support werden angeboten?<\/strong><br data-start=\"5854\" data-end=\"5857\" \/>A: Das Produkt wird mit einem <strong data-start=\"5885\" data-end=\"5904\">1 Jahr Garantie<\/strong>. Da das Produkt von Jialu Technology hergestellt wird, profitieren K\u00e4ufer m\u00f6glicherweise auch von der OEM\/ODM-Unterst\u00fctzung des Unternehmens und der Einhaltung der globalen Exportbestimmungen \u2013 was insbesondere bei Gro\u00dfbestellungen oder Branding von Vorteil ist.<\/p>\n<h2 data-start=\"6086\" data-end=\"6137\">Vorteil von Jialu Technology (Hersteller)<\/h2>\n<p data-start=\"6139\" data-end=\"6355\">Einer der gr\u00f6\u00dften Vorteile von Jialu Technology \u2013 dem Hersteller dieses 45-W-PD-Ladeger\u00e4ts \u2013 ist deren <strong data-start=\"6234\" data-end=\"6352\">Zertifizierte Fertigungskapazit\u00e4ten im industriellen Ma\u00dfstab, kombiniert mit einem starken Qualit\u00e4tsmanagement und globaler Konformit\u00e4t<\/strong>.<\/p>\n<ul data-start=\"6357\" data-end=\"7526\">\n<li data-start=\"6357\" data-end=\"6699\">\n<p data-start=\"6359\" data-end=\"6699\">Jialu verf\u00fcgt \u00fcber anerkannte Qualit\u00e4ts- und Compliance-Zertifizierungen: ISO 9001 (Qualit\u00e4tsmanagement), ISO 14001 (Umweltmanagement) und BSCI (Business Social Compliance), was ihr Engagement f\u00fcr gleichbleibende Qualit\u00e4t, umweltvertr\u00e4gliche Praktiken und sozialvertr\u00e4gliche Gesch\u00e4ftst\u00e4tigkeit unterstreicht.<\/p>\n<\/li>\n<li data-start=\"6700\" data-end=\"6928\">\n<p data-start=\"6702\" data-end=\"6928\">Ihre Produktionsst\u00e4tte erstreckt sich \u00fcber ungef\u00e4hr <strong data-start=\"6745\" data-end=\"6757\">6.000 m\u00b2<\/strong>, mit rund 300 Mitarbeitern (darunter mehr als 40 leitende technische und Management-Mitarbeiter), was eine erhebliche Produktionskapazit\u00e4t zur Deckung der weltweiten Nachfrage erm\u00f6glicht.<\/p>\n<\/li>\n<li data-start=\"6929\" data-end=\"7277\">\n<p data-start=\"6931\" data-end=\"7277\">Jialu nutzt automatisierte Produktionslinien (automatische Leistungspr\u00fcfsysteme, automatische Alterungssysteme), wodurch menschliche Fehler reduziert, die Konsistenz verbessert, die Fehlerraten gesenkt (die Ausfallrate liegt Berichten zufolge unter 1 PPM) und die Kosteneffizienz gesteigert wird \u2013 wodurch qualitativ hochwertige Ladeger\u00e4te zu wettbewerbsf\u00e4higen Preisen angeboten werden.<\/p>\n<\/li>\n<li data-start=\"7278\" data-end=\"7526\">\n<p data-start=\"7280\" data-end=\"7526\">Ihre Erfahrung mit OEM\/ODM-Dienstleistungen erm\u00f6glicht individuelle Anpassungen \u2013 von Spezifikationen \u00fcber Branding bis hin zur Verpackung \u2013 und macht sie zu einem starken Partner f\u00fcr Einzelh\u00e4ndler, Marken oder Unternehmen, die Ladeger\u00e4te unter Eigenmarken w\u00fcnschen.<\/p>\n<\/li>\n<\/ul>\n<p data-start=\"7528\" data-end=\"7929\">Dank dieser St\u00e4rken ist ein Ladeger\u00e4t wie das 45-W-PD-Ladeger\u00e4t (TR671CUK) kein gew\u00f6hnliches Standardprodukt: Es steht f\u00fcr ein Produkt, das nach strengen Standards gefertigt wird und sich durch globale Konformit\u00e4t, Zuverl\u00e4ssigkeit und eine stabile Lieferkette auszeichnet. Das macht es zu einer vertrauensw\u00fcrdigen Wahl \u2013 nicht nur f\u00fcr Endverbraucher, sondern auch f\u00fcr Unternehmen, die eine stabile Beschaffung, einen sicheren Vertrieb oder Private-Label-Partnerschaften suchen.<\/p>","protected":false},"excerpt":{"rendered":"<p>Modellnummer: TR671CUK<\/p>\n<p>Herkunftsort: China (Festland)<\/p>\n<p>Eingang: 100\u2013240 V Wechselstrom, 50\/60 Hz, 1,5 A<\/p>\n<p>Ausgang: 5 V\/3 A, 9 V\/3 A, 12 V\/3 A, 15 V\/3 A, 20 V\/2,25 A<br \/>\nPPS: 3,3\u201311 V bei 4,05 A oder 3,3\u201316 V bei 2,8 A<\/p>\n<p>Unterst\u00fctzte Ger\u00e4te: Laptop, Notebook, Tablet, Mobiltelefon usw.<\/p>\n<p>Farben: Schwarz, Wei\u00df<\/p>\n<p>Material: PC (Geh\u00e4use)<\/p>\n<p>Gewicht: 79 g<\/p>\n<p>Schutzfunktionen: Kurzschlussschutz, \u00dcberspannungsschutz, \u00dcberstromschutz, \u00dcberlastschutz, R\u00fcckflussschutz<\/p>\n<p>Effizienzbewertung: Stufe VI<\/p>\n<p>Zertifizierungen: ETL, CE, FCC, PSE, UKCA, KC, RoHS, REACH<\/p>","protected":false},"featured_media":1230,"comment_status":"closed","ping_status":"closed","template":"","meta":{"_acf_changed":false,"site-sidebar-layout":"default","site-content-layout":"","ast-site-content-layout":"default","site-content-style":"default","site-sidebar-style":"default","ast-global-header-display":"","ast-banner-title-visibility":"","ast-main-header-display":"","ast-hfb-above-header-display":"","ast-hfb-below-header-display":"","ast-hfb-mobile-header-display":"","site-post-title":"","ast-breadcrumbs-content":"","ast-featured-img":"","footer-sml-layout":"","ast-disable-related-posts":"","theme-transparent-header-meta":"default","adv-header-id-meta":"","stick-header-meta":"","header-above-stick-meta":"","header-main-stick-meta":"","header-below-stick-meta":"","astra-migrate-meta-layouts":"set","ast-page-background-enabled":"default","ast-page-background-meta":{"desktop":{"background-color":"var(--ast-global-color-5)","background-image":"","background-repeat":"repeat","background-position":"center center","background-size":"auto","background-attachment":"scroll","background-type":"","background-media":"","overlay-type":"","overlay-color":"","overlay-opacity":"","overlay-gradient":""},"tablet":{"background-color":"","background-image":"","background-repeat":"repeat","background-position":"center center","background-size":"auto","background-attachment":"scroll","background-type":"","background-media":"","overlay-type":"","overlay-color":"","overlay-opacity":"","overlay-gradient":""},"mobile":{"background-color":"","background-image":"","background-repeat":"repeat","background-position":"center center","background-size":"auto","background-attachment":"scroll","background-type":"","background-media":"","overlay-type":"","overlay-color":"","overlay-opacity":"","overlay-gradient":""}},"ast-content-background-meta":{"desktop":{"background-color":"var(--ast-global-color-4)","background-image":"","background-repeat":"repeat","background-position":"center center","background-size":"auto","background-attachment":"scroll","background-type":"","background-media":"","overlay-type":"","overlay-color":"","overlay-opacity":"","overlay-gradient":""},"tablet":{"background-color":"var(--ast-global-color-4)","background-image":"","background-repeat":"repeat","background-position":"center center","background-size":"auto","background-attachment":"scroll","background-type":"","background-media":"","overlay-type":"","overlay-color":"","overlay-opacity":"","overlay-gradient":""},"mobile":{"background-color":"var(--ast-global-color-4)","background-image":"","background-repeat":"repeat","background-position":"center center","background-size":"auto","background-attachment":"scroll","background-type":"","background-media":"","overlay-type":"","overlay-color":"","overlay-opacity":"","overlay-gradient":""}}},"product_brand":[],"product_cat":[30,47],"product_tag":[88,93,90,94],"class_list":{"0":"post-1229","1":"product","2":"type-product","3":"status-publish","4":"has-post-thumbnail","6":"product_cat-gan-charger","7":"product_cat-45w","8":"product_tag-45w-pd-charger","9":"product_tag-45w-type-c-adapter","10":"product_tag-45w-type-c-charger","11":"product_tag-45w-usb-c-pd-charger","12":"desktop-align-left","13":"tablet-align-left","14":"mobile-align-left","16":"first","17":"instock","18":"shipping-taxable","19":"product-type-simple"},"acf":[],"_links":{"self":[{"href":"https:\/\/szjialu.com\/de\/wp-json\/wp\/v2\/product\/1229","targetHints":{"allow":["GET"]}}],"collection":[{"href":"https:\/\/szjialu.com\/de\/wp-json\/wp\/v2\/product"}],"about":[{"href":"https:\/\/szjialu.com\/de\/wp-json\/wp\/v2\/types\/product"}],"replies":[{"embeddable":true,"href":"https:\/\/szjialu.com\/de\/wp-json\/wp\/v2\/comments?post=1229"}],"wp:featuredmedia":[{"embeddable":true,"href":"https:\/\/szjialu.com\/de\/wp-json\/wp\/v2\/media\/1230"}],"wp:attachment":[{"href":"https:\/\/szjialu.com\/de\/wp-json\/wp\/v2\/media?parent=1229"}],"wp:term":[{"taxonomy":"product_brand","embeddable":true,"href":"https:\/\/szjialu.com\/de\/wp-json\/wp\/v2\/product_brand?post=1229"},{"taxonomy":"product_cat","embeddable":true,"href":"https:\/\/szjialu.com\/de\/wp-json\/wp\/v2\/product_cat?post=1229"},{"taxonomy":"product_tag","embeddable":true,"href":"https:\/\/szjialu.com\/de\/wp-json\/wp\/v2\/product_tag?post=1229"}],"curies":[{"name":"wp","href":"https:\/\/api.w.org\/{rel}","templated":true}]}}