{"id":1218,"date":"2025-11-26T09:06:09","date_gmt":"2025-11-26T09:06:09","guid":{"rendered":"https:\/\/szjialu.com\/?post_type=product&#038;p=1218"},"modified":"2025-11-26T09:06:10","modified_gmt":"2025-11-26T09:06:10","slug":"45w-pd-ladegerat-tr671ceu","status":"publish","type":"product","link":"https:\/\/szjialu.com\/de\/product\/45w-pd-charger-tr671ceu\/","title":{"rendered":"45W PD-Ladeger\u00e4t TR671CEU"},"content":{"rendered":"<h2 data-start=\"928\" data-end=\"947\">Produkt\u00fcbersicht<\/h2>\n<p data-start=\"949\" data-end=\"1372\">Der <strong data-start=\"953\" data-end=\"988\"><a href=\"https:\/\/szjialu.com\/de\/product\/45w-pd-ladegerat-tr671ckr\/\">45-W-PD-Ladeger\u00e4t<\/a> (Modell TR671CEU)<\/strong> Dieses vielseitige, kompakte und effiziente USB-C-Ladeger\u00e4t wurde entwickelt, um den Strombedarf moderner Ger\u00e4te \u2013 von Laptops und Notebooks bis hin zu Tablets und Smartphones \u2013 zu decken. Dank weltweiter Unterst\u00fctzung von 100\u2013240 V Wechselstrom, breiten PD\/PPS-Ausgangsprofilen und seinem leichten, reisefreundlichen Design bietet es eine zuverl\u00e4ssige, sichere und universelle Ladel\u00f6sung, egal ob zu Hause, im B\u00fcro oder unterwegs.<\/p>\n<p data-start=\"1374\" data-end=\"1691\">Dieses Ladeger\u00e4t ist aus hochwertigen PC-Materialien gefertigt und nach internationalen Sicherheitsstandards zertifiziert. Es vereint Komfort und Leistung und bietet gleichzeitig Schutz vor \u00dcberstrom, \u00dcberspannung, Kurzschluss, \u00dcberlastung und R\u00fcckstrom \u2013 was es zu einer zuverl\u00e4ssigen Wahl sowohl f\u00fcr den t\u00e4glichen Gebrauch als auch f\u00fcr OEM-H\u00e4ndler macht.<\/p>\n<h2 data-start=\"1698\" data-end=\"1715\">Spezifikationen<\/h2>\n<div class=\"_tableContainer_1rjym_1\">\n<div class=\"group _tableWrapper_1rjym_13 flex w-fit flex-col-reverse\" tabindex=\"-1\">\n<table class=\"w-fit min-w-(--thread-content-width)\" data-start=\"1717\" data-end=\"2542\">\n<thead data-start=\"1717\" data-end=\"1744\">\n<tr data-start=\"1717\" data-end=\"1744\">\n<th data-start=\"1717\" data-end=\"1733\" data-col-size=\"sm\">Spezifikation<\/th>\n<th data-start=\"1733\" data-end=\"1744\" data-col-size=\"lg\">Details<\/th>\n<\/tr>\n<\/thead>\n<tbody data-start=\"1772\" data-end=\"2542\">\n<tr data-start=\"1772\" data-end=\"1809\">\n<td data-start=\"1772\" data-end=\"1791\" data-col-size=\"sm\"><strong data-start=\"1774\" data-end=\"1790\">Produktname<\/strong><\/td>\n<td data-col-size=\"lg\" data-start=\"1791\" data-end=\"1809\">45-W-PD-Ladeger\u00e4t<\/td>\n<\/tr>\n<tr data-start=\"1810\" data-end=\"1841\">\n<td data-start=\"1810\" data-end=\"1829\" data-col-size=\"sm\"><strong data-start=\"1812\" data-end=\"1828\">Modellnummer<\/strong><\/td>\n<td data-col-size=\"lg\" data-start=\"1829\" data-end=\"1841\">TR671CEU<\/td>\n<\/tr>\n<tr data-start=\"1842\" data-end=\"1884\">\n<td data-start=\"1842\" data-end=\"1864\" data-col-size=\"sm\"><strong data-start=\"1844\" data-end=\"1863\">Herkunftsort<\/strong><\/td>\n<td data-col-size=\"lg\" data-start=\"1864\" data-end=\"1884\">China (Festland)<\/td>\n<\/tr>\n<tr data-start=\"1885\" data-end=\"1930\">\n<td data-start=\"1885\" data-end=\"1897\" data-col-size=\"sm\"><strong data-start=\"1887\" data-end=\"1896\">Eingang<\/strong><\/td>\n<td data-col-size=\"lg\" data-start=\"1897\" data-end=\"1930\">100\u2013240 V Wechselstrom, 50\/60 Hz, 1,5 A<\/td>\n<\/tr>\n<tr data-start=\"1931\" data-end=\"2053\">\n<td data-start=\"1931\" data-end=\"1944\" data-col-size=\"sm\"><strong data-start=\"1933\" data-end=\"1943\">Ausgabe<\/strong><\/td>\n<td data-start=\"1944\" data-end=\"2053\" data-col-size=\"lg\">5 V \/ 3 A, 9 V \/ 3 A, 12 V \/ 3 A, 15 V \/ 3 A, 20 V \/ 2,25 A<br \/>\nPPS: 3,3\u201311 V bei 4,05 A, 3,3\u201316 V bei 2,8 A<\/td>\n<\/tr>\n<tr data-start=\"2054\" data-end=\"2092\">\n<td data-start=\"2054\" data-end=\"2069\" data-col-size=\"sm\"><strong data-start=\"2056\" data-end=\"2068\">Material<\/strong><\/td>\n<td data-col-size=\"lg\" data-start=\"2069\" data-end=\"2092\">PC (feuerfest)<\/td>\n<\/tr>\n<tr data-start=\"2093\" data-end=\"2114\">\n<td data-start=\"2093\" data-end=\"2106\" data-col-size=\"sm\"><strong data-start=\"2095\" data-end=\"2105\">Gewicht<\/strong><\/td>\n<td data-col-size=\"lg\" data-start=\"2106\" data-end=\"2114\">79 g<\/td>\n<\/tr>\n<tr data-start=\"2115\" data-end=\"2144\">\n<td data-start=\"2115\" data-end=\"2128\" data-col-size=\"sm\"><strong data-start=\"2117\" data-end=\"2127\">Farben<\/strong><\/td>\n<td data-start=\"2128\" data-end=\"2144\" data-col-size=\"lg\">Schwarz, Wei\u00df<\/td>\n<\/tr>\n<tr data-start=\"2145\" data-end=\"2291\">\n<td data-start=\"2145\" data-end=\"2171\" data-col-size=\"sm\"><strong data-start=\"2147\" data-end=\"2170\">Schutzfunktionen<\/strong><\/td>\n<td data-col-size=\"lg\" data-start=\"2171\" data-end=\"2291\">Kurzschlussschutz, \u00dcberspannungsschutz, \u00dcberstromschutz, \u00dcberlastschutz, R\u00fcckflussschutz<\/td>\n<\/tr>\n<tr data-start=\"2292\" data-end=\"2321\">\n<td data-start=\"2292\" data-end=\"2315\" data-col-size=\"sm\"><strong data-start=\"2294\" data-end=\"2314\">Effizienzniveau<\/strong><\/td>\n<td data-col-size=\"lg\" data-start=\"2315\" data-end=\"2321\">VI<\/td>\n<\/tr>\n<tr data-start=\"2322\" data-end=\"2387\">\n<td data-start=\"2322\" data-end=\"2343\" data-col-size=\"sm\"><strong data-start=\"2324\" data-end=\"2342\">Zertifizierungen<\/strong><\/td>\n<td data-col-size=\"lg\" data-start=\"2343\" data-end=\"2387\">ETL, CE, FCC, PSE, UKCA, KC, RoHS, REACH<\/td>\n<\/tr>\n<tr data-start=\"2388\" data-end=\"2435\">\n<td data-start=\"2388\" data-end=\"2416\" data-col-size=\"sm\"><strong data-start=\"2390\" data-end=\"2415\">Betriebstemperatur<\/strong><\/td>\n<td data-col-size=\"lg\" data-start=\"2416\" data-end=\"2435\">\u201320 \u00b0C bis 55 \u00b0C<\/td>\n<\/tr>\n<tr data-start=\"2436\" data-end=\"2481\">\n<td data-start=\"2436\" data-end=\"2462\" data-col-size=\"sm\"><strong data-start=\"2438\" data-end=\"2461\">Lagertemperatur<\/strong><\/td>\n<td data-start=\"2462\" data-end=\"2481\" data-col-size=\"lg\">\u201340 \u00b0C bis 70 \u00b0C<\/td>\n<\/tr>\n<tr data-start=\"2482\" data-end=\"2507\">\n<td data-start=\"2482\" data-end=\"2497\" data-col-size=\"sm\"><strong data-start=\"2484\" data-end=\"2496\">Garantie<\/strong><\/td>\n<td data-start=\"2497\" data-end=\"2507\" data-col-size=\"lg\">1 Jahr<\/td>\n<\/tr>\n<tr data-start=\"2508\" data-end=\"2542\">\n<td data-start=\"2508\" data-end=\"2524\" data-col-size=\"sm\"><strong data-start=\"2510\" data-end=\"2523\">Verpackung<\/strong><\/td>\n<td data-col-size=\"lg\" data-start=\"2524\" data-end=\"2542\">Einzelhandelsverpackung<\/td>\n<\/tr>\n<\/tbody>\n<\/table>\n<\/div>\n<\/div>\n<h2 data-start=\"2549\" data-end=\"2566\">Verkaufsargumente<\/h2>\n<ul data-start=\"2568\" data-end=\"3893\">\n<li data-start=\"2568\" data-end=\"2726\">\n<p data-start=\"2570\" data-end=\"2726\"><strong data-start=\"2570\" data-end=\"2598\">Universelle Kompatibilit\u00e4t:<\/strong> Unterst\u00fctzt eine breite Palette von Ger\u00e4ten \u2013 Laptops, Ultrabooks, Notebooks, Tablets, Smartphones und andere USB-C PD\/PPS-f\u00e4hige Ger\u00e4te.<\/p>\n<\/li>\n<li data-start=\"2727\" data-end=\"2842\">\n<p data-start=\"2729\" data-end=\"2842\"><strong data-start=\"2729\" data-end=\"2744\">Weltweiter Einsatz:<\/strong> Dank des breiten Eingangsspannungsbereichs von 100\u2013240 V AC eignet es sich f\u00fcr Reisen weltweit; Spannungswandler sind nicht erforderlich.<\/p>\n<\/li>\n<li data-start=\"2843\" data-end=\"2965\">\n<p data-start=\"2845\" data-end=\"2965\"><strong data-start=\"2845\" data-end=\"2871\">Kompakt und leicht:<\/strong> Mit nur 79 g ist das Ladeger\u00e4t tragbar und praktisch f\u00fcr Reisen, Pendelfahrten oder die Arbeit im Homeoffice.<\/p>\n<\/li>\n<li data-start=\"2966\" data-end=\"3146\">\n<p data-start=\"2968\" data-end=\"3146\"><strong data-start=\"2968\" data-end=\"2993\">Stromversorgung + PPS:<\/strong> Mit PD- und PPS-Unterst\u00fctzung erm\u00f6glicht es effizientes und sicheres Schnellladen und passt Spannung und Stromst\u00e4rke dynamisch an die Anforderungen des angeschlossenen Ger\u00e4ts an.<\/p>\n<\/li>\n<li data-start=\"3147\" data-end=\"3348\">\n<p data-start=\"3149\" data-end=\"3348\"><strong data-start=\"3149\" data-end=\"3186\">Umfassende Sicherheitsvorkehrungen:<\/strong> Eingebaute Schutzmechanismen wie Kurzschluss-, \u00dcberspannungs-, \u00dcberstrom-, \u00dcberlastungs- und R\u00fcckstromschutz tragen zum Schutz sowohl des Ladeger\u00e4ts als auch der angeschlossenen Ger\u00e4te bei.<\/p>\n<\/li>\n<li data-start=\"3349\" data-end=\"3558\">\n<p data-start=\"3351\" data-end=\"3558\"><strong data-start=\"3351\" data-end=\"3384\">Internationale Zertifizierungen:<\/strong> Die Zertifizierungen ETL, CE, FCC, PSE, UKCA, KC, RoHS und REACH gew\u00e4hrleisten die Einhaltung globaler Sicherheits- und Umweltstandards \u2013 ein gro\u00dfer Vorteil f\u00fcr Einzelh\u00e4ndler und Anwender weltweit.<\/p>\n<\/li>\n<li data-start=\"3559\" data-end=\"3692\">\n<p data-start=\"3561\" data-end=\"3692\"><strong data-start=\"3561\" data-end=\"3590\">Langlebigkeit und Zuverl\u00e4ssigkeit:<\/strong> Das Geh\u00e4use besteht aus feuerfestem Polycarbonat und ist f\u00fcr den Betrieb in einem breiten Temperaturbereich ausgelegt.<\/p>\n<\/li>\n<li data-start=\"3693\" data-end=\"3893\">\n<p data-start=\"3695\" data-end=\"3893\"><strong data-start=\"3695\" data-end=\"3717\">OEM\/ODM-Bereitschaft:<\/strong> Geeignet f\u00fcr Private-Label- oder OEM-Kunden, die hochwertige Ladeger\u00e4te unter ihrer Marke anbieten oder b\u00fcndeln m\u00f6chten \u2013 unterst\u00fctzt durch die Produktions- und Qualit\u00e4tskompetenz des Herstellers.<\/p>\n<\/li>\n<\/ul>\n<figure id=\"attachment_1222\" aria-describedby=\"caption-attachment-1222\" style=\"width: 619px\" class=\"wp-caption alignnone\"><img fetchpriority=\"high\" decoding=\"async\" class=\"wp-image-1222\" src=\"https:\/\/szjialu.com\/wp-content\/uploads\/2025\/11\/\u8be6\u60c5_03-218x300.jpg\" alt=\"45W PD-Ladeger\u00e4t TR671CEU\" width=\"619\" height=\"852\" srcset=\"https:\/\/szjialu.com\/wp-content\/uploads\/2025\/11\/\u8be6\u60c5_03-218x300.jpg 218w, https:\/\/szjialu.com\/wp-content\/uploads\/2025\/11\/\u8be6\u60c5_03-744x1024.jpg 744w, https:\/\/szjialu.com\/wp-content\/uploads\/2025\/11\/\u8be6\u60c5_03-768x1057.jpg 768w, https:\/\/szjialu.com\/wp-content\/uploads\/2025\/11\/\u8be6\u60c5_03-600x826.jpg 600w, https:\/\/szjialu.com\/wp-content\/uploads\/2025\/11\/\u8be6\u60c5_03-64x88.jpg 64w, https:\/\/szjialu.com\/wp-content\/uploads\/2025\/11\/\u8be6\u60c5_03.jpg 800w\" sizes=\"(max-width: 619px) 100vw, 619px\" \/><figcaption id=\"caption-attachment-1222\" class=\"wp-caption-text\">45W PD-Ladeger\u00e4t TR671CEU<\/figcaption><\/figure>\n<h2 data-start=\"4216\" data-end=\"4262\">Warum Sie sich f\u00fcr dieses Ladeger\u00e4t entscheiden sollten \u2013 Vorteile von<\/h2>\n<p data-start=\"4264\" data-end=\"4378\">Als Hersteller bietet Shenzhen Jialu Technology bedeutende Vorteile, die dieses 45W PD-Ladeger\u00e4t von anderen abheben:<\/p>\n<ul data-start=\"4380\" data-end=\"5765\">\n<li data-start=\"4380\" data-end=\"4604\">\n<p data-start=\"4382\" data-end=\"4604\"><strong data-start=\"4382\" data-end=\"4439\">Etablierte Produktionskapazit\u00e4t und Qualit\u00e4tskontrolle:<\/strong> Jialu betreibt in Shenzhen eine Produktionsst\u00e4tte mit einer Fl\u00e4che von ca. 6.000 m\u00b2 und rund 300 Mitarbeitern (darunter mehr als 40 leitende technische Fachkr\u00e4fte).<\/p>\n<\/li>\n<li data-start=\"4605\" data-end=\"4894\">\n<p data-start=\"4607\" data-end=\"4894\"><strong data-start=\"4607\" data-end=\"4656\">Starke Compliance- und Zertifizierungshistorie:<\/strong> Das Unternehmen ist nach ISO 9001 (Qualit\u00e4tsmanagement), ISO 14001 (Umweltmanagement) und BSCI (soziale Compliance) zertifiziert \u2013 dies gew\u00e4hrleistet sowohl Produktqualit\u00e4t als auch ethische Herstellungspraktiken.<\/p>\n<\/li>\n<li data-start=\"4895\" data-end=\"5204\">\n<p data-start=\"4897\" data-end=\"5204\"><strong data-start=\"4897\" data-end=\"4935\">Umfassende Erfahrung und globale Reichweite:<\/strong> Mit jahrzehntelanger Erfahrung in der Herstellung von Stromversorgungen und Exporten in \u00fcber 100 L\u00e4nder versteht Jialu die internationalen Zertifizierungsanforderungen, Sicherheitsstandards und die globale Logistik \u2013 und gibt K\u00e4ufern auf der ganzen Welt Sicherheit.<\/p>\n<\/li>\n<li data-start=\"5205\" data-end=\"5512\">\n<p data-start=\"5207\" data-end=\"5512\"><strong data-start=\"5207\" data-end=\"5227\">OEM\/ODM-Unterst\u00fctzung:<\/strong> Wenn Sie ein Einzelh\u00e4ndler, eine Marke oder ein Vertriebsh\u00e4ndler sind \u2013 Jialu ist bestens ger\u00fcstet, um OEM\/ODM-Auftr\u00e4ge zu unterst\u00fctzen, einschlie\u00dflich kundenspezifischer Markenentwicklung, Verpackung, Steckertypen und ma\u00dfgeschneiderter Spezifikationen. Dies macht den TR671CEU zu einer flexiblen Basis f\u00fcr Eigenmarken oder die Lieferung in gro\u00dfen Mengen.<\/p>\n<\/li>\n<li data-start=\"5513\" data-end=\"5765\">\n<p data-start=\"5515\" data-end=\"5765\"><strong data-start=\"5515\" data-end=\"5559\">Automatisierte Produktion &amp; niedrige Ausfallrate:<\/strong> Durch automatisierte Test- und Alterungspr\u00fcfungen h\u00e4lt Jialu die Produktausfallraten extrem niedrig (Zielwert unter 1 PPM) und bietet Endanwendern somit eine h\u00f6here Zuverl\u00e4ssigkeitssicherheit.<\/p>\n<\/li>\n<\/ul>\n<p data-start=\"5767\" data-end=\"6000\">Diese Kombination aus Fertigungskompetenz, internationaler Konformit\u00e4t und OEM-Flexibilit\u00e4t macht das 45W PD-Ladeger\u00e4t nicht nur zu einem Produkt, sondern zu einem Bestandteil einer zuverl\u00e4ssigen Versorgungsl\u00f6sung, die f\u00fcr globale M\u00e4rkte, Wiederverk\u00e4ufer und OEM-Partner geeignet ist.<\/p>","protected":false},"excerpt":{"rendered":"<p><strong data-start=\"1774\" data-end=\"1790\">Produktname: <\/strong>45-W-PD-Ladeger\u00e4t<\/p>\n<p><strong data-start=\"1812\" data-end=\"1828\">Modellnummer: <\/strong>TR671CEU<\/p>\n<p><strong data-start=\"1844\" data-end=\"1863\">Herkunftsort: <\/strong>China (Festland)<\/p>\n<p><strong data-start=\"1887\" data-end=\"1896\">Eingang: <\/strong>100\u2013240 V Wechselstrom, 50\/60 Hz, 1,5 A<\/p>\n<p><strong data-start=\"1933\" data-end=\"1943\">Ausgabe: <\/strong>5 V \/ 3 A, 9 V \/ 3 A, 12 V \/ 3 A, 15 V \/ 3 A, 20 V \/ 2,25 A<br \/>\nPPS: 3,3\u201311 V bei 4,05 A, 3,3\u201316 V bei 2,8 A<\/p>\n<p><strong data-start=\"2056\" data-end=\"2068\">Material: <\/strong>PC (feuerfest)<\/p>\n<p><strong data-start=\"2095\" data-end=\"2105\">Gewicht: <\/strong>79 g<\/p>\n<p><strong data-start=\"2117\" data-end=\"2127\">Farben: <\/strong>Schwarz, Wei\u00df<\/p>\n<p><strong data-start=\"2147\" data-end=\"2170\">Schutzfunktionen: <\/strong>Kurzschlussschutz, \u00dcberspannungsschutz, \u00dcberstromschutz, \u00dcberlastschutz, R\u00fcckflussschutz<\/p>\n<p><strong data-start=\"2294\" data-end=\"2314\">Effizienzniveau<\/strong>VI<strong data-start=\"2324\" data-end=\"2342\">Zertifizierungen: <\/strong>ETL, CE, FCC, PSE, UKCA, KC, RoHS, REACH<\/p>","protected":false},"featured_media":1219,"comment_status":"closed","ping_status":"closed","template":"","meta":{"_acf_changed":false,"site-sidebar-layout":"default","site-content-layout":"","ast-site-content-layout":"default","site-content-style":"default","site-sidebar-style":"default","ast-global-header-display":"","ast-banner-title-visibility":"","ast-main-header-display":"","ast-hfb-above-header-display":"","ast-hfb-below-header-display":"","ast-hfb-mobile-header-display":"","site-post-title":"","ast-breadcrumbs-content":"","ast-featured-img":"","footer-sml-layout":"","ast-disable-related-posts":"","theme-transparent-header-meta":"default","adv-header-id-meta":"","stick-header-meta":"","header-above-stick-meta":"","header-main-stick-meta":"","header-below-stick-meta":"","astra-migrate-meta-layouts":"set","ast-page-background-enabled":"default","ast-page-background-meta":{"desktop":{"background-color":"var(--ast-global-color-5)","background-image":"","background-repeat":"repeat","background-position":"center center","background-size":"auto","background-attachment":"scroll","background-type":"","background-media":"","overlay-type":"","overlay-color":"","overlay-opacity":"","overlay-gradient":""},"tablet":{"background-color":"","background-image":"","background-repeat":"repeat","background-position":"center center","background-size":"auto","background-attachment":"scroll","background-type":"","background-media":"","overlay-type":"","overlay-color":"","overlay-opacity":"","overlay-gradient":""},"mobile":{"background-color":"","background-image":"","background-repeat":"repeat","background-position":"center center","background-size":"auto","background-attachment":"scroll","background-type":"","background-media":"","overlay-type":"","overlay-color":"","overlay-opacity":"","overlay-gradient":""}},"ast-content-background-meta":{"desktop":{"background-color":"var(--ast-global-color-4)","background-image":"","background-repeat":"repeat","background-position":"center center","background-size":"auto","background-attachment":"scroll","background-type":"","background-media":"","overlay-type":"","overlay-color":"","overlay-opacity":"","overlay-gradient":""},"tablet":{"background-color":"var(--ast-global-color-4)","background-image":"","background-repeat":"repeat","background-position":"center center","background-size":"auto","background-attachment":"scroll","background-type":"","background-media":"","overlay-type":"","overlay-color":"","overlay-opacity":"","overlay-gradient":""},"mobile":{"background-color":"var(--ast-global-color-4)","background-image":"","background-repeat":"repeat","background-position":"center center","background-size":"auto","background-attachment":"scroll","background-type":"","background-media":"","overlay-type":"","overlay-color":"","overlay-opacity":"","overlay-gradient":""}}},"product_brand":[],"product_cat":[30,47],"product_tag":[88,93,90,89],"class_list":{"0":"post-1218","1":"product","2":"type-product","3":"status-publish","4":"has-post-thumbnail","6":"product_cat-gan-charger","7":"product_cat-45w","8":"product_tag-45w-pd-charger","9":"product_tag-45w-type-c-adapter","10":"product_tag-45w-type-c-charger","11":"product_tag-usb-c-fast-charger","12":"desktop-align-left","13":"tablet-align-left","14":"mobile-align-left","16":"first","17":"instock","18":"shipping-taxable","19":"product-type-simple"},"acf":[],"_links":{"self":[{"href":"https:\/\/szjialu.com\/de\/wp-json\/wp\/v2\/product\/1218","targetHints":{"allow":["GET"]}}],"collection":[{"href":"https:\/\/szjialu.com\/de\/wp-json\/wp\/v2\/product"}],"about":[{"href":"https:\/\/szjialu.com\/de\/wp-json\/wp\/v2\/types\/product"}],"replies":[{"embeddable":true,"href":"https:\/\/szjialu.com\/de\/wp-json\/wp\/v2\/comments?post=1218"}],"wp:featuredmedia":[{"embeddable":true,"href":"https:\/\/szjialu.com\/de\/wp-json\/wp\/v2\/media\/1219"}],"wp:attachment":[{"href":"https:\/\/szjialu.com\/de\/wp-json\/wp\/v2\/media?parent=1218"}],"wp:term":[{"taxonomy":"product_brand","embeddable":true,"href":"https:\/\/szjialu.com\/de\/wp-json\/wp\/v2\/product_brand?post=1218"},{"taxonomy":"product_cat","embeddable":true,"href":"https:\/\/szjialu.com\/de\/wp-json\/wp\/v2\/product_cat?post=1218"},{"taxonomy":"product_tag","embeddable":true,"href":"https:\/\/szjialu.com\/de\/wp-json\/wp\/v2\/product_tag?post=1218"}],"curies":[{"name":"wp","href":"https:\/\/api.w.org\/{rel}","templated":true}]}}