{"id":1206,"date":"2025-11-24T14:19:28","date_gmt":"2025-11-24T14:19:28","guid":{"rendered":"https:\/\/szjialu.com\/?post_type=product&#038;p=1206"},"modified":"2025-11-24T14:21:09","modified_gmt":"2025-11-24T14:21:09","slug":"45w-pd-ladegerat-tr671ckr","status":"publish","type":"product","link":"https:\/\/szjialu.com\/de\/product\/45w-pd-charger-tr671ckr\/","title":{"rendered":"45W PD-Ladeger\u00e4t TR671CKR"},"content":{"rendered":"<h2 data-start=\"698\" data-end=\"717\">Produkt\u00fcbersicht<\/h2>\n<p data-start=\"719\" data-end=\"1078\">Der <strong data-start=\"723\" data-end=\"758\"><a href=\"https:\/\/szjialu.com\/de\/product\/45-w-usb-c-pd-ladegerat-tr672cuk\/\">45-W-PD-Ladeger\u00e4t<\/a> (Modell TR671CKR)<\/strong> Dieses kompakte und hocheffiziente USB-C-Netzteil ist f\u00fcr moderne Ger\u00e4te mit einem Leistungsbedarf von bis zu 45 Watt ausgelegt. Es besteht aus robustem Polycarbonat und ist in elegantem Schwarz oder Wei\u00df erh\u00e4ltlich. Das Ladeger\u00e4t bietet einen breiten Spannungsbereich und versorgt Laptops, Tablets, Mobiltelefone und weitere Ger\u00e4te sicher und zuverl\u00e4ssig mit Strom.<\/p>\n<p data-start=\"1080\" data-end=\"1504\">Nur <strong data-start=\"1088\" data-end=\"1096\">79 g<\/strong>, Der TR671CKR ist reisefreundlich und gleichzeitig robust. Er bietet Schutz vor Kurzschluss, \u00dcberstrom, \u00dcberspannung, \u00dcberlastung und sogar R\u00fcckstrom. Er ist nach ETL, CE, FCC, PSE, UKCA, KC, RoHS und REACH zertifiziert und wird mit einer einj\u00e4hrigen Garantie geliefert. Mit einem Eingangsspannungsbereich von 100\u2013240 V und Ausgangsspannungen von 5 V bis 20 V (plus PPS-Modi) ist dieser Adapter vielseitig genug f\u00fcr nahezu alle USB-C PD-kompatiblen Ger\u00e4te.<\/p>\n<h2 data-start=\"1511\" data-end=\"1528\">Spezifikationen<\/h2>\n<div class=\"_tableContainer_1rjym_1\">\n<div class=\"group _tableWrapper_1rjym_13 flex w-fit flex-col-reverse\" tabindex=\"-1\">\n<table class=\"w-fit min-w-(--thread-content-width)\" data-start=\"1530\" data-end=\"2200\">\n<thead data-start=\"1530\" data-end=\"1557\">\n<tr data-start=\"1530\" data-end=\"1557\">\n<th data-start=\"1530\" data-end=\"1540\" data-col-size=\"sm\">Besonderheit<\/th>\n<th data-start=\"1540\" data-end=\"1557\" data-col-size=\"md\">Spezifikation<\/th>\n<\/tr>\n<\/thead>\n<tbody data-start=\"1568\" data-end=\"2200\">\n<tr data-start=\"1568\" data-end=\"1592\">\n<td data-start=\"1568\" data-end=\"1580\" data-col-size=\"sm\"><strong data-start=\"1570\" data-end=\"1579\">Modell<\/strong><\/td>\n<td data-col-size=\"md\" data-start=\"1580\" data-end=\"1592\">TR671CKR<\/td>\n<\/tr>\n<tr data-start=\"1593\" data-end=\"1620\">\n<td data-start=\"1593\" data-end=\"1612\" data-col-size=\"sm\"><strong data-start=\"1595\" data-end=\"1611\">Ausgangsleistung<\/strong><\/td>\n<td data-col-size=\"md\" data-start=\"1612\" data-end=\"1620\">45 W<\/td>\n<\/tr>\n<tr data-start=\"1621\" data-end=\"1666\">\n<td data-start=\"1621\" data-end=\"1633\" data-col-size=\"sm\"><strong data-start=\"1623\" data-end=\"1632\">Eingang<\/strong><\/td>\n<td data-col-size=\"md\" data-start=\"1633\" data-end=\"1666\">100\u2013240 V Wechselstrom, 50\/60 Hz, 1,5 A<\/td>\n<\/tr>\n<tr data-start=\"1667\" data-end=\"1789\">\n<td data-start=\"1667\" data-end=\"1689\" data-col-size=\"sm\"><strong data-start=\"1669\" data-end=\"1688\">Ausgabeprofile<\/strong><\/td>\n<td data-col-size=\"md\" data-start=\"1689\" data-end=\"1789\">5V\/3A, 9V\/3A, 12V\/3A, 15V\/3A, 20V\/2,25A; PPS: 3,3\u201311 V bei 4,05 A, PPS: 3,3\u201316 V bei 2,8 A<\/td>\n<\/tr>\n<tr data-start=\"1790\" data-end=\"1827\">\n<td data-start=\"1790\" data-end=\"1805\" data-col-size=\"sm\"><strong data-start=\"1792\" data-end=\"1804\">Material<\/strong><\/td>\n<td data-col-size=\"md\" data-start=\"1805\" data-end=\"1827\">PC (Polycarbonat)<\/td>\n<\/tr>\n<tr data-start=\"1828\" data-end=\"1849\">\n<td data-start=\"1828\" data-end=\"1841\" data-col-size=\"sm\"><strong data-start=\"1830\" data-end=\"1840\">Gewicht<\/strong><\/td>\n<td data-start=\"1841\" data-end=\"1849\" data-col-size=\"md\">79 g<\/td>\n<\/tr>\n<tr data-start=\"1850\" data-end=\"1879\">\n<td data-start=\"1850\" data-end=\"1863\" data-col-size=\"sm\"><strong data-start=\"1852\" data-end=\"1862\">Farben<\/strong><\/td>\n<td data-col-size=\"md\" data-start=\"1863\" data-end=\"1879\">Schwarz, Wei\u00df<\/td>\n<\/tr>\n<tr data-start=\"1880\" data-end=\"1982\">\n<td data-start=\"1880\" data-end=\"1906\" data-col-size=\"sm\"><strong data-start=\"1882\" data-end=\"1905\">Schutzfunktionen<\/strong><\/td>\n<td data-col-size=\"md\" data-start=\"1906\" data-end=\"1982\">Kurzschluss-, \u00dcberspannungs-, \u00dcberstrom-, \u00dcberlast- und R\u00fcckflussschutz<\/td>\n<\/tr>\n<tr data-start=\"1983\" data-end=\"2012\">\n<td data-start=\"1983\" data-end=\"2006\" data-col-size=\"sm\"><strong data-start=\"1985\" data-end=\"2005\">Effizienzniveau<\/strong><\/td>\n<td data-col-size=\"md\" data-start=\"2006\" data-end=\"2012\">VI<\/td>\n<\/tr>\n<tr data-start=\"2013\" data-end=\"2078\">\n<td data-start=\"2013\" data-end=\"2034\" data-col-size=\"sm\"><strong data-start=\"2015\" data-end=\"2033\">Zertifizierungen<\/strong><\/td>\n<td data-col-size=\"md\" data-start=\"2034\" data-end=\"2078\">ETL, CE, FCC, PSE, UKCA, KC, RoHS, REACH<\/td>\n<\/tr>\n<tr data-start=\"2079\" data-end=\"2127\">\n<td data-start=\"2079\" data-end=\"2107\" data-col-size=\"sm\"><strong data-start=\"2081\" data-end=\"2106\">Betriebstemperatur<\/strong><\/td>\n<td data-col-size=\"md\" data-start=\"2107\" data-end=\"2127\">\u201320 \u00b0C bis +55 \u00b0C<\/td>\n<\/tr>\n<tr data-start=\"2128\" data-end=\"2174\">\n<td data-start=\"2128\" data-end=\"2154\" data-col-size=\"sm\"><strong data-start=\"2130\" data-end=\"2153\">Lagertemperatur<\/strong><\/td>\n<td data-col-size=\"md\" data-start=\"2154\" data-end=\"2174\">\u201340 \u00b0C bis +70 \u00b0C<\/td>\n<\/tr>\n<tr data-start=\"2175\" data-end=\"2200\">\n<td data-start=\"2175\" data-end=\"2190\" data-col-size=\"sm\"><strong data-start=\"2177\" data-end=\"2189\">Garantie<\/strong><\/td>\n<td data-col-size=\"md\" data-start=\"2190\" data-end=\"2200\">1 Jahr<\/td>\n<\/tr>\n<\/tbody>\n<\/table>\n<\/div>\n<\/div>\n<h2 data-start=\"2207\" data-end=\"2228\">Wichtigste Verkaufsargumente<\/h2>\n<ol data-start=\"2230\" data-end=\"3010\">\n<li data-start=\"2230\" data-end=\"2369\">\n<p data-start=\"2233\" data-end=\"2369\"><strong data-start=\"2233\" data-end=\"2258\">Robuste Stromversorgung<\/strong> \u2014 Unterst\u00fctzt den vollen USB-C PD-Bereich bis zu 20 V = 45 W sowie PPS-Modi, die ideal zum Schnellladen von Handys und Laptops geeignet sind.<\/p>\n<\/li>\n<li data-start=\"2370\" data-end=\"2506\">\n<p data-start=\"2373\" data-end=\"2506\"><strong data-start=\"2373\" data-end=\"2396\">Sicherheit steht bei uns an erster Stelle \u2013 Design<\/strong> \u2014 Ausgestattet mit mehreren Schutzmechanismen (Kurzschluss, \u00dcberstrom usw.), um ein sicheres Laden zu gew\u00e4hrleisten.<\/p>\n<\/li>\n<li data-start=\"2507\" data-end=\"2623\">\n<p data-start=\"2510\" data-end=\"2623\"><strong data-start=\"2510\" data-end=\"2531\">Zertifizierte Qualit\u00e4t<\/strong> \u2014 Besitzt die Zertifizierungen ETL, CE, FCC, PSE, UKCA, KC, RoHS und REACH \u2014 weltweit konform.<\/p>\n<\/li>\n<li data-start=\"2624\" data-end=\"2719\">\n<p data-start=\"2627\" data-end=\"2719\"><strong data-start=\"2627\" data-end=\"2646\">Hohe Effizienz<\/strong> \u2014 Das energieeffiziente Design der Stufe VI tr\u00e4gt dazu bei, Energieverschwendung und W\u00e4rme zu reduzieren.<\/p>\n<\/li>\n<li data-start=\"2720\" data-end=\"2803\">\n<p data-start=\"2723\" data-end=\"2803\"><strong data-start=\"2723\" data-end=\"2747\">Tragbar und dennoch robust<\/strong> \u2014 Leichtgewicht (79 g) und robustes PC-Geh\u00e4use.<\/p>\n<\/li>\n<li data-start=\"2804\" data-end=\"2907\">\n<p data-start=\"2807\" data-end=\"2907\"><strong data-start=\"2807\" data-end=\"2829\">Breite Kompatibilit\u00e4t<\/strong> \u2014 Konzipiert f\u00fcr Laptops, Tablets, Smartphones und andere PD-f\u00e4hige Ger\u00e4te.<\/p>\n<\/li>\n<li data-start=\"2908\" data-end=\"3010\">\n<p data-start=\"2911\" data-end=\"3010\"><strong data-start=\"2911\" data-end=\"2937\">Garantie &amp; Zuverl\u00e4ssigkeit<\/strong> \u2014 Mit 1 Jahr Garantie und professioneller Fertigung.<\/p>\n<\/li>\n<\/ol>\n<figure id=\"attachment_1210\" aria-describedby=\"caption-attachment-1210\" style=\"width: 574px\" class=\"wp-caption alignnone\"><img fetchpriority=\"high\" decoding=\"async\" class=\"wp-image-1210\" src=\"https:\/\/szjialu.com\/wp-content\/uploads\/2025\/11\/\u8be6\u60c5_01-7-218x300.jpg\" alt=\"45W PD-Ladeger\u00e4t TR671CKR\" width=\"574\" height=\"790\" srcset=\"https:\/\/szjialu.com\/wp-content\/uploads\/2025\/11\/\u8be6\u60c5_01-7-218x300.jpg 218w, https:\/\/szjialu.com\/wp-content\/uploads\/2025\/11\/\u8be6\u60c5_01-7-744x1024.jpg 744w, https:\/\/szjialu.com\/wp-content\/uploads\/2025\/11\/\u8be6\u60c5_01-7-768x1057.jpg 768w, https:\/\/szjialu.com\/wp-content\/uploads\/2025\/11\/\u8be6\u60c5_01-7-600x826.jpg 600w, https:\/\/szjialu.com\/wp-content\/uploads\/2025\/11\/\u8be6\u60c5_01-7-64x88.jpg 64w, https:\/\/szjialu.com\/wp-content\/uploads\/2025\/11\/\u8be6\u60c5_01-7.jpg 800w\" sizes=\"(max-width: 574px) 100vw, 574px\" \/><figcaption id=\"caption-attachment-1210\" class=\"wp-caption-text\">45W PD-Ladeger\u00e4t TR671CKR<\/figcaption><\/figure>\n<h2 data-start=\"3017\" data-end=\"3032\">Anwendungen<\/h2>\n<ul data-start=\"3034\" data-end=\"3483\">\n<li data-start=\"3034\" data-end=\"3138\">\n<p data-start=\"3036\" data-end=\"3138\"><strong data-start=\"3036\" data-end=\"3059\">Laptops &amp; Notebooks<\/strong>: Laden Sie USB-C-f\u00e4hige Laptops (z. B. Ultrabooks, MacBook Air) mit bis zu 45 W.<\/p>\n<\/li>\n<li data-start=\"3139\" data-end=\"3218\">\n<p data-start=\"3141\" data-end=\"3218\"><strong data-start=\"3141\" data-end=\"3152\">Tabletten<\/strong>: Leistungsstarke Tablets, die USB-C PD-Laden unterst\u00fctzen.<\/p>\n<\/li>\n<li data-start=\"3219\" data-end=\"3295\">\n<p data-start=\"3221\" data-end=\"3295\"><strong data-start=\"3221\" data-end=\"3236\">Smartphones<\/strong>Schnellladefunktion f\u00fcr moderne Handys, die PD oder PPS unterst\u00fctzen.<\/p>\n<\/li>\n<li data-start=\"3296\" data-end=\"3379\">\n<p data-start=\"3298\" data-end=\"3379\"><strong data-start=\"3298\" data-end=\"3318\">Tragbare Ger\u00e4te<\/strong>Ideal f\u00fcr Powerbanks, tragbare Spielkonsolen und mehr.<\/p>\n<\/li>\n<li data-start=\"3380\" data-end=\"3483\">\n<p data-start=\"3382\" data-end=\"3483\"><strong data-start=\"3382\" data-end=\"3403\">Gesch\u00e4ftsreisen<\/strong>Kompakt genug, um in einer Tasche oder einem Koffer transportiert zu werden; ideal f\u00fcr zu Hause oder unterwegs.<\/p>\n<\/li>\n<\/ul>\n<h2 data-start=\"3490\" data-end=\"3496\">H\u00e4ufig gestellte Fragen<\/h2>\n<p data-start=\"3498\" data-end=\"3672\"><strong data-start=\"3498\" data-end=\"3553\">Frage 1: Ist dieses Ladeger\u00e4t mit meinem MacBook Air kompatibel?<\/strong><br data-start=\"3553\" data-end=\"3556\" \/><strong data-start=\"3556\" data-end=\"3563\">A1:<\/strong> Ja \u2013 wenn Ihr MacBook Air USB-C Power Delivery unterst\u00fctzt und 45 W oder weniger verbraucht, funktioniert dieser Adapter einwandfrei.<\/p>\n<p data-start=\"3674\" data-end=\"3855\"><strong data-start=\"3674\" data-end=\"3744\">F2: Kann ich dieses Ladeger\u00e4t zum Schnellladen meines Samsung Galaxy-Handys verwenden?<\/strong><br data-start=\"3744\" data-end=\"3747\" \/><strong data-start=\"3747\" data-end=\"3754\">A2:<\/strong> Ja \u2013 es unterst\u00fctzt den PPS-Modus (3,3\u201311 V, 4,05 A), der mit vielen modernen Samsung-Ger\u00e4ten kompatibel ist.<\/p>\n<p data-start=\"3857\" data-end=\"4053\"><strong data-start=\"3857\" data-end=\"3923\">Frage 3: Was passiert, wenn ich ein Ger\u00e4t anschlie\u00dfe, das keine 45 W ben\u00f6tigt?<\/strong><br data-start=\"3923\" data-end=\"3926\" \/><strong data-start=\"3926\" data-end=\"3933\">A3:<\/strong> Das Ladeger\u00e4t verhandelt \u00fcber PD oder PPS und liefert nur den Strom und die Spannung, die das Ger\u00e4t ben\u00f6tigt \u2013 sicher und effizient.<\/p>\n<p data-start=\"4055\" data-end=\"4299\"><strong data-start=\"4055\" data-end=\"4112\">Frage 4: Kann ich das Ger\u00e4t bedenkenlos dauerhaft eingesteckt lassen?<\/strong><br data-start=\"4112\" data-end=\"4115\" \/><strong data-start=\"4115\" data-end=\"4122\">A4:<\/strong> Ja, das Ladeger\u00e4t verf\u00fcgt \u00fcber einen Schutz gegen \u00dcberlastung, \u00dcberstrom und Kurzschluss. Um die Langlebigkeit zu gew\u00e4hrleisten, empfiehlt es sich jedoch, das Ladeger\u00e4t bei Nichtgebrauch vom Stromnetz zu trennen.<\/p>\n<p data-start=\"4301\" data-end=\"4537\"><strong data-start=\"4301\" data-end=\"4360\">Frage 5: Was soll ich tun, wenn es innerhalb eines Jahres nicht mehr funktioniert?<\/strong><br data-start=\"4360\" data-end=\"4363\" \/><strong data-start=\"4363\" data-end=\"4370\">A5:<\/strong> Sie k\u00f6nnen die einj\u00e4hrige Garantie in Anspruch nehmen. Wenden Sie sich mit dem Kaufbeleg an den Kundendienst und beschreiben Sie das Problem detailliert; der Hersteller wird Sie dann \u00fcber einen Austausch oder eine Reparatur informieren.<\/p>\n<p data-start=\"4539\" data-end=\"4790\"><strong data-start=\"4539\" data-end=\"4606\">F6: Kann ich dieses Produkt mit einem anderen Steckertyp (z. B. EU, UK) bestellen?<\/strong><br data-start=\"4606\" data-end=\"4609\" \/><strong data-start=\"4609\" data-end=\"4616\">A6:<\/strong> Da dieses Produkt von Shenzhen Jialu Technology stammt, die Folgendes anbietet: <strong data-start=\"4686\" data-end=\"4706\">OEM\/ODM-Dienstleistungen<\/strong>, Sie k\u00f6nnen wahrscheinlich auch kundenspezifische Steckervarianten anfordern.<\/p>\n<h2 data-start=\"4797\" data-end=\"4840\">Warum Shenzhen w\u00e4hlen? <strong data-start=\"4820\" data-end=\"4840\">Jialu-Technologie<\/strong><\/h2>\n<p data-start=\"4842\" data-end=\"5113\">Einer von <a href=\"https:\/\/szjialu.com\/de\/\">Jialu Technology<\/a> Herausragender Vorteil ist seine <strong data-start=\"4895\" data-end=\"4953\">Fertigungsst\u00e4rke kombiniert mit Qualit\u00e4tssicherung<\/strong>. Jialu hat seinen Sitz in Shenzhen und verf\u00fcgt \u00fcber eine 6.000 m\u00b2 gro\u00dfe Fabrik mit rund 300 Mitarbeitern, darunter mehr als 40 hochrangige technische Fachkr\u00e4fte.<\/p>\n<ul data-start=\"5115\" data-end=\"6013\">\n<li data-start=\"5115\" data-end=\"5268\">\n<p data-start=\"5117\" data-end=\"5268\"><strong data-start=\"5117\" data-end=\"5141\">Automatisierte Produktion<\/strong>: Das Werk nutzt automatische Leistungspr\u00fcfsysteme und Alterungslinien, um Defekte zu minimieren.<\/p>\n<\/li>\n<li data-start=\"5269\" data-end=\"5453\">\n<p data-start=\"5271\" data-end=\"5453\"><strong data-start=\"5271\" data-end=\"5292\">Zertifizierte Qualit\u00e4t<\/strong>Jialu ist nach ISO 9001 (Qualit\u00e4tsmanagement), ISO 14001 (Umwelt) und BSCI (Business Social Compliance) zertifiziert.<\/p>\n<\/li>\n<li data-start=\"5454\" data-end=\"5671\">\n<p data-start=\"5456\" data-end=\"5671\"><strong data-start=\"5456\" data-end=\"5477\">Globale Compliance<\/strong>Ihre Produkte verf\u00fcgen \u00fcber eine breite Palette internationaler Zertifizierungen (ETL, CE, PSE, UKCA, KC usw.), was ihr Engagement f\u00fcr die Bedienung globaler M\u00e4rkte widerspiegelt.<\/p>\n<\/li>\n<li data-start=\"5672\" data-end=\"5845\">\n<p data-start=\"5674\" data-end=\"5845\"><strong data-start=\"5674\" data-end=\"5696\">OEM\/ODM-F\u00e4higkeiten<\/strong>Jialu bietet vollst\u00e4ndig kundenspezifische Stromversorgungsl\u00f6sungen und arbeitet eng mit Partnern zusammen, um Designs und Leistungen individuell anzupassen.<\/p>\n<\/li>\n<li data-start=\"5846\" data-end=\"6013\">\n<p data-start=\"5848\" data-end=\"6013\"><strong data-start=\"5848\" data-end=\"5876\">Kundenorientierter Service<\/strong>Sie legen Wert auf schnelle Reaktionszeiten, flexible Produktion und einen 24\/7-Support f\u00fcr internationale Kunden.<\/p>\n<\/li>\n<\/ul>\n<p data-start=\"6015\" data-end=\"6242\">Diese St\u00e4rken bedeuten, dass Sie mit der Wahl des Ladeger\u00e4ts TR671CKR von Jialu nicht nur ein Produkt erhalten, sondern mit einem zuverl\u00e4ssigen, qualit\u00e4tsorientierten Hersteller zusammenarbeiten, der \u00fcber nachgewiesene Exportkapazit\u00e4ten und robuste Produktionssysteme verf\u00fcgt.<\/p>","protected":false},"excerpt":{"rendered":"<p><strong>Produktname: 45-W-PD-Ladeger\u00e4t<\/strong><\/p>\n<p><strong data-start=\"1570\" data-end=\"1579\">Modell: <\/strong>TR671CKR<\/p>\n<p><strong data-start=\"1595\" data-end=\"1611\">Ausgangsleistung: <\/strong>45 W<\/p>\n<p><strong data-start=\"1623\" data-end=\"1632\">Eingang: <\/strong>100\u2013240 V Wechselstrom, 50\/60 Hz, 1,5 A<\/p>\n<p><strong data-start=\"1669\" data-end=\"1688\">Ausgabeprofile: <\/strong>5V\/3A, 9V\/3A, 12V\/3A, 15V\/3A, 20V\/2,25A; PPS: 3,3\u201311 V bei 4,05 A, PPS: 3,3\u201316 V bei 2,8 A<\/p>\n<p><strong data-start=\"1792\" data-end=\"1804\">Material: <\/strong>PC (Polycarbonat)<\/p>\n<p><strong data-start=\"1830\" data-end=\"1840\">Gewicht: <\/strong>79 g<\/p>\n<p><strong data-start=\"1852\" data-end=\"1862\">Farben: <\/strong>Schwarz, Wei\u00df<\/p>\n<p><strong data-start=\"1882\" data-end=\"1905\">Schutzfunktionen: <\/strong>Kurzschluss-, \u00dcberspannungs-, \u00dcberstrom-, \u00dcberlast- und R\u00fcckflussschutz<\/p>\n<p><strong data-start=\"1985\" data-end=\"2005\">Effizienzniveau<\/strong>VI<strong data-start=\"2015\" data-end=\"2033\">Zertifizierungen: <\/strong>ETL, CE, FCC, PSE, UKCA, KC, RoHS, REACH<\/p>","protected":false},"featured_media":1207,"comment_status":"closed","ping_status":"closed","template":"","meta":{"_acf_changed":false,"site-sidebar-layout":"default","site-content-layout":"","ast-site-content-layout":"default","site-content-style":"default","site-sidebar-style":"default","ast-global-header-display":"","ast-banner-title-visibility":"","ast-main-header-display":"","ast-hfb-above-header-display":"","ast-hfb-below-header-display":"","ast-hfb-mobile-header-display":"","site-post-title":"","ast-breadcrumbs-content":"","ast-featured-img":"","footer-sml-layout":"","ast-disable-related-posts":"","theme-transparent-header-meta":"default","adv-header-id-meta":"","stick-header-meta":"","header-above-stick-meta":"","header-main-stick-meta":"","header-below-stick-meta":"","astra-migrate-meta-layouts":"set","ast-page-background-enabled":"default","ast-page-background-meta":{"desktop":{"background-color":"var(--ast-global-color-5)","background-image":"","background-repeat":"repeat","background-position":"center center","background-size":"auto","background-attachment":"scroll","background-type":"","background-media":"","overlay-type":"","overlay-color":"","overlay-opacity":"","overlay-gradient":""},"tablet":{"background-color":"","background-image":"","background-repeat":"repeat","background-position":"center center","background-size":"auto","background-attachment":"scroll","background-type":"","background-media":"","overlay-type":"","overlay-color":"","overlay-opacity":"","overlay-gradient":""},"mobile":{"background-color":"","background-image":"","background-repeat":"repeat","background-position":"center center","background-size":"auto","background-attachment":"scroll","background-type":"","background-media":"","overlay-type":"","overlay-color":"","overlay-opacity":"","overlay-gradient":""}},"ast-content-background-meta":{"desktop":{"background-color":"var(--ast-global-color-4)","background-image":"","background-repeat":"repeat","background-position":"center center","background-size":"auto","background-attachment":"scroll","background-type":"","background-media":"","overlay-type":"","overlay-color":"","overlay-opacity":"","overlay-gradient":""},"tablet":{"background-color":"var(--ast-global-color-4)","background-image":"","background-repeat":"repeat","background-position":"center center","background-size":"auto","background-attachment":"scroll","background-type":"","background-media":"","overlay-type":"","overlay-color":"","overlay-opacity":"","overlay-gradient":""},"mobile":{"background-color":"var(--ast-global-color-4)","background-image":"","background-repeat":"repeat","background-position":"center center","background-size":"auto","background-attachment":"scroll","background-type":"","background-media":"","overlay-type":"","overlay-color":"","overlay-opacity":"","overlay-gradient":""}}},"product_brand":[],"product_cat":[30,47],"product_tag":[88,90,94,70],"class_list":{"0":"post-1206","1":"product","2":"type-product","3":"status-publish","4":"has-post-thumbnail","6":"product_cat-gan-charger","7":"product_cat-45w","8":"product_tag-45w-pd-charger","9":"product_tag-45w-type-c-charger","10":"product_tag-45w-usb-c-pd-charger","11":"product_tag-pd-charger","12":"desktop-align-left","13":"tablet-align-left","14":"mobile-align-left","16":"first","17":"instock","18":"shipping-taxable","19":"product-type-simple"},"acf":[],"_links":{"self":[{"href":"https:\/\/szjialu.com\/de\/wp-json\/wp\/v2\/product\/1206","targetHints":{"allow":["GET"]}}],"collection":[{"href":"https:\/\/szjialu.com\/de\/wp-json\/wp\/v2\/product"}],"about":[{"href":"https:\/\/szjialu.com\/de\/wp-json\/wp\/v2\/types\/product"}],"replies":[{"embeddable":true,"href":"https:\/\/szjialu.com\/de\/wp-json\/wp\/v2\/comments?post=1206"}],"wp:featuredmedia":[{"embeddable":true,"href":"https:\/\/szjialu.com\/de\/wp-json\/wp\/v2\/media\/1207"}],"wp:attachment":[{"href":"https:\/\/szjialu.com\/de\/wp-json\/wp\/v2\/media?parent=1206"}],"wp:term":[{"taxonomy":"product_brand","embeddable":true,"href":"https:\/\/szjialu.com\/de\/wp-json\/wp\/v2\/product_brand?post=1206"},{"taxonomy":"product_cat","embeddable":true,"href":"https:\/\/szjialu.com\/de\/wp-json\/wp\/v2\/product_cat?post=1206"},{"taxonomy":"product_tag","embeddable":true,"href":"https:\/\/szjialu.com\/de\/wp-json\/wp\/v2\/product_tag?post=1206"}],"curies":[{"name":"wp","href":"https:\/\/api.w.org\/{rel}","templated":true}]}}