{"id":1197,"date":"2025-11-24T14:01:54","date_gmt":"2025-11-24T14:01:54","guid":{"rendered":"https:\/\/szjialu.com\/?post_type=product&#038;p=1197"},"modified":"2025-11-24T14:01:56","modified_gmt":"2025-11-24T14:01:56","slug":"45w-pd-ladegerat-tr67acuk","status":"publish","type":"product","link":"https:\/\/szjialu.com\/de\/product\/45w-pd-charger-tr67acuk\/","title":{"rendered":"45W PD-Ladeger\u00e4t TR67ACUK"},"content":{"rendered":"<hr data-start=\"867\" data-end=\"870\" \/>\n<h2 data-start=\"872\" data-end=\"891\">Produkt\u00fcbersicht<\/h2>\n<p data-start=\"893\" data-end=\"1206\">Der <strong data-start=\"897\" data-end=\"933\"><a href=\"https:\/\/szjialu.com\/de\/product-category\/gan-ladegerat\/45-w\/\">45-W-PD-Ladeger\u00e4t<\/a> (Modell TR67ACUK)<\/strong> Dieser leistungsstarke Dual-Port-Netzadapter wurde entwickelt, um moderne Ger\u00e4te effizient und sicher mit Strom zu versorgen. Er kombiniert USB-C Power Delivery (PD) mit einem herk\u00f6mmlichen USB-A-Anschluss und erm\u00f6glicht so schnelles und flexibles Laden von Laptops, Tablets, Smartphones und mehr.<\/p>\n<p data-start=\"1208\" data-end=\"1589\">Mit seinem leichten, kompakten Polycarbonatgeh\u00e4use (ca. 90 g) ist es ideal f\u00fcr unterwegs und gleichzeitig robust. Dank des breiten Eingangsspannungsbereichs (100\u2013240 V AC) eignet es sich perfekt f\u00fcr Zuhause und Reisen. Fortschrittliche Sicherheitsfunktionen \u2013 darunter Schutz vor \u00dcberspannung, \u00dcberstrom, \u00dcberlastung, Kurzschluss und R\u00fcckstrom \u2013 gew\u00e4hrleisten das sichere Laden Ihrer Ger\u00e4te.<\/p>\n<h2 data-start=\"1596\" data-end=\"1613\">Spezifikationen<\/h2>\n<div class=\"_tableContainer_1rjym_1\">\n<div class=\"group _tableWrapper_1rjym_13 flex w-fit flex-col-reverse\" tabindex=\"-1\">\n<table class=\"w-fit min-w-(--thread-content-width)\" data-start=\"1615\" data-end=\"2419\">\n<thead data-start=\"1615\" data-end=\"1640\">\n<tr data-start=\"1615\" data-end=\"1640\">\n<th data-start=\"1615\" data-end=\"1626\" data-col-size=\"sm\"><strong data-start=\"1617\" data-end=\"1625\">Spezifikation<\/strong><\/th>\n<th data-start=\"1626\" data-end=\"1640\" data-col-size=\"md\"><strong data-start=\"1628\" data-end=\"1638\">Detail<\/strong><\/th>\n<\/tr>\n<\/thead>\n<tbody data-start=\"1651\" data-end=\"2419\">\n<tr data-start=\"1651\" data-end=\"1675\">\n<td data-start=\"1651\" data-end=\"1663\" data-col-size=\"sm\"><strong data-start=\"1653\" data-end=\"1662\">Modell<\/strong><\/td>\n<td data-start=\"1663\" data-end=\"1675\" data-col-size=\"md\">TR67ACUK<\/td>\n<\/tr>\n<tr data-start=\"1676\" data-end=\"1702\">\n<td data-start=\"1676\" data-end=\"1688\" data-col-size=\"sm\"><strong data-start=\"1678\" data-end=\"1687\">Leistung<\/strong><\/td>\n<td data-col-size=\"md\" data-start=\"1688\" data-end=\"1702\">45 W (max.)<\/td>\n<\/tr>\n<tr data-start=\"1703\" data-end=\"1748\">\n<td data-start=\"1703\" data-end=\"1715\" data-col-size=\"sm\"><strong data-start=\"1705\" data-end=\"1714\">Eingang<\/strong><\/td>\n<td data-col-size=\"md\" data-start=\"1715\" data-end=\"1748\">100\u2013240 V Wechselstrom, 50\/60 Hz, 1,5 A<\/td>\n<\/tr>\n<tr data-start=\"1749\" data-end=\"1828\">\n<td data-start=\"1749\" data-end=\"1768\" data-col-size=\"sm\"><strong data-start=\"1751\" data-end=\"1767\">USB-C-Ausgang<\/strong><\/td>\n<td data-col-size=\"md\" data-start=\"1768\" data-end=\"1828\">5 V\/3 A, 9 V\/3 A, 12 V\/3 A, 15 V\/3 A, 20 V\/2,25 A (45 W)<\/td>\n<\/tr>\n<tr data-start=\"1829\" data-end=\"1887\">\n<td data-start=\"1829\" data-end=\"1848\" data-col-size=\"sm\"><strong data-start=\"1831\" data-end=\"1847\">USB-A-Ausgang<\/strong><\/td>\n<td data-col-size=\"md\" data-start=\"1848\" data-end=\"1887\">5 V\/3 A; 9 V\/2 A; 12 V\/1,5 A (18 W)<\/td>\n<\/tr>\n<tr data-start=\"1888\" data-end=\"2004\">\n<td data-start=\"1888\" data-end=\"1911\" data-col-size=\"sm\"><strong data-start=\"1890\" data-end=\"1910\">Kombiniert (A + C)<\/strong><\/td>\n<td data-col-size=\"md\" data-start=\"1911\" data-end=\"2004\">\u2013 USB-A: 5 V\/2,4 A<br \/>\n\u2013 USB-C: 5 V\/3 A, 9 V\/3 A, 12 V\/2,5 A, 15 V\/2 A, 20 V\/1,5 A (~30 W)<\/td>\n<\/tr>\n<tr data-start=\"2005\" data-end=\"2041\">\n<td data-start=\"2005\" data-end=\"2025\" data-col-size=\"sm\"><strong data-start=\"2007\" data-end=\"2024\">Farboptionen<\/strong><\/td>\n<td data-col-size=\"md\" data-start=\"2025\" data-end=\"2041\">Schwarz, Wei\u00df<\/td>\n<\/tr>\n<tr data-start=\"2042\" data-end=\"2087\">\n<td data-start=\"2042\" data-end=\"2065\" data-col-size=\"sm\"><strong data-start=\"2044\" data-end=\"2064\">Geh\u00e4usematerial<\/strong><\/td>\n<td data-col-size=\"md\" data-start=\"2065\" data-end=\"2087\">Polycarbonat (PC)<\/td>\n<\/tr>\n<tr data-start=\"2088\" data-end=\"2110\">\n<td data-start=\"2088\" data-end=\"2101\" data-col-size=\"sm\"><strong data-start=\"2090\" data-end=\"2100\">Gewicht<\/strong><\/td>\n<td data-col-size=\"md\" data-start=\"2101\" data-end=\"2110\">ca. 90 g<\/td>\n<\/tr>\n<tr data-start=\"2111\" data-end=\"2203\">\n<td data-start=\"2111\" data-end=\"2137\" data-col-size=\"sm\"><strong data-start=\"2113\" data-end=\"2136\">Schutzfunktionen<\/strong><\/td>\n<td data-col-size=\"md\" data-start=\"2137\" data-end=\"2203\">Kurzschluss, \u00dcberspannung, \u00dcberstrom, \u00dcberlast, R\u00fcckfluss<\/td>\n<\/tr>\n<tr data-start=\"2204\" data-end=\"2233\">\n<td data-start=\"2204\" data-end=\"2227\" data-col-size=\"sm\"><strong data-start=\"2206\" data-end=\"2226\">Effizienzniveau<\/strong><\/td>\n<td data-col-size=\"md\" data-start=\"2227\" data-end=\"2233\">VI<\/td>\n<\/tr>\n<tr data-start=\"2234\" data-end=\"2299\">\n<td data-start=\"2234\" data-end=\"2255\" data-col-size=\"sm\"><strong data-start=\"2236\" data-end=\"2254\">Zertifizierungen<\/strong><\/td>\n<td data-col-size=\"md\" data-start=\"2255\" data-end=\"2299\">ETL, CE, FCC, PSE, UKCA, KC, RoHS, REACH<\/td>\n<\/tr>\n<tr data-start=\"2300\" data-end=\"2325\">\n<td data-start=\"2300\" data-end=\"2315\" data-col-size=\"sm\"><strong data-start=\"2302\" data-end=\"2314\">Garantie<\/strong><\/td>\n<td data-start=\"2315\" data-end=\"2325\" data-col-size=\"md\">1 Jahr<\/td>\n<\/tr>\n<tr data-start=\"2326\" data-end=\"2373\">\n<td data-start=\"2326\" data-end=\"2354\" data-col-size=\"sm\"><strong data-start=\"2328\" data-end=\"2353\">Betriebstemperatur<\/strong><\/td>\n<td data-col-size=\"md\" data-start=\"2354\" data-end=\"2373\">\u201320 \u00b0C bis 55 \u00b0C<\/td>\n<\/tr>\n<tr data-start=\"2374\" data-end=\"2419\">\n<td data-start=\"2374\" data-end=\"2400\" data-col-size=\"sm\"><strong data-start=\"2376\" data-end=\"2399\">Lagertemperatur<\/strong><\/td>\n<td data-col-size=\"md\" data-start=\"2400\" data-end=\"2419\">\u201340 \u00b0C bis 70 \u00b0C<\/td>\n<\/tr>\n<\/tbody>\n<\/table>\n<\/div>\n<\/div>\n<h2 data-start=\"2426\" data-end=\"2447\">Wichtigste Verkaufsargumente<\/h2>\n<ol data-start=\"2449\" data-end=\"3421\">\n<li data-start=\"2449\" data-end=\"2638\">\n<p data-start=\"2452\" data-end=\"2638\"><strong data-start=\"2452\" data-end=\"2484\">Volle Unterst\u00fctzung f\u00fcr Power Delivery:<\/strong> Der USB-C-Anschluss verhandelt mehrere PD-Spannungen (5 V, 9 V, 12 V, 15 V, 20 V) und bietet Ihnen somit Flexibilit\u00e4t f\u00fcr eine breite Palette von Ger\u00e4ten \u2013 von Laptops bis hin zu Smartphones.<\/p>\n<\/li>\n<li data-start=\"2640\" data-end=\"2782\">\n<p data-start=\"2643\" data-end=\"2782\"><strong data-start=\"2643\" data-end=\"2666\">Laden \u00fcber zwei Anschl\u00fcsse:<\/strong> Laden Sie zwei Ger\u00e4te gleichzeitig \u00fcber die USB-C- und USB-A-Anschl\u00fcsse auf \u2013 ideal f\u00fcr Benutzer, die mehrere Ger\u00e4te mit sich f\u00fchren.<\/p>\n<\/li>\n<li data-start=\"2784\" data-end=\"2981\">\n<p data-start=\"2787\" data-end=\"2981\"><strong data-start=\"2787\" data-end=\"2816\">Robuste Sicherheitsmechanismen:<\/strong> Mit mehreren eingebauten Schutzmechanismen (Kurzschluss, \u00dcberstrom, \u00dcberspannung, \u00dcberlastung, R\u00fcckstrom) ist das Ladeger\u00e4t so konzipiert, dass es sowohl sich selbst als auch Ihre Ger\u00e4te sch\u00fctzt.<\/p>\n<\/li>\n<li data-start=\"2983\" data-end=\"3181\">\n<p data-start=\"2986\" data-end=\"3181\"><strong data-start=\"2986\" data-end=\"3012\">Globale Zertifizierungen:<\/strong> Zertifiziert nach wichtigen Sicherheits- und Regulierungsstandards (ETL, CE, FCC, PSE, UKCA, KC) sowie Umweltstandards (RoHS, REACH), wodurch es f\u00fcr viele M\u00e4rkte geeignet ist.<\/p>\n<\/li>\n<li data-start=\"3183\" data-end=\"3305\">\n<p data-start=\"3186\" data-end=\"3305\"><strong data-start=\"3186\" data-end=\"3209\">Tragbar und robust:<\/strong> Leicht (nur ca. 90 g) und aus robustem Polycarbonat gefertigt, ist es reisefreundlich und widerstandsf\u00e4hig.<\/p>\n<\/li>\n<li data-start=\"3307\" data-end=\"3421\">\n<p data-start=\"3310\" data-end=\"3421\"><strong data-start=\"3310\" data-end=\"3331\">Energieeffizient:<\/strong> Effizienzstufe VI bedeutet geringere Leistungsverluste und W\u00e4rmeentwicklung, was zu einer verbesserten Energieeinsparung w\u00e4hrend der Nutzung f\u00fchrt.<\/p>\n<\/li>\n<\/ol>\n<h2 data-start=\"3428\" data-end=\"3443\">Anwendungen<\/h2>\n<ul data-start=\"3445\" data-end=\"3983\">\n<li data-start=\"3445\" data-end=\"3562\">\n<p data-start=\"3447\" data-end=\"3562\"><strong data-start=\"3447\" data-end=\"3471\">Laptops &amp; Notebooks:<\/strong> Mit einer USB-C PD-Leistung von 45 W kann das Ladeger\u00e4t viele d\u00fcnne Notebooks und Ultrabooks unterst\u00fctzen.<\/p>\n<\/li>\n<li data-start=\"3563\" data-end=\"3641\">\n<p data-start=\"3565\" data-end=\"3641\"><strong data-start=\"3565\" data-end=\"3585\">Tablets &amp; iPads:<\/strong> Schnellladen f\u00fcr Tablets mit PD-Eingang.<\/p>\n<\/li>\n<li data-start=\"3642\" data-end=\"3761\">\n<p data-start=\"3644\" data-end=\"3761\"><strong data-start=\"3644\" data-end=\"3660\">Smartphones:<\/strong> Funktioniert mit Ihrem Telefon entweder \u00fcber USB-C oder USB-A, je nach Kabel \u2013 ideal zum schnellen Aufladen.<\/p>\n<\/li>\n<li data-start=\"3762\" data-end=\"3864\">\n<p data-start=\"3764\" data-end=\"3864\"><strong data-start=\"3764\" data-end=\"3785\">Tragbare Ger\u00e4te:<\/strong> Geeignet f\u00fcr Powerbanks, kabellose Ohrh\u00f6rer, tragbare Spielkonsolen und vieles mehr.<\/p>\n<\/li>\n<li data-start=\"3865\" data-end=\"3983\">\n<p data-start=\"3867\" data-end=\"3983\"><strong data-start=\"3867\" data-end=\"3892\">Reisen &amp; Remote-Arbeit:<\/strong> Dank der zwei Anschl\u00fcsse und des breiten Eingangsspannungsbereichs ist es ideal f\u00fcr Reisen oder das Arbeiten aus der Ferne geeignet.<\/p>\n<\/li>\n<\/ul>\n<h2 data-start=\"3990\" data-end=\"4020\">Warum Jialu Technology w\u00e4hlen?<\/h2>\n<p data-start=\"4022\" data-end=\"4212\">Einer der herausragenden Vorteile von <strong data-start=\"4056\" data-end=\"4095\">Shenzhen Jialu Technology Co., Ltd.<\/strong> ist es <strong data-start=\"4103\" data-end=\"4158\">hochentwickelte und skalierbare Fertigungskapazit\u00e4ten<\/strong>, unterst\u00fctzt durch strenge Qualit\u00e4tssicherung und globale Reichweite:<\/p>\n<ul data-start=\"4214\" data-end=\"5347\">\n<li data-start=\"4214\" data-end=\"4373\">\n<p data-start=\"4216\" data-end=\"4373\">Ihre <strong data-start=\"4222\" data-end=\"4263\">Die Fabrik in Shenzhen erstreckt sich \u00fcber rund 6.000 m\u00b2.<\/strong>, mit etwa <strong data-start=\"4277\" data-end=\"4294\">300 Mitarbeiter<\/strong>, einschlie\u00dflich \u00fcber 40 hochrangigen technischen Mitarbeitern.<\/p>\n<\/li>\n<li data-start=\"4374\" data-end=\"4629\">\n<p data-start=\"4376\" data-end=\"4629\">Das Unternehmen h\u00e4lt <strong data-start=\"4394\" data-end=\"4484\">ISO 9001 (Qualit\u00e4tsmanagement), ISO 14001 (Umweltmanagement) und BSCI (Sozialstandards)<\/strong> Zertifizierungen unterstreichen ihr Engagement f\u00fcr Qualit\u00e4t, Nachhaltigkeit und verantwortungsvolle Produktion.<\/p>\n<\/li>\n<li data-start=\"4630\" data-end=\"4816\">\n<p data-start=\"4632\" data-end=\"4816\">Sie verwenden automatisierte Testsysteme (automatische Leistungspr\u00fcfung, Alterungssysteme), um die Produktfehlerraten extrem niedrig zu halten \u2013 angeblich unter 1 PPM.<\/p>\n<\/li>\n<li data-start=\"4817\" data-end=\"5001\">\n<p data-start=\"4819\" data-end=\"5001\">Mit einem <strong data-start=\"4826\" data-end=\"4875\">monatliche Produktionskapazit\u00e4t von \u00fcber 600.000 Einheiten<\/strong> Mit Exportaktivit\u00e4ten in mehr als 100 L\u00e4ndern ist Jialu wahrlich ein globaler Lieferant.<\/p>\n<\/li>\n<li data-start=\"5002\" data-end=\"5198\">\n<p data-start=\"5004\" data-end=\"5198\">Sie bieten au\u00dferdem <strong data-start=\"5022\" data-end=\"5042\">OEM\/ODM-Dienstleistungen<\/strong>, durch die Nutzung hochwertiger Komponenten der Marke \u201cA+\u201d, um kundenspezifische Stromversorgungsl\u00f6sungen zu entwickeln, die auf die Spezifikationen der Partner zugeschnitten sind.<\/p>\n<\/li>\n<li data-start=\"5199\" data-end=\"5347\">\n<p data-start=\"5201\" data-end=\"5347\">Kunden profitieren von <strong data-start=\"5224\" data-end=\"5240\">24\/7-Support<\/strong>, wodurch die Zuverl\u00e4ssigkeit und Kommunikation f\u00fcr internationale Partner verbessert werden.<\/p>\n<\/li>\n<\/ul>\n<h2 data-start=\"5354\" data-end=\"5389\">H\u00e4ufig gestellte Fragen (FAQ)<\/h2>\n<p data-start=\"5391\" data-end=\"5597\"><strong data-start=\"5391\" data-end=\"5443\">Frage 1: Funktioniert dieses Ladeger\u00e4t mit meinem USB-C-Laptop?<\/strong><br data-start=\"5443\" data-end=\"5446\" \/>A1: Ja \u2013 vorausgesetzt, Ihr Laptop unterst\u00fctzt Power Delivery (PD) und verbraucht maximal 45 W. Der TR67ACUK unterst\u00fctzt die PD-Spannungsaushandlung bis zu 20 V bei 2,25 A.<\/p>\n<p data-start=\"5599\" data-end=\"5836\"><strong data-start=\"5599\" data-end=\"5649\">Frage 2: Kann ich zwei Ger\u00e4te gleichzeitig aufladen?<\/strong><br data-start=\"5649\" data-end=\"5652\" \/>A2: Ja. Sie k\u00f6nnen sowohl den USB-C- als auch den USB-A-Anschluss gleichzeitig nutzen. Wenn beide Anschl\u00fcsse belegt sind, betr\u00e4gt die Gesamtausgangsleistung je nach ben\u00f6tigter Spannung Ihrer Ger\u00e4te etwa 30 W.<\/p>\n<p data-start=\"5838\" data-end=\"6078\"><strong data-start=\"5838\" data-end=\"5887\">Frage 3: Kann ich das Ger\u00e4t bedenkenlos \u00fcber Nacht eingesteckt lassen?<\/strong><br data-start=\"5887\" data-end=\"5890\" \/>A3: Das Ladeger\u00e4t verf\u00fcgt \u00fcber mehrere integrierte Schutzfunktionen: Kurzschluss-, \u00dcberstrom-, \u00dcberspannungs-, \u00dcberlastungs- und R\u00fcckstromschutz. Diese sch\u00fctzen sowohl das Ladeger\u00e4t als auch Ihre Ger\u00e4te bei l\u00e4ngerem Gebrauch.<\/p>\n<p data-start=\"6080\" data-end=\"6278\"><strong data-start=\"6080\" data-end=\"6128\">Frage 4: \u00dcber welche Sicherheitszertifizierungen verf\u00fcgt es?<\/strong><br data-start=\"6128\" data-end=\"6131\" \/>A4: Das Ladeger\u00e4t ist nach ETL-, CE-, FCC-, PSE-, UKCA- und KC-Standards zertifiziert. Es entspricht au\u00dferdem Umweltauflagen wie RoHS und REACH.<\/p>\n<p data-start=\"6280\" data-end=\"6383\"><strong data-start=\"6280\" data-end=\"6309\">Frage 5: Wie sieht die Garantie aus?<\/strong><br data-start=\"6309\" data-end=\"6312\" \/>A5: Es wird mit einer einj\u00e4hrigen Herstellergarantie von Jialu Technology geliefert.<\/p>\n<p data-start=\"6385\" data-end=\"6547\"><strong data-start=\"6385\" data-end=\"6438\">Frage 6: In welchem Temperaturbereich kann das Ladeger\u00e4t betrieben werden?<\/strong><br data-start=\"6438\" data-end=\"6441\" \/>A6: Die Betriebstemperatur liegt zwischen \u201320 \u00b0C und 55 \u00b0C. Zur Lagerung kann das Produkt sicher zwischen \u201340 \u00b0C und 70 \u00b0C aufbewahrt werden.<\/p>\n<p data-start=\"6549\" data-end=\"6794\"><strong data-start=\"6549\" data-end=\"6613\">F7: Bietet Jialu kundenspezifische oder OEM-Versionen dieses Ladeger\u00e4ts an?<\/strong><br data-start=\"6613\" data-end=\"6616\" \/>A7: Ja. Jialu bietet OEM\/ODM-Services an, sodass Sie individuell angepasste Versionen (andere Wattzahl, Design, Branding) bestellen k\u00f6nnen, die Ihren Bed\u00fcrfnissen entsprechen.<\/p>","protected":false},"excerpt":{"rendered":"<p><strong data-start=\"1653\" data-end=\"1662\">Modell: <\/strong>TR67ACUK<\/p>\n<p><strong data-start=\"1678\" data-end=\"1687\">Leistung: <\/strong>45 W (max.)<\/p>\n<p><strong data-start=\"1705\" data-end=\"1714\">Eingang: <\/strong>100\u2013240 V Wechselstrom, 50\/60 Hz, 1,5 A<\/p>\n<p><strong data-start=\"1751\" data-end=\"1767\">USB-C-Ausgang: <\/strong>5 V\/3 A, 9 V\/3 A, 12 V\/3 A, 15 V\/3 A, 20 V\/2,25 A (45 W)<\/p>\n<p><strong data-start=\"1831\" data-end=\"1847\">USB-A-Ausgang:<\/strong>5 V\/3 A; 9 V\/2 A; 12 V\/1,5 A (18 W)<\/p>\n<p><strong data-start=\"1890\" data-end=\"1910\">Kombiniert (A + C)<\/strong>\u2013 USB-A: 5 V\/2,4 A<br \/>\n\u2013 USB-C: 5 V\/3 A, 9 V\/3 A, 12 V\/2,5 A, 15 V\/2 A, 20 V\/1,5 A (~30 W)<\/p>\n<p><strong data-start=\"2007\" data-end=\"2024\">Farboptionen: <\/strong>Schwarz, Wei\u00df<\/p>\n<p><strong data-start=\"2044\" data-end=\"2064\">Geh\u00e4usematerial: <\/strong>Polycarbonat (PC)<\/p>\n<p><strong data-start=\"2090\" data-end=\"2100\">Gewicht: <\/strong>ca. 90 g<\/p>\n<p><strong data-start=\"2113\" data-end=\"2136\">Schutzfunktionen: <\/strong>Kurzschluss, \u00dcberspannung, \u00dcberstrom, \u00dcberlast, R\u00fcckfluss<\/p>\n<p><strong data-start=\"2206\" data-end=\"2226\">Effizienzniveau: <\/strong>VI<\/p>\n<p><strong data-start=\"2236\" data-end=\"2254\">Zertifizierungen: <\/strong>ETL, CE, FCC, PSE, UKCA, KC, RoHS, REACH<\/p>","protected":false},"featured_media":1198,"comment_status":"closed","ping_status":"closed","template":"","meta":{"_acf_changed":false,"site-sidebar-layout":"default","site-content-layout":"","ast-site-content-layout":"default","site-content-style":"default","site-sidebar-style":"default","ast-global-header-display":"","ast-banner-title-visibility":"","ast-main-header-display":"","ast-hfb-above-header-display":"","ast-hfb-below-header-display":"","ast-hfb-mobile-header-display":"","site-post-title":"","ast-breadcrumbs-content":"","ast-featured-img":"","footer-sml-layout":"","ast-disable-related-posts":"","theme-transparent-header-meta":"default","adv-header-id-meta":"","stick-header-meta":"","header-above-stick-meta":"","header-main-stick-meta":"","header-below-stick-meta":"","astra-migrate-meta-layouts":"set","ast-page-background-enabled":"default","ast-page-background-meta":{"desktop":{"background-color":"var(--ast-global-color-5)","background-image":"","background-repeat":"repeat","background-position":"center center","background-size":"auto","background-attachment":"scroll","background-type":"","background-media":"","overlay-type":"","overlay-color":"","overlay-opacity":"","overlay-gradient":""},"tablet":{"background-color":"","background-image":"","background-repeat":"repeat","background-position":"center center","background-size":"auto","background-attachment":"scroll","background-type":"","background-media":"","overlay-type":"","overlay-color":"","overlay-opacity":"","overlay-gradient":""},"mobile":{"background-color":"","background-image":"","background-repeat":"repeat","background-position":"center center","background-size":"auto","background-attachment":"scroll","background-type":"","background-media":"","overlay-type":"","overlay-color":"","overlay-opacity":"","overlay-gradient":""}},"ast-content-background-meta":{"desktop":{"background-color":"var(--ast-global-color-4)","background-image":"","background-repeat":"repeat","background-position":"center center","background-size":"auto","background-attachment":"scroll","background-type":"","background-media":"","overlay-type":"","overlay-color":"","overlay-opacity":"","overlay-gradient":""},"tablet":{"background-color":"var(--ast-global-color-4)","background-image":"","background-repeat":"repeat","background-position":"center center","background-size":"auto","background-attachment":"scroll","background-type":"","background-media":"","overlay-type":"","overlay-color":"","overlay-opacity":"","overlay-gradient":""},"mobile":{"background-color":"var(--ast-global-color-4)","background-image":"","background-repeat":"repeat","background-position":"center center","background-size":"auto","background-attachment":"scroll","background-type":"","background-media":"","overlay-type":"","overlay-color":"","overlay-opacity":"","overlay-gradient":""}}},"product_brand":[],"product_cat":[30,47],"product_tag":[102,93,90,94,92],"class_list":{"0":"post-1197","1":"product","2":"type-product","3":"status-publish","4":"has-post-thumbnail","6":"product_cat-gan-charger","7":"product_cat-45w","8":"product_tag-45-w-pd-charger","9":"product_tag-45w-type-c-adapter","10":"product_tag-45w-type-c-charger","11":"product_tag-45w-usb-c-pd-charger","12":"product_tag-type-c-power-adapter","13":"desktop-align-left","14":"tablet-align-left","15":"mobile-align-left","17":"first","18":"instock","19":"shipping-taxable","20":"product-type-simple"},"acf":[],"_links":{"self":[{"href":"https:\/\/szjialu.com\/de\/wp-json\/wp\/v2\/product\/1197","targetHints":{"allow":["GET"]}}],"collection":[{"href":"https:\/\/szjialu.com\/de\/wp-json\/wp\/v2\/product"}],"about":[{"href":"https:\/\/szjialu.com\/de\/wp-json\/wp\/v2\/types\/product"}],"replies":[{"embeddable":true,"href":"https:\/\/szjialu.com\/de\/wp-json\/wp\/v2\/comments?post=1197"}],"wp:featuredmedia":[{"embeddable":true,"href":"https:\/\/szjialu.com\/de\/wp-json\/wp\/v2\/media\/1198"}],"wp:attachment":[{"href":"https:\/\/szjialu.com\/de\/wp-json\/wp\/v2\/media?parent=1197"}],"wp:term":[{"taxonomy":"product_brand","embeddable":true,"href":"https:\/\/szjialu.com\/de\/wp-json\/wp\/v2\/product_brand?post=1197"},{"taxonomy":"product_cat","embeddable":true,"href":"https:\/\/szjialu.com\/de\/wp-json\/wp\/v2\/product_cat?post=1197"},{"taxonomy":"product_tag","embeddable":true,"href":"https:\/\/szjialu.com\/de\/wp-json\/wp\/v2\/product_tag?post=1197"}],"curies":[{"name":"wp","href":"https:\/\/api.w.org\/{rel}","templated":true}]}}