{"id":1192,"date":"2025-11-24T07:40:55","date_gmt":"2025-11-24T07:40:55","guid":{"rendered":"https:\/\/szjialu.com\/?post_type=product&#038;p=1192"},"modified":"2025-11-24T07:41:55","modified_gmt":"2025-11-24T07:41:55","slug":"45w-pd-ladegerat-tr67aceu","status":"publish","type":"product","link":"https:\/\/szjialu.com\/de\/product\/45w-pd-charger-tr67aceu\/","title":{"rendered":"45W PD-Ladeger\u00e4t TR67ACEU"},"content":{"rendered":"<h2 data-start=\"906\" data-end=\"925\">Produkt\u00fcbersicht<\/h2>\n<p data-start=\"927\" data-end=\"1303\">Der <strong data-start=\"931\" data-end=\"966\"><a href=\"https:\/\/szjialu.com\/de\/product-category\/gan-ladegerat\/45-w\/\">45-W-PD-Ladeger\u00e4t<\/a> (Modell TR67ACEU)<\/strong> Dieses kompakte und leistungsstarke Netzteil l\u00e4dt Laptops, Tablets, Mobiltelefone und andere USB-Ger\u00e4te zuverl\u00e4ssig und effizient. Dank der zwei Anschl\u00fcsse (USB-C und USB-A), des breiten Spannungsbereichs und des umfassenden Sicherheitsschutzes ist es die ideale L\u00f6sung f\u00fcr Arbeit, Reisen und unterwegs.<\/p>\n<ul data-start=\"1305\" data-end=\"1912\">\n<li data-start=\"1305\" data-end=\"1414\">\n<p data-start=\"1307\" data-end=\"1414\"><strong data-start=\"1307\" data-end=\"1333\">Kompakt und leicht:<\/strong> Mit einem Gewicht von nur ca. 90 g ist dieses Ladeger\u00e4t \u00e4u\u00dferst portabel, ohne dabei an Leistung einzub\u00fc\u00dfen.<\/p>\n<\/li>\n<li data-start=\"1415\" data-end=\"1541\">\n<p data-start=\"1417\" data-end=\"1541\"><strong data-start=\"1417\" data-end=\"1439\">Hohe Ausgangsleistung:<\/strong> Bis zu 45 W \u00fcber den USB-C-Anschluss erm\u00f6glichen schnelles Laden f\u00fcr gr\u00f6\u00dfere Ger\u00e4te wie Laptops und Notebooks.<\/p>\n<\/li>\n<li data-start=\"1542\" data-end=\"1686\">\n<p data-start=\"1544\" data-end=\"1686\"><strong data-start=\"1544\" data-end=\"1573\">Flexible Spannungsunterst\u00fctzung:<\/strong> Bietet mehrere ausgehandelte Spannungen (5 V, 9 V, 12 V, 15 V, 20 V) f\u00fcr Kompatibilit\u00e4t mit einer breiten Palette von Ger\u00e4ten.<\/p>\n<\/li>\n<li data-start=\"1687\" data-end=\"1798\">\n<p data-start=\"1689\" data-end=\"1798\"><strong data-start=\"1689\" data-end=\"1715\">Komfort mit zwei Anschl\u00fcssen:<\/strong> Verf\u00fcgt neben einem USB-C-Anschluss auch \u00fcber einen USB-A-Anschluss, sodass Sie zwei Ger\u00e4te gleichzeitig aufladen k\u00f6nnen.<\/p>\n<\/li>\n<li data-start=\"1799\" data-end=\"1912\">\n<p data-start=\"1801\" data-end=\"1912\"><strong data-start=\"1801\" data-end=\"1819\">Robuste Sicherheit:<\/strong> Eingebauter Schutz gegen Kurzschluss, \u00dcberspannung, \u00dcberstrom, \u00dcberlastung und R\u00fcckstrom.<\/p>\n<\/li>\n<\/ul>\n<p data-start=\"1914\" data-end=\"2075\">Dieses Ladeger\u00e4t ist erh\u00e4ltlich in <strong data-start=\"1943\" data-end=\"1952\">Schwarz<\/strong> oder <strong data-start=\"1956\" data-end=\"1965\">Wei\u00df<\/strong> und besteht aus einem robusten PC-Geh\u00e4use, das ein ausgewogenes Verh\u00e4ltnis zwischen \u00c4sthetik, Langlebigkeit und Hitzebest\u00e4ndigkeit bietet.<\/p>\n<h2 data-start=\"2082\" data-end=\"2099\">Spezifikationen<\/h2>\n<div class=\"_tableContainer_1rjym_1\">\n<div class=\"group _tableWrapper_1rjym_13 flex w-fit flex-col-reverse\" tabindex=\"-1\">\n<table class=\"w-fit min-w-(--thread-content-width)\" data-start=\"2101\" data-end=\"2930\">\n<thead data-start=\"2101\" data-end=\"2127\">\n<tr data-start=\"2101\" data-end=\"2127\">\n<th data-start=\"2101\" data-end=\"2117\" data-col-size=\"sm\">Spezifikation<\/th>\n<th data-start=\"2117\" data-end=\"2127\" data-col-size=\"lg\">Detail<\/th>\n<\/tr>\n<\/thead>\n<tbody data-start=\"2138\" data-end=\"2930\">\n<tr data-start=\"2138\" data-end=\"2162\">\n<td data-start=\"2138\" data-end=\"2150\" data-col-size=\"sm\"><strong data-start=\"2140\" data-end=\"2149\">Modell<\/strong><\/td>\n<td data-col-size=\"lg\" data-start=\"2150\" data-end=\"2162\">TR67ACEU<\/td>\n<\/tr>\n<tr data-start=\"2163\" data-end=\"2208\">\n<td data-start=\"2163\" data-end=\"2175\" data-col-size=\"sm\"><strong data-start=\"2165\" data-end=\"2174\">Eingang<\/strong><\/td>\n<td data-start=\"2175\" data-end=\"2208\" data-col-size=\"lg\">100\u2013240 V Wechselstrom, 50\/60 Hz, 1,5 A<\/td>\n<\/tr>\n<tr data-start=\"2209\" data-end=\"2290\">\n<td data-start=\"2209\" data-end=\"2230\" data-col-size=\"sm\"><strong data-start=\"2211\" data-end=\"2229\">Ausgang \u2013 USB-C<\/strong><\/td>\n<td data-col-size=\"lg\" data-start=\"2230\" data-end=\"2290\">5 V\/3 A, 9 V\/3 A, 12 V\/3 A, 15 V\/3 A, 20 V\/2,25 A (45 W)<\/td>\n<\/tr>\n<tr data-start=\"2291\" data-end=\"2351\">\n<td data-start=\"2291\" data-end=\"2312\" data-col-size=\"sm\"><strong data-start=\"2293\" data-end=\"2311\">Ausgang \u2013 USB-A<\/strong><\/td>\n<td data-col-size=\"lg\" data-start=\"2312\" data-end=\"2351\">5 V\/3 A; 9 V\/2 A; 12 V\/1,5 A (18 W)<\/td>\n<\/tr>\n<tr data-start=\"2352\" data-end=\"2475\">\n<td data-start=\"2352\" data-end=\"2382\" data-col-size=\"sm\"><strong data-start=\"2354\" data-end=\"2381\">Gesamtausgangsleistung (A + C)<\/strong><\/td>\n<td data-col-size=\"lg\" data-start=\"2382\" data-end=\"2475\">\u2013 USB-A: 5 V\/2,4 A<br \/>\n\u2013 USB-C: 5 V\/3 A, 9 V\/3 A, 12 V\/2,5 A, 15 V\/2 A, 20 V\/1,5 A (\u224830 W)<\/td>\n<\/tr>\n<tr data-start=\"2476\" data-end=\"2505\">\n<td data-start=\"2476\" data-end=\"2489\" data-col-size=\"sm\"><strong data-start=\"2478\" data-end=\"2488\">Farben<\/strong><\/td>\n<td data-col-size=\"lg\" data-start=\"2489\" data-end=\"2505\">Schwarz, Wei\u00df<\/td>\n<\/tr>\n<tr data-start=\"2506\" data-end=\"2543\">\n<td data-start=\"2506\" data-end=\"2521\" data-col-size=\"sm\"><strong data-start=\"2508\" data-end=\"2520\">Material<\/strong><\/td>\n<td data-col-size=\"lg\" data-start=\"2521\" data-end=\"2543\">PC (Polycarbonat)<\/td>\n<\/tr>\n<tr data-start=\"2544\" data-end=\"2566\">\n<td data-start=\"2544\" data-end=\"2557\" data-col-size=\"sm\"><strong data-start=\"2546\" data-end=\"2556\">Gewicht<\/strong><\/td>\n<td data-start=\"2557\" data-end=\"2566\" data-col-size=\"lg\">ca. 90 g<\/td>\n<\/tr>\n<tr data-start=\"2567\" data-end=\"2714\">\n<td data-start=\"2567\" data-end=\"2593\" data-col-size=\"sm\"><strong data-start=\"2569\" data-end=\"2592\">Schutzfunktionen<\/strong><\/td>\n<td data-col-size=\"lg\" data-start=\"2593\" data-end=\"2714\">Kurzschlussschutz, \u00dcberspannungsschutz, \u00dcberstromschutz, \u00dcberlastschutz, R\u00fcckflussschutz<\/td>\n<\/tr>\n<tr data-start=\"2715\" data-end=\"2744\">\n<td data-start=\"2715\" data-end=\"2738\" data-col-size=\"sm\"><strong data-start=\"2717\" data-end=\"2737\">Effizienzniveau<\/strong><\/td>\n<td data-col-size=\"lg\" data-start=\"2738\" data-end=\"2744\">VI<\/td>\n<\/tr>\n<tr data-start=\"2745\" data-end=\"2810\">\n<td data-start=\"2745\" data-end=\"2766\" data-col-size=\"sm\"><strong data-start=\"2747\" data-end=\"2765\">Zertifizierungen<\/strong><\/td>\n<td data-col-size=\"lg\" data-start=\"2766\" data-end=\"2810\">ETL, CE, FCC, PSE, UKCA, KC, RoHS, REACH<\/td>\n<\/tr>\n<tr data-start=\"2811\" data-end=\"2836\">\n<td data-start=\"2811\" data-end=\"2826\" data-col-size=\"sm\"><strong data-start=\"2813\" data-end=\"2825\">Garantie<\/strong><\/td>\n<td data-start=\"2826\" data-end=\"2836\" data-col-size=\"lg\">1 Jahr<\/td>\n<\/tr>\n<tr data-start=\"2837\" data-end=\"2884\">\n<td data-start=\"2837\" data-end=\"2865\" data-col-size=\"sm\"><strong data-start=\"2839\" data-end=\"2864\">Betriebstemperatur<\/strong><\/td>\n<td data-col-size=\"lg\" data-start=\"2865\" data-end=\"2884\">\u201320 \u00b0C bis 55 \u00b0C<\/td>\n<\/tr>\n<tr data-start=\"2885\" data-end=\"2930\">\n<td data-start=\"2885\" data-end=\"2911\" data-col-size=\"sm\"><strong data-start=\"2887\" data-end=\"2910\">Lagertemperatur<\/strong><\/td>\n<td data-col-size=\"lg\" data-start=\"2911\" data-end=\"2930\">\u201340 \u00b0C bis 70 \u00b0C<\/td>\n<\/tr>\n<\/tbody>\n<\/table>\n<\/div>\n<\/div>\n<h2 data-start=\"2937\" data-end=\"2958\">Wichtigste Verkaufsargumente<\/h2>\n<ol data-start=\"2960\" data-end=\"3956\">\n<li data-start=\"2960\" data-end=\"3188\">\n<p data-start=\"2963\" data-end=\"3188\"><strong data-start=\"2963\" data-end=\"2992\">Vielseitige Stromversorgung:<\/strong> Der USB-C-Anschluss unterst\u00fctzt die vollst\u00e4ndige Aushandlung der Stromversorgung (Power Delivery, PD) \u00fcber mehrere Spannungen hinweg und bietet Ihnen somit die Flexibilit\u00e4t, sowohl Ger\u00e4te mit hohem Stromverbrauch wie Laptops als auch Ger\u00e4te mit niedrigem Stromverbrauch wie Smartphones aufzuladen.<\/p>\n<\/li>\n<li data-start=\"3190\" data-end=\"3326\">\n<p data-start=\"3193\" data-end=\"3326\"><strong data-start=\"3193\" data-end=\"3216\">Laden \u00fcber zwei Anschl\u00fcsse:<\/strong> Dank der USB-C- und USB-A-Anschl\u00fcsse k\u00f6nnen Sie zwei Ger\u00e4te gleichzeitig aufladen \u2013 ideal f\u00fcr Reisen oder Nutzer, die mehrere Ger\u00e4te verwenden.<\/p>\n<\/li>\n<li data-start=\"3328\" data-end=\"3480\">\n<p data-start=\"3331\" data-end=\"3480\"><strong data-start=\"3331\" data-end=\"3348\">Sicherheit geht vor:<\/strong> Eingebaute Schutzmechanismen (Kurzschluss, \u00dcberspannung, \u00dcberstrom, \u00dcberlastung, R\u00fcckfluss) gew\u00e4hrleisten Zuverl\u00e4ssigkeit und sch\u00fctzen Ihre Ger\u00e4te.<\/p>\n<\/li>\n<li data-start=\"3482\" data-end=\"3692\">\n<p data-start=\"3485\" data-end=\"3692\"><strong data-start=\"3485\" data-end=\"3507\">Zertifizierte Qualit\u00e4t:<\/strong> Verf\u00fcgt \u00fcber zahlreiche internationale Sicherheitszertifizierungen (ETL, CE, FCC, PSE, UKCA, KC) sowie \u00fcber Umwelt- und Materialkonformit\u00e4t (RoHS, REACH), was sowohl Leistung als auch Sicherheit gew\u00e4hrleistet.<\/p>\n<\/li>\n<li data-start=\"3694\" data-end=\"3837\">\n<p data-start=\"3697\" data-end=\"3837\"><strong data-start=\"3697\" data-end=\"3720\">Kompakt und tragbar:<\/strong> Leicht (~90 g) und mit einem robusten PC-Geh\u00e4use ausgestattet, ist es ideal f\u00fcr Reisen geeignet, ohne dass die Robustheit darunter leidet.<\/p>\n<\/li>\n<li data-start=\"3839\" data-end=\"3956\">\n<p data-start=\"3842\" data-end=\"3956\"><strong data-start=\"3842\" data-end=\"3862\">Hohe Effizienz:<\/strong> Erf\u00fcllt die Energieeffizienzstandards der Stufe VI, wodurch der Stromverbrauch gesenkt und die Abw\u00e4rme reduziert wird.<\/p>\n<\/li>\n<\/ol>\n<figure id=\"attachment_1196\" aria-describedby=\"caption-attachment-1196\" style=\"width: 584px\" class=\"wp-caption alignnone\"><img fetchpriority=\"high\" decoding=\"async\" class=\"wp-image-1196\" src=\"https:\/\/szjialu.com\/wp-content\/uploads\/2025\/11\/\u8be6\u60c5_02-1-218x300.jpg\" alt=\"Stromversorgungshersteller aus Shenzhen\" width=\"584\" height=\"804\" srcset=\"https:\/\/szjialu.com\/wp-content\/uploads\/2025\/11\/\u8be6\u60c5_02-1-218x300.jpg 218w, https:\/\/szjialu.com\/wp-content\/uploads\/2025\/11\/\u8be6\u60c5_02-1-745x1024.jpg 745w, https:\/\/szjialu.com\/wp-content\/uploads\/2025\/11\/\u8be6\u60c5_02-1-768x1056.jpg 768w, https:\/\/szjialu.com\/wp-content\/uploads\/2025\/11\/\u8be6\u60c5_02-1-600x825.jpg 600w, https:\/\/szjialu.com\/wp-content\/uploads\/2025\/11\/\u8be6\u60c5_02-1-64x88.jpg 64w, https:\/\/szjialu.com\/wp-content\/uploads\/2025\/11\/\u8be6\u60c5_02-1.jpg 800w\" sizes=\"(max-width: 584px) 100vw, 584px\" \/><figcaption id=\"caption-attachment-1196\" class=\"wp-caption-text\">Stromversorgungshersteller aus Shenzhen<\/figcaption><\/figure>\n<h2 data-start=\"3963\" data-end=\"3978\">Anwendungen<\/h2>\n<ul data-start=\"3980\" data-end=\"4504\">\n<li data-start=\"3980\" data-end=\"4071\">\n<p data-start=\"3982\" data-end=\"4071\"><strong data-start=\"3982\" data-end=\"4006\">Laptops &amp; Notebooks:<\/strong> Ideal f\u00fcr USB-C-f\u00e4hige Laptops, die eine Eingangsleistung von bis zu 45 W ben\u00f6tigen.<\/p>\n<\/li>\n<li data-start=\"4072\" data-end=\"4138\">\n<p data-start=\"4074\" data-end=\"4138\"><strong data-start=\"4074\" data-end=\"4094\">Tablets &amp; iPads:<\/strong> Unterst\u00fctzt Schnellladen f\u00fcr Tablets.<\/p>\n<\/li>\n<li data-start=\"4139\" data-end=\"4269\">\n<p data-start=\"4141\" data-end=\"4269\"><strong data-start=\"4141\" data-end=\"4157\">Smartphones:<\/strong> Kompatibel mit modernen Smartphones; je nach Kabel k\u00f6nnen sowohl der USB-C- als auch der USB-A-Anschluss zum Laden von Smartphones verwendet werden.<\/p>\n<\/li>\n<li data-start=\"4270\" data-end=\"4376\">\n<p data-start=\"4272\" data-end=\"4376\"><strong data-start=\"4272\" data-end=\"4293\">Tragbare Ger\u00e4te:<\/strong> Geeignet f\u00fcr Powerbanks, Bluetooth-Kopfh\u00f6rer, tragbare Spielkonsolen und vieles mehr.<\/p>\n<\/li>\n<li data-start=\"4377\" data-end=\"4504\">\n<p data-start=\"4379\" data-end=\"4504\"><strong data-start=\"4379\" data-end=\"4393\">F\u00fcr unterwegs:<\/strong> Dank seiner kompakten Gr\u00f6\u00dfe und des breiten Spannungsbereichs eignet es sich perfekt f\u00fcr Reisen, Gesch\u00e4ftsreisen oder das Arbeiten von unterwegs.<\/p>\n<\/li>\n<\/ul>\n<h2 data-start=\"4511\" data-end=\"4542\">Warum Jialu Technology w\u00e4hlen?<\/h2>\n<p data-start=\"4544\" data-end=\"4665\">Einer von <strong data-start=\"4551\" data-end=\"4590\"><a href=\"https:\/\/szjialu.com\/de\/\">Shenzhen Jialu Technology Co., Ltd<\/a>.<\/strong>\u2019Die wichtigsten Vorteile von sind seine <strong data-start=\"4615\" data-end=\"4664\">starke und zertifizierte Fertigungskapazit\u00e4t<\/strong>:<\/p>\n<ul data-start=\"4667\" data-end=\"5627\">\n<li data-start=\"4667\" data-end=\"4844\">\n<p data-start=\"4669\" data-end=\"4844\">Jialu betreibt ein <strong data-start=\"4686\" data-end=\"4718\">6.000 m\u00b2 Produktionsst\u00e4tte<\/strong> in Shenzhen mit rund 300 Mitarbeitern, darunter mehr als 40 leitende technische Mitarbeiter.<\/p>\n<\/li>\n<li data-start=\"4845\" data-end=\"5046\">\n<p data-start=\"4847\" data-end=\"5046\">Das Unternehmen hat Folgendes erreicht <strong data-start=\"4872\" data-end=\"4905\">ISO 9001 (Qualit\u00e4tsmanagement)<\/strong>, <strong data-start=\"4907\" data-end=\"4947\">ISO 14001 (Umweltmanagement)<\/strong>, Und <strong data-start=\"4953\" data-end=\"4990\">BSCI (Business Social Compliance)<\/strong> Zertifizierungen.<\/p>\n<\/li>\n<li data-start=\"5047\" data-end=\"5281\">\n<p data-start=\"5049\" data-end=\"5281\">Zu ihren automatisierten Produktionslinien geh\u00f6ren <strong data-start=\"5090\" data-end=\"5125\">automatische Leistungspr\u00fcfsysteme<\/strong> Und <strong data-start=\"5130\" data-end=\"5147\">alternde Systeme<\/strong>, und stellen so sicher, dass die Produktfehlerraten extrem niedrig sind (sie berichten von Ausfallraten von nur 1 PPM).<\/p>\n<\/li>\n<li data-start=\"5282\" data-end=\"5470\">\n<p data-start=\"5284\" data-end=\"5470\">Hohe globale Reichweite: Jialu exportiert nach <strong data-start=\"5320\" data-end=\"5338\">Mehr als 100 L\u00e4nder<\/strong>, mit einer monatlichen Produktionskapazit\u00e4t von <strong data-start=\"5378\" data-end=\"5396\">Mehr als 600.000 Einheiten<\/strong>, unterst\u00fctzt durch einen Kundensupport rund um die Uhr.<\/p>\n<\/li>\n<li data-start=\"5471\" data-end=\"5627\">\n<p data-start=\"5473\" data-end=\"5627\">Ihre Produktbeschaffungsmethoden <strong data-start=\"5501\" data-end=\"5529\">Rohstoffe in A+-Qualit\u00e4t<\/strong>, was die Zuverl\u00e4ssigkeit und die langfristige Leistungsf\u00e4higkeit f\u00f6rdert.<\/p>\n<\/li>\n<\/ul>\n<p data-start=\"5629\" data-end=\"5788\">Dank dieser hohen Fertigungskompetenz, der Zertifizierung und des globalen Vertriebsnetzes ist Jialu ein vertrauensw\u00fcrdiger Partner f\u00fcr hochwertige und zuverl\u00e4ssige Netzteile.<\/p>\n<h2 data-start=\"5795\" data-end=\"5809\">Produkt-FAQ<\/h2>\n<p data-start=\"5811\" data-end=\"6028\"><strong data-start=\"5811\" data-end=\"5861\">Frage 1: Ist dieses Ladeger\u00e4t mit meinem Laptop kompatibel?<\/strong><br data-start=\"5861\" data-end=\"5864\" \/>A1: Ja, sofern Ihr Laptop USB-C Power Delivery bis zu 45 W unterst\u00fctzt. Das Ladeger\u00e4t verhandelt Spannungen (5 V, 9 V, 12 V, 15 V, 20 V), um g\u00e4ngigen PD-Standards zu entsprechen.<\/p>\n<p data-start=\"6030\" data-end=\"6251\"><strong data-start=\"6030\" data-end=\"6071\">Frage 2: Kann ich zwei Ger\u00e4te gleichzeitig aufladen?<\/strong><br data-start=\"6071\" data-end=\"6074\" \/>A2: Ja. Sie k\u00f6nnen sowohl den USB-C- als auch den USB-A-Anschluss gleichzeitig verwenden. Wenn jedoch beide Anschl\u00fcsse belegt sind, betr\u00e4gt die maximale Gesamtleistung etwa 30 W (abh\u00e4ngig von den ausgehandelten Spannungen).<\/p>\n<p data-start=\"6253\" data-end=\"6476\"><strong data-start=\"6253\" data-end=\"6292\">Frage 3: Kann ich das Ger\u00e4t gefahrlos eingesteckt lassen?<\/strong><br data-start=\"6292\" data-end=\"6295\" \/>A3: Das Ladeger\u00e4t verf\u00fcgt \u00fcber einen integrierten Schutz gegen Kurzschluss, \u00dcberstrom, \u00dcberspannung, R\u00fcckstrom und \u00dcberlastung. Diese Schutzmechanismen gew\u00e4hrleisten einen sicheren Betrieb, auch wenn das Ladeger\u00e4t dauerhaft eingesteckt bleibt.<\/p>\n<p data-start=\"6478\" data-end=\"6677\"><strong data-start=\"6478\" data-end=\"6529\">Frage 4: \u00dcber welche Zertifizierungen verf\u00fcgt dieses Ladeger\u00e4t?<\/strong><br data-start=\"6529\" data-end=\"6532\" \/>A4: Es ist nach den Sicherheitsstandards ETL, CE, FCC, PSE, UKCA und KC zertifiziert. Es entspricht au\u00dferdem den Material- und Umweltvorschriften RoHS und REACH.<\/p>\n<p data-start=\"6679\" data-end=\"6808\"><strong data-start=\"6679\" data-end=\"6707\">Frage 5: Wie lange ist die Garantie?<\/strong><br data-start=\"6707\" data-end=\"6710\" \/>A5: Das Ladeger\u00e4t wird mit einer einj\u00e4hrigen Herstellergarantie von Shenzhen Jialu Technology Co., Ltd. geliefert.<\/p>\n<p data-start=\"6810\" data-end=\"6980\"><strong data-start=\"6810\" data-end=\"6872\">Frage 6: Welche Betriebs- und Lagertemperaturbereiche gibt es?<\/strong><br data-start=\"6872\" data-end=\"6875\" \/>A6: Das Ladeger\u00e4t funktioniert sicher im Temperaturbereich von \u201320 \u00b0C bis 55 \u00b0C. F\u00fcr die Lagerung betr\u00e4gt der sichere Bereich \u201340 \u00b0C bis 70 \u00b0C.<\/p>\n<p data-start=\"6982\" data-end=\"7222\"><strong data-start=\"6982\" data-end=\"7028\">F7: Kann ich eine Anpassung (ODM\/OEM) anfragen?<\/strong><br data-start=\"7028\" data-end=\"7031\" \/>A7: Ja. <a href=\"https:\/\/szjialu.com\/de\/oem-service\/\">Jialu Technology bietet OEM\/ODM-Dienstleistungen an.<\/a>, Sie verf\u00fcgen \u00fcber Erfahrung in der Entwicklung von Ladeger\u00e4ten f\u00fcr einen breiten Leistungsbereich, einschlie\u00dflich PD- und GaN-Ladeger\u00e4ten.<\/p>","protected":false},"excerpt":{"rendered":"<p><strong data-start=\"2140\" data-end=\"2149\">Modell: <\/strong>TR67ACEU<\/p>\n<p><strong data-start=\"2165\" data-end=\"2174\">Eingang: <\/strong>100\u2013240 V Wechselstrom, 50\/60 Hz, 1,5 A<\/p>\n<p><strong data-start=\"2211\" data-end=\"2229\">Ausgang \u2013 USB-C: <\/strong>5 V\/3 A, 9 V\/3 A, 12 V\/3 A, 15 V\/3 A, 20 V\/2,25 A (45 W)<\/p>\n<p><strong data-start=\"2293\" data-end=\"2311\">Ausgang \u2013 USB-A: <\/strong>5 V\/3 A; 9 V\/2 A; 12 V\/1,5 A (18 W)<\/p>\n<p><strong data-start=\"2354\" data-end=\"2381\">Gesamtausgangsleistung (A + C)<\/strong>\u2013 USB-A: 5 V\/2,4 A<br \/>\n\u2013 USB-C: 5 V\/3 A, 9 V\/3 A, 12 V\/2,5 A, 15 V\/2 A, 20 V\/1,5 A (\u224830 W)<\/p>\n<p><strong data-start=\"2478\" data-end=\"2488\">Farben: <\/strong>Schwarz, Wei\u00df<\/p>\n<p><strong data-start=\"2508\" data-end=\"2520\">Material: <\/strong>PC (Polycarbonat)<\/p>\n<p><strong data-start=\"2546\" data-end=\"2556\">Gewicht: <\/strong>ca. 90 g<\/p>\n<p><strong data-start=\"2569\" data-end=\"2592\">Schutzfunktionen: <\/strong>Kurzschlussschutz, \u00dcberspannungsschutz, \u00dcberstromschutz, \u00dcberlastschutz, R\u00fcckflussschutz<\/p>\n<p><strong data-start=\"2717\" data-end=\"2737\">Effizienzniveau: <\/strong>VI<\/p>\n<p><strong data-start=\"2747\" data-end=\"2765\">Zertifizierungen: <\/strong>ETL, CE, FCC, PSE, UKCA, KC, RoHS, REACH<\/p>","protected":false},"featured_media":1193,"comment_status":"closed","ping_status":"closed","template":"","meta":{"_acf_changed":false,"site-sidebar-layout":"default","site-content-layout":"","ast-site-content-layout":"default","site-content-style":"default","site-sidebar-style":"default","ast-global-header-display":"","ast-banner-title-visibility":"","ast-main-header-display":"","ast-hfb-above-header-display":"","ast-hfb-below-header-display":"","ast-hfb-mobile-header-display":"","site-post-title":"","ast-breadcrumbs-content":"","ast-featured-img":"","footer-sml-layout":"","ast-disable-related-posts":"","theme-transparent-header-meta":"default","adv-header-id-meta":"","stick-header-meta":"","header-above-stick-meta":"","header-main-stick-meta":"","header-below-stick-meta":"","astra-migrate-meta-layouts":"set","ast-page-background-enabled":"default","ast-page-background-meta":{"desktop":{"background-color":"var(--ast-global-color-5)","background-image":"","background-repeat":"repeat","background-position":"center center","background-size":"auto","background-attachment":"scroll","background-type":"","background-media":"","overlay-type":"","overlay-color":"","overlay-opacity":"","overlay-gradient":""},"tablet":{"background-color":"","background-image":"","background-repeat":"repeat","background-position":"center center","background-size":"auto","background-attachment":"scroll","background-type":"","background-media":"","overlay-type":"","overlay-color":"","overlay-opacity":"","overlay-gradient":""},"mobile":{"background-color":"","background-image":"","background-repeat":"repeat","background-position":"center center","background-size":"auto","background-attachment":"scroll","background-type":"","background-media":"","overlay-type":"","overlay-color":"","overlay-opacity":"","overlay-gradient":""}},"ast-content-background-meta":{"desktop":{"background-color":"var(--ast-global-color-4)","background-image":"","background-repeat":"repeat","background-position":"center center","background-size":"auto","background-attachment":"scroll","background-type":"","background-media":"","overlay-type":"","overlay-color":"","overlay-opacity":"","overlay-gradient":""},"tablet":{"background-color":"var(--ast-global-color-4)","background-image":"","background-repeat":"repeat","background-position":"center center","background-size":"auto","background-attachment":"scroll","background-type":"","background-media":"","overlay-type":"","overlay-color":"","overlay-opacity":"","overlay-gradient":""},"mobile":{"background-color":"var(--ast-global-color-4)","background-image":"","background-repeat":"repeat","background-position":"center center","background-size":"auto","background-attachment":"scroll","background-type":"","background-media":"","overlay-type":"","overlay-color":"","overlay-opacity":"","overlay-gradient":""}}},"product_brand":[],"product_cat":[30,47],"product_tag":[88,93,94,99,89],"class_list":{"0":"post-1192","1":"product","2":"type-product","3":"status-publish","4":"has-post-thumbnail","6":"product_cat-gan-charger","7":"product_cat-45w","8":"product_tag-45w-pd-charger","9":"product_tag-45w-type-c-adapter","10":"product_tag-45w-usb-c-pd-charger","11":"product_tag-dual-port-charger","12":"product_tag-usb-c-fast-charger","13":"desktop-align-left","14":"tablet-align-left","15":"mobile-align-left","17":"first","18":"instock","19":"shipping-taxable","20":"product-type-simple"},"acf":[],"_links":{"self":[{"href":"https:\/\/szjialu.com\/de\/wp-json\/wp\/v2\/product\/1192","targetHints":{"allow":["GET"]}}],"collection":[{"href":"https:\/\/szjialu.com\/de\/wp-json\/wp\/v2\/product"}],"about":[{"href":"https:\/\/szjialu.com\/de\/wp-json\/wp\/v2\/types\/product"}],"replies":[{"embeddable":true,"href":"https:\/\/szjialu.com\/de\/wp-json\/wp\/v2\/comments?post=1192"}],"wp:featuredmedia":[{"embeddable":true,"href":"https:\/\/szjialu.com\/de\/wp-json\/wp\/v2\/media\/1193"}],"wp:attachment":[{"href":"https:\/\/szjialu.com\/de\/wp-json\/wp\/v2\/media?parent=1192"}],"wp:term":[{"taxonomy":"product_brand","embeddable":true,"href":"https:\/\/szjialu.com\/de\/wp-json\/wp\/v2\/product_brand?post=1192"},{"taxonomy":"product_cat","embeddable":true,"href":"https:\/\/szjialu.com\/de\/wp-json\/wp\/v2\/product_cat?post=1192"},{"taxonomy":"product_tag","embeddable":true,"href":"https:\/\/szjialu.com\/de\/wp-json\/wp\/v2\/product_tag?post=1192"}],"curies":[{"name":"wp","href":"https:\/\/api.w.org\/{rel}","templated":true}]}}