{"id":1187,"date":"2025-11-23T12:25:33","date_gmt":"2025-11-23T12:25:33","guid":{"rendered":"https:\/\/szjialu.com\/?post_type=product&#038;p=1187"},"modified":"2025-11-23T12:25:34","modified_gmt":"2025-11-23T12:25:34","slug":"45w-pd-ladegerat-tr67acus","status":"publish","type":"product","link":"https:\/\/szjialu.com\/de\/product\/45w-pd-charger-tr67acus\/","title":{"rendered":"45W PD-Ladeger\u00e4t TR67ACUS"},"content":{"rendered":"<h2 data-start=\"791\" data-end=\"813\"><strong data-start=\"793\" data-end=\"813\">Produkt\u00fcbersicht<\/strong><\/h2>\n<p data-start=\"815\" data-end=\"1185\">Der <strong data-start=\"819\" data-end=\"846\">TR67ACUS <a href=\"https:\/\/szjialu.com\/de\/product-category\/gan-ladegerat\/45-w\/\">45-W-PD-Ladeger\u00e4t<\/a><\/strong> ist ein leistungsstarkes, hocheffizientes Schnellladeger\u00e4t, das speziell f\u00fcr die Ladeanforderungen moderner elektronischer Ger\u00e4te entwickelt wurde. Mit Unterst\u00fctzung f\u00fcr Power Delivery (PD) und Multi-Protokoll-Schnellladung liefert es bis zu <strong data-start=\"1046\" data-end=\"1053\">45 W<\/strong> \u00fcber USB-C und <strong data-start=\"1072\" data-end=\"1079\">18W<\/strong> \u00fcber USB-A, wodurch Kompatibilit\u00e4t mit Laptops, Tablets, Smartphones und anderen tragbaren Elektronikger\u00e4ten gew\u00e4hrleistet wird.<\/p>\n<p data-start=\"1187\" data-end=\"1524\">Dieses kompakte Ladeger\u00e4t ist aus robustem, flammhemmendem Material gefertigt. <strong data-start=\"1247\" data-end=\"1262\">PC-Material<\/strong> und wiegt nur <strong data-start=\"1279\" data-end=\"1286\">90 g<\/strong>, Dadurch eignet es sich ideal f\u00fcr Reisen und den t\u00e4glichen Gebrauch. Es ist mit umfassenden Schutzsystemen ausgestattet, darunter \u00dcberspannungs-, \u00dcberstrom-, Kurzschluss-, \u00dcberlastungs- und R\u00fcckstromschutz, und bietet so eine sichere und stabile Ladeleistung.<\/p>\n<p data-start=\"1526\" data-end=\"1729\">Mit zahlreichen globalen Sicherheitszertifizierungen (ETL, CE, FCC, PSE, UKCA, KC, RoHS, REACH) und einer einj\u00e4hrigen Garantie ist der TR67ACUS eine zuverl\u00e4ssige Ladel\u00f6sung sowohl f\u00fcr Endverbraucher als auch f\u00fcr OEM\/ODM-Partner.<\/p>\n<h2 data-start=\"1736\" data-end=\"1756\"><strong data-start=\"1738\" data-end=\"1756\">Spezifikationen<\/strong><\/h2>\n<div class=\"_tableContainer_1rjym_1\">\n<div class=\"group _tableWrapper_1rjym_13 flex w-fit flex-col-reverse\" tabindex=\"-1\">\n<table class=\"w-fit min-w-(--thread-content-width)\" data-start=\"1758\" data-end=\"2712\">\n<thead data-start=\"1758\" data-end=\"1789\">\n<tr data-start=\"1758\" data-end=\"1789\">\n<th data-start=\"1758\" data-end=\"1774\" data-col-size=\"sm\"><strong data-start=\"1760\" data-end=\"1773\">Parameter<\/strong><\/th>\n<th data-start=\"1774\" data-end=\"1789\" data-col-size=\"xl\"><strong data-start=\"1776\" data-end=\"1787\">Details<\/strong><\/th>\n<\/tr>\n<\/thead>\n<tbody data-start=\"1822\" data-end=\"2712\">\n<tr data-start=\"1822\" data-end=\"1859\">\n<td data-start=\"1822\" data-end=\"1841\" data-col-size=\"sm\"><strong data-start=\"1824\" data-end=\"1840\">Produktname<\/strong><\/td>\n<td data-col-size=\"xl\" data-start=\"1841\" data-end=\"1859\"><a href=\"https:\/\/szjialu.com\/de\/product\/45w-pd-ladegerat-tr67ackr\/\">45-W-PD-Ladeger\u00e4t<\/a><\/td>\n<\/tr>\n<tr data-start=\"1860\" data-end=\"1891\">\n<td data-start=\"1860\" data-end=\"1879\" data-col-size=\"sm\"><strong data-start=\"1862\" data-end=\"1878\">Modellnummer<\/strong><\/td>\n<td data-col-size=\"xl\" data-start=\"1879\" data-end=\"1891\">TR67ACUS<\/td>\n<\/tr>\n<tr data-start=\"1892\" data-end=\"1934\">\n<td data-start=\"1892\" data-end=\"1914\" data-col-size=\"sm\"><strong data-start=\"1894\" data-end=\"1913\">Herkunftsort<\/strong><\/td>\n<td data-col-size=\"xl\" data-start=\"1914\" data-end=\"1934\">China (Festland)<\/td>\n<\/tr>\n<tr data-start=\"1935\" data-end=\"2006\">\n<td data-start=\"1935\" data-end=\"1954\" data-col-size=\"sm\"><strong data-start=\"1937\" data-end=\"1953\">Anwendungen<\/strong><\/td>\n<td data-col-size=\"xl\" data-start=\"1954\" data-end=\"2006\">Laptop, Notebook, Tablet, Mobiltelefon und mehr<\/td>\n<\/tr>\n<tr data-start=\"2007\" data-end=\"2046\">\n<td data-start=\"2007\" data-end=\"2019\" data-col-size=\"sm\"><strong data-start=\"2009\" data-end=\"2018\">Eingang<\/strong><\/td>\n<td data-col-size=\"xl\" data-start=\"2019\" data-end=\"2046\">100\u2013240 V, 50\/60 Hz, 1,5 A<\/td>\n<\/tr>\n<tr data-start=\"2047\" data-end=\"2273\">\n<td data-start=\"2047\" data-end=\"2060\" data-col-size=\"sm\"><strong data-start=\"2049\" data-end=\"2059\">Ausgabe<\/strong><\/td>\n<td data-col-size=\"xl\" data-start=\"2060\" data-end=\"2273\"><strong data-start=\"2062\" data-end=\"2072\">USB-C:<\/strong> 5V\/3A, 9V\/3A, 12V\/3A, 15V\/3A, 20V\/2,25A (45W)<br \/>\n<strong data-start=\"2122\" data-end=\"2132\">USB-A:<\/strong> 5V\/3A, 9V\/2A, 12V\/1,5A (18W)<br \/>\n<strong data-start=\"2165\" data-end=\"2188\">A + C gleichzeitig:<\/strong><br \/>\n\u2013 USB-A: 5 V\/2,4 A<br \/>\n\u2013 USB-C: 5V\/3A, 9V\/3A, 12V\/2,5A, 15V\/2A, 20V\/1,5A (30W Max)<\/td>\n<\/tr>\n<tr data-start=\"2274\" data-end=\"2303\">\n<td data-start=\"2274\" data-end=\"2287\" data-col-size=\"sm\"><strong data-start=\"2276\" data-end=\"2286\">Farben<\/strong><\/td>\n<td data-col-size=\"xl\" data-start=\"2287\" data-end=\"2303\">Schwarz, Wei\u00df<\/td>\n<\/tr>\n<tr data-start=\"2304\" data-end=\"2357\">\n<td data-start=\"2304\" data-end=\"2319\" data-col-size=\"sm\"><strong data-start=\"2306\" data-end=\"2318\">Material<\/strong><\/td>\n<td data-col-size=\"xl\" data-start=\"2319\" data-end=\"2357\">PC (flammhemmendes Polycarbonat)<\/td>\n<\/tr>\n<tr data-start=\"2358\" data-end=\"2378\">\n<td data-start=\"2358\" data-end=\"2371\" data-col-size=\"sm\"><strong data-start=\"2360\" data-end=\"2370\">Gewicht<\/strong><\/td>\n<td data-col-size=\"xl\" data-start=\"2371\" data-end=\"2378\">90 g<\/td>\n<\/tr>\n<tr data-start=\"2379\" data-end=\"2411\">\n<td data-start=\"2379\" data-end=\"2393\" data-col-size=\"sm\"><strong data-start=\"2381\" data-end=\"2392\">Verpackung<\/strong><\/td>\n<td data-col-size=\"xl\" data-start=\"2393\" data-end=\"2411\">Einzelhandelsverpackung<\/td>\n<\/tr>\n<tr data-start=\"2412\" data-end=\"2506\">\n<td data-start=\"2412\" data-end=\"2429\" data-col-size=\"sm\"><strong data-start=\"2414\" data-end=\"2428\">Schutz<\/strong><\/td>\n<td data-col-size=\"xl\" data-start=\"2429\" data-end=\"2506\">Kurzschluss-, \u00dcberspannungs-, \u00dcberstrom-, \u00dcberlast- und R\u00fcckflussschutz<\/td>\n<\/tr>\n<tr data-start=\"2507\" data-end=\"2536\">\n<td data-start=\"2507\" data-end=\"2524\" data-col-size=\"sm\"><strong data-start=\"2509\" data-end=\"2523\">Effizienz<\/strong><\/td>\n<td data-col-size=\"xl\" data-start=\"2524\" data-end=\"2536\">Stufe VI<\/td>\n<\/tr>\n<tr data-start=\"2537\" data-end=\"2602\">\n<td data-start=\"2537\" data-end=\"2558\" data-col-size=\"sm\"><strong data-start=\"2539\" data-end=\"2557\">Zertifizierungen<\/strong><\/td>\n<td data-col-size=\"xl\" data-start=\"2558\" data-end=\"2602\">ETL, CE, FCC, PSE, UKCA, KC, RoHS, REACH<\/td>\n<\/tr>\n<tr data-start=\"2603\" data-end=\"2628\">\n<td data-start=\"2603\" data-end=\"2618\" data-col-size=\"sm\"><strong data-start=\"2605\" data-end=\"2617\">Garantie<\/strong><\/td>\n<td data-col-size=\"xl\" data-start=\"2618\" data-end=\"2628\">1 Jahr<\/td>\n<\/tr>\n<tr data-start=\"2629\" data-end=\"2671\">\n<td data-start=\"2629\" data-end=\"2657\" data-col-size=\"sm\"><strong data-start=\"2631\" data-end=\"2656\">Betriebstemperatur<\/strong><\/td>\n<td data-col-size=\"xl\" data-start=\"2657\" data-end=\"2671\">\u201320\u2103 ~ 55\u2103<\/td>\n<\/tr>\n<tr data-start=\"2672\" data-end=\"2712\">\n<td data-start=\"2672\" data-end=\"2698\" data-col-size=\"sm\"><strong data-start=\"2674\" data-end=\"2697\">Lagertemperatur<\/strong><\/td>\n<td data-col-size=\"xl\" data-start=\"2698\" data-end=\"2712\">\u201340\u2103 ~ 70\u2103<\/td>\n<\/tr>\n<\/tbody>\n<\/table>\n<\/div>\n<\/div>\n<h2 data-start=\"2719\" data-end=\"2743\"><strong data-start=\"2721\" data-end=\"2743\">Wichtigste Verkaufsargumente<\/strong><\/h2>\n<h3 data-start=\"2745\" data-end=\"2780\"><strong data-start=\"2749\" data-end=\"2780\">1. 45-W-USB-C-Stromversorgung<\/strong><\/h3>\n<p data-start=\"2781\" data-end=\"2940\">Unterst\u00fctzt PD-Schnellladung bis zu <strong data-start=\"2813\" data-end=\"2820\">45 W<\/strong>, Ideal f\u00fcr kompatible Laptops, Tablets und Smartphones. Sorgt f\u00fcr stabiles und schnelles Laden von Ger\u00e4ten mit hohem Strombedarf.<\/p>\n<h3 data-start=\"2942\" data-end=\"2974\"><strong data-start=\"2946\" data-end=\"2974\">2. Flexibilit\u00e4t dank zweier Anschl\u00fcsse<\/strong><\/h3>\n<p data-start=\"2975\" data-end=\"3095\">Bietet <strong data-start=\"2984\" data-end=\"3001\">USB-C + USB-A<\/strong> Ausg\u00e4nge, die das gleichzeitige Laden von zwei Ger\u00e4ten mit bis zu <strong data-start=\"3068\" data-end=\"3094\">30 W Gesamtleistung (geteilt)<\/strong>.<\/p>\n<h3 data-start=\"3097\" data-end=\"3141\"><strong data-start=\"3101\" data-end=\"3141\">3. Intelligente Unterst\u00fctzung f\u00fcr verschiedene Spannungen<\/strong><\/h3>\n<p data-start=\"3142\" data-end=\"3235\">Die Spannung wird automatisch angepasst (5V\u201320V), um ein optimales Laden f\u00fcr verschiedene Ger\u00e4tetypen zu gew\u00e4hrleisten.<\/p>\n<h3 data-start=\"3237\" data-end=\"3279\"><strong data-start=\"3241\" data-end=\"3279\">4. Leicht und reisefreundlich<\/strong><\/h3>\n<p data-start=\"3280\" data-end=\"3344\">Kompaktes Geh\u00e4use und einfach <strong data-start=\"3302\" data-end=\"3309\">90 g<\/strong> Gewicht f\u00fcr m\u00fchelosen Transport.<\/p>\n<h3 data-start=\"3346\" data-end=\"3388\"><strong data-start=\"3350\" data-end=\"3388\">5. Umfassender Sicherheitsschutz<\/strong><\/h3>\n<p data-start=\"3389\" data-end=\"3518\">Eingebaute Systeme gew\u00e4hrleisten sicheres Laden durch Schutz vor Kurzschl\u00fcssen, \u00dcberspannung, \u00dcberstrom, \u00dcberlastung und R\u00fcckstrom.<\/p>\n<h3 data-start=\"3520\" data-end=\"3557\"><strong data-start=\"3524\" data-end=\"3557\">6. Bereit f\u00fcr globale Zertifizierungen<\/strong><\/h3>\n<p data-start=\"3558\" data-end=\"3732\">Das Ladeger\u00e4t erf\u00fcllt internationale Sicherheits- und Umweltstandards, einschlie\u00dflich <strong data-start=\"3636\" data-end=\"3684\">ETL, CE, FCC, PSE, UKCA, KC, RoHS und REACH<\/strong>, wodurch es sich f\u00fcr den weltweiten Vertrieb eignet.<\/p>\n<h3 data-start=\"3734\" data-end=\"3764\"><strong data-start=\"3738\" data-end=\"3764\">7. Strapazierf\u00e4higes PC-Material<\/strong><\/h3>\n<p data-start=\"3765\" data-end=\"3848\">Flammhemmendes Polycarbonat bietet Langlebigkeit, Hitzebest\u00e4ndigkeit und langfristige Zuverl\u00e4ssigkeit.<\/p>\n<h3 data-start=\"3850\" data-end=\"3877\"><strong data-start=\"3854\" data-end=\"3877\">8. OEM\/ODM-freundlich<\/strong><\/h3>\n<p data-start=\"3878\" data-end=\"3974\">Vollst\u00e4ndig anpassbar f\u00fcr Markeninhaber und Vertriebsh\u00e4ndler, die Private-Label-Ladel\u00f6sungen ben\u00f6tigen.<\/p>\n<figure id=\"attachment_1191\" aria-describedby=\"caption-attachment-1191\" style=\"width: 670px\" class=\"wp-caption alignnone\"><img fetchpriority=\"high\" decoding=\"async\" class=\"wp-image-1191\" src=\"https:\/\/szjialu.com\/wp-content\/uploads\/2025\/11\/\u8be6\u60c5_01-5-218x300.jpg\" alt=\"Schnellladeger\u00e4t\" width=\"670\" height=\"922\" srcset=\"https:\/\/szjialu.com\/wp-content\/uploads\/2025\/11\/\u8be6\u60c5_01-5-218x300.jpg 218w, https:\/\/szjialu.com\/wp-content\/uploads\/2025\/11\/\u8be6\u60c5_01-5-745x1024.jpg 745w, https:\/\/szjialu.com\/wp-content\/uploads\/2025\/11\/\u8be6\u60c5_01-5-768x1056.jpg 768w, https:\/\/szjialu.com\/wp-content\/uploads\/2025\/11\/\u8be6\u60c5_01-5-600x825.jpg 600w, https:\/\/szjialu.com\/wp-content\/uploads\/2025\/11\/\u8be6\u60c5_01-5-64x88.jpg 64w, https:\/\/szjialu.com\/wp-content\/uploads\/2025\/11\/\u8be6\u60c5_01-5.jpg 800w\" sizes=\"(max-width: 670px) 100vw, 670px\" \/><figcaption id=\"caption-attachment-1191\" class=\"wp-caption-text\">Schnellladeger\u00e4t<\/figcaption><\/figure>\n<h2 data-start=\"3981\" data-end=\"3999\"><strong data-start=\"3983\" data-end=\"3999\">Anwendungen<\/strong><\/h2>\n<p data-start=\"4001\" data-end=\"4052\">Das TR67ACUS 45W PD-Ladeger\u00e4t ist vielseitig einsetzbar f\u00fcr:<\/p>\n<ul data-start=\"4054\" data-end=\"4371\">\n<li data-start=\"4054\" data-end=\"4088\">\n<p data-start=\"4056\" data-end=\"4088\"><strong data-start=\"4056\" data-end=\"4088\">USB-C PD Laptops &amp; Notebooks<\/strong><\/p>\n<\/li>\n<li data-start=\"4089\" data-end=\"4135\">\n<p data-start=\"4091\" data-end=\"4135\"><strong data-start=\"4091\" data-end=\"4102\">Tabletten<\/strong> wie beispielsweise iPads und Android-Tablets<\/p>\n<\/li>\n<li data-start=\"4136\" data-end=\"4177\">\n<p data-start=\"4138\" data-end=\"4177\"><strong data-start=\"4138\" data-end=\"4153\">Smartphones<\/strong> (iPhone, Android usw.)<\/p>\n<\/li>\n<li data-start=\"4178\" data-end=\"4262\">\n<p data-start=\"4180\" data-end=\"4262\"><strong data-start=\"4180\" data-end=\"4200\">Tragbare Ger\u00e4te<\/strong> einschlie\u00dflich kabelloser Ohrh\u00f6rer, Powerbanks und tragbarer Ger\u00e4te<\/p>\n<\/li>\n<li data-start=\"4263\" data-end=\"4294\">\n<p data-start=\"4265\" data-end=\"4294\"><strong data-start=\"4265\" data-end=\"4294\">Ladel\u00f6sungen f\u00fcr unterwegs<\/strong><\/p>\n<\/li>\n<li data-start=\"4295\" data-end=\"4322\">\n<p data-start=\"4297\" data-end=\"4322\"><strong data-start=\"4297\" data-end=\"4322\">Heimarbeitspl\u00e4tze<\/strong><\/p>\n<\/li>\n<li data-start=\"4323\" data-end=\"4371\">\n<p data-start=\"4325\" data-end=\"4371\"><strong data-start=\"4325\" data-end=\"4371\">Gewerbliche oder industrielle PD-Ladesysteme<\/strong><\/p>\n<\/li>\n<\/ul>\n<h2 data-start=\"4378\" data-end=\"4429\"><strong data-start=\"4380\" data-end=\"4429\">Unternehmensvorteil (Shenzhen Jialu Technology)<\/strong><\/h2>\n<p data-start=\"4431\" data-end=\"4664\"><a href=\"https:\/\/szjialu.com\/de\/\">Shenzhen Jialu Technologie<\/a> zeichnet sich durch seine <strong data-start=\"4479\" data-end=\"4516\">fortschrittliche Produktionsanlagen<\/strong> Und <strong data-start=\"4521\" data-end=\"4556\">zuverl\u00e4ssiges Qualit\u00e4tskontrollsystem<\/strong>. Das Unternehmen betreibt ein <strong data-start=\"4581\" data-end=\"4601\">6.000 m\u00b2 Fabrik<\/strong> mit \u00fcber <strong data-start=\"4612\" data-end=\"4629\">300 Mitarbeiter<\/strong> und ein erfahrenes technisches Team.<\/p>\n<p data-start=\"4666\" data-end=\"4966\">Ihre Produktionslinien nutzen <strong data-start=\"4693\" data-end=\"4722\">automatische Testsysteme<\/strong>, <strong data-start=\"4724\" data-end=\"4747\">Alterungspr\u00fcfgestelle<\/strong>, Und <strong data-start=\"4753\" data-end=\"4789\">intelligente Inspektionsger\u00e4te<\/strong>, um extrem niedrige Fehlerraten zu gew\u00e4hrleisten. Strenge Qualit\u00e4tsmanagementsysteme (<strong data-start=\"4867\" data-end=\"4879\">ISO 9001<\/strong>, <strong data-start=\"4881\" data-end=\"4894\">ISO 14001<\/strong>, <strong data-start=\"4896\" data-end=\"4904\">BSCI<\/strong>) die Produktionskonsistenz und die Einhaltung von Umweltauflagen verbessern.<\/p>\n<p data-start=\"4968\" data-end=\"5174\">Dar\u00fcber hinaus bietet Jialu <strong data-start=\"4997\" data-end=\"5024\">starke OEM\/ODM-Dienstleistungen<\/strong>, Dies erm\u00f6glicht individuelles Produktdesign, Branding, Verpackung und Unterst\u00fctzung bei der Zertifizierung. Diese Kompetenz macht sie zu einem vertrauensw\u00fcrdigen Lieferanten auf globalen M\u00e4rkten.<\/p>\n<h2 data-start=\"5181\" data-end=\"5198\"><strong data-start=\"5183\" data-end=\"5198\">Produkt-FAQ<\/strong><\/h2>\n<p data-start=\"5200\" data-end=\"5352\"><strong data-start=\"5200\" data-end=\"5250\">Frage 1: Unterst\u00fctzt der TR67ACUS das Laden von Laptops?<\/strong><br data-start=\"5250\" data-end=\"5253\" \/>Ja. Es unterst\u00fctzt USB-C PD-Laden bis zu <strong data-start=\"5294\" data-end=\"5301\">45 W<\/strong>, Geeignet f\u00fcr PD-kompatible Laptops und Notebooks.<\/p>\n<p data-start=\"5354\" data-end=\"5504\"><strong data-start=\"5354\" data-end=\"5396\">Frage 2: Kann es zwei Ger\u00e4te gleichzeitig aufladen?<\/strong><br data-start=\"5396\" data-end=\"5399\" \/>Ja. Bei gleichzeitiger Verwendung von USB-C und USB-A betr\u00e4gt die Gesamtausgangsleistung bis zu <strong data-start=\"5469\" data-end=\"5476\">30 W<\/strong>, intelligent verteilt.<\/p>\n<p data-start=\"5506\" data-end=\"5637\"><strong data-start=\"5506\" data-end=\"5550\">Frage 3: Welches Kabel wird f\u00fcr eine Ausgangsleistung von 45 W ben\u00f6tigt?<\/strong><br data-start=\"5550\" data-end=\"5553\" \/>Es wird ein hochwertiges USB-C-zu-USB-C-PD-Kabel empfohlen, idealerweise eines mit der entsprechenden Spezifikation. <strong data-start=\"5630\" data-end=\"5636\">5A<\/strong>.<\/p>\n<p data-start=\"5639\" data-end=\"5807\"><strong data-start=\"5639\" data-end=\"5687\">Frage 4: Ist dieses Ladeger\u00e4t f\u00fcr den Dauerbetrieb geeignet?<\/strong><br data-start=\"5687\" data-end=\"5690\" \/>Absolut. Es verf\u00fcgt \u00fcber zahlreiche Sicherheitsvorkehrungen und ist nach ETL, CE, FCC, PSE, UKCA, KC, RoHS und REACH zertifiziert.<\/p>\n<p data-start=\"5809\" data-end=\"5958\"><strong data-start=\"5809\" data-end=\"5858\">F5: Kann dieses Ladeger\u00e4t international verwendet werden?<\/strong><br data-start=\"5858\" data-end=\"5861\" \/>Ja. Es unterst\u00fctzt <strong data-start=\"5878\" data-end=\"5905\">100\u2013240 V globale Spannung<\/strong>. F\u00fcr verschiedene Regionen kann ein Steckeradapter erforderlich sein.<\/p>\n<p data-start=\"5960\" data-end=\"6091\"><strong data-start=\"5960\" data-end=\"6009\">Frage 6: Unterst\u00fctzt es Schnellladen f\u00fcr Handys?<\/strong><br data-start=\"6009\" data-end=\"6012\" \/>Ja. Sowohl USB-C PD als auch USB-A Schnellladeprotokolle (bis zu 18 W) werden unterst\u00fctzt.<\/p>\n<p data-start=\"6093\" data-end=\"6185\"><strong data-start=\"6093\" data-end=\"6122\">Frage 7: Wie sieht die Garantie aus?<\/strong><br data-start=\"6122\" data-end=\"6125\" \/>Es beinhaltet ein <strong data-start=\"6139\" data-end=\"6158\">1 Jahr Garantie<\/strong> bei Herstellungsfehlern.<\/p>","protected":false},"excerpt":{"rendered":"<p><strong data-start=\"1824\" data-end=\"1840\">Produktname: <\/strong>45-W-PD-Ladeger\u00e4t<\/p>\n<p><strong data-start=\"1862\" data-end=\"1878\">Modellnummer: <\/strong>TR67ACUS<\/p>\n<p><strong data-start=\"1894\" data-end=\"1913\">Herkunftsort: <\/strong>China (Festland)<\/p>\n<p><strong data-start=\"1937\" data-end=\"1953\">Anwendungsbereiche: <\/strong>Laptop, Notebook, Tablet, Mobiltelefon und mehr<\/p>\n<p><strong data-start=\"2009\" data-end=\"2018\">Eingang: <\/strong>100\u2013240 V, 50\/60 Hz, 1,5 A<\/p>\n<p><strong data-start=\"2049\" data-end=\"2059\">Ausgabe<\/strong><strong data-start=\"2062\" data-end=\"2072\">USB-C:<\/strong> 5V\/3A, 9V\/3A, 12V\/3A, 15V\/3A, 20V\/2,25A (45W)<br \/>\n<strong data-start=\"2122\" data-end=\"2132\">USB-A:<\/strong> 5V\/3A, 9V\/2A, 12V\/1,5A (18W)<br \/>\n<strong data-start=\"2165\" data-end=\"2188\">A + C gleichzeitig:<\/strong><br \/>\n\u2013 USB-A: 5 V\/2,4 A<br \/>\n\u2013 USB-C: 5V\/3A, 9V\/3A, 12V\/2,5A, 15V\/2A, 20V\/1,5A (30W Max)<\/p>\n<p><strong data-start=\"2276\" data-end=\"2286\">Farben: <\/strong>Schwarz, Wei\u00df<\/p>\n<p><strong data-start=\"2306\" data-end=\"2318\">Material: <\/strong>PC (flammhemmendes Polycarbonat)<\/p>\n<p><strong data-start=\"2360\" data-end=\"2370\">Gewicht: <\/strong>90 g<\/p>\n<p><strong data-start=\"2381\" data-end=\"2392\">Verpackung: <\/strong>Einzelhandelsverpackung<\/p>\n<p><strong data-start=\"2414\" data-end=\"2428\">Schutz: <\/strong>Kurzschluss-, \u00dcberspannungs-, \u00dcberstrom-, \u00dcberlast- und R\u00fcckflussschutz<\/p>","protected":false},"featured_media":1188,"comment_status":"closed","ping_status":"closed","template":"","meta":{"_acf_changed":false,"site-sidebar-layout":"default","site-content-layout":"","ast-site-content-layout":"default","site-content-style":"default","site-sidebar-style":"default","ast-global-header-display":"","ast-banner-title-visibility":"","ast-main-header-display":"","ast-hfb-above-header-display":"","ast-hfb-below-header-display":"","ast-hfb-mobile-header-display":"","site-post-title":"","ast-breadcrumbs-content":"","ast-featured-img":"","footer-sml-layout":"","ast-disable-related-posts":"","theme-transparent-header-meta":"default","adv-header-id-meta":"","stick-header-meta":"","header-above-stick-meta":"","header-main-stick-meta":"","header-below-stick-meta":"","astra-migrate-meta-layouts":"set","ast-page-background-enabled":"default","ast-page-background-meta":{"desktop":{"background-color":"var(--ast-global-color-5)","background-image":"","background-repeat":"repeat","background-position":"center center","background-size":"auto","background-attachment":"scroll","background-type":"","background-media":"","overlay-type":"","overlay-color":"","overlay-opacity":"","overlay-gradient":""},"tablet":{"background-color":"","background-image":"","background-repeat":"repeat","background-position":"center center","background-size":"auto","background-attachment":"scroll","background-type":"","background-media":"","overlay-type":"","overlay-color":"","overlay-opacity":"","overlay-gradient":""},"mobile":{"background-color":"","background-image":"","background-repeat":"repeat","background-position":"center center","background-size":"auto","background-attachment":"scroll","background-type":"","background-media":"","overlay-type":"","overlay-color":"","overlay-opacity":"","overlay-gradient":""}},"ast-content-background-meta":{"desktop":{"background-color":"var(--ast-global-color-4)","background-image":"","background-repeat":"repeat","background-position":"center center","background-size":"auto","background-attachment":"scroll","background-type":"","background-media":"","overlay-type":"","overlay-color":"","overlay-opacity":"","overlay-gradient":""},"tablet":{"background-color":"var(--ast-global-color-4)","background-image":"","background-repeat":"repeat","background-position":"center center","background-size":"auto","background-attachment":"scroll","background-type":"","background-media":"","overlay-type":"","overlay-color":"","overlay-opacity":"","overlay-gradient":""},"mobile":{"background-color":"var(--ast-global-color-4)","background-image":"","background-repeat":"repeat","background-position":"center center","background-size":"auto","background-attachment":"scroll","background-type":"","background-media":"","overlay-type":"","overlay-color":"","overlay-opacity":"","overlay-gradient":""}}},"product_brand":[],"product_cat":[30,47],"product_tag":[88,99,101,89],"class_list":{"0":"post-1187","1":"product","2":"type-product","3":"status-publish","4":"has-post-thumbnail","6":"product_cat-gan-charger","7":"product_cat-45w","8":"product_tag-45w-pd-charger","9":"product_tag-dual-port-charger","10":"product_tag-universal-pd-charger","11":"product_tag-usb-c-fast-charger","12":"desktop-align-left","13":"tablet-align-left","14":"mobile-align-left","16":"first","17":"instock","18":"shipping-taxable","19":"product-type-simple"},"acf":[],"_links":{"self":[{"href":"https:\/\/szjialu.com\/de\/wp-json\/wp\/v2\/product\/1187","targetHints":{"allow":["GET"]}}],"collection":[{"href":"https:\/\/szjialu.com\/de\/wp-json\/wp\/v2\/product"}],"about":[{"href":"https:\/\/szjialu.com\/de\/wp-json\/wp\/v2\/types\/product"}],"replies":[{"embeddable":true,"href":"https:\/\/szjialu.com\/de\/wp-json\/wp\/v2\/comments?post=1187"}],"wp:featuredmedia":[{"embeddable":true,"href":"https:\/\/szjialu.com\/de\/wp-json\/wp\/v2\/media\/1188"}],"wp:attachment":[{"href":"https:\/\/szjialu.com\/de\/wp-json\/wp\/v2\/media?parent=1187"}],"wp:term":[{"taxonomy":"product_brand","embeddable":true,"href":"https:\/\/szjialu.com\/de\/wp-json\/wp\/v2\/product_brand?post=1187"},{"taxonomy":"product_cat","embeddable":true,"href":"https:\/\/szjialu.com\/de\/wp-json\/wp\/v2\/product_cat?post=1187"},{"taxonomy":"product_tag","embeddable":true,"href":"https:\/\/szjialu.com\/de\/wp-json\/wp\/v2\/product_tag?post=1187"}],"curies":[{"name":"wp","href":"https:\/\/api.w.org\/{rel}","templated":true}]}}