{"id":1182,"date":"2025-11-23T12:04:21","date_gmt":"2025-11-23T12:04:21","guid":{"rendered":"https:\/\/szjialu.com\/?post_type=product&#038;p=1182"},"modified":"2025-11-23T12:04:22","modified_gmt":"2025-11-23T12:04:22","slug":"45w-pd-ladegerat-tr67ackr","status":"publish","type":"product","link":"https:\/\/szjialu.com\/de\/product\/45w-pd-charger-tr67ackr\/","title":{"rendered":"45W PD-Ladeger\u00e4t TR67ACKR"},"content":{"rendered":"<h2 data-start=\"863\" data-end=\"882\">Produkt\u00fcbersicht<\/h2>\n<p data-start=\"884\" data-end=\"1304\">Der <strong data-start=\"888\" data-end=\"923\"><a href=\"https:\/\/szjialu.com\/de\/product-category\/gan-ladegerat\/45-w\/\">45-W-PD-Ladeger\u00e4t<\/a> (Modell TR67ACKR)<\/strong> Das Netzteil von Shenzhen Jialu Technology ist ein vielseitiges, kompaktes und hocheffizientes Ger\u00e4t, das schnelles und zuverl\u00e4ssiges Laden f\u00fcr eine breite Palette von Ger\u00e4ten erm\u00f6glicht. Es liefert bis zu \u2026 <strong data-start=\"1119\" data-end=\"1127\">45 W<\/strong> \u00fcber USB-C und bis zu <strong data-start=\"1153\" data-end=\"1161\">18 W<\/strong> Dieses Ladeger\u00e4t verf\u00fcgt \u00fcber einen USB-A-Anschluss, unterst\u00fctzt Power Delivery (PD) und mehrere Spannungsstufen, um den Anforderungen von Laptops, Tablets, Smartphones und mehr gerecht zu werden.<\/p>\n<p data-start=\"1306\" data-end=\"1749\">Dank seines robusten Polycarbonat-Geh\u00e4uses (PC) ist dieses Ladeger\u00e4t leicht (nur <strong data-start=\"1387\" data-end=\"1395\">90 g<\/strong>) und reisefreundlich. Trotz seiner kompakten Bauweise bietet es umfassenden Schutz (Kurzschluss-, \u00dcberspannungs-, \u00dcberstrom-, \u00dcberlast- und R\u00fcckflussschutz) f\u00fcr einen sicheren und stabilen Betrieb. Es ist nach wichtigen Sicherheits- und Umweltstandards zertifiziert \u2013 <strong data-start=\"1660\" data-end=\"1698\">ETL, CE, FCC, PSE, UKCA, KC, RoHS,<\/strong> Und <strong data-start=\"1703\" data-end=\"1712\">ERREICHEN<\/strong> \u2013 und mit einer einj\u00e4hrigen Garantie.<\/p>\n<h2 data-start=\"1756\" data-end=\"1773\">Spezifikationen<\/h2>\n<div class=\"_tableContainer_1rjym_1\">\n<div class=\"group _tableWrapper_1rjym_13 flex w-fit flex-col-reverse\" tabindex=\"-1\">\n<table class=\"w-fit min-w-(--thread-content-width)\" data-start=\"1775\" data-end=\"2604\">\n<thead data-start=\"1775\" data-end=\"1798\">\n<tr data-start=\"1775\" data-end=\"1798\">\n<th data-start=\"1775\" data-end=\"1787\" data-col-size=\"sm\">Parameter<\/th>\n<th data-start=\"1787\" data-end=\"1798\" data-col-size=\"xl\">Details<\/th>\n<\/tr>\n<\/thead>\n<tbody data-start=\"1809\" data-end=\"2604\">\n<tr data-start=\"1809\" data-end=\"1840\">\n<td data-start=\"1809\" data-end=\"1828\" data-col-size=\"sm\"><strong data-start=\"1811\" data-end=\"1827\">Modellnummer<\/strong><\/td>\n<td data-col-size=\"xl\" data-start=\"1828\" data-end=\"1840\">TR67ACKR<\/td>\n<\/tr>\n<tr data-start=\"1841\" data-end=\"1893\">\n<td data-start=\"1841\" data-end=\"1863\" data-col-size=\"sm\"><strong data-start=\"1843\" data-end=\"1862\">Herkunftsort<\/strong><\/td>\n<td data-col-size=\"xl\" data-start=\"1863\" data-end=\"1893\">Shenzhen, China (Festland)<\/td>\n<\/tr>\n<tr data-start=\"1894\" data-end=\"1939\">\n<td data-start=\"1894\" data-end=\"1906\" data-col-size=\"sm\"><strong data-start=\"1896\" data-end=\"1905\">Eingang<\/strong><\/td>\n<td data-start=\"1906\" data-end=\"1939\" data-col-size=\"xl\">100\u2013240 V Wechselstrom, 50\/60 Hz, 1,5 A<\/td>\n<\/tr>\n<tr data-start=\"1940\" data-end=\"2195\">\n<td data-start=\"1940\" data-end=\"1953\" data-col-size=\"sm\"><strong data-start=\"1942\" data-end=\"1952\">Ausgabe<\/strong><\/td>\n<td data-col-size=\"xl\" data-start=\"1953\" data-end=\"2195\"><strong data-start=\"1955\" data-end=\"1964\">USB-C<\/strong>: 5 V\/3 A, 9 V\/3 A, 12 V\/3 A, 15 V\/3 A, 20 V\/2,25 A (45 W)<br \/>\n<strong data-start=\"2026\" data-end=\"2035\">USB-A<\/strong>: 5 V\/3 A, 9 V\/2 A, 12 V\/1,5 A (18 W)<br \/>\n<strong data-start=\"2076\" data-end=\"2100\">Gleichzeitig (A + C)<\/strong>:<br \/>\n\u2013 USB-A: 5 V\/2,4 A<br \/>\n\u2013 USB-C: 5 V\/3 A, 9 V\/3 A, 12 V\/2,5 A, 15 V\/2 A, 20 V\/1,5 A (30 W)<\/td>\n<\/tr>\n<tr data-start=\"2196\" data-end=\"2225\">\n<td data-start=\"2196\" data-end=\"2209\" data-col-size=\"sm\"><strong data-start=\"2198\" data-end=\"2208\">Farben<\/strong><\/td>\n<td data-start=\"2209\" data-end=\"2225\" data-col-size=\"xl\">Schwarz, Wei\u00df<\/td>\n<\/tr>\n<tr data-start=\"2226\" data-end=\"2263\">\n<td data-start=\"2226\" data-end=\"2241\" data-col-size=\"sm\"><strong data-start=\"2228\" data-end=\"2240\">Material<\/strong><\/td>\n<td data-start=\"2241\" data-end=\"2263\" data-col-size=\"xl\">Polycarbonat (PC)<\/td>\n<\/tr>\n<tr data-start=\"2264\" data-end=\"2285\">\n<td data-start=\"2264\" data-end=\"2277\" data-col-size=\"sm\"><strong data-start=\"2266\" data-end=\"2276\">Gewicht<\/strong><\/td>\n<td data-start=\"2277\" data-end=\"2285\" data-col-size=\"xl\">90 g<\/td>\n<\/tr>\n<tr data-start=\"2286\" data-end=\"2388\">\n<td data-start=\"2286\" data-end=\"2312\" data-col-size=\"sm\"><strong data-start=\"2288\" data-end=\"2311\">Schutzfunktionen<\/strong><\/td>\n<td data-col-size=\"xl\" data-start=\"2312\" data-end=\"2388\">Kurzschluss-, \u00dcberspannungs-, \u00dcberstrom-, \u00dcberlast- und R\u00fcckflussschutz<\/td>\n<\/tr>\n<tr data-start=\"2389\" data-end=\"2418\">\n<td data-start=\"2389\" data-end=\"2412\" data-col-size=\"sm\"><strong data-start=\"2391\" data-end=\"2411\">Effizienzniveau<\/strong><\/td>\n<td data-col-size=\"xl\" data-start=\"2412\" data-end=\"2418\">VI<\/td>\n<\/tr>\n<tr data-start=\"2419\" data-end=\"2484\">\n<td data-start=\"2419\" data-end=\"2440\" data-col-size=\"sm\"><strong data-start=\"2421\" data-end=\"2439\">Zertifizierungen<\/strong><\/td>\n<td data-col-size=\"xl\" data-start=\"2440\" data-end=\"2484\">ETL, CE, FCC, PSE, UKCA, KC, RoHS, REACH<\/td>\n<\/tr>\n<tr data-start=\"2485\" data-end=\"2510\">\n<td data-start=\"2485\" data-end=\"2500\" data-col-size=\"sm\"><strong data-start=\"2487\" data-end=\"2499\">Garantie<\/strong><\/td>\n<td data-start=\"2500\" data-end=\"2510\" data-col-size=\"xl\">1 Jahr<\/td>\n<\/tr>\n<tr data-start=\"2511\" data-end=\"2558\">\n<td data-start=\"2511\" data-end=\"2539\" data-col-size=\"sm\"><strong data-start=\"2513\" data-end=\"2538\">Betriebstemperatur<\/strong><\/td>\n<td data-col-size=\"xl\" data-start=\"2539\" data-end=\"2558\">\u201320 \u00b0C bis 55 \u00b0C<\/td>\n<\/tr>\n<tr data-start=\"2559\" data-end=\"2604\">\n<td data-start=\"2559\" data-end=\"2585\" data-col-size=\"sm\"><strong data-start=\"2561\" data-end=\"2584\">Lagertemperatur<\/strong><\/td>\n<td data-col-size=\"xl\" data-start=\"2585\" data-end=\"2604\">\u201340 \u00b0C bis 70 \u00b0C<\/td>\n<\/tr>\n<\/tbody>\n<\/table>\n<\/div>\n<\/div>\n<h2 data-start=\"2611\" data-end=\"2632\">Wichtigste Verkaufsargumente<\/h2>\n<ol data-start=\"2634\" data-end=\"3822\">\n<li data-start=\"2634\" data-end=\"2768\">\n<p data-start=\"2637\" data-end=\"2768\"><strong data-start=\"2637\" data-end=\"2662\">Hochleistungs-PD-Ausgang:<\/strong> Liefert 45 W \u00fcber USB-C, ideal zum Schnellladen von Laptops, Tablets und anderen PD-kompatiblen Ger\u00e4ten.<\/p>\n<\/li>\n<li data-start=\"2769\" data-end=\"2943\">\n<p data-start=\"2772\" data-end=\"2943\"><strong data-start=\"2772\" data-end=\"2798\">Dual-Port-Flexibilit\u00e4t:<\/strong> Bietet sowohl USB-C- als auch USB-A-Ausg\u00e4nge; unterst\u00fctzt gleichzeitiges Laden (bis zu 30 W kombiniert), was es f\u00fcr Benutzer mit unterschiedlichen Ger\u00e4ten praktisch macht.<\/p>\n<\/li>\n<li data-start=\"2944\" data-end=\"3091\">\n<p data-start=\"2947\" data-end=\"3091\"><strong data-start=\"2947\" data-end=\"2973\">Unterst\u00fctzung f\u00fcr verschiedene Spannungen:<\/strong> Unterst\u00fctzt einen breiten Spannungsbereich (5 V bis 20 V), ist mit vielen Ger\u00e4ten kompatibel und erm\u00f6glicht eine intelligente Stromversorgung.<\/p>\n<\/li>\n<li data-start=\"3092\" data-end=\"3297\">\n<p data-start=\"3095\" data-end=\"3297\"><strong data-start=\"3095\" data-end=\"3125\">Robuste Sicherheitsvorkehrungen:<\/strong> Ausgestattet mit mehreren Schutzmechanismen (Kurzschluss, \u00dcberspannung, \u00dcberstrom, \u00dcberlastung, R\u00fcckfluss), die die Sicherheit sowohl des Ladeger\u00e4ts als auch der angeschlossenen Ger\u00e4te gew\u00e4hrleisten.<\/p>\n<\/li>\n<li data-start=\"3298\" data-end=\"3470\">\n<p data-start=\"3301\" data-end=\"3470\"><strong data-start=\"3301\" data-end=\"3323\">Globale Compliance:<\/strong> Zertifiziert nach internationalen Sicherheits- und Qualit\u00e4tsstandards \u2013 ETL, CE, FCC, PSE, UKCA, KC, RoHS, REACH \u2013 und somit zuverl\u00e4ssig f\u00fcr den weltweiten Vertrieb.<\/p>\n<\/li>\n<li data-start=\"3471\" data-end=\"3579\">\n<p data-start=\"3474\" data-end=\"3579\"><strong data-start=\"3474\" data-end=\"3500\">Kompakt und leicht:<\/strong> Kompakte Form und nur 90 g Gewicht, ideal f\u00fcr Reisen oder den t\u00e4glichen Gebrauch.<\/p>\n<\/li>\n<li data-start=\"3580\" data-end=\"3710\">\n<p data-start=\"3583\" data-end=\"3710\"><strong data-start=\"3583\" data-end=\"3610\">Langlebiges Konstruktionsmaterial:<\/strong> Hergestellt aus flammhemmendem Polycarbonat (PC), bietet es eine lange Haltbarkeit ohne unn\u00f6tiges Gewicht.<\/p>\n<\/li>\n<li data-start=\"3711\" data-end=\"3822\">\n<p data-start=\"3714\" data-end=\"3822\"><strong data-start=\"3714\" data-end=\"3736\">Einj\u00e4hrige Garantie:<\/strong> Bietet Sicherheit durch eine standardm\u00e4\u00dfige einj\u00e4hrige Garantie auf Herstellungsfehler.<\/p>\n<\/li>\n<\/ol>\n<figure id=\"attachment_1186\" aria-describedby=\"caption-attachment-1186\" style=\"width: 580px\" class=\"wp-caption alignnone\"><img fetchpriority=\"high\" decoding=\"async\" class=\"wp-image-1186\" src=\"https:\/\/szjialu.com\/wp-content\/uploads\/2025\/11\/\u8be6\u60c5_01-4-218x300.jpg\" alt=\"USB-C 45W\" width=\"580\" height=\"798\" srcset=\"https:\/\/szjialu.com\/wp-content\/uploads\/2025\/11\/\u8be6\u60c5_01-4-218x300.jpg 218w, https:\/\/szjialu.com\/wp-content\/uploads\/2025\/11\/\u8be6\u60c5_01-4-745x1024.jpg 745w, https:\/\/szjialu.com\/wp-content\/uploads\/2025\/11\/\u8be6\u60c5_01-4-768x1056.jpg 768w, https:\/\/szjialu.com\/wp-content\/uploads\/2025\/11\/\u8be6\u60c5_01-4-600x825.jpg 600w, https:\/\/szjialu.com\/wp-content\/uploads\/2025\/11\/\u8be6\u60c5_01-4-64x88.jpg 64w, https:\/\/szjialu.com\/wp-content\/uploads\/2025\/11\/\u8be6\u60c5_01-4.jpg 800w\" sizes=\"(max-width: 580px) 100vw, 580px\" \/><figcaption id=\"caption-attachment-1186\" class=\"wp-caption-text\">USB-C 45W<\/figcaption><\/figure>\n<h2 data-start=\"3829\" data-end=\"3844\">Anwendungen<\/h2>\n<p data-start=\"3846\" data-end=\"3899\">Das TR67ACKR 45 W PD-Ladeger\u00e4t ist perfekt geeignet f\u00fcr:<\/p>\n<ul data-start=\"3901\" data-end=\"4409\">\n<li data-start=\"3901\" data-end=\"3996\">\n<p data-start=\"3903\" data-end=\"3996\"><strong data-start=\"3903\" data-end=\"3927\">Laptops &amp; Notebooks:<\/strong> Ultrabooks und andere kleine Laptops, die USB-C PD-Laden unterst\u00fctzen.<\/p>\n<\/li>\n<li data-start=\"3997\" data-end=\"4067\">\n<p data-start=\"3999\" data-end=\"4067\"><strong data-start=\"3999\" data-end=\"4011\">Tabletten:<\/strong> iPads, Android-Tablets und andere PD-f\u00e4hige Tablets.<\/p>\n<\/li>\n<li data-start=\"4068\" data-end=\"4171\">\n<p data-start=\"4070\" data-end=\"4171\"><strong data-start=\"4070\" data-end=\"4086\">Smartphones:<\/strong> Schnellladen f\u00fcr moderne Smartphones \u00fcber USB-C oder USB-A (je nach Kabel).<\/p>\n<\/li>\n<li data-start=\"4172\" data-end=\"4280\">\n<p data-start=\"4174\" data-end=\"4280\"><strong data-start=\"4174\" data-end=\"4195\">Tragbare Ger\u00e4te:<\/strong> E-Reader, kabellose Kopfh\u00f6rer, Bluetooth-Lautsprecher und andere USB-betriebene Ger\u00e4te.<\/p>\n<\/li>\n<li data-start=\"4281\" data-end=\"4409\">\n<p data-start=\"4283\" data-end=\"4409\"><strong data-start=\"4283\" data-end=\"4306\">Laden unterwegs:<\/strong> F\u00fcr Gesch\u00e4ftsreisen, Pendelfahrten oder Remote-Arbeitsumgebungen, in denen ein zuverl\u00e4ssiger Hochleistungsadapter unerl\u00e4sslich ist.<\/p>\n<\/li>\n<\/ul>\n<h2 data-start=\"4416\" data-end=\"4455\">Unternehmensvorteil (Jialu Technology)<\/h2>\n<p data-start=\"4457\" data-end=\"4817\">Einer von <a href=\"https:\/\/szjialu.com\/de\/\"><strong data-start=\"4464\" data-end=\"4495\">Shenzhen Jialu Technology<\/strong><\/a> Die wichtigsten Vorteile liegen in seiner <strong data-start=\"4523\" data-end=\"4585\">starke Fertigungsinfrastruktur und Qualit\u00e4tsverpflichtung<\/strong>. Laut ihrer Website betreiben sie ein <strong data-start=\"4630\" data-end=\"4662\">6.000 m\u00b2 gro\u00dfe Fabrik in Shenzhen<\/strong>, mit ungef\u00e4hr <strong data-start=\"4683\" data-end=\"4700\">300 Mitarbeiter<\/strong> (einschlie\u00dflich \u00fcber 40 hochqualifizierter technischer Mitarbeiter), was eine Produktion in gro\u00dfem Umfang erm\u00f6glicht.<\/p>\n<p data-start=\"4819\" data-end=\"5033\">Sie haben sich integriert <strong data-start=\"4840\" data-end=\"4884\">automatisierte Montage- und Pr\u00fcfger\u00e4te<\/strong>, wie z. B. automatische Leistungspr\u00fcfsysteme und Alterungstests, die dazu beitragen, die Fehlerraten zu senken <strong data-start=\"4977\" data-end=\"4992\">unter 1 ppm<\/strong>.<\/p>\n<p data-start=\"5035\" data-end=\"5254\">Dar\u00fcber hinaus verf\u00fcgt Jialu \u00fcber wichtige internationale Zertifizierungen \u2014 <strong data-start=\"5098\" data-end=\"5110\">ISO 9001<\/strong> f\u00fcr das Qualit\u00e4tsmanagement, <strong data-start=\"5135\" data-end=\"5148\">ISO 14001<\/strong> f\u00fcr das Umweltmanagement und <strong data-start=\"5183\" data-end=\"5191\">BSCI<\/strong> zur Einhaltung sozialer Normen.<\/p>\n<p data-start=\"5256\" data-end=\"5446\">Schlie\u00dflich unterst\u00fctzt ihr Gesch\u00e4ftsmodell <strong data-start=\"5295\" data-end=\"5320\">OEM\/ODM-Anpassung<\/strong>, Dadurch k\u00f6nnen Partner die Designs an ihre eigene Markenidentit\u00e4t oder spezifische Anforderungen anpassen.<\/p>\n<p data-start=\"5448\" data-end=\"5613\">Diese Kombination aus Skaleneffekten, Automatisierung, Zertifizierung und Anpassungsf\u00e4higkeit macht Jialu zu einem zuverl\u00e4ssigen Partner f\u00fcr die weltweite Produktion hochwertiger Netzteile.<\/p>\n<h2 data-start=\"5620\" data-end=\"5634\">Produkt-FAQ<\/h2>\n<p data-start=\"5636\" data-end=\"5945\"><strong data-start=\"5636\" data-end=\"5692\">Frage 1: Ist das 45-W-PD-Ladeger\u00e4t mit meinem Laptop kompatibel?<\/strong><br data-start=\"5692\" data-end=\"5695\" \/><strong data-start=\"5695\" data-end=\"5701\">A:<\/strong> Ja \u2013 sofern Ihr Laptop USB-C Power Delivery (PD) unterst\u00fctzt, liefert dieses Ladeger\u00e4t bis zu 45 W (20 V \/ 2,25 A). Pr\u00fcfen Sie die Leistungsaufnahme Ihres Ger\u00e4ts; ben\u00f6tigt es mehr als 45 W, l\u00e4dt dieses Ladeger\u00e4t m\u00f6glicherweise langsamer als das Originalnetzteil.<\/p>\n<p data-start=\"5947\" data-end=\"6199\"><strong data-start=\"5947\" data-end=\"6006\">F2: Kann ich mit diesem Adapter zwei Ger\u00e4te gleichzeitig aufladen?<\/strong><br data-start=\"6006\" data-end=\"6009\" \/><strong data-start=\"6009\" data-end=\"6015\">A:<\/strong> Ja. Es unterst\u00fctzt das gleichzeitige Laden \u00fcber USB-A und USB-C. Dabei betr\u00e4gt die Gesamtleistung bis zu 30 W (aufgeteilt auf die Anschl\u00fcsse), abh\u00e4ngig vom ausgehandelten Spannungsprotokoll.<\/p>\n<p data-start=\"6201\" data-end=\"6449\"><strong data-start=\"6201\" data-end=\"6247\">Frage 3: Ben\u00f6tige ich ein spezielles Kabel, um 45 W zu erhalten?<\/strong><br data-start=\"6247\" data-end=\"6250\" \/><strong data-start=\"6250\" data-end=\"6256\">A:<\/strong> Verwenden Sie ein zertifiziertes USB-C-Kabel mit Power Delivery (idealerweise mit einer Nennleistung von 5 A oder h\u00f6herer Wattzahl). Ein minderwertiges oder zu schwaches Kabel kann die Ladegeschwindigkeit verringern oder verhindern, dass die volle Leistung erreicht wird.<\/p>\n<p data-start=\"6451\" data-end=\"6717\"><strong data-start=\"6451\" data-end=\"6480\">Frage 4: Ist dieses Ladeger\u00e4t sicher?<\/strong><br data-start=\"6480\" data-end=\"6483\" \/><strong data-start=\"6483\" data-end=\"6489\">A:<\/strong> Ja. Der TR67ACKR verf\u00fcgt \u00fcber vielf\u00e4ltige Schutzfunktionen (Kurzschluss-, \u00dcberstrom-, \u00dcberspannungs-, \u00dcberlast- und R\u00fcckstromschutz). Dar\u00fcber hinaus besitzt er Sicherheits- und Umweltzertifizierungen (ETL, CE, FCC, PSE, UKCA, KC, RoHS, REACH).<\/p>\n<p data-start=\"6719\" data-end=\"6948\"><strong data-start=\"6719\" data-end=\"6764\">Frage 5: Was passiert, wenn etwas schiefgeht?<\/strong><br data-start=\"6764\" data-end=\"6767\" \/><strong data-start=\"6767\" data-end=\"6773\">A:<\/strong> Das Ladeger\u00e4t hat eine einj\u00e4hrige Garantie, die Herstellungsfehler abdeckt. Bewahren Sie den Kaufbeleg auf und beachten Sie die Garantiebestimmungen des Verk\u00e4ufers oder H\u00e4ndlers.<\/p>\n<p data-start=\"6950\" data-end=\"7240\"><strong data-start=\"6950\" data-end=\"6998\">Frage 6: Kann dieses Ladeger\u00e4t in jedem Land verwendet werden?<\/strong><br data-start=\"6998\" data-end=\"7001\" \/><strong data-start=\"7001\" data-end=\"7007\">A:<\/strong> Es unterst\u00fctzt einen weiten Eingangsspannungsbereich (100\u2013240 V, 50\/60 Hz) und ist daher in den meisten L\u00e4ndern einsetzbar. Pr\u00fcfen Sie jedoch, ob der Steckertyp mit Ihrer \u00f6rtlichen Steckdose kompatibel ist. Falls nicht, verwenden Sie einen passenden Steckeradapter oder fordern Sie eine OEM-Version mit dem Stecker Ihrer Region an.<\/p>\n<p data-start=\"7242\" data-end=\"7440\"><strong data-start=\"7242\" data-end=\"7290\">Frage 7: In welchem Temperaturbereich wird das Ger\u00e4t betrieben?<\/strong><br data-start=\"7290\" data-end=\"7293\" \/><strong data-start=\"7293\" data-end=\"7299\">A:<\/strong> Das Ladeger\u00e4t ist f\u00fcr einen Betriebstemperaturbereich von \u201320 \u00b0C bis 55 \u00b0C und einen Lagertemperaturbereich von \u201340 \u00b0C bis 70 \u00b0C ausgelegt und eignet sich daher f\u00fcr eine Vielzahl von Umgebungen.<\/p>\n<p data-start=\"7442\" data-end=\"7634\"><strong data-start=\"7442\" data-end=\"7498\">Frage 8: Ist das Produkt RoHS-konform \/ umweltkonform?<\/strong><br data-start=\"7498\" data-end=\"7501\" \/><strong data-start=\"7501\" data-end=\"7507\">A:<\/strong> Ja. Das Ladeger\u00e4t ist RoHS- und REACH-zertifiziert und erf\u00fcllt somit die Umwelt- und Gefahrstoffvorschriften.<\/p>","protected":false},"excerpt":{"rendered":"<p><strong data-start=\"1811\" data-end=\"1827\">Modellnummer: <\/strong>TR67ACKR<\/p>\n<p><strong data-start=\"1843\" data-end=\"1862\">Herkunftsort: <\/strong>Shenzhen, China (Festland)<\/p>\n<p><strong data-start=\"1896\" data-end=\"1905\">Eingang: <\/strong>100\u2013240 V Wechselstrom, 50\/60 Hz, 1,5 A<\/p>\n<p><strong data-start=\"1942\" data-end=\"1952\">Ausgabe<\/strong><strong data-start=\"1955\" data-end=\"1964\">USB-C<\/strong>: 5 V\/3 A, 9 V\/3 A, 12 V\/3 A, 15 V\/3 A, 20 V\/2,25 A (45 W)<br \/>\n<strong data-start=\"2026\" data-end=\"2035\">USB-A<\/strong>: 5 V\/3 A, 9 V\/2 A, 12 V\/1,5 A (18 W)<br \/>\n<strong data-start=\"2076\" data-end=\"2100\">Gleichzeitig (A + C)<\/strong>:<br \/>\n\u2013 USB-A: 5 V\/2,4 A<br \/>\n\u2013 USB-C: 5 V\/3 A, 9 V\/3 A, 12 V\/2,5 A, 15 V\/2 A, 20 V\/1,5 A (30 W)<\/p>\n<p><strong data-start=\"2198\" data-end=\"2208\">Farben: <\/strong>Schwarz, Wei\u00df<\/p>\n<p><strong data-start=\"2228\" data-end=\"2240\">Material: <\/strong>Polycarbonat (PC)<\/p>\n<p><strong data-start=\"2266\" data-end=\"2276\">Gewicht: <\/strong>90 g<\/p>\n<p><strong data-start=\"2288\" data-end=\"2311\">Schutzfunktionen: <\/strong>Kurzschluss-, \u00dcberspannungs-, \u00dcberstrom-, \u00dcberlast- und R\u00fcckflussschutz<\/p>","protected":false},"featured_media":1183,"comment_status":"closed","ping_status":"closed","template":"","meta":{"_acf_changed":false,"site-sidebar-layout":"default","site-content-layout":"","ast-site-content-layout":"default","site-content-style":"default","site-sidebar-style":"default","ast-global-header-display":"","ast-banner-title-visibility":"","ast-main-header-display":"","ast-hfb-above-header-display":"","ast-hfb-below-header-display":"","ast-hfb-mobile-header-display":"","site-post-title":"","ast-breadcrumbs-content":"","ast-featured-img":"","footer-sml-layout":"","ast-disable-related-posts":"","theme-transparent-header-meta":"default","adv-header-id-meta":"","stick-header-meta":"","header-above-stick-meta":"","header-main-stick-meta":"","header-below-stick-meta":"","astra-migrate-meta-layouts":"set","ast-page-background-enabled":"default","ast-page-background-meta":{"desktop":{"background-color":"var(--ast-global-color-5)","background-image":"","background-repeat":"repeat","background-position":"center center","background-size":"auto","background-attachment":"scroll","background-type":"","background-media":"","overlay-type":"","overlay-color":"","overlay-opacity":"","overlay-gradient":""},"tablet":{"background-color":"","background-image":"","background-repeat":"repeat","background-position":"center center","background-size":"auto","background-attachment":"scroll","background-type":"","background-media":"","overlay-type":"","overlay-color":"","overlay-opacity":"","overlay-gradient":""},"mobile":{"background-color":"","background-image":"","background-repeat":"repeat","background-position":"center center","background-size":"auto","background-attachment":"scroll","background-type":"","background-media":"","overlay-type":"","overlay-color":"","overlay-opacity":"","overlay-gradient":""}},"ast-content-background-meta":{"desktop":{"background-color":"var(--ast-global-color-4)","background-image":"","background-repeat":"repeat","background-position":"center center","background-size":"auto","background-attachment":"scroll","background-type":"","background-media":"","overlay-type":"","overlay-color":"","overlay-opacity":"","overlay-gradient":""},"tablet":{"background-color":"var(--ast-global-color-4)","background-image":"","background-repeat":"repeat","background-position":"center center","background-size":"auto","background-attachment":"scroll","background-type":"","background-media":"","overlay-type":"","overlay-color":"","overlay-opacity":"","overlay-gradient":""},"mobile":{"background-color":"var(--ast-global-color-4)","background-image":"","background-repeat":"repeat","background-position":"center center","background-size":"auto","background-attachment":"scroll","background-type":"","background-media":"","overlay-type":"","overlay-color":"","overlay-opacity":"","overlay-gradient":""}}},"product_brand":[],"product_cat":[30,47],"product_tag":[88,99,100,98],"class_list":{"0":"post-1182","1":"product","2":"type-product","3":"status-publish","4":"has-post-thumbnail","6":"product_cat-gan-charger","7":"product_cat-45w","8":"product_tag-45w-pd-charger","9":"product_tag-dual-port-charger","10":"product_tag-fast-pd-power-adapter","11":"product_tag-usb-c-45w","12":"desktop-align-left","13":"tablet-align-left","14":"mobile-align-left","16":"first","17":"instock","18":"shipping-taxable","19":"product-type-simple"},"acf":[],"_links":{"self":[{"href":"https:\/\/szjialu.com\/de\/wp-json\/wp\/v2\/product\/1182","targetHints":{"allow":["GET"]}}],"collection":[{"href":"https:\/\/szjialu.com\/de\/wp-json\/wp\/v2\/product"}],"about":[{"href":"https:\/\/szjialu.com\/de\/wp-json\/wp\/v2\/types\/product"}],"replies":[{"embeddable":true,"href":"https:\/\/szjialu.com\/de\/wp-json\/wp\/v2\/comments?post=1182"}],"wp:featuredmedia":[{"embeddable":true,"href":"https:\/\/szjialu.com\/de\/wp-json\/wp\/v2\/media\/1183"}],"wp:attachment":[{"href":"https:\/\/szjialu.com\/de\/wp-json\/wp\/v2\/media?parent=1182"}],"wp:term":[{"taxonomy":"product_brand","embeddable":true,"href":"https:\/\/szjialu.com\/de\/wp-json\/wp\/v2\/product_brand?post=1182"},{"taxonomy":"product_cat","embeddable":true,"href":"https:\/\/szjialu.com\/de\/wp-json\/wp\/v2\/product_cat?post=1182"},{"taxonomy":"product_tag","embeddable":true,"href":"https:\/\/szjialu.com\/de\/wp-json\/wp\/v2\/product_tag?post=1182"}],"curies":[{"name":"wp","href":"https:\/\/api.w.org\/{rel}","templated":true}]}}