{"id":1177,"date":"2025-11-22T14:12:15","date_gmt":"2025-11-22T14:12:15","guid":{"rendered":"https:\/\/szjialu.com\/?post_type=product&#038;p=1177"},"modified":"2025-11-22T14:12:17","modified_gmt":"2025-11-22T14:12:17","slug":"45-w-pd-ladegerat-tr672cus2","status":"publish","type":"product","link":"https:\/\/szjialu.com\/de\/product\/45w-pd-charger-tr672cus2\/","title":{"rendered":"45W PD-Ladeger\u00e4t TR672CUS2"},"content":{"rendered":"<h2 data-start=\"385\" data-end=\"408\"><strong data-start=\"388\" data-end=\"408\">Produkt\u00fcbersicht<\/strong><\/h2>\n<p data-start=\"409\" data-end=\"769\">Der <strong data-start=\"413\" data-end=\"441\">TR672CUS2 <a href=\"https:\/\/szjialu.com\/de\/product-category\/gan-ladegerat\/45-w\/\">45-W-PD-Ladeger\u00e4t<\/a><\/strong> ist ein leistungsstarker USB-C-Netzadapter mit zwei Anschl\u00fcssen, der schnelles und zuverl\u00e4ssiges Laden f\u00fcr eine Vielzahl moderner Ger\u00e4te erm\u00f6glicht. Dank fortschrittlicher Stromversorgungstechnologie unterst\u00fctzt dieses kompakte Ladeger\u00e4t bis zu <strong data-start=\"663\" data-end=\"686\">45 W Ausgangsleistung pro Port<\/strong> und bietet eine intelligente Stromverteilung, wenn beide Anschl\u00fcsse gleichzeitig verwendet werden.<\/p>\n<p data-start=\"771\" data-end=\"1012\">Mit universeller Spannungskompatibilit\u00e4t (100\u2013240 V), robusten Schutzsystemen und weltweit anerkannten Zertifizierungen ist der TR672CUS2 f\u00fcr Anwender konzipiert, die Effizienz, Sicherheit und Vielseitigkeit fordern \u2013 egal ob zu Hause, im B\u00fcro oder unterwegs.<\/p>\n<h2 data-start=\"1019\" data-end=\"1039\"><strong data-start=\"1021\" data-end=\"1039\">Spezifikationen<\/strong><\/h2>\n<h3 data-start=\"1041\" data-end=\"1066\"><strong data-start=\"1045\" data-end=\"1066\">Grundlegende Informationen<\/strong><\/h3>\n<ul data-start=\"1067\" data-end=\"1269\">\n<li data-start=\"1067\" data-end=\"1103\">\n<p data-start=\"1069\" data-end=\"1103\"><strong data-start=\"1069\" data-end=\"1086\">Produktname:<\/strong> <a href=\"https:\/\/szjialu.com\/de\/product\/45-w-usb-c-pd-ladegerat-tr672cuk\/\">45-W-PD-Ladeger\u00e4t<\/a><\/p>\n<\/li>\n<li data-start=\"1104\" data-end=\"1135\">\n<p data-start=\"1106\" data-end=\"1135\"><strong data-start=\"1106\" data-end=\"1123\">Modellnummer:<\/strong> TR672CUS2<\/p>\n<\/li>\n<li data-start=\"1136\" data-end=\"1177\">\n<p data-start=\"1138\" data-end=\"1177\"><strong data-start=\"1138\" data-end=\"1158\">Herkunftsort:<\/strong> China (Festland)<\/p>\n<\/li>\n<li data-start=\"1178\" data-end=\"1269\">\n<p data-start=\"1180\" data-end=\"1269\"><strong data-start=\"1180\" data-end=\"1197\">Anwendungsbereiche:<\/strong> Laptop, Notebook, Tablet, Mobiltelefon und andere USB-betriebene Ger\u00e4te<\/p>\n<\/li>\n<\/ul>\n<h3 data-start=\"1271\" data-end=\"1304\"><strong data-start=\"1275\" data-end=\"1304\">Elektrische Spezifikationen<\/strong><\/h3>\n<ul data-start=\"1305\" data-end=\"1605\">\n<li data-start=\"1305\" data-end=\"1343\">\n<p data-start=\"1307\" data-end=\"1343\"><strong data-start=\"1307\" data-end=\"1317\">Eingang:<\/strong> 100\u2013240 V ~ 50\/60 Hz 1,5 A<\/p>\n<\/li>\n<li data-start=\"1344\" data-end=\"1605\">\n<p data-start=\"1346\" data-end=\"1359\"><strong data-start=\"1346\" data-end=\"1357\">Ausgabe:<\/strong><\/p>\n<ul data-start=\"1362\" data-end=\"1605\">\n<li data-start=\"1362\" data-end=\"1481\">\n<p data-start=\"1364\" data-end=\"1377\"><strong data-start=\"1364\" data-end=\"1375\">USB-C1:<\/strong><span style=\"font-size: 16px;\">5 V\/3,0 A <\/span><span style=\"font-size: 16px;\">9 V\/3,0 A <\/span><span style=\"font-size: 16px;\">12 V\/3,0 A <\/span><span style=\"font-size: 16px;\">15 V\/3,0 A <\/span><span style=\"font-size: 16px;\">20 V \/ 2,25 A <\/span><em style=\"font-size: 16px;\" data-start=\"1468\" data-end=\"1479\">(45W Max)<\/em><\/p>\n<\/li>\n<li data-start=\"1484\" data-end=\"1542\">\n<p data-start=\"1486\" data-end=\"1499\"><strong data-start=\"1486\" data-end=\"1497\">USB-C2: <\/strong><span style=\"font-size: 16px;\">Dasselbe wie USB-C1 <\/span><em style=\"font-size: 16px;\" data-start=\"1529\" data-end=\"1540\">(45W Max)<\/em><\/p>\n<\/li>\n<li data-start=\"1545\" data-end=\"1605\">\n<p data-start=\"1547\" data-end=\"1570\"><strong data-start=\"1547\" data-end=\"1568\">Dual-Port-Ausgang: <\/strong><span style=\"font-size: 16px;\">30 W + 12 W <\/span><strong style=\"font-size: 16px;\" data-start=\"1587\" data-end=\"1593\">oder<\/strong><span style=\"font-size: 16px;\"> 12 W + 30 W<\/span><\/p>\n<\/li>\n<\/ul>\n<\/li>\n<\/ul>\n<h3 data-start=\"1607\" data-end=\"1635\"><strong data-start=\"1611\" data-end=\"1635\">Physikalische Informationen<\/strong><\/h3>\n<ul data-start=\"1636\" data-end=\"1769\">\n<li data-start=\"1636\" data-end=\"1665\">\n<p data-start=\"1638\" data-end=\"1665\"><strong data-start=\"1638\" data-end=\"1649\">Farben:<\/strong> Schwarz\/Wei\u00df<\/p>\n<\/li>\n<li data-start=\"1666\" data-end=\"1715\">\n<p data-start=\"1668\" data-end=\"1715\"><strong data-start=\"1668\" data-end=\"1681\">Material:<\/strong> Hochwertiges PC (Polycarbonat)<\/p>\n<\/li>\n<li data-start=\"1716\" data-end=\"1735\">\n<p data-start=\"1718\" data-end=\"1735\"><strong data-start=\"1718\" data-end=\"1729\">Gewicht:<\/strong> 90 g<\/p>\n<\/li>\n<li data-start=\"1736\" data-end=\"1769\">\n<p data-start=\"1738\" data-end=\"1769\"><strong data-start=\"1738\" data-end=\"1750\">Verpackung:<\/strong> Einzelhandelsverpackung<\/p>\n<\/li>\n<\/ul>\n<h3 data-start=\"1771\" data-end=\"1798\"><strong data-start=\"1775\" data-end=\"1798\">Sicherheit und Effizienz<\/strong><\/h3>\n<ul data-start=\"1799\" data-end=\"2072\">\n<li data-start=\"1799\" data-end=\"1971\">\n<p data-start=\"1801\" data-end=\"1827\"><strong data-start=\"1801\" data-end=\"1825\">Schutzfunktionen:<\/strong><\/p>\n<ul data-start=\"1830\" data-end=\"1971\">\n<li data-start=\"1830\" data-end=\"1858\">\n<p data-start=\"1832\" data-end=\"1858\">Kurzschlussschutz<\/p>\n<\/li>\n<li data-start=\"1861\" data-end=\"1888\">\n<p data-start=\"1863\" data-end=\"1888\">\u00dcberspannungsschutz<\/p>\n<\/li>\n<li data-start=\"1891\" data-end=\"1918\">\n<p data-start=\"1893\" data-end=\"1918\">\u00dcberstromschutz<\/p>\n<\/li>\n<li data-start=\"1921\" data-end=\"1945\">\n<p data-start=\"1923\" data-end=\"1945\">\u00dcberlastschutz<\/p>\n<\/li>\n<li data-start=\"1948\" data-end=\"1971\">\n<p data-start=\"1950\" data-end=\"1971\">R\u00fcckflussschutz<\/p>\n<\/li>\n<\/ul>\n<\/li>\n<li data-start=\"1972\" data-end=\"2007\">\n<p data-start=\"1974\" data-end=\"2007\"><strong data-start=\"1974\" data-end=\"2002\">Energieeffizienzniveau:<\/strong> VI<\/p>\n<\/li>\n<li data-start=\"2008\" data-end=\"2072\">\n<p data-start=\"2010\" data-end=\"2072\"><strong data-start=\"2010\" data-end=\"2029\">Zertifizierungen:<\/strong> ETL, CE, FCC, PSE, UKCA, KC, RoHS, REACH<\/p>\n<\/li>\n<\/ul>\n<h3 data-start=\"2074\" data-end=\"2106\"><strong data-start=\"2078\" data-end=\"2106\">Umweltbedingungen<\/strong><\/h3>\n<ul data-start=\"2107\" data-end=\"2217\">\n<li data-start=\"2107\" data-end=\"2150\">\n<p data-start=\"2109\" data-end=\"2150\"><strong data-start=\"2109\" data-end=\"2135\">Betriebstemperatur:<\/strong> -20 \u00b0C ~ 55 \u00b0C<\/p>\n<\/li>\n<li data-start=\"2151\" data-end=\"2192\">\n<p data-start=\"2153\" data-end=\"2192\"><strong data-start=\"2153\" data-end=\"2177\">Lagertemperatur:<\/strong> -40 \u00b0C ~ 70 \u00b0C<\/p>\n<\/li>\n<li data-start=\"2193\" data-end=\"2217\">\n<p data-start=\"2195\" data-end=\"2217\"><strong data-start=\"2195\" data-end=\"2208\">Garantie:<\/strong> 1 Jahr<\/p>\n<\/li>\n<\/ul>\n<h2 data-start=\"2224\" data-end=\"2248\"><strong data-start=\"2226\" data-end=\"2248\">Wichtigste Verkaufsargumente<\/strong><\/h2>\n<h3 data-start=\"2250\" data-end=\"2300\"><strong data-start=\"2254\" data-end=\"2300\">Zwei USB-C-Anschl\u00fcsse f\u00fcr maximale Flexibilit\u00e4t<\/strong><\/h3>\n<p data-start=\"2301\" data-end=\"2415\">Zwei leistungsstarke Ger\u00e4te gleichzeitig laden dank intelligenter Stromverteilung \u2013 ideal f\u00fcr Multitasker und Reisende.<\/p>\n<h3 data-start=\"2417\" data-end=\"2452\"><strong data-start=\"2421\" data-end=\"2452\">Echtes 45-W-PD-Schnellladen<\/strong><\/h3>\n<p data-start=\"2453\" data-end=\"2564\">Jeder Anschluss liefert unabh\u00e4ngig voneinander bis zu 45 W und erm\u00f6glicht so schnelles Laden f\u00fcr Laptops, Tablets, Smartphones und mehr.<\/p>\n<h3 data-start=\"2566\" data-end=\"2604\"><strong data-start=\"2570\" data-end=\"2604\">Globale Spannungskompatibilit\u00e4t<\/strong><\/h3>\n<p data-start=\"2605\" data-end=\"2682\">Unterst\u00fctzt 100\u2013240 V und ist somit perfekt f\u00fcr internationale Reisen und den weltweiten Einsatz geeignet.<\/p>\n<h3 data-start=\"2684\" data-end=\"2725\"><strong data-start=\"2688\" data-end=\"2725\">Umfassender Sicherheitsschutz<\/strong><\/h3>\n<p data-start=\"2726\" data-end=\"2846\">Das f\u00fcnflagige Sicherheitsdesign sorgt f\u00fcr ein beruhigendes Gef\u00fchl der Sicherheit durch Schutz vor Kurzschluss, \u00dcberspannung, \u00dcberlastung und mehr.<\/p>\n<h3 data-start=\"2848\" data-end=\"2879\"><strong data-start=\"2852\" data-end=\"2879\">Leicht und robust<\/strong><\/h3>\n<p data-start=\"2880\" data-end=\"3003\">Mit nur 90 g Gewicht und der Verwendung von flammhemmendem PC-Material ist dieses Ladeger\u00e4t leicht zu transportieren und gleichzeitig robust und langlebig.<\/p>\n<h3 data-start=\"3005\" data-end=\"3031\"><strong data-start=\"3009\" data-end=\"3031\">Weitgehend zertifiziert<\/strong><\/h3>\n<p data-start=\"3032\" data-end=\"3154\">Mit ETL-, CE-, FCC-, PSE-, UKCA-, KC-, RoHS- und REACH-Zertifizierungen erf\u00fcllt es strenge globale Standards f\u00fcr Qualit\u00e4t und Sicherheit.<\/p>\n<figure id=\"attachment_1180\" aria-describedby=\"caption-attachment-1180\" style=\"width: 678px\" class=\"wp-caption alignnone\"><img fetchpriority=\"high\" decoding=\"async\" class=\"wp-image-1180\" src=\"https:\/\/szjialu.com\/wp-content\/uploads\/2025\/11\/\u8be6\u60c5_01-3-218x300.jpg\" alt=\"TR672CUS2 Ladeger\u00e4t\" width=\"678\" height=\"933\" srcset=\"https:\/\/szjialu.com\/wp-content\/uploads\/2025\/11\/\u8be6\u60c5_01-3-218x300.jpg 218w, https:\/\/szjialu.com\/wp-content\/uploads\/2025\/11\/\u8be6\u60c5_01-3-745x1024.jpg 745w, https:\/\/szjialu.com\/wp-content\/uploads\/2025\/11\/\u8be6\u60c5_01-3-768x1056.jpg 768w, https:\/\/szjialu.com\/wp-content\/uploads\/2025\/11\/\u8be6\u60c5_01-3-600x825.jpg 600w, https:\/\/szjialu.com\/wp-content\/uploads\/2025\/11\/\u8be6\u60c5_01-3-64x88.jpg 64w, https:\/\/szjialu.com\/wp-content\/uploads\/2025\/11\/\u8be6\u60c5_01-3.jpg 800w\" sizes=\"(max-width: 678px) 100vw, 678px\" \/><figcaption id=\"caption-attachment-1180\" class=\"wp-caption-text\">TR672CUS2 Ladeger\u00e4t<\/figcaption><\/figure>\n<h2 data-start=\"3161\" data-end=\"3179\"><strong data-start=\"3163\" data-end=\"3179\">Anwendungen<\/strong><\/h2>\n<p data-start=\"3181\" data-end=\"3226\">Das TR672CUS2 45W PD-Ladeger\u00e4t ist geeignet f\u00fcr:<\/p>\n<ul data-start=\"3228\" data-end=\"3465\">\n<li data-start=\"3228\" data-end=\"3275\">\n<p data-start=\"3230\" data-end=\"3275\"><strong data-start=\"3230\" data-end=\"3254\">Laptops &amp; Ultrabooks<\/strong> (USB-C-kompatibel)<\/p>\n<\/li>\n<li data-start=\"3276\" data-end=\"3299\">\n<p data-start=\"3278\" data-end=\"3299\"><strong data-start=\"3278\" data-end=\"3297\">Tablets &amp; iPads<\/strong><\/p>\n<\/li>\n<li data-start=\"3300\" data-end=\"3333\">\n<p data-start=\"3302\" data-end=\"3333\"><strong data-start=\"3302\" data-end=\"3331\">Android- und iOS-Smartphones<\/strong><\/p>\n<\/li>\n<li data-start=\"3334\" data-end=\"3365\">\n<p data-start=\"3336\" data-end=\"3365\"><strong data-start=\"3336\" data-end=\"3363\">Tragbare Spielger\u00e4te<\/strong><\/p>\n<\/li>\n<li data-start=\"3366\" data-end=\"3419\">\n<p data-start=\"3368\" data-end=\"3419\"><strong data-start=\"3368\" data-end=\"3417\">Bluetooth-Kopfh\u00f6rer, -Lautsprecher und -Wearables<\/strong><\/p>\n<\/li>\n<li data-start=\"3420\" data-end=\"3465\">\n<p data-start=\"3422\" data-end=\"3465\"><strong data-start=\"3422\" data-end=\"3465\">Powerbanks und anderes USB-C-Zubeh\u00f6r<\/strong><\/p>\n<\/li>\n<\/ul>\n<p data-start=\"3467\" data-end=\"3582\">Ob bei der Arbeit, auf Reisen oder zu Hause \u2013 es bietet schnelle und zuverl\u00e4ssige Stromversorgung f\u00fcr alle Ihre wichtigen Ger\u00e4te.<\/p>\n<h2 data-start=\"3589\" data-end=\"3638\"><strong data-start=\"3591\" data-end=\"3638\">Unternehmensvorteil<\/strong><\/h2>\n<h3 data-start=\"3640\" data-end=\"3695\"><strong data-start=\"3644\" data-end=\"3695\">Eigene Fertigung &amp; Strenge Qualit\u00e4tskontrolle<\/strong><\/h3>\n<p data-start=\"3696\" data-end=\"3890\">Einer der gr\u00f6\u00dften Vorteile des Unternehmens ist seine <strong data-start=\"3745\" data-end=\"3785\">vollst\u00e4ndig integrierter Produktionsworkflow<\/strong>. Von der Leiterplattenentwicklung \u00fcber die Formgebung und Montage bis hin zur abschlie\u00dfenden Qualit\u00e4tskontrolle wird jeder Schritt im eigenen Haus durchgef\u00fchrt. Dies erm\u00f6glicht:<\/p>\n<ul data-start=\"3892\" data-end=\"4014\">\n<li data-start=\"3892\" data-end=\"3924\">\n<p data-start=\"3894\" data-end=\"3924\">K\u00fcrzere Produktionsvorlaufzeiten<\/p>\n<\/li>\n<li data-start=\"3925\" data-end=\"3954\">\n<p data-start=\"3927\" data-end=\"3954\">Strenge Qualit\u00e4tskontrolle<\/p>\n<\/li>\n<li data-start=\"3955\" data-end=\"3981\">\n<p data-start=\"3957\" data-end=\"3981\">Bessere Kosteneffizienz<\/p>\n<\/li>\n<li data-start=\"3982\" data-end=\"4014\">\n<p data-start=\"3984\" data-end=\"4014\">Kundenspezifische OEM\/ODM-L\u00f6sungen<\/p>\n<\/li>\n<\/ul>\n<p data-start=\"4016\" data-end=\"4177\">Dieser vertikal integrierte Ansatz gew\u00e4hrleistet eine gleichbleibende Produktqualit\u00e4t und eine schnelle Reaktion auf Kundenbed\u00fcrfnisse \u2013 ein wichtiger Grund, warum globale Marken auf ihre Energiel\u00f6sungen vertrauen.<\/p>\n<h2 data-start=\"4184\" data-end=\"4193\"><strong data-start=\"4186\" data-end=\"4193\">H\u00e4ufig gestellte Fragen<\/strong><\/h2>\n<h3 data-start=\"4195\" data-end=\"4238\"><strong data-start=\"4199\" data-end=\"4238\">1. Kann dieses Ladeger\u00e4t einen Laptop mit Strom versorgen?<\/strong><\/h3>\n<p data-start=\"4239\" data-end=\"4382\">Ja. Mit bis zu <strong data-start=\"4255\" data-end=\"4272\">45 W PD-Ausgangsleistung<\/strong> Es unterst\u00fctzt \u00fcber jeden USB-C-Anschluss eine Vielzahl von USB-C-Laptops, darunter Ultrabooks, Chromebooks und MacBook Air-Modelle.<\/p>\n<h3 data-start=\"4384\" data-end=\"4437\"><strong data-start=\"4388\" data-end=\"4437\">2. Kann ich zwei Ger\u00e4te gleichzeitig aufladen?<\/strong><\/h3>\n<p data-start=\"4438\" data-end=\"4570\">Absolut. Bei Verwendung beider USB-C-Anschl\u00fcsse verteilt das Ladeger\u00e4t die Leistung intelligent (z. B. 30 W + 12 W), um ein effizientes Laden zu gew\u00e4hrleisten.<\/p>\n<h3 data-start=\"4572\" data-end=\"4620\"><strong data-start=\"4576\" data-end=\"4620\">3. Ist die Verwendung mit meinem Smartphone sicher?<\/strong><\/h3>\n<p data-start=\"4621\" data-end=\"4740\">Ja. Eingebaute Schutzmechanismen \u2013 \u00dcberstrom-, \u00dcberspannungs-, Kurzschluss- und R\u00fcckstromschutz \u2013 gew\u00e4hrleisten ein sicheres Laden aller Ger\u00e4te.<\/p>\n<h3 data-start=\"4742\" data-end=\"4785\"><strong data-start=\"4746\" data-end=\"4785\">4. Ist dieses Ladeger\u00e4t reisefreundlich?<\/strong><\/h3>\n<p data-start=\"4786\" data-end=\"4892\">Ja. Mit <strong data-start=\"4796\" data-end=\"4808\">100\u2013240 V<\/strong> Dank globaler Spannungskompatibilit\u00e4t und einem leichten Design von nur 90 g ist es perfekt f\u00fcr Reisen geeignet.<\/p>\n<h3 data-start=\"4894\" data-end=\"4966\"><strong data-start=\"4898\" data-end=\"4966\">5. Unterst\u00fctzt es Schnellladen f\u00fcr iPhones und Android-Handys?<\/strong><\/h3>\n<p data-start=\"4967\" data-end=\"5058\">Ja. Es unterst\u00fctzt PD-Schnellladeprotokolle, die mit vielen iPhone- und Android-Modellen kompatibel sind.<\/p>\n<h3 data-start=\"5060\" data-end=\"5099\"><strong data-start=\"5064\" data-end=\"5099\">6. Wie lauten die Garantiebestimmungen?<\/strong><\/h3>\n<p data-start=\"5100\" data-end=\"5191\">Das Produkt beinhaltet ein <strong data-start=\"5123\" data-end=\"5142\">1 Jahr Garantie<\/strong> Abdeckung von Herstellungsfehlern bei normalem Gebrauch.<\/p>","protected":false},"excerpt":{"rendered":"<p><strong data-start=\"1069\" data-end=\"1086\">Produktname:<\/strong> 45-W-PD-Ladeger\u00e4t<\/p>\n<p data-start=\"1106\" data-end=\"1135\"><strong data-start=\"1106\" data-end=\"1123\">Modellnummer:<\/strong> TR672CUS2<\/p>\n<p data-start=\"1138\" data-end=\"1177\"><strong data-start=\"1138\" data-end=\"1158\">Herkunftsort:<\/strong> China (Festland)<\/p>\n<p data-start=\"1180\" data-end=\"1269\"><strong data-start=\"1180\" data-end=\"1197\">Anwendungsbereiche:<\/strong> Laptop, Notebook, Tablet, Mobiltelefon und andere USB-betriebene Ger\u00e4te<\/p>\n<p data-start=\"1307\" data-end=\"1343\"><strong data-start=\"1307\" data-end=\"1317\">Eingang:<\/strong> 100\u2013240 V ~ 50\/60 Hz 1,5 A<\/p>\n<p data-start=\"1346\" data-end=\"1359\"><strong data-start=\"1346\" data-end=\"1357\">Ausgabe: <\/strong><strong data-start=\"1364\" data-end=\"1375\">USB-C1:<\/strong><span style=\"font-size: 16px;\">5 V\/3,0 A <\/span><span style=\"font-size: 16px;\">9 V\/3,0 A <\/span><span style=\"font-size: 16px;\">12 V\/3,0 A <\/span><span style=\"font-size: 16px;\">15 V\/3,0 A <\/span><span style=\"font-size: 16px;\">20 V \/ 2,25 A <\/span><em style=\"font-size: 16px;\" data-start=\"1468\" data-end=\"1479\">(45W Max)<\/em><\/p>\n<p data-start=\"1486\" data-end=\"1499\"><strong data-start=\"1486\" data-end=\"1497\">USB-C2: <\/strong><span style=\"font-size: 16px;\">Dasselbe wie USB-C1 <\/span><em style=\"font-size: 16px;\" data-start=\"1529\" data-end=\"1540\">(45W Max)<\/em><\/p>\n<p data-start=\"1547\" data-end=\"1570\"><strong data-start=\"1547\" data-end=\"1568\">Dual-Port-Ausgang: <\/strong><span style=\"font-size: 16px;\">30 W + 12 W <\/span><strong style=\"font-size: 16px;\" data-start=\"1587\" data-end=\"1593\">oder<\/strong><span style=\"font-size: 16px;\"> 12 W + 30 W<\/span><\/p>\n<p data-start=\"1638\" data-end=\"1665\"><strong data-start=\"1638\" data-end=\"1649\">Farben:<\/strong> Schwarz\/Wei\u00df<\/p>\n<p data-start=\"1668\" data-end=\"1715\"><strong data-start=\"1668\" data-end=\"1681\">Material:<\/strong> Hochwertiges PC (Polycarbonat)<\/p>\n<p data-start=\"1718\" data-end=\"1735\"><strong data-start=\"1718\" data-end=\"1729\">Gewicht:<\/strong> 90 g<\/p>\n<p data-start=\"1738\" data-end=\"1769\"><strong data-start=\"1738\" data-end=\"1750\">Verpackung:<\/strong> Einzelhandelsverpackung<\/p>","protected":false},"featured_media":1178,"comment_status":"closed","ping_status":"closed","template":"","meta":{"_acf_changed":false,"site-sidebar-layout":"default","site-content-layout":"","ast-site-content-layout":"default","site-content-style":"default","site-sidebar-style":"default","ast-global-header-display":"","ast-banner-title-visibility":"","ast-main-header-display":"","ast-hfb-above-header-display":"","ast-hfb-below-header-display":"","ast-hfb-mobile-header-display":"","site-post-title":"","ast-breadcrumbs-content":"","ast-featured-img":"","footer-sml-layout":"","ast-disable-related-posts":"","theme-transparent-header-meta":"default","adv-header-id-meta":"","stick-header-meta":"","header-above-stick-meta":"","header-main-stick-meta":"","header-below-stick-meta":"","astra-migrate-meta-layouts":"set","ast-page-background-enabled":"default","ast-page-background-meta":{"desktop":{"background-color":"var(--ast-global-color-5)","background-image":"","background-repeat":"repeat","background-position":"center center","background-size":"auto","background-attachment":"scroll","background-type":"","background-media":"","overlay-type":"","overlay-color":"","overlay-opacity":"","overlay-gradient":""},"tablet":{"background-color":"","background-image":"","background-repeat":"repeat","background-position":"center center","background-size":"auto","background-attachment":"scroll","background-type":"","background-media":"","overlay-type":"","overlay-color":"","overlay-opacity":"","overlay-gradient":""},"mobile":{"background-color":"","background-image":"","background-repeat":"repeat","background-position":"center center","background-size":"auto","background-attachment":"scroll","background-type":"","background-media":"","overlay-type":"","overlay-color":"","overlay-opacity":"","overlay-gradient":""}},"ast-content-background-meta":{"desktop":{"background-color":"var(--ast-global-color-4)","background-image":"","background-repeat":"repeat","background-position":"center center","background-size":"auto","background-attachment":"scroll","background-type":"","background-media":"","overlay-type":"","overlay-color":"","overlay-opacity":"","overlay-gradient":""},"tablet":{"background-color":"var(--ast-global-color-4)","background-image":"","background-repeat":"repeat","background-position":"center center","background-size":"auto","background-attachment":"scroll","background-type":"","background-media":"","overlay-type":"","overlay-color":"","overlay-opacity":"","overlay-gradient":""},"mobile":{"background-color":"var(--ast-global-color-4)","background-image":"","background-repeat":"repeat","background-position":"center center","background-size":"auto","background-attachment":"scroll","background-type":"","background-media":"","overlay-type":"","overlay-color":"","overlay-opacity":"","overlay-gradient":""}}},"product_brand":[],"product_cat":[30,47],"product_tag":[88,97,96,89],"class_list":{"0":"post-1177","1":"product","2":"type-product","3":"status-publish","4":"has-post-thumbnail","6":"product_cat-gan-charger","7":"product_cat-45w","8":"product_tag-45w-pd-charger","9":"product_tag-5w-power-adapter","10":"product_tag-dual-usb-c-wall-charger","11":"product_tag-usb-c-fast-charger","12":"desktop-align-left","13":"tablet-align-left","14":"mobile-align-left","16":"first","17":"instock","18":"shipping-taxable","19":"product-type-simple"},"acf":[],"_links":{"self":[{"href":"https:\/\/szjialu.com\/de\/wp-json\/wp\/v2\/product\/1177","targetHints":{"allow":["GET"]}}],"collection":[{"href":"https:\/\/szjialu.com\/de\/wp-json\/wp\/v2\/product"}],"about":[{"href":"https:\/\/szjialu.com\/de\/wp-json\/wp\/v2\/types\/product"}],"replies":[{"embeddable":true,"href":"https:\/\/szjialu.com\/de\/wp-json\/wp\/v2\/comments?post=1177"}],"wp:featuredmedia":[{"embeddable":true,"href":"https:\/\/szjialu.com\/de\/wp-json\/wp\/v2\/media\/1178"}],"wp:attachment":[{"href":"https:\/\/szjialu.com\/de\/wp-json\/wp\/v2\/media?parent=1177"}],"wp:term":[{"taxonomy":"product_brand","embeddable":true,"href":"https:\/\/szjialu.com\/de\/wp-json\/wp\/v2\/product_brand?post=1177"},{"taxonomy":"product_cat","embeddable":true,"href":"https:\/\/szjialu.com\/de\/wp-json\/wp\/v2\/product_cat?post=1177"},{"taxonomy":"product_tag","embeddable":true,"href":"https:\/\/szjialu.com\/de\/wp-json\/wp\/v2\/product_tag?post=1177"}],"curies":[{"name":"wp","href":"https:\/\/api.w.org\/{rel}","templated":true}]}}