{"id":1172,"date":"2025-11-21T14:39:24","date_gmt":"2025-11-21T14:39:24","guid":{"rendered":"https:\/\/szjialu.com\/?post_type=product&#038;p=1172"},"modified":"2025-11-21T14:39:26","modified_gmt":"2025-11-21T14:39:26","slug":"45-w-usb-c-pd-ladegerat-tr672cuk","status":"publish","type":"product","link":"https:\/\/szjialu.com\/de\/product\/45w-usb-c-pd-charger-tr672cuk\/","title":{"rendered":"45W USB-C PD-Ladeger\u00e4t TR672CUK"},"content":{"rendered":"<h2 data-start=\"789\" data-end=\"813\"><strong data-start=\"791\" data-end=\"811\">Produkt\u00fcbersicht<\/strong><\/h2>\n<p data-start=\"814\" data-end=\"1147\">Der <strong data-start=\"818\" data-end=\"845\">TR672CUK <a href=\"https:\/\/szjialu.com\/de\/product-category\/gan-ladegerat\/45-w\/\">45-W-USB-C-PD-Ladeger\u00e4t<\/a><\/strong> ist ein hocheffizientes USB-C-Schnellladeger\u00e4t, das Laptops, Tablets, Smartphones und andere USB-C-Ger\u00e4te unterst\u00fctzt. Es ist vielseitig und tragbar und bietet <strong data-start=\"1018\" data-end=\"1040\">volle 45W PD-Ausgangsleistung<\/strong> Die Stromversorgung erfolgt entweder \u00fcber jeden USB-C-Anschluss einzeln oder intelligent verteilt sie gleichzeitig auf zwei Ger\u00e4te.<\/p>\n<p data-start=\"1149\" data-end=\"1312\">Dank globaler Spannungskompatibilit\u00e4t, vielf\u00e4ltiger Schutzsysteme und umfangreicher internationaler Zertifizierungen ist der TR672CUK ideal f\u00fcr den Einsatz zu Hause, im B\u00fcro und auf Reisen.<\/p>\n<h2 data-start=\"1319\" data-end=\"1347\"><strong data-start=\"1321\" data-end=\"1347\">Produktspezifikationen<\/strong><\/h2>\n<p data-start=\"1349\" data-end=\"1452\"><strong data-start=\"1349\" data-end=\"1366\">Produktname:<\/strong> <a href=\"https:\/\/szjialu.com\/de\/product\/45w-pd-ladegerat-tr672ceu\/\">45-W-PD-Ladeger\u00e4t<\/a><br data-start=\"1381\" data-end=\"1384\" \/><strong data-start=\"1384\" data-end=\"1401\">Modellnummer:<\/strong> TR672CUK<br data-start=\"1410\" data-end=\"1413\" \/><strong data-start=\"1413\" data-end=\"1433\">Herkunftsort:<\/strong> China (Festland)<\/p>\n<p data-start=\"1454\" data-end=\"1539\"><strong data-start=\"1454\" data-end=\"1471\">Anwendungsbereiche:<\/strong><br data-start=\"1471\" data-end=\"1474\" \/>Laptop, Notebook, Tablet, Mobiltelefon und andere USB-C-Ger\u00e4te<\/p>\n<p data-start=\"1541\" data-end=\"1579\"><strong data-start=\"1541\" data-end=\"1551\">Eingang:<\/strong><br data-start=\"1551\" data-end=\"1554\" \/>100\u2013240 V, 50\/60 Hz, 1,5 A<\/p>\n<p data-start=\"1581\" data-end=\"1594\"><strong data-start=\"1581\" data-end=\"1592\">Ausgabe:<\/strong><\/p>\n<ul data-start=\"1595\" data-end=\"1803\">\n<li data-start=\"1595\" data-end=\"1668\">\n<p data-start=\"1597\" data-end=\"1668\"><strong data-start=\"1597\" data-end=\"1608\">USB-C1:<\/strong><br data-start=\"1608\" data-end=\"1611\" \/>5V 3A \/ 9V 3A \/ 12V 3A \/ 15V 3A \/ 20V 2,25A (45W Max)<\/p>\n<\/li>\n<li data-start=\"1669\" data-end=\"1742\">\n<p data-start=\"1671\" data-end=\"1742\"><strong data-start=\"1671\" data-end=\"1682\">USB-C2:<\/strong><br data-start=\"1682\" data-end=\"1685\" \/>5V 3A \/ 9V 3A \/ 12V 3A \/ 15V 3A \/ 20V 2,25A (45W Max)<\/p>\n<\/li>\n<li data-start=\"1743\" data-end=\"1803\">\n<p data-start=\"1745\" data-end=\"1803\"><strong data-start=\"1745\" data-end=\"1766\">Dual-Port-Ausgang:<\/strong><br data-start=\"1766\" data-end=\"1769\" \/>\u2022 30 W + 12 W<br data-start=\"1782\" data-end=\"1785\" \/>\u2022 oder 12 W + 30 W<\/p>\n<\/li>\n<\/ul>\n<p data-start=\"1805\" data-end=\"1924\"><strong data-start=\"1805\" data-end=\"1816\">Farben:<\/strong> Schwarz, Wei\u00df<br data-start=\"1829\" data-end=\"1832\" \/><strong data-start=\"1832\" data-end=\"1845\">Material:<\/strong> PC (feuerfest, langlebig)<br data-start=\"1874\" data-end=\"1877\" \/><strong data-start=\"1877\" data-end=\"1888\">Gewicht:<\/strong> 90 g<br data-start=\"1892\" data-end=\"1895\" \/><strong data-start=\"1895\" data-end=\"1907\">Verpackung:<\/strong> Einzelhandelsverpackung<\/p>\n<p data-start=\"1926\" data-end=\"1952\"><strong data-start=\"1926\" data-end=\"1950\">Schutzfunktionen:<\/strong><\/p>\n<ul data-start=\"1953\" data-end=\"2086\">\n<li data-start=\"1953\" data-end=\"1981\">\n<p data-start=\"1955\" data-end=\"1981\">Kurzschlussschutz<\/p>\n<\/li>\n<li data-start=\"1982\" data-end=\"2009\">\n<p data-start=\"1984\" data-end=\"2009\">\u00dcberspannungsschutz<\/p>\n<\/li>\n<li data-start=\"2010\" data-end=\"2037\">\n<p data-start=\"2012\" data-end=\"2037\">\u00dcberstromschutz<\/p>\n<\/li>\n<li data-start=\"2038\" data-end=\"2062\">\n<p data-start=\"2040\" data-end=\"2062\">\u00dcberlastschutz<\/p>\n<\/li>\n<li data-start=\"2063\" data-end=\"2086\">\n<p data-start=\"2065\" data-end=\"2086\">R\u00fcckflussschutz<\/p>\n<\/li>\n<\/ul>\n<p data-start=\"2088\" data-end=\"2114\"><strong data-start=\"2088\" data-end=\"2103\">Effizienz:<\/strong> Stufe VI<\/p>\n<p data-start=\"2116\" data-end=\"2180\"><strong data-start=\"2116\" data-end=\"2135\">Zertifizierungen:<\/strong><br data-start=\"2135\" data-end=\"2138\" \/>ETL, CE, FCC, PSE, UKCA, KC, RoHS, REACH<\/p>\n<p data-start=\"2182\" data-end=\"2204\"><strong data-start=\"2182\" data-end=\"2195\">Garantie:<\/strong> 1 Jahr<\/p>\n<p data-start=\"2206\" data-end=\"2289\"><strong data-start=\"2206\" data-end=\"2232\">Betriebstemperatur:<\/strong> -20 \u00b0C bis 55 \u00b0C<br data-start=\"2246\" data-end=\"2249\" \/><strong data-start=\"2249\" data-end=\"2273\">Lagertemperatur:<\/strong> -40 \u00b0C bis 70 \u00b0C<\/p>\n<figure id=\"attachment_1176\" aria-describedby=\"caption-attachment-1176\" style=\"width: 533px\" class=\"wp-caption alignnone\"><img fetchpriority=\"high\" decoding=\"async\" class=\"wp-image-1176\" src=\"https:\/\/szjialu.com\/wp-content\/uploads\/2025\/11\/\u8be6\u60c5_01-2-218x300.jpg\" alt=\"45-W-PD-Ladeger\u00e4t\" width=\"533\" height=\"733\" srcset=\"https:\/\/szjialu.com\/wp-content\/uploads\/2025\/11\/\u8be6\u60c5_01-2-218x300.jpg 218w, https:\/\/szjialu.com\/wp-content\/uploads\/2025\/11\/\u8be6\u60c5_01-2-745x1024.jpg 745w, https:\/\/szjialu.com\/wp-content\/uploads\/2025\/11\/\u8be6\u60c5_01-2-768x1056.jpg 768w, https:\/\/szjialu.com\/wp-content\/uploads\/2025\/11\/\u8be6\u60c5_01-2-600x825.jpg 600w, https:\/\/szjialu.com\/wp-content\/uploads\/2025\/11\/\u8be6\u60c5_01-2-64x88.jpg 64w, https:\/\/szjialu.com\/wp-content\/uploads\/2025\/11\/\u8be6\u60c5_01-2.jpg 800w\" sizes=\"(max-width: 533px) 100vw, 533px\" \/><figcaption id=\"caption-attachment-1176\" class=\"wp-caption-text\">45-W-PD-Ladeger\u00e4t<\/figcaption><\/figure>\n<h2 data-start=\"2296\" data-end=\"2320\"><strong data-start=\"2298\" data-end=\"2320\">Wichtigste Verkaufsargumente<\/strong><\/h2>\n<h3 data-start=\"2322\" data-end=\"2358\"><strong data-start=\"2326\" data-end=\"2358\">1. Volle 45-W-PD-Schnellladung<\/strong><\/h3>\n<p data-start=\"2359\" data-end=\"2428\">Ideal zum Aufladen von Laptops, Tablets und Smartphones mit Schnellladefunktion.<\/p>\n<h3 data-start=\"2430\" data-end=\"2458\"><strong data-start=\"2434\" data-end=\"2458\">2. Zwei USB-C-Ausg\u00e4nge<\/strong><\/h3>\n<p data-start=\"2459\" data-end=\"2547\">Laden Sie zwei Ger\u00e4te gleichzeitig mit intelligenter Leistungsverteilung (30W+12W oder 12W+30W).<\/p>\n<h3 data-start=\"2549\" data-end=\"2591\"><strong data-start=\"2553\" data-end=\"2591\">3. Weltweite Spannungskompatibilit\u00e4t<\/strong><\/h3>\n<p data-start=\"2592\" data-end=\"2658\">Ideal f\u00fcr internationale Reisende mit universeller 100\u2013240V-Unterst\u00fctzung.<\/p>\n<h3 data-start=\"2660\" data-end=\"2700\"><strong data-start=\"2664\" data-end=\"2700\">4. Mehrschichtiger Ger\u00e4teschutz<\/strong><\/h3>\n<p data-start=\"2701\" data-end=\"2763\">Eine hochentwickelte Schaltung gew\u00e4hrleistet sicheres Laden unter allen Bedingungen.<\/p>\n<h3 data-start=\"2765\" data-end=\"2804\"><strong data-start=\"2769\" data-end=\"2804\">5. Zertifiziert f\u00fcr globale M\u00e4rkte<\/strong><\/h3>\n<p data-start=\"2805\" data-end=\"2865\">Entspricht den Normen ETL, CE, FCC, PSE, UKCA, KC, RoHS und REACH.<\/p>\n<h3 data-start=\"2867\" data-end=\"2899\"><strong data-start=\"2871\" data-end=\"2899\">6. Kompakt und leicht<\/strong><\/h3>\n<p data-start=\"2900\" data-end=\"2970\">Nur 90 g \u2013 perfekt zum Mitnehmen in Hosentaschen, Rucks\u00e4cken oder Reisetaschen.<\/p>\n<h3 data-start=\"2972\" data-end=\"3001\"><strong data-start=\"2976\" data-end=\"3001\">7. Robustes PC-Geh\u00e4use<\/strong><\/h3>\n<p data-start=\"3002\" data-end=\"3064\">Feuerbest\u00e4ndig und sto\u00dffest f\u00fcr langfristige Zuverl\u00e4ssigkeit.<\/p>\n<h2 data-start=\"3071\" data-end=\"3089\"><strong data-start=\"3073\" data-end=\"3089\">Anwendungen<\/strong><\/h2>\n<p data-start=\"3090\" data-end=\"3136\">Das TR672CUK 45W PD-Ladeger\u00e4t ist geeignet f\u00fcr:<\/p>\n<ul data-start=\"3137\" data-end=\"3369\">\n<li data-start=\"3137\" data-end=\"3167\">\n<p data-start=\"3139\" data-end=\"3167\">USB-C-Laptops und Ultrabooks<\/p>\n<\/li>\n<li data-start=\"3168\" data-end=\"3209\">\n<p data-start=\"3170\" data-end=\"3209\">Tablets (iPad, Samsung, Lenovo usw.)<\/p>\n<\/li>\n<li data-start=\"3210\" data-end=\"3275\">\n<p data-start=\"3212\" data-end=\"3275\">Smartphones (iPhone \u00fcber USB-C, Samsung, Google, Xiaomi usw.)<\/p>\n<\/li>\n<li data-start=\"3276\" data-end=\"3291\">\n<p data-start=\"3278\" data-end=\"3291\">Powerbanks<\/p>\n<\/li>\n<li data-start=\"3292\" data-end=\"3317\">\n<p data-start=\"3294\" data-end=\"3317\">Ohrh\u00f6rer &amp; Zubeh\u00f6r<\/p>\n<\/li>\n<li data-start=\"3318\" data-end=\"3369\">\n<p data-start=\"3320\" data-end=\"3369\">Tragbare Spielger\u00e4te (Nintendo Switch usw.)<\/p>\n<\/li>\n<\/ul>\n<h2 data-start=\"3376\" data-end=\"3414\"><strong data-start=\"3378\" data-end=\"3414\">H\u00e4ufig gestellte Fragen (FAQ)<\/strong><\/h2>\n<h3 data-start=\"3416\" data-end=\"3453\"><strong data-start=\"3420\" data-end=\"3451\">1. Kann man damit Laptops aufladen?<\/strong><\/h3>\n<p data-start=\"3454\" data-end=\"3520\">Ja, der 45-W-PD-Ausgang unterst\u00fctzt viele USB-C-Laptops und Ultrabooks.<\/p>\n<h3 data-start=\"3522\" data-end=\"3565\"><strong data-start=\"3526\" data-end=\"3563\">2. Unterst\u00fctzt es Schnellladen?<\/strong><\/h3>\n<p data-start=\"3566\" data-end=\"3638\">Ja. Es unterst\u00fctzt PD-Schnellladung f\u00fcr Smartphones, Tablets und Laptops.<\/p>\n<h3 data-start=\"3640\" data-end=\"3693\"><strong data-start=\"3644\" data-end=\"3691\">3. Kann ich zwei Ger\u00e4te gleichzeitig aufladen?<\/strong><\/h3>\n<p data-start=\"3694\" data-end=\"3767\">Absolut \u2013 es verteilt die Energie intelligent auf beide USB-C-Anschl\u00fcsse.<\/p>\n<h3 data-start=\"3769\" data-end=\"3815\"><strong data-start=\"3773\" data-end=\"3813\">4. Ist es sicher f\u00fcr empfindliche Ger\u00e4te?<\/strong><\/h3>\n<p data-start=\"3816\" data-end=\"3896\">Ja. Es umfasst Schutz vor \u00dcberspannung, Kurzschluss, \u00dcberlastung und R\u00fcckfluss.<\/p>\n<h3 data-start=\"3898\" data-end=\"3951\"><strong data-start=\"3902\" data-end=\"3949\">5. Ist es f\u00fcr internationale Reisen geeignet?<\/strong><\/h3>\n<p data-start=\"3952\" data-end=\"4009\">Ja. Es unterst\u00fctzt 100\u2013240 V und ist kompakt und leicht.<\/p>\n<h3 data-start=\"4011\" data-end=\"4059\"><strong data-start=\"4015\" data-end=\"4057\">6. Mit welchen Ger\u00e4ten ist es kompatibel?<\/strong><\/h3>\n<p data-start=\"4060\" data-end=\"4160\">Alle Ger\u00e4te, die das Laden \u00fcber USB-C unterst\u00fctzen, einschlie\u00dflich Laptops, Mobiltelefone, Tablets und Zubeh\u00f6r.<\/p>","protected":false},"excerpt":{"rendered":"<p data-start=\"1349\" data-end=\"1452\"><strong data-start=\"1349\" data-end=\"1366\">Produktname:<\/strong> 45-W-PD-Ladeger\u00e4t<br data-start=\"1381\" data-end=\"1384\" \/><strong data-start=\"1384\" data-end=\"1401\">Modellnummer:<\/strong> TR672CUK<br data-start=\"1410\" data-end=\"1413\" \/><strong data-start=\"1413\" data-end=\"1433\">Herkunftsort:<\/strong> China (Festland)<\/p>\n<p data-start=\"1454\" data-end=\"1539\"><strong data-start=\"1454\" data-end=\"1471\">Anwendungsbereiche:<\/strong><br data-start=\"1471\" data-end=\"1474\" \/>Laptop, Notebook, Tablet, Mobiltelefon und andere USB-C-Ger\u00e4te<\/p>\n<p data-start=\"1541\" data-end=\"1579\"><strong data-start=\"1541\" data-end=\"1551\">Eingang:<\/strong><br data-start=\"1551\" data-end=\"1554\" \/>100\u2013240 V, 50\/60 Hz, 1,5 A<\/p>\n<p data-start=\"1581\" data-end=\"1594\"><strong data-start=\"1581\" data-end=\"1592\">Ausgabe:<\/strong><\/p>\n<ul data-start=\"1595\" data-end=\"1803\">\n<li data-start=\"1595\" data-end=\"1668\">\n<p data-start=\"1597\" data-end=\"1668\"><strong data-start=\"1597\" data-end=\"1608\">USB-C1:<\/strong><br data-start=\"1608\" data-end=\"1611\" \/>5V 3A \/ 9V 3A \/ 12V 3A \/ 15V 3A \/ 20V 2,25A (45W Max)<\/p>\n<\/li>\n<li data-start=\"1669\" data-end=\"1742\">\n<p data-start=\"1671\" data-end=\"1742\"><strong data-start=\"1671\" data-end=\"1682\">USB-C2:<\/strong><br data-start=\"1682\" data-end=\"1685\" \/>5V 3A \/ 9V 3A \/ 12V 3A \/ 15V 3A \/ 20V 2,25A (45W Max)<\/p>\n<\/li>\n<li data-start=\"1743\" data-end=\"1803\">\n<p data-start=\"1745\" data-end=\"1803\"><strong data-start=\"1745\" data-end=\"1766\">Dual-Port-Ausgang:<\/strong><br data-start=\"1766\" data-end=\"1769\" \/>\u2022 30 W + 12 W<br data-start=\"1782\" data-end=\"1785\" \/>\u2022 oder 12 W + 30 W<\/p>\n<\/li>\n<\/ul>\n<p data-start=\"1805\" data-end=\"1924\"><strong data-start=\"1805\" data-end=\"1816\">Farben:<\/strong> Schwarz, Wei\u00df<br data-start=\"1829\" data-end=\"1832\" \/><strong data-start=\"1832\" data-end=\"1845\">Material:<\/strong> PC (feuerfest, langlebig)<br data-start=\"1874\" data-end=\"1877\" \/><strong data-start=\"1877\" data-end=\"1888\">Gewicht:<\/strong> 90 g<br data-start=\"1892\" data-end=\"1895\" \/><strong data-start=\"1895\" data-end=\"1907\">Verpackung:<\/strong> Einzelhandelsverpackung<\/p>","protected":false},"featured_media":1173,"comment_status":"closed","ping_status":"closed","template":"","meta":{"_acf_changed":false,"site-sidebar-layout":"default","site-content-layout":"","ast-site-content-layout":"default","site-content-style":"default","site-sidebar-style":"default","ast-global-header-display":"","ast-banner-title-visibility":"","ast-main-header-display":"","ast-hfb-above-header-display":"","ast-hfb-below-header-display":"","ast-hfb-mobile-header-display":"","site-post-title":"","ast-breadcrumbs-content":"","ast-featured-img":"","footer-sml-layout":"","ast-disable-related-posts":"","theme-transparent-header-meta":"default","adv-header-id-meta":"","stick-header-meta":"","header-above-stick-meta":"","header-main-stick-meta":"","header-below-stick-meta":"","astra-migrate-meta-layouts":"set","ast-page-background-enabled":"default","ast-page-background-meta":{"desktop":{"background-color":"var(--ast-global-color-5)","background-image":"","background-repeat":"repeat","background-position":"center center","background-size":"auto","background-attachment":"scroll","background-type":"","background-media":"","overlay-type":"","overlay-color":"","overlay-opacity":"","overlay-gradient":""},"tablet":{"background-color":"","background-image":"","background-repeat":"repeat","background-position":"center center","background-size":"auto","background-attachment":"scroll","background-type":"","background-media":"","overlay-type":"","overlay-color":"","overlay-opacity":"","overlay-gradient":""},"mobile":{"background-color":"","background-image":"","background-repeat":"repeat","background-position":"center center","background-size":"auto","background-attachment":"scroll","background-type":"","background-media":"","overlay-type":"","overlay-color":"","overlay-opacity":"","overlay-gradient":""}},"ast-content-background-meta":{"desktop":{"background-color":"var(--ast-global-color-4)","background-image":"","background-repeat":"repeat","background-position":"center center","background-size":"auto","background-attachment":"scroll","background-type":"","background-media":"","overlay-type":"","overlay-color":"","overlay-opacity":"","overlay-gradient":""},"tablet":{"background-color":"var(--ast-global-color-4)","background-image":"","background-repeat":"repeat","background-position":"center center","background-size":"auto","background-attachment":"scroll","background-type":"","background-media":"","overlay-type":"","overlay-color":"","overlay-opacity":"","overlay-gradient":""},"mobile":{"background-color":"var(--ast-global-color-4)","background-image":"","background-repeat":"repeat","background-position":"center center","background-size":"auto","background-attachment":"scroll","background-type":"","background-media":"","overlay-type":"","overlay-color":"","overlay-opacity":"","overlay-gradient":""}}},"product_brand":[],"product_cat":[30,47],"product_tag":[88,94,95,89],"class_list":{"0":"post-1172","1":"product","2":"type-product","3":"status-publish","4":"has-post-thumbnail","6":"product_cat-gan-charger","7":"product_cat-45w","8":"product_tag-45w-pd-charger","9":"product_tag-45w-usb-c-pd-charger","10":"product_tag-dual-usb-c-power-adapter","11":"product_tag-usb-c-fast-charger","12":"desktop-align-left","13":"tablet-align-left","14":"mobile-align-left","16":"first","17":"instock","18":"shipping-taxable","19":"product-type-simple"},"acf":[],"_links":{"self":[{"href":"https:\/\/szjialu.com\/de\/wp-json\/wp\/v2\/product\/1172","targetHints":{"allow":["GET"]}}],"collection":[{"href":"https:\/\/szjialu.com\/de\/wp-json\/wp\/v2\/product"}],"about":[{"href":"https:\/\/szjialu.com\/de\/wp-json\/wp\/v2\/types\/product"}],"replies":[{"embeddable":true,"href":"https:\/\/szjialu.com\/de\/wp-json\/wp\/v2\/comments?post=1172"}],"wp:featuredmedia":[{"embeddable":true,"href":"https:\/\/szjialu.com\/de\/wp-json\/wp\/v2\/media\/1173"}],"wp:attachment":[{"href":"https:\/\/szjialu.com\/de\/wp-json\/wp\/v2\/media?parent=1172"}],"wp:term":[{"taxonomy":"product_brand","embeddable":true,"href":"https:\/\/szjialu.com\/de\/wp-json\/wp\/v2\/product_brand?post=1172"},{"taxonomy":"product_cat","embeddable":true,"href":"https:\/\/szjialu.com\/de\/wp-json\/wp\/v2\/product_cat?post=1172"},{"taxonomy":"product_tag","embeddable":true,"href":"https:\/\/szjialu.com\/de\/wp-json\/wp\/v2\/product_tag?post=1172"}],"curies":[{"name":"wp","href":"https:\/\/api.w.org\/{rel}","templated":true}]}}