{"id":1161,"date":"2025-11-21T13:17:01","date_gmt":"2025-11-21T13:17:01","guid":{"rendered":"https:\/\/szjialu.com\/?post_type=product&#038;p=1161"},"modified":"2025-11-21T13:17:03","modified_gmt":"2025-11-21T13:17:03","slug":"45-w-pd-ladegerat-tr672cus","status":"publish","type":"product","link":"https:\/\/szjialu.com\/de\/product\/45w-pd-charger-tr672cus\/","title":{"rendered":"45W PD-Ladeger\u00e4t TR672CUS"},"content":{"rendered":"<h2 data-start=\"741\" data-end=\"763\"><strong data-start=\"743\" data-end=\"763\">Produkt\u00fcbersicht<\/strong><\/h2>\n<p data-start=\"764\" data-end=\"1101\">Der <strong data-start=\"768\" data-end=\"795\">TR672CUS <a href=\"https:\/\/szjialu.com\/de\/product\/45w-pd-ladegerat-tr672ckr\/\">45-W-PD-Ladeger\u00e4t<\/a><\/strong> ist ein leistungsstarkes, kompaktes und reisefreundliches USB-C-Schnellladeger\u00e4t, das f\u00fcr Laptops, Tablets, Smartphones und andere USB-C-Ger\u00e4te entwickelt wurde. Mit zwei USB-C-Anschl\u00fcssen und fortschrittlicher Power-Delivery-Technologie liefert es bis zu <strong data-start=\"1010\" data-end=\"1017\">45 W<\/strong> Die Stromversorgung erfolgt entweder \u00fcber einen einzelnen Anschluss oder wird intelligent verteilt, wenn beide Anschl\u00fcsse belegt sind.<\/p>\n<p data-start=\"1103\" data-end=\"1238\">Dank seiner breiten Spannungskompatibilit\u00e4t von 100\u2013240 V und der robusten Sicherheitsvorkehrungen ist es die ideale Wahl f\u00fcr Arbeit, Reisen, Zuhause und den t\u00e4glichen Gebrauch.<\/p>\n<h2 data-start=\"1245\" data-end=\"1273\"><strong data-start=\"1247\" data-end=\"1273\">Produktspezifikationen<\/strong><\/h2>\n<p data-start=\"1275\" data-end=\"1346\"><strong data-start=\"1275\" data-end=\"1285\">Modell:<\/strong> TR672CUS<br data-start=\"1294\" data-end=\"1297\" \/><strong data-start=\"1297\" data-end=\"1307\">Eingang:<\/strong> 100\u2013240 V, 50\/60 Hz, 1,5 A<br data-start=\"1330\" data-end=\"1333\" \/><strong data-start=\"1333\" data-end=\"1344\">Ausgabe:<\/strong><\/p>\n<ul data-start=\"1347\" data-end=\"1542\">\n<li data-start=\"1347\" data-end=\"1416\">\n<p data-start=\"1349\" data-end=\"1416\"><strong data-start=\"1349\" data-end=\"1360\">USB-C1:<\/strong> 5V 3A \/ 9V 3A \/ 12V 3A \/ 15V 3A \/ 20V 2,25A (45W max)<\/p>\n<\/li>\n<li data-start=\"1417\" data-end=\"1486\">\n<p data-start=\"1419\" data-end=\"1486\"><strong data-start=\"1419\" data-end=\"1430\">USB-C2:<\/strong> 5V 3A \/ 9V 3A \/ 12V 3A \/ 15V 3A \/ 20V 2,25A (45W max)<\/p>\n<\/li>\n<li data-start=\"1487\" data-end=\"1542\">\n<p data-start=\"1489\" data-end=\"1507\"><strong data-start=\"1489\" data-end=\"1505\">Doppelausgang:<\/strong><\/p>\n<ul data-start=\"1510\" data-end=\"1542\">\n<li data-start=\"1510\" data-end=\"1523\">\n<p data-start=\"1512\" data-end=\"1523\">30 W + 12 W<\/p>\n<\/li>\n<li data-start=\"1526\" data-end=\"1542\">\n<p data-start=\"1528\" data-end=\"1542\">oder 12 W + 30 W<\/p>\n<\/li>\n<\/ul>\n<\/li>\n<\/ul>\n<p data-start=\"1544\" data-end=\"1852\"><strong data-start=\"1544\" data-end=\"1557\">Material:<\/strong> Hochfestes PC<br data-start=\"1574\" data-end=\"1577\" \/><strong data-start=\"1577\" data-end=\"1595\">Farboptionen:<\/strong> Schwarz, Wei\u00df<br data-start=\"1608\" data-end=\"1611\" \/><strong data-start=\"1611\" data-end=\"1622\">Gewicht:<\/strong> 90 g<br data-start=\"1626\" data-end=\"1629\" \/><strong data-start=\"1629\" data-end=\"1650\">Effizienzniveau:<\/strong> VI<br data-start=\"1653\" data-end=\"1656\" \/><strong data-start=\"1656\" data-end=\"1675\">Zertifizierungen:<\/strong> ETL, CE, FCC, PSE, UKCA, KC, RoHS, REACH<br data-start=\"1716\" data-end=\"1719\" \/><strong data-start=\"1719\" data-end=\"1732\">Garantie:<\/strong> 1 Jahr<br data-start=\"1739\" data-end=\"1742\" \/><strong data-start=\"1742\" data-end=\"1768\">Betriebstemperatur:<\/strong> -20 \u00b0C bis 55 \u00b0C<br data-start=\"1782\" data-end=\"1785\" \/><strong data-start=\"1785\" data-end=\"1809\">Lagertemperatur:<\/strong> -40 \u00b0C bis 70 \u00b0C<br data-start=\"1823\" data-end=\"1826\" \/><strong data-start=\"1826\" data-end=\"1850\">Schutzfunktionen:<\/strong><\/p>\n<ul data-start=\"1853\" data-end=\"1986\">\n<li data-start=\"1853\" data-end=\"1881\">\n<p data-start=\"1855\" data-end=\"1881\">Kurzschlussschutz<\/p>\n<\/li>\n<li data-start=\"1882\" data-end=\"1909\">\n<p data-start=\"1884\" data-end=\"1909\">\u00dcberspannungsschutz<\/p>\n<\/li>\n<li data-start=\"1910\" data-end=\"1937\">\n<p data-start=\"1912\" data-end=\"1937\">\u00dcberstromschutz<\/p>\n<\/li>\n<li data-start=\"1938\" data-end=\"1962\">\n<p data-start=\"1940\" data-end=\"1962\">\u00dcberlastschutz<\/p>\n<\/li>\n<li data-start=\"1963\" data-end=\"1986\">\n<p data-start=\"1965\" data-end=\"1986\">R\u00fcckflussschutz<\/p>\n<\/li>\n<\/ul>\n<figure id=\"attachment_1162\" aria-describedby=\"caption-attachment-1162\" style=\"width: 459px\" class=\"wp-caption alignnone\"><img fetchpriority=\"high\" decoding=\"async\" class=\"wp-image-1162\" src=\"https:\/\/szjialu.com\/wp-content\/uploads\/2025\/11\/\u8be6\u60c5_01-1-218x300.jpg\" alt=\"45-W-PD-Ladeger\u00e4t\" width=\"459\" height=\"632\" srcset=\"https:\/\/szjialu.com\/wp-content\/uploads\/2025\/11\/\u8be6\u60c5_01-1-218x300.jpg 218w, https:\/\/szjialu.com\/wp-content\/uploads\/2025\/11\/\u8be6\u60c5_01-1-745x1024.jpg 745w, https:\/\/szjialu.com\/wp-content\/uploads\/2025\/11\/\u8be6\u60c5_01-1-768x1056.jpg 768w, https:\/\/szjialu.com\/wp-content\/uploads\/2025\/11\/\u8be6\u60c5_01-1-600x825.jpg 600w, https:\/\/szjialu.com\/wp-content\/uploads\/2025\/11\/\u8be6\u60c5_01-1-64x88.jpg 64w, https:\/\/szjialu.com\/wp-content\/uploads\/2025\/11\/\u8be6\u60c5_01-1.jpg 800w\" sizes=\"(max-width: 459px) 100vw, 459px\" \/><figcaption id=\"caption-attachment-1162\" class=\"wp-caption-text\">45-W-PD-Ladeger\u00e4t<\/figcaption><\/figure>\n<h2 data-start=\"1993\" data-end=\"2017\"><strong data-start=\"1995\" data-end=\"2017\">Wichtigste Verkaufsargumente<\/strong><\/h2>\n<h3 data-start=\"2019\" data-end=\"2058\"><strong data-start=\"2023\" data-end=\"2058\">1. 45-W-Hochleistungs-Schnellladung<\/strong><\/h3>\n<p data-start=\"2059\" data-end=\"2178\">Unterst\u00fctzt eine volle 45-Watt-Power-Delivery-Ausgangsleistung \u2013 genug, um Laptops, Tablets und High-End-Smartphones mit maximaler Geschwindigkeit aufzuladen.<\/p>\n<h3 data-start=\"2180\" data-end=\"2233\"><strong data-start=\"2184\" data-end=\"2233\">2. Zwei USB-C-Anschl\u00fcsse zum gleichzeitigen Laden mehrerer Ger\u00e4te<\/strong><\/h3>\n<p data-start=\"2234\" data-end=\"2325\">Laden Sie zwei Ger\u00e4te gleichzeitig mit intelligenter Leistungsverteilung (30W+12W oder 12W+30W).<\/p>\n<h3 data-start=\"2327\" data-end=\"2370\"><strong data-start=\"2331\" data-end=\"2370\">3. Universelle Spannung f\u00fcr weltweiten Einsatz<\/strong><\/h3>\n<p data-start=\"2371\" data-end=\"2425\">Dank des 100\u2013240-V-Eingangsbereichs eignet es sich f\u00fcr Reisen weltweit.<\/p>\n<h3 data-start=\"2427\" data-end=\"2469\"><strong data-start=\"2431\" data-end=\"2469\">4. Fortschrittlicher Mehrschichtschutz<\/strong><\/h3>\n<p data-start=\"2470\" data-end=\"2570\">Eingebaute Schutzmechanismen gew\u00e4hrleisten sicheres und zuverl\u00e4ssiges Laden und sch\u00fctzen sowohl das Ladeger\u00e4t als auch Ihre Ger\u00e4te.<\/p>\n<h3 data-start=\"2572\" data-end=\"2613\"><strong data-start=\"2576\" data-end=\"2613\">5. Zertifiziert f\u00fcr Sicherheit und Qualit\u00e4t<\/strong><\/h3>\n<p data-start=\"2614\" data-end=\"2717\">ETL-, CE-, FCC-, PSE-, UKCA-, KC-, RoHS- und REACH-Zertifizierungen garantieren die Einhaltung globaler Standards.<\/p>\n<h3 data-start=\"2719\" data-end=\"2752\"><strong data-start=\"2723\" data-end=\"2752\">6. Leicht und tragbar<\/strong><\/h3>\n<p data-start=\"2753\" data-end=\"2822\">Mit einem Gewicht von nur 90 g passt es problemlos in Taschen, Beutel oder Reisesets.<\/p>\n<h3 data-start=\"2824\" data-end=\"2853\"><strong data-start=\"2828\" data-end=\"2853\">7. Robustes PC-Geh\u00e4use<\/strong><\/h3>\n<p data-start=\"2854\" data-end=\"2942\">Hergestellt aus feuerbest\u00e4ndigem, hochfestem PC-Material f\u00fcr dauerhafte Zuverl\u00e4ssigkeit.<\/p>\n<h2 data-start=\"2949\" data-end=\"2967\"><strong data-start=\"2951\" data-end=\"2967\">Anwendungen<\/strong><\/h2>\n<p data-start=\"2968\" data-end=\"3011\">Das TR672CUS 45W PD-Ladeger\u00e4t ist ideal f\u00fcr:<\/p>\n<ul data-start=\"3012\" data-end=\"3279\">\n<li data-start=\"3012\" data-end=\"3059\">\n<p data-start=\"3014\" data-end=\"3059\"><strong data-start=\"3014\" data-end=\"3038\">Laptops &amp; Ultrabooks<\/strong> (USB-C-kompatibel)<\/p>\n<\/li>\n<li data-start=\"3060\" data-end=\"3099\">\n<p data-start=\"3062\" data-end=\"3099\"><strong data-start=\"3062\" data-end=\"3073\">Tabletten<\/strong> (iPad, Android-Tablets)<\/p>\n<\/li>\n<li data-start=\"3100\" data-end=\"3143\">\n<p data-start=\"3102\" data-end=\"3143\"><strong data-start=\"3102\" data-end=\"3117\">Smartphones<\/strong> (iPhone, Android usw.)<\/p>\n<\/li>\n<li data-start=\"3144\" data-end=\"3163\">\n<p data-start=\"3146\" data-end=\"3163\"><strong data-start=\"3146\" data-end=\"3161\">Powerbanks<\/strong><\/p>\n<\/li>\n<li data-start=\"3164\" data-end=\"3188\">\n<p data-start=\"3166\" data-end=\"3188\"><strong data-start=\"3166\" data-end=\"3186\">Kabellose Ohrh\u00f6rer<\/strong><\/p>\n<\/li>\n<li data-start=\"3189\" data-end=\"3236\">\n<p data-start=\"3191\" data-end=\"3236\"><strong data-start=\"3191\" data-end=\"3234\">Tragbare Spielkonsolen (Switch usw.)<\/strong><\/p>\n<\/li>\n<li data-start=\"3237\" data-end=\"3279\">\n<p data-start=\"3239\" data-end=\"3279\"><strong data-start=\"3239\" data-end=\"3279\">Jedes Ger\u00e4t, das USB-C-Laden unterst\u00fctzt.<\/strong><\/p>\n<\/li>\n<\/ul>\n<h2 data-start=\"3286\" data-end=\"3324\"><strong data-start=\"3288\" data-end=\"3324\">H\u00e4ufig gestellte Fragen (FAQ)<\/strong><\/h2>\n<h3 data-start=\"3326\" data-end=\"3370\"><strong data-start=\"3330\" data-end=\"3368\">1. Kann dieses Ladeger\u00e4t Laptops mit Strom versorgen?<\/strong><\/h3>\n<p data-start=\"3371\" data-end=\"3468\">Ja. Mit einer PD-Ausgangsleistung von 45 W unterst\u00fctzt es viele USB-C-Laptops und Ultrabooks, die 45 W oder weniger ben\u00f6tigen.<\/p>\n<h3 data-start=\"3470\" data-end=\"3516\"><strong data-start=\"3474\" data-end=\"3514\">2. Kann ich zwei Ger\u00e4te gleichzeitig aufladen?<\/strong><\/h3>\n<p data-start=\"3517\" data-end=\"3629\">Absolut. Das Ladeger\u00e4t verf\u00fcgt \u00fcber zwei USB-C-Ausg\u00e4nge mit intelligenter Leistungsverteilung (30 W + 12 W oder 12 W + 30 W).<\/p>\n<h3 data-start=\"3631\" data-end=\"3682\"><strong data-start=\"3635\" data-end=\"3680\">3. Ist das Ladeger\u00e4t f\u00fcr den Langzeitgebrauch geeignet?<\/strong><\/h3>\n<p data-start=\"3683\" data-end=\"3804\">Ja. Es umfasst mehrere Schutzsysteme wie \u00dcberspannungs-, \u00dcberstrom-, \u00dcberlast- und Kurzschlussschutz.<\/p>\n<h3 data-start=\"3806\" data-end=\"3855\"><strong data-start=\"3810\" data-end=\"3853\">4. Ist es mit meinem Smartphone kompatibel?<\/strong><\/h3>\n<p data-start=\"3856\" data-end=\"3966\">Es funktioniert mit nahezu allen USB-C-Smartphones, einschlie\u00dflich iPhone (\u00fcber USB-C), Samsung, Google, Xiaomi und anderen.<\/p>\n<h3 data-start=\"3968\" data-end=\"4011\"><strong data-start=\"3972\" data-end=\"4009\">5. Unterst\u00fctzt es Schnellladen?<\/strong><\/h3>\n<p data-start=\"4012\" data-end=\"4083\">Ja. Es unterst\u00fctzt Power Delivery (PD)-Protokolle f\u00fcr schnelles Laden.<\/p>\n<h3 data-start=\"4085\" data-end=\"4126\"><strong data-start=\"4089\" data-end=\"4124\">6. Ist dieses Ladeger\u00e4t reisetauglich?<\/strong><\/h3>\n<p data-start=\"4127\" data-end=\"4196\">Ja. Es ist leicht, kompakt und unterst\u00fctzt weltweit \u00fcbliche Spannungen von 100\u2013240 V.<\/p>","protected":false},"excerpt":{"rendered":"<p data-start=\"1275\" data-end=\"1346\"><strong data-start=\"1275\" data-end=\"1285\">Modell:<\/strong> TR672CUS<br data-start=\"1294\" data-end=\"1297\" \/><strong data-start=\"1297\" data-end=\"1307\">Eingang:<\/strong> 100\u2013240 V, 50\/60 Hz, 1,5 A<br data-start=\"1330\" data-end=\"1333\" \/><strong data-start=\"1333\" data-end=\"1344\">Ausgabe:<\/strong><\/p>\n<ul data-start=\"1347\" data-end=\"1542\">\n<li data-start=\"1347\" data-end=\"1416\">\n<p data-start=\"1349\" data-end=\"1416\"><strong data-start=\"1349\" data-end=\"1360\">USB-C1:<\/strong> 5V 3A \/ 9V 3A \/ 12V 3A \/ 15V 3A \/ 20V 2,25A (45W max)<\/p>\n<\/li>\n<li data-start=\"1417\" data-end=\"1486\">\n<p data-start=\"1419\" data-end=\"1486\"><strong data-start=\"1419\" data-end=\"1430\">USB-C2:<\/strong> 5V 3A \/ 9V 3A \/ 12V 3A \/ 15V 3A \/ 20V 2,25A (45W max)<\/p>\n<\/li>\n<li data-start=\"1487\" data-end=\"1542\">\n<p data-start=\"1489\" data-end=\"1507\"><strong data-start=\"1489\" data-end=\"1505\">Doppelausgang:<\/strong><\/p>\n<ul data-start=\"1510\" data-end=\"1542\">\n<li data-start=\"1510\" data-end=\"1523\">\n<p data-start=\"1512\" data-end=\"1523\">30 W + 12 W<\/p>\n<\/li>\n<li data-start=\"1526\" data-end=\"1542\">\n<p data-start=\"1528\" data-end=\"1542\">oder 12 W + 30 W<\/p>\n<\/li>\n<\/ul>\n<\/li>\n<\/ul>\n<p data-start=\"1544\" data-end=\"1852\"><strong data-start=\"1544\" data-end=\"1557\">Material:<\/strong> Hochfestes PC<br data-start=\"1574\" data-end=\"1577\" \/><strong data-start=\"1577\" data-end=\"1595\">Farboptionen:<\/strong> Schwarz, Wei\u00df<br data-start=\"1608\" data-end=\"1611\" \/><strong data-start=\"1611\" data-end=\"1622\">Gewicht:<\/strong> 90 g<br data-start=\"1626\" data-end=\"1629\" \/><strong data-start=\"1629\" data-end=\"1650\">Effizienzniveau:<\/strong> VI<\/p>","protected":false},"featured_media":1163,"comment_status":"closed","ping_status":"closed","template":"","meta":{"_acf_changed":false,"site-sidebar-layout":"default","site-content-layout":"","ast-site-content-layout":"default","site-content-style":"default","site-sidebar-style":"default","ast-global-header-display":"","ast-banner-title-visibility":"","ast-main-header-display":"","ast-hfb-above-header-display":"","ast-hfb-below-header-display":"","ast-hfb-mobile-header-display":"","site-post-title":"","ast-breadcrumbs-content":"","ast-featured-img":"","footer-sml-layout":"","ast-disable-related-posts":"","theme-transparent-header-meta":"default","adv-header-id-meta":"","stick-header-meta":"","header-above-stick-meta":"","header-main-stick-meta":"","header-below-stick-meta":"","astra-migrate-meta-layouts":"set","ast-page-background-enabled":"default","ast-page-background-meta":{"desktop":{"background-color":"var(--ast-global-color-5)","background-image":"","background-repeat":"repeat","background-position":"center center","background-size":"auto","background-attachment":"scroll","background-type":"","background-media":"","overlay-type":"","overlay-color":"","overlay-opacity":"","overlay-gradient":""},"tablet":{"background-color":"","background-image":"","background-repeat":"repeat","background-position":"center center","background-size":"auto","background-attachment":"scroll","background-type":"","background-media":"","overlay-type":"","overlay-color":"","overlay-opacity":"","overlay-gradient":""},"mobile":{"background-color":"","background-image":"","background-repeat":"repeat","background-position":"center center","background-size":"auto","background-attachment":"scroll","background-type":"","background-media":"","overlay-type":"","overlay-color":"","overlay-opacity":"","overlay-gradient":""}},"ast-content-background-meta":{"desktop":{"background-color":"var(--ast-global-color-4)","background-image":"","background-repeat":"repeat","background-position":"center center","background-size":"auto","background-attachment":"scroll","background-type":"","background-media":"","overlay-type":"","overlay-color":"","overlay-opacity":"","overlay-gradient":""},"tablet":{"background-color":"var(--ast-global-color-4)","background-image":"","background-repeat":"repeat","background-position":"center center","background-size":"auto","background-attachment":"scroll","background-type":"","background-media":"","overlay-type":"","overlay-color":"","overlay-opacity":"","overlay-gradient":""},"mobile":{"background-color":"var(--ast-global-color-4)","background-image":"","background-repeat":"repeat","background-position":"center center","background-size":"auto","background-attachment":"scroll","background-type":"","background-media":"","overlay-type":"","overlay-color":"","overlay-opacity":"","overlay-gradient":""}}},"product_brand":[],"product_cat":[30,47],"product_tag":[88,91,92,89],"class_list":{"0":"post-1161","1":"product","2":"type-product","3":"status-publish","4":"has-post-thumbnail","6":"product_cat-gan-charger","7":"product_cat-45w","8":"product_tag-45w-pd-charger","9":"product_tag-dual-usb-c-charger","10":"product_tag-type-c-power-adapter","11":"product_tag-usb-c-fast-charger","12":"desktop-align-left","13":"tablet-align-left","14":"mobile-align-left","16":"first","17":"instock","18":"shipping-taxable","19":"product-type-simple"},"acf":[],"_links":{"self":[{"href":"https:\/\/szjialu.com\/de\/wp-json\/wp\/v2\/product\/1161","targetHints":{"allow":["GET"]}}],"collection":[{"href":"https:\/\/szjialu.com\/de\/wp-json\/wp\/v2\/product"}],"about":[{"href":"https:\/\/szjialu.com\/de\/wp-json\/wp\/v2\/types\/product"}],"replies":[{"embeddable":true,"href":"https:\/\/szjialu.com\/de\/wp-json\/wp\/v2\/comments?post=1161"}],"wp:featuredmedia":[{"embeddable":true,"href":"https:\/\/szjialu.com\/de\/wp-json\/wp\/v2\/media\/1163"}],"wp:attachment":[{"href":"https:\/\/szjialu.com\/de\/wp-json\/wp\/v2\/media?parent=1161"}],"wp:term":[{"taxonomy":"product_brand","embeddable":true,"href":"https:\/\/szjialu.com\/de\/wp-json\/wp\/v2\/product_brand?post=1161"},{"taxonomy":"product_cat","embeddable":true,"href":"https:\/\/szjialu.com\/de\/wp-json\/wp\/v2\/product_cat?post=1161"},{"taxonomy":"product_tag","embeddable":true,"href":"https:\/\/szjialu.com\/de\/wp-json\/wp\/v2\/product_tag?post=1161"}],"curies":[{"name":"wp","href":"https:\/\/api.w.org\/{rel}","templated":true}]}}