{"id":1155,"date":"2025-11-21T13:04:14","date_gmt":"2025-11-21T13:04:14","guid":{"rendered":"https:\/\/szjialu.com\/?post_type=product&#038;p=1155"},"modified":"2025-11-21T13:07:20","modified_gmt":"2025-11-21T13:07:20","slug":"45w-pd-ladegerat-tr672ckr","status":"publish","type":"product","link":"https:\/\/szjialu.com\/de\/product\/45w-pd-charger-tr672ckr\/","title":{"rendered":"45W PD-Ladeger\u00e4t TR672CKR"},"content":{"rendered":"<h2 data-start=\"198\" data-end=\"221\"><strong data-start=\"201\" data-end=\"221\">Produkt\u00fcbersicht<\/strong><\/h2>\n<p data-start=\"222\" data-end=\"777\">Der <strong data-start=\"226\" data-end=\"253\">TR672CKR <a href=\"https:\/\/szjialu.com\/de\/product-category\/gan-ladegerat\/45-w\/\">45-W-PD-Ladeger\u00e4t<\/a><\/strong> Das kompakte und hocheffiziente Schnellladeger\u00e4t TR672CKR ist ideal f\u00fcr den modernen digitalen Lebensstil. Ausgestattet mit zwei USB-C-Anschl\u00fcssen, die jeweils bis zu 45 W Ausgangsleistung liefern, versorgt es Laptops, Tablets, Smartphones und andere USB-C-Ger\u00e4te zuverl\u00e4ssig mit Strom. Dank seines leichten Geh\u00e4uses aus Polycarbonat, der breiten Spannungskompatibilit\u00e4t und umfassender Sicherheitsfunktionen eignet es sich perfekt f\u00fcr Zuhause, B\u00fcro und unterwegs. Zertifiziert nach mehreren internationalen Standards bietet das TR672CKR Leistung und Sicherheit.<\/p>\n<h2 data-start=\"784\" data-end=\"819\"><strong data-start=\"786\" data-end=\"819\">Hauptmerkmale und Verkaufsargumente<\/strong><\/h2>\n<h3 data-start=\"821\" data-end=\"861\"><strong data-start=\"825\" data-end=\"861\">Leistungsstarkes 45-W-PD-Schnellladen<\/strong><\/h3>\n<p data-start=\"862\" data-end=\"1010\">Jeder USB-C-Anschluss unterst\u00fctzt <strong data-start=\"887\" data-end=\"907\">5V\u201320V PD-Ausgang<\/strong>, mit einer Lieferzeit von bis zu <strong data-start=\"926\" data-end=\"933\">45 W<\/strong> Einzeln erh\u00e4ltlich \u2013 perfekt f\u00fcr Ultrabooks, Tablets und Smartphones mit Schnellladefunktion.<\/p>\n<h3 data-start=\"1012\" data-end=\"1053\"><strong data-start=\"1016\" data-end=\"1053\">Dual-Port-Ladeflexibilit\u00e4t<\/strong><\/h3>\n<p data-start=\"1054\" data-end=\"1200\">Verwenden Sie USB-C1 und USB-C2 gleichzeitig mit <strong data-start=\"1101\" data-end=\"1114\">30 W + 12 W<\/strong> Ausgangsverteilung, die es Ihnen erm\u00f6glicht, zwei Ger\u00e4te gleichzeitig effizient aufzuladen.<\/p>\n<h3 data-start=\"1202\" data-end=\"1239\"><strong data-start=\"1206\" data-end=\"1239\">Breites Spannungsspektrum<\/strong><\/h3>\n<p data-start=\"1240\" data-end=\"1312\">Unterst\u00fctzt <strong data-start=\"1249\" data-end=\"1269\">100\u2013240 V, 50\/60 Hz<\/strong>, wodurch es sich ideal f\u00fcr internationale Reisen eignet.<\/p>\n<h3 data-start=\"1314\" data-end=\"1352\"><strong data-start=\"1318\" data-end=\"1352\">Erweiterter Sicherheitsschutz<\/strong><\/h3>\n<p data-start=\"1353\" data-end=\"1381\">Eingebauter Schutz gegen:<\/p>\n<ul data-start=\"1382\" data-end=\"1460\">\n<li data-start=\"1382\" data-end=\"1399\">\n<p data-start=\"1384\" data-end=\"1399\">Kurzschluss<\/p>\n<\/li>\n<li data-start=\"1400\" data-end=\"1416\">\n<p data-start=\"1402\" data-end=\"1416\">\u00dcberspannung<\/p>\n<\/li>\n<li data-start=\"1417\" data-end=\"1433\">\n<p data-start=\"1419\" data-end=\"1433\">\u00dcberstrom<\/p>\n<\/li>\n<li data-start=\"1434\" data-end=\"1447\">\n<p data-start=\"1436\" data-end=\"1447\">\u00dcberlast<\/p>\n<\/li>\n<li data-start=\"1448\" data-end=\"1460\">\n<p data-start=\"1450\" data-end=\"1460\">R\u00fcckfluss<\/p>\n<\/li>\n<\/ul>\n<p data-start=\"1462\" data-end=\"1521\">Gew\u00e4hrleistet ein stabiles und sicheres Laden aller angeschlossenen Ger\u00e4te.<\/p>\n<h3 data-start=\"1523\" data-end=\"1556\"><strong data-start=\"1527\" data-end=\"1556\">Leicht und tragbar<\/strong><\/h3>\n<p data-start=\"1557\" data-end=\"1653\">nur <strong data-start=\"1571\" data-end=\"1578\">90 g<\/strong>, Die TR672CKR ist kompakt und l\u00e4sst sich leicht in Taschen, Rucks\u00e4cken oder Hosentaschen verstauen.<\/p>\n<h3 data-start=\"1655\" data-end=\"1687\"><strong data-start=\"1659\" data-end=\"1687\">Globale Zertifizierungen<\/strong><\/h3>\n<p data-start=\"1688\" data-end=\"1815\">Zertifiziert durch <strong data-start=\"1701\" data-end=\"1745\">KC, ETL, CE, FCC, PSE, UKCA, RoHS, REACH<\/strong>, um die Einhaltung internationaler Qualit\u00e4ts- und Sicherheitsstandards zu gew\u00e4hrleisten.<\/p>\n<h3 data-start=\"1817\" data-end=\"1858\"><strong data-start=\"1821\" data-end=\"1858\">Zuverl\u00e4ssig auch unter extremen Bedingungen<\/strong><\/h3>\n<p data-start=\"1859\" data-end=\"1961\">Betrieben von <strong data-start=\"1873\" data-end=\"1888\">-20\u2103 bis 55\u2103<\/strong>, mit Speicherkapazit\u00e4t von <strong data-start=\"1919\" data-end=\"1934\">-40\u2103 bis 70\u2103<\/strong>\u2014konstruiert f\u00fcr Langlebigkeit.<\/p>\n<figure id=\"attachment_1160\" aria-describedby=\"caption-attachment-1160\" style=\"width: 491px\" class=\"wp-caption alignnone\"><img fetchpriority=\"high\" decoding=\"async\" class=\"wp-image-1160\" src=\"https:\/\/szjialu.com\/wp-content\/uploads\/2025\/11\/\u8be6\u60c5_01-218x300.jpg\" alt=\"45-W-Typ-C-Ladeger\u00e4t\" width=\"491\" height=\"676\" srcset=\"https:\/\/szjialu.com\/wp-content\/uploads\/2025\/11\/\u8be6\u60c5_01-218x300.jpg 218w, https:\/\/szjialu.com\/wp-content\/uploads\/2025\/11\/\u8be6\u60c5_01-745x1024.jpg 745w, https:\/\/szjialu.com\/wp-content\/uploads\/2025\/11\/\u8be6\u60c5_01-768x1056.jpg 768w, https:\/\/szjialu.com\/wp-content\/uploads\/2025\/11\/\u8be6\u60c5_01-600x825.jpg 600w, https:\/\/szjialu.com\/wp-content\/uploads\/2025\/11\/\u8be6\u60c5_01-64x88.jpg 64w, https:\/\/szjialu.com\/wp-content\/uploads\/2025\/11\/\u8be6\u60c5_01.jpg 800w\" sizes=\"(max-width: 491px) 100vw, 491px\" \/><figcaption id=\"caption-attachment-1160\" class=\"wp-caption-text\">45-W-Typ-C-Ladeger\u00e4t<\/figcaption><\/figure>\n<h2 data-start=\"1968\" data-end=\"1988\"><strong data-start=\"1970\" data-end=\"1988\">Spezifikationen<\/strong><\/h2>\n<div class=\"_tableContainer_1rjym_1\">\n<div class=\"group _tableWrapper_1rjym_13 flex w-fit flex-col-reverse\" tabindex=\"-1\">\n<table class=\"w-fit min-w-(--thread-content-width)\" data-start=\"1990\" data-end=\"2715\">\n<thead data-start=\"1990\" data-end=\"2016\">\n<tr data-start=\"1990\" data-end=\"2016\">\n<th data-start=\"1990\" data-end=\"2001\" data-col-size=\"sm\"><strong data-start=\"1992\" data-end=\"2000\">Artikel<\/strong><\/th>\n<th data-start=\"2001\" data-end=\"2016\" data-col-size=\"lg\"><strong data-start=\"2003\" data-end=\"2014\">Details<\/strong><\/th>\n<\/tr>\n<\/thead>\n<tbody data-start=\"2043\" data-end=\"2715\">\n<tr data-start=\"2043\" data-end=\"2076\">\n<td data-start=\"2043\" data-end=\"2058\" data-col-size=\"sm\">Produktname<\/td>\n<td data-col-size=\"lg\" data-start=\"2058\" data-end=\"2076\">45-W-PD-Ladeger\u00e4t<\/td>\n<\/tr>\n<tr data-start=\"2077\" data-end=\"2104\">\n<td data-start=\"2077\" data-end=\"2092\" data-col-size=\"sm\">Modellnummer<\/td>\n<td data-col-size=\"lg\" data-start=\"2092\" data-end=\"2104\">TR672CKR<\/td>\n<\/tr>\n<tr data-start=\"2105\" data-end=\"2143\">\n<td data-start=\"2105\" data-end=\"2123\" data-col-size=\"sm\">Herkunftsort<\/td>\n<td data-col-size=\"lg\" data-start=\"2123\" data-end=\"2143\">China (Festland)<\/td>\n<\/tr>\n<tr data-start=\"2144\" data-end=\"2207\">\n<td data-start=\"2144\" data-end=\"2159\" data-col-size=\"sm\">Anwendungen<\/td>\n<td data-col-size=\"lg\" data-start=\"2159\" data-end=\"2207\">Laptop, Notebook, Tablet, Mobiltelefon usw.<\/td>\n<\/tr>\n<tr data-start=\"2208\" data-end=\"2243\">\n<td data-start=\"2208\" data-end=\"2216\" data-col-size=\"sm\">Eingang<\/td>\n<td data-col-size=\"lg\" data-start=\"2216\" data-end=\"2243\">100\u2013240 V ~ 50\/60 Hz 1,5 A<\/td>\n<\/tr>\n<tr data-start=\"2244\" data-end=\"2395\">\n<td data-start=\"2244\" data-end=\"2253\" data-col-size=\"sm\">Ausgabe<\/td>\n<td data-col-size=\"lg\" data-start=\"2253\" data-end=\"2395\">USB-C1: 5V3A \/ 9V3A \/ 12V3A \/ 15V3A \/ 20V2,25A (45W)<br \/>\nUSB-C2: 5V3A \/ 9V3A \/ 12V3A \/ 15V3A \/ 20V2,25A (45W)<br \/>\nDoppelausgang: 30 W + 12 W<\/td>\n<\/tr>\n<tr data-start=\"2396\" data-end=\"2421\">\n<td data-start=\"2396\" data-end=\"2405\" data-col-size=\"sm\">Farben<\/td>\n<td data-col-size=\"lg\" data-start=\"2405\" data-end=\"2421\">Schwarz, Wei\u00df<\/td>\n<\/tr>\n<tr data-start=\"2422\" data-end=\"2439\">\n<td data-start=\"2422\" data-end=\"2433\" data-col-size=\"sm\">Material<\/td>\n<td data-col-size=\"lg\" data-start=\"2433\" data-end=\"2439\">PC<\/td>\n<\/tr>\n<tr data-start=\"2440\" data-end=\"2456\">\n<td data-start=\"2440\" data-end=\"2449\" data-col-size=\"sm\">Gewicht<\/td>\n<td data-col-size=\"lg\" data-start=\"2449\" data-end=\"2456\">90 g<\/td>\n<\/tr>\n<tr data-start=\"2457\" data-end=\"2485\">\n<td data-start=\"2457\" data-end=\"2467\" data-col-size=\"sm\">Verpackung<\/td>\n<td data-col-size=\"lg\" data-start=\"2467\" data-end=\"2485\">Einzelhandelsverpackung<\/td>\n<\/tr>\n<tr data-start=\"2486\" data-end=\"2531\">\n<td data-start=\"2486\" data-end=\"2499\" data-col-size=\"sm\">Schutz<\/td>\n<td data-col-size=\"lg\" data-start=\"2499\" data-end=\"2531\">SCP, OVP, OCP, OLP, R\u00fcckfluss<\/td>\n<\/tr>\n<tr data-start=\"2532\" data-end=\"2557\">\n<td data-start=\"2532\" data-end=\"2545\" data-col-size=\"sm\">Effizienz<\/td>\n<td data-col-size=\"lg\" data-start=\"2545\" data-end=\"2557\">Stufe VI<\/td>\n<\/tr>\n<tr data-start=\"2558\" data-end=\"2617\">\n<td data-start=\"2558\" data-end=\"2573\" data-col-size=\"sm\">Zertifikate<\/td>\n<td data-col-size=\"lg\" data-start=\"2573\" data-end=\"2617\">KC, ETL, CE, FCC, PSE, UKCA, RoHS, REACH<\/td>\n<\/tr>\n<tr data-start=\"2618\" data-end=\"2639\">\n<td data-start=\"2618\" data-end=\"2629\" data-col-size=\"sm\">Garantie<\/td>\n<td data-col-size=\"lg\" data-start=\"2629\" data-end=\"2639\">1 Jahr<\/td>\n<\/tr>\n<tr data-start=\"2640\" data-end=\"2678\">\n<td data-start=\"2640\" data-end=\"2664\" data-col-size=\"sm\">Betriebstemperatur<\/td>\n<td data-col-size=\"lg\" data-start=\"2664\" data-end=\"2678\">-20\u2103 ~ 55\u2103<\/td>\n<\/tr>\n<tr data-start=\"2679\" data-end=\"2715\">\n<td data-start=\"2679\" data-end=\"2701\" data-col-size=\"sm\">Lagertemperatur<\/td>\n<td data-col-size=\"lg\" data-start=\"2701\" data-end=\"2715\">-40\u2103 ~ 70\u2103<\/td>\n<\/tr>\n<\/tbody>\n<\/table>\n<\/div>\n<\/div>\n<h2 data-start=\"2722\" data-end=\"2740\"><strong data-start=\"2724\" data-end=\"2740\">Anwendungen<\/strong><\/h2>\n<p data-start=\"2741\" data-end=\"2819\">Das Ladeger\u00e4t TR672CKR eignet sich f\u00fcr eine Vielzahl von USB-C-Ger\u00e4ten, darunter:<\/p>\n<ul data-start=\"2821\" data-end=\"3057\">\n<li data-start=\"2821\" data-end=\"2847\">\n<p data-start=\"2823\" data-end=\"2847\">Ultrabooks und Laptops<\/p>\n<\/li>\n<li data-start=\"2848\" data-end=\"2883\">\n<p data-start=\"2850\" data-end=\"2883\">Tablets (iPad, Android-Tablets)<\/p>\n<\/li>\n<li data-start=\"2884\" data-end=\"2939\">\n<p data-start=\"2886\" data-end=\"2939\">Smartphones (iPhone, Samsung, Huawei, Xiaomi usw.)<\/p>\n<\/li>\n<li data-start=\"2940\" data-end=\"2955\">\n<p data-start=\"2942\" data-end=\"2955\">Powerbanks<\/p>\n<\/li>\n<li data-start=\"2956\" data-end=\"2976\">\n<p data-start=\"2958\" data-end=\"2976\">Kabellose Ohrh\u00f6rer<\/p>\n<\/li>\n<li data-start=\"2977\" data-end=\"3003\">\n<p data-start=\"2979\" data-end=\"3003\">Handheld-Spielkonsolen<\/p>\n<\/li>\n<li data-start=\"3004\" data-end=\"3057\">\n<p data-start=\"3006\" data-end=\"3057\">USB-C-Zubeh\u00f6r wie Hubs oder externe Laufwerke<\/p>\n<\/li>\n<\/ul>\n<p data-start=\"3059\" data-end=\"3187\">Ob f\u00fcr die Arbeit, auf Reisen, in der Schule oder zu Hause \u2013 dieses Ladeger\u00e4t liefert zuverl\u00e4ssige Energie f\u00fcr alle Ihre Alltagsger\u00e4te.<\/p>\n<h2 data-start=\"3194\" data-end=\"3232\"><strong data-start=\"3196\" data-end=\"3232\">H\u00e4ufig gestellte Fragen (FAQ)<\/strong><\/h2>\n<h3 data-start=\"3234\" data-end=\"3277\"><strong data-start=\"3238\" data-end=\"3277\">1. Kann dieses Ladeger\u00e4t einen Laptop mit Strom versorgen?<\/strong><\/h3>\n<p data-start=\"3278\" data-end=\"3382\">Ja. Jeder USB-C-Anschluss unterst\u00fctzt bis zu <strong data-start=\"3314\" data-end=\"3321\">45 W<\/strong>, das mit vielen USB-C-Laptops und Ultrabooks kompatibel ist.<\/p>\n<h3 data-start=\"3384\" data-end=\"3440\"><strong data-start=\"3388\" data-end=\"3440\">2. Welche Schnellladeprotokolle unterst\u00fctzt es?<\/strong><\/h3>\n<p data-start=\"3441\" data-end=\"3522\">Es unterst\u00fctzt <strong data-start=\"3453\" data-end=\"3480\">USB-Stromversorgung (PD)<\/strong> mit mehreren Spannungsstufen (5 V bis 20 V).<\/p>\n<h3 data-start=\"3524\" data-end=\"3573\"><strong data-start=\"3528\" data-end=\"3573\">3. Kann ich beide Ports gleichzeitig benutzen?<\/strong><\/h3>\n<p data-start=\"3574\" data-end=\"3645\">Ja. Bei gleichzeitiger Verwendung beider Anschl\u00fcsse gibt das Ladeger\u00e4t Folgendes aus: <strong data-start=\"3631\" data-end=\"3644\">30 W + 12 W<\/strong>.<\/p>\n<h3 data-start=\"3647\" data-end=\"3701\"><strong data-start=\"3651\" data-end=\"3701\">4. Kann das Ladeger\u00e4t gefahrlos eingesteckt bleiben?<\/strong><\/h3>\n<p data-start=\"3702\" data-end=\"3821\">Absolut. Es verf\u00fcgt \u00fcber mehrere Sicherheitsvorkehrungen, darunter \u00dcberspannungs-, \u00dcberstrom- und Kurzschlussschutz.<\/p>\n<h3 data-start=\"3823\" data-end=\"3884\"><strong data-start=\"3827\" data-end=\"3884\">5. Ist dieses Ladeger\u00e4t f\u00fcr internationale Reisen geeignet?<\/strong><\/h3>\n<p data-start=\"3885\" data-end=\"3992\">Ja. Mit <strong data-start=\"3895\" data-end=\"3907\">100\u2013240 V<\/strong> Dank Spannungskompatibilit\u00e4t und zahlreicher globaler Zertifizierungen ist es weltweit sicher einsetzbar.<\/p>\n<h3 data-start=\"3994\" data-end=\"4032\"><strong data-start=\"3998\" data-end=\"4032\">6. Welche Ger\u00e4te werden unterst\u00fctzt?<\/strong><\/h3>\n<p data-start=\"4033\" data-end=\"4125\">Alle Ger\u00e4te, die \u00fcber USB-C geladen werden k\u00f6nnen, einschlie\u00dflich Laptops, Tablets, Smartphones und Zubeh\u00f6r.<\/p>\n<h3 data-start=\"4127\" data-end=\"4177\"><strong data-start=\"4131\" data-end=\"4177\">7. Aus welchem Material besteht das Ladeger\u00e4t?<\/strong><\/h3>\n<p data-start=\"4178\" data-end=\"4240\">Es ist aus hochfestem Material gefertigt. <strong data-start=\"4209\" data-end=\"4239\">Feuerbest\u00e4ndiges PC-Material<\/strong>.<\/p>\n<h3 data-start=\"4242\" data-end=\"4281\"><strong data-start=\"4246\" data-end=\"4281\">8. Wie lange betr\u00e4gt die Garantiezeit?<\/strong><\/h3>\n<p data-start=\"4282\" data-end=\"4328\">Der TR672CKR wird mit einem <strong data-start=\"4308\" data-end=\"4327\">1 Jahr Garantie<\/strong>.<\/p>","protected":false},"excerpt":{"rendered":"<p><strong>Produktname:<\/strong> 45-W-PD-Ladeger\u00e4t<br \/>\n<strong>Modellnummer:<\/strong> TR672CKR<br \/>\n<strong>Herkunftsort:<\/strong> China (Festland)<br \/>\n<strong>Anwendungsbereiche:<\/strong> Laptop, Notebook, Tablet, Mobiltelefon usw.<br \/>\n<strong>Eingang:<\/strong> 100\u2013240 V ~ 50\/60 Hz 1,5 A<br \/>\n<strong>Ausgabe:<\/strong> USB-C1: 5V3A \/ 9V3A \/ 12V3A \/ 15V3A \/ 20V2,25A (45W)<br \/>\nUSB-C2: 5V3A \/ 9V3A \/ 12V3A \/ 15V3A \/ 20V2,25A (45W)<br \/>\n<strong>Doppelausgang:<\/strong> 30 W + 12 W<br \/>\n<strong>Farben:<\/strong> Schwarz, Wei\u00df<br \/>\n<strong>Material:<\/strong> PC<\/p>","protected":false},"featured_media":1156,"comment_status":"closed","ping_status":"closed","template":"","meta":{"_acf_changed":false,"site-sidebar-layout":"default","site-content-layout":"","ast-site-content-layout":"default","site-content-style":"default","site-sidebar-style":"default","ast-global-header-display":"","ast-banner-title-visibility":"","ast-main-header-display":"","ast-hfb-above-header-display":"","ast-hfb-below-header-display":"","ast-hfb-mobile-header-display":"","site-post-title":"","ast-breadcrumbs-content":"","ast-featured-img":"","footer-sml-layout":"","ast-disable-related-posts":"","theme-transparent-header-meta":"default","adv-header-id-meta":"","stick-header-meta":"","header-above-stick-meta":"","header-main-stick-meta":"","header-below-stick-meta":"","astra-migrate-meta-layouts":"set","ast-page-background-enabled":"default","ast-page-background-meta":{"desktop":{"background-color":"var(--ast-global-color-5)","background-image":"","background-repeat":"repeat","background-position":"center center","background-size":"auto","background-attachment":"scroll","background-type":"","background-media":"","overlay-type":"","overlay-color":"","overlay-opacity":"","overlay-gradient":""},"tablet":{"background-color":"","background-image":"","background-repeat":"repeat","background-position":"center center","background-size":"auto","background-attachment":"scroll","background-type":"","background-media":"","overlay-type":"","overlay-color":"","overlay-opacity":"","overlay-gradient":""},"mobile":{"background-color":"","background-image":"","background-repeat":"repeat","background-position":"center center","background-size":"auto","background-attachment":"scroll","background-type":"","background-media":"","overlay-type":"","overlay-color":"","overlay-opacity":"","overlay-gradient":""}},"ast-content-background-meta":{"desktop":{"background-color":"var(--ast-global-color-4)","background-image":"","background-repeat":"repeat","background-position":"center center","background-size":"auto","background-attachment":"scroll","background-type":"","background-media":"","overlay-type":"","overlay-color":"","overlay-opacity":"","overlay-gradient":""},"tablet":{"background-color":"var(--ast-global-color-4)","background-image":"","background-repeat":"repeat","background-position":"center center","background-size":"auto","background-attachment":"scroll","background-type":"","background-media":"","overlay-type":"","overlay-color":"","overlay-opacity":"","overlay-gradient":""},"mobile":{"background-color":"var(--ast-global-color-4)","background-image":"","background-repeat":"repeat","background-position":"center center","background-size":"auto","background-attachment":"scroll","background-type":"","background-media":"","overlay-type":"","overlay-color":"","overlay-opacity":"","overlay-gradient":""}}},"product_brand":[],"product_cat":[30,47],"product_tag":[88,90,89],"class_list":{"0":"post-1155","1":"product","2":"type-product","3":"status-publish","4":"has-post-thumbnail","6":"product_cat-gan-charger","7":"product_cat-45w","8":"product_tag-45w-pd-charger","9":"product_tag-45w-type-c-charger","10":"product_tag-usb-c-fast-charger","11":"desktop-align-left","12":"tablet-align-left","13":"mobile-align-left","15":"first","16":"instock","17":"shipping-taxable","18":"product-type-simple"},"acf":[],"_links":{"self":[{"href":"https:\/\/szjialu.com\/de\/wp-json\/wp\/v2\/product\/1155","targetHints":{"allow":["GET"]}}],"collection":[{"href":"https:\/\/szjialu.com\/de\/wp-json\/wp\/v2\/product"}],"about":[{"href":"https:\/\/szjialu.com\/de\/wp-json\/wp\/v2\/types\/product"}],"replies":[{"embeddable":true,"href":"https:\/\/szjialu.com\/de\/wp-json\/wp\/v2\/comments?post=1155"}],"wp:featuredmedia":[{"embeddable":true,"href":"https:\/\/szjialu.com\/de\/wp-json\/wp\/v2\/media\/1156"}],"wp:attachment":[{"href":"https:\/\/szjialu.com\/de\/wp-json\/wp\/v2\/media?parent=1155"}],"wp:term":[{"taxonomy":"product_brand","embeddable":true,"href":"https:\/\/szjialu.com\/de\/wp-json\/wp\/v2\/product_brand?post=1155"},{"taxonomy":"product_cat","embeddable":true,"href":"https:\/\/szjialu.com\/de\/wp-json\/wp\/v2\/product_cat?post=1155"},{"taxonomy":"product_tag","embeddable":true,"href":"https:\/\/szjialu.com\/de\/wp-json\/wp\/v2\/product_tag?post=1155"}],"curies":[{"name":"wp","href":"https:\/\/api.w.org\/{rel}","templated":true}]}}