{"id":1144,"date":"2025-11-19T13:08:21","date_gmt":"2025-11-19T13:08:21","guid":{"rendered":"https:\/\/szjialu.com\/?post_type=product&#038;p=1144"},"modified":"2025-11-19T13:09:07","modified_gmt":"2025-11-19T13:09:07","slug":"20w-pd-gan-ladegerat-tr10220acjp","status":"publish","type":"product","link":"https:\/\/szjialu.com\/de\/product\/20w-pd-gan-charger-tr10220acjp\/","title":{"rendered":"20W PD GaN Ladeger\u00e4t TR10220ACJP"},"content":{"rendered":"<h2 data-start=\"524\" data-end=\"565\">Produkteinf\u00fchrung<\/h2>\n<p data-start=\"566\" data-end=\"1029\">Das 20-W-Ladeger\u00e4t TR10220ACJP mit 1 USB-C-Anschluss und 1 USB-APD-Anschluss wurde f\u00fcr moderne Anwender entwickelt, die zuverl\u00e4ssiges, schnelles und flexibles Laden ben\u00f6tigen. <strong data-start=\"688\" data-end=\"707\">zwei USB-Anschl\u00fcsse<\/strong>, Es unterst\u00fctzt PD-Schnellladeprofile (5 V\/3 A, 9 V\/2,22 A, 12 V\/1,67 A) am USB-C-Anschluss und 18 W QC3.0 am USB-A-Anschluss und erm\u00f6glicht so effizientes Laden von Smartphones, Tablets und anderen Ger\u00e4ten. Bei gleichzeitiger Nutzung beider Anschl\u00fcsse verteilt das Ladeger\u00e4t die Leistung intelligent auf einen gemeinsamen Ausgang von 5 V\/3 A und gew\u00e4hrleistet so eine sichere und stabile Leistung.<\/p>\n<p data-start=\"1031\" data-end=\"1479\">Kompakt und leicht bei nur <strong data-start=\"1063\" data-end=\"1071\">52 g<\/strong>, Das Ladeger\u00e4t TR10220ACJP verf\u00fcgt \u00fcber ein feuerfestes Geh\u00e4use aus 94V0-Polycarbonat, das hitze- und sto\u00dffest ist und sich daher ideal f\u00fcr Reisen und den t\u00e4glichen Gebrauch eignet. Es ist ETL-zertifiziert. <b>PSE-Zertifikate<\/b>, Sie erf\u00fcllen die strengen Sicherheits- und Umweltanforderungen des japanischen Marktes. Integrierte Schutzmechanismen (SCP, OVP, OCP, OLP) sch\u00fctzen die Ger\u00e4te zus\u00e4tzlich vor \u00dcberspannung, \u00dcberstrom und Kurzschluss.<\/p>\n<p data-start=\"1481\" data-end=\"1643\">Erh\u00e4ltlich in Schwarz oder Wei\u00df mit Kompatibilit\u00e4t zu japanischen Steckern und mit einer Garantie <strong data-start=\"1553\" data-end=\"1572\">1 Jahr Garantie<\/strong>, Dieses Ladeger\u00e4t mit zwei Anschl\u00fcssen bietet sowohl Leistung als auch Sicherheit.<\/p>\n<hr data-start=\"1645\" data-end=\"1648\" \/>\n<h2 data-start=\"1650\" data-end=\"1673\">Wichtigste Verkaufsargumente<\/h2>\n<ul data-start=\"1674\" data-end=\"2259\">\n<li data-start=\"1674\" data-end=\"1771\">\n<p data-start=\"1676\" data-end=\"1771\"><strong data-start=\"1676\" data-end=\"1697\">Zwei USB-C-Anschl\u00fcsse:<\/strong> Laden Sie zwei Ger\u00e4te gleichzeitig mit dem intelligenten 5V\/3A-Gemeinschaftsausgang.<\/p>\n<\/li>\n<li data-start=\"1772\" data-end=\"1853\">\n<p data-start=\"1774\" data-end=\"1853\"><strong data-start=\"1774\" data-end=\"1795\">PD-Schnellladung:<\/strong> Jeder Port unterst\u00fctzt die Profile 5V\/3A, 9V\/2,22A und 12V\/1,67A.<\/p>\n<\/li>\n<li data-start=\"1854\" data-end=\"1920\">\n<p data-start=\"1856\" data-end=\"1920\"><strong data-start=\"1856\" data-end=\"1887\">Zertifiziert sicher und konform:<\/strong> ETL PSE-Zertifizierungen.<\/p>\n<\/li>\n<li data-start=\"1921\" data-end=\"1986\">\n<p data-start=\"1923\" data-end=\"1986\"><strong data-start=\"1923\" data-end=\"1949\">Leicht und kompakt:<\/strong> Nur 52 g, reisefreundliches Design.<\/p>\n<\/li>\n<li data-start=\"1987\" data-end=\"2064\">\n<p data-start=\"1989\" data-end=\"2064\"><strong data-start=\"1989\" data-end=\"2009\">Robustes Geh\u00e4use:<\/strong> Hochwertiges PC-Material, hitze- und sto\u00dfbest\u00e4ndig.<\/p>\n<\/li>\n<li data-start=\"2065\" data-end=\"2138\">\n<p data-start=\"2067\" data-end=\"2138\"><strong data-start=\"2067\" data-end=\"2096\">Umfassender Schutz:<\/strong> SCP-, OVP-, OCP- und OLP-Sicherheitsvorkehrungen sind integriert.<\/p>\n<\/li>\n<li data-start=\"2139\" data-end=\"2197\">\n<p data-start=\"2141\" data-end=\"2197\"><strong data-start=\"2141\" data-end=\"2164\">JP-Sockelstandard:<\/strong> Konzipiert f\u00fcr den japanischen Markt.<\/p>\n<\/li>\n<li data-start=\"2198\" data-end=\"2259\">\n<p data-start=\"2200\" data-end=\"2259\"><strong data-start=\"2200\" data-end=\"2213\">Garantie:<\/strong> Mit 1 Jahr Herstellergarantie.<\/p>\n<\/li>\n<\/ul>\n<hr data-start=\"2261\" data-end=\"2264\" \/>\n<h2 data-start=\"2266\" data-end=\"2295\">Technische Spezifikationen<\/h2>\n<table width=\"801\">\n<tbody>\n<tr>\n<td width=\"205\">Produktname<\/td>\n<td width=\"596\">20-W-PD-Ladeger\u00e4t<\/td>\n<\/tr>\n<tr>\n<td>Modellnummer<\/td>\n<td>TR10220ACJP<\/td>\n<\/tr>\n<tr>\n<td>Herkunftsort<\/td>\n<td>China (Festland)<\/td>\n<\/tr>\n<tr>\n<td>Anwendungen<\/td>\n<td>Mobiltelefon, Tablet usw.<\/td>\n<\/tr>\n<tr>\n<td>Eingang<\/td>\n<td>100\u2013240 V, 50\/60 Hz, max. 0,6 A<\/td>\n<\/tr>\n<tr>\n<td>Ausgabe<\/td>\n<td width=\"596\">USB-C: 5 V\/3 A, 9 V\/2,22 A, 12 V\/1,67 A<br \/>\nUSB-A: 5V 3A, 9V 2A, 12V 1,5A,<br \/>\nUSB-A + USB-C: 5V 3A gemeinsam genutzt<\/td>\n<\/tr>\n<tr>\n<td>Steckdosenstandard<\/td>\n<td>JP<\/td>\n<\/tr>\n<tr>\n<td>Farben<\/td>\n<td>Schwarz, Wei\u00df<\/td>\n<\/tr>\n<tr>\n<td>Material<\/td>\n<td>PC<\/td>\n<\/tr>\n<tr>\n<td>Gewicht<\/td>\n<td>50 g<\/td>\n<\/tr>\n<tr>\n<td>Verpackung<\/td>\n<td>PE-BEUTEL-Verpackung<\/td>\n<\/tr>\n<tr>\n<td>Schutz<\/td>\n<td width=\"596\">SCP OVP OCP OLP<\/td>\n<\/tr>\n<tr>\n<td>Effizienz<\/td>\n<td>VI<\/td>\n<\/tr>\n<tr>\n<td>Zertifikat<\/td>\n<td>PSE ETL<\/td>\n<\/tr>\n<tr>\n<td>Garantie<\/td>\n<td>1 Jahr<\/td>\n<\/tr>\n<tr>\n<td>Betriebstemperatur<\/td>\n<td>\u2018-20\u2103 ~ 55\u2103<\/td>\n<\/tr>\n<tr>\n<td>Lagertemperatur<\/td>\n<td>\u2018-40 \u00b0C ~ 70 \u00b0C<\/td>\n<\/tr>\n<\/tbody>\n<\/table>\n<hr data-start=\"3032\" data-end=\"3035\" \/>\n<h2 data-start=\"3037\" data-end=\"3059\">Was ist in der Box?<\/h2>\n<ul data-start=\"3060\" data-end=\"3172\">\n<li data-start=\"3060\" data-end=\"3109\">\n<p data-start=\"3062\" data-end=\"3109\">1 \u00d7 TR1002CEU Dual USB-C PD Ladeger\u00e4t (EU-Stecker)<\/p>\n<\/li>\n<li data-start=\"3110\" data-end=\"3144\">\n<p data-start=\"3112\" data-end=\"3144\">1 \u00d7 Schnellstart-\/Sicherheitsbrosch\u00fcre<\/p>\n<\/li>\n<li data-start=\"3145\" data-end=\"3172\">\n<p data-start=\"3147\" data-end=\"3172\">Standard-PE-Beutelverpackung<\/p>\n<\/li>\n<\/ul>\n<hr data-start=\"3174\" data-end=\"3177\" \/>\n<h2 data-start=\"3179\" data-end=\"3217\">Unternehmensvorstellung &amp; Vorteile<\/h2>\n<p data-start=\"3218\" data-end=\"3580\"><strong data-start=\"3218\" data-end=\"3256\">Shenzhen Jialu Technology Co., Ltd<\/strong> ist ein professioneller Hersteller von Ladeger\u00e4ten und Adaptern mit Expertise in <strong data-start=\"3332\" data-end=\"3392\">USB-C PD-L\u00f6sungen, AC\/DC-Adapter und OEM\/ODM-Dienstleistungen<\/strong>. Mit ISO-zertifizierten Produktionsanlagen, fortschrittlichen Testger\u00e4ten und strengen Qualit\u00e4tsmanagementsystemen bietet Jialu weltweit konforme Produkte f\u00fcr Marken der Unterhaltungselektronik.<\/p>\n<p data-start=\"3582\" data-end=\"3599\"><strong data-start=\"3582\" data-end=\"3597\">Vorteile:<\/strong><\/p>\n<ul data-start=\"3600\" data-end=\"3819\">\n<li data-start=\"3600\" data-end=\"3665\">\n<p data-start=\"3602\" data-end=\"3665\">Zertifizierte Produkte (CE, GS, ROHS, REACH) f\u00fcr den Markteintritt in der EU.<\/p>\n<\/li>\n<li data-start=\"3666\" data-end=\"3712\">\n<p data-start=\"3668\" data-end=\"3712\">Bew\u00e4hrte OEM\/ODM-Anpassungsf\u00e4higkeiten.<\/p>\n<\/li>\n<li data-start=\"3713\" data-end=\"3761\">\n<p data-start=\"3715\" data-end=\"3761\">Skalierbare Produktion und strenge Qualit\u00e4tskontrollstandards.<\/p>\n<\/li>\n<li data-start=\"3762\" data-end=\"3819\">\n<p data-start=\"3764\" data-end=\"3819\">Kurze Lieferzeiten und zuverl\u00e4ssiger Kundendienst.<\/p>\n<\/li>\n<\/ul>\n<hr data-start=\"3821\" data-end=\"3824\" \/>\n<h2 data-start=\"3826\" data-end=\"3835\">H\u00e4ufig gestellte Fragen<\/h2>\n<p data-start=\"3836\" data-end=\"3962\"><strong data-start=\"3836\" data-end=\"3880\">1. Unterst\u00fctzt jeder Anschluss Schnellladen?<\/strong><br data-start=\"3880\" data-end=\"3883\" \/>Ja, sowohl USB-C1 als auch USB-C2 unterst\u00fctzen PD-Profile bis zu 12 V\/1,67 A einzeln.<\/p>\n<p data-start=\"3964\" data-end=\"4079\"><strong data-start=\"3964\" data-end=\"4010\">2. Was passiert beim gleichzeitigen Laden zweier Ger\u00e4te?<\/strong><br data-start=\"4010\" data-end=\"4013\" \/>Wenn beide Anschl\u00fcsse verwendet werden, teilt sich das Ladeger\u00e4t die Ausgangsleistung von bis zu 5 V\/3 A auf.<\/p>\n<p data-start=\"4081\" data-end=\"4183\"><strong data-start=\"4081\" data-end=\"4122\">3. \u00dcber welche Zertifizierungen verf\u00fcgt es?<\/strong><br data-start=\"4122\" data-end=\"4125\" \/>Der TR1002CEU ist CE-, GS-, ROHS- und REACH-zertifiziert.<\/p>\n<p data-start=\"4185\" data-end=\"4322\"><strong data-start=\"4185\" data-end=\"4221\">4. Ist es f\u00fcr Laptops geeignet?<\/strong><br data-start=\"4221\" data-end=\"4224\" \/>Nein \u2013 es bietet eine Gesamtausgangsleistung von bis zu 20 W und eignet sich am besten f\u00fcr Smartphones, Tablets und kleine USB-C-Ger\u00e4te.<\/p>\n<p data-start=\"4324\" data-end=\"4433\"><strong data-start=\"4324\" data-end=\"4355\">5. Ist ein Kabel im Lieferumfang enthalten?<\/strong><br data-start=\"4355\" data-end=\"4358\" \/>Nein, nur das Ladeger\u00e4t ist im Lieferumfang enthalten. OEM-Kunden k\u00f6nnen die mitgelieferten Kabel anfordern.<\/p>\n<p data-start=\"4435\" data-end=\"4506\"><strong data-start=\"4435\" data-end=\"4470\">6. Welche Garantie bietet es?<\/strong><br data-start=\"4470\" data-end=\"4473\" \/>1 Jahr Herstellergarantie.<\/p>","protected":false},"excerpt":{"rendered":"<p data-start=\"2298\" data-end=\"2343\"><strong data-start=\"2298\" data-end=\"2315\">Produktname:<\/strong> Faltbares 20-W-USB-C-PD-Ladeger\u00e4t<\/p>\n<p data-start=\"2346\" data-end=\"2375\"><strong data-start=\"2346\" data-end=\"2363\">Modellnummer:<\/strong> TR10220ACJP<\/p>\n<p data-start=\"2378\" data-end=\"2417\"><strong data-start=\"2378\" data-end=\"2398\">Herkunftsort:<\/strong> China (Festland)<\/p>\n<p data-start=\"2420\" data-end=\"2477\"><strong data-start=\"2420\" data-end=\"2437\">Anwendungsbereiche:<\/strong> Mobiltelefone, Tablets, USB-C-Ger\u00e4te<\/p>\n<p data-start=\"2480\" data-end=\"2520\"><strong data-start=\"2480\" data-end=\"2490\">Eingang:<\/strong> 100\u2013240 V, 50\/60 Hz, max. 0,6 A<\/p>\n<p data-start=\"2523\" data-end=\"2536\"><strong data-start=\"2523\" data-end=\"2534\">Ausgabe:<\/strong><\/p>\n<p data-start=\"2541\" data-end=\"2582\">USB-C1 (PD): 5 V\/3 A, 9 V\/2,22 A, 12 V\/1,67 A<\/p>\n<p data-start=\"2587\" data-end=\"2623\">USB A: 5 V\/3 A, 9 V\/2 A, 12 V\/1,5 A<\/p>\n<p data-start=\"2628\" data-end=\"2661\">USB-C1 + USB-C2: 5V\/3A (gemeinsam genutzt)<\/p>\n<p data-start=\"2664\" data-end=\"2694\"><strong data-start=\"2664\" data-end=\"2684\">Steckdosenstandard:<\/strong> JP-Stecker<\/p>","protected":false},"featured_media":1148,"comment_status":"closed","ping_status":"closed","template":"","meta":{"_acf_changed":false,"site-sidebar-layout":"default","site-content-layout":"","ast-site-content-layout":"default","site-content-style":"default","site-sidebar-style":"default","ast-global-header-display":"","ast-banner-title-visibility":"","ast-main-header-display":"","ast-hfb-above-header-display":"","ast-hfb-below-header-display":"","ast-hfb-mobile-header-display":"","site-post-title":"","ast-breadcrumbs-content":"","ast-featured-img":"","footer-sml-layout":"","ast-disable-related-posts":"","theme-transparent-header-meta":"default","adv-header-id-meta":"","stick-header-meta":"","header-above-stick-meta":"","header-main-stick-meta":"","header-below-stick-meta":"","astra-migrate-meta-layouts":"set","ast-page-background-enabled":"default","ast-page-background-meta":{"desktop":{"background-color":"var(--ast-global-color-5)","background-image":"","background-repeat":"repeat","background-position":"center center","background-size":"auto","background-attachment":"scroll","background-type":"","background-media":"","overlay-type":"","overlay-color":"","overlay-opacity":"","overlay-gradient":""},"tablet":{"background-color":"","background-image":"","background-repeat":"repeat","background-position":"center center","background-size":"auto","background-attachment":"scroll","background-type":"","background-media":"","overlay-type":"","overlay-color":"","overlay-opacity":"","overlay-gradient":""},"mobile":{"background-color":"","background-image":"","background-repeat":"repeat","background-position":"center center","background-size":"auto","background-attachment":"scroll","background-type":"","background-media":"","overlay-type":"","overlay-color":"","overlay-opacity":"","overlay-gradient":""}},"ast-content-background-meta":{"desktop":{"background-color":"var(--ast-global-color-4)","background-image":"","background-repeat":"repeat","background-position":"center center","background-size":"auto","background-attachment":"scroll","background-type":"","background-media":"","overlay-type":"","overlay-color":"","overlay-opacity":"","overlay-gradient":""},"tablet":{"background-color":"var(--ast-global-color-4)","background-image":"","background-repeat":"repeat","background-position":"center center","background-size":"auto","background-attachment":"scroll","background-type":"","background-media":"","overlay-type":"","overlay-color":"","overlay-opacity":"","overlay-gradient":""},"mobile":{"background-color":"var(--ast-global-color-4)","background-image":"","background-repeat":"repeat","background-position":"center center","background-size":"auto","background-attachment":"scroll","background-type":"","background-media":"","overlay-type":"","overlay-color":"","overlay-opacity":"","overlay-gradient":""}}},"product_brand":[],"product_cat":[45,30],"product_tag":[],"class_list":{"0":"post-1144","1":"product","2":"type-product","3":"status-publish","4":"has-post-thumbnail","6":"product_cat-20w","7":"product_cat-gan-charger","8":"desktop-align-left","9":"tablet-align-left","10":"mobile-align-left","12":"first","13":"instock","14":"shipping-taxable","15":"product-type-simple"},"acf":[],"_links":{"self":[{"href":"https:\/\/szjialu.com\/de\/wp-json\/wp\/v2\/product\/1144","targetHints":{"allow":["GET"]}}],"collection":[{"href":"https:\/\/szjialu.com\/de\/wp-json\/wp\/v2\/product"}],"about":[{"href":"https:\/\/szjialu.com\/de\/wp-json\/wp\/v2\/types\/product"}],"replies":[{"embeddable":true,"href":"https:\/\/szjialu.com\/de\/wp-json\/wp\/v2\/comments?post=1144"}],"wp:featuredmedia":[{"embeddable":true,"href":"https:\/\/szjialu.com\/de\/wp-json\/wp\/v2\/media\/1148"}],"wp:attachment":[{"href":"https:\/\/szjialu.com\/de\/wp-json\/wp\/v2\/media?parent=1144"}],"wp:term":[{"taxonomy":"product_brand","embeddable":true,"href":"https:\/\/szjialu.com\/de\/wp-json\/wp\/v2\/product_brand?post=1144"},{"taxonomy":"product_cat","embeddable":true,"href":"https:\/\/szjialu.com\/de\/wp-json\/wp\/v2\/product_cat?post=1144"},{"taxonomy":"product_tag","embeddable":true,"href":"https:\/\/szjialu.com\/de\/wp-json\/wp\/v2\/product_tag?post=1144"}],"curies":[{"name":"wp","href":"https:\/\/api.w.org\/{rel}","templated":true}]}}