{"id":911,"date":"2025-09-17T13:48:06","date_gmt":"2025-09-17T13:48:06","guid":{"rendered":"https:\/\/szjialu.com\/?page_id=911"},"modified":"2025-09-17T13:54:09","modified_gmt":"2025-09-17T13:54:09","slug":"unternehmensnachrichten","status":"publish","type":"page","link":"https:\/\/szjialu.com\/de\/news\/company-news\/","title":{"rendered":"Unternehmensnachrichten"},"content":{"rendered":"<div data-elementor-type=\"wp-page\" data-elementor-id=\"911\" class=\"elementor elementor-911\" data-elementor-post-type=\"page\">\n\t\t\t\t<div class=\"elementor-element elementor-element-9b5d62c e-flex e-con-boxed e-con e-parent\" data-id=\"9b5d62c\" data-element_type=\"container\" data-e-type=\"container\">\n\t\t\t\t\t<div class=\"e-con-inner\">\n\t\t\t\t<div class=\"elementor-element elementor-element-9cd2acc elementor-grid-1 elementor-posts--thumbnail-left elementor-grid-tablet-2 elementor-grid-mobile-1 elementor-widget elementor-widget-posts\" data-id=\"9cd2acc\" data-element_type=\"widget\" data-e-type=\"widget\" data-settings=\"{&quot;classic_columns&quot;:&quot;1&quot;,&quot;classic_columns_tablet&quot;:&quot;2&quot;,&quot;classic_columns_mobile&quot;:&quot;1&quot;,&quot;classic_row_gap&quot;:{&quot;unit&quot;:&quot;px&quot;,&quot;size&quot;:35,&quot;sizes&quot;:[]},&quot;classic_row_gap_tablet&quot;:{&quot;unit&quot;:&quot;px&quot;,&quot;size&quot;:&quot;&quot;,&quot;sizes&quot;:[]},&quot;classic_row_gap_mobile&quot;:{&quot;unit&quot;:&quot;px&quot;,&quot;size&quot;:&quot;&quot;,&quot;sizes&quot;:[]}}\" data-widget_type=\"posts.classic\">\n\t\t\t\t<div class=\"elementor-widget-container\">\n\t\t\t\t\t\t\t<div class=\"elementor-posts-container elementor-posts elementor-posts--skin-classic elementor-grid\" role=\"list\">\n\t\t\t\t<article class=\"elementor-post elementor-grid-item post-1787 post type-post status-publish format-standard has-post-thumbnail hentry category-company-news tag-best-pd-charger-for-laptop tag-multi-port-charger-usb-c\" role=\"listitem\">\n\t\t\t\t<a class=\"elementor-post__thumbnail__link\" href=\"https:\/\/szjialu.com\/de\/news\/best-pd-charger-for-laptop-and-phone\/\" tabindex=\"-1\" >\n\t\t\t<div class=\"elementor-post__thumbnail\"><img fetchpriority=\"high\" decoding=\"async\" width=\"1000\" height=\"350\" src=\"https:\/\/szjialu.com\/wp-content\/uploads\/2026\/04\/image-7.png\" class=\"attachment-full size-full wp-image-1788\" alt=\"bestes PD-Ladeger\u00e4t f\u00fcr Laptops\" srcset=\"https:\/\/szjialu.com\/wp-content\/uploads\/2026\/04\/image-7.png 1000w, https:\/\/szjialu.com\/wp-content\/uploads\/2026\/04\/image-7-300x105.png 300w, https:\/\/szjialu.com\/wp-content\/uploads\/2026\/04\/image-7-768x269.png 768w, https:\/\/szjialu.com\/wp-content\/uploads\/2026\/04\/image-7-18x6.png 18w, https:\/\/szjialu.com\/wp-content\/uploads\/2026\/04\/image-7-600x210.png 600w, https:\/\/szjialu.com\/wp-content\/uploads\/2026\/04\/image-7-64x22.png 64w\" sizes=\"(max-width: 1000px) 100vw, 1000px\" \/><\/div>\n\t\t<\/a>\n\t\t\t\t<div class=\"elementor-post__text\">\n\t\t\t\t<h3 class=\"elementor-post__title\">\n\t\t\t<a href=\"https:\/\/szjialu.com\/de\/news\/best-pd-charger-for-laptop-and-phone\/\" >\n\t\t\t\tDie besten PD-Ladeger\u00e4te f\u00fcr Laptop und Smartphone: Der smarte Leitfaden f\u00fcr ein Multi-Ger\u00e4te-Setup\t\t\t<\/a>\n\t\t<\/h3>\n\t\t\t\t<div class=\"elementor-post__meta-data\">\n\t\t\t\t\t<span class=\"elementor-post-date\">\n\t\t\t25. April 2026\t\t<\/span>\n\t\t\t\t<span class=\"elementor-post-avatar\">\n\t\t\tKeine Kommentare\t\t<\/span>\n\t\t\t\t<\/div>\n\t\t\t\t<div class=\"elementor-post__excerpt\">\n\t\t\t<p>Ein gutes Ladeger\u00e4t bedeutete fr\u00fcher nur eines: einstecken und loslegen. Heute reicht das nicht mehr aus. Die meisten<\/p>\n\t\t<\/div>\n\t\t\n\t\t<a class=\"elementor-post__read-more\" href=\"https:\/\/szjialu.com\/de\/news\/best-pd-charger-for-laptop-and-phone\/\" aria-label=\"Mehr \u00fcber \u201eBestes PD-Ladeger\u00e4t f\u00fcr Laptop und Smartphone: Der smarte Leitfaden f\u00fcr ein Multi-Ger\u00e4te-Setup\u201c\" tabindex=\"-1\" >\n\t\t\tMehr lesen &quot;\u00bb\t\t<\/a>\n\n\t\t\t\t<\/div>\n\t\t\t\t<\/article>\n\t\t\t\t<article class=\"elementor-post elementor-grid-item post-1782 post type-post status-publish format-standard has-post-thumbnail hentry category-company-news tag-65w-multi-port-charger tag-65w-vs-100w-charger\" role=\"listitem\">\n\t\t\t\t<a class=\"elementor-post__thumbnail__link\" href=\"https:\/\/szjialu.com\/de\/news\/how-many-watts-do-you-need-for-a-charger\/\" tabindex=\"-1\" >\n\t\t\t<div class=\"elementor-post__thumbnail\"><img decoding=\"async\" width=\"1200\" height=\"628\" src=\"https:\/\/szjialu.com\/wp-content\/uploads\/2026\/04\/image-6.png\" class=\"attachment-full size-full wp-image-1785\" alt=\"65-W-GaN-Ladeger\u00e4te\" srcset=\"https:\/\/szjialu.com\/wp-content\/uploads\/2026\/04\/image-6.png 1200w, https:\/\/szjialu.com\/wp-content\/uploads\/2026\/04\/image-6-300x157.png 300w, https:\/\/szjialu.com\/wp-content\/uploads\/2026\/04\/image-6-1024x536.png 1024w, https:\/\/szjialu.com\/wp-content\/uploads\/2026\/04\/image-6-768x402.png 768w, https:\/\/szjialu.com\/wp-content\/uploads\/2026\/04\/image-6-18x9.png 18w, https:\/\/szjialu.com\/wp-content\/uploads\/2026\/04\/image-6-600x314.png 600w, https:\/\/szjialu.com\/wp-content\/uploads\/2026\/04\/image-6-64x33.png 64w\" sizes=\"(max-width: 1200px) 100vw, 1200px\" \/><\/div>\n\t\t<\/a>\n\t\t\t\t<div class=\"elementor-post__text\">\n\t\t\t\t<h3 class=\"elementor-post__title\">\n\t\t\t<a href=\"https:\/\/szjialu.com\/de\/news\/how-many-watts-do-you-need-for-a-charger\/\" >\n\t\t\t\tWie viel Watt ben\u00f6tigt ein Ladeger\u00e4t? (2026)\t\t\t<\/a>\n\t\t<\/h3>\n\t\t\t\t<div class=\"elementor-post__meta-data\">\n\t\t\t\t\t<span class=\"elementor-post-date\">\n\t\t\t24. April 2026\t\t<\/span>\n\t\t\t\t<span class=\"elementor-post-avatar\">\n\t\t\tKeine Kommentare\t\t<\/span>\n\t\t\t\t<\/div>\n\t\t\t\t<div class=\"elementor-post__excerpt\">\n\t\t\t<p>Wenn man fragt, wie viel Watt ein Ladeger\u00e4t haben soll, gibt es keine pauschale Antwort. Es kommt darauf an.<\/p>\n\t\t<\/div>\n\t\t\n\t\t<a class=\"elementor-post__read-more\" href=\"https:\/\/szjialu.com\/de\/news\/how-many-watts-do-you-need-for-a-charger\/\" aria-label=\"Mehr \u00fcber Wie viele Watt braucht man f\u00fcr ein Ladeger\u00e4t? (2026)\" tabindex=\"-1\" >\n\t\t\tMehr lesen &quot;\u00bb\t\t<\/a>\n\n\t\t\t\t<\/div>\n\t\t\t\t<\/article>\n\t\t\t\t<article class=\"elementor-post elementor-grid-item post-1775 post type-post status-publish format-standard has-post-thumbnail hentry category-company-news tag-gan-charger tag-pd-charger\" role=\"listitem\">\n\t\t\t\t<a class=\"elementor-post__thumbnail__link\" href=\"https:\/\/szjialu.com\/de\/news\/gan-charger-vs-pd-charger-what-is-the-difference\/\" tabindex=\"-1\" >\n\t\t\t<div class=\"elementor-post__thumbnail\"><img decoding=\"async\" width=\"860\" height=\"530\" src=\"https:\/\/szjialu.com\/wp-content\/uploads\/2026\/04\/image-1.png\" class=\"attachment-full size-full wp-image-1777\" alt=\"GaN PD-Ladeger\u00e4t l\u00e4dt Laptop und Telefon gleichzeitig\" srcset=\"https:\/\/szjialu.com\/wp-content\/uploads\/2026\/04\/image-1.png 860w, https:\/\/szjialu.com\/wp-content\/uploads\/2026\/04\/image-1-300x185.png 300w, https:\/\/szjialu.com\/wp-content\/uploads\/2026\/04\/image-1-768x473.png 768w, https:\/\/szjialu.com\/wp-content\/uploads\/2026\/04\/image-1-18x12.png 18w, https:\/\/szjialu.com\/wp-content\/uploads\/2026\/04\/image-1-600x370.png 600w, https:\/\/szjialu.com\/wp-content\/uploads\/2026\/04\/image-1-64x39.png 64w\" sizes=\"(max-width: 860px) 100vw, 860px\" \/><\/div>\n\t\t<\/a>\n\t\t\t\t<div class=\"elementor-post__text\">\n\t\t\t\t<h3 class=\"elementor-post__title\">\n\t\t\t<a href=\"https:\/\/szjialu.com\/de\/news\/gan-charger-vs-pd-charger-what-is-the-difference\/\" >\n\t\t\t\tGaN-Ladeger\u00e4t vs. PD-Ladeger\u00e4t: Der wahre Unterschied, den die meisten K\u00e4ufer immer noch missverstehen\t\t\t<\/a>\n\t\t<\/h3>\n\t\t\t\t<div class=\"elementor-post__meta-data\">\n\t\t\t\t\t<span class=\"elementor-post-date\">\n\t\t\t23. April 2026\t\t<\/span>\n\t\t\t\t<span class=\"elementor-post-avatar\">\n\t\t\tKeine Kommentare\t\t<\/span>\n\t\t\t\t<\/div>\n\t\t\t\t<div class=\"elementor-post__excerpt\">\n\t\t\t<p>Wenn Sie nach \u201cGaN vs PD Ladeger\u00e4t\u201d suchen, werden Ihnen die meisten Artikel dasselbe sagen: Das eine ist ein Material.,<\/p>\n\t\t<\/div>\n\t\t\n\t\t<a class=\"elementor-post__read-more\" href=\"https:\/\/szjialu.com\/de\/news\/gan-charger-vs-pd-charger-what-is-the-difference\/\" aria-label=\"Mehr \u00fcber GaN-Ladeger\u00e4t vs. PD-Ladeger\u00e4t: Der wahre Unterschied, den die meisten K\u00e4ufer immer noch missverstehen\" tabindex=\"-1\" >\n\t\t\tMehr lesen &quot;\u00bb\t\t<\/a>\n\n\t\t\t\t<\/div>\n\t\t\t\t<\/article>\n\t\t\t\t<article class=\"elementor-post elementor-grid-item post-1773 post type-post status-publish format-standard has-post-thumbnail hentry category-company-news tag-65w-gan-charger tag-gan-charger\" role=\"listitem\">\n\t\t\t\t<a class=\"elementor-post__thumbnail__link\" href=\"https:\/\/szjialu.com\/de\/news\/2026-gan-charger-guide\/\" tabindex=\"-1\" >\n\t\t\t<div class=\"elementor-post__thumbnail\"><img loading=\"lazy\" decoding=\"async\" width=\"800\" height=\"800\" src=\"https:\/\/szjialu.com\/wp-content\/uploads\/2025\/12\/\u4e3b\u56fe1-24.jpg\" class=\"attachment-full size-full wp-image-1506\" alt=\"65-W-PD-Ladeger\u00e4t\" srcset=\"https:\/\/szjialu.com\/wp-content\/uploads\/2025\/12\/\u4e3b\u56fe1-24.jpg 800w, https:\/\/szjialu.com\/wp-content\/uploads\/2025\/12\/\u4e3b\u56fe1-24-300x300.jpg 300w, https:\/\/szjialu.com\/wp-content\/uploads\/2025\/12\/\u4e3b\u56fe1-24-150x150.jpg 150w, https:\/\/szjialu.com\/wp-content\/uploads\/2025\/12\/\u4e3b\u56fe1-24-768x768.jpg 768w, https:\/\/szjialu.com\/wp-content\/uploads\/2025\/12\/\u4e3b\u56fe1-24-600x600.jpg 600w, https:\/\/szjialu.com\/wp-content\/uploads\/2025\/12\/\u4e3b\u56fe1-24-100x100.jpg 100w, https:\/\/szjialu.com\/wp-content\/uploads\/2025\/12\/\u4e3b\u56fe1-24-64x64.jpg 64w\" sizes=\"(max-width: 800px) 100vw, 800px\" \/><\/div>\n\t\t<\/a>\n\t\t\t\t<div class=\"elementor-post__text\">\n\t\t\t\t<h3 class=\"elementor-post__title\">\n\t\t\t<a href=\"https:\/\/szjialu.com\/de\/news\/2026-gan-charger-guide\/\" >\n\t\t\t\tGaN-Ladeger\u00e4t-Leitfaden 2026: So w\u00e4hlen Sie das richtige PD-Ladeger\u00e4t f\u00fcr jedes Ger\u00e4t aus\t\t\t<\/a>\n\t\t<\/h3>\n\t\t\t\t<div class=\"elementor-post__meta-data\">\n\t\t\t\t\t<span class=\"elementor-post-date\">\n\t\t\t23. April 2026\t\t<\/span>\n\t\t\t\t<span class=\"elementor-post-avatar\">\n\t\t\tKeine Kommentare\t\t<\/span>\n\t\t\t\t<\/div>\n\t\t\t\t<div class=\"elementor-post__excerpt\">\n\t\t\t<p>Im Jahr 2026 geht es bei Ladetechnologie nicht mehr nur ums Einstecken und Warten. Nutzer erwarten h\u00f6here Ladegeschwindigkeiten, universelle Kompatibilit\u00e4t und<\/p>\n\t\t<\/div>\n\t\t\n\t\t<a class=\"elementor-post__read-more\" href=\"https:\/\/szjialu.com\/de\/news\/2026-gan-charger-guide\/\" aria-label=\"Mehr zum GaN-Ladeger\u00e4t-Leitfaden 2026: So w\u00e4hlen Sie das richtige PD-Ladeger\u00e4t f\u00fcr jedes Ger\u00e4t\" tabindex=\"-1\" >\n\t\t\tMehr lesen &quot;\u00bb\t\t<\/a>\n\n\t\t\t\t<\/div>\n\t\t\t\t<\/article>\n\t\t\t\t<article class=\"elementor-post elementor-grid-item post-1742 post type-post status-publish format-standard has-post-thumbnail hentry category-company-news tag-best-power-supply-for-led-lighting tag-led-power-supply\" role=\"listitem\">\n\t\t\t\t<a class=\"elementor-post__thumbnail__link\" href=\"https:\/\/szjialu.com\/de\/news\/best-power-supply-for-led-lighting\/\" tabindex=\"-1\" >\n\t\t\t<div class=\"elementor-post__thumbnail\"><img loading=\"lazy\" decoding=\"async\" width=\"690\" height=\"325\" src=\"https:\/\/szjialu.com\/wp-content\/uploads\/2026\/04\/ScreenShot_2026-04-15_121334_568.jpg\" class=\"attachment-full size-full wp-image-1743\" alt=\"bestes Netzteil f\u00fcr LED-Beleuchtung\" srcset=\"https:\/\/szjialu.com\/wp-content\/uploads\/2026\/04\/ScreenShot_2026-04-15_121334_568.jpg 690w, https:\/\/szjialu.com\/wp-content\/uploads\/2026\/04\/ScreenShot_2026-04-15_121334_568-300x141.jpg 300w, https:\/\/szjialu.com\/wp-content\/uploads\/2026\/04\/ScreenShot_2026-04-15_121334_568-600x283.jpg 600w, https:\/\/szjialu.com\/wp-content\/uploads\/2026\/04\/ScreenShot_2026-04-15_121334_568-64x30.jpg 64w\" sizes=\"(max-width: 690px) 100vw, 690px\" \/><\/div>\n\t\t<\/a>\n\t\t\t\t<div class=\"elementor-post__text\">\n\t\t\t\t<h3 class=\"elementor-post__title\">\n\t\t\t<a href=\"https:\/\/szjialu.com\/de\/news\/best-power-supply-for-led-lighting\/\" >\n\t\t\t\tDas beste Netzteil f\u00fcr LED-Beleuchtung: Ein praktischer Leitfaden mit Einblicken aus der Praxis\t\t\t<\/a>\n\t\t<\/h3>\n\t\t\t\t<div class=\"elementor-post__meta-data\">\n\t\t\t\t\t<span class=\"elementor-post-date\">\n\t\t\t15. April 2026\t\t<\/span>\n\t\t\t\t<span class=\"elementor-post-avatar\">\n\t\t\tKeine Kommentare\t\t<\/span>\n\t\t\t\t<\/div>\n\t\t\t\t<div class=\"elementor-post__excerpt\">\n\t\t\t<p>Die meisten Ratgeber zu LED-Netzteilen sagen Ihnen dasselbe: Spannung anpassen, Wattzahl berechnen und ausw\u00e4hlen<\/p>\n\t\t<\/div>\n\t\t\n\t\t<a class=\"elementor-post__read-more\" href=\"https:\/\/szjialu.com\/de\/news\/best-power-supply-for-led-lighting\/\" aria-label=\"Mehr \u00fcber \u201eBestes Netzteil f\u00fcr LED-Beleuchtung: Ein praktischer Leitfaden mit Einblicken aus der Praxis\u201c\" tabindex=\"-1\" >\n\t\t\tMehr lesen &quot;\u00bb\t\t<\/a>\n\n\t\t\t\t<\/div>\n\t\t\t\t<\/article>\n\t\t\t\t<article class=\"elementor-post elementor-grid-item post-1739 post type-post status-publish format-standard has-post-thumbnail hentry category-company-news tag-12v-led-adapter tag-led-power-supply tag-power-adapter-for-led-strip-lights\" role=\"listitem\">\n\t\t\t\t<a class=\"elementor-post__thumbnail__link\" href=\"https:\/\/szjialu.com\/de\/news\/led-power-supply-guide-12v-adapter-led-lights\/\" tabindex=\"-1\" >\n\t\t\t<div class=\"elementor-post__thumbnail\"><img loading=\"lazy\" decoding=\"async\" width=\"990\" height=\"669\" src=\"https:\/\/szjialu.com\/wp-content\/uploads\/2026\/04\/ScreenShot_2026-04-13_103805_682.jpg\" class=\"attachment-full size-full wp-image-1740\" alt=\"LED-Netzteil\" srcset=\"https:\/\/szjialu.com\/wp-content\/uploads\/2026\/04\/ScreenShot_2026-04-13_103805_682.jpg 990w, https:\/\/szjialu.com\/wp-content\/uploads\/2026\/04\/ScreenShot_2026-04-13_103805_682-300x203.jpg 300w, https:\/\/szjialu.com\/wp-content\/uploads\/2026\/04\/ScreenShot_2026-04-13_103805_682-768x519.jpg 768w, https:\/\/szjialu.com\/wp-content\/uploads\/2026\/04\/ScreenShot_2026-04-13_103805_682-600x405.jpg 600w, https:\/\/szjialu.com\/wp-content\/uploads\/2026\/04\/ScreenShot_2026-04-13_103805_682-64x43.jpg 64w\" sizes=\"(max-width: 990px) 100vw, 990px\" \/><\/div>\n\t\t<\/a>\n\t\t\t\t<div class=\"elementor-post__text\">\n\t\t\t\t<h3 class=\"elementor-post__title\">\n\t\t\t<a href=\"https:\/\/szjialu.com\/de\/news\/led-power-supply-guide-12v-adapter-led-lights\/\" >\n\t\t\t\tLED-Netzteil-Leitfaden: Auswahl des richtigen Adapters f\u00fcr LED-Leuchten\t\t\t<\/a>\n\t\t<\/h3>\n\t\t\t\t<div class=\"elementor-post__meta-data\">\n\t\t\t\t\t<span class=\"elementor-post-date\">\n\t\t\t13. April 2026\t\t<\/span>\n\t\t\t\t<span class=\"elementor-post-avatar\">\n\t\t\tKeine Kommentare\t\t<\/span>\n\t\t\t\t<\/div>\n\t\t\t\t<div class=\"elementor-post__excerpt\">\n\t\t\t<p>Die Auswahl der richtigen LED-Stromquelle erscheint zun\u00e4chst einfach, kann aber die Leistung erheblich beeinflussen.<\/p>\n\t\t<\/div>\n\t\t\n\t\t<a class=\"elementor-post__read-more\" href=\"https:\/\/szjialu.com\/de\/news\/led-power-supply-guide-12v-adapter-led-lights\/\" aria-label=\"Mehr zum LED-Netzteil-Leitfaden: Auswahl des richtigen Adapters f\u00fcr LED-Leuchten\" tabindex=\"-1\" >\n\t\t\tMehr lesen &quot;\u00bb\t\t<\/a>\n\n\t\t\t\t<\/div>\n\t\t\t\t<\/article>\n\t\t\t\t<\/div>\n\t\t\n\t\t\t\t\t\t<\/div>\n\t\t\t\t<\/div>\n\t\t\t\t\t<\/div>\n\t\t\t\t<\/div>\n\t\t\t\t<\/div>","protected":false},"excerpt":{"rendered":"","protected":false},"author":1,"featured_media":0,"parent":818,"menu_order":0,"comment_status":"closed","ping_status":"closed","template":"","meta":{"_acf_changed":false,"site-sidebar-layout":"no-sidebar","site-content-layout":"","ast-site-content-layout":"full-width-container","site-content-style":"default","site-sidebar-style":"default","ast-global-header-display":"","ast-banner-title-visibility":"","ast-main-header-display":"","ast-hfb-above-header-display":"","ast-hfb-below-header-display":"","ast-hfb-mobile-header-display":"","site-post-title":"disabled","ast-breadcrumbs-content":"","ast-featured-img":"disabled","footer-sml-layout":"","ast-disable-related-posts":"","theme-transparent-header-meta":"","adv-header-id-meta":"","stick-header-meta":"","header-above-stick-meta":"","header-main-stick-meta":"","header-below-stick-meta":"","astra-migrate-meta-layouts":"default","ast-page-background-enabled":"default","ast-page-background-meta":{"desktop":{"background-color":"var(--ast-global-color-5)","background-image":"","background-repeat":"repeat","background-position":"center center","background-size":"auto","background-attachment":"scroll","background-type":"","background-media":"","overlay-type":"","overlay-color":"","overlay-opacity":"","overlay-gradient":""},"tablet":{"background-color":"","background-image":"","background-repeat":"repeat","background-position":"center center","background-size":"auto","background-attachment":"scroll","background-type":"","background-media":"","overlay-type":"","overlay-color":"","overlay-opacity":"","overlay-gradient":""},"mobile":{"background-color":"","background-image":"","background-repeat":"repeat","background-position":"center center","background-size":"auto","background-attachment":"scroll","background-type":"","background-media":"","overlay-type":"","overlay-color":"","overlay-opacity":"","overlay-gradient":""}},"ast-content-background-meta":{"desktop":{"background-color":"var(--ast-global-color-4)","background-image":"","background-repeat":"repeat","background-position":"center center","background-size":"auto","background-attachment":"scroll","background-type":"","background-media":"","overlay-type":"","overlay-color":"","overlay-opacity":"","overlay-gradient":""},"tablet":{"background-color":"var(--ast-global-color-4)","background-image":"","background-repeat":"repeat","background-position":"center center","background-size":"auto","background-attachment":"scroll","background-type":"","background-media":"","overlay-type":"","overlay-color":"","overlay-opacity":"","overlay-gradient":""},"mobile":{"background-color":"var(--ast-global-color-4)","background-image":"","background-repeat":"repeat","background-position":"center center","background-size":"auto","background-attachment":"scroll","background-type":"","background-media":"","overlay-type":"","overlay-color":"","overlay-opacity":"","overlay-gradient":""}},"footnotes":""},"class_list":["post-911","page","type-page","status-publish","hentry"],"acf":[],"_links":{"self":[{"href":"https:\/\/szjialu.com\/de\/wp-json\/wp\/v2\/pages\/911","targetHints":{"allow":["GET"]}}],"collection":[{"href":"https:\/\/szjialu.com\/de\/wp-json\/wp\/v2\/pages"}],"about":[{"href":"https:\/\/szjialu.com\/de\/wp-json\/wp\/v2\/types\/page"}],"author":[{"embeddable":true,"href":"https:\/\/szjialu.com\/de\/wp-json\/wp\/v2\/users\/1"}],"replies":[{"embeddable":true,"href":"https:\/\/szjialu.com\/de\/wp-json\/wp\/v2\/comments?post=911"}],"version-history":[{"count":5,"href":"https:\/\/szjialu.com\/de\/wp-json\/wp\/v2\/pages\/911\/revisions"}],"predecessor-version":[{"id":917,"href":"https:\/\/szjialu.com\/de\/wp-json\/wp\/v2\/pages\/911\/revisions\/917"}],"up":[{"embeddable":true,"href":"https:\/\/szjialu.com\/de\/wp-json\/wp\/v2\/pages\/818"}],"wp:attachment":[{"href":"https:\/\/szjialu.com\/de\/wp-json\/wp\/v2\/media?parent=911"}],"curies":[{"name":"wp","href":"https:\/\/api.w.org\/{rel}","templated":true}]}}