{"id":290,"date":"2025-08-23T12:20:48","date_gmt":"2025-08-23T12:20:48","guid":{"rendered":"https:\/\/szjialu.com\/?page_id=290"},"modified":"2025-09-17T12:42:12","modified_gmt":"2025-09-17T12:42:12","slug":"zertifikat","status":"publish","type":"page","link":"https:\/\/szjialu.com\/de\/certificate\/","title":{"rendered":"Zertifikat"},"content":{"rendered":"<div data-elementor-type=\"wp-page\" data-elementor-id=\"290\" class=\"elementor elementor-290\" data-elementor-post-type=\"page\">\n\t\t\t\t<div class=\"elementor-element elementor-element-c9674e8 e-flex e-con-boxed e-con e-parent\" data-id=\"c9674e8\" data-element_type=\"container\" data-e-type=\"container\">\n\t\t\t\t\t<div class=\"e-con-inner\">\n\t\t\t\t<div class=\"elementor-element elementor-element-885896a elementor-widget elementor-widget-woocommerce-breadcrumb\" data-id=\"885896a\" data-element_type=\"widget\" data-e-type=\"widget\" data-widget_type=\"woocommerce-breadcrumb.default\">\n\t\t\t\t\t<nav class=\"woocommerce-breadcrumb\" aria-label=\"Breadcrumb\" data-no-translation=\"\" data-trp-gettext=\"\">Startseite<\/nav>\t\t\t\t<\/div>\n\t\t\t\t\t<\/div>\n\t\t\t\t<\/div>\n\t\t<div class=\"elementor-element elementor-element-10aa079 e-flex e-con-boxed e-con e-parent\" data-id=\"10aa079\" data-element_type=\"container\" data-e-type=\"container\">\n\t\t\t\t\t<div class=\"e-con-inner\">\n\t\t\t\t<div class=\"elementor-element elementor-element-5310fa8 elementor-widget elementor-widget-button\" data-id=\"5310fa8\" data-element_type=\"widget\" data-e-type=\"widget\" data-widget_type=\"button.default\">\n\t\t\t\t\t\t\t\t\t\t<a class=\"elementor-button elementor-button-link elementor-size-sm\" href=\"https:\/\/szjialu.com\/de\/uber-uns\/\">\n\t\t\t\t\t\t<span class=\"elementor-button-content-wrapper\">\n\t\t\t\t\t\t\t\t\t<span class=\"elementor-button-text\">\u00dcber uns<\/span>\n\t\t\t\t\t<\/span>\n\t\t\t\t\t<\/a>\n\t\t\t\t\t\t\t\t<\/div>\n\t\t\t\t<div class=\"elementor-element elementor-element-0d755e9 elementor-widget elementor-widget-button\" data-id=\"0d755e9\" data-element_type=\"widget\" data-e-type=\"widget\" data-widget_type=\"button.default\">\n\t\t\t\t\t\t\t\t\t\t<a class=\"elementor-button elementor-button-link elementor-size-sm\" href=\"https:\/\/szjialu.com\/de\/zertifikat\/\">\n\t\t\t\t\t\t<span class=\"elementor-button-content-wrapper\">\n\t\t\t\t\t\t\t\t\t<span class=\"elementor-button-text\">Zertifikat<\/span>\n\t\t\t\t\t<\/span>\n\t\t\t\t\t<\/a>\n\t\t\t\t\t\t\t\t<\/div>\n\t\t\t\t<div class=\"elementor-element elementor-element-122f784 elementor-widget elementor-widget-button\" data-id=\"122f784\" data-element_type=\"widget\" data-e-type=\"widget\" data-widget_type=\"button.default\">\n\t\t\t\t\t\t\t\t\t\t<a class=\"elementor-button elementor-button-link elementor-size-sm\" href=\"https:\/\/szjialu.com\/de\/oem-service\/\">\n\t\t\t\t\t\t<span class=\"elementor-button-content-wrapper\">\n\t\t\t\t\t\t\t\t\t<span class=\"elementor-button-text\">OEM-Service<\/span>\n\t\t\t\t\t<\/span>\n\t\t\t\t\t<\/a>\n\t\t\t\t\t\t\t\t<\/div>\n\t\t\t\t<div class=\"elementor-element elementor-element-76fb4d9 elementor-widget elementor-widget-button\" data-id=\"76fb4d9\" data-element_type=\"widget\" data-e-type=\"widget\" data-widget_type=\"button.default\">\n\t\t\t\t\t\t\t\t\t\t<a class=\"elementor-button elementor-button-link elementor-size-sm\" href=\"https:\/\/szjialu.com\/de\/faqs\/\">\n\t\t\t\t\t\t<span class=\"elementor-button-content-wrapper\">\n\t\t\t\t\t\t\t\t\t<span class=\"elementor-button-text\">H\u00e4ufig gestellte Fragen<\/span>\n\t\t\t\t\t<\/span>\n\t\t\t\t\t<\/a>\n\t\t\t\t\t\t\t\t<\/div>\n\t\t\t\t\t<\/div>\n\t\t\t\t<\/div>\n\t\t<div class=\"elementor-element elementor-element-885bdf7 e-flex e-con-boxed e-con e-parent\" data-id=\"885bdf7\" data-element_type=\"container\" data-e-type=\"container\">\n\t\t\t\t\t<div class=\"e-con-inner\">\n\t\t\t\t<div class=\"elementor-element elementor-element-d1702e5 elementor-widget elementor-widget-heading\" data-id=\"d1702e5\" data-element_type=\"widget\" data-e-type=\"widget\" data-widget_type=\"heading.default\">\n\t\t\t\t\t<h2 class=\"elementor-heading-title elementor-size-default\">Produktzertifikat<\/h2>\t\t\t\t<\/div>\n\t\t\t\t<div class=\"elementor-element elementor-element-61c72c5 elementor-widget elementor-widget-heading\" data-id=\"61c72c5\" data-element_type=\"widget\" data-e-type=\"widget\" data-widget_type=\"heading.default\">\n\t\t\t\t\t<span class=\"elementor-heading-title elementor-size-default\">Das Unternehmen legt Wert auf formale Qualit\u00e4ts- und Managementsysteme und hat die Zertifizierungen ISO9001 (Qualit\u00e4tsmanagement), ISO14001 (Umweltmanagement) und BSCI (Business Social Compliance) erhalten; diese Qualifikationen werden als Grundlage f\u00fcr eine gleichbleibende Fertigung und die Erf\u00fcllung der Anforderungen internationaler K\u00e4ufer pr\u00e4sentiert.<\/span>\t\t\t\t<\/div>\n\t\t\t\t<div class=\"elementor-element elementor-element-e0698aa gallery-spacing-custom elementor-widget elementor-widget-image-gallery\" data-id=\"e0698aa\" data-element_type=\"widget\" data-e-type=\"widget\" data-widget_type=\"image-gallery.default\">\n\t\t\t\t\t\t\t<div class=\"elementor-image-gallery\">\n\t\t\t<div id='gallery-1' class='gallery galleryid-290 gallery-columns-5 gallery-size-full'><figure class='gallery-item'>\n\t\t\t<div class='gallery-icon portrait'>\n\t\t\t\t<a data-elementor-open-lightbox=\"yes\" data-elementor-lightbox-slideshow=\"e0698aa\" data-elementor-lightbox-title=\"15 CB\" data-e-action-hash=\"#elementor-action%3Aaction%3Dlightbox%26settings%3DeyJpZCI6MzMxLCJ1cmwiOiJodHRwczpcL1wvc3pqaWFsdS5jb21cL3dwLWNvbnRlbnRcL3VwbG9hZHNcLzIwMjVcLzA4XC8xNS1DQi5wbmciLCJzbGlkZXNob3ciOiJlMDY5OGFhIn0%3D\" href='https:\/\/szjialu.com\/wp-content\/uploads\/2025\/08\/15-CB.png'><img fetchpriority=\"high\" decoding=\"async\" width=\"388\" height=\"553\" src=\"https:\/\/szjialu.com\/wp-content\/uploads\/2025\/08\/15-CB.png\" class=\"attachment-full size-full\" alt=\"\" srcset=\"https:\/\/szjialu.com\/wp-content\/uploads\/2025\/08\/15-CB.png 388w, https:\/\/szjialu.com\/wp-content\/uploads\/2025\/08\/15-CB-210x300.png 210w, https:\/\/szjialu.com\/wp-content\/uploads\/2025\/08\/15-CB-64x91.png 64w\" sizes=\"(max-width: 388px) 100vw, 388px\" \/><\/a>\n\t\t\t<\/div><\/figure><figure class='gallery-item'>\n\t\t\t<div class='gallery-icon portrait'>\n\t\t\t\t<a data-elementor-open-lightbox=\"yes\" data-elementor-lightbox-slideshow=\"e0698aa\" data-elementor-lightbox-title=\"14 BIS\" data-e-action-hash=\"#elementor-action%3Aaction%3Dlightbox%26settings%3DeyJpZCI6MzMwLCJ1cmwiOiJodHRwczpcL1wvc3pqaWFsdS5jb21cL3dwLWNvbnRlbnRcL3VwbG9hZHNcLzIwMjVcLzA4XC8xNC1CSVMucG5nIiwic2xpZGVzaG93IjoiZTA2OThhYSJ9\" href='https:\/\/szjialu.com\/wp-content\/uploads\/2025\/08\/14-BIS.png'><img decoding=\"async\" width=\"390\" height=\"554\" src=\"https:\/\/szjialu.com\/wp-content\/uploads\/2025\/08\/14-BIS.png\" class=\"attachment-full size-full\" alt=\"\" srcset=\"https:\/\/szjialu.com\/wp-content\/uploads\/2025\/08\/14-BIS.png 390w, https:\/\/szjialu.com\/wp-content\/uploads\/2025\/08\/14-BIS-211x300.png 211w, https:\/\/szjialu.com\/wp-content\/uploads\/2025\/08\/14-BIS-64x91.png 64w\" sizes=\"(max-width: 390px) 100vw, 390px\" \/><\/a>\n\t\t\t<\/div><\/figure><figure class='gallery-item'>\n\t\t\t<div class='gallery-icon portrait'>\n\t\t\t\t<a data-elementor-open-lightbox=\"yes\" data-elementor-lightbox-slideshow=\"e0698aa\" data-elementor-lightbox-title=\"13 SRL\" data-e-action-hash=\"#elementor-action%3Aaction%3Dlightbox%26settings%3DeyJpZCI6MzI5LCJ1cmwiOiJodHRwczpcL1wvc3pqaWFsdS5jb21cL3dwLWNvbnRlbnRcL3VwbG9hZHNcLzIwMjVcLzA4XC8xMy1TUkwucG5nIiwic2xpZGVzaG93IjoiZTA2OThhYSJ9\" href='https:\/\/szjialu.com\/wp-content\/uploads\/2025\/08\/13-SRL.png'><img decoding=\"async\" width=\"393\" height=\"510\" src=\"https:\/\/szjialu.com\/wp-content\/uploads\/2025\/08\/13-SRL.png\" class=\"attachment-full size-full\" alt=\"\" srcset=\"https:\/\/szjialu.com\/wp-content\/uploads\/2025\/08\/13-SRL.png 393w, https:\/\/szjialu.com\/wp-content\/uploads\/2025\/08\/13-SRL-231x300.png 231w, https:\/\/szjialu.com\/wp-content\/uploads\/2025\/08\/13-SRL-64x83.png 64w\" sizes=\"(max-width: 393px) 100vw, 393px\" \/><\/a>\n\t\t\t<\/div><\/figure><figure class='gallery-item'>\n\t\t\t<div class='gallery-icon portrait'>\n\t\t\t\t<a data-elementor-open-lightbox=\"yes\" data-elementor-lightbox-slideshow=\"e0698aa\" data-elementor-lightbox-title=\"12 NOM\" data-e-action-hash=\"#elementor-action%3Aaction%3Dlightbox%26settings%3DeyJpZCI6MzI4LCJ1cmwiOiJodHRwczpcL1wvc3pqaWFsdS5jb21cL3dwLWNvbnRlbnRcL3VwbG9hZHNcLzIwMjVcLzA4XC8xMi1OT00ucG5nIiwic2xpZGVzaG93IjoiZTA2OThhYSJ9\" href='https:\/\/szjialu.com\/wp-content\/uploads\/2025\/08\/12-NOM.png'><img loading=\"lazy\" decoding=\"async\" width=\"402\" height=\"521\" src=\"https:\/\/szjialu.com\/wp-content\/uploads\/2025\/08\/12-NOM.png\" class=\"attachment-full size-full\" alt=\"\" srcset=\"https:\/\/szjialu.com\/wp-content\/uploads\/2025\/08\/12-NOM.png 402w, https:\/\/szjialu.com\/wp-content\/uploads\/2025\/08\/12-NOM-231x300.png 231w, https:\/\/szjialu.com\/wp-content\/uploads\/2025\/08\/12-NOM-64x83.png 64w\" sizes=\"(max-width: 402px) 100vw, 402px\" \/><\/a>\n\t\t\t<\/div><\/figure><figure class='gallery-item'>\n\t\t\t<div class='gallery-icon portrait'>\n\t\t\t\t<a data-elementor-open-lightbox=\"yes\" data-elementor-lightbox-slideshow=\"e0698aa\" data-elementor-lightbox-title=\"11 EAC\" data-e-action-hash=\"#elementor-action%3Aaction%3Dlightbox%26settings%3DeyJpZCI6MzI3LCJ1cmwiOiJodHRwczpcL1wvc3pqaWFsdS5jb21cL3dwLWNvbnRlbnRcL3VwbG9hZHNcLzIwMjVcLzA4XC8xMS1FQUMucG5nIiwic2xpZGVzaG93IjoiZTA2OThhYSJ9\" href='https:\/\/szjialu.com\/wp-content\/uploads\/2025\/08\/11-EAC.png'><img loading=\"lazy\" decoding=\"async\" width=\"393\" height=\"555\" src=\"https:\/\/szjialu.com\/wp-content\/uploads\/2025\/08\/11-EAC.png\" class=\"attachment-full size-full\" alt=\"\" srcset=\"https:\/\/szjialu.com\/wp-content\/uploads\/2025\/08\/11-EAC.png 393w, https:\/\/szjialu.com\/wp-content\/uploads\/2025\/08\/11-EAC-212x300.png 212w, https:\/\/szjialu.com\/wp-content\/uploads\/2025\/08\/11-EAC-64x90.png 64w\" sizes=\"(max-width: 393px) 100vw, 393px\" \/><\/a>\n\t\t\t<\/div><\/figure><figure class='gallery-item'>\n\t\t\t<div class='gallery-icon portrait'>\n\t\t\t\t<a data-elementor-open-lightbox=\"yes\" data-elementor-lightbox-slideshow=\"e0698aa\" data-elementor-lightbox-title=\"10 PSB\" data-e-action-hash=\"#elementor-action%3Aaction%3Dlightbox%26settings%3DeyJpZCI6MzI2LCJ1cmwiOiJodHRwczpcL1wvc3pqaWFsdS5jb21cL3dwLWNvbnRlbnRcL3VwbG9hZHNcLzIwMjVcLzA4XC8xMC1QU0IucG5nIiwic2xpZGVzaG93IjoiZTA2OThhYSJ9\" href='https:\/\/szjialu.com\/wp-content\/uploads\/2025\/08\/10-PSB.png'><img loading=\"lazy\" decoding=\"async\" width=\"390\" height=\"553\" src=\"https:\/\/szjialu.com\/wp-content\/uploads\/2025\/08\/10-PSB.png\" class=\"attachment-full size-full\" alt=\"\" srcset=\"https:\/\/szjialu.com\/wp-content\/uploads\/2025\/08\/10-PSB.png 390w, https:\/\/szjialu.com\/wp-content\/uploads\/2025\/08\/10-PSB-212x300.png 212w, https:\/\/szjialu.com\/wp-content\/uploads\/2025\/08\/10-PSB-64x91.png 64w\" sizes=\"(max-width: 390px) 100vw, 390px\" \/><\/a>\n\t\t\t<\/div><\/figure><figure class='gallery-item'>\n\t\t\t<div class='gallery-icon portrait'>\n\t\t\t\t<a data-elementor-open-lightbox=\"yes\" data-elementor-lightbox-slideshow=\"e0698aa\" data-elementor-lightbox-title=\"9 BSMI\" data-e-action-hash=\"#elementor-action%3Aaction%3Dlightbox%26settings%3DeyJpZCI6MzI1LCJ1cmwiOiJodHRwczpcL1wvc3pqaWFsdS5jb21cL3dwLWNvbnRlbnRcL3VwbG9hZHNcLzIwMjVcLzA4XC85LUJTTUkucG5nIiwic2xpZGVzaG93IjoiZTA2OThhYSJ9\" href='https:\/\/szjialu.com\/wp-content\/uploads\/2025\/08\/9-BSMI.png'><img loading=\"lazy\" decoding=\"async\" width=\"387\" height=\"530\" src=\"https:\/\/szjialu.com\/wp-content\/uploads\/2025\/08\/9-BSMI.png\" class=\"attachment-full size-full\" alt=\"\" srcset=\"https:\/\/szjialu.com\/wp-content\/uploads\/2025\/08\/9-BSMI.png 387w, https:\/\/szjialu.com\/wp-content\/uploads\/2025\/08\/9-BSMI-219x300.png 219w, https:\/\/szjialu.com\/wp-content\/uploads\/2025\/08\/9-BSMI-64x88.png 64w\" sizes=\"(max-width: 387px) 100vw, 387px\" \/><\/a>\n\t\t\t<\/div><\/figure><figure class='gallery-item'>\n\t\t\t<div class='gallery-icon portrait'>\n\t\t\t\t<a data-elementor-open-lightbox=\"yes\" data-elementor-lightbox-slideshow=\"e0698aa\" data-elementor-lightbox-title=\"8 KC\" data-e-action-hash=\"#elementor-action%3Aaction%3Dlightbox%26settings%3DeyJpZCI6MzI0LCJ1cmwiOiJodHRwczpcL1wvc3pqaWFsdS5jb21cL3dwLWNvbnRlbnRcL3VwbG9hZHNcLzIwMjVcLzA4XC84LUtDLnBuZyIsInNsaWRlc2hvdyI6ImUwNjk4YWEifQ%3D%3D\" href='https:\/\/szjialu.com\/wp-content\/uploads\/2025\/08\/8-KC.png'><img loading=\"lazy\" decoding=\"async\" width=\"399\" height=\"559\" src=\"https:\/\/szjialu.com\/wp-content\/uploads\/2025\/08\/8-KC.png\" class=\"attachment-full size-full\" alt=\"\" srcset=\"https:\/\/szjialu.com\/wp-content\/uploads\/2025\/08\/8-KC.png 399w, https:\/\/szjialu.com\/wp-content\/uploads\/2025\/08\/8-KC-214x300.png 214w, https:\/\/szjialu.com\/wp-content\/uploads\/2025\/08\/8-KC-64x90.png 64w\" sizes=\"(max-width: 399px) 100vw, 399px\" \/><\/a>\n\t\t\t<\/div><\/figure><figure class='gallery-item'>\n\t\t\t<div class='gallery-icon portrait'>\n\t\t\t\t<a data-elementor-open-lightbox=\"yes\" data-elementor-lightbox-slideshow=\"e0698aa\" data-elementor-lightbox-title=\"7 PSE\" data-e-action-hash=\"#elementor-action%3Aaction%3Dlightbox%26settings%3DeyJpZCI6MzIzLCJ1cmwiOiJodHRwczpcL1wvc3pqaWFsdS5jb21cL3dwLWNvbnRlbnRcL3VwbG9hZHNcLzIwMjVcLzA4XC83LVBTRS5wbmciLCJzbGlkZXNob3ciOiJlMDY5OGFhIn0%3D\" href='https:\/\/szjialu.com\/wp-content\/uploads\/2025\/08\/7-PSE.png'><img loading=\"lazy\" decoding=\"async\" width=\"426\" height=\"603\" src=\"https:\/\/szjialu.com\/wp-content\/uploads\/2025\/08\/7-PSE.png\" class=\"attachment-full size-full\" alt=\"\" srcset=\"https:\/\/szjialu.com\/wp-content\/uploads\/2025\/08\/7-PSE.png 426w, https:\/\/szjialu.com\/wp-content\/uploads\/2025\/08\/7-PSE-212x300.png 212w, https:\/\/szjialu.com\/wp-content\/uploads\/2025\/08\/7-PSE-64x91.png 64w\" sizes=\"(max-width: 426px) 100vw, 426px\" \/><\/a>\n\t\t\t<\/div><\/figure><figure class='gallery-item'>\n\t\t\t<div class='gallery-icon portrait'>\n\t\t\t\t<a data-elementor-open-lightbox=\"yes\" data-elementor-lightbox-slideshow=\"e0698aa\" data-elementor-lightbox-title=\"6 SAA\" data-e-action-hash=\"#elementor-action%3Aaction%3Dlightbox%26settings%3DeyJpZCI6MzIyLCJ1cmwiOiJodHRwczpcL1wvc3pqaWFsdS5jb21cL3dwLWNvbnRlbnRcL3VwbG9hZHNcLzIwMjVcLzA4XC82LVNBQS5wbmciLCJzbGlkZXNob3ciOiJlMDY5OGFhIn0%3D\" href='https:\/\/szjialu.com\/wp-content\/uploads\/2025\/08\/6-SAA.png'><img loading=\"lazy\" decoding=\"async\" width=\"401\" height=\"520\" src=\"https:\/\/szjialu.com\/wp-content\/uploads\/2025\/08\/6-SAA.png\" class=\"attachment-full size-full\" alt=\"\" srcset=\"https:\/\/szjialu.com\/wp-content\/uploads\/2025\/08\/6-SAA.png 401w, https:\/\/szjialu.com\/wp-content\/uploads\/2025\/08\/6-SAA-231x300.png 231w, https:\/\/szjialu.com\/wp-content\/uploads\/2025\/08\/6-SAA-64x83.png 64w\" sizes=\"(max-width: 401px) 100vw, 401px\" \/><\/a>\n\t\t\t<\/div><\/figure><figure class='gallery-item'>\n\t\t\t<div class='gallery-icon portrait'>\n\t\t\t\t<a data-elementor-open-lightbox=\"yes\" data-elementor-lightbox-slideshow=\"e0698aa\" data-elementor-lightbox-title=\"5 RCM\" data-e-action-hash=\"#elementor-action%3Aaction%3Dlightbox%26settings%3DeyJpZCI6MzIxLCJ1cmwiOiJodHRwczpcL1wvc3pqaWFsdS5jb21cL3dwLWNvbnRlbnRcL3VwbG9hZHNcLzIwMjVcLzA4XC81LVJDTS5wbmciLCJzbGlkZXNob3ciOiJlMDY5OGFhIn0%3D\" href='https:\/\/szjialu.com\/wp-content\/uploads\/2025\/08\/5-RCM.png'><img loading=\"lazy\" decoding=\"async\" width=\"394\" height=\"556\" src=\"https:\/\/szjialu.com\/wp-content\/uploads\/2025\/08\/5-RCM.png\" class=\"attachment-full size-full\" alt=\"\" srcset=\"https:\/\/szjialu.com\/wp-content\/uploads\/2025\/08\/5-RCM.png 394w, https:\/\/szjialu.com\/wp-content\/uploads\/2025\/08\/5-RCM-213x300.png 213w, https:\/\/szjialu.com\/wp-content\/uploads\/2025\/08\/5-RCM-64x90.png 64w\" sizes=\"(max-width: 394px) 100vw, 394px\" \/><\/a>\n\t\t\t<\/div><\/figure><figure class='gallery-item'>\n\t\t\t<div class='gallery-icon portrait'>\n\t\t\t\t<a data-elementor-open-lightbox=\"yes\" data-elementor-lightbox-slideshow=\"e0698aa\" data-elementor-lightbox-title=\"3 CE\" data-e-action-hash=\"#elementor-action%3Aaction%3Dlightbox%26settings%3DeyJpZCI6MzIwLCJ1cmwiOiJodHRwczpcL1wvc3pqaWFsdS5jb21cL3dwLWNvbnRlbnRcL3VwbG9hZHNcLzIwMjVcLzA4XC8zLUNFLnBuZyIsInNsaWRlc2hvdyI6ImUwNjk4YWEifQ%3D%3D\" href='https:\/\/szjialu.com\/wp-content\/uploads\/2025\/08\/3-CE.png'><img loading=\"lazy\" decoding=\"async\" width=\"387\" height=\"552\" src=\"https:\/\/szjialu.com\/wp-content\/uploads\/2025\/08\/3-CE.png\" class=\"attachment-full size-full\" alt=\"\" srcset=\"https:\/\/szjialu.com\/wp-content\/uploads\/2025\/08\/3-CE.png 387w, https:\/\/szjialu.com\/wp-content\/uploads\/2025\/08\/3-CE-210x300.png 210w, https:\/\/szjialu.com\/wp-content\/uploads\/2025\/08\/3-CE-64x91.png 64w\" sizes=\"(max-width: 387px) 100vw, 387px\" \/><\/a>\n\t\t\t<\/div><\/figure><figure class='gallery-item'>\n\t\t\t<div class='gallery-icon portrait'>\n\t\t\t\t<a data-elementor-open-lightbox=\"yes\" data-elementor-lightbox-slideshow=\"e0698aa\" data-elementor-lightbox-title=\"2 ETL\" data-e-action-hash=\"#elementor-action%3Aaction%3Dlightbox%26settings%3DeyJpZCI6MzE5LCJ1cmwiOiJodHRwczpcL1wvc3pqaWFsdS5jb21cL3dwLWNvbnRlbnRcL3VwbG9hZHNcLzIwMjVcLzA4XC8yLUVUTC5wbmciLCJzbGlkZXNob3ciOiJlMDY5OGFhIn0%3D\" href='https:\/\/szjialu.com\/wp-content\/uploads\/2025\/08\/2-ETL.png'><img loading=\"lazy\" decoding=\"async\" width=\"388\" height=\"552\" src=\"https:\/\/szjialu.com\/wp-content\/uploads\/2025\/08\/2-ETL.png\" class=\"attachment-full size-full\" alt=\"\" srcset=\"https:\/\/szjialu.com\/wp-content\/uploads\/2025\/08\/2-ETL.png 388w, https:\/\/szjialu.com\/wp-content\/uploads\/2025\/08\/2-ETL-211x300.png 211w, https:\/\/szjialu.com\/wp-content\/uploads\/2025\/08\/2-ETL-64x91.png 64w\" sizes=\"(max-width: 388px) 100vw, 388px\" \/><\/a>\n\t\t\t<\/div><\/figure><figure class='gallery-item'>\n\t\t\t<div class='gallery-icon portrait'>\n\t\t\t\t<a data-elementor-open-lightbox=\"yes\" data-elementor-lightbox-slideshow=\"e0698aa\" data-elementor-lightbox-title=\"1 UL\" data-e-action-hash=\"#elementor-action%3Aaction%3Dlightbox%26settings%3DeyJpZCI6MzE4LCJ1cmwiOiJodHRwczpcL1wvc3pqaWFsdS5jb21cL3dwLWNvbnRlbnRcL3VwbG9hZHNcLzIwMjVcLzA4XC8xLVVMLnBuZyIsInNsaWRlc2hvdyI6ImUwNjk4YWEifQ%3D%3D\" href='https:\/\/szjialu.com\/wp-content\/uploads\/2025\/08\/1-UL.png'><img loading=\"lazy\" decoding=\"async\" width=\"388\" height=\"554\" src=\"https:\/\/szjialu.com\/wp-content\/uploads\/2025\/08\/1-UL.png\" class=\"attachment-full size-full\" alt=\"\" srcset=\"https:\/\/szjialu.com\/wp-content\/uploads\/2025\/08\/1-UL.png 388w, https:\/\/szjialu.com\/wp-content\/uploads\/2025\/08\/1-UL-210x300.png 210w, https:\/\/szjialu.com\/wp-content\/uploads\/2025\/08\/1-UL-64x91.png 64w\" sizes=\"(max-width: 388px) 100vw, 388px\" \/><\/a>\n\t\t\t<\/div><\/figure>\n\t\t<\/div>\n\t\t<\/div>\n\t\t\t\t\t\t<\/div>\n\t\t\t\t\t<\/div>\n\t\t\t\t<\/div>\n\t\t\t\t<\/div>","protected":false},"excerpt":{"rendered":"<p>About Us Certificate Oem Service FAQS Products Certificate The company emphasizes formal quality and management systems, having obtained ISO9001 (quality [&hellip;]<\/p>\n","protected":false},"author":1,"featured_media":0,"parent":0,"menu_order":0,"comment_status":"closed","ping_status":"closed","template":"","meta":{"_acf_changed":false,"site-sidebar-layout":"no-sidebar","site-content-layout":"","ast-site-content-layout":"full-width-container","site-content-style":"default","site-sidebar-style":"default","ast-global-header-display":"","ast-banner-title-visibility":"","ast-main-header-display":"","ast-hfb-above-header-display":"","ast-hfb-below-header-display":"","ast-hfb-mobile-header-display":"","site-post-title":"disabled","ast-breadcrumbs-content":"","ast-featured-img":"disabled","footer-sml-layout":"","ast-disable-related-posts":"","theme-transparent-header-meta":"","adv-header-id-meta":"","stick-header-meta":"","header-above-stick-meta":"","header-main-stick-meta":"","header-below-stick-meta":"","astra-migrate-meta-layouts":"default","ast-page-background-enabled":"default","ast-page-background-meta":{"desktop":{"background-color":"var(--ast-global-color-5)","background-image":"","background-repeat":"repeat","background-position":"center center","background-size":"auto","background-attachment":"scroll","background-type":"","background-media":"","overlay-type":"","overlay-color":"","overlay-opacity":"","overlay-gradient":""},"tablet":{"background-color":"","background-image":"","background-repeat":"repeat","background-position":"center center","background-size":"auto","background-attachment":"scroll","background-type":"","background-media":"","overlay-type":"","overlay-color":"","overlay-opacity":"","overlay-gradient":""},"mobile":{"background-color":"","background-image":"","background-repeat":"repeat","background-position":"center center","background-size":"auto","background-attachment":"scroll","background-type":"","background-media":"","overlay-type":"","overlay-color":"","overlay-opacity":"","overlay-gradient":""}},"ast-content-background-meta":{"desktop":{"background-color":"var(--ast-global-color-4)","background-image":"","background-repeat":"repeat","background-position":"center center","background-size":"auto","background-attachment":"scroll","background-type":"","background-media":"","overlay-type":"","overlay-color":"","overlay-opacity":"","overlay-gradient":""},"tablet":{"background-color":"var(--ast-global-color-4)","background-image":"","background-repeat":"repeat","background-position":"center center","background-size":"auto","background-attachment":"scroll","background-type":"","background-media":"","overlay-type":"","overlay-color":"","overlay-opacity":"","overlay-gradient":""},"mobile":{"background-color":"var(--ast-global-color-4)","background-image":"","background-repeat":"repeat","background-position":"center center","background-size":"auto","background-attachment":"scroll","background-type":"","background-media":"","overlay-type":"","overlay-color":"","overlay-opacity":"","overlay-gradient":""}},"footnotes":""},"class_list":["post-290","page","type-page","status-publish","hentry"],"acf":[],"_links":{"self":[{"href":"https:\/\/szjialu.com\/de\/wp-json\/wp\/v2\/pages\/290","targetHints":{"allow":["GET"]}}],"collection":[{"href":"https:\/\/szjialu.com\/de\/wp-json\/wp\/v2\/pages"}],"about":[{"href":"https:\/\/szjialu.com\/de\/wp-json\/wp\/v2\/types\/page"}],"author":[{"embeddable":true,"href":"https:\/\/szjialu.com\/de\/wp-json\/wp\/v2\/users\/1"}],"replies":[{"embeddable":true,"href":"https:\/\/szjialu.com\/de\/wp-json\/wp\/v2\/comments?post=290"}],"version-history":[{"count":15,"href":"https:\/\/szjialu.com\/de\/wp-json\/wp\/v2\/pages\/290\/revisions"}],"predecessor-version":[{"id":900,"href":"https:\/\/szjialu.com\/de\/wp-json\/wp\/v2\/pages\/290\/revisions\/900"}],"wp:attachment":[{"href":"https:\/\/szjialu.com\/de\/wp-json\/wp\/v2\/media?parent=290"}],"curies":[{"name":"wp","href":"https:\/\/api.w.org\/{rel}","templated":true}]}}