{"id":1565,"date":"2026-02-05T01:50:25","date_gmt":"2026-02-05T01:50:25","guid":{"rendered":"https:\/\/szjialu.com\/terms\/"},"modified":"2026-02-05T01:50:25","modified_gmt":"2026-02-05T01:50:25","slug":"bedingungen","status":"publish","type":"page","link":"https:\/\/szjialu.com\/de\/terms\/","title":{"rendered":"Gesch\u00e4ftsbedingungen"},"content":{"rendered":"<h2 class=\"wp-block-heading\">Gesch\u00e4ftsbedingungen<\/h2>\n\n\n<p>Bitte lesen Sie diese Allgemeinen Gesch\u00e4ftsbedingungen sorgf\u00e4ltig durch, bevor Sie unsere Website und unsere Dienste nutzen.<\/p>\n\n\n\n<h3 class=\"wp-block-heading\">1. Annahme der Bedingungen<\/h3>\n\n\n\n<p>Durch den Zugriff auf und die Nutzung dieser Website akzeptieren Sie die Bedingungen und Bestimmungen dieser Vereinbarung und erkl\u00e4ren sich damit einverstanden, an diese gebunden zu sein.<\/p>\n\n\n\n<h3 class=\"wp-block-heading\">2. Nutzungslizenz<\/h3>\n\n\n\n<p>Es wird die Erlaubnis erteilt, vor\u00fcbergehend eine Kopie der Materialien auf dieser Website ausschlie\u00dflich zum pers\u00f6nlichen, nichtkommerziellen und vor\u00fcbergehenden Gebrauch herunterzuladen.<\/p>\n\n\n\n<h3 class=\"wp-block-heading\">3. Haftungsausschluss<\/h3>\n\n\n\n<p>Die Inhalte dieser Website werden ohne Gew\u00e4hr bereitgestellt. Wir \u00fcbernehmen keine ausdr\u00fccklichen oder stillschweigenden Gew\u00e4hrleistungen und schlie\u00dfen hiermit alle anderen Gew\u00e4hrleistungen aus, insbesondere die Gew\u00e4hrleistung der Handels\u00fcblichkeit, der Eignung f\u00fcr einen bestimmten Zweck und der Nichtverletzung von Rechten an geistigem Eigentum oder sonstigen Rechten.<\/p>\n\n\n\n<h3 class=\"wp-block-heading\">4. Einschr\u00e4nkungen<\/h3>\n\n\n\n<p>Wir und unsere Lieferanten haften in keinem Fall f\u00fcr Sch\u00e4den (einschlie\u00dflich, aber nicht beschr\u00e4nkt auf Sch\u00e4den durch Datenverlust, entgangenen Gewinn oder Betriebsunterbrechung), die aus der Nutzung oder der Unm\u00f6glichkeit der Nutzung der Materialien auf dieser Website entstehen.<\/p>\n\n\n\n<h3 class=\"wp-block-heading\">5. \u00dcberarbeitungen<\/h3>\n\n\n\n<p>Wir k\u00f6nnen diese Nutzungsbedingungen jederzeit und ohne Vorank\u00fcndigung \u00e4ndern. Durch die Nutzung dieser Website erkl\u00e4ren Sie sich mit der jeweils aktuellen Fassung dieser Nutzungsbedingungen einverstanden.<\/p>\n\n\n\n<h3 class=\"wp-block-heading\">6. Kontaktinformationen<\/h3>\n\n\n\n<p>Sollten Sie Fragen zu diesen Allgemeinen Gesch\u00e4ftsbedingungen haben, kontaktieren Sie uns bitte.<\/p>","protected":false},"excerpt":{"rendered":"<p>Terms and Conditions Please read these terms and conditions carefully before using our website and services. 1. Acceptance of Terms [&hellip;]<\/p>\n","protected":false},"author":1,"featured_media":0,"parent":0,"menu_order":0,"comment_status":"closed","ping_status":"closed","template":"","meta":{"_acf_changed":false,"site-sidebar-layout":"default","site-content-layout":"","ast-site-content-layout":"default","site-content-style":"default","site-sidebar-style":"default","ast-global-header-display":"","ast-banner-title-visibility":"","ast-main-header-display":"","ast-hfb-above-header-display":"","ast-hfb-below-header-display":"","ast-hfb-mobile-header-display":"","site-post-title":"","ast-breadcrumbs-content":"","ast-featured-img":"","footer-sml-layout":"","ast-disable-related-posts":"","theme-transparent-header-meta":"","adv-header-id-meta":"","stick-header-meta":"","header-above-stick-meta":"","header-main-stick-meta":"","header-below-stick-meta":"","astra-migrate-meta-layouts":"default","ast-page-background-enabled":"default","ast-page-background-meta":{"desktop":{"background-color":"var(--ast-global-color-5)","background-image":"","background-repeat":"repeat","background-position":"center center","background-size":"auto","background-attachment":"scroll","background-type":"","background-media":"","overlay-type":"","overlay-color":"","overlay-opacity":"","overlay-gradient":""},"tablet":{"background-color":"","background-image":"","background-repeat":"repeat","background-position":"center center","background-size":"auto","background-attachment":"scroll","background-type":"","background-media":"","overlay-type":"","overlay-color":"","overlay-opacity":"","overlay-gradient":""},"mobile":{"background-color":"","background-image":"","background-repeat":"repeat","background-position":"center center","background-size":"auto","background-attachment":"scroll","background-type":"","background-media":"","overlay-type":"","overlay-color":"","overlay-opacity":"","overlay-gradient":""}},"ast-content-background-meta":{"desktop":{"background-color":"var(--ast-global-color-4)","background-image":"","background-repeat":"repeat","background-position":"center center","background-size":"auto","background-attachment":"scroll","background-type":"","background-media":"","overlay-type":"","overlay-color":"","overlay-opacity":"","overlay-gradient":""},"tablet":{"background-color":"var(--ast-global-color-4)","background-image":"","background-repeat":"repeat","background-position":"center center","background-size":"auto","background-attachment":"scroll","background-type":"","background-media":"","overlay-type":"","overlay-color":"","overlay-opacity":"","overlay-gradient":""},"mobile":{"background-color":"var(--ast-global-color-4)","background-image":"","background-repeat":"repeat","background-position":"center center","background-size":"auto","background-attachment":"scroll","background-type":"","background-media":"","overlay-type":"","overlay-color":"","overlay-opacity":"","overlay-gradient":""}},"footnotes":""},"class_list":["post-1565","page","type-page","status-publish","hentry"],"acf":[],"_links":{"self":[{"href":"https:\/\/szjialu.com\/de\/wp-json\/wp\/v2\/pages\/1565","targetHints":{"allow":["GET"]}}],"collection":[{"href":"https:\/\/szjialu.com\/de\/wp-json\/wp\/v2\/pages"}],"about":[{"href":"https:\/\/szjialu.com\/de\/wp-json\/wp\/v2\/types\/page"}],"author":[{"embeddable":true,"href":"https:\/\/szjialu.com\/de\/wp-json\/wp\/v2\/users\/1"}],"replies":[{"embeddable":true,"href":"https:\/\/szjialu.com\/de\/wp-json\/wp\/v2\/comments?post=1565"}],"version-history":[{"count":0,"href":"https:\/\/szjialu.com\/de\/wp-json\/wp\/v2\/pages\/1565\/revisions"}],"wp:attachment":[{"href":"https:\/\/szjialu.com\/de\/wp-json\/wp\/v2\/media?parent=1565"}],"curies":[{"name":"wp","href":"https:\/\/api.w.org\/{rel}","templated":true}]}}