{"id":116,"date":"2025-08-21T14:03:21","date_gmt":"2025-08-21T14:03:21","guid":{"rendered":"https:\/\/szjialu.com\/?page_id=116"},"modified":"2026-03-16T14:01:32","modified_gmt":"2026-03-16T14:01:32","slug":"uber-uns","status":"publish","type":"page","link":"https:\/\/szjialu.com\/de\/about-us\/","title":{"rendered":"\u00dcber uns"},"content":{"rendered":"<div data-elementor-type=\"wp-page\" data-elementor-id=\"116\" class=\"elementor elementor-116\" data-elementor-post-type=\"page\">\n\t\t\t\t<div class=\"elementor-element elementor-element-1522647 e-flex e-con-boxed e-con e-parent\" data-id=\"1522647\" data-element_type=\"container\" data-e-type=\"container\">\n\t\t\t\t\t<div class=\"e-con-inner\">\n\t\t\t\t<div class=\"elementor-element elementor-element-a33f6f0 elementor-widget elementor-widget-woocommerce-breadcrumb\" data-id=\"a33f6f0\" data-element_type=\"widget\" data-e-type=\"widget\" data-widget_type=\"woocommerce-breadcrumb.default\">\n\t\t\t\t\t<nav class=\"woocommerce-breadcrumb\" aria-label=\"Breadcrumb\" data-no-translation=\"\" data-trp-gettext=\"\">Startseite<\/nav>\t\t\t\t<\/div>\n\t\t\t\t\t<\/div>\n\t\t\t\t<\/div>\n\t\t<div class=\"elementor-element elementor-element-c0646c1 e-flex e-con-boxed e-con e-parent\" data-id=\"c0646c1\" data-element_type=\"container\" data-e-type=\"container\">\n\t\t\t\t\t<div class=\"e-con-inner\">\n\t\t\t\t<div class=\"elementor-element elementor-element-e29556f elementor-widget elementor-widget-button\" data-id=\"e29556f\" data-element_type=\"widget\" data-e-type=\"widget\" data-widget_type=\"button.default\">\n\t\t\t\t\t\t\t\t\t\t<a class=\"elementor-button elementor-button-link elementor-size-sm\" href=\"https:\/\/szjialu.com\/de\/uber-uns\/\">\n\t\t\t\t\t\t<span class=\"elementor-button-content-wrapper\">\n\t\t\t\t\t\t\t\t\t<span class=\"elementor-button-text\">\u00dcber uns<\/span>\n\t\t\t\t\t<\/span>\n\t\t\t\t\t<\/a>\n\t\t\t\t\t\t\t\t<\/div>\n\t\t\t\t<div class=\"elementor-element elementor-element-2d5d799 elementor-widget elementor-widget-button\" data-id=\"2d5d799\" data-element_type=\"widget\" data-e-type=\"widget\" data-widget_type=\"button.default\">\n\t\t\t\t\t\t\t\t\t\t<a class=\"elementor-button elementor-button-link elementor-size-sm\" href=\"https:\/\/szjialu.com\/de\/zertifikat\/\">\n\t\t\t\t\t\t<span class=\"elementor-button-content-wrapper\">\n\t\t\t\t\t\t\t\t\t<span class=\"elementor-button-text\">Zertifikat<\/span>\n\t\t\t\t\t<\/span>\n\t\t\t\t\t<\/a>\n\t\t\t\t\t\t\t\t<\/div>\n\t\t\t\t<div class=\"elementor-element elementor-element-5a28cce elementor-widget elementor-widget-button\" data-id=\"5a28cce\" data-element_type=\"widget\" data-e-type=\"widget\" data-widget_type=\"button.default\">\n\t\t\t\t\t\t\t\t\t\t<a class=\"elementor-button elementor-button-link elementor-size-sm\" href=\"https:\/\/szjialu.com\/de\/oem-service\/\">\n\t\t\t\t\t\t<span class=\"elementor-button-content-wrapper\">\n\t\t\t\t\t\t\t\t\t<span class=\"elementor-button-text\">OEM-Service<\/span>\n\t\t\t\t\t<\/span>\n\t\t\t\t\t<\/a>\n\t\t\t\t\t\t\t\t<\/div>\n\t\t\t\t<div class=\"elementor-element elementor-element-7f8141d elementor-widget elementor-widget-button\" data-id=\"7f8141d\" data-element_type=\"widget\" data-e-type=\"widget\" data-widget_type=\"button.default\">\n\t\t\t\t\t\t\t\t\t\t<a class=\"elementor-button elementor-button-link elementor-size-sm\" href=\"https:\/\/szjialu.com\/de\/faqs\/\">\n\t\t\t\t\t\t<span class=\"elementor-button-content-wrapper\">\n\t\t\t\t\t\t\t\t\t<span class=\"elementor-button-text\">H\u00e4ufig gestellte Fragen<\/span>\n\t\t\t\t\t<\/span>\n\t\t\t\t\t<\/a>\n\t\t\t\t\t\t\t\t<\/div>\n\t\t\t\t\t<\/div>\n\t\t\t\t<\/div>\n\t\t<div class=\"elementor-element elementor-element-9c69bac e-flex e-con-boxed e-con e-parent\" data-id=\"9c69bac\" data-element_type=\"container\" data-e-type=\"container\">\n\t\t\t\t\t<div class=\"e-con-inner\">\n\t\t\t\t<div class=\"elementor-element elementor-element-60c4224 elementor-widget elementor-widget-text-editor\" data-id=\"60c4224\" data-element_type=\"widget\" data-e-type=\"widget\" data-widget_type=\"text-editor.default\">\n\t\t\t\t\t\t\t\t\t<h2>Unternehmensvorstellung<\/h2>\t\t\t\t\t\t\t\t<\/div>\n\t\t\t\t<div class=\"elementor-element elementor-element-1f8ad4d elementor-widget elementor-widget-text-editor\" data-id=\"1f8ad4d\" data-element_type=\"widget\" data-e-type=\"widget\" data-widget_type=\"text-editor.default\">\n\t\t\t\t\t\t\t\t\t<p>Shenzhen Jialu Technology Co., Ltd. ist ein in Shenzhen ans\u00e4ssiges Unternehmen, das Stromversorgungsprodukte entwickelt, herstellt und exportiert. Das Produktportfolio umfasst Netzadapter, USB- und PD-Ladeger\u00e4te, GaN-Ladeger\u00e4te, Powerbanks sowie kundenspezifische Stromversorgungsl\u00f6sungen (ODM). Das Unternehmen versteht sich als mittelst\u00e4ndischer Hersteller in Shenzhen mit Fokus auf Forschung und Entwicklung, Produktion und weltweiten Vertrieb von Stromversorgungen f\u00fcr Verbraucher und Industrie.<\/p>\t\t\t\t\t\t\t\t<\/div>\n\t\t\t\t<div class=\"elementor-element elementor-element-59d31fd elementor-widget elementor-widget-text-editor\" data-id=\"59d31fd\" data-element_type=\"widget\" data-e-type=\"widget\" data-widget_type=\"text-editor.default\">\n\t\t\t\t\t\t\t\t\t<p>Die Produkte von Jialu werden f\u00fcr eine breite Palette von Endanwendungen entwickelt \u2013 Mobiltelefone und Notebooks, Haushaltsger\u00e4te und K\u00f6rperpflegeger\u00e4te, Audio-\/Video- und Sicherheitsausr\u00fcstung (DVR, IP-Kameras, Smart Home), Batteriesysteme und LED-Anwendungen \u2013 und spiegeln mehr als ein Jahrzehnt Branchenerfahrung in der Bedienung des globalen Marktes f\u00fcr Unterhaltungselektronik wider.<\/p>\t\t\t\t\t\t\t\t<\/div>\n\t\t\t\t<div class=\"elementor-element elementor-element-70e28ff elementor-widget elementor-widget-text-editor\" data-id=\"70e28ff\" data-element_type=\"widget\" data-e-type=\"widget\" data-widget_type=\"text-editor.default\">\n\t\t\t\t\t\t\t\t\t<p>Das Unternehmen legt Wert auf formale Qualit\u00e4ts- und Managementsysteme und hat die Zertifizierungen ISO9001 (Qualit\u00e4tsmanagement), ISO14001 (Umweltmanagement) und BSCI (Business Social Compliance) erhalten; diese Qualifikationen werden als Grundlage f\u00fcr eine gleichbleibende Fertigung und die Erf\u00fcllung der Anforderungen internationaler K\u00e4ufer pr\u00e4sentiert.<\/p>\t\t\t\t\t\t\t\t<\/div>\n\t\t\t\t<div class=\"elementor-element elementor-element-ed47e5f elementor-widget elementor-widget-image\" data-id=\"ed47e5f\" data-element_type=\"widget\" data-e-type=\"widget\" data-widget_type=\"image.default\">\n\t\t\t\t\t\t\t\t\t\t\t\t\t\t\t<img fetchpriority=\"high\" decoding=\"async\" width=\"1620\" height=\"1080\" src=\"https:\/\/szjialu.com\/wp-content\/uploads\/2025\/09\/f43715765463403b3b618c4ebdf8009.jpg\" class=\"attachment-full size-full wp-image-404\" alt=\"\" srcset=\"https:\/\/szjialu.com\/wp-content\/uploads\/2025\/09\/f43715765463403b3b618c4ebdf8009.jpg 1620w, https:\/\/szjialu.com\/wp-content\/uploads\/2025\/09\/f43715765463403b3b618c4ebdf8009-300x200.jpg 300w, https:\/\/szjialu.com\/wp-content\/uploads\/2025\/09\/f43715765463403b3b618c4ebdf8009-1024x683.jpg 1024w, https:\/\/szjialu.com\/wp-content\/uploads\/2025\/09\/f43715765463403b3b618c4ebdf8009-768x512.jpg 768w, https:\/\/szjialu.com\/wp-content\/uploads\/2025\/09\/f43715765463403b3b618c4ebdf8009-1536x1024.jpg 1536w, https:\/\/szjialu.com\/wp-content\/uploads\/2025\/09\/f43715765463403b3b618c4ebdf8009-600x400.jpg 600w, https:\/\/szjialu.com\/wp-content\/uploads\/2025\/09\/f43715765463403b3b618c4ebdf8009-64x43.jpg 64w\" sizes=\"(max-width: 1620px) 100vw, 1620px\" \/>\t\t\t\t\t\t\t\t\t\t\t\t\t\t\t<\/div>\n\t\t\t\t<div class=\"elementor-element elementor-element-219d23e elementor-widget elementor-widget-text-editor\" data-id=\"219d23e\" data-element_type=\"widget\" data-e-type=\"widget\" data-widget_type=\"text-editor.default\">\n\t\t\t\t\t\t\t\t\t<p>Jialu stellt hohe Qualit\u00e4t, wettbewerbsf\u00e4hige Preise, schnelle Reaktionszeiten und partnerschaftliche Zusammenarbeit in den Mittelpunkt seines Kundenversprechens. Das Unternehmen bietet direkte Kontaktinformationen und eine Adresse vor Ort in Shenzhen f\u00fcr Beschaffungs- und OEM\/ODM-Anfragen und signalisiert damit seine Bereitschaft, ausl\u00e4ndischen Kunden und Marken schl\u00fcsselfertige Produkte und kundenspezifische Anpassungen anzubieten.<\/p>\t\t\t\t\t\t\t\t<\/div>\n\t\t\t\t<div class=\"elementor-element elementor-element-ba34b09 elementor-widget elementor-widget-image\" data-id=\"ba34b09\" data-element_type=\"widget\" data-e-type=\"widget\" data-widget_type=\"image.default\">\n\t\t\t\t\t\t\t\t\t\t\t\t\t\t\t<img decoding=\"async\" width=\"2560\" height=\"1708\" src=\"https:\/\/szjialu.com\/wp-content\/uploads\/2025\/09\/\u7814\u53d1\u6d4b\u8bd5-scaled.jpg\" class=\"attachment-full size-full wp-image-414\" alt=\"Jialu-Technologie\" srcset=\"https:\/\/szjialu.com\/wp-content\/uploads\/2025\/09\/\u7814\u53d1\u6d4b\u8bd5-scaled.jpg 2560w, https:\/\/szjialu.com\/wp-content\/uploads\/2025\/09\/\u7814\u53d1\u6d4b\u8bd5-300x200.jpg 300w, https:\/\/szjialu.com\/wp-content\/uploads\/2025\/09\/\u7814\u53d1\u6d4b\u8bd5-1024x683.jpg 1024w, https:\/\/szjialu.com\/wp-content\/uploads\/2025\/09\/\u7814\u53d1\u6d4b\u8bd5-768x512.jpg 768w, https:\/\/szjialu.com\/wp-content\/uploads\/2025\/09\/\u7814\u53d1\u6d4b\u8bd5-1536x1025.jpg 1536w, https:\/\/szjialu.com\/wp-content\/uploads\/2025\/09\/\u7814\u53d1\u6d4b\u8bd5-2048x1366.jpg 2048w, https:\/\/szjialu.com\/wp-content\/uploads\/2025\/09\/\u7814\u53d1\u6d4b\u8bd5-600x400.jpg 600w, https:\/\/szjialu.com\/wp-content\/uploads\/2025\/09\/\u7814\u53d1\u6d4b\u8bd5-64x43.jpg 64w\" sizes=\"(max-width: 2560px) 100vw, 2560px\" \/>\t\t\t\t\t\t\t\t\t\t\t\t\t\t\t<\/div>\n\t\t\t\t<div class=\"elementor-element elementor-element-12eabba elementor-widget elementor-widget-text-editor\" data-id=\"12eabba\" data-element_type=\"widget\" data-e-type=\"widget\" data-widget_type=\"text-editor.default\">\n\t\t\t\t\t\t\t\t\t<h2>Vision und Mission<\/h2>\t\t\t\t\t\t\t\t<\/div>\n\t\t\t\t<div class=\"elementor-element elementor-element-a1dc613 elementor-widget elementor-widget-text-editor\" data-id=\"a1dc613\" data-element_type=\"widget\" data-e-type=\"widget\" data-widget_type=\"text-editor.default\">\n\t\t\t\t\t\t\t\t\t<h3>Mission<\/h3>\n<p>Jialus erkl\u00e4rtes Ziel ist es, Kunden weltweit hochwertige Schaltnetzteile und zugeh\u00f6rige Produkte anzubieten und dabei durch wettbewerbsf\u00e4hige Preise, zuverl\u00e4ssige Lieferung und partnerschaftlichen Service einen Mehrwert f\u00fcr alle Beteiligten zu schaffen. Dieses Ziel untermauert die Positionierung als OEM\/ODM-Anbieter und den Exportfokus des Unternehmens.<\/p>\n<h3>Vision<\/h3>\n<p>Im Unternehmensprofil ist implizit die Vision enthalten, ein vertrauensw\u00fcrdiger Fertigungspartner in der globalen Lieferkette der Unterhaltungselektronik zu sein \u2013 und Anwendungen von Mobilger\u00e4ten bis hin zu Smart-Home- und Sicherheitssystemen zu unterst\u00fctzen \u2013 indem ein breites Produktsortiment mit zertifizierter Qualit\u00e4t und Umweltmanagement kombiniert wird.<\/p>\t\t\t\t\t\t\t\t<\/div>\n\t\t\t\t<div class=\"elementor-element elementor-element-a5669d5 elementor-widget elementor-widget-text-editor\" data-id=\"a5669d5\" data-element_type=\"widget\" data-e-type=\"widget\" data-widget_type=\"text-editor.default\">\n\t\t\t\t\t\t\t\t\t<h2>Kernwerte und Verhaltensweisen<\/h2>\t\t\t\t\t\t\t\t<\/div>\n\t\t\t\t<div class=\"elementor-element elementor-element-72f9230 elementor-widget elementor-widget-text-editor\" data-id=\"72f9230\" data-element_type=\"widget\" data-e-type=\"widget\" data-widget_type=\"text-editor.default\">\n\t\t\t\t\t\t\t\t\t<h3 data-start=\"2686\" data-end=\"2708\">Qualit\u00e4t an erster Stelle<\/h3>\n<p data-start=\"2709\" data-end=\"2998\">Das Unternehmen hebt die ISO-9001-Zertifizierung hervor und unterstreicht damit, dass Produkt- und Prozessqualit\u00e4t zu den Kernwerten des Unternehmens geh\u00f6ren und durch formale Managementsysteme gest\u00e4rkt werden. Jialu setzt auf einheitliche Fertigungspraktiken und Zertifizierungen als Zeichen der Zuverl\u00e4ssigkeit f\u00fcr die K\u00e4ufer.<\/p>\n<h3 data-start=\"3000\" data-end=\"3036\">Verantwortung &amp; Einhaltung<\/h3>\n<p data-start=\"3037\" data-end=\"3321\">Die Zertifizierungen nach ISO14001 und BSCI spiegeln den Fokus der Organisation auf Umweltverantwortung und soziale Verantwortung wider \u2013 wichtige Verhaltensweisen f\u00fcr Partner und internationale Kunden, denen die Nachhaltigkeit der Lieferkette und die Einhaltung von Arbeitsstandards am Herzen liegen.<\/p>\n<h3 data-start=\"3323\" data-end=\"3351\">Kundenorientierung<\/h3>\n<p data-start=\"3352\" data-end=\"3602\">Formulierungen wie \u201cschnelle Reaktionszeit\u201d und \u201cWin-Win-Situationen f\u00fcr unsere Kunden schaffen\u201d deuten auf eine kundenorientierte Kultur hin, die Reaktionsf\u00e4higkeit, flexible OEM\/ODM-Zusammenarbeit und langfristige Gesch\u00e4ftsbeziehungen in den Vordergrund stellt.<\/p>\t\t\t\t\t\t\t\t<\/div>\n\t\t\t\t\t<\/div>\n\t\t\t\t<\/div>\n\t\t\t\t<\/div>","protected":false},"excerpt":{"rendered":"<p>About Us Certificate Oem Service FAQS Company Introduction Shenzhen Jialu Technology Co., Ltd. is a Shenzhen-based designer, manufacturer and exporter [&hellip;]<\/p>\n","protected":false},"author":1,"featured_media":0,"parent":0,"menu_order":0,"comment_status":"closed","ping_status":"closed","template":"","meta":{"_acf_changed":false,"site-sidebar-layout":"no-sidebar","site-content-layout":"","ast-site-content-layout":"full-width-container","site-content-style":"default","site-sidebar-style":"default","ast-global-header-display":"","ast-banner-title-visibility":"","ast-main-header-display":"","ast-hfb-above-header-display":"","ast-hfb-below-header-display":"","ast-hfb-mobile-header-display":"","site-post-title":"disabled","ast-breadcrumbs-content":"","ast-featured-img":"disabled","footer-sml-layout":"","ast-disable-related-posts":"","theme-transparent-header-meta":"","adv-header-id-meta":"","stick-header-meta":"","header-above-stick-meta":"","header-main-stick-meta":"","header-below-stick-meta":"","astra-migrate-meta-layouts":"default","ast-page-background-enabled":"default","ast-page-background-meta":{"desktop":{"background-color":"var(--ast-global-color-5)","background-image":"","background-repeat":"repeat","background-position":"center center","background-size":"auto","background-attachment":"scroll","background-type":"","background-media":"","overlay-type":"","overlay-color":"","overlay-opacity":"","overlay-gradient":""},"tablet":{"background-color":"","background-image":"","background-repeat":"repeat","background-position":"center center","background-size":"auto","background-attachment":"scroll","background-type":"","background-media":"","overlay-type":"","overlay-color":"","overlay-opacity":"","overlay-gradient":""},"mobile":{"background-color":"","background-image":"","background-repeat":"repeat","background-position":"center center","background-size":"auto","background-attachment":"scroll","background-type":"","background-media":"","overlay-type":"","overlay-color":"","overlay-opacity":"","overlay-gradient":""}},"ast-content-background-meta":{"desktop":{"background-color":"var(--ast-global-color-4)","background-image":"","background-repeat":"repeat","background-position":"center center","background-size":"auto","background-attachment":"scroll","background-type":"","background-media":"","overlay-type":"","overlay-color":"","overlay-opacity":"","overlay-gradient":""},"tablet":{"background-color":"var(--ast-global-color-4)","background-image":"","background-repeat":"repeat","background-position":"center center","background-size":"auto","background-attachment":"scroll","background-type":"","background-media":"","overlay-type":"","overlay-color":"","overlay-opacity":"","overlay-gradient":""},"mobile":{"background-color":"var(--ast-global-color-4)","background-image":"","background-repeat":"repeat","background-position":"center center","background-size":"auto","background-attachment":"scroll","background-type":"","background-media":"","overlay-type":"","overlay-color":"","overlay-opacity":"","overlay-gradient":""}},"footnotes":""},"class_list":["post-116","page","type-page","status-publish","hentry"],"acf":[],"_links":{"self":[{"href":"https:\/\/szjialu.com\/de\/wp-json\/wp\/v2\/pages\/116","targetHints":{"allow":["GET"]}}],"collection":[{"href":"https:\/\/szjialu.com\/de\/wp-json\/wp\/v2\/pages"}],"about":[{"href":"https:\/\/szjialu.com\/de\/wp-json\/wp\/v2\/types\/page"}],"author":[{"embeddable":true,"href":"https:\/\/szjialu.com\/de\/wp-json\/wp\/v2\/users\/1"}],"replies":[{"embeddable":true,"href":"https:\/\/szjialu.com\/de\/wp-json\/wp\/v2\/comments?post=116"}],"version-history":[{"count":21,"href":"https:\/\/szjialu.com\/de\/wp-json\/wp\/v2\/pages\/116\/revisions"}],"predecessor-version":[{"id":1660,"href":"https:\/\/szjialu.com\/de\/wp-json\/wp\/v2\/pages\/116\/revisions\/1660"}],"wp:attachment":[{"href":"https:\/\/szjialu.com\/de\/wp-json\/wp\/v2\/media?parent=116"}],"curies":[{"name":"wp","href":"https:\/\/api.w.org\/{rel}","templated":true}]}}